{"id":10,"date":"2023-11-06T11:35:02","date_gmt":"2023-11-06T11:35:02","guid":{"rendered":"https:\/\/mybody5.ee.mybody.ee\/proov\/transport\/"},"modified":"2023-11-06T11:35:02","modified_gmt":"2023-11-06T11:35:02","slug":"transport","status":"publish","type":"page","link":"https:\/\/mybody5.ee.mybody.ee\/proov\/transport\/","title":{"rendered":"Transport"},"content":{"rendered":"<p style=\"\">Hea MYBODY klient!<\/p>\n<p style=\"\">1. Transpordi liigid<\/p>\n<p style=\"margin-left: 40px;\"><span style=\"line-height: 1.6em;\">1.1. Smartpost. Smartposti automaatide asukohtasid saate vaadata siit:&nbsp;<\/span><a data-cke-saved-href=\"http:\/\/uus.smartpost.ee\/pakiautomaatide-asukohad\" href=\"http:\/\/uus.smartpost.ee\/pakiautomaatide-asukohad\" style=\"line-height: 1.6em;\">http:\/\/uus.smartpost.ee\/pakiautomaatide-asukohad<\/a><span style=\"line-height: 1.6em;\">. Sisestage ka automaat(automaat sisesta kommentaaride lahtrisse), kuhu pakk peaks minema. Veendu, et su telefoninumber on \u00f5ige, sest sinna saadetakse Sulle SMS kapi koodiga.<\/span><br \/><span style=\"line-height: 1.6em;\">1.2. Omniva (Post24). Omniva automaatide asukohtasid saate vaadata siit:&nbsp;<\/span><a data-cke-saved-href=\"https:\/\/www.omniva.ee\/kaart\" href=\"https:\/\/www.omniva.ee\/kaart\" style=\"line-height: 1.6em;\">https:\/\/www.omniva.ee\/kaart<\/a><span style=\"line-height: 1.6em;\">. Sisestage ka automaat(automaat sisesta kommentaaride lahtrisse), kuhu pakk peaks minema. Veendu, et su telefoninumber on \u00f5ige, sest sinna saadetakse Sulle SMS kapi koodiga.<\/span><br \/><span style=\"line-height: 1.6em;\">1.3. Eesti post ELS kuller. Saadetis viiakse kohale j\u00e4rgmisel t\u00f6\u00f6p\u00e4eval vahemikus kell 8.00\u201317.00 igas Eesti piirkonnas. Juhul, kui Teid pole kohaletoimetamishetkel m\u00e4rgitud aadressil, j\u00e4tab ELS sellest Teie postkasti teatise ning seej\u00e4rel peate juba ise pakile j\u00e4rgi minema l\u00e4himasse (elukohaj\u00e4rgsesse) postkontorisse.<\/span><\/p>\n<p style=\"\">2.&nbsp;Transpordi hinnad<\/p>\n<p style=\"margin-left: 40px;\"><span style=\"line-height: 1.6em;\">2.1. Transpordi hinnad kuvatakse ostu tegemisel kassas:&nbsp;<\/span><a data-cke-saved-href=\"https:\/\/pood.mybody.ee\/kassa\" href=\"https:\/\/pood.mybody.ee\/kassa\" style=\"line-height: 1.6em;\">http:\/\/pood.mybody.ee\/kassa<\/a><span style=\"line-height: 1.6em;\">.<\/span><br \/><span style=\"line-height: 1.6em;\">2.2. Transpordi hinnad<\/span><\/p>\n<p style=\"margin-left: 80px;\"><span style=\"line-height: 1.6em;\">2.2.1.&nbsp;Tulete kaubale poodi ise j\u00e4rele 0\u20ac (Tallinn Tondi 84, Audentese Spordikeskuses).<\/span><br \/><span style=\"line-height: 1.6em;\">2.2.2. Smartpost 3,35\u20ac.<\/span><br \/><span style=\"line-height: 1.6em;\">2.2.3.&nbsp;Omniva pakiautomaat&nbsp;3,35\u20ac.<\/span><br \/><span style=\"line-height: 1.6em;\">2.2.4. Omniva&nbsp;kuller 4,45\u20ac.<\/span><\/p>\n<p style=\"margin-left: 80px;\"><span style=\"line-height: 1.6em;\">2.2.5 DPD kuller 2,35<\/span><\/p>\n<p style=\"margin-left: 40px;\">2.3. Transport on tasuta kui tellimus \u00fcletab 50\u20ac.<\/p>\n<p style=\"\">3. Tarneaeg<\/p>\n<p style=\"margin-left: 40px;\"><span style=\"line-height: 1.6em;\">3.1.&nbsp;Kaup tuleb kohale 2 t\u00f6\u00f6p\u00e4eva jooksul p\u00e4rast tellimuse eest tasumist. Erandjuhtumite korral (toodet ei ole hetkel ei v\u00f5i ole n\u00e4iteks kinda suurust m\u00e4rgitud) teatatakse teile v\u00f5imalikest muudatustest\/viivitustest.<\/span><br \/><span style=\"line-height: 1.6em;\">3.2. Olenevalt tellimise ajast edastatakse tellimus transpordi firmale samas t\u00f6\u00f6p\u00e4eval, kui tellimus on tehtud enne kella 17:00. Kui tellimus on tehtud peale 17:00, siis edastatakse tellimus transpordi firmale j\u00e4rgmisel t\u00f6\u00f6p\u00e4eval. Seda juhul kui toode on kohapeal olemas.<\/span><br \/><span style=\"line-height: 1.6em;\">3.3. Toote laoseisu n\u00e4ete toote vaates \u201cSaadavus\u201d v\u00e4lja all.<\/span><br \/><span style=\"line-height: 1.6em;\">3.4. Laoseisu uuendatakse igal t\u00e4istunnil.<\/span><\/p>\n<p style=\"\">Drive In MYBODY poodi<br \/>Teil on v\u00f5imalik tulla ostetud kaubale j\u00e4rele MYBODY Audentese poodi &nbsp;aadressil Tondi 84, Tallinn.&nbsp;<\/p>\n<p style=\"\">Meeldivaid ja mugavaid oste soovides,<br \/><span style=\"line-height: 1.6em;\">MYBODY.ee<\/span><br \/><span style=\"line-height: 1.6em;\">MYBODY Audentese,<\/span><br \/><span style=\"line-height: 1.6em;\">Tondi 84, Audentese Spordikeskuses.<\/span><br \/><span style=\"line-height: 1.6em;\">info@mybody.ee<\/span><br \/><span style=\"line-height: 1.6em;\">+372 56 458 688<\/span><\/p>\n","protected":false},"excerpt":{"rendered":"<p>Hea MYBODY klient! 1. Transpordi liigid 1.1. Smartpost. Smartposti automaatide asukohtasid saate vaadata siit:&nbsp;http:\/\/uus.smartpost.ee\/pakiautomaatide-asukohad. Sisestage ka automaat(automaat sisesta kommentaaride lahtrisse), kuhu pakk peaks minema. Veendu, et su telefoninumber on \u00f5ige, sest sinna saadetakse Sulle SMS kapi koodiga.1.2. Omniva (Post24). Omniva automaatide asukohtasid saate vaadata siit:&nbsp;https:\/\/www.omniva.ee\/kaart. Sisestage ka automaat(automaat sisesta kommentaaride lahtrisse), kuhu pakk peaks minema. [&hellip;]<\/p>\n","protected":false},"author":1,"featured_media":0,"parent":0,"menu_order":2,"comment_status":"closed","ping_status":"closed","template":"","meta":{"inline_featured_image":false,"footnotes":""},"class_list":["post-10","page","type-page","status-publish","hentry"],"yoast_head":"<!-- This site is optimized with the Yoast SEO plugin v27.3 - https:\/\/yoast.com\/product\/yoast-seo-wordpress\/ -->\n<title>Transport - supplero<\/title>\n<meta name=\"robots\" content=\"index, follow, max-snippet:-1, max-image-preview:large, max-video-preview:-1\" \/>\n<link rel=\"canonical\" href=\"https:\/\/mybody5.ee.mybody.ee\/proov\/transport\/\" \/>\n<meta property=\"og:locale\" content=\"et_EE\" \/>\n<meta property=\"og:type\" content=\"article\" \/>\n<meta property=\"og:title\" content=\"Transport - supplero\" \/>\n<meta property=\"og:description\" content=\"Hea MYBODY klient! 1. Transpordi liigid 1.1. Smartpost. Smartposti automaatide asukohtasid saate vaadata siit:&nbsp;http:\/\/uus.smartpost.ee\/pakiautomaatide-asukohad. Sisestage ka automaat(automaat sisesta kommentaaride lahtrisse), kuhu pakk peaks minema. Veendu, et su telefoninumber on \u00f5ige, sest sinna saadetakse Sulle SMS kapi koodiga.1.2. Omniva (Post24). Omniva automaatide asukohtasid saate vaadata siit:&nbsp;https:\/\/www.omniva.ee\/kaart. Sisestage ka automaat(automaat sisesta kommentaaride lahtrisse), kuhu pakk peaks minema. [&hellip;]\" \/>\n<meta property=\"og:url\" content=\"https:\/\/mybody5.ee.mybody.ee\/proov\/transport\/\" \/>\n<meta property=\"og:site_name\" content=\"supplero\" \/>\n<meta property=\"article:publisher\" content=\"https:\/\/facebook.com\/MyBody.ee\/\" \/>\n<meta property=\"og:image\" content=\"https:\/\/mybody5.ee.mybody.ee\/proov\/wp-content\/uploads\/2023\/11\/mybody_logo_h65.png\" \/>\n\t<meta property=\"og:image:width\" content=\"229\" \/>\n\t<meta property=\"og:image:height\" content=\"65\" \/>\n\t<meta property=\"og:image:type\" content=\"image\/png\" \/>\n<meta name=\"twitter:card\" content=\"summary_large_image\" \/>\n<meta name=\"twitter:label1\" content=\"Est. reading time\" \/>\n\t<meta name=\"twitter:data1\" content=\"1 minut\" \/>\n<script type=\"application\/ld+json\" class=\"yoast-schema-graph\">{\"@context\":\"https:\\\/\\\/schema.org\",\"@graph\":[{\"@type\":\"WebPage\",\"@id\":\"https:\\\/\\\/mybody5.ee.mybody.ee\\\/proov\\\/transport\\\/\",\"url\":\"https:\\\/\\\/mybody5.ee.mybody.ee\\\/proov\\\/transport\\\/\",\"name\":\"Transport - supplero\",\"isPartOf\":{\"@id\":\"https:\\\/\\\/mybody5.ee.mybody.ee\\\/proov\\\/#website\"},\"datePublished\":\"2023-11-06T11:35:02+00:00\",\"breadcrumb\":{\"@id\":\"https:\\\/\\\/mybody5.ee.mybody.ee\\\/proov\\\/transport\\\/#breadcrumb\"},\"inLanguage\":\"et\",\"potentialAction\":[{\"@type\":\"ReadAction\",\"target\":[\"https:\\\/\\\/mybody5.ee.mybody.ee\\\/proov\\\/transport\\\/\"]}]},{\"@type\":\"BreadcrumbList\",\"@id\":\"https:\\\/\\\/mybody5.ee.mybody.ee\\\/proov\\\/transport\\\/#breadcrumb\",\"itemListElement\":[{\"@type\":\"ListItem\",\"position\":1,\"name\":\"Home\",\"item\":\"https:\\\/\\\/mybody5.ee.mybody.ee\\\/proov\\\/\"},{\"@type\":\"ListItem\",\"position\":2,\"name\":\"Transport\"}]},{\"@type\":\"WebSite\",\"@id\":\"https:\\\/\\\/mybody5.ee.mybody.ee\\\/proov\\\/#website\",\"url\":\"https:\\\/\\\/mybody5.ee.mybody.ee\\\/proov\\\/\",\"name\":\"MyBody.ee - Toidulisandid ja sporditarvikud\",\"description\":\"Just another WordPress site\",\"publisher\":{\"@id\":\"https:\\\/\\\/mybody5.ee.mybody.ee\\\/proov\\\/#organization\"},\"potentialAction\":[{\"@type\":\"SearchAction\",\"target\":{\"@type\":\"EntryPoint\",\"urlTemplate\":\"https:\\\/\\\/mybody5.ee.mybody.ee\\\/proov\\\/?s={search_term_string}\"},\"query-input\":{\"@type\":\"PropertyValueSpecification\",\"valueRequired\":true,\"valueName\":\"search_term_string\"}}],\"inLanguage\":\"et\"},{\"@type\":\"Organization\",\"@id\":\"https:\\\/\\\/mybody5.ee.mybody.ee\\\/proov\\\/#organization\",\"name\":\"MyBody.ee\",\"url\":\"https:\\\/\\\/mybody5.ee.mybody.ee\\\/proov\\\/\",\"logo\":{\"@type\":\"ImageObject\",\"inLanguage\":\"et\",\"@id\":\"https:\\\/\\\/mybody5.ee.mybody.ee\\\/proov\\\/#\\\/schema\\\/logo\\\/image\\\/\",\"url\":\"https:\\\/\\\/mybody5.ee.mybody.ee\\\/proov\\\/wp-content\\\/uploads\\\/2023\\\/11\\\/mybody_logo_h65-2.png\",\"contentUrl\":\"https:\\\/\\\/mybody5.ee.mybody.ee\\\/proov\\\/wp-content\\\/uploads\\\/2023\\\/11\\\/mybody_logo_h65-2.png\",\"width\":229,\"height\":65,\"caption\":\"MyBody.ee\"},\"image\":{\"@id\":\"https:\\\/\\\/mybody5.ee.mybody.ee\\\/proov\\\/#\\\/schema\\\/logo\\\/image\\\/\"},\"sameAs\":[\"https:\\\/\\\/facebook.com\\\/MyBody.ee\\\/\"]}]}<\/script>\n<!-- \/ Yoast SEO plugin. -->","yoast_head_json":{"title":"Transport - supplero","robots":{"index":"index","follow":"follow","max-snippet":"max-snippet:-1","max-image-preview":"max-image-preview:large","max-video-preview":"max-video-preview:-1"},"canonical":"https:\/\/mybody5.ee.mybody.ee\/proov\/transport\/","og_locale":"et_EE","og_type":"article","og_title":"Transport - supplero","og_description":"Hea MYBODY klient! 1. Transpordi liigid 1.1. Smartpost. Smartposti automaatide asukohtasid saate vaadata siit:&nbsp;http:\/\/uus.smartpost.ee\/pakiautomaatide-asukohad. Sisestage ka automaat(automaat sisesta kommentaaride lahtrisse), kuhu pakk peaks minema. Veendu, et su telefoninumber on \u00f5ige, sest sinna saadetakse Sulle SMS kapi koodiga.1.2. Omniva (Post24). Omniva automaatide asukohtasid saate vaadata siit:&nbsp;https:\/\/www.omniva.ee\/kaart. Sisestage ka automaat(automaat sisesta kommentaaride lahtrisse), kuhu pakk peaks minema. [&hellip;]","og_url":"https:\/\/mybody5.ee.mybody.ee\/proov\/transport\/","og_site_name":"supplero","article_publisher":"https:\/\/facebook.com\/MyBody.ee\/","og_image":[{"width":229,"height":65,"url":"https:\/\/mybody5.ee.mybody.ee\/proov\/wp-content\/uploads\/2023\/11\/mybody_logo_h65.png","type":"image\/png"}],"twitter_card":"summary_large_image","twitter_misc":{"Est. reading time":"1 minut"},"schema":{"@context":"https:\/\/schema.org","@graph":[{"@type":"WebPage","@id":"https:\/\/mybody5.ee.mybody.ee\/proov\/transport\/","url":"https:\/\/mybody5.ee.mybody.ee\/proov\/transport\/","name":"Transport - supplero","isPartOf":{"@id":"https:\/\/mybody5.ee.mybody.ee\/proov\/#website"},"datePublished":"2023-11-06T11:35:02+00:00","breadcrumb":{"@id":"https:\/\/mybody5.ee.mybody.ee\/proov\/transport\/#breadcrumb"},"inLanguage":"et","potentialAction":[{"@type":"ReadAction","target":["https:\/\/mybody5.ee.mybody.ee\/proov\/transport\/"]}]},{"@type":"BreadcrumbList","@id":"https:\/\/mybody5.ee.mybody.ee\/proov\/transport\/#breadcrumb","itemListElement":[{"@type":"ListItem","position":1,"name":"Home","item":"https:\/\/mybody5.ee.mybody.ee\/proov\/"},{"@type":"ListItem","position":2,"name":"Transport"}]},{"@type":"WebSite","@id":"https:\/\/mybody5.ee.mybody.ee\/proov\/#website","url":"https:\/\/mybody5.ee.mybody.ee\/proov\/","name":"MyBody.ee - Toidulisandid ja sporditarvikud","description":"Just another WordPress site","publisher":{"@id":"https:\/\/mybody5.ee.mybody.ee\/proov\/#organization"},"potentialAction":[{"@type":"SearchAction","target":{"@type":"EntryPoint","urlTemplate":"https:\/\/mybody5.ee.mybody.ee\/proov\/?s={search_term_string}"},"query-input":{"@type":"PropertyValueSpecification","valueRequired":true,"valueName":"search_term_string"}}],"inLanguage":"et"},{"@type":"Organization","@id":"https:\/\/mybody5.ee.mybody.ee\/proov\/#organization","name":"MyBody.ee","url":"https:\/\/mybody5.ee.mybody.ee\/proov\/","logo":{"@type":"ImageObject","inLanguage":"et","@id":"https:\/\/mybody5.ee.mybody.ee\/proov\/#\/schema\/logo\/image\/","url":"https:\/\/mybody5.ee.mybody.ee\/proov\/wp-content\/uploads\/2023\/11\/mybody_logo_h65-2.png","contentUrl":"https:\/\/mybody5.ee.mybody.ee\/proov\/wp-content\/uploads\/2023\/11\/mybody_logo_h65-2.png","width":229,"height":65,"caption":"MyBody.ee"},"image":{"@id":"https:\/\/mybody5.ee.mybody.ee\/proov\/#\/schema\/logo\/image\/"},"sameAs":["https:\/\/facebook.com\/MyBody.ee\/"]}]}},"_links":{"self":[{"href":"https:\/\/mybody5.ee.mybody.ee\/proov\/wp-json\/wp\/v2\/pages\/10","targetHints":{"allow":["GET"]}}],"collection":[{"href":"https:\/\/mybody5.ee.mybody.ee\/proov\/wp-json\/wp\/v2\/pages"}],"about":[{"href":"https:\/\/mybody5.ee.mybody.ee\/proov\/wp-json\/wp\/v2\/types\/page"}],"author":[{"embeddable":true,"href":"https:\/\/mybody5.ee.mybody.ee\/proov\/wp-json\/wp\/v2\/users\/1"}],"replies":[{"embeddable":true,"href":"https:\/\/mybody5.ee.mybody.ee\/proov\/wp-json\/wp\/v2\/comments?post=10"}],"version-history":[{"count":0,"href":"https:\/\/mybody5.ee.mybody.ee\/proov\/wp-json\/wp\/v2\/pages\/10\/revisions"}],"wp:attachment":[{"href":"https:\/\/mybody5.ee.mybody.ee\/proov\/wp-json\/wp\/v2\/media?parent=10"}],"curies":[{"name":"wp","href":"https:\/\/api.w.org\/{rel}","templated":true}]}}