{"id":7,"date":"2023-11-06T11:35:02","date_gmt":"2023-11-06T11:35:02","guid":{"rendered":"https:\/\/mybody5.ee.mybody.ee\/proov\/tellimisjuhend\/"},"modified":"2023-11-06T11:35:02","modified_gmt":"2023-11-06T11:35:02","slug":"tellimisjuhend","status":"publish","type":"page","link":"https:\/\/mybody5.ee.mybody.ee\/proov\/tellimisjuhend\/","title":{"rendered":"Tellimisjuhend"},"content":{"rendered":"<p><span style=\"font-size: 12px;\">MAKSMINE<\/span><\/p>\n<div><span style=\"background-color: rgb(255, 255, 255);\"><font face=\"Times New Roman\"><br \/><\/font><\/span><\/div>\n<div><span style=\"font-size: 14px; background-color: rgb(255, 255, 255);\"><font face=\"Times New Roman\">Ettemaks (Pangalink ja Arve)<\/font><\/span><\/div>\n<div><span style=\"background-color: rgb(255, 255, 255);\"><font face=\"Times New Roman\"><br \/><\/font><\/span><\/div>\n<div><span style=\"font-size: 14px; background-color: rgb(255, 255, 255);\"><font face=\"Times New Roman\">Meie poes on v\u00f5imalik maksta hetkel Swedbanki, LHV ja SEB panga pangalinkide abil. See on kiireim, turvalisim ja mugavaim viis kaupade eest tasumiseks!<\/font><\/span><\/div>\n<div><span style=\"background-color: rgb(255, 255, 255);\"><font face=\"Times New Roman\"><br \/><\/font><\/span><\/div>\n<div><span style=\"background-color: rgb(255, 255, 255);\"><font face=\"Times New Roman\"><span style=\"font-size: 14px;\">Kaupade eest tasumisel ettemaksuna palume enne saadetise laost v\u00e4ljastamist kauba eest tasuda. Saate seda teha pangalingi kaudu v\u00f5i <\/span><span style=\"font-size: 14px;\">valides makseviisiks ettemaksuarve.&nbsp;Juhul, kui valite makseviisiks ettemaksuarve, siis tellimuse t\u00e4psed andmed (summa, tellimuse nr) saadetakse peale tellimuse kinnitamist teie e-mailile. Arve eest saate tasuda pangakontoris v\u00f5i internetipangas. <\/span><\/font><\/span><\/div>\n<div><span style=\"background-color: rgb(255, 255, 255);\"><font face=\"Times New Roman\"><span style=\"font-size: 14px;\">Maksekorraldusse m\u00e4rkige saajaks&nbsp;MYBODY O\u00dc ja selgitusse tellimuse number, kasutades enda valikul j\u00e4rgnevaid arveldusarve numbreid:<\/span><\/font><\/span><\/div>\n<\/p>\n<p><ul><\/ul>\n<\/p>\n<p style=\"outline: 0px; margin-bottom: 10px; caret-color: rgb(76, 76, 76); font-size: 14px;\"><span style=\"background-color: rgb(255, 255, 255);\"><font face=\"Times New Roman\"><span style=\"font-size: 14px;\">a\/a EE727700771002096396 LHV Pank<\/span><br style=\"outline: 0px;\"><span style=\"font-size: 14px;\">a\/a EE762200221054303260 Swedbank<\/span><br style=\"outline: 0px;\"><span style=\"font-size: 14px;\">a\/a EE551010220203431220 SEB Pank<\/span><br style=\"outline: 0px;\"><span style=\"font-size: 14px;\">a\/a EE371700017002980218 Nordea Pank<\/span><br style=\"outline: 0px;\"><br style=\"outline: 0px;\"><span style=\"font-size: 14px;\">\u00dclekannet tehes m\u00e4rkige selgitusse tellimuse number.<\/span><\/font><\/span><\/p>\n<p style=\"outline: 0px; margin-bottom: 10px; caret-color: rgb(76, 76, 76); font-size: 14px;\"><span style=\"font-family: &quot;Times New Roman&quot;;\">Teie tellimus pannakse teele peale makse laekumist&nbsp;<\/span><\/p>\n<div><\/div>\n<div><span style=\"font-size: 14px; background-color: rgb(255, 255, 255);\"><font face=\"Times New Roman\">TOODETE TRANSPORT<\/font><\/span><\/div>\n<div><span style=\"background-color: rgb(255, 255, 255);\"><font face=\"Times New Roman\"><br \/><\/font><\/span><\/div>\n<div><span style=\"font-size: 14px; background-color: rgb(255, 255, 255);\"><font face=\"Times New Roman\">Mybody.ee internetipoest ostetud tooted saadetakse teieni ELS Eesti Posti kullerteenusega, Omniva pakkeautomaati, DPD pakkeautomaati Smartposti teel.<\/font><\/span><\/div>\n<div><span style=\"background-color: rgb(255, 255, 255);\"><font face=\"Times New Roman\"><br \/><\/font><\/span><\/div>\n<div><span style=\"font-size: 14px; background-color: rgb(255, 255, 255);\"><font face=\"Times New Roman\">NB! Kui kulleril ei ole v\u00f5imalik pakki \u00fcle anda (adressaat ei ole k\u00e4ttesaadav), viiakse pakk l\u00e4himasse postkontorisse. Sealt saadetakse vastav kiri ja pakk tuleb tellijal ise \u00e4ra tuua. Postisaadetise saabumise teade edastatakse saaja postkasti hiljemalt j\u00e4rgmisel t\u00f6\u00f6p\u00e4eval.<\/font><\/span><\/div>\n<div><span style=\"background-color: rgb(255, 255, 255);\"><font face=\"Times New Roman\"><br \/><\/font><\/span><\/div>\n<div><span style=\"font-size: 14px; background-color: rgb(255, 255, 255);\"><font face=\"Times New Roman\">Toodetele on v\u00f5imalik j\u00e4rgi tulla ka Mybody.ee kauplusesse aadressil Tondi 84, Tallinn. Asume Tondil, Audentese Spordikeskuse fuajees. Sisene peauksest ja sa leiad meid kohe! Kui soovid kaubale ise j\u00e4rgi tulla, m\u00e4rgi transpordiviisiks &#8220;tulen ise j\u00e4rele&#8221;.<\/font><\/span><\/div>\n<div><span style=\"background-color: rgb(255, 255, 255);\"><font face=\"Times New Roman\"><br \/><\/font><\/span><\/div>\n<div><span style=\"background-color: rgb(255, 255, 255);\"><font face=\"Times New Roman\"><span style=\"font-size: 14px;\">Tarnetingimuste kohta loe l\u00e4hemalt&nbsp;<\/span><a data-cke-saved-href=\"http:\/\/mybody.ee\/index.php?route=information\/information&amp;information_id=6\" href=\"http:\/\/mybody.ee\/index.php?route=information\/information&amp;information_id=6\" style=\"\"><span style=\"font-size: 14px;\">SIIN<\/span><\/a><\/font><\/span><\/div>\n<div><span style=\"background-color: rgb(255, 255, 255);\"><font face=\"Times New Roman\"><br \/><\/font><\/span><\/div>\n<div><span style=\"background-color: rgb(255, 255, 255);\"><font face=\"Times New Roman\"><br \/><\/font><\/span><\/div>\n<div><span style=\"font-size: 14px; background-color: rgb(255, 255, 255);\"><font face=\"Times New Roman\">TOODETE KOMPLEKTEERIMINE JA V\u00c4LJASTAMINE<\/font><\/span><\/div>\n<div><span style=\"background-color: rgb(255, 255, 255);\"><font face=\"Times New Roman\"><br \/><\/font><\/span><\/div>\n<div><span style=\"font-size: 14px; background-color: rgb(255, 255, 255);\"><font face=\"Times New Roman\">K\u00f5ik esitatud tellimused l\u00e4hevad peale arve tasumist komplekteerimisele. Komplekteerimise k\u00e4igus kontrollitakse, kas toode on laos olemas. &nbsp;Kui toode on laos olemas, siis toode pakendatakse, adresseeritakse ning v\u00e4ljastatakse laost. Veebipoes leiduvad tooted on enamasti laos olemas. Kui toode on laost otsa saanud, siis teavitame ostjat t\u00e4psest tarneajast eraldi. Anname peale tellimuse esitamist ja maksmist koheselt tagasisidet. Kui oled kauba eest maksnud ning meil pole v\u00f5imalik tellimust t\u00e4ita, v\u00f5tame sinuga \u00fchendust ning teatame toote tarneaja. Kui see ei sobi, tagastame raha samale arvele, kust makse laekus.<\/font><\/span><\/div>\n<div><span style=\"background-color: rgb(255, 255, 255);\"><font face=\"Times New Roman\"><br \/><\/font><\/span><\/div>\n<div><span style=\"background-color: rgb(255, 255, 255);\"><font face=\"Times New Roman\"><br \/><\/font><\/span><\/div>\n<div><span style=\"font-size: 14px; background-color: rgb(255, 255, 255);\"><font face=\"Times New Roman\">KAUPADE TAGASTAMINE<\/font><\/span><\/div>\n<div><span style=\"background-color: rgb(255, 255, 255);\"><font face=\"Times New Roman\"><br \/><\/font><\/span><\/div>\n<div><span style=\"font-size: 14px; background-color: rgb(255, 255, 255);\"><font face=\"Times New Roman\">K\u00f5ikidele e-poest ostetud toodetele kehtib tagastusgarantii 14 p\u00e4eva. Ostjal on \u00f5igus tagastada kaup ilma p\u00f5hjenduseta 14 p\u00e4eva jooksul alates kauba \u00fcleandmisest. Selleks peab ostja tegema m\u00fc\u00fcjale vastavasisulise avalduse (t\u00e4itma tagastuslehe, mille saab e-maili teel. Kirjuta aadressile: inf@mybody.ee) ning tagastama seej\u00e4rel e-poele tellitud kauba. Taganemisega ning kauba tagastamisega seotud kulud kannab m\u00fc\u00fcja. M\u00fc\u00fcja ei tagasta ostjale tellitud kauba transpordikulu.<\/font><\/span><\/div>\n<div><span style=\"background-color: rgb(255, 255, 255);\"><font face=\"Times New Roman\"><br \/><\/font><\/span><\/div>\n<div><span style=\"font-size: 14px; background-color: rgb(255, 255, 255);\"><font face=\"Times New Roman\">Raha tagastatud kauba eest kantakse samale arvelduskontole, millelt kauba eest tasuti, 3 t\u00f6\u00f6p\u00e4eva jooksul alates kauba k\u00e4ttesaamisest m\u00fc\u00fcja poolt.<\/font><\/span><\/div>\n<div><span style=\"background-color: rgb(255, 255, 255);\"><font face=\"Times New Roman\"><br \/><\/font><\/span><\/div>\n<div><span style=\"font-size: 14px; background-color: rgb(255, 255, 255);\"><font face=\"Times New Roman\">Tagastatav kaup ei tohi olla kasutatud ning kaup peab olema avamata originaalpakendis.<\/font><\/span><\/div>\n<div><span style=\"background-color: rgb(255, 255, 255);\"><font face=\"Times New Roman\"><br \/><\/font><\/span><\/div>\n<div><span style=\"background-color: rgb(255, 255, 255);\"><font face=\"Times New Roman\"><br \/><\/font><\/span><\/div>\n<div><span style=\"font-size: 14px; background-color: rgb(255, 255, 255);\"><font face=\"Times New Roman\">PRIVAATSUS<\/font><\/span><\/div>\n<div><span style=\"background-color: rgb(255, 255, 255);\"><font face=\"Times New Roman\"><br \/><\/font><\/span><\/div>\n<div><span style=\"font-size: 14px; background-color: rgb(255, 255, 255);\"><font face=\"Times New Roman\">K\u00f5ik kliendi isikuandmed, mis on sisestatud ostude sooritamiseks, on konfidentsiaalne info ja ei kuulu avaldamisele kolmandatele osapooltele, v.a. seadusega etten\u00e4htud juhtudel.<\/font><\/span><\/div>\n<div><span style=\"background-color: rgb(255, 255, 255);\"><font face=\"Times New Roman\"><br \/><\/font><\/span><\/div>\n<div><span style=\"font-size: 14px; background-color: rgb(255, 255, 255);\"><font face=\"Times New Roman\">Kaupade eest tasumiseks kasutatavate pangalinkide turvalisuse tagab kr\u00fcpteeritud andmesidekanal, mille k\u00e4igus puudub kolmandatel isikutel isikuandmetele ja pangarekvisiitidele ligip\u00e4\u00e4s.<\/font><\/span><\/div>\n<div><span style=\"background-color: rgb(255, 255, 255);\"><font face=\"Times New Roman\"><br \/><\/font><\/span><\/div>\n<div><span style=\"background-color: rgb(255, 255, 255);\"><font face=\"Times New Roman\"><br \/><\/font><\/span><\/div>\n<div><span style=\"font-size: 14px; background-color: rgb(255, 255, 255);\"><font face=\"Times New Roman\">\u00d5IGUSED JA VASTUTUS<\/font><\/span><\/div>\n<div><span style=\"background-color: rgb(255, 255, 255);\"><font face=\"Times New Roman\"><br \/><\/font><\/span><\/div>\n<div><span style=\"font-size: 14px; background-color: rgb(255, 255, 255);\"><font face=\"Times New Roman\">MYBODY O\u00dc vastutab ainult www.mybody.ee veebipoest v\u00e4ljastatud tellimuse eest ja ei vastuta AS Eesti Post v\u00f5i Smartposti teenuste eest. Meie poolt p\u00f5hjustatud kaotuse v\u00f5i riknemise korral teeme h\u00fcvituse toodete eest 100% ulatuses.<\/font><\/span><\/div>\n<div><span style=\"background-color: rgb(255, 255, 255);\"><font face=\"Times New Roman\"><br \/><\/font><\/span><\/div>\n<div><span style=\"font-size: 14px; background-color: rgb(255, 255, 255);\"><font face=\"Times New Roman\">M\u00fc\u00fcjal on \u00f5igus tellimusest taganeda, kui m\u00fc\u00fcja vastava kauba varud on ammendunud. Sellisel juhul makstakse ostjale raha tagasi.<\/font><\/span><\/div>\n<div><span style=\"background-color: rgb(255, 255, 255);\"><font face=\"Times New Roman\"><br \/><\/font><\/span><\/div>\n<div><span style=\"background-color: rgb(255, 255, 255);\"><font face=\"Times New Roman\"><span style=\"font-size: 14px;\">Aadress:<\/span><br \/><span style=\"font-size: 14px;\">MYBODY.ee<\/span><br \/><span style=\"font-size: 14px;\">Audentese Spordikeskus,&nbsp;<\/span><br \/><span style=\"font-size: 14px;\">Tondi 84, 11316 Tallinn<\/span><br \/><span style=\"font-size: 14px;\">Avatud E-R 12:00-20:00<\/span><\/p>\n<p><span style=\"font-size: 14px;\">info@mybody.ee<\/span><br \/><span style=\"font-size: 14px;\">+372 56 458 688<\/span><\/p>\n<p><span style=\"font-size: 14px;\">Rekvisiidid<\/span><br \/><span style=\"font-size: 14px;\">MYBODY O\u00dc<\/span><br \/><span style=\"font-size: 14px;\">Reg. nr. 12061662&nbsp;<\/span><br \/><span style=\"font-size: 14px;\">Km. reg. nr. EE101498469&nbsp;<\/span><br \/><span style=\"font-size: 14px;\">a\/a 17002980218 Nordea Pank<\/span><\/p>\n<p><span style=\"font-size: 14px;\">Tere Tulemast<\/span><br \/><span style=\"font-size: 14px;\">MYBODY Audentese<\/span><\/font><\/span><\/div>\n<div><br style=\"color: rgb(51, 51, 51); font-family: sans-serif, Arial, Verdana, &quot;Trebuchet MS&quot;;\"><\/div>\n","protected":false},"excerpt":{"rendered":"<p>MAKSMINE Ettemaks (Pangalink ja Arve) Meie poes on v\u00f5imalik maksta hetkel Swedbanki, LHV ja SEB panga pangalinkide abil. See on kiireim, turvalisim ja mugavaim viis kaupade eest tasumiseks! Kaupade eest tasumisel ettemaksuna palume enne saadetise laost v\u00e4ljastamist kauba eest tasuda. Saate seda teha pangalingi kaudu v\u00f5i valides makseviisiks ettemaksuarve.&nbsp;Juhul, kui valite makseviisiks ettemaksuarve, siis tellimuse [&hellip;]<\/p>\n","protected":false},"author":1,"featured_media":0,"parent":0,"menu_order":3,"comment_status":"closed","ping_status":"closed","template":"","meta":{"inline_featured_image":false,"footnotes":""},"class_list":["post-7","page","type-page","status-publish","hentry"],"yoast_head":"<!-- This site is optimized with the Yoast SEO plugin v27.3 - https:\/\/yoast.com\/product\/yoast-seo-wordpress\/ -->\n<title>Tellimisjuhend - supplero<\/title>\n<meta name=\"robots\" content=\"index, follow, max-snippet:-1, max-image-preview:large, max-video-preview:-1\" \/>\n<link rel=\"canonical\" href=\"https:\/\/mybody5.ee.mybody.ee\/proov\/tellimisjuhend\/\" \/>\n<meta property=\"og:locale\" content=\"et_EE\" \/>\n<meta property=\"og:type\" content=\"article\" \/>\n<meta property=\"og:title\" content=\"Tellimisjuhend - supplero\" \/>\n<meta property=\"og:description\" content=\"MAKSMINE Ettemaks (Pangalink ja Arve) Meie poes on v\u00f5imalik maksta hetkel Swedbanki, LHV ja SEB panga pangalinkide abil. See on kiireim, turvalisim ja mugavaim viis kaupade eest tasumiseks! Kaupade eest tasumisel ettemaksuna palume enne saadetise laost v\u00e4ljastamist kauba eest tasuda. Saate seda teha pangalingi kaudu v\u00f5i valides makseviisiks ettemaksuarve.&nbsp;Juhul, kui valite makseviisiks ettemaksuarve, siis tellimuse [&hellip;]\" \/>\n<meta property=\"og:url\" content=\"https:\/\/mybody5.ee.mybody.ee\/proov\/tellimisjuhend\/\" \/>\n<meta property=\"og:site_name\" content=\"supplero\" \/>\n<meta property=\"article:publisher\" content=\"https:\/\/facebook.com\/MyBody.ee\/\" \/>\n<meta property=\"og:image\" content=\"https:\/\/mybody5.ee.mybody.ee\/proov\/wp-content\/uploads\/2023\/11\/mybody_logo_h65.png\" \/>\n\t<meta property=\"og:image:width\" content=\"229\" \/>\n\t<meta property=\"og:image:height\" content=\"65\" \/>\n\t<meta property=\"og:image:type\" content=\"image\/png\" \/>\n<meta name=\"twitter:card\" content=\"summary_large_image\" \/>\n<meta name=\"twitter:label1\" content=\"Est. reading time\" \/>\n\t<meta name=\"twitter:data1\" content=\"3 minutit\" \/>\n<script type=\"application\/ld+json\" class=\"yoast-schema-graph\">{\"@context\":\"https:\\\/\\\/schema.org\",\"@graph\":[{\"@type\":\"WebPage\",\"@id\":\"https:\\\/\\\/mybody5.ee.mybody.ee\\\/proov\\\/tellimisjuhend\\\/\",\"url\":\"https:\\\/\\\/mybody5.ee.mybody.ee\\\/proov\\\/tellimisjuhend\\\/\",\"name\":\"Tellimisjuhend - supplero\",\"isPartOf\":{\"@id\":\"https:\\\/\\\/mybody5.ee.mybody.ee\\\/proov\\\/#website\"},\"datePublished\":\"2023-11-06T11:35:02+00:00\",\"breadcrumb\":{\"@id\":\"https:\\\/\\\/mybody5.ee.mybody.ee\\\/proov\\\/tellimisjuhend\\\/#breadcrumb\"},\"inLanguage\":\"et\",\"potentialAction\":[{\"@type\":\"ReadAction\",\"target\":[\"https:\\\/\\\/mybody5.ee.mybody.ee\\\/proov\\\/tellimisjuhend\\\/\"]}]},{\"@type\":\"BreadcrumbList\",\"@id\":\"https:\\\/\\\/mybody5.ee.mybody.ee\\\/proov\\\/tellimisjuhend\\\/#breadcrumb\",\"itemListElement\":[{\"@type\":\"ListItem\",\"position\":1,\"name\":\"Home\",\"item\":\"https:\\\/\\\/mybody5.ee.mybody.ee\\\/proov\\\/\"},{\"@type\":\"ListItem\",\"position\":2,\"name\":\"Tellimisjuhend\"}]},{\"@type\":\"WebSite\",\"@id\":\"https:\\\/\\\/mybody5.ee.mybody.ee\\\/proov\\\/#website\",\"url\":\"https:\\\/\\\/mybody5.ee.mybody.ee\\\/proov\\\/\",\"name\":\"MyBody.ee - Toidulisandid ja sporditarvikud\",\"description\":\"Just another WordPress site\",\"publisher\":{\"@id\":\"https:\\\/\\\/mybody5.ee.mybody.ee\\\/proov\\\/#organization\"},\"potentialAction\":[{\"@type\":\"SearchAction\",\"target\":{\"@type\":\"EntryPoint\",\"urlTemplate\":\"https:\\\/\\\/mybody5.ee.mybody.ee\\\/proov\\\/?s={search_term_string}\"},\"query-input\":{\"@type\":\"PropertyValueSpecification\",\"valueRequired\":true,\"valueName\":\"search_term_string\"}}],\"inLanguage\":\"et\"},{\"@type\":\"Organization\",\"@id\":\"https:\\\/\\\/mybody5.ee.mybody.ee\\\/proov\\\/#organization\",\"name\":\"MyBody.ee\",\"url\":\"https:\\\/\\\/mybody5.ee.mybody.ee\\\/proov\\\/\",\"logo\":{\"@type\":\"ImageObject\",\"inLanguage\":\"et\",\"@id\":\"https:\\\/\\\/mybody5.ee.mybody.ee\\\/proov\\\/#\\\/schema\\\/logo\\\/image\\\/\",\"url\":\"https:\\\/\\\/mybody5.ee.mybody.ee\\\/proov\\\/wp-content\\\/uploads\\\/2023\\\/11\\\/mybody_logo_h65-2.png\",\"contentUrl\":\"https:\\\/\\\/mybody5.ee.mybody.ee\\\/proov\\\/wp-content\\\/uploads\\\/2023\\\/11\\\/mybody_logo_h65-2.png\",\"width\":229,\"height\":65,\"caption\":\"MyBody.ee\"},\"image\":{\"@id\":\"https:\\\/\\\/mybody5.ee.mybody.ee\\\/proov\\\/#\\\/schema\\\/logo\\\/image\\\/\"},\"sameAs\":[\"https:\\\/\\\/facebook.com\\\/MyBody.ee\\\/\"]}]}<\/script>\n<!-- \/ Yoast SEO plugin. -->","yoast_head_json":{"title":"Tellimisjuhend - supplero","robots":{"index":"index","follow":"follow","max-snippet":"max-snippet:-1","max-image-preview":"max-image-preview:large","max-video-preview":"max-video-preview:-1"},"canonical":"https:\/\/mybody5.ee.mybody.ee\/proov\/tellimisjuhend\/","og_locale":"et_EE","og_type":"article","og_title":"Tellimisjuhend - supplero","og_description":"MAKSMINE Ettemaks (Pangalink ja Arve) Meie poes on v\u00f5imalik maksta hetkel Swedbanki, LHV ja SEB panga pangalinkide abil. See on kiireim, turvalisim ja mugavaim viis kaupade eest tasumiseks! Kaupade eest tasumisel ettemaksuna palume enne saadetise laost v\u00e4ljastamist kauba eest tasuda. Saate seda teha pangalingi kaudu v\u00f5i valides makseviisiks ettemaksuarve.&nbsp;Juhul, kui valite makseviisiks ettemaksuarve, siis tellimuse [&hellip;]","og_url":"https:\/\/mybody5.ee.mybody.ee\/proov\/tellimisjuhend\/","og_site_name":"supplero","article_publisher":"https:\/\/facebook.com\/MyBody.ee\/","og_image":[{"width":229,"height":65,"url":"https:\/\/mybody5.ee.mybody.ee\/proov\/wp-content\/uploads\/2023\/11\/mybody_logo_h65.png","type":"image\/png"}],"twitter_card":"summary_large_image","twitter_misc":{"Est. reading time":"3 minutit"},"schema":{"@context":"https:\/\/schema.org","@graph":[{"@type":"WebPage","@id":"https:\/\/mybody5.ee.mybody.ee\/proov\/tellimisjuhend\/","url":"https:\/\/mybody5.ee.mybody.ee\/proov\/tellimisjuhend\/","name":"Tellimisjuhend - supplero","isPartOf":{"@id":"https:\/\/mybody5.ee.mybody.ee\/proov\/#website"},"datePublished":"2023-11-06T11:35:02+00:00","breadcrumb":{"@id":"https:\/\/mybody5.ee.mybody.ee\/proov\/tellimisjuhend\/#breadcrumb"},"inLanguage":"et","potentialAction":[{"@type":"ReadAction","target":["https:\/\/mybody5.ee.mybody.ee\/proov\/tellimisjuhend\/"]}]},{"@type":"BreadcrumbList","@id":"https:\/\/mybody5.ee.mybody.ee\/proov\/tellimisjuhend\/#breadcrumb","itemListElement":[{"@type":"ListItem","position":1,"name":"Home","item":"https:\/\/mybody5.ee.mybody.ee\/proov\/"},{"@type":"ListItem","position":2,"name":"Tellimisjuhend"}]},{"@type":"WebSite","@id":"https:\/\/mybody5.ee.mybody.ee\/proov\/#website","url":"https:\/\/mybody5.ee.mybody.ee\/proov\/","name":"MyBody.ee - Toidulisandid ja sporditarvikud","description":"Just another WordPress site","publisher":{"@id":"https:\/\/mybody5.ee.mybody.ee\/proov\/#organization"},"potentialAction":[{"@type":"SearchAction","target":{"@type":"EntryPoint","urlTemplate":"https:\/\/mybody5.ee.mybody.ee\/proov\/?s={search_term_string}"},"query-input":{"@type":"PropertyValueSpecification","valueRequired":true,"valueName":"search_term_string"}}],"inLanguage":"et"},{"@type":"Organization","@id":"https:\/\/mybody5.ee.mybody.ee\/proov\/#organization","name":"MyBody.ee","url":"https:\/\/mybody5.ee.mybody.ee\/proov\/","logo":{"@type":"ImageObject","inLanguage":"et","@id":"https:\/\/mybody5.ee.mybody.ee\/proov\/#\/schema\/logo\/image\/","url":"https:\/\/mybody5.ee.mybody.ee\/proov\/wp-content\/uploads\/2023\/11\/mybody_logo_h65-2.png","contentUrl":"https:\/\/mybody5.ee.mybody.ee\/proov\/wp-content\/uploads\/2023\/11\/mybody_logo_h65-2.png","width":229,"height":65,"caption":"MyBody.ee"},"image":{"@id":"https:\/\/mybody5.ee.mybody.ee\/proov\/#\/schema\/logo\/image\/"},"sameAs":["https:\/\/facebook.com\/MyBody.ee\/"]}]}},"_links":{"self":[{"href":"https:\/\/mybody5.ee.mybody.ee\/proov\/wp-json\/wp\/v2\/pages\/7","targetHints":{"allow":["GET"]}}],"collection":[{"href":"https:\/\/mybody5.ee.mybody.ee\/proov\/wp-json\/wp\/v2\/pages"}],"about":[{"href":"https:\/\/mybody5.ee.mybody.ee\/proov\/wp-json\/wp\/v2\/types\/page"}],"author":[{"embeddable":true,"href":"https:\/\/mybody5.ee.mybody.ee\/proov\/wp-json\/wp\/v2\/users\/1"}],"replies":[{"embeddable":true,"href":"https:\/\/mybody5.ee.mybody.ee\/proov\/wp-json\/wp\/v2\/comments?post=7"}],"version-history":[{"count":0,"href":"https:\/\/mybody5.ee.mybody.ee\/proov\/wp-json\/wp\/v2\/pages\/7\/revisions"}],"wp:attachment":[{"href":"https:\/\/mybody5.ee.mybody.ee\/proov\/wp-json\/wp\/v2\/media?parent=7"}],"curies":[{"name":"wp","href":"https:\/\/api.w.org\/{rel}","templated":true}]}}