{"id":1000,"date":"2021-05-18T16:25:42","date_gmt":"2021-05-18T16:25:42","guid":{"rendered":"https:\/\/mybody5.ee.mybody.ee\/proov\/product\/jan-tana-tattoo-cover\/"},"modified":"2021-05-18T16:25:42","modified_gmt":"2021-05-18T16:25:42","slug":"jan-tana-tattoo-cover","status":"publish","type":"product","link":"https:\/\/mybody5.ee.mybody.ee\/proov\/product\/jan-tana-tattoo-cover\/","title":{"rendered":"Jan Tana Tattoo Cover"},"content":{"rendered":"<p style=\"font-size: 16px; margin-bottom: 20px; caret-color: rgb(102, 102, 102); color: rgb(102, 102, 102); font-family: Montserrat, sans-serif;\">Jan Tana t\u00e4toveeringu kate aitab peita \u00e4ra t\u00e4toveeringuid ja iluvigu kehal.<\/p>\n<p style=\"font-size: 16px; margin-top: 20px; margin-bottom: 20px; caret-color: rgb(102, 102, 102); color: rgb(102, 102, 102); font-family: Montserrat, sans-serif;\">Katet tuleks peale kanda grimmi j\u00e4rgselt nahapinnale, mida vaja katta.<\/p>\n<p>Konsultatsioon:<\/p>\n<ul>\n<li style=\"text-align:justify\"><span style=\"font-size:12px\"><span style=\"font-family:arial,helvetica,sans-serif\">Oled oodatud tasuta konsultatsioonile MYBODY Audentese kauplusesse,<\/span><\/span><\/li>\n<li style=\"text-align:justify\"><span style=\"font-size:12px\"><span style=\"font-family:arial,helvetica,sans-serif\">Asukoht: Audentese Spordikeskus, Tondi 84.<\/span><\/span><\/li>\n<li style=\"text-align:justify\"><span style=\"font-size:12px\"><span style=\"font-family:arial,helvetica,sans-serif\">Telefon EST\/RUS\/ENG +372&nbsp;523 1960<\/span><\/span><\/li>\n<li style=\"text-align:justify\"><span style=\"font-size:12px\"><span style=\"font-family:arial,helvetica,sans-serif\">Telefon EST\/ENG +372 56&nbsp;458&nbsp;688<\/span><\/span><\/li>\n<li style=\"text-align:justify\"><span style=\"font-size:12px\"><span style=\"font-family:arial,helvetica,sans-serif\"><a href=\"mailto:info@mybody.ee\">info@mybody.ee<\/a><\/span><\/span><\/li>\n<li style=\"text-align:justify\"><span style=\"font-size:12px\"><span style=\"font-family:arial,helvetica,sans-serif\"><a href=\"http:\/\/www.facebook.com\/mybody.ee\">www.facebook.com\/mybody.ee<\/a><\/span><\/span><\/li>\n<\/ul>\n","protected":false},"excerpt":{"rendered":"<p>Jan Tana t\u00e4toveeringu kate aitab peita \u00e4ra t\u00e4toveeringuid ja iluvigu kehal. Katet tuleks peale kanda grimmi j\u00e4rgselt nahapinnale, mida vaja katta. Konsultatsioon: Oled oodatud tasuta konsultatsioonile MYBODY Audentese kauplusesse, Asukoht: Audentese Spordikeskus, Tondi 84. Telefon EST\/RUS\/ENG +372&nbsp;523 1960 Telefon EST\/ENG +372 56&nbsp;458&nbsp;688 info@mybody.ee www.facebook.com\/mybody.ee<\/p>\n","protected":false},"featured_media":0,"comment_status":"open","ping_status":"closed","template":"","meta":{"inline_featured_image":false},"product_cat":[69,29],"product_tag":[],"class_list":{"0":"post-1000","1":"product","2":"type-product","3":"status-publish","5":"product_cat-muu","6":"product_cat-sooduspakkumised","8":"first","9":"instock","10":"shipping-taxable","11":"purchasable","12":"product-type-simple"},"yoast_head":"<!-- This site is optimized with the Yoast SEO plugin v27.3 - https:\/\/yoast.com\/product\/yoast-seo-wordpress\/ -->\n<title>Jan Tana Ultra 1 - V\u00f5istlusgrimm - MyBody.ee - Toidulisandid ja sporditarvikud<\/title>\n<meta name=\"description\" content=\"V\u00f5istlusgrimm - Tugev pruun v\u00e4rv ja \u00fchtlane\" \/>\n<meta name=\"robots\" content=\"index, follow, max-snippet:-1, max-image-preview:large, max-video-preview:-1\" \/>\n<link rel=\"canonical\" href=\"https:\/\/mybody5.ee.mybody.ee\/proov\/product\/jan-tana-tattoo-cover\/\" \/>\n<meta property=\"og:locale\" content=\"et_EE\" \/>\n<meta property=\"og:type\" content=\"article\" \/>\n<meta property=\"og:title\" content=\"Jan Tana Ultra 1 - V\u00f5istlusgrimm - MyBody.ee - Toidulisandid ja sporditarvikud\" \/>\n<meta property=\"og:description\" content=\"V\u00f5istlusgrimm - Tugev pruun v\u00e4rv ja \u00fchtlane\" \/>\n<meta property=\"og:url\" content=\"https:\/\/mybody5.ee.mybody.ee\/proov\/product\/jan-tana-tattoo-cover\/\" \/>\n<meta property=\"og:site_name\" content=\"supplero\" \/>\n<meta property=\"article:publisher\" content=\"https:\/\/facebook.com\/MyBody.ee\/\" \/>\n<meta property=\"og:image\" content=\"https:\/\/mybody5.ee.mybody.ee\/proov\/wp-content\/uploads\/2023\/11\/mybody_logo_h65.png\" \/>\n\t<meta property=\"og:image:width\" content=\"229\" \/>\n\t<meta property=\"og:image:height\" content=\"65\" \/>\n\t<meta property=\"og:image:type\" content=\"image\/png\" \/>\n<meta name=\"twitter:card\" content=\"summary_large_image\" \/>\n<script type=\"application\/ld+json\" class=\"yoast-schema-graph\">{\"@context\":\"https:\\\/\\\/schema.org\",\"@graph\":[{\"@type\":\"WebPage\",\"@id\":\"https:\\\/\\\/mybody5.ee.mybody.ee\\\/proov\\\/product\\\/jan-tana-tattoo-cover\\\/\",\"url\":\"https:\\\/\\\/mybody5.ee.mybody.ee\\\/proov\\\/product\\\/jan-tana-tattoo-cover\\\/\",\"name\":\"Jan Tana Ultra 1 - V\u00f5istlusgrimm - MyBody.ee - Toidulisandid ja sporditarvikud\",\"isPartOf\":{\"@id\":\"https:\\\/\\\/mybody5.ee.mybody.ee\\\/proov\\\/#website\"},\"datePublished\":\"2021-05-18T16:25:42+00:00\",\"description\":\"V\u00f5istlusgrimm - Tugev pruun v\u00e4rv ja \u00fchtlane\",\"breadcrumb\":{\"@id\":\"https:\\\/\\\/mybody5.ee.mybody.ee\\\/proov\\\/product\\\/jan-tana-tattoo-cover\\\/#breadcrumb\"},\"inLanguage\":\"et\",\"potentialAction\":[{\"@type\":\"ReadAction\",\"target\":[\"https:\\\/\\\/mybody5.ee.mybody.ee\\\/proov\\\/product\\\/jan-tana-tattoo-cover\\\/\"]}]},{\"@type\":\"BreadcrumbList\",\"@id\":\"https:\\\/\\\/mybody5.ee.mybody.ee\\\/proov\\\/product\\\/jan-tana-tattoo-cover\\\/#breadcrumb\",\"itemListElement\":[{\"@type\":\"ListItem\",\"position\":1,\"name\":\"Home\",\"item\":\"https:\\\/\\\/mybody5.ee.mybody.ee\\\/proov\\\/\"},{\"@type\":\"ListItem\",\"position\":2,\"name\":\"Shop\",\"item\":\"https:\\\/\\\/mybody5.ee.mybody.ee\\\/proov\\\/shop\\\/\"},{\"@type\":\"ListItem\",\"position\":3,\"name\":\"Jan Tana Tattoo Cover\"}]},{\"@type\":\"WebSite\",\"@id\":\"https:\\\/\\\/mybody5.ee.mybody.ee\\\/proov\\\/#website\",\"url\":\"https:\\\/\\\/mybody5.ee.mybody.ee\\\/proov\\\/\",\"name\":\"MyBody.ee - Toidulisandid ja sporditarvikud\",\"description\":\"Just another WordPress site\",\"publisher\":{\"@id\":\"https:\\\/\\\/mybody5.ee.mybody.ee\\\/proov\\\/#organization\"},\"potentialAction\":[{\"@type\":\"SearchAction\",\"target\":{\"@type\":\"EntryPoint\",\"urlTemplate\":\"https:\\\/\\\/mybody5.ee.mybody.ee\\\/proov\\\/?s={search_term_string}\"},\"query-input\":{\"@type\":\"PropertyValueSpecification\",\"valueRequired\":true,\"valueName\":\"search_term_string\"}}],\"inLanguage\":\"et\"},{\"@type\":\"Organization\",\"@id\":\"https:\\\/\\\/mybody5.ee.mybody.ee\\\/proov\\\/#organization\",\"name\":\"MyBody.ee\",\"url\":\"https:\\\/\\\/mybody5.ee.mybody.ee\\\/proov\\\/\",\"logo\":{\"@type\":\"ImageObject\",\"inLanguage\":\"et\",\"@id\":\"https:\\\/\\\/mybody5.ee.mybody.ee\\\/proov\\\/#\\\/schema\\\/logo\\\/image\\\/\",\"url\":\"https:\\\/\\\/mybody5.ee.mybody.ee\\\/proov\\\/wp-content\\\/uploads\\\/2023\\\/11\\\/mybody_logo_h65-2.png\",\"contentUrl\":\"https:\\\/\\\/mybody5.ee.mybody.ee\\\/proov\\\/wp-content\\\/uploads\\\/2023\\\/11\\\/mybody_logo_h65-2.png\",\"width\":229,\"height\":65,\"caption\":\"MyBody.ee\"},\"image\":{\"@id\":\"https:\\\/\\\/mybody5.ee.mybody.ee\\\/proov\\\/#\\\/schema\\\/logo\\\/image\\\/\"},\"sameAs\":[\"https:\\\/\\\/facebook.com\\\/MyBody.ee\\\/\"]}]}<\/script>\n<!-- \/ Yoast SEO plugin. -->","yoast_head_json":{"title":"Jan Tana Ultra 1 - V\u00f5istlusgrimm - MyBody.ee - Toidulisandid ja sporditarvikud","description":"V\u00f5istlusgrimm - Tugev pruun v\u00e4rv ja \u00fchtlane","robots":{"index":"index","follow":"follow","max-snippet":"max-snippet:-1","max-image-preview":"max-image-preview:large","max-video-preview":"max-video-preview:-1"},"canonical":"https:\/\/mybody5.ee.mybody.ee\/proov\/product\/jan-tana-tattoo-cover\/","og_locale":"et_EE","og_type":"article","og_title":"Jan Tana Ultra 1 - V\u00f5istlusgrimm - MyBody.ee - Toidulisandid ja sporditarvikud","og_description":"V\u00f5istlusgrimm - Tugev pruun v\u00e4rv ja \u00fchtlane","og_url":"https:\/\/mybody5.ee.mybody.ee\/proov\/product\/jan-tana-tattoo-cover\/","og_site_name":"supplero","article_publisher":"https:\/\/facebook.com\/MyBody.ee\/","og_image":[{"width":229,"height":65,"url":"https:\/\/mybody5.ee.mybody.ee\/proov\/wp-content\/uploads\/2023\/11\/mybody_logo_h65.png","type":"image\/png"}],"twitter_card":"summary_large_image","schema":{"@context":"https:\/\/schema.org","@graph":[{"@type":"WebPage","@id":"https:\/\/mybody5.ee.mybody.ee\/proov\/product\/jan-tana-tattoo-cover\/","url":"https:\/\/mybody5.ee.mybody.ee\/proov\/product\/jan-tana-tattoo-cover\/","name":"Jan Tana Ultra 1 - V\u00f5istlusgrimm - MyBody.ee - Toidulisandid ja sporditarvikud","isPartOf":{"@id":"https:\/\/mybody5.ee.mybody.ee\/proov\/#website"},"datePublished":"2021-05-18T16:25:42+00:00","description":"V\u00f5istlusgrimm - Tugev pruun v\u00e4rv ja \u00fchtlane","breadcrumb":{"@id":"https:\/\/mybody5.ee.mybody.ee\/proov\/product\/jan-tana-tattoo-cover\/#breadcrumb"},"inLanguage":"et","potentialAction":[{"@type":"ReadAction","target":["https:\/\/mybody5.ee.mybody.ee\/proov\/product\/jan-tana-tattoo-cover\/"]}]},{"@type":"BreadcrumbList","@id":"https:\/\/mybody5.ee.mybody.ee\/proov\/product\/jan-tana-tattoo-cover\/#breadcrumb","itemListElement":[{"@type":"ListItem","position":1,"name":"Home","item":"https:\/\/mybody5.ee.mybody.ee\/proov\/"},{"@type":"ListItem","position":2,"name":"Shop","item":"https:\/\/mybody5.ee.mybody.ee\/proov\/shop\/"},{"@type":"ListItem","position":3,"name":"Jan Tana Tattoo Cover"}]},{"@type":"WebSite","@id":"https:\/\/mybody5.ee.mybody.ee\/proov\/#website","url":"https:\/\/mybody5.ee.mybody.ee\/proov\/","name":"MyBody.ee - Toidulisandid ja sporditarvikud","description":"Just another WordPress site","publisher":{"@id":"https:\/\/mybody5.ee.mybody.ee\/proov\/#organization"},"potentialAction":[{"@type":"SearchAction","target":{"@type":"EntryPoint","urlTemplate":"https:\/\/mybody5.ee.mybody.ee\/proov\/?s={search_term_string}"},"query-input":{"@type":"PropertyValueSpecification","valueRequired":true,"valueName":"search_term_string"}}],"inLanguage":"et"},{"@type":"Organization","@id":"https:\/\/mybody5.ee.mybody.ee\/proov\/#organization","name":"MyBody.ee","url":"https:\/\/mybody5.ee.mybody.ee\/proov\/","logo":{"@type":"ImageObject","inLanguage":"et","@id":"https:\/\/mybody5.ee.mybody.ee\/proov\/#\/schema\/logo\/image\/","url":"https:\/\/mybody5.ee.mybody.ee\/proov\/wp-content\/uploads\/2023\/11\/mybody_logo_h65-2.png","contentUrl":"https:\/\/mybody5.ee.mybody.ee\/proov\/wp-content\/uploads\/2023\/11\/mybody_logo_h65-2.png","width":229,"height":65,"caption":"MyBody.ee"},"image":{"@id":"https:\/\/mybody5.ee.mybody.ee\/proov\/#\/schema\/logo\/image\/"},"sameAs":["https:\/\/facebook.com\/MyBody.ee\/"]}]}},"_links":{"self":[{"href":"https:\/\/mybody5.ee.mybody.ee\/proov\/wp-json\/wp\/v2\/product\/1000","targetHints":{"allow":["GET"]}}],"collection":[{"href":"https:\/\/mybody5.ee.mybody.ee\/proov\/wp-json\/wp\/v2\/product"}],"about":[{"href":"https:\/\/mybody5.ee.mybody.ee\/proov\/wp-json\/wp\/v2\/types\/product"}],"replies":[{"embeddable":true,"href":"https:\/\/mybody5.ee.mybody.ee\/proov\/wp-json\/wp\/v2\/comments?post=1000"}],"wp:attachment":[{"href":"https:\/\/mybody5.ee.mybody.ee\/proov\/wp-json\/wp\/v2\/media?parent=1000"}],"wp:term":[{"taxonomy":"product_cat","embeddable":true,"href":"https:\/\/mybody5.ee.mybody.ee\/proov\/wp-json\/wp\/v2\/product_cat?post=1000"},{"taxonomy":"product_tag","embeddable":true,"href":"https:\/\/mybody5.ee.mybody.ee\/proov\/wp-json\/wp\/v2\/product_tag?post=1000"}],"curies":[{"name":"wp","href":"https:\/\/api.w.org\/{rel}","templated":true}]}}