{"id":1001,"date":"2021-05-25T13:58:04","date_gmt":"2021-05-25T13:58:04","guid":{"rendered":"https:\/\/mybody5.ee.mybody.ee\/proov\/product\/iconfit-crunchy-superseemned-300g\/"},"modified":"2021-05-25T13:58:04","modified_gmt":"2021-05-25T13:58:04","slug":"iconfit-crunchy-superseemned-300g","status":"publish","type":"product","link":"https:\/\/mybody5.ee.mybody.ee\/proov\/product\/iconfit-crunchy-superseemned-300g\/","title":{"rendered":"ICONFIT Crunchy Superseemned (300g)"},"content":{"rendered":"<ul>\n<div class=\"post-content woocommerce-product-details__short-description\" style=\"caret-color: rgb(89, 95, 107); color: rgb(89, 95, 107); font-size: 14px;\">\n<ul class=\"fusion-checklist fusion-checklist-4\" style=\"list-style-type: none; padding: 0px; margin-top: 10px; margin-right: 0px; margin-left: 0px; line-height: 23.8px;\">\n<li class=\"fusion-li-item\" style=\"padding: 0px 0px 5.5px; margin-left: 0px;\">\n<div class=\"fusion-li-item-content\" style=\"margin-left: 33.6px;\">\n<p style=\"margin-bottom: 20px; text-align: justify;\"><font face=\"Arial\"><span style=\"font-weight: 700;\">ICONFIT Crunchy Superseeds&nbsp;<\/span>on m\u00f5nus kr\u00f5be supersegu Sinu smuutile v\u00f5i pudrule lisamiseks. Koosneb vaid looduslikest koostisosadest ja on pungil t\u00e4is kasulikke toitaineid.<\/font><\/p>\n<p style=\"margin-bottom: 20px; text-align: justify;\"><font face=\"Arial\">Koostises vaid looduslikud&nbsp;kooritud kanepiseemned (Eesti), chia seemned, \u00f5ietolmu graanulid Eesti mesinikelt ning toorkakao ubade t\u00fckikesed. Ei mingeid muid lisaaineid.<\/font><\/p>\n<p style=\"margin-bottom: 20px; text-align: justify;\"><font face=\"Arial\">Superseemned<span style=\"font-weight: 700;\">&nbsp;<\/span>lisavad smuutidele ja pudrudele ohtralt kasulikke vitamiine, mineraale ja toitaineid ning annavad m\u00f5nusa kr\u00f5mpsuva tekstuuri. Sisaldades 25% proteiini on see ka hea taimne proteiiniallikas.<\/font><\/p>\n<p style=\"margin-bottom: 20px; text-align: justify;\"><font face=\"Arial\">Lisasime segusse ka&nbsp;toorkakao tuumade t\u00fckid&nbsp;milles on palju kasulikke antioks\u00fcdante ning mineraalaineid (raud, magneesium, tsink). Lisaks annavad need t\u00fckid smuutile kergelt juurde \u0161okolaadist maitset ja sobivad h\u00e4sti kokku teiste koostisosadega.<\/font><\/p>\n<p style=\"margin-bottom: 20px; text-align: justify;\"><font face=\"Arial\">Eestis kasvatatud kanepiseemned&nbsp;annavad aga kasulikke Omega 3 ja Omega 6 rasvhappeid&nbsp; ning lisavad veelgi juurde mineraalaineid.&nbsp;V\u00e4ga eriline super koostisosa on aga \u00f5ietolmu graanulid,&nbsp;mis on p\u00e4rit Eesti mesinikelt ja selles on lausa 250 aktiivset koostisosa. \u00d5ietolmul on t\u00e4heldatud palju kasulikke omadusi nagu p\u00f5letikuliste protsesside v\u00e4hendamine, v\u00f5itleb kahjulike bakteritega ja on kasulik s\u00fcdamele.<\/font><\/p>\n<ul class=\"fusion-checklist fusion-checklist-1\" style=\"list-style-type: none; padding: 0px; margin-top: 10px; margin-right: 0px; margin-left: 0px; line-height: 23.8px;\">\n<li class=\"fusion-li-item\" style=\"padding: 0px 0px 5.5px; margin-left: 0px;\">\n<ul>\n<li style=\"margin-left: 33.6px;\"><font face=\"Arial\"><span style=\"font-weight: 700;\">Koostises vaid looduslikud<\/span>&nbsp;kooritud kanepiseemned (Eesti), chia seemned, \u00f5ietolmu graanulid Eesti mesinikelt ning toorkakao ubade t\u00fckikesed. Ei mingeid muid lisaaineid.<\/font><\/li>\n<\/ul>\n<\/li>\n<\/ul>\n<ul class=\"fusion-checklist fusion-checklist-2\" style=\"list-style-type: none; padding: 0px; margin-top: 10px; margin-right: 0px; margin-left: 0px; line-height: 23.8px;\">\n<li class=\"fusion-li-item\" style=\"padding: 0px 0px 5.5px; margin-left: 0px;\">\n<ul>\n<li style=\"margin-left: 33.6px;\"><span style=\"font-weight: 700;\"><font face=\"Arial\">Rikkalikult kasulikke vitamiine, mineraale, proteiini (25%) ning kasulikke toitaineid.<\/font><\/span><\/li>\n<\/ul>\n<\/li>\n<\/ul>\n<ul class=\"fusion-checklist fusion-checklist-3\" style=\"list-style-type: none; padding: 0px; margin-top: 10px; margin-right: 0px; margin-left: 0px; line-height: 23.8px;\">\n<li class=\"fusion-li-item\" style=\"padding: 0px 0px 5.5px; margin-left: 0px;\">\n<ul>\n<li style=\"margin-left: 33.6px;\"><font face=\"Arial\">Lisa supilusikaga oma smuutisse enne blenderdamist v\u00f5i raputa peale valmissmuutile. Proovi ka lisada oma hommikupudrule.<\/font><\/li>\n<\/ul>\n<\/li>\n<\/ul>\n<ul class=\"fusion-checklist fusion-checklist-4\" style=\"list-style-type: none; padding: 0px; margin-top: 10px; margin-right: 0px; margin-left: 0px; line-height: 23.8px;\">\n<li class=\"fusion-li-item\" style=\"padding: 0px 0px 5.5px; margin-left: 0px;\">\n<ul>\n<li style=\"margin-left: 33.6px;\"><font face=\"Arial\"><span style=\"font-weight: 700;\">Eestis toodetud,<\/span>&nbsp;mugavas kartongpurgis ja saadaval Eesti parima hinnaga!<\/font><\/li>\n<\/ul>\n<\/li>\n<\/ul>\n<p style=\"margin-bottom: 20px; font-family: &quot;Open Sans&quot;, Arial, Helvetica, sans-serif; text-align: justify;\"><span style=\"font-family: Arial; font-weight: 700;\"><br \/><\/span><\/p>\n<p style=\"margin-bottom: 20px; font-family: &quot;Open Sans&quot;, Arial, Helvetica, sans-serif; text-align: justify;\"><span style=\"font-family: Arial; font-weight: 700;\">Valmistamine &amp; Kasutamine<\/span><\/p>\n<\/div>\n<\/li>\n<\/ul>\n<\/div>\n<\/ul>\n<ul>\n<div class=\"post-content woocommerce-product-details__short-description\" style=\"caret-color: rgb(89, 95, 107); color: rgb(89, 95, 107); font-size: 14px;\">\n<ul class=\"fusion-checklist fusion-checklist-4\" style=\"list-style-type: none; padding: 0px; margin-top: 10px; margin-right: 0px; margin-left: 0px; line-height: 23.8px;\">\n<li class=\"fusion-li-item\" style=\"padding: 0px 0px 5.5px; margin-left: 0px;\">\n<div class=\"fusion-li-item-content\" style=\"margin-left: 33.6px;\">\n<p style=\"margin-bottom: 20px; text-align: justify;\"><span style=\"text-align: start;\"><font face=\"Arial\">Lisa iga p\u00e4ev 1-2 supilusikat smuutile v\u00f5i pudrule. Smuutisse v\u00f5ib lisada nii enne blenderdamist kui ka raputada peale valmissmuutile.<\/font><\/span><\/p>\n<p style=\"margin-bottom: 20px; text-align: justify;\"><span style=\"text-align: start;\"><font face=\"Arial\"><br \/><\/font><\/span><span style=\"font-weight: 700; text-align: start;\"><font face=\"Arial\">Koostisosad ja toitained:&nbsp;<\/font><\/span><\/p>\n<table border=\"1\" cellpadding=\"1\" cellspacing=\"1\" height=\"353\" width=\"472\" style=\"font-family: &quot;Open Sans&quot;, sans-serif; background-color: rgb(255, 255, 255); caret-color: rgb(0, 0, 0); color: rgb(0, 0, 0); font-size: 13px; height: 200px; width: 500px;\">\n<tbody>\n<tr>\n<td><strong><font face=\"Arial\"><span style=\"font-size: 14px;\">Toitev\u00e4\u00e4rtus ja koostisosad<\/span><\/font><\/strong><\/td>\n<td><strong><font face=\"Arial\"><span style=\"font-size: 14px;\">100g<\/span><\/font><\/strong><\/td>\n<td><strong><font face=\"Arial\"><span style=\"font-size: 14px;\">8g<\/span><\/font><\/strong><\/td>\n<\/tr>\n<tr>\n<td><font face=\"Arial\"><span style=\"font-size: 14px;\">Energiat<\/span><\/font><\/td>\n<td><font face=\"Arial\"><span style=\"font-size: 14px;\">480kcal\/2012kJ<\/span><\/font><\/td>\n<td><font face=\"Arial\"><span style=\"font-size: 14px;\">48kcal\/201kJ<\/span><\/font><\/td>\n<\/tr>\n<tr>\n<td><font face=\"Arial\"><span style=\"font-size: 14px;\">Valke<\/span><\/font><\/td>\n<td><font face=\"Arial\"><span style=\"font-size: 14px;\">25g<\/span><\/font><\/td>\n<td><font face=\"Arial\"><span style=\"font-size: 14px;\">2.5g<\/span><\/font><\/td>\n<\/tr>\n<tr>\n<td><font face=\"Arial\"><span style=\"font-size: 14px;\">S\u00fcsivesikuid<\/span><\/font><\/td>\n<td><font face=\"Arial\"><span style=\"font-size: 14px;\">18.3g<\/span><\/font><\/td>\n<td><font face=\"Arial\"><span style=\"font-size: 14px;\">1,8g<\/span><\/font><\/td>\n<\/tr>\n<tr>\n<td><font face=\"Arial\"><span style=\"font-size: 14px;\">millest suhkruid<\/span><\/font><\/td>\n<td><font face=\"Arial\"><span style=\"font-size: 14px;\">8.7g<\/span><\/font><\/td>\n<td><font face=\"Arial\"><span style=\"font-size: 14px;\">0.9g<\/span><\/font><\/td>\n<\/tr>\n<tr>\n<td><font face=\"Arial\"><span style=\"font-size: 14px;\">Rasvu<\/span><\/font><\/td>\n<td><font face=\"Arial\"><span style=\"font-size: 14px;\">32,7g<\/span><\/font><\/td>\n<td><font face=\"Arial\"><span style=\"font-size: 14px;\">3.3g<\/span><\/font><\/td>\n<\/tr>\n<tr>\n<td><font face=\"Arial\"><span style=\"font-size: 14px;\">millest k\u00fcllastunud&nbsp;<\/span><\/font><\/td>\n<td><font face=\"Arial\"><span style=\"font-size: 14px;\">2,1g<\/span><\/font><\/td>\n<td><font face=\"Arial\"><span style=\"font-size: 14px;\">0,2g<\/span><\/font><\/td>\n<\/tr>\n<tr>\n<td><font face=\"Arial\"><span style=\"font-size: 14px;\">Kiudained<\/span><\/font><\/td>\n<td><font face=\"Arial\"><span style=\"font-size: 14px;\">17.2g<\/span><\/font><\/td>\n<td><font face=\"Arial\"><span style=\"font-size: 14px;\">1.7g<\/span><\/font><\/td>\n<\/tr>\n<tr>\n<td><\/td>\n<td><\/td>\n<td><\/td>\n<\/tr>\n<tr>\n<td colspan=\"3\">\n<p><span style=\"font-size: 10px;\"><b><font face=\"Arial\">Koostisosad:<\/font><\/b><\/span><\/p>\n<p><span style=\"font-size: 9px;\"><span style=\"caret-color: rgb(89, 95, 107); color: rgb(89, 95, 107); font-size: 10px;\"><font face=\"Arial\">Kooritud kanepiseemned, chia seemned, \u00f5ietolmu graanulid, purustatud toorkakao (Theobroma) oad.<\/font><\/span><\/span><\/p>\n<\/td>\n<\/tr>\n<\/tbody>\n<\/table>\n<p style=\"font-family: &quot;Open Sans&quot;, sans-serif; caret-color: rgb(0, 0, 0); color: rgb(0, 0, 0); font-size: 13px;\"><\/p>\n<p style=\"font-family: &quot;Open Sans&quot;, Arial, Helvetica, sans-serif; margin-bottom: 20px; text-align: justify;\"><span style=\"color: rgb(0, 0, 0); font-family: arial, helvetica, sans-serif; font-size: 12px;\">Oled oodatud tasuta konsultatsioonile MYBODY Audentese kauplusesse,<\/span><\/p>\n<\/div>\n<\/li>\n<\/ul>\n<\/div>\n<li style=\"text-align: justify;\"><span style=\"font-size: 12px;\"><span style=\"font-family: arial, helvetica, sans-serif;\">Asukoht: Audentese Spordikeskus, Tondi 84.<\/span><\/span><\/li>\n<li style=\"text-align: justify;\"><span style=\"font-size: 12px;\"><span style=\"font-family: arial, helvetica, sans-serif;\">Telefon EST\/RUS\/ENG +372&nbsp;523 1960<\/span><\/span><\/li>\n<li style=\"text-align: justify;\"><span style=\"font-size: 12px;\"><span style=\"font-family: arial, helvetica, sans-serif;\">Telefon EST\/ENG +372 56&nbsp;458&nbsp;688<\/span><\/span><\/li>\n<li style=\"text-align: justify;\"><span style=\"font-size: 12px;\"><span style=\"font-family: arial, helvetica, sans-serif;\"><a href=\"mailto:info@mybody.ee\">info@mybody.ee<\/a><\/span><\/span><\/li>\n<li style=\"text-align: justify;\"><span style=\"font-size: 12px;\"><span style=\"font-family: arial, helvetica, sans-serif;\"><a href=\"http:\/\/www.facebook.com\/mybody.ee\">www.facebook.com\/mybody.ee<\/a><\/span><\/span><\/li>\n<\/ul>\n","protected":false},"excerpt":{"rendered":"<p>ICONFIT Crunchy Superseeds&nbsp;on m\u00f5nus kr\u00f5be supersegu Sinu smuutile v\u00f5i pudrule lisamiseks. Koosneb vaid looduslikest koostisosadest ja on pungil t\u00e4is kasulikke toitaineid. Koostises vaid looduslikud&nbsp;kooritud kanepiseemned (Eesti), chia seemned, \u00f5ietolmu graanulid Eesti mesinikelt ning toorkakao ubade t\u00fckikesed. Ei mingeid muid lisaaineid. Superseemned&nbsp;lisavad smuutidele ja pudrudele ohtralt kasulikke vitamiine, mineraale ja toitaineid ning annavad m\u00f5nusa kr\u00f5mpsuva tekstuuri. [&hellip;]<\/p>\n","protected":false},"featured_media":0,"comment_status":"open","ping_status":"closed","template":"","meta":{"inline_featured_image":false},"product_cat":[25,29,58],"product_tag":[],"class_list":{"0":"post-1001","1":"product","2":"type-product","3":"status-publish","5":"product_cat-naturaalsed-toidulisandid","6":"product_cat-sooduspakkumised","7":"product_cat-supertoidud","9":"first","10":"instock","11":"shipping-taxable","12":"purchasable","13":"product-type-simple"},"yoast_head":"<!-- This site is optimized with the Yoast SEO plugin v27.3 - https:\/\/yoast.com\/product\/yoast-seo-wordpress\/ -->\n<title>ICONFIT Crunchy Superseemned (300g)- MyBody.ee - Toidulisandid ja sporditarvikud<\/title>\n<meta name=\"description\" content=\"ICONFIT Crunchy Superseeds on m\u00f5nus kr\u00f5be supersegu Sinu smuutile v\u00f5i pudrule lisamiseks. Koosneb vaid looduslikest koostisosadest ja on pungil t\u00e4is kasulikke toitaineid.\" \/>\n<meta name=\"robots\" content=\"index, follow, max-snippet:-1, max-image-preview:large, max-video-preview:-1\" \/>\n<link rel=\"canonical\" href=\"https:\/\/mybody5.ee.mybody.ee\/proov\/product\/iconfit-crunchy-superseemned-300g\/\" \/>\n<meta property=\"og:locale\" content=\"et_EE\" \/>\n<meta property=\"og:type\" content=\"article\" \/>\n<meta property=\"og:title\" content=\"ICONFIT Crunchy Superseemned (300g)- MyBody.ee - Toidulisandid ja sporditarvikud\" \/>\n<meta property=\"og:description\" content=\"ICONFIT Crunchy Superseeds on m\u00f5nus kr\u00f5be supersegu Sinu smuutile v\u00f5i pudrule lisamiseks. Koosneb vaid looduslikest koostisosadest ja on pungil t\u00e4is kasulikke toitaineid.\" \/>\n<meta property=\"og:url\" content=\"https:\/\/mybody5.ee.mybody.ee\/proov\/product\/iconfit-crunchy-superseemned-300g\/\" \/>\n<meta property=\"og:site_name\" content=\"supplero\" \/>\n<meta property=\"article:publisher\" content=\"https:\/\/facebook.com\/MyBody.ee\/\" \/>\n<meta property=\"og:image\" content=\"https:\/\/mybody5.ee.mybody.ee\/proov\/wp-content\/uploads\/2023\/11\/mybody_logo_h65.png\" \/>\n\t<meta property=\"og:image:width\" content=\"229\" \/>\n\t<meta property=\"og:image:height\" content=\"65\" \/>\n\t<meta property=\"og:image:type\" content=\"image\/png\" \/>\n<meta name=\"twitter:card\" content=\"summary_large_image\" \/>\n<meta name=\"twitter:label1\" content=\"Est. reading time\" \/>\n\t<meta name=\"twitter:data1\" content=\"2 minutit\" \/>\n<script type=\"application\/ld+json\" class=\"yoast-schema-graph\">{\"@context\":\"https:\\\/\\\/schema.org\",\"@graph\":[{\"@type\":\"WebPage\",\"@id\":\"https:\\\/\\\/mybody5.ee.mybody.ee\\\/proov\\\/product\\\/iconfit-crunchy-superseemned-300g\\\/\",\"url\":\"https:\\\/\\\/mybody5.ee.mybody.ee\\\/proov\\\/product\\\/iconfit-crunchy-superseemned-300g\\\/\",\"name\":\"ICONFIT Crunchy Superseemned (300g)- MyBody.ee - Toidulisandid ja sporditarvikud\",\"isPartOf\":{\"@id\":\"https:\\\/\\\/mybody5.ee.mybody.ee\\\/proov\\\/#website\"},\"datePublished\":\"2021-05-25T13:58:04+00:00\",\"description\":\"ICONFIT Crunchy Superseeds on m\u00f5nus kr\u00f5be supersegu Sinu smuutile v\u00f5i pudrule lisamiseks. Koosneb vaid looduslikest koostisosadest ja on pungil t\u00e4is kasulikke toitaineid.\",\"breadcrumb\":{\"@id\":\"https:\\\/\\\/mybody5.ee.mybody.ee\\\/proov\\\/product\\\/iconfit-crunchy-superseemned-300g\\\/#breadcrumb\"},\"inLanguage\":\"et\",\"potentialAction\":[{\"@type\":\"ReadAction\",\"target\":[\"https:\\\/\\\/mybody5.ee.mybody.ee\\\/proov\\\/product\\\/iconfit-crunchy-superseemned-300g\\\/\"]}]},{\"@type\":\"BreadcrumbList\",\"@id\":\"https:\\\/\\\/mybody5.ee.mybody.ee\\\/proov\\\/product\\\/iconfit-crunchy-superseemned-300g\\\/#breadcrumb\",\"itemListElement\":[{\"@type\":\"ListItem\",\"position\":1,\"name\":\"Home\",\"item\":\"https:\\\/\\\/mybody5.ee.mybody.ee\\\/proov\\\/\"},{\"@type\":\"ListItem\",\"position\":2,\"name\":\"Shop\",\"item\":\"https:\\\/\\\/mybody5.ee.mybody.ee\\\/proov\\\/shop\\\/\"},{\"@type\":\"ListItem\",\"position\":3,\"name\":\"ICONFIT Crunchy Superseemned (300g)\"}]},{\"@type\":\"WebSite\",\"@id\":\"https:\\\/\\\/mybody5.ee.mybody.ee\\\/proov\\\/#website\",\"url\":\"https:\\\/\\\/mybody5.ee.mybody.ee\\\/proov\\\/\",\"name\":\"MyBody.ee - Toidulisandid ja sporditarvikud\",\"description\":\"Just another WordPress site\",\"publisher\":{\"@id\":\"https:\\\/\\\/mybody5.ee.mybody.ee\\\/proov\\\/#organization\"},\"potentialAction\":[{\"@type\":\"SearchAction\",\"target\":{\"@type\":\"EntryPoint\",\"urlTemplate\":\"https:\\\/\\\/mybody5.ee.mybody.ee\\\/proov\\\/?s={search_term_string}\"},\"query-input\":{\"@type\":\"PropertyValueSpecification\",\"valueRequired\":true,\"valueName\":\"search_term_string\"}}],\"inLanguage\":\"et\"},{\"@type\":\"Organization\",\"@id\":\"https:\\\/\\\/mybody5.ee.mybody.ee\\\/proov\\\/#organization\",\"name\":\"MyBody.ee\",\"url\":\"https:\\\/\\\/mybody5.ee.mybody.ee\\\/proov\\\/\",\"logo\":{\"@type\":\"ImageObject\",\"inLanguage\":\"et\",\"@id\":\"https:\\\/\\\/mybody5.ee.mybody.ee\\\/proov\\\/#\\\/schema\\\/logo\\\/image\\\/\",\"url\":\"https:\\\/\\\/mybody5.ee.mybody.ee\\\/proov\\\/wp-content\\\/uploads\\\/2023\\\/11\\\/mybody_logo_h65-2.png\",\"contentUrl\":\"https:\\\/\\\/mybody5.ee.mybody.ee\\\/proov\\\/wp-content\\\/uploads\\\/2023\\\/11\\\/mybody_logo_h65-2.png\",\"width\":229,\"height\":65,\"caption\":\"MyBody.ee\"},\"image\":{\"@id\":\"https:\\\/\\\/mybody5.ee.mybody.ee\\\/proov\\\/#\\\/schema\\\/logo\\\/image\\\/\"},\"sameAs\":[\"https:\\\/\\\/facebook.com\\\/MyBody.ee\\\/\"]}]}<\/script>\n<!-- \/ Yoast SEO plugin. -->","yoast_head_json":{"title":"ICONFIT Crunchy Superseemned (300g)- MyBody.ee - Toidulisandid ja sporditarvikud","description":"ICONFIT Crunchy Superseeds on m\u00f5nus kr\u00f5be supersegu Sinu smuutile v\u00f5i pudrule lisamiseks. Koosneb vaid looduslikest koostisosadest ja on pungil t\u00e4is kasulikke toitaineid.","robots":{"index":"index","follow":"follow","max-snippet":"max-snippet:-1","max-image-preview":"max-image-preview:large","max-video-preview":"max-video-preview:-1"},"canonical":"https:\/\/mybody5.ee.mybody.ee\/proov\/product\/iconfit-crunchy-superseemned-300g\/","og_locale":"et_EE","og_type":"article","og_title":"ICONFIT Crunchy Superseemned (300g)- MyBody.ee - Toidulisandid ja sporditarvikud","og_description":"ICONFIT Crunchy Superseeds on m\u00f5nus kr\u00f5be supersegu Sinu smuutile v\u00f5i pudrule lisamiseks. Koosneb vaid looduslikest koostisosadest ja on pungil t\u00e4is kasulikke toitaineid.","og_url":"https:\/\/mybody5.ee.mybody.ee\/proov\/product\/iconfit-crunchy-superseemned-300g\/","og_site_name":"supplero","article_publisher":"https:\/\/facebook.com\/MyBody.ee\/","og_image":[{"width":229,"height":65,"url":"https:\/\/mybody5.ee.mybody.ee\/proov\/wp-content\/uploads\/2023\/11\/mybody_logo_h65.png","type":"image\/png"}],"twitter_card":"summary_large_image","twitter_misc":{"Est. reading time":"2 minutit"},"schema":{"@context":"https:\/\/schema.org","@graph":[{"@type":"WebPage","@id":"https:\/\/mybody5.ee.mybody.ee\/proov\/product\/iconfit-crunchy-superseemned-300g\/","url":"https:\/\/mybody5.ee.mybody.ee\/proov\/product\/iconfit-crunchy-superseemned-300g\/","name":"ICONFIT Crunchy Superseemned (300g)- MyBody.ee - Toidulisandid ja sporditarvikud","isPartOf":{"@id":"https:\/\/mybody5.ee.mybody.ee\/proov\/#website"},"datePublished":"2021-05-25T13:58:04+00:00","description":"ICONFIT Crunchy Superseeds on m\u00f5nus kr\u00f5be supersegu Sinu smuutile v\u00f5i pudrule lisamiseks. Koosneb vaid looduslikest koostisosadest ja on pungil t\u00e4is kasulikke toitaineid.","breadcrumb":{"@id":"https:\/\/mybody5.ee.mybody.ee\/proov\/product\/iconfit-crunchy-superseemned-300g\/#breadcrumb"},"inLanguage":"et","potentialAction":[{"@type":"ReadAction","target":["https:\/\/mybody5.ee.mybody.ee\/proov\/product\/iconfit-crunchy-superseemned-300g\/"]}]},{"@type":"BreadcrumbList","@id":"https:\/\/mybody5.ee.mybody.ee\/proov\/product\/iconfit-crunchy-superseemned-300g\/#breadcrumb","itemListElement":[{"@type":"ListItem","position":1,"name":"Home","item":"https:\/\/mybody5.ee.mybody.ee\/proov\/"},{"@type":"ListItem","position":2,"name":"Shop","item":"https:\/\/mybody5.ee.mybody.ee\/proov\/shop\/"},{"@type":"ListItem","position":3,"name":"ICONFIT Crunchy Superseemned (300g)"}]},{"@type":"WebSite","@id":"https:\/\/mybody5.ee.mybody.ee\/proov\/#website","url":"https:\/\/mybody5.ee.mybody.ee\/proov\/","name":"MyBody.ee - Toidulisandid ja sporditarvikud","description":"Just another WordPress site","publisher":{"@id":"https:\/\/mybody5.ee.mybody.ee\/proov\/#organization"},"potentialAction":[{"@type":"SearchAction","target":{"@type":"EntryPoint","urlTemplate":"https:\/\/mybody5.ee.mybody.ee\/proov\/?s={search_term_string}"},"query-input":{"@type":"PropertyValueSpecification","valueRequired":true,"valueName":"search_term_string"}}],"inLanguage":"et"},{"@type":"Organization","@id":"https:\/\/mybody5.ee.mybody.ee\/proov\/#organization","name":"MyBody.ee","url":"https:\/\/mybody5.ee.mybody.ee\/proov\/","logo":{"@type":"ImageObject","inLanguage":"et","@id":"https:\/\/mybody5.ee.mybody.ee\/proov\/#\/schema\/logo\/image\/","url":"https:\/\/mybody5.ee.mybody.ee\/proov\/wp-content\/uploads\/2023\/11\/mybody_logo_h65-2.png","contentUrl":"https:\/\/mybody5.ee.mybody.ee\/proov\/wp-content\/uploads\/2023\/11\/mybody_logo_h65-2.png","width":229,"height":65,"caption":"MyBody.ee"},"image":{"@id":"https:\/\/mybody5.ee.mybody.ee\/proov\/#\/schema\/logo\/image\/"},"sameAs":["https:\/\/facebook.com\/MyBody.ee\/"]}]}},"_links":{"self":[{"href":"https:\/\/mybody5.ee.mybody.ee\/proov\/wp-json\/wp\/v2\/product\/1001","targetHints":{"allow":["GET"]}}],"collection":[{"href":"https:\/\/mybody5.ee.mybody.ee\/proov\/wp-json\/wp\/v2\/product"}],"about":[{"href":"https:\/\/mybody5.ee.mybody.ee\/proov\/wp-json\/wp\/v2\/types\/product"}],"replies":[{"embeddable":true,"href":"https:\/\/mybody5.ee.mybody.ee\/proov\/wp-json\/wp\/v2\/comments?post=1001"}],"wp:attachment":[{"href":"https:\/\/mybody5.ee.mybody.ee\/proov\/wp-json\/wp\/v2\/media?parent=1001"}],"wp:term":[{"taxonomy":"product_cat","embeddable":true,"href":"https:\/\/mybody5.ee.mybody.ee\/proov\/wp-json\/wp\/v2\/product_cat?post=1001"},{"taxonomy":"product_tag","embeddable":true,"href":"https:\/\/mybody5.ee.mybody.ee\/proov\/wp-json\/wp\/v2\/product_tag?post=1001"}],"curies":[{"name":"wp","href":"https:\/\/api.w.org\/{rel}","templated":true}]}}