{"id":1008,"date":"2021-09-03T14:41:40","date_gmt":"2021-09-03T14:41:40","guid":{"rendered":"https:\/\/mybody5.ee.mybody.ee\/proov\/product\/taastusjoogipulber-sportlastele-ja-harrastajatele-self-mass-active-gainer-2kg\/"},"modified":"2021-09-03T14:41:40","modified_gmt":"2021-09-03T14:41:40","slug":"taastusjoogipulber-sportlastele-ja-harrastajatele-self-mass-active-gainer-2kg","status":"publish","type":"product","link":"https:\/\/mybody5.ee.mybody.ee\/proov\/product\/taastusjoogipulber-sportlastele-ja-harrastajatele-self-mass-active-gainer-2kg\/","title":{"rendered":"Taastusjoogipulber sportlastele ja harrastajatele- SELF Mass Active Gainer 2kg"},"content":{"rendered":"<p><b>BB: 07.2023<\/b><\/p>\n<p><strong>Mass Active Gainer on v\u00e4hese laktoosisisaldusega taastusjoogipulber, mis sisaldab optimaalses vahekorras s\u00fcsivesikuid, valke, tervislike \u00f5lisid, vitamiine ja mineraale.<\/strong><\/p>\n<p><strong>Mass Active Gainer<\/strong><strong>&nbsp;<\/strong>on toidulisand magusainega, mis sobib kasutamiseks k\u00f5ikidele sportlastele enne ja p\u00e4rast treeningut taastumise kiirendamiseks. Uuringud ja praktiline kogemus t\u00f5endavad, et valku ja s\u00fcsivesikuid sisaldavad spordijoogid kiirendavad taastumist efektiivsemalt kui ainult s\u00fcsivesikuid sisaldavad joogid. Active Whey Gainer sisaldab vadakuvalku mis aitab taastada lihaskonda ja s\u00fcsivesikud mis aitavad taastada energiavarusid.&nbsp;Valkude ja s\u00fcsivesikute suhe on 1:2 mis aitab&nbsp;tagada &nbsp;maksimaalse taastumise ja rasvavaba lihasmassi.<\/p>\n<p><strong>Mass Active Gainer<\/strong>&nbsp;sisaldab ka kookos\u00f5li mis on hea kasutada kaalulangetamisel, see ei ladestu keha rasvkoesse ning soodustab hoopis rasvade p\u00f5letamist. Kookos\u00f5li annab energiat, kiirendab ainevahetust, t\u00f5stab immuunsust ning koguni aitab alandada halva kolesterooli taset. K\u00f5ik need kookos\u00f5li omadused tulenevad \u00fchest k\u00fcljest rasvhappe ahela pikkusest ning teisalt lauriinhappe ja kapr\u00fc\u00fclhappe sisaldusest, millel on antimikroobne, antioks\u00fcdantne, seene-ja bakteritevastane m\u00f5ju.<\/p>\n<p><strong>Mass Active Gainer<\/strong>&nbsp;lahustub h\u00e4sti vedelikes ja maitseb h\u00e4sti. Sobib ka noortele harjutajatele, kellele on piisab pool t\u00e4iskasvanutele m\u00f5eldud kogusest.<\/p>\n<p>Toodet on rikastatud vitamiinidega, et k\u00f5ik vajadused saaksid trennij\u00e4rgselt kaetud. T\u00e4nu vitamiinide sisaldusele on v\u00f5imalik toodet kasutada p\u00e4eva jooksul&nbsp;asendamaks toidukorda \u2013 saad maitsva t\u00e4isv\u00e4\u00e4rtusliku kokteili!<\/p>\n<h3>Omadused<\/h3>\n<ul>\n<li>Kiirendab m\u00e4rgatavalt lihaste taastumist treeningutest<\/li>\n<li>Sobib k\u00f5ikide spordialade harrastajatele<\/li>\n<li>Rikastatud vitamiinidega<\/li>\n<li>Parim valkude ja s\u00fcsivesikute proportsioon<\/li>\n<li>Maitseb h\u00e4sti \u2013 k\u00f5ik naturaalsed maitsed<\/li>\n<li>Seguneb hetkega \u2013 pehme ja kreemjas<\/li>\n<li>Madal GI<\/li>\n<li>Sobilik ka taimetoitlastele ja diabeetikutele<\/li>\n<\/ul>\n<h3>Kasutamine<\/h3>\n<p>Toodet tuleks kasutada 60-100g, 1-2 korda p\u00e4evas segatuna 300ml-400ml vee v\u00f5i piimaga. Kindlasti peale treeningut ja p\u00e4eval n\u00e4iteks asendamaks toidukorda. Sobib kombineerida kreatiiniga ja aminohapetega. Vastavalt spordiala spetsiifikale ja valgu\/s\u00fcsivesiku vajadusele v\u00f5ib soovitatavat kogust muuta.<\/p>\n<h3>Kellele sobib?<\/h3>\n<p><strong>Mass Active Gainer<\/strong><strong><span style=\"font-size:12px\">&nbsp;<\/span><\/strong>sobib&nbsp;taastumiseks erienevate spordialade harrastajatele, kes peavad lugu k\u00f5rgkvaliteedilisest ja mitmek\u00fclgsest taastusjoogist.<strong><span style=\"font-size:12px\"> <\/span><\/strong>Vastavalt spordiala spetsiifikale ja valgu\/s\u00fcsivesiku vajadusele v\u00f5ib soovitusliku kogust muuta. J\u00f5u -ja kesvusaladel vastavalt kehakaalule ja perioodile(kaalu t\u00f5us\/langetus) 60-100g toodet. Samuti v\u00f5ib tootele lisada kreatiini, aminohappeid jm vajalikke toidulisandeid, kui pole soovitatud teisiti.<\/p>\n<h3>Pakend: <span style=\"font-size:12px;\"><span style=\"font-family: arial,helvetica,sans-serif;\">2000g<\/span><\/span><\/h3>\n<p><span style=\"font-size: 18px;\"><strong>UUED V\u00c4RSKED MAITSED!!!<\/strong><\/span><\/p>\n<h3>Maitsed: <span style=\"font-family:arial,helvetica,sans-serif;\"><span style=\"font-size: 12px;\">\u0161okolaadi, soolatud karamell, valge \u0161okolaadi maasikas, p\u00e4hklikommi, cappuccino, \u0161okolaadi sarapuup\u00e4hkli, piim-\u0161okolaad, vanilje<\/span><\/span><\/h3>\n<table border=\"1\" cellpadding=\"1\" cellspacing=\"1\" style=\"height:404px; width:499px\">\n<tbody>\n<tr>\n<td colspan=\"4\"><strong><span style=\"font-size:12px\">Active Whey Gainer <\/span>toitev\u00e4\u00e4rtus 100 toote kohta:<\/strong><\/td>\n<\/tr>\n<tr>\n<td colspan=\"2\" rowspan=\"1\">Energiat<\/td>\n<td colspan=\"2\" rowspan=\"1\">1697kJ\/405kcal<\/td>\n<\/tr>\n<tr>\n<td colspan=\"2\" rowspan=\"1\">Valke<\/td>\n<td colspan=\"2\" rowspan=\"1\">30g<\/td>\n<\/tr>\n<tr>\n<td colspan=\"2\" rowspan=\"1\">S\u00fcsivesikuid<br \/> \t\t\tmilles suhkrud<\/td>\n<td colspan=\"2\" rowspan=\"1\">60g<br \/> \t\t\t13g<\/td>\n<\/tr>\n<tr>\n<td colspan=\"2\" rowspan=\"1\">Rasva<br \/> \t\t\tmillest k\u00fcllastunud<\/td>\n<td colspan=\"2\" rowspan=\"1\">5g<br \/>4g<\/td>\n<\/tr>\n<tr>\n<td colspan=\"2\">Kiudained<\/td>\n<td colspan=\"2\">1g<\/td>\n<\/tr>\n<tr>\n<td colspan=\"2\">Sool<\/td>\n<td colspan=\"2\">0,05g<\/td>\n<\/tr>\n<tr>\n<td colspan=\"4\" style=\"text-align: center;\"><strong>VITAMIINID JA MINERAALID<\/strong><\/td>\n<\/tr>\n<tr>\n<td>Vitamiin A<\/td>\n<td>200mcg<\/td>\n<td>Biotiin<\/td>\n<td>12,5mcg<\/td>\n<\/tr>\n<tr>\n<td>Vitamiin D<\/td>\n<td>1,25mcg<\/td>\n<td>Vitamiin C<\/td>\n<td>20mg<\/td>\n<\/tr>\n<tr>\n<td>Vitamiin E<\/td>\n<td>3,0mg<\/td>\n<td>Raud<\/td>\n<td>3,5mg<\/td>\n<\/tr>\n<tr>\n<td>Vitamiin B1<\/td>\n<td>0,28mg<\/td>\n<td>Tsink<\/td>\n<td>2,5mg<\/td>\n<\/tr>\n<tr>\n<td>Vitamiin B2<\/td>\n<td>0,70mg<\/td>\n<td>Vask<\/td>\n<td>0,25mg<\/td>\n<\/tr>\n<tr>\n<td>Niatsiin<\/td>\n<td>4,0mg<\/td>\n<td>Jood<\/td>\n<td>37,5mcg<\/td>\n<\/tr>\n<tr>\n<td>Pantoteenhape<\/td>\n<td>2,0mg<\/td>\n<td>Kroom<\/td>\n<td>10mcg<\/td>\n<\/tr>\n<tr>\n<td>Vitamiin B6<\/td>\n<td>0,35mg<\/td>\n<td>Mangaan<\/td>\n<td>0,5mg<\/td>\n<\/tr>\n<tr>\n<td>Vitamiin B12<\/td>\n<td>0,63mcg<\/td>\n<td>Seleen<\/td>\n<td>13,8mcg<\/td>\n<\/tr>\n<tr>\n<td>Foolhape<\/td>\n<td>50mcg<\/td>\n<td colspan=\"2\" rowspan=\"1\" style=\"text-align: center;\"><strong>25% EU-RDA*<\/strong><\/td>\n<\/tr>\n<tr>\n<td colspan=\"4\">\n<p><span style=\"font-size:10px;\">Koostis:<span style=\"font-family: arial,helvetica,sans-serif;\"> Maltodekstriin maisist, vadakuvalk piimast, sool, gl\u00fcsiin, l-alaniin, l-l\u00fcsiin, (GlyciPEPtm ) stabilisaator (E466), emulgaator (E322 p\u00e4evalille), happesuse regulator (E270), vitmiinide-mineraalide segu magustaja (sukraloos, E950 E955),&nbsp;<\/span><\/span><span style=\"font-family: arial, helvetica, sans-serif; font-size: 10px;\">v\u00e4hendatud rasvadega kakao 3,2% sokolaadi maitselises,&nbsp;<\/span><\/p>\n<\/td>\n<\/tr>\n<\/tbody>\n<\/table>\n<p><span style=\"font-family: HelveticaNeue; font-size: 12px;\">Hoiatus: toode ei ole sobilik lastele, rasedatele ja rinnaga toitvatele naistele ilma arstiga konsulteerimata. Hoida lastele k\u00e4ttesaamatus kohas. Ei ole m\u00f5eldud asendama mitmek\u00fclgset ja tasakaalustatud toitumist. \u00c4rge \u00fcletage soovituslikku p\u00e4evast kogust! Hoida kuivas, temperatuuril alla 2-22\u00baC. Hoida mitte k\u00e4ttesaadav alla 3 aastaste laste eest. Hoida k\u00fclmumise eest. &nbsp;Parim enne: vaata pakendilt. Maaletooja MyBody O\u00dc, Tondi 84, Tallinn, 11316, Harjumaa. Tel: +372 523 1960, e-mail info@mybody.ee. P\u00e4ritolumaa: Rootsi.<\/span><\/p>\n<h3>Konsultatsioon<\/h3>\n<ul>\n<li>Oled oodatud Tasuta konsultatsioonile MYBODY Audentesesse,<\/li>\n<li>Asukoht: Audentese Spordikeskusesse, Tondi 84.<\/li>\n<li>Telefon EST\/RUS\/ENG +372&nbsp;523 1960<\/li>\n<li>Telefon EST\/ENG +372 56&nbsp;458&nbsp;688<\/li>\n<li><a href=\"mailto:info@mybody.ee\">info@mybody.ee<\/a><\/li>\n<li><a href=\"http:\/\/www.facebook.com\/mybody.ee\">www.facebook.com\/mybody.ee<\/a><\/li>\n<\/ul>\n","protected":false},"excerpt":{"rendered":"<p>BB: 07.2023 Mass Active Gainer on v\u00e4hese laktoosisisaldusega taastusjoogipulber, mis sisaldab optimaalses vahekorras s\u00fcsivesikuid, valke, tervislike \u00f5lisid, vitamiine ja mineraale. Mass Active Gainer&nbsp;on toidulisand magusainega, mis sobib kasutamiseks k\u00f5ikidele sportlastele enne ja p\u00e4rast treeningut taastumise kiirendamiseks. Uuringud ja praktiline kogemus t\u00f5endavad, et valku ja s\u00fcsivesikuid sisaldavad spordijoogid kiirendavad taastumist efektiivsemalt kui ainult s\u00fcsivesikuid sisaldavad joogid. [&hellip;]<\/p>\n","protected":false},"featured_media":0,"comment_status":"open","ping_status":"closed","template":"","meta":{"inline_featured_image":false},"product_cat":[24,29,34,35,36],"product_tag":[],"class_list":{"0":"post-1008","1":"product","2":"type-product","3":"status-publish","5":"product_cat-massilisajad-taastajad","6":"product_cat-sooduspakkumised","7":"product_cat-sportmangud","8":"product_cat-vastupidavusalad","9":"product_cat-voitluskunstid","10":"pa_energia-405kcal","11":"pa_kogusg-2000g","12":"pa_kunakasutada-parasttrenni","13":"pa_maitse-cappuccino","14":"pa_maitse-18-peanutbutterchocolatemaapa","15":"pa_maitse-soolakaramell","16":"pa_maitse-valgepahklikommi","17":"pa_rasvad-7g","18":"pa_susivesikud-60g","19":"pa_valgud-30g","20":"pa_vorm-pulber","22":"first","23":"instock","24":"shipping-taxable","25":"purchasable","26":"product-type-variable"},"yoast_head":"<!-- This site is optimized with the Yoast SEO plugin v27.3 - https:\/\/yoast.com\/product\/yoast-seo-wordpress\/ -->\n<title>Taastusjoogipulber sportlastele ja harrastajatele- SELF Active Whey Gainer 2kg - MyBody.ee - Toidulisandid ja sporditarvikud<\/title>\n<meta name=\"description\" content=\"Active Whey Gainer on v\u00e4hese laktoosisisaldusega taastusjoogipulber, mis sisaldab\" \/>\n<meta name=\"robots\" content=\"index, follow, max-snippet:-1, max-image-preview:large, max-video-preview:-1\" \/>\n<link rel=\"canonical\" href=\"https:\/\/mybody5.ee.mybody.ee\/proov\/product\/taastusjoogipulber-sportlastele-ja-harrastajatele-self-mass-active-gainer-2kg\/\" \/>\n<meta property=\"og:locale\" content=\"et_EE\" \/>\n<meta property=\"og:type\" content=\"article\" \/>\n<meta property=\"og:title\" content=\"Taastusjoogipulber sportlastele ja harrastajatele- SELF Active Whey Gainer 2kg - MyBody.ee - Toidulisandid ja sporditarvikud\" \/>\n<meta property=\"og:description\" content=\"Active Whey Gainer on v\u00e4hese laktoosisisaldusega taastusjoogipulber, mis sisaldab\" \/>\n<meta property=\"og:url\" content=\"https:\/\/mybody5.ee.mybody.ee\/proov\/product\/taastusjoogipulber-sportlastele-ja-harrastajatele-self-mass-active-gainer-2kg\/\" \/>\n<meta property=\"og:site_name\" content=\"supplero\" \/>\n<meta property=\"article:publisher\" content=\"https:\/\/facebook.com\/MyBody.ee\/\" \/>\n<meta property=\"og:image\" content=\"https:\/\/mybody5.ee.mybody.ee\/proov\/wp-content\/uploads\/2023\/11\/mybody_logo_h65.png\" \/>\n\t<meta property=\"og:image:width\" content=\"229\" \/>\n\t<meta property=\"og:image:height\" content=\"65\" \/>\n\t<meta property=\"og:image:type\" content=\"image\/png\" \/>\n<meta name=\"twitter:card\" content=\"summary_large_image\" \/>\n<meta name=\"twitter:label1\" content=\"Est. reading time\" \/>\n\t<meta name=\"twitter:data1\" content=\"3 minutit\" \/>\n<script type=\"application\/ld+json\" class=\"yoast-schema-graph\">{\"@context\":\"https:\\\/\\\/schema.org\",\"@graph\":[{\"@type\":\"WebPage\",\"@id\":\"https:\\\/\\\/mybody5.ee.mybody.ee\\\/proov\\\/product\\\/taastusjoogipulber-sportlastele-ja-harrastajatele-self-mass-active-gainer-2kg\\\/\",\"url\":\"https:\\\/\\\/mybody5.ee.mybody.ee\\\/proov\\\/product\\\/taastusjoogipulber-sportlastele-ja-harrastajatele-self-mass-active-gainer-2kg\\\/\",\"name\":\"Taastusjoogipulber sportlastele ja harrastajatele- SELF Active Whey Gainer 2kg - MyBody.ee - Toidulisandid ja sporditarvikud\",\"isPartOf\":{\"@id\":\"https:\\\/\\\/mybody5.ee.mybody.ee\\\/proov\\\/#website\"},\"datePublished\":\"2021-09-03T14:41:40+00:00\",\"description\":\"Active Whey Gainer on v\u00e4hese laktoosisisaldusega taastusjoogipulber, mis sisaldab\",\"breadcrumb\":{\"@id\":\"https:\\\/\\\/mybody5.ee.mybody.ee\\\/proov\\\/product\\\/taastusjoogipulber-sportlastele-ja-harrastajatele-self-mass-active-gainer-2kg\\\/#breadcrumb\"},\"inLanguage\":\"et\",\"potentialAction\":[{\"@type\":\"ReadAction\",\"target\":[\"https:\\\/\\\/mybody5.ee.mybody.ee\\\/proov\\\/product\\\/taastusjoogipulber-sportlastele-ja-harrastajatele-self-mass-active-gainer-2kg\\\/\"]}]},{\"@type\":\"BreadcrumbList\",\"@id\":\"https:\\\/\\\/mybody5.ee.mybody.ee\\\/proov\\\/product\\\/taastusjoogipulber-sportlastele-ja-harrastajatele-self-mass-active-gainer-2kg\\\/#breadcrumb\",\"itemListElement\":[{\"@type\":\"ListItem\",\"position\":1,\"name\":\"Home\",\"item\":\"https:\\\/\\\/mybody5.ee.mybody.ee\\\/proov\\\/\"},{\"@type\":\"ListItem\",\"position\":2,\"name\":\"Shop\",\"item\":\"https:\\\/\\\/mybody5.ee.mybody.ee\\\/proov\\\/shop\\\/\"},{\"@type\":\"ListItem\",\"position\":3,\"name\":\"Taastusjoogipulber sportlastele ja harrastajatele- SELF Mass Active Gainer 2kg\"}]},{\"@type\":\"WebSite\",\"@id\":\"https:\\\/\\\/mybody5.ee.mybody.ee\\\/proov\\\/#website\",\"url\":\"https:\\\/\\\/mybody5.ee.mybody.ee\\\/proov\\\/\",\"name\":\"MyBody.ee - Toidulisandid ja sporditarvikud\",\"description\":\"Just another WordPress site\",\"publisher\":{\"@id\":\"https:\\\/\\\/mybody5.ee.mybody.ee\\\/proov\\\/#organization\"},\"potentialAction\":[{\"@type\":\"SearchAction\",\"target\":{\"@type\":\"EntryPoint\",\"urlTemplate\":\"https:\\\/\\\/mybody5.ee.mybody.ee\\\/proov\\\/?s={search_term_string}\"},\"query-input\":{\"@type\":\"PropertyValueSpecification\",\"valueRequired\":true,\"valueName\":\"search_term_string\"}}],\"inLanguage\":\"et\"},{\"@type\":\"Organization\",\"@id\":\"https:\\\/\\\/mybody5.ee.mybody.ee\\\/proov\\\/#organization\",\"name\":\"MyBody.ee\",\"url\":\"https:\\\/\\\/mybody5.ee.mybody.ee\\\/proov\\\/\",\"logo\":{\"@type\":\"ImageObject\",\"inLanguage\":\"et\",\"@id\":\"https:\\\/\\\/mybody5.ee.mybody.ee\\\/proov\\\/#\\\/schema\\\/logo\\\/image\\\/\",\"url\":\"https:\\\/\\\/mybody5.ee.mybody.ee\\\/proov\\\/wp-content\\\/uploads\\\/2023\\\/11\\\/mybody_logo_h65-2.png\",\"contentUrl\":\"https:\\\/\\\/mybody5.ee.mybody.ee\\\/proov\\\/wp-content\\\/uploads\\\/2023\\\/11\\\/mybody_logo_h65-2.png\",\"width\":229,\"height\":65,\"caption\":\"MyBody.ee\"},\"image\":{\"@id\":\"https:\\\/\\\/mybody5.ee.mybody.ee\\\/proov\\\/#\\\/schema\\\/logo\\\/image\\\/\"},\"sameAs\":[\"https:\\\/\\\/facebook.com\\\/MyBody.ee\\\/\"]}]}<\/script>\n<!-- \/ Yoast SEO plugin. -->","yoast_head_json":{"title":"Taastusjoogipulber sportlastele ja harrastajatele- SELF Active Whey Gainer 2kg - MyBody.ee - Toidulisandid ja sporditarvikud","description":"Active Whey Gainer on v\u00e4hese laktoosisisaldusega taastusjoogipulber, mis sisaldab","robots":{"index":"index","follow":"follow","max-snippet":"max-snippet:-1","max-image-preview":"max-image-preview:large","max-video-preview":"max-video-preview:-1"},"canonical":"https:\/\/mybody5.ee.mybody.ee\/proov\/product\/taastusjoogipulber-sportlastele-ja-harrastajatele-self-mass-active-gainer-2kg\/","og_locale":"et_EE","og_type":"article","og_title":"Taastusjoogipulber sportlastele ja harrastajatele- SELF Active Whey Gainer 2kg - MyBody.ee - Toidulisandid ja sporditarvikud","og_description":"Active Whey Gainer on v\u00e4hese laktoosisisaldusega taastusjoogipulber, mis sisaldab","og_url":"https:\/\/mybody5.ee.mybody.ee\/proov\/product\/taastusjoogipulber-sportlastele-ja-harrastajatele-self-mass-active-gainer-2kg\/","og_site_name":"supplero","article_publisher":"https:\/\/facebook.com\/MyBody.ee\/","og_image":[{"width":229,"height":65,"url":"https:\/\/mybody5.ee.mybody.ee\/proov\/wp-content\/uploads\/2023\/11\/mybody_logo_h65.png","type":"image\/png"}],"twitter_card":"summary_large_image","twitter_misc":{"Est. reading time":"3 minutit"},"schema":{"@context":"https:\/\/schema.org","@graph":[{"@type":"WebPage","@id":"https:\/\/mybody5.ee.mybody.ee\/proov\/product\/taastusjoogipulber-sportlastele-ja-harrastajatele-self-mass-active-gainer-2kg\/","url":"https:\/\/mybody5.ee.mybody.ee\/proov\/product\/taastusjoogipulber-sportlastele-ja-harrastajatele-self-mass-active-gainer-2kg\/","name":"Taastusjoogipulber sportlastele ja harrastajatele- SELF Active Whey Gainer 2kg - MyBody.ee - Toidulisandid ja sporditarvikud","isPartOf":{"@id":"https:\/\/mybody5.ee.mybody.ee\/proov\/#website"},"datePublished":"2021-09-03T14:41:40+00:00","description":"Active Whey Gainer on v\u00e4hese laktoosisisaldusega taastusjoogipulber, mis sisaldab","breadcrumb":{"@id":"https:\/\/mybody5.ee.mybody.ee\/proov\/product\/taastusjoogipulber-sportlastele-ja-harrastajatele-self-mass-active-gainer-2kg\/#breadcrumb"},"inLanguage":"et","potentialAction":[{"@type":"ReadAction","target":["https:\/\/mybody5.ee.mybody.ee\/proov\/product\/taastusjoogipulber-sportlastele-ja-harrastajatele-self-mass-active-gainer-2kg\/"]}]},{"@type":"BreadcrumbList","@id":"https:\/\/mybody5.ee.mybody.ee\/proov\/product\/taastusjoogipulber-sportlastele-ja-harrastajatele-self-mass-active-gainer-2kg\/#breadcrumb","itemListElement":[{"@type":"ListItem","position":1,"name":"Home","item":"https:\/\/mybody5.ee.mybody.ee\/proov\/"},{"@type":"ListItem","position":2,"name":"Shop","item":"https:\/\/mybody5.ee.mybody.ee\/proov\/shop\/"},{"@type":"ListItem","position":3,"name":"Taastusjoogipulber sportlastele ja harrastajatele- SELF Mass Active Gainer 2kg"}]},{"@type":"WebSite","@id":"https:\/\/mybody5.ee.mybody.ee\/proov\/#website","url":"https:\/\/mybody5.ee.mybody.ee\/proov\/","name":"MyBody.ee - Toidulisandid ja sporditarvikud","description":"Just another WordPress site","publisher":{"@id":"https:\/\/mybody5.ee.mybody.ee\/proov\/#organization"},"potentialAction":[{"@type":"SearchAction","target":{"@type":"EntryPoint","urlTemplate":"https:\/\/mybody5.ee.mybody.ee\/proov\/?s={search_term_string}"},"query-input":{"@type":"PropertyValueSpecification","valueRequired":true,"valueName":"search_term_string"}}],"inLanguage":"et"},{"@type":"Organization","@id":"https:\/\/mybody5.ee.mybody.ee\/proov\/#organization","name":"MyBody.ee","url":"https:\/\/mybody5.ee.mybody.ee\/proov\/","logo":{"@type":"ImageObject","inLanguage":"et","@id":"https:\/\/mybody5.ee.mybody.ee\/proov\/#\/schema\/logo\/image\/","url":"https:\/\/mybody5.ee.mybody.ee\/proov\/wp-content\/uploads\/2023\/11\/mybody_logo_h65-2.png","contentUrl":"https:\/\/mybody5.ee.mybody.ee\/proov\/wp-content\/uploads\/2023\/11\/mybody_logo_h65-2.png","width":229,"height":65,"caption":"MyBody.ee"},"image":{"@id":"https:\/\/mybody5.ee.mybody.ee\/proov\/#\/schema\/logo\/image\/"},"sameAs":["https:\/\/facebook.com\/MyBody.ee\/"]}]}},"_links":{"self":[{"href":"https:\/\/mybody5.ee.mybody.ee\/proov\/wp-json\/wp\/v2\/product\/1008","targetHints":{"allow":["GET"]}}],"collection":[{"href":"https:\/\/mybody5.ee.mybody.ee\/proov\/wp-json\/wp\/v2\/product"}],"about":[{"href":"https:\/\/mybody5.ee.mybody.ee\/proov\/wp-json\/wp\/v2\/types\/product"}],"replies":[{"embeddable":true,"href":"https:\/\/mybody5.ee.mybody.ee\/proov\/wp-json\/wp\/v2\/comments?post=1008"}],"wp:attachment":[{"href":"https:\/\/mybody5.ee.mybody.ee\/proov\/wp-json\/wp\/v2\/media?parent=1008"}],"wp:term":[{"taxonomy":"product_cat","embeddable":true,"href":"https:\/\/mybody5.ee.mybody.ee\/proov\/wp-json\/wp\/v2\/product_cat?post=1008"},{"taxonomy":"product_tag","embeddable":true,"href":"https:\/\/mybody5.ee.mybody.ee\/proov\/wp-json\/wp\/v2\/product_tag?post=1008"}],"curies":[{"name":"wp","href":"https:\/\/api.w.org\/{rel}","templated":true}]}}