{"id":1014,"date":"2021-12-16T14:10:53","date_gmt":"2021-12-16T14:10:53","guid":{"rendered":"https:\/\/mybody5.ee.mybody.ee\/proov\/product\/toidulisand-liigestele-self-joint-cartilage-120kps\/"},"modified":"2021-12-16T14:10:53","modified_gmt":"2021-12-16T14:10:53","slug":"toidulisand-liigestele-self-joint-cartilage-120kps","status":"publish","type":"product","link":"https:\/\/mybody5.ee.mybody.ee\/proov\/product\/toidulisand-liigestele-self-joint-cartilage-120kps\/","title":{"rendered":"Toidulisand liigestele &#8211; SELF Joint Cartilage 120kps"},"content":{"rendered":"<p><b>SELF Joint Cartilage 120kps<\/b><strong>&nbsp;on liigestele m\u00f5eldud toidulisand,&nbsp;mis stimuleerib&nbsp;liigesek\u00f5hre ja&nbsp;sidemete funktsioone.&nbsp;<\/strong><\/p>\n<p><b>Joint Cartilage<\/b>&nbsp;on liigeste heaoluks loodud preparaat, mis sisaldab k\u00f5iki t\u00f5estatud efektiivsusega toimeaineid.&nbsp;<b>Joint Cartilage<\/b>&nbsp;koostisosade kasutamisel&nbsp;on&nbsp;paljudes teaduslikes uuringutes leitud, et need v\u00e4hendavad liigeseprobleeme m\u00e4rgatavalt.<\/p>\n<p><b>Joint Cartilage<\/b><strong>&nbsp;toimeained:<\/strong> MSM (met\u00fc\u00fclsulfon\u00fc\u00fclmetaan), C-vitamiin , II-t\u00fc\u00fcbi kollageen, avokaadoekstrakt (taimne gl\u00fckosamiin), india viirukipuu (Boswellia serrata) ekstrakt, kondroitiinsulfaat.<\/p>\n<ul>\n<li>Intensiivistab liigestele vajalikku kollageenis\u00fcnteesi<\/li>\n<li>Toetab paindlikust ja liikuvust<\/li>\n<li>V\u00e4hendab liigeste valulikkust<\/li>\n<li>Stimuleerib liigesevedeliku produktsiooni<\/li>\n<li>Parandab liigeste, k\u00f5\u00f5luste, luude ja naha seisundit<\/li>\n<\/ul>\n<h3>Kasutamine<\/h3>\n<p>P\u00e4evane annus 3 kapslit. Neelata rohke veega.<\/p>\n<h3>Kellele sobib?<\/h3>\n<p>Toode rikastab tavatoidumen\u00fc\u00fcd tugi- ja liikumiss\u00fcsteemi kaitsmiseks&nbsp;ja taastamiseks vajalike \u00fchenditega, mis toetavad liigeseid \u00fclekoormuse korral (f\u00fc\u00fcsiline pingutus, \u00fclekaal, ealised ise\u00e4rasused). Eriti soovitatav neile, kes on saanud mehaanilisi vigastusi ja\/v\u00f5i kes kannatavad liigese-ja liikumisaparaadi organite valu all.&nbsp;<\/p>\n<h3>Pakend: 120<span style=\"font-size:14px;\"><span style=\"font-family:arial,helvetica,sans-serif;\">&nbsp;kapslit<\/span><\/span><\/h3>\n<table border=\"1\" cellpadding=\"1\" cellspacing=\"1\" height=\"231\" style=\"height:100px;width:400px;\" width=\"462\">\n<tbody>\n<tr>\n<td><b>Joint Cartilage<\/b>&nbsp;&nbsp;<strong>toimeained&nbsp;<\/strong><\/td>\n<td><span style=\"font-family:arial,helvetica,sans-serif\"><strong>3 kapslit<\/strong><\/span><\/td>\n<\/tr>\n<tr>\n<td>MSM (met\u00fc\u00fclsulfon\u00fc\u00fclmetaan)<\/td>\n<td>1200mg<\/td>\n<\/tr>\n<tr>\n<td>Vitamiin C<\/td>\n<td>240mg 300%*<\/td>\n<\/tr>\n<tr>\n<td>Avokaadoekstrakt (taimne gl\u00fckosamiin)&nbsp;<\/td>\n<td>195mg<\/td>\n<\/tr>\n<tr>\n<td>II-t\u00fc\u00fcbi kollageen<\/td>\n<td>195mg<\/td>\n<\/tr>\n<tr>\n<td>India viirukipuu (Boswellia serrata) ekstrakt<\/td>\n<td>195mg<\/td>\n<\/tr>\n<tr>\n<td>Kondroitiinsulfaat<\/td>\n<td>195mg<\/td>\n<\/tr>\n<tr>\n<td><\/td>\n<td><\/td>\n<\/tr>\n<tr>\n<td colspan=\"2\">\n<p><span style=\"font-size:10px;\">Koostis: taimne kapsel (stabilisaator E1204),valge&nbsp;v\u00e4rvaine: titaandioksiid. *RDA% &#8211; soovitatavast igap\u00e4evasest toitainete hulgast (RDA RL 2008\/100\/EU). ** linnuliha allikas.<\/span><\/p>\n<\/td>\n<\/tr>\n<\/tbody>\n<\/table>\n<h3>Konsultatsioon<\/h3>\n<ul>\n<li><span style=\"font-family:arial,helvetica,sans-serif\"><span style=\"font-size:12px\">Oled oodatud tasuta konsultatsioonile MYBODY Audentese kauplusesse,<\/span><\/span><\/li>\n<li><span style=\"font-family:arial,helvetica,sans-serif\"><span style=\"font-size:12px\">Asukoht: Audentese Spordikeskus, Tondi 84.<\/span><\/span><\/li>\n<li><span style=\"font-family:arial,helvetica,sans-serif\"><span style=\"font-size:12px\">Telefon EST\/RUS\/ENG +372 523 1960<\/span><\/span><\/li>\n<li><span style=\"font-family:arial,helvetica,sans-serif\"><span style=\"font-size:12px\">Telefon EST\/ENG +372 56 458 688<\/span><\/span><\/li>\n<li><span style=\"font-family:arial,helvetica,sans-serif\"><span style=\"font-size:12px\"><a href=\"mailto:info@mybody.ee\">info@mybody.ee<\/a><\/span><\/span><\/li>\n<li><span style=\"font-family:arial,helvetica,sans-serif\"><span style=\"font-size:12px\"><a href=\"http:\/\/www.facebook.com\/mybody.ee\">www.facebook.com\/mybody.ee<\/a><\/span><\/span><\/li>\n<\/ul>\n","protected":false},"excerpt":{"rendered":"<p>SELF Joint Cartilage 120kps&nbsp;on liigestele m\u00f5eldud toidulisand,&nbsp;mis stimuleerib&nbsp;liigesek\u00f5hre ja&nbsp;sidemete funktsioone.&nbsp; Joint Cartilage&nbsp;on liigeste heaoluks loodud preparaat, mis sisaldab k\u00f5iki t\u00f5estatud efektiivsusega toimeaineid.&nbsp;Joint Cartilage&nbsp;koostisosade kasutamisel&nbsp;on&nbsp;paljudes teaduslikes uuringutes leitud, et need v\u00e4hendavad liigeseprobleeme m\u00e4rgatavalt. Joint Cartilage&nbsp;toimeained: MSM (met\u00fc\u00fclsulfon\u00fc\u00fclmetaan), C-vitamiin , II-t\u00fc\u00fcbi kollageen, avokaadoekstrakt (taimne gl\u00fckosamiin), india viirukipuu (Boswellia serrata) ekstrakt, kondroitiinsulfaat. Intensiivistab liigestele vajalikku kollageenis\u00fcnteesi Toetab paindlikust [&hellip;]<\/p>\n","protected":false},"featured_media":0,"comment_status":"open","ping_status":"closed","template":"","meta":{"inline_featured_image":false},"product_cat":[51,32],"product_tag":[],"class_list":{"0":"post-1014","1":"product","2":"type-product","3":"status-publish","5":"product_cat-liigestele","6":"product_cat-mikroelemendid","7":"pa_kogustablettikapslit-75tk","8":"pa_kunakasutada-uldiselttugevdav","9":"pa_vorm-tabletkapsel","11":"first","12":"instock","13":"shipping-taxable","14":"purchasable","15":"product-type-simple"},"yoast_head":"<!-- This site is optimized with the Yoast SEO plugin v27.3 - https:\/\/yoast.com\/product\/yoast-seo-wordpress\/ -->\n<title>Toidulisand liigestele - SELF Flex Senior Citizen - MyBody.ee - Toidulisandid ja sporditarvikud<\/title>\n<meta name=\"description\" content=\"SELF Flex Senior Citizen on liigestele m\u00f5eldud toidulisand,\u00a0\" \/>\n<meta name=\"robots\" content=\"index, follow, max-snippet:-1, max-image-preview:large, max-video-preview:-1\" \/>\n<link rel=\"canonical\" href=\"https:\/\/mybody5.ee.mybody.ee\/proov\/product\/toidulisand-liigestele-self-joint-cartilage-120kps\/\" \/>\n<meta property=\"og:locale\" content=\"et_EE\" \/>\n<meta property=\"og:type\" content=\"article\" \/>\n<meta property=\"og:title\" content=\"Toidulisand liigestele - SELF Flex Senior Citizen - MyBody.ee - Toidulisandid ja sporditarvikud\" \/>\n<meta property=\"og:description\" content=\"SELF Flex Senior Citizen on liigestele m\u00f5eldud toidulisand,\u00a0\" \/>\n<meta property=\"og:url\" content=\"https:\/\/mybody5.ee.mybody.ee\/proov\/product\/toidulisand-liigestele-self-joint-cartilage-120kps\/\" \/>\n<meta property=\"og:site_name\" content=\"supplero\" \/>\n<meta property=\"article:publisher\" content=\"https:\/\/facebook.com\/MyBody.ee\/\" \/>\n<meta property=\"og:image\" content=\"https:\/\/mybody5.ee.mybody.ee\/proov\/wp-content\/uploads\/2023\/11\/mybody_logo_h65.png\" \/>\n\t<meta property=\"og:image:width\" content=\"229\" \/>\n\t<meta property=\"og:image:height\" content=\"65\" \/>\n\t<meta property=\"og:image:type\" content=\"image\/png\" \/>\n<meta name=\"twitter:card\" content=\"summary_large_image\" \/>\n<meta name=\"twitter:label1\" content=\"Est. reading time\" \/>\n\t<meta name=\"twitter:data1\" content=\"1 minut\" \/>\n<script type=\"application\/ld+json\" class=\"yoast-schema-graph\">{\"@context\":\"https:\\\/\\\/schema.org\",\"@graph\":[{\"@type\":\"WebPage\",\"@id\":\"https:\\\/\\\/mybody5.ee.mybody.ee\\\/proov\\\/product\\\/toidulisand-liigestele-self-joint-cartilage-120kps\\\/\",\"url\":\"https:\\\/\\\/mybody5.ee.mybody.ee\\\/proov\\\/product\\\/toidulisand-liigestele-self-joint-cartilage-120kps\\\/\",\"name\":\"Toidulisand liigestele - SELF Flex Senior Citizen - MyBody.ee - Toidulisandid ja sporditarvikud\",\"isPartOf\":{\"@id\":\"https:\\\/\\\/mybody5.ee.mybody.ee\\\/proov\\\/#website\"},\"datePublished\":\"2021-12-16T14:10:53+00:00\",\"description\":\"SELF Flex Senior Citizen on liigestele m\u00f5eldud toidulisand,\u00a0\",\"breadcrumb\":{\"@id\":\"https:\\\/\\\/mybody5.ee.mybody.ee\\\/proov\\\/product\\\/toidulisand-liigestele-self-joint-cartilage-120kps\\\/#breadcrumb\"},\"inLanguage\":\"et\",\"potentialAction\":[{\"@type\":\"ReadAction\",\"target\":[\"https:\\\/\\\/mybody5.ee.mybody.ee\\\/proov\\\/product\\\/toidulisand-liigestele-self-joint-cartilage-120kps\\\/\"]}]},{\"@type\":\"BreadcrumbList\",\"@id\":\"https:\\\/\\\/mybody5.ee.mybody.ee\\\/proov\\\/product\\\/toidulisand-liigestele-self-joint-cartilage-120kps\\\/#breadcrumb\",\"itemListElement\":[{\"@type\":\"ListItem\",\"position\":1,\"name\":\"Home\",\"item\":\"https:\\\/\\\/mybody5.ee.mybody.ee\\\/proov\\\/\"},{\"@type\":\"ListItem\",\"position\":2,\"name\":\"Shop\",\"item\":\"https:\\\/\\\/mybody5.ee.mybody.ee\\\/proov\\\/shop\\\/\"},{\"@type\":\"ListItem\",\"position\":3,\"name\":\"Toidulisand liigestele &#8211; SELF Joint Cartilage 120kps\"}]},{\"@type\":\"WebSite\",\"@id\":\"https:\\\/\\\/mybody5.ee.mybody.ee\\\/proov\\\/#website\",\"url\":\"https:\\\/\\\/mybody5.ee.mybody.ee\\\/proov\\\/\",\"name\":\"MyBody.ee - Toidulisandid ja sporditarvikud\",\"description\":\"Just another WordPress site\",\"publisher\":{\"@id\":\"https:\\\/\\\/mybody5.ee.mybody.ee\\\/proov\\\/#organization\"},\"potentialAction\":[{\"@type\":\"SearchAction\",\"target\":{\"@type\":\"EntryPoint\",\"urlTemplate\":\"https:\\\/\\\/mybody5.ee.mybody.ee\\\/proov\\\/?s={search_term_string}\"},\"query-input\":{\"@type\":\"PropertyValueSpecification\",\"valueRequired\":true,\"valueName\":\"search_term_string\"}}],\"inLanguage\":\"et\"},{\"@type\":\"Organization\",\"@id\":\"https:\\\/\\\/mybody5.ee.mybody.ee\\\/proov\\\/#organization\",\"name\":\"MyBody.ee\",\"url\":\"https:\\\/\\\/mybody5.ee.mybody.ee\\\/proov\\\/\",\"logo\":{\"@type\":\"ImageObject\",\"inLanguage\":\"et\",\"@id\":\"https:\\\/\\\/mybody5.ee.mybody.ee\\\/proov\\\/#\\\/schema\\\/logo\\\/image\\\/\",\"url\":\"https:\\\/\\\/mybody5.ee.mybody.ee\\\/proov\\\/wp-content\\\/uploads\\\/2023\\\/11\\\/mybody_logo_h65-2.png\",\"contentUrl\":\"https:\\\/\\\/mybody5.ee.mybody.ee\\\/proov\\\/wp-content\\\/uploads\\\/2023\\\/11\\\/mybody_logo_h65-2.png\",\"width\":229,\"height\":65,\"caption\":\"MyBody.ee\"},\"image\":{\"@id\":\"https:\\\/\\\/mybody5.ee.mybody.ee\\\/proov\\\/#\\\/schema\\\/logo\\\/image\\\/\"},\"sameAs\":[\"https:\\\/\\\/facebook.com\\\/MyBody.ee\\\/\"]}]}<\/script>\n<!-- \/ Yoast SEO plugin. -->","yoast_head_json":{"title":"Toidulisand liigestele - SELF Flex Senior Citizen - MyBody.ee - Toidulisandid ja sporditarvikud","description":"SELF Flex Senior Citizen on liigestele m\u00f5eldud toidulisand,\u00a0","robots":{"index":"index","follow":"follow","max-snippet":"max-snippet:-1","max-image-preview":"max-image-preview:large","max-video-preview":"max-video-preview:-1"},"canonical":"https:\/\/mybody5.ee.mybody.ee\/proov\/product\/toidulisand-liigestele-self-joint-cartilage-120kps\/","og_locale":"et_EE","og_type":"article","og_title":"Toidulisand liigestele - SELF Flex Senior Citizen - MyBody.ee - Toidulisandid ja sporditarvikud","og_description":"SELF Flex Senior Citizen on liigestele m\u00f5eldud toidulisand,\u00a0","og_url":"https:\/\/mybody5.ee.mybody.ee\/proov\/product\/toidulisand-liigestele-self-joint-cartilage-120kps\/","og_site_name":"supplero","article_publisher":"https:\/\/facebook.com\/MyBody.ee\/","og_image":[{"width":229,"height":65,"url":"https:\/\/mybody5.ee.mybody.ee\/proov\/wp-content\/uploads\/2023\/11\/mybody_logo_h65.png","type":"image\/png"}],"twitter_card":"summary_large_image","twitter_misc":{"Est. reading time":"1 minut"},"schema":{"@context":"https:\/\/schema.org","@graph":[{"@type":"WebPage","@id":"https:\/\/mybody5.ee.mybody.ee\/proov\/product\/toidulisand-liigestele-self-joint-cartilage-120kps\/","url":"https:\/\/mybody5.ee.mybody.ee\/proov\/product\/toidulisand-liigestele-self-joint-cartilage-120kps\/","name":"Toidulisand liigestele - SELF Flex Senior Citizen - MyBody.ee - Toidulisandid ja sporditarvikud","isPartOf":{"@id":"https:\/\/mybody5.ee.mybody.ee\/proov\/#website"},"datePublished":"2021-12-16T14:10:53+00:00","description":"SELF Flex Senior Citizen on liigestele m\u00f5eldud toidulisand,\u00a0","breadcrumb":{"@id":"https:\/\/mybody5.ee.mybody.ee\/proov\/product\/toidulisand-liigestele-self-joint-cartilage-120kps\/#breadcrumb"},"inLanguage":"et","potentialAction":[{"@type":"ReadAction","target":["https:\/\/mybody5.ee.mybody.ee\/proov\/product\/toidulisand-liigestele-self-joint-cartilage-120kps\/"]}]},{"@type":"BreadcrumbList","@id":"https:\/\/mybody5.ee.mybody.ee\/proov\/product\/toidulisand-liigestele-self-joint-cartilage-120kps\/#breadcrumb","itemListElement":[{"@type":"ListItem","position":1,"name":"Home","item":"https:\/\/mybody5.ee.mybody.ee\/proov\/"},{"@type":"ListItem","position":2,"name":"Shop","item":"https:\/\/mybody5.ee.mybody.ee\/proov\/shop\/"},{"@type":"ListItem","position":3,"name":"Toidulisand liigestele &#8211; SELF Joint Cartilage 120kps"}]},{"@type":"WebSite","@id":"https:\/\/mybody5.ee.mybody.ee\/proov\/#website","url":"https:\/\/mybody5.ee.mybody.ee\/proov\/","name":"MyBody.ee - Toidulisandid ja sporditarvikud","description":"Just another WordPress site","publisher":{"@id":"https:\/\/mybody5.ee.mybody.ee\/proov\/#organization"},"potentialAction":[{"@type":"SearchAction","target":{"@type":"EntryPoint","urlTemplate":"https:\/\/mybody5.ee.mybody.ee\/proov\/?s={search_term_string}"},"query-input":{"@type":"PropertyValueSpecification","valueRequired":true,"valueName":"search_term_string"}}],"inLanguage":"et"},{"@type":"Organization","@id":"https:\/\/mybody5.ee.mybody.ee\/proov\/#organization","name":"MyBody.ee","url":"https:\/\/mybody5.ee.mybody.ee\/proov\/","logo":{"@type":"ImageObject","inLanguage":"et","@id":"https:\/\/mybody5.ee.mybody.ee\/proov\/#\/schema\/logo\/image\/","url":"https:\/\/mybody5.ee.mybody.ee\/proov\/wp-content\/uploads\/2023\/11\/mybody_logo_h65-2.png","contentUrl":"https:\/\/mybody5.ee.mybody.ee\/proov\/wp-content\/uploads\/2023\/11\/mybody_logo_h65-2.png","width":229,"height":65,"caption":"MyBody.ee"},"image":{"@id":"https:\/\/mybody5.ee.mybody.ee\/proov\/#\/schema\/logo\/image\/"},"sameAs":["https:\/\/facebook.com\/MyBody.ee\/"]}]}},"_links":{"self":[{"href":"https:\/\/mybody5.ee.mybody.ee\/proov\/wp-json\/wp\/v2\/product\/1014","targetHints":{"allow":["GET"]}}],"collection":[{"href":"https:\/\/mybody5.ee.mybody.ee\/proov\/wp-json\/wp\/v2\/product"}],"about":[{"href":"https:\/\/mybody5.ee.mybody.ee\/proov\/wp-json\/wp\/v2\/types\/product"}],"replies":[{"embeddable":true,"href":"https:\/\/mybody5.ee.mybody.ee\/proov\/wp-json\/wp\/v2\/comments?post=1014"}],"wp:attachment":[{"href":"https:\/\/mybody5.ee.mybody.ee\/proov\/wp-json\/wp\/v2\/media?parent=1014"}],"wp:term":[{"taxonomy":"product_cat","embeddable":true,"href":"https:\/\/mybody5.ee.mybody.ee\/proov\/wp-json\/wp\/v2\/product_cat?post=1014"},{"taxonomy":"product_tag","embeddable":true,"href":"https:\/\/mybody5.ee.mybody.ee\/proov\/wp-json\/wp\/v2\/product_tag?post=1014"}],"curies":[{"name":"wp","href":"https:\/\/api.w.org\/{rel}","templated":true}]}}