{"id":1018,"date":"2022-05-29T11:11:32","date_gmt":"2022-05-29T11:11:32","guid":{"rendered":"https:\/\/mybody5.ee.mybody.ee\/proov\/product\/8-1-1-bcaa-aminohapped-self-bcaa-811-2-1855\/"},"modified":"2022-05-29T11:11:32","modified_gmt":"2022-05-29T11:11:32","slug":"8-1-1-bcaa-aminohapped-self-bcaa-811-2-1855","status":"publish","type":"product","link":"https:\/\/mybody5.ee.mybody.ee\/proov\/product\/8-1-1-bcaa-aminohapped-self-bcaa-811-2-1855\/","title":{"rendered":"8:1:1 BCAA aminohapped &#8211; SELF BCAA 811"},"content":{"rendered":"<p><strong>SELF BCAA 811&nbsp;<\/strong>toidulisandi BCAA pulber, mis sisaldab suur kogus ekstra leutsiini ning teisi olulisis&nbsp;hargnenud ahelaga aminohappeid (BCAA). Toode on m\u00f5eldud neile,&nbsp;kes taotlevad maksimaalset taastumist ja lihaskasvu. Hargnenud ahelaga aminohapete (BCAA) hulka kuuluvad leutsiin, isoleutsiin ja valiin on lihaste poolt treeningu ajal enim energiaks kasutatavad aminohapped.<\/p>\n<p>Uuringutes on t\u00f5estatud, et hargnenud ahelaga aminohapped kiirendavad taastumist, stimuleerivad lihaskasvu ja parandavad sooritusv\u00f5imet. On m\u00e4rgatud, et need aminohapped suurendavad nii j\u00f5udu kui vastupidavust suurte koormustega treenivatel sportlastel. Toode sobib h\u00e4sti nii j\u00f5u-, kiirus- kui ka vastupidavusalade sportlastele. Taastumise parandamiseks tarbitakse BCAA-aminohappeid enamasti enne treeningut ja selle ajal, et suurendada lihastes BCAA-taset. BCAA-pulber lahustub h\u00e4sti vees, moodustades v\u00e4rske spordijoogisarnase&nbsp;joogi.<\/p>\n<h3>SELF BCAA 811 aktiivsed koostisosad<\/h3>\n<p><strong>Leutsiin (6g annuse kohta)<\/strong>&nbsp;&#8211; stimuleerib insuliini eritumist. K\u00f5rgenenud insuliinitase aitab transportida proteiini lihastesse ja kontrollida kortisooli taset. Kortisool on stressihormoon, mis aktiveerib lihast l\u00f5hkuvaid tegureid organismis. Kui leutsiini pole, siis ei saa ka s\u00fcnteesiprotsessid efektiivselt (maksimaalse kiirusega) toimuda, seega taastumine ja kasv on leutsiini puudumise korral p\u00e4rsitud.&nbsp;Kuna leutsiin omab valgus\u00fcnteesile sedav\u00f5rd suurt m\u00f5ju ning sarnaselt glutamiinile h\u00e4vineb lihast\u00f6\u00f6 k\u00e4igus teistest aminohapetest kiiremini, on eriti oluline treeningj\u00e4rgselt seda aminohapet saada.&nbsp;<\/p>\n<p><strong>BCAA&nbsp;(5g annuse kohta)<\/strong> &#8211;&nbsp;&nbsp;Isoleutsiin, leutsiin ja valiin on ainsad aminohapped, mida lihases metaboliseeritakse ja millest lihasvalgud&nbsp;umbes 33% ulatuses koosnevad. Hargnenud ahelaga aminohapped aitavad kiirendada taastumist, v\u00e4hendada lihasvalu,&nbsp;stimuleerida valgus\u00fcnteesi ning kaitsta lihasmassi kaalulangetuse ajal.<\/p>\n<p><strong>Tauriin&nbsp;(1g annuse kohta)<\/strong>&nbsp;&#8211;&nbsp;Tauriin on \u00fcks suuremaid orgaanilise l\u00e4mmastiku hoiustajaid, takistades katabolismi teket ning soodustades rasvavaba kehamassi juurdekasvu. Samuti t\u00e4idab tauriin olulist \u00fclesannet n\u00e4rvis\u00fcsteemis, seda stimuleerides, mobliliseerides, ning v\u00e4hendades v\u00e4simustunnet<\/p>\n<p><strong>Gl\u00fctsiin-L-alaniin (3g annuse kohta) <\/strong>&#8211; &nbsp;Normaliseerib ja aktiveerib n\u00e4rvis\u00fcsteemi, v\u00e4hendab pinget, t\u00f5stab vaimset t\u00f6\u00f6v\u00f5imet.<\/p>\n<h3>Toime<\/h3>\n<ul>\n<li>Kiirendab taastumist, v\u00e4hendab trennij\u00e4rgset lihasvalu ja kurnatust!<\/li>\n<li>Stimuleerib valgus\u00fcnteesi (lihaskasvu)<\/li>\n<li>Antikataboolne: aitab v\u00f5idelda lihaskao vastu dieedi ja treeningu ajal!<\/li>\n<li>Positiivne m\u00f5ju k\u00f5ikidel&nbsp;spordialadel!<\/li>\n<\/ul>\n<h3>Kasutamine<\/h3>\n<p><span style=\"font-family: Arial; \">P\u00e4evane annus 16g (1 m\u00f5\u00f5dulusikas) pulbrit, 16g&nbsp;tuleb segada 300-700ml veega. Soovituslik&nbsp;juua treeningu ajal v\u00f5i peale treeningut, omab kiiret taastavat efekti.<\/span><\/p>\n<h3>Kellele sobib?<\/h3>\n<p><strong style=\"line-height: 20.8px; text-align: justify;\">SELF &nbsp;BCAA 811<\/strong><span style=\"line-height: 20.8px; text-align: justify;\">&nbsp;sobib k\u00f5ikide&nbsp;alade esindajatele, sest omab positiivset efekti igasuguste f\u00fc\u00fcsiliste koormuste puhul.<\/span><strong style=\"line-height: 20.8px; text-align: justify;\">&nbsp;SELF&nbsp;BCAA 811&nbsp;<\/strong><span style=\"line-height: 20.8px; text-align: justify;\">sobib seega h\u00e4sti nii j\u00f5u-, kiirus- kui ka vastupidavusalade sportlastele.<\/span><\/p>\n<h3><span style=\"line-height: 1.2em;\">Pakend: <\/span><span style=\"line-height: 1.2em; font-size: 12px;\"><span style=\"font-family: arial,helvetica,sans-serif;\">500g, 31 portsjonit<\/span><\/span><\/h3>\n<h3>Maitsed:<span style=\"font-size:12px;\"><span style=\"font-family: arial,helvetica,sans-serif;\"> Pirn, troopiline, virsik-passion, muscle cola<\/span><\/span><\/h3>\n<table border=\"1\" cellpadding=\"1\" cellspacing=\"1\" style=\"width: 589px;\">\n<tbody>\n<tr>\n<td><strong>BCAA 811<\/strong> <strong>toitev\u00e4\u00e4rtus: <\/strong>Energiat 0kcal, valke 0g, s\u00fcsivesikuid 0g, rasvu 0g<\/td>\n<td><strong>100g<\/strong><\/td>\n<\/tr>\n<tr>\n<td><strong>BCAA 811<\/strong><\/td>\n<td><strong>16g (1 annus)<\/strong><\/td>\n<\/tr>\n<tr>\n<td><strong>L-leutsiin<\/strong><\/td>\n<td><strong>6 g<\/strong><\/td>\n<\/tr>\n<tr>\n<td><strong>BCAA<\/strong><\/td>\n<td><strong>5 g<\/strong><\/td>\n<\/tr>\n<tr>\n<td>L-leutsiin malaat (L-leutsiin DL-malaat)<\/td>\n<td>2.5 g<\/td>\n<\/tr>\n<tr>\n<td>L-Valiin malaat (L-valiin DL-malaat)<\/td>\n<td>1.25 g<\/td>\n<\/tr>\n<tr>\n<td>L-Isoleutsiin (Lisoleutsiin DL-malaat)<\/td>\n<td>1.25 g<\/td>\n<\/tr>\n<tr>\n<td>Gl\u00fctsiin-L-alaniin<\/td>\n<td>3 g<\/td>\n<\/tr>\n<tr>\n<td>Tauriin<\/td>\n<td>1 g<\/td>\n<\/tr>\n<tr>\n<td>B6<\/td>\n<td>4.2 mg (300%)<\/td>\n<\/tr>\n<tr>\n<td>Foolhape<\/td>\n<td>200mcg 100%<\/td>\n<\/tr>\n<tr>\n<td colspan=\"2\">\n<p><span style=\"font-size:10px;\">Koostis<span style=\"font-family: arial, helvetica, sans-serif;\">: magusaine (sukraloos, E950), maitseained, v\u00e4rvaine (troopiline E162), (pirn E140)<\/span><\/span><\/p>\n<\/td>\n<\/tr>\n<\/tbody>\n<\/table>\n<p><strong>Hoiatus:<\/strong> toode ei ole sobilik lastele, rasedatele ja rinnaga toitvatele naistele. Hoida lastele k\u00e4ttesaamatus kohas. Ei ole m\u00f5eldud asendama mitmek\u00fclgset ja tasakaalustatud toitumist. \u00c4rge \u00fcletage soovituslikku p\u00e4evast kogust! Hoida kuivas, temperatuuril alla 25\u00baC. Hoida k\u00fclmumise eest. P\u00e4rast avamist tarbida 5 kuu jooksul.Parim enne: vaata pakendilt. Maaletooja MyBody O\u00dc, Tondi 84, Tallinn, 11316, Harjumaa. Tel: +372&nbsp;523 1960, e-mail <a href=\"mailto:info@mybody.ee\">info@mybody.ee<\/a>. P\u00e4ritolumaa: Rootsi.<\/p>\n<p>&nbsp;Xtreme BCAA811 kg hind on 75\u20ac<\/p>\n<p>Konsultatsioon<\/p>\n<ul>\n<li>Oled oodatud tasuta konsultatsioonile MYBODY Audentese kauplusesse,<\/li>\n<li>Asukoht: Audentese Spordikeskusesse, Tondi 84.<\/li>\n<li>Telefon EST\/RUS\/ENG +372&nbsp;523 1960<\/li>\n<li>Telefon EST\/ENG +372 56&nbsp;458&nbsp;688<\/li>\n<li><a href=\"mailto:info@mybody.ee\">info@mybody.ee<\/a><\/li>\n<li><a href=\"http:\/\/www.facebook.com\/mybody.ee\">www.facebook.com\/mybody.ee<\/a><\/li>\n<\/ul>\n","protected":false},"excerpt":{"rendered":"<p>SELF BCAA 811&nbsp;toidulisandi BCAA pulber, mis sisaldab suur kogus ekstra leutsiini ning teisi olulisis&nbsp;hargnenud ahelaga aminohappeid (BCAA). Toode on m\u00f5eldud neile,&nbsp;kes taotlevad maksimaalset taastumist ja lihaskasvu. Hargnenud ahelaga aminohapete (BCAA) hulka kuuluvad leutsiin, isoleutsiin ja valiin on lihaste poolt treeningu ajal enim energiaks kasutatavad aminohapped. Uuringutes on t\u00f5estatud, et hargnenud ahelaga aminohapped kiirendavad taastumist, stimuleerivad [&hellip;]<\/p>\n","protected":false},"featured_media":0,"comment_status":"open","ping_status":"closed","template":"","meta":{"inline_featured_image":false},"product_cat":[48,17,63,29],"product_tag":[],"class_list":{"0":"post-1018","1":"product","2":"type-product","3":"status-publish","5":"product_cat-aminohapete-segud","6":"product_cat-aminohapped","7":"product_cat-populaarsed-est","8":"product_cat-sooduspakkumised","9":"pa_maitse-musclecola","10":"pa_maitse-pirn","11":"pa_maitse-troopiline","12":"pa_maitse-virsik","14":"first","15":"instock","16":"shipping-taxable","17":"purchasable","18":"product-type-variable"},"yoast_head":"<!-- This site is optimized with the Yoast SEO plugin v27.3 - https:\/\/yoast.com\/product\/yoast-seo-wordpress\/ -->\n<title>8:1:1 BCAA aminohapped - SELF BCAA 811 - MyBody.ee - Toidulisandid ja sporditarvikud<\/title>\n<meta name=\"description\" content=\"SELF BCAA811\u00a0toidulisandi BCAA pulber, mis sisaldab suur kogus ekstra\" \/>\n<meta name=\"robots\" content=\"index, follow, max-snippet:-1, max-image-preview:large, max-video-preview:-1\" \/>\n<link rel=\"canonical\" href=\"https:\/\/mybody5.ee.mybody.ee\/proov\/product\/8-1-1-bcaa-aminohapped-self-bcaa-811-2-1855\/\" \/>\n<meta property=\"og:locale\" content=\"et_EE\" \/>\n<meta property=\"og:type\" content=\"article\" \/>\n<meta property=\"og:title\" content=\"8:1:1 BCAA aminohapped - SELF BCAA 811 - MyBody.ee - Toidulisandid ja sporditarvikud\" \/>\n<meta property=\"og:description\" content=\"SELF BCAA811\u00a0toidulisandi BCAA pulber, mis sisaldab suur kogus ekstra\" \/>\n<meta property=\"og:url\" content=\"https:\/\/mybody5.ee.mybody.ee\/proov\/product\/8-1-1-bcaa-aminohapped-self-bcaa-811-2-1855\/\" \/>\n<meta property=\"og:site_name\" content=\"supplero\" \/>\n<meta property=\"article:publisher\" content=\"https:\/\/facebook.com\/MyBody.ee\/\" \/>\n<meta property=\"og:image\" content=\"https:\/\/mybody5.ee.mybody.ee\/proov\/wp-content\/uploads\/2023\/11\/mybody_logo_h65.png\" \/>\n\t<meta property=\"og:image:width\" content=\"229\" \/>\n\t<meta property=\"og:image:height\" content=\"65\" \/>\n\t<meta property=\"og:image:type\" content=\"image\/png\" \/>\n<meta name=\"twitter:card\" content=\"summary_large_image\" \/>\n<meta name=\"twitter:label1\" content=\"Est. reading time\" \/>\n\t<meta name=\"twitter:data1\" content=\"3 minutit\" \/>\n<script type=\"application\/ld+json\" class=\"yoast-schema-graph\">{\"@context\":\"https:\\\/\\\/schema.org\",\"@graph\":[{\"@type\":\"WebPage\",\"@id\":\"https:\\\/\\\/mybody5.ee.mybody.ee\\\/proov\\\/product\\\/8-1-1-bcaa-aminohapped-self-bcaa-811-2-1855\\\/\",\"url\":\"https:\\\/\\\/mybody5.ee.mybody.ee\\\/proov\\\/product\\\/8-1-1-bcaa-aminohapped-self-bcaa-811-2-1855\\\/\",\"name\":\"8:1:1 BCAA aminohapped - SELF BCAA 811 - MyBody.ee - Toidulisandid ja sporditarvikud\",\"isPartOf\":{\"@id\":\"https:\\\/\\\/mybody5.ee.mybody.ee\\\/proov\\\/#website\"},\"datePublished\":\"2022-05-29T11:11:32+00:00\",\"description\":\"SELF BCAA811\u00a0toidulisandi BCAA pulber, mis sisaldab suur kogus ekstra\",\"breadcrumb\":{\"@id\":\"https:\\\/\\\/mybody5.ee.mybody.ee\\\/proov\\\/product\\\/8-1-1-bcaa-aminohapped-self-bcaa-811-2-1855\\\/#breadcrumb\"},\"inLanguage\":\"et\",\"potentialAction\":[{\"@type\":\"ReadAction\",\"target\":[\"https:\\\/\\\/mybody5.ee.mybody.ee\\\/proov\\\/product\\\/8-1-1-bcaa-aminohapped-self-bcaa-811-2-1855\\\/\"]}]},{\"@type\":\"BreadcrumbList\",\"@id\":\"https:\\\/\\\/mybody5.ee.mybody.ee\\\/proov\\\/product\\\/8-1-1-bcaa-aminohapped-self-bcaa-811-2-1855\\\/#breadcrumb\",\"itemListElement\":[{\"@type\":\"ListItem\",\"position\":1,\"name\":\"Home\",\"item\":\"https:\\\/\\\/mybody5.ee.mybody.ee\\\/proov\\\/\"},{\"@type\":\"ListItem\",\"position\":2,\"name\":\"Shop\",\"item\":\"https:\\\/\\\/mybody5.ee.mybody.ee\\\/proov\\\/shop\\\/\"},{\"@type\":\"ListItem\",\"position\":3,\"name\":\"8:1:1 BCAA aminohapped &#8211; SELF BCAA 811\"}]},{\"@type\":\"WebSite\",\"@id\":\"https:\\\/\\\/mybody5.ee.mybody.ee\\\/proov\\\/#website\",\"url\":\"https:\\\/\\\/mybody5.ee.mybody.ee\\\/proov\\\/\",\"name\":\"MyBody.ee - Toidulisandid ja sporditarvikud\",\"description\":\"Just another WordPress site\",\"publisher\":{\"@id\":\"https:\\\/\\\/mybody5.ee.mybody.ee\\\/proov\\\/#organization\"},\"potentialAction\":[{\"@type\":\"SearchAction\",\"target\":{\"@type\":\"EntryPoint\",\"urlTemplate\":\"https:\\\/\\\/mybody5.ee.mybody.ee\\\/proov\\\/?s={search_term_string}\"},\"query-input\":{\"@type\":\"PropertyValueSpecification\",\"valueRequired\":true,\"valueName\":\"search_term_string\"}}],\"inLanguage\":\"et\"},{\"@type\":\"Organization\",\"@id\":\"https:\\\/\\\/mybody5.ee.mybody.ee\\\/proov\\\/#organization\",\"name\":\"MyBody.ee\",\"url\":\"https:\\\/\\\/mybody5.ee.mybody.ee\\\/proov\\\/\",\"logo\":{\"@type\":\"ImageObject\",\"inLanguage\":\"et\",\"@id\":\"https:\\\/\\\/mybody5.ee.mybody.ee\\\/proov\\\/#\\\/schema\\\/logo\\\/image\\\/\",\"url\":\"https:\\\/\\\/mybody5.ee.mybody.ee\\\/proov\\\/wp-content\\\/uploads\\\/2023\\\/11\\\/mybody_logo_h65-2.png\",\"contentUrl\":\"https:\\\/\\\/mybody5.ee.mybody.ee\\\/proov\\\/wp-content\\\/uploads\\\/2023\\\/11\\\/mybody_logo_h65-2.png\",\"width\":229,\"height\":65,\"caption\":\"MyBody.ee\"},\"image\":{\"@id\":\"https:\\\/\\\/mybody5.ee.mybody.ee\\\/proov\\\/#\\\/schema\\\/logo\\\/image\\\/\"},\"sameAs\":[\"https:\\\/\\\/facebook.com\\\/MyBody.ee\\\/\"]}]}<\/script>\n<!-- \/ Yoast SEO plugin. -->","yoast_head_json":{"title":"8:1:1 BCAA aminohapped - SELF BCAA 811 - MyBody.ee - Toidulisandid ja sporditarvikud","description":"SELF BCAA811\u00a0toidulisandi BCAA pulber, mis sisaldab suur kogus ekstra","robots":{"index":"index","follow":"follow","max-snippet":"max-snippet:-1","max-image-preview":"max-image-preview:large","max-video-preview":"max-video-preview:-1"},"canonical":"https:\/\/mybody5.ee.mybody.ee\/proov\/product\/8-1-1-bcaa-aminohapped-self-bcaa-811-2-1855\/","og_locale":"et_EE","og_type":"article","og_title":"8:1:1 BCAA aminohapped - SELF BCAA 811 - MyBody.ee - Toidulisandid ja sporditarvikud","og_description":"SELF BCAA811\u00a0toidulisandi BCAA pulber, mis sisaldab suur kogus ekstra","og_url":"https:\/\/mybody5.ee.mybody.ee\/proov\/product\/8-1-1-bcaa-aminohapped-self-bcaa-811-2-1855\/","og_site_name":"supplero","article_publisher":"https:\/\/facebook.com\/MyBody.ee\/","og_image":[{"width":229,"height":65,"url":"https:\/\/mybody5.ee.mybody.ee\/proov\/wp-content\/uploads\/2023\/11\/mybody_logo_h65.png","type":"image\/png"}],"twitter_card":"summary_large_image","twitter_misc":{"Est. reading time":"3 minutit"},"schema":{"@context":"https:\/\/schema.org","@graph":[{"@type":"WebPage","@id":"https:\/\/mybody5.ee.mybody.ee\/proov\/product\/8-1-1-bcaa-aminohapped-self-bcaa-811-2-1855\/","url":"https:\/\/mybody5.ee.mybody.ee\/proov\/product\/8-1-1-bcaa-aminohapped-self-bcaa-811-2-1855\/","name":"8:1:1 BCAA aminohapped - SELF BCAA 811 - MyBody.ee - Toidulisandid ja sporditarvikud","isPartOf":{"@id":"https:\/\/mybody5.ee.mybody.ee\/proov\/#website"},"datePublished":"2022-05-29T11:11:32+00:00","description":"SELF BCAA811\u00a0toidulisandi BCAA pulber, mis sisaldab suur kogus ekstra","breadcrumb":{"@id":"https:\/\/mybody5.ee.mybody.ee\/proov\/product\/8-1-1-bcaa-aminohapped-self-bcaa-811-2-1855\/#breadcrumb"},"inLanguage":"et","potentialAction":[{"@type":"ReadAction","target":["https:\/\/mybody5.ee.mybody.ee\/proov\/product\/8-1-1-bcaa-aminohapped-self-bcaa-811-2-1855\/"]}]},{"@type":"BreadcrumbList","@id":"https:\/\/mybody5.ee.mybody.ee\/proov\/product\/8-1-1-bcaa-aminohapped-self-bcaa-811-2-1855\/#breadcrumb","itemListElement":[{"@type":"ListItem","position":1,"name":"Home","item":"https:\/\/mybody5.ee.mybody.ee\/proov\/"},{"@type":"ListItem","position":2,"name":"Shop","item":"https:\/\/mybody5.ee.mybody.ee\/proov\/shop\/"},{"@type":"ListItem","position":3,"name":"8:1:1 BCAA aminohapped &#8211; SELF BCAA 811"}]},{"@type":"WebSite","@id":"https:\/\/mybody5.ee.mybody.ee\/proov\/#website","url":"https:\/\/mybody5.ee.mybody.ee\/proov\/","name":"MyBody.ee - Toidulisandid ja sporditarvikud","description":"Just another WordPress site","publisher":{"@id":"https:\/\/mybody5.ee.mybody.ee\/proov\/#organization"},"potentialAction":[{"@type":"SearchAction","target":{"@type":"EntryPoint","urlTemplate":"https:\/\/mybody5.ee.mybody.ee\/proov\/?s={search_term_string}"},"query-input":{"@type":"PropertyValueSpecification","valueRequired":true,"valueName":"search_term_string"}}],"inLanguage":"et"},{"@type":"Organization","@id":"https:\/\/mybody5.ee.mybody.ee\/proov\/#organization","name":"MyBody.ee","url":"https:\/\/mybody5.ee.mybody.ee\/proov\/","logo":{"@type":"ImageObject","inLanguage":"et","@id":"https:\/\/mybody5.ee.mybody.ee\/proov\/#\/schema\/logo\/image\/","url":"https:\/\/mybody5.ee.mybody.ee\/proov\/wp-content\/uploads\/2023\/11\/mybody_logo_h65-2.png","contentUrl":"https:\/\/mybody5.ee.mybody.ee\/proov\/wp-content\/uploads\/2023\/11\/mybody_logo_h65-2.png","width":229,"height":65,"caption":"MyBody.ee"},"image":{"@id":"https:\/\/mybody5.ee.mybody.ee\/proov\/#\/schema\/logo\/image\/"},"sameAs":["https:\/\/facebook.com\/MyBody.ee\/"]}]}},"_links":{"self":[{"href":"https:\/\/mybody5.ee.mybody.ee\/proov\/wp-json\/wp\/v2\/product\/1018","targetHints":{"allow":["GET"]}}],"collection":[{"href":"https:\/\/mybody5.ee.mybody.ee\/proov\/wp-json\/wp\/v2\/product"}],"about":[{"href":"https:\/\/mybody5.ee.mybody.ee\/proov\/wp-json\/wp\/v2\/types\/product"}],"replies":[{"embeddable":true,"href":"https:\/\/mybody5.ee.mybody.ee\/proov\/wp-json\/wp\/v2\/comments?post=1018"}],"wp:attachment":[{"href":"https:\/\/mybody5.ee.mybody.ee\/proov\/wp-json\/wp\/v2\/media?parent=1018"}],"wp:term":[{"taxonomy":"product_cat","embeddable":true,"href":"https:\/\/mybody5.ee.mybody.ee\/proov\/wp-json\/wp\/v2\/product_cat?post=1018"},{"taxonomy":"product_tag","embeddable":true,"href":"https:\/\/mybody5.ee.mybody.ee\/proov\/wp-json\/wp\/v2\/product_tag?post=1018"}],"curies":[{"name":"wp","href":"https:\/\/api.w.org\/{rel}","templated":true}]}}