{"id":103,"date":"2019-12-09T22:25:37","date_gmt":"2019-12-09T22:25:37","guid":{"rendered":"https:\/\/mybody5.ee.mybody.ee\/proov\/product\/aminostar-kre-alkalyn-120-kps-puhverdatud-kreatiini-monohudraadi-kapslid\/"},"modified":"2019-12-09T22:25:37","modified_gmt":"2019-12-09T22:25:37","slug":"aminostar-kre-alkalyn-120-kps-puhverdatud-kreatiini-monohudraadi-kapslid","status":"publish","type":"product","link":"https:\/\/mybody5.ee.mybody.ee\/proov\/product\/aminostar-kre-alkalyn-120-kps-puhverdatud-kreatiini-monohudraadi-kapslid\/","title":{"rendered":"Aminostar Kre-Alkalyn 120 kps &#8211; puhverdatud kreatiini monoh\u00fcdraadi kapslid"},"content":{"rendered":"<p><strong>Aminostar&nbsp;Kre-Alkalyn<\/strong><\/p>\n<p><strong>Kre-Alkalyn <\/strong>on&nbsp;puhverdatud kreatiini&nbsp;monoh\u00fcdraat kapslite kujul, mis on m\u00f5eldud kasutamiseks suure lihaskoormuse korral. Kre-Alkalyn on nn&nbsp;puhverdatud kreatiin, mida&nbsp;on t\u00f6\u00f6deldud <span style=\"line-height: 20.7999992370605px;\">kogu maailmas patenteeritud tootmisprotsessi k\u00e4igus&nbsp;<\/span>k\u00f5rgema pH taseme juures kui tavalist kreatiini.&nbsp;Mida k\u00f5rgem on pH tase, seda aluselisem on keskkond. Puhverdamine v\u00e4ldib kreatiini lagundamist j\u00e4\u00e4kaineks kreatiniiniks, mis tekib just happelises keskkonnas.&nbsp;<span style=\"line-height: 1.6em;\">Aeglustades v\u00f5i peatades kreatiini muundumist kreatiniiniks, soodustub&nbsp;selle omistamine&nbsp;organismi poolt ning sama efekti saavutamiseks on&nbsp;vaja v\u00e4iksemaid koguseid v\u00f5rreldes puhverdatmata kreatiini manustamisega.<\/span><\/p>\n<p>Kre-Alkalynil on samad eelised, mis tavalisel kreatiinil, kuid seda v\u00e4iksemate annuste juures ning ilma seedeprobleemide ning vesiste lihasteta. Kre-alkalyni puhul pole vajalik ka laadimisfaas.<br \/> Aminostar&nbsp;Kre-Alkalyn sisaldab spetsiaalset patenteeritud kreatiini&nbsp;monoh\u00fcdraadi vormi, mida iseloomustab k\u00f5rge biov\u00e4\u00e4rtus. Lihaskoes seotakse kreatiin fosfaadiga fosfaatkreatiiniks. Sellis vormis tekib bioenergeetiline side, mille l\u00f5hkumisel vallandub vajadusel energia.<\/p>\n<ul> <\/ul>\n<h3>Kellele sobib?<\/h3>\n<p>Aminostar Kre-Alkalyn on m\u00f5eldud kasutamiseks suure f\u00fc\u00fcsilise koormuse korral. Eriti sobib kasutamiseks spordialadel, kus kaalut\u00f5us on vastun\u00e4idustatud. Kre-Alkalyn ei seo kehasse \u00fcleliigset vett, kuna on organismi poolt palju kergemini omastatav kui tavaline kreatiin. Samuti pole vajalik laadimisfaas ning soovitud efekti saavutamiseks vajalikud kogused on v\u00e4iksemad. Sobilik ka dieedipidajatele, kuna Aminostar Kre-Alkalyn ei pea v\u00f5tma koos lihts\u00fcsivesikutega imendumise parandamiseks.<\/p>\n<h3>Kasutamine<\/h3>\n<p>Treeningp\u00e4evadel 1\u20132 kapslit hommikul&nbsp;enne s\u00f6\u00f6ki&nbsp;ning 1\u20132 kapslit enne treeningut; puhkep\u00e4evadel 1\u20132 kapslit enne hommikus\u00f6\u00f6ki.<\/p>\n<h3>Spordialad<\/h3>\n<p>Kestvusalad, j\u00f5u- ja j\u00f5uvastupidavusalad; kehakaalut\u00f5usule vastun\u00e4idustatud spordialad<\/p>\n<h3>Koostis<\/h3>\n<p>Puhverdatud kreatiini&nbsp;monoh\u00fcdraat Kre-Alkalyn, t\u00e4iteaine mikrokristalne tselluloos, paakumisvastane aine magneesiumstearaat, \u017eelatiinkapsel.<\/p>\n<h3>Pakend:&nbsp;<span style=\"font-size: 13px; line-height: 1.6em;\">120 kapslit<\/span><\/h3>\n<p>1 kapsel = 750mg<\/p>\n<table border=\"0\" cellpadding=\"2\" cellspacing=\"0\" style=\"width:468px\">\n<tbody>\n<tr>\n<td><strong>Kre-Alkalyn<\/strong><\/td>\n<td><strong>2 kapslit<\/strong><\/td>\n<td><strong>4 kapslit<\/strong><\/td>\n<td><strong>100g<\/strong><\/td>\n<\/tr>\n<tr>\n<td>Energiat<\/td>\n<td>68 kJ\/16kcal<\/td>\n<td>136kJ\/32kcal<\/td>\n<td>3843kJ\/919,5kcal<\/td>\n<\/tr>\n<tr>\n<td>Valku<\/td>\n<td>0 g<\/td>\n<td>0 g<\/td>\n<td>0 g<\/td>\n<\/tr>\n<tr>\n<td>S\u00fcsivesikuid<\/td>\n<td>0 g<\/td>\n<td>0 g<\/td>\n<td>0 g<\/td>\n<\/tr>\n<tr>\n<td>Rasvu<\/td>\n<td>0 g<\/td>\n<td>0 g<\/td>\n<td>0 g<\/td>\n<\/tr>\n<tr>\n<td>Puhverdatud kreatiini monoh\u00fcdraat Kre-Alkalyn\u00ae<\/td>\n<td>1500 mg<\/td>\n<td>3000 mg<\/td>\n<td>86,21 g<\/td>\n<\/tr>\n<\/tbody>\n<\/table>\n<p> <strong>Aminostar tooteid soovitab Peter Tatarka<br \/> Peter&#8217;i&nbsp;<\/strong>saavutused kulturismis: Maailmam\u00e4ngude v\u00f5itja ja Euroopa meister<br \/> &nbsp;<iframe frameborder=\"0\" height=\"315\" src=\"\/\/www.youtube.com\/embed\/Of_MCM1Hg0k\" width=\"560\"><\/iframe><\/p>\n<h3>Konsultatsioon<\/h3>\n<ul>\n<li>Oled oodatud Tasuta konsultatsioonile MYBODY Audentese kauplusesse,<\/li>\n<li>Asukoht: Audentese Spordikeskus, Tondi 84.<\/li>\n<li>Telefon EST\/RUS\/ENG +372 523 1960<\/li>\n<li>Telefon EST\/ENG +372 56 458 688<\/li>\n<li><a href=\"mailto:info@mybody.ee\">info@mybody.ee<\/a><\/li>\n<li><a href=\"http:\/\/www.facebook.com\/mybody.ee\">www.facebook.com\/mybody.ee<\/a><\/li>\n<\/ul>\n","protected":false},"excerpt":{"rendered":"<p>Aminostar&nbsp;Kre-Alkalyn Kre-Alkalyn on&nbsp;puhverdatud kreatiini&nbsp;monoh\u00fcdraat kapslite kujul, mis on m\u00f5eldud kasutamiseks suure lihaskoormuse korral. Kre-Alkalyn on nn&nbsp;puhverdatud kreatiin, mida&nbsp;on t\u00f6\u00f6deldud kogu maailmas patenteeritud tootmisprotsessi k\u00e4igus&nbsp;k\u00f5rgema pH taseme juures kui tavalist kreatiini.&nbsp;Mida k\u00f5rgem on pH tase, seda aluselisem on keskkond. Puhverdamine v\u00e4ldib kreatiini lagundamist j\u00e4\u00e4kaineks kreatiniiniks, mis tekib just happelises keskkonnas.&nbsp;Aeglustades v\u00f5i peatades kreatiini muundumist kreatiniiniks, soodustub&nbsp;selle [&hellip;]<\/p>\n","protected":false},"featured_media":102,"comment_status":"open","ping_status":"closed","template":"","meta":{"inline_featured_image":false},"product_cat":[23,34,36],"product_tag":[],"class_list":{"0":"post-103","1":"product","2":"type-product","3":"status-publish","4":"has-post-thumbnail","6":"product_cat-kreatiin","7":"product_cat-sportmangud","8":"product_cat-voitluskunstid","9":"pa_kogustablettikapslit-120tk","10":"pa_kunakasutada-uldiselttugevdav","11":"pa_vorm-tablettkapsel","13":"first","14":"instock","15":"shipping-taxable","16":"purchasable","17":"product-type-simple"},"yoast_head":"<!-- This site is optimized with the Yoast SEO plugin v27.3 - https:\/\/yoast.com\/product\/yoast-seo-wordpress\/ -->\n<title>Aminostar Kre-Alkalyn 120 kps - puhverdatud kreatiini monoh\u00fcdraadi kapslid - MyBody.ee - Toidulisandid ja sporditarvikud<\/title>\n<meta name=\"description\" content=\"Aminostar\u00a0Kre-Alkalyn Kre-Alkalyn on\u00a0puhverdatud kreatiini\u00a0monoh\u00fcdraat kapslite kujul\" \/>\n<meta name=\"robots\" content=\"index, follow, max-snippet:-1, max-image-preview:large, max-video-preview:-1\" \/>\n<link rel=\"canonical\" href=\"https:\/\/mybody5.ee.mybody.ee\/proov\/product\/aminostar-kre-alkalyn-120-kps-puhverdatud-kreatiini-monohudraadi-kapslid\/\" \/>\n<meta property=\"og:locale\" content=\"et_EE\" \/>\n<meta property=\"og:type\" content=\"article\" \/>\n<meta property=\"og:title\" content=\"Aminostar Kre-Alkalyn 120 kps - puhverdatud kreatiini monoh\u00fcdraadi kapslid - MyBody.ee - Toidulisandid ja sporditarvikud\" \/>\n<meta property=\"og:description\" content=\"Aminostar\u00a0Kre-Alkalyn Kre-Alkalyn on\u00a0puhverdatud kreatiini\u00a0monoh\u00fcdraat kapslite kujul\" \/>\n<meta property=\"og:url\" content=\"https:\/\/mybody5.ee.mybody.ee\/proov\/product\/aminostar-kre-alkalyn-120-kps-puhverdatud-kreatiini-monohudraadi-kapslid\/\" \/>\n<meta property=\"og:site_name\" content=\"supplero\" \/>\n<meta property=\"article:publisher\" content=\"https:\/\/facebook.com\/MyBody.ee\/\" \/>\n<meta property=\"og:image\" content=\"https:\/\/mybody5.ee.mybody.ee\/proov\/wp-content\/uploads\/2019\/12\/aminostar-kre-alkalyn-120kps-on-puhverdatud-kreatiin-monohudraadi-kapslid-398.jpg\" \/>\n\t<meta property=\"og:image:width\" content=\"322\" \/>\n\t<meta property=\"og:image:height\" content=\"600\" \/>\n\t<meta property=\"og:image:type\" content=\"image\/jpeg\" \/>\n<meta name=\"twitter:card\" content=\"summary_large_image\" \/>\n<meta name=\"twitter:label1\" content=\"Est. reading time\" \/>\n\t<meta name=\"twitter:data1\" content=\"2 minutit\" \/>\n<script type=\"application\/ld+json\" class=\"yoast-schema-graph\">{\"@context\":\"https:\\\/\\\/schema.org\",\"@graph\":[{\"@type\":\"WebPage\",\"@id\":\"https:\\\/\\\/mybody5.ee.mybody.ee\\\/proov\\\/product\\\/aminostar-kre-alkalyn-120-kps-puhverdatud-kreatiini-monohudraadi-kapslid\\\/\",\"url\":\"https:\\\/\\\/mybody5.ee.mybody.ee\\\/proov\\\/product\\\/aminostar-kre-alkalyn-120-kps-puhverdatud-kreatiini-monohudraadi-kapslid\\\/\",\"name\":\"Aminostar Kre-Alkalyn 120 kps - puhverdatud kreatiini monoh\u00fcdraadi kapslid - MyBody.ee - Toidulisandid ja sporditarvikud\",\"isPartOf\":{\"@id\":\"https:\\\/\\\/mybody5.ee.mybody.ee\\\/proov\\\/#website\"},\"primaryImageOfPage\":{\"@id\":\"https:\\\/\\\/mybody5.ee.mybody.ee\\\/proov\\\/product\\\/aminostar-kre-alkalyn-120-kps-puhverdatud-kreatiini-monohudraadi-kapslid\\\/#primaryimage\"},\"image\":{\"@id\":\"https:\\\/\\\/mybody5.ee.mybody.ee\\\/proov\\\/product\\\/aminostar-kre-alkalyn-120-kps-puhverdatud-kreatiini-monohudraadi-kapslid\\\/#primaryimage\"},\"thumbnailUrl\":\"https:\\\/\\\/mybody5.ee.mybody.ee\\\/proov\\\/wp-content\\\/uploads\\\/2019\\\/12\\\/aminostar-kre-alkalyn-120kps-on-puhverdatud-kreatiin-monohudraadi-kapslid-398.jpg\",\"datePublished\":\"2019-12-09T22:25:37+00:00\",\"description\":\"Aminostar\u00a0Kre-Alkalyn Kre-Alkalyn on\u00a0puhverdatud kreatiini\u00a0monoh\u00fcdraat kapslite kujul\",\"breadcrumb\":{\"@id\":\"https:\\\/\\\/mybody5.ee.mybody.ee\\\/proov\\\/product\\\/aminostar-kre-alkalyn-120-kps-puhverdatud-kreatiini-monohudraadi-kapslid\\\/#breadcrumb\"},\"inLanguage\":\"et\",\"potentialAction\":[{\"@type\":\"ReadAction\",\"target\":[\"https:\\\/\\\/mybody5.ee.mybody.ee\\\/proov\\\/product\\\/aminostar-kre-alkalyn-120-kps-puhverdatud-kreatiini-monohudraadi-kapslid\\\/\"]}]},{\"@type\":\"ImageObject\",\"inLanguage\":\"et\",\"@id\":\"https:\\\/\\\/mybody5.ee.mybody.ee\\\/proov\\\/product\\\/aminostar-kre-alkalyn-120-kps-puhverdatud-kreatiini-monohudraadi-kapslid\\\/#primaryimage\",\"url\":\"https:\\\/\\\/mybody5.ee.mybody.ee\\\/proov\\\/wp-content\\\/uploads\\\/2019\\\/12\\\/aminostar-kre-alkalyn-120kps-on-puhverdatud-kreatiin-monohudraadi-kapslid-398.jpg\",\"contentUrl\":\"https:\\\/\\\/mybody5.ee.mybody.ee\\\/proov\\\/wp-content\\\/uploads\\\/2019\\\/12\\\/aminostar-kre-alkalyn-120kps-on-puhverdatud-kreatiin-monohudraadi-kapslid-398.jpg\",\"width\":322,\"height\":600,\"caption\":\"Aminostar Kre-Alkalyn 120 kps - puhverdatud kreatiini monoh\u00fcdraadi kapslid\"},{\"@type\":\"BreadcrumbList\",\"@id\":\"https:\\\/\\\/mybody5.ee.mybody.ee\\\/proov\\\/product\\\/aminostar-kre-alkalyn-120-kps-puhverdatud-kreatiini-monohudraadi-kapslid\\\/#breadcrumb\",\"itemListElement\":[{\"@type\":\"ListItem\",\"position\":1,\"name\":\"Home\",\"item\":\"https:\\\/\\\/mybody5.ee.mybody.ee\\\/proov\\\/\"},{\"@type\":\"ListItem\",\"position\":2,\"name\":\"Shop\",\"item\":\"https:\\\/\\\/mybody5.ee.mybody.ee\\\/proov\\\/shop\\\/\"},{\"@type\":\"ListItem\",\"position\":3,\"name\":\"Aminostar Kre-Alkalyn 120 kps &#8211; puhverdatud kreatiini monoh\u00fcdraadi kapslid\"}]},{\"@type\":\"WebSite\",\"@id\":\"https:\\\/\\\/mybody5.ee.mybody.ee\\\/proov\\\/#website\",\"url\":\"https:\\\/\\\/mybody5.ee.mybody.ee\\\/proov\\\/\",\"name\":\"MyBody.ee - Toidulisandid ja sporditarvikud\",\"description\":\"Just another WordPress site\",\"publisher\":{\"@id\":\"https:\\\/\\\/mybody5.ee.mybody.ee\\\/proov\\\/#organization\"},\"potentialAction\":[{\"@type\":\"SearchAction\",\"target\":{\"@type\":\"EntryPoint\",\"urlTemplate\":\"https:\\\/\\\/mybody5.ee.mybody.ee\\\/proov\\\/?s={search_term_string}\"},\"query-input\":{\"@type\":\"PropertyValueSpecification\",\"valueRequired\":true,\"valueName\":\"search_term_string\"}}],\"inLanguage\":\"et\"},{\"@type\":\"Organization\",\"@id\":\"https:\\\/\\\/mybody5.ee.mybody.ee\\\/proov\\\/#organization\",\"name\":\"MyBody.ee\",\"url\":\"https:\\\/\\\/mybody5.ee.mybody.ee\\\/proov\\\/\",\"logo\":{\"@type\":\"ImageObject\",\"inLanguage\":\"et\",\"@id\":\"https:\\\/\\\/mybody5.ee.mybody.ee\\\/proov\\\/#\\\/schema\\\/logo\\\/image\\\/\",\"url\":\"https:\\\/\\\/mybody5.ee.mybody.ee\\\/proov\\\/wp-content\\\/uploads\\\/2023\\\/11\\\/mybody_logo_h65-2.png\",\"contentUrl\":\"https:\\\/\\\/mybody5.ee.mybody.ee\\\/proov\\\/wp-content\\\/uploads\\\/2023\\\/11\\\/mybody_logo_h65-2.png\",\"width\":229,\"height\":65,\"caption\":\"MyBody.ee\"},\"image\":{\"@id\":\"https:\\\/\\\/mybody5.ee.mybody.ee\\\/proov\\\/#\\\/schema\\\/logo\\\/image\\\/\"},\"sameAs\":[\"https:\\\/\\\/facebook.com\\\/MyBody.ee\\\/\"]}]}<\/script>\n<!-- \/ Yoast SEO plugin. -->","yoast_head_json":{"title":"Aminostar Kre-Alkalyn 120 kps - puhverdatud kreatiini monoh\u00fcdraadi kapslid - MyBody.ee - Toidulisandid ja sporditarvikud","description":"Aminostar\u00a0Kre-Alkalyn Kre-Alkalyn on\u00a0puhverdatud kreatiini\u00a0monoh\u00fcdraat kapslite kujul","robots":{"index":"index","follow":"follow","max-snippet":"max-snippet:-1","max-image-preview":"max-image-preview:large","max-video-preview":"max-video-preview:-1"},"canonical":"https:\/\/mybody5.ee.mybody.ee\/proov\/product\/aminostar-kre-alkalyn-120-kps-puhverdatud-kreatiini-monohudraadi-kapslid\/","og_locale":"et_EE","og_type":"article","og_title":"Aminostar Kre-Alkalyn 120 kps - puhverdatud kreatiini monoh\u00fcdraadi kapslid - MyBody.ee - Toidulisandid ja sporditarvikud","og_description":"Aminostar\u00a0Kre-Alkalyn Kre-Alkalyn on\u00a0puhverdatud kreatiini\u00a0monoh\u00fcdraat kapslite kujul","og_url":"https:\/\/mybody5.ee.mybody.ee\/proov\/product\/aminostar-kre-alkalyn-120-kps-puhverdatud-kreatiini-monohudraadi-kapslid\/","og_site_name":"supplero","article_publisher":"https:\/\/facebook.com\/MyBody.ee\/","og_image":[{"width":322,"height":600,"url":"https:\/\/mybody5.ee.mybody.ee\/proov\/wp-content\/uploads\/2019\/12\/aminostar-kre-alkalyn-120kps-on-puhverdatud-kreatiin-monohudraadi-kapslid-398.jpg","type":"image\/jpeg"}],"twitter_card":"summary_large_image","twitter_misc":{"Est. reading time":"2 minutit"},"schema":{"@context":"https:\/\/schema.org","@graph":[{"@type":"WebPage","@id":"https:\/\/mybody5.ee.mybody.ee\/proov\/product\/aminostar-kre-alkalyn-120-kps-puhverdatud-kreatiini-monohudraadi-kapslid\/","url":"https:\/\/mybody5.ee.mybody.ee\/proov\/product\/aminostar-kre-alkalyn-120-kps-puhverdatud-kreatiini-monohudraadi-kapslid\/","name":"Aminostar Kre-Alkalyn 120 kps - puhverdatud kreatiini monoh\u00fcdraadi kapslid - MyBody.ee - Toidulisandid ja sporditarvikud","isPartOf":{"@id":"https:\/\/mybody5.ee.mybody.ee\/proov\/#website"},"primaryImageOfPage":{"@id":"https:\/\/mybody5.ee.mybody.ee\/proov\/product\/aminostar-kre-alkalyn-120-kps-puhverdatud-kreatiini-monohudraadi-kapslid\/#primaryimage"},"image":{"@id":"https:\/\/mybody5.ee.mybody.ee\/proov\/product\/aminostar-kre-alkalyn-120-kps-puhverdatud-kreatiini-monohudraadi-kapslid\/#primaryimage"},"thumbnailUrl":"https:\/\/mybody5.ee.mybody.ee\/proov\/wp-content\/uploads\/2019\/12\/aminostar-kre-alkalyn-120kps-on-puhverdatud-kreatiin-monohudraadi-kapslid-398.jpg","datePublished":"2019-12-09T22:25:37+00:00","description":"Aminostar\u00a0Kre-Alkalyn Kre-Alkalyn on\u00a0puhverdatud kreatiini\u00a0monoh\u00fcdraat kapslite kujul","breadcrumb":{"@id":"https:\/\/mybody5.ee.mybody.ee\/proov\/product\/aminostar-kre-alkalyn-120-kps-puhverdatud-kreatiini-monohudraadi-kapslid\/#breadcrumb"},"inLanguage":"et","potentialAction":[{"@type":"ReadAction","target":["https:\/\/mybody5.ee.mybody.ee\/proov\/product\/aminostar-kre-alkalyn-120-kps-puhverdatud-kreatiini-monohudraadi-kapslid\/"]}]},{"@type":"ImageObject","inLanguage":"et","@id":"https:\/\/mybody5.ee.mybody.ee\/proov\/product\/aminostar-kre-alkalyn-120-kps-puhverdatud-kreatiini-monohudraadi-kapslid\/#primaryimage","url":"https:\/\/mybody5.ee.mybody.ee\/proov\/wp-content\/uploads\/2019\/12\/aminostar-kre-alkalyn-120kps-on-puhverdatud-kreatiin-monohudraadi-kapslid-398.jpg","contentUrl":"https:\/\/mybody5.ee.mybody.ee\/proov\/wp-content\/uploads\/2019\/12\/aminostar-kre-alkalyn-120kps-on-puhverdatud-kreatiin-monohudraadi-kapslid-398.jpg","width":322,"height":600,"caption":"Aminostar Kre-Alkalyn 120 kps - puhverdatud kreatiini monoh\u00fcdraadi kapslid"},{"@type":"BreadcrumbList","@id":"https:\/\/mybody5.ee.mybody.ee\/proov\/product\/aminostar-kre-alkalyn-120-kps-puhverdatud-kreatiini-monohudraadi-kapslid\/#breadcrumb","itemListElement":[{"@type":"ListItem","position":1,"name":"Home","item":"https:\/\/mybody5.ee.mybody.ee\/proov\/"},{"@type":"ListItem","position":2,"name":"Shop","item":"https:\/\/mybody5.ee.mybody.ee\/proov\/shop\/"},{"@type":"ListItem","position":3,"name":"Aminostar Kre-Alkalyn 120 kps &#8211; puhverdatud kreatiini monoh\u00fcdraadi kapslid"}]},{"@type":"WebSite","@id":"https:\/\/mybody5.ee.mybody.ee\/proov\/#website","url":"https:\/\/mybody5.ee.mybody.ee\/proov\/","name":"MyBody.ee - Toidulisandid ja sporditarvikud","description":"Just another WordPress site","publisher":{"@id":"https:\/\/mybody5.ee.mybody.ee\/proov\/#organization"},"potentialAction":[{"@type":"SearchAction","target":{"@type":"EntryPoint","urlTemplate":"https:\/\/mybody5.ee.mybody.ee\/proov\/?s={search_term_string}"},"query-input":{"@type":"PropertyValueSpecification","valueRequired":true,"valueName":"search_term_string"}}],"inLanguage":"et"},{"@type":"Organization","@id":"https:\/\/mybody5.ee.mybody.ee\/proov\/#organization","name":"MyBody.ee","url":"https:\/\/mybody5.ee.mybody.ee\/proov\/","logo":{"@type":"ImageObject","inLanguage":"et","@id":"https:\/\/mybody5.ee.mybody.ee\/proov\/#\/schema\/logo\/image\/","url":"https:\/\/mybody5.ee.mybody.ee\/proov\/wp-content\/uploads\/2023\/11\/mybody_logo_h65-2.png","contentUrl":"https:\/\/mybody5.ee.mybody.ee\/proov\/wp-content\/uploads\/2023\/11\/mybody_logo_h65-2.png","width":229,"height":65,"caption":"MyBody.ee"},"image":{"@id":"https:\/\/mybody5.ee.mybody.ee\/proov\/#\/schema\/logo\/image\/"},"sameAs":["https:\/\/facebook.com\/MyBody.ee\/"]}]}},"_links":{"self":[{"href":"https:\/\/mybody5.ee.mybody.ee\/proov\/wp-json\/wp\/v2\/product\/103","targetHints":{"allow":["GET"]}}],"collection":[{"href":"https:\/\/mybody5.ee.mybody.ee\/proov\/wp-json\/wp\/v2\/product"}],"about":[{"href":"https:\/\/mybody5.ee.mybody.ee\/proov\/wp-json\/wp\/v2\/types\/product"}],"replies":[{"embeddable":true,"href":"https:\/\/mybody5.ee.mybody.ee\/proov\/wp-json\/wp\/v2\/comments?post=103"}],"wp:featuredmedia":[{"embeddable":true,"href":"https:\/\/mybody5.ee.mybody.ee\/proov\/wp-json\/wp\/v2\/media\/102"}],"wp:attachment":[{"href":"https:\/\/mybody5.ee.mybody.ee\/proov\/wp-json\/wp\/v2\/media?parent=103"}],"wp:term":[{"taxonomy":"product_cat","embeddable":true,"href":"https:\/\/mybody5.ee.mybody.ee\/proov\/wp-json\/wp\/v2\/product_cat?post=103"},{"taxonomy":"product_tag","embeddable":true,"href":"https:\/\/mybody5.ee.mybody.ee\/proov\/wp-json\/wp\/v2\/product_tag?post=103"}],"curies":[{"name":"wp","href":"https:\/\/api.w.org\/{rel}","templated":true}]}}