{"id":1030,"date":"2022-05-29T14:43:01","date_gmt":"2022-05-29T14:43:01","guid":{"rendered":"https:\/\/mybody5.ee.mybody.ee\/proov\/product\/all-stars-protein-cookie-crunch-50g-kupsetatud-proteiini-batoon-browni\/"},"modified":"2022-05-29T14:43:01","modified_gmt":"2022-05-29T14:43:01","slug":"all-stars-protein-cookie-crunch-50g-kupsetatud-proteiini-batoon-browni","status":"publish","type":"product","link":"https:\/\/mybody5.ee.mybody.ee\/proov\/product\/all-stars-protein-cookie-crunch-50g-kupsetatud-proteiini-batoon-browni\/","title":{"rendered":"All Stars Protein Cookie Crunch 50g, k\u00fcpsetatud proteiini batoon, browni"},"content":{"rendered":"<p><strong>All Stars Protein Cookie Crunch,<\/strong>&nbsp;k\u00fcpsetatud ilma lisatud suhkruta proteiinibatoon, mis on kaetud m\u00f5nusa \u0161okolaadi ja p\u00e4hkli t\u00fckkidega ning v\u00e4ga hea koostisega sisaldades vaid 1,8g suhkrut terve batooni kohta. Batoonid on ideaalsed tarbimiseks piknikul, rannas, enne trenni, peale trenni v\u00f5i kui niisama magusaisu n\u00e4pistab.&nbsp;<span style=\"line-height: 1.6em;\">Samas ettevaatus \u2013 batoon&nbsp;v\u00f5ib kergesti saada lootusetuks lemmikuks!<\/span><\/p>\n<ul>\n<li>Madala suhkrusisaldusega<\/li>\n<li>Hea valkude ja s\u00fcsivesikute suhe<\/li>\n<li>Hea vahepala v\u00f5i toidukorra asendaja<\/li>\n<li>Parem kui komm<\/li>\n<\/ul>\n<h3>Protein Cookie Crunch batoon on heaks t\u00e4iendavaks valguallikaks<\/h3>\n<ul>\n<li>Noortele ja t\u00e4iskasvanutele<\/li>\n<li>F\u00fc\u00fcsiliselt aktiivsetele inimestele valguvajaduse rahuldamiseks<\/li>\n<li>N\u00e4lja peletamiseks toidukordade vahel<\/li>\n<li>V\u00e4ikese kehakaaluga inimestele valgunormi t\u00e4itmiseks<\/li>\n<\/ul>\n<h3>Kellele?<\/h3>\n<ul>\n<li>Vahepalaks, kui toiduvahekord l\u00e4heb liialt pikaks<\/li>\n<li>Keha taastamiseks p\u00e4rast treeningut<\/li>\n<\/ul>\n<h3>Kasutamine<\/h3>\n<p>Vastavalt vajadusele 1-2 batooni vahepalana igal ajal p\u00e4eva jooksul, kui selleks tekib vajadus.<\/p>\n<h3>Kellele sobib?<\/h3>\n<p>Sobib ideaalseks&nbsp;vahepalaks, dieettooteks kui ka treeningj\u00e4rgseks taastumiseks&nbsp;<strong>All Stars Protein Cookie Crunch&nbsp;<\/strong>on m\u00f5eldud kasutamiseks k\u00f5igile, kes peavad lugu tervislikust toitumisest ning soovivad kiiret ja maitsvat vahepala.<\/p>\n<h3>Maitsed: <span style=\"font-size:14px;\"><span style=\"font-family:arial,helvetica,sans-serif;\">&nbsp;browni<\/span><\/span><\/h3>\n<h3><img decoding=\"async\" src=\"https:\/\/mybody.ee\/image\/catalog\/All Stars\/Protein Cookie Crunch browni 3.jpg\" style=\"width: 598px;\"><span style=\"font-size:14px;\"><span style=\"font-family:arial,helvetica,sans-serif;\"><br \/><\/span><\/span><\/h3>\n<table border=\"1\" cellpadding=\"1\" cellspacing=\"1\" height=\"422\" style=\"height:100px;line-height:1.6em;width:600px;\" width=\"501\">\n<tbody>\n<tr>\n<td><strong style=\"line-height: 20.8px;\"><strong>Protein Cookie Crunch soolatud magus karamell<\/strong>&nbsp;batooni&nbsp;<\/strong><strong>toitev\u00e4\u00e4rtus <\/strong><\/td>\n<td><strong>100g<\/strong><\/td>\n<td><strong>50g<\/strong><\/td>\n<\/tr>\n<tr>\n<td>Energiat<\/td>\n<td>378kcal\/1576kJ<\/td>\n<td>189kcal\/788kJ<\/td>\n<\/tr>\n<tr>\n<td>Valke<\/td>\n<td>25g<\/td>\n<td>14g<\/td>\n<\/tr>\n<tr>\n<td>\n<p>S\u00fcsivesikuid &nbsp;(pol\u00fcoolid 18\/9g)<br \/> \t\t\tmilles suhkrud<\/p>\n<p>Kiudained<\/p>\n<\/td>\n<td>\n<p>28g<br \/>3,6g<\/p>\n<p>19g<\/p>\n<\/td>\n<td>\n<p>14g<br \/>1,7g<\/p>\n<p>9,5g<\/p>\n<\/td>\n<\/tr>\n<tr>\n<td>Rasvu<br \/> \t\t\tmillest k\u00fcllastunud rasvu<\/td>\n<td>18g<br \/>5,8g<\/td>\n<td>9g<br \/>2,9g<\/td>\n<\/tr>\n<tr>\n<td>Soola<\/td>\n<td>0,28g<\/td>\n<td>0,14g<\/td>\n<\/tr>\n<tr>\n<td colspan=\"3\">\n<p><span style=\"font-size: 10px;\">Koostis:&nbsp;<\/span><strong style=\"font-size: 10px;\">piimavalk<\/strong><span style=\"font-size: 10px;\">, purukoogi t\u00fckid 11% pl\u00fcdekstroosisiirup (p\u00fcludektstroos, vesi), <b>p\u00e4hklipasta <\/b>muretaigne t\u00fckid, magustaja &nbsp;&nbsp;<\/span><span style=\"font-size: 10px;\">&nbsp;(maltitool, isomalt ja er\u00fctritool, kartulit\u00e4rklis, maisijahu, v\u00f5i, riisijahu, t\u00e4rklis, sojaproteiin, soajvalgu isolaat,vadakuvalgu isolaat, tapiot\u00e4rklis, sool), L\u00f5hna ja maitseained, vaniljeekstrakt, mahuaine, naatriumvesinikkarbonaat niiskuse s\u00e4ilitaja gl\u00fctserool, <b>kakaov\u00f5i, sarapuup\u00e4hklid, t\u00e4ispiimapulber<\/b><\/span><span style=\"font-size: 10px;\"><b>, l\u00f5ssipulber, kakaomass 7,1%.<\/b>&nbsp;inuliin, emulgaator, sojaletsitiin, magusaine sukraloos. Ei sisalda lisatud suhkruid. V\u00f5ib sisaldada p\u00e4hkleid, muna, seesami ja nisu j\u00e4\u00e4ke.&nbsp;<\/span><span style=\"font-size: 10px;\">Allergeenid on m\u00e4rgitud paksus kirjas.<\/span><\/p>\n<\/td>\n<\/tr>\n<\/tbody>\n<\/table>\n<p>&nbsp;<\/p>\n<h3>Konsultatsioon<\/h3>\n<ul>\n<li>Oled oodatud tasuta konsultatsioonile MYBODY Audentese kauplusesse,<\/li>\n<li>Asukoht: Audentese Spordikeskus, Tondi 84.<\/li>\n<li>Telefon EST\/RUS\/ENG +372&nbsp;523 1960<\/li>\n<li>Telefon EST\/ENG +372 56&nbsp;458&nbsp;688<\/li>\n<li><a href=\"mailto:info@mybody.ee\">info@mybody.ee<\/a><\/li>\n<li><a href=\"http:\/\/www.facebook.com\/mybody.ee\">www.facebook.com\/mybody.ee<\/a><\/li>\n<\/ul>\n<div id=\"__if72ru4sdfsdfrkjahiuyi_once\" style=\"display:none;\">&nbsp;<\/div>\n<div id=\"__hggasdgjhsagd_once\" style=\"display:none;\">&nbsp;<\/div>\n","protected":false},"excerpt":{"rendered":"<p>All Stars Protein Cookie Crunch,&nbsp;k\u00fcpsetatud ilma lisatud suhkruta proteiinibatoon, mis on kaetud m\u00f5nusa \u0161okolaadi ja p\u00e4hkli t\u00fckkidega ning v\u00e4ga hea koostisega sisaldades vaid 1,8g suhkrut terve batooni kohta. Batoonid on ideaalsed tarbimiseks piknikul, rannas, enne trenni, peale trenni v\u00f5i kui niisama magusaisu n\u00e4pistab.&nbsp;Samas ettevaatus \u2013 batoon&nbsp;v\u00f5ib kergesti saada lootusetuks lemmikuks! Madala suhkrusisaldusega Hea valkude ja [&hellip;]<\/p>\n","protected":false},"featured_media":0,"comment_status":"open","ping_status":"closed","template":"","meta":{"inline_featured_image":false},"product_cat":[60,18,61],"product_tag":[],"class_list":{"0":"post-1030","1":"product","2":"type-product","3":"status-publish","5":"product_cat-batoonid","6":"product_cat-batoonid-vahepalad-ee","7":"product_cat-proteiinibatoonid","9":"first","10":"instock","11":"shipping-taxable","12":"purchasable","13":"product-type-simple"},"yoast_head":"<!-- This site is optimized with the Yoast SEO plugin v27.3 - https:\/\/yoast.com\/product\/yoast-seo-wordpress\/ -->\n<title>Maitsvad ja madala suhkrusisaldusega batoonid - Hy-Pro 55 All Stars - MyBody.ee - Toidulisandid ja sporditarvikud<\/title>\n<meta name=\"description\" content=\"All Stars Hy-Pro55\u00a0on uued imemaitsvad batoonid, mis on kaetud\" \/>\n<meta name=\"robots\" content=\"index, follow, max-snippet:-1, max-image-preview:large, max-video-preview:-1\" \/>\n<link rel=\"canonical\" href=\"https:\/\/mybody5.ee.mybody.ee\/proov\/product\/all-stars-protein-cookie-crunch-50g-kupsetatud-proteiini-batoon-browni\/\" \/>\n<meta property=\"og:locale\" content=\"et_EE\" \/>\n<meta property=\"og:type\" content=\"article\" \/>\n<meta property=\"og:title\" content=\"Maitsvad ja madala suhkrusisaldusega batoonid - Hy-Pro 55 All Stars - MyBody.ee - Toidulisandid ja sporditarvikud\" \/>\n<meta property=\"og:description\" content=\"All Stars Hy-Pro55\u00a0on uued imemaitsvad batoonid, mis on kaetud\" \/>\n<meta property=\"og:url\" content=\"https:\/\/mybody5.ee.mybody.ee\/proov\/product\/all-stars-protein-cookie-crunch-50g-kupsetatud-proteiini-batoon-browni\/\" \/>\n<meta property=\"og:site_name\" content=\"supplero\" \/>\n<meta property=\"article:publisher\" content=\"https:\/\/facebook.com\/MyBody.ee\/\" \/>\n<meta property=\"og:image\" content=\"https:\/\/mybody5.ee.mybody.ee\/proov\/wp-content\/uploads\/2023\/11\/mybody_logo_h65.png\" \/>\n\t<meta property=\"og:image:width\" content=\"229\" \/>\n\t<meta property=\"og:image:height\" content=\"65\" \/>\n\t<meta property=\"og:image:type\" content=\"image\/png\" \/>\n<meta name=\"twitter:card\" content=\"summary_large_image\" \/>\n<meta name=\"twitter:label1\" content=\"Est. reading time\" \/>\n\t<meta name=\"twitter:data1\" content=\"2 minutit\" \/>\n<script type=\"application\/ld+json\" class=\"yoast-schema-graph\">{\"@context\":\"https:\\\/\\\/schema.org\",\"@graph\":[{\"@type\":\"WebPage\",\"@id\":\"https:\\\/\\\/mybody5.ee.mybody.ee\\\/proov\\\/product\\\/all-stars-protein-cookie-crunch-50g-kupsetatud-proteiini-batoon-browni\\\/\",\"url\":\"https:\\\/\\\/mybody5.ee.mybody.ee\\\/proov\\\/product\\\/all-stars-protein-cookie-crunch-50g-kupsetatud-proteiini-batoon-browni\\\/\",\"name\":\"Maitsvad ja madala suhkrusisaldusega batoonid - Hy-Pro 55 All Stars - MyBody.ee - Toidulisandid ja sporditarvikud\",\"isPartOf\":{\"@id\":\"https:\\\/\\\/mybody5.ee.mybody.ee\\\/proov\\\/#website\"},\"datePublished\":\"2022-05-29T14:43:01+00:00\",\"description\":\"All Stars Hy-Pro55\u00a0on uued imemaitsvad batoonid, mis on kaetud\",\"breadcrumb\":{\"@id\":\"https:\\\/\\\/mybody5.ee.mybody.ee\\\/proov\\\/product\\\/all-stars-protein-cookie-crunch-50g-kupsetatud-proteiini-batoon-browni\\\/#breadcrumb\"},\"inLanguage\":\"et\",\"potentialAction\":[{\"@type\":\"ReadAction\",\"target\":[\"https:\\\/\\\/mybody5.ee.mybody.ee\\\/proov\\\/product\\\/all-stars-protein-cookie-crunch-50g-kupsetatud-proteiini-batoon-browni\\\/\"]}]},{\"@type\":\"BreadcrumbList\",\"@id\":\"https:\\\/\\\/mybody5.ee.mybody.ee\\\/proov\\\/product\\\/all-stars-protein-cookie-crunch-50g-kupsetatud-proteiini-batoon-browni\\\/#breadcrumb\",\"itemListElement\":[{\"@type\":\"ListItem\",\"position\":1,\"name\":\"Home\",\"item\":\"https:\\\/\\\/mybody5.ee.mybody.ee\\\/proov\\\/\"},{\"@type\":\"ListItem\",\"position\":2,\"name\":\"Shop\",\"item\":\"https:\\\/\\\/mybody5.ee.mybody.ee\\\/proov\\\/shop\\\/\"},{\"@type\":\"ListItem\",\"position\":3,\"name\":\"All Stars Protein Cookie Crunch 50g, k\u00fcpsetatud proteiini batoon, browni\"}]},{\"@type\":\"WebSite\",\"@id\":\"https:\\\/\\\/mybody5.ee.mybody.ee\\\/proov\\\/#website\",\"url\":\"https:\\\/\\\/mybody5.ee.mybody.ee\\\/proov\\\/\",\"name\":\"MyBody.ee - Toidulisandid ja sporditarvikud\",\"description\":\"Just another WordPress site\",\"publisher\":{\"@id\":\"https:\\\/\\\/mybody5.ee.mybody.ee\\\/proov\\\/#organization\"},\"potentialAction\":[{\"@type\":\"SearchAction\",\"target\":{\"@type\":\"EntryPoint\",\"urlTemplate\":\"https:\\\/\\\/mybody5.ee.mybody.ee\\\/proov\\\/?s={search_term_string}\"},\"query-input\":{\"@type\":\"PropertyValueSpecification\",\"valueRequired\":true,\"valueName\":\"search_term_string\"}}],\"inLanguage\":\"et\"},{\"@type\":\"Organization\",\"@id\":\"https:\\\/\\\/mybody5.ee.mybody.ee\\\/proov\\\/#organization\",\"name\":\"MyBody.ee\",\"url\":\"https:\\\/\\\/mybody5.ee.mybody.ee\\\/proov\\\/\",\"logo\":{\"@type\":\"ImageObject\",\"inLanguage\":\"et\",\"@id\":\"https:\\\/\\\/mybody5.ee.mybody.ee\\\/proov\\\/#\\\/schema\\\/logo\\\/image\\\/\",\"url\":\"https:\\\/\\\/mybody5.ee.mybody.ee\\\/proov\\\/wp-content\\\/uploads\\\/2023\\\/11\\\/mybody_logo_h65-2.png\",\"contentUrl\":\"https:\\\/\\\/mybody5.ee.mybody.ee\\\/proov\\\/wp-content\\\/uploads\\\/2023\\\/11\\\/mybody_logo_h65-2.png\",\"width\":229,\"height\":65,\"caption\":\"MyBody.ee\"},\"image\":{\"@id\":\"https:\\\/\\\/mybody5.ee.mybody.ee\\\/proov\\\/#\\\/schema\\\/logo\\\/image\\\/\"},\"sameAs\":[\"https:\\\/\\\/facebook.com\\\/MyBody.ee\\\/\"]}]}<\/script>\n<!-- \/ Yoast SEO plugin. -->","yoast_head_json":{"title":"Maitsvad ja madala suhkrusisaldusega batoonid - Hy-Pro 55 All Stars - MyBody.ee - Toidulisandid ja sporditarvikud","description":"All Stars Hy-Pro55\u00a0on uued imemaitsvad batoonid, mis on kaetud","robots":{"index":"index","follow":"follow","max-snippet":"max-snippet:-1","max-image-preview":"max-image-preview:large","max-video-preview":"max-video-preview:-1"},"canonical":"https:\/\/mybody5.ee.mybody.ee\/proov\/product\/all-stars-protein-cookie-crunch-50g-kupsetatud-proteiini-batoon-browni\/","og_locale":"et_EE","og_type":"article","og_title":"Maitsvad ja madala suhkrusisaldusega batoonid - Hy-Pro 55 All Stars - MyBody.ee - Toidulisandid ja sporditarvikud","og_description":"All Stars Hy-Pro55\u00a0on uued imemaitsvad batoonid, mis on kaetud","og_url":"https:\/\/mybody5.ee.mybody.ee\/proov\/product\/all-stars-protein-cookie-crunch-50g-kupsetatud-proteiini-batoon-browni\/","og_site_name":"supplero","article_publisher":"https:\/\/facebook.com\/MyBody.ee\/","og_image":[{"width":229,"height":65,"url":"https:\/\/mybody5.ee.mybody.ee\/proov\/wp-content\/uploads\/2023\/11\/mybody_logo_h65.png","type":"image\/png"}],"twitter_card":"summary_large_image","twitter_misc":{"Est. reading time":"2 minutit"},"schema":{"@context":"https:\/\/schema.org","@graph":[{"@type":"WebPage","@id":"https:\/\/mybody5.ee.mybody.ee\/proov\/product\/all-stars-protein-cookie-crunch-50g-kupsetatud-proteiini-batoon-browni\/","url":"https:\/\/mybody5.ee.mybody.ee\/proov\/product\/all-stars-protein-cookie-crunch-50g-kupsetatud-proteiini-batoon-browni\/","name":"Maitsvad ja madala suhkrusisaldusega batoonid - Hy-Pro 55 All Stars - MyBody.ee - Toidulisandid ja sporditarvikud","isPartOf":{"@id":"https:\/\/mybody5.ee.mybody.ee\/proov\/#website"},"datePublished":"2022-05-29T14:43:01+00:00","description":"All Stars Hy-Pro55\u00a0on uued imemaitsvad batoonid, mis on kaetud","breadcrumb":{"@id":"https:\/\/mybody5.ee.mybody.ee\/proov\/product\/all-stars-protein-cookie-crunch-50g-kupsetatud-proteiini-batoon-browni\/#breadcrumb"},"inLanguage":"et","potentialAction":[{"@type":"ReadAction","target":["https:\/\/mybody5.ee.mybody.ee\/proov\/product\/all-stars-protein-cookie-crunch-50g-kupsetatud-proteiini-batoon-browni\/"]}]},{"@type":"BreadcrumbList","@id":"https:\/\/mybody5.ee.mybody.ee\/proov\/product\/all-stars-protein-cookie-crunch-50g-kupsetatud-proteiini-batoon-browni\/#breadcrumb","itemListElement":[{"@type":"ListItem","position":1,"name":"Home","item":"https:\/\/mybody5.ee.mybody.ee\/proov\/"},{"@type":"ListItem","position":2,"name":"Shop","item":"https:\/\/mybody5.ee.mybody.ee\/proov\/shop\/"},{"@type":"ListItem","position":3,"name":"All Stars Protein Cookie Crunch 50g, k\u00fcpsetatud proteiini batoon, browni"}]},{"@type":"WebSite","@id":"https:\/\/mybody5.ee.mybody.ee\/proov\/#website","url":"https:\/\/mybody5.ee.mybody.ee\/proov\/","name":"MyBody.ee - Toidulisandid ja sporditarvikud","description":"Just another WordPress site","publisher":{"@id":"https:\/\/mybody5.ee.mybody.ee\/proov\/#organization"},"potentialAction":[{"@type":"SearchAction","target":{"@type":"EntryPoint","urlTemplate":"https:\/\/mybody5.ee.mybody.ee\/proov\/?s={search_term_string}"},"query-input":{"@type":"PropertyValueSpecification","valueRequired":true,"valueName":"search_term_string"}}],"inLanguage":"et"},{"@type":"Organization","@id":"https:\/\/mybody5.ee.mybody.ee\/proov\/#organization","name":"MyBody.ee","url":"https:\/\/mybody5.ee.mybody.ee\/proov\/","logo":{"@type":"ImageObject","inLanguage":"et","@id":"https:\/\/mybody5.ee.mybody.ee\/proov\/#\/schema\/logo\/image\/","url":"https:\/\/mybody5.ee.mybody.ee\/proov\/wp-content\/uploads\/2023\/11\/mybody_logo_h65-2.png","contentUrl":"https:\/\/mybody5.ee.mybody.ee\/proov\/wp-content\/uploads\/2023\/11\/mybody_logo_h65-2.png","width":229,"height":65,"caption":"MyBody.ee"},"image":{"@id":"https:\/\/mybody5.ee.mybody.ee\/proov\/#\/schema\/logo\/image\/"},"sameAs":["https:\/\/facebook.com\/MyBody.ee\/"]}]}},"_links":{"self":[{"href":"https:\/\/mybody5.ee.mybody.ee\/proov\/wp-json\/wp\/v2\/product\/1030","targetHints":{"allow":["GET"]}}],"collection":[{"href":"https:\/\/mybody5.ee.mybody.ee\/proov\/wp-json\/wp\/v2\/product"}],"about":[{"href":"https:\/\/mybody5.ee.mybody.ee\/proov\/wp-json\/wp\/v2\/types\/product"}],"replies":[{"embeddable":true,"href":"https:\/\/mybody5.ee.mybody.ee\/proov\/wp-json\/wp\/v2\/comments?post=1030"}],"wp:attachment":[{"href":"https:\/\/mybody5.ee.mybody.ee\/proov\/wp-json\/wp\/v2\/media?parent=1030"}],"wp:term":[{"taxonomy":"product_cat","embeddable":true,"href":"https:\/\/mybody5.ee.mybody.ee\/proov\/wp-json\/wp\/v2\/product_cat?post=1030"},{"taxonomy":"product_tag","embeddable":true,"href":"https:\/\/mybody5.ee.mybody.ee\/proov\/wp-json\/wp\/v2\/product_tag?post=1030"}],"curies":[{"name":"wp","href":"https:\/\/api.w.org\/{rel}","templated":true}]}}