{"id":1034,"date":"2022-05-29T15:24:13","date_gmt":"2022-05-29T15:24:13","guid":{"rendered":"https:\/\/mybody5.ee.mybody.ee\/proov\/product\/tugeva-koostisega-veiselihavalk-self-beef-premium-2-1860\/"},"modified":"2022-05-29T15:24:13","modified_gmt":"2022-05-29T15:24:13","slug":"tugeva-koostisega-veiselihavalk-self-beef-premium-2-1860","status":"publish","type":"product","link":"https:\/\/mybody5.ee.mybody.ee\/proov\/product\/tugeva-koostisega-veiselihavalk-self-beef-premium-2-1860\/","title":{"rendered":"Tugeva koostisega veiselihavalk &#8211; SELF Beef Premium"},"content":{"rendered":"<p style=\"text-align: justify;\"><strong>SELF BEEF PREMIUM&nbsp;<\/strong>on veiselihast toodetud toidulisand,&nbsp;mis sisaldab h\u00fcdrol\u00fc\u00fcsitud valku ja peptiit\u00fchendeid, mis on &nbsp;valmistatud Rootsi kvaliteetsest veiselihast. See on ens\u00fcmaatiliselt h\u00fcdrol\u00fc\u00fcsitud (praktiliselt &#8220;eel-seeditud&#8221;) veiselihavalk, mis t\u00e4hendab, et selle seedimine ja imendumine organismis on kiire.&nbsp;<strong>BEEF PREMIUM<\/strong>&nbsp;on v\u00e4ga k\u00f5rge aminohappesisaldusega rasva- ja s\u00fcsivesikuvaba toode.<strong>&nbsp;BEEF PROTEINI<\/strong>&#8217;i tarbimine tagab \u00e4\u00e4rmiselt efektiivse ja stabiilse anaboolsete aminohapete voolu, mis juba imendumise alghetkest kaasab k\u00f5ik keha metaboolsed mehhanismid lihasstruktuuride s\u00fcnteesi ja taastumisse.<\/p>\n<p style=\"text-align: justify;\"> <strong>BEEF PREMIUM<\/strong>\u2019i eksklusiivne koostis ja uue tehnoloogiaga loodud&nbsp;maitsed vastavad ka k\u00f5ige n\u00f5udlikuma professionaali vajadustele ning k\u00f5igile tervisesportlastele, kellel esineb suurenenud valguvajadust ja kes \u00fcritavad saavutada kiiret lihasmassi kasvu.<br \/> <strong>SELF&nbsp;<\/strong><strong>BEEF PREMIUM<\/strong>&nbsp;on ka hea alternatiiv piima-&nbsp;v\u00f5i sojavalgule, sobides ka neile, keda vaevab laktoositalumatus v\u00f5i piimaallergia.<\/p>\n<h3 style=\"text-align: justify;\">Omadused<\/h3>\n<ul>\n<li style=\"text-align: justify;\">Kiirendab taastumist rasketest treeningutest<\/li>\n<li style=\"text-align: justify;\">Kiirelt imenduvad h\u00fcdrol\u00fc\u00fcsitud valk<\/li>\n<li style=\"text-align: justify;\">K\u00f5rgeim bioloogiline v\u00e4\u00e4rtus, imendub t\u00e4ielikult<\/li>\n<li style=\"text-align: justify;\">Palju glutamiini ja arginiini<\/li>\n<li style=\"text-align: justify;\">Valgusisaldus 91%<\/li>\n<\/ul>\n<h3 style=\"text-align: justify;\">Kasutamine<\/h3>\n<p style=\"text-align: justify;\">30 g (1 m\u00f5\u00f5dulusikat\u00e4is) pulbrit segada 300 ml jaheda veega ja tarbida 1-3 korda p\u00e4evas. Taastusjoogina kasutades segada Just Dextro&nbsp;v\u00f5i Just Carbs-ga.&nbsp;<\/p>\n<h3 style=\"text-align: justify;\">Kellele sobib?<\/h3>\n<p style=\"text-align: justify;\"><strong>BEEF PREMIUM<\/strong>&nbsp;sobib kasutamiseks k\u00f5ikide spordialada harrastajatele, kes peavad lugu mitmek\u00fclgsest k\u00f5rgkvaliteedilisest proteiinitootest. Sobib lisavalguna enne ja p\u00e4rast treeningut ning valguvajaduse katmiseks p\u00e4eva jooksul. Aitab taastuda rasketest treeningutest.<\/p>\n<h3 style=\"text-align: justify;\">Pakend:&nbsp;<span style=\"font-size: 12px;\"><span style=\"font-family: arial, helvetica, sans-serif;\">750g<\/span><\/span><\/h3>\n<h3 style=\"text-align: justify;\">Maitsed:&nbsp;<span style=\"font-size: 12px;\"><span style=\"font-family: arial, helvetica, sans-serif;\">Ananass, \u00f5un\/pirn<\/span><\/span><\/h3>\n<table border=\"1\" cellpadding=\"1\" cellspacing=\"1\" style=\"width: 500px;\">\n<tbody>\n<tr>\n<td style=\"text-align: justify;\"><strong>Toitev\u00e4\u00e4rtus:<\/strong><\/td>\n<td style=\"text-align: justify;\"><strong>100g<\/strong><\/td>\n<td style=\"text-align: justify;\"><strong>30g<\/strong><\/td>\n<\/tr>\n<tr>\n<td style=\"text-align: justify;\">Energiat<\/td>\n<td style=\"text-align: justify;\">370 kcal\/1545 KJ<\/td>\n<td style=\"text-align: justify;\">111 kcal\/464 KJ<\/td>\n<\/tr>\n<tr>\n<td style=\"text-align: justify;\">Valk<\/td>\n<td style=\"text-align: justify;\">91g<\/td>\n<td style=\"text-align: justify;\">27,3 g<\/td>\n<\/tr>\n<tr>\n<td style=\"text-align: justify;\">S\u00fcsivesikud<\/td>\n<td style=\"text-align: justify;\">0 g<\/td>\n<td style=\"text-align: justify;\">0 g<\/td>\n<\/tr>\n<tr>\n<td style=\"text-align: justify;\">Rasv<\/td>\n<td style=\"text-align: justify;\">0 g<\/td>\n<td style=\"text-align: justify;\">0 g<\/td>\n<\/tr>\n<tr>\n<td style=\"text-align: justify;\">Kiudaineid<\/td>\n<td style=\"text-align: justify;\">2 g<\/td>\n<td style=\"text-align: justify;\">0,6 g<\/td>\n<\/tr>\n<tr>\n<td style=\"text-align: justify;\">Naatriumit<\/td>\n<td style=\"text-align: justify;\">0,6 g<\/td>\n<td style=\"text-align: justify;\">0,18 g<\/td>\n<\/tr>\n<tr>\n<td colspan=\"3\" style=\"text-align: justify;\">\n<p><span style=\"font-size: 10px;\">Koostis:&nbsp;<span style=\"font-family: arial, helvetica, sans-serif;\">H\u00fcdrol\u00fc\u00fcsitud veiseliha valk, aroomaine, \u00f5unhape (E296), tauriin (3,3%), emulgaator (E322), inuliin, stabilisaator, magustajad (sukraloos, E950).<\/span><\/span><\/p>\n<\/td>\n<\/tr>\n<\/tbody>\n<\/table>\n<p style=\"text-align: justify;\">BEEF PROTEIN kg hind on 46.53\u20ac<\/p>\n<p style=\"text-align: justify;\">Konsultatsioon<\/p>\n<ul>\n<li style=\"text-align: justify;\">Oled oodatud tasuta konsultatsioonile MYBODY Audentese kauplusesse,<\/li>\n<li style=\"text-align: justify;\">Asukoht: Audentese Spordikeskus, Tondi 84.<\/li>\n<li style=\"text-align: justify;\">Telefon EST\/RUS\/ENG +372&nbsp;523 1960<\/li>\n<li style=\"text-align: justify;\">Telefon EST\/ENG +372 56&nbsp;458&nbsp;688<\/li>\n<li style=\"text-align: justify;\"><a href=\"mailto:info@mybody.ee\">info@mybody.ee<\/a><\/li>\n<li style=\"text-align: justify;\"><a href=\"http:\/\/www.facebook.com\/mybody.ee\">www.facebook.com\/mybody.ee<\/a><\/li>\n<\/ul>\n","protected":false},"excerpt":{"rendered":"<p>SELF BEEF PREMIUM&nbsp;on veiselihast toodetud toidulisand,&nbsp;mis sisaldab h\u00fcdrol\u00fc\u00fcsitud valku ja peptiit\u00fchendeid, mis on &nbsp;valmistatud Rootsi kvaliteetsest veiselihast. See on ens\u00fcmaatiliselt h\u00fcdrol\u00fc\u00fcsitud (praktiliselt &#8220;eel-seeditud&#8221;) veiselihavalk, mis t\u00e4hendab, et selle seedimine ja imendumine organismis on kiire.&nbsp;BEEF PREMIUM&nbsp;on v\u00e4ga k\u00f5rge aminohappesisaldusega rasva- ja s\u00fcsivesikuvaba toode.&nbsp;BEEF PROTEINI&#8217;i tarbimine tagab \u00e4\u00e4rmiselt efektiivse ja stabiilse anaboolsete aminohapete voolu, mis juba imendumise [&hellip;]<\/p>\n","protected":false},"featured_media":0,"comment_status":"open","ping_status":"closed","template":"","meta":{"inline_featured_image":false},"product_cat":[47,27],"product_tag":[],"class_list":{"0":"post-1034","1":"product","2":"type-product","3":"status-publish","5":"product_cat-muud-valgud","6":"product_cat-proteiinid","7":"pa_maitse-ananass","8":"pa_maitse-ouna","10":"first","11":"instock","12":"shipping-taxable","13":"purchasable","14":"product-type-variable"},"yoast_head":"<!-- This site is optimized with the Yoast SEO plugin v27.3 - https:\/\/yoast.com\/product\/yoast-seo-wordpress\/ -->\n<title>Tugeva koostisega veiselihavalk - SELF Beef Premium - MyBody.ee - Toidulisandid ja sporditarvikud<\/title>\n<meta name=\"description\" content=\"SELF BEEF PREMIUM\u00a0on veiselihast toodetud toidulisand,\u00a0mis sisaldab\" \/>\n<meta name=\"robots\" content=\"index, follow, max-snippet:-1, max-image-preview:large, max-video-preview:-1\" \/>\n<link rel=\"canonical\" href=\"https:\/\/mybody5.ee.mybody.ee\/proov\/product\/tugeva-koostisega-veiselihavalk-self-beef-premium-2-1860\/\" \/>\n<meta property=\"og:locale\" content=\"et_EE\" \/>\n<meta property=\"og:type\" content=\"article\" \/>\n<meta property=\"og:title\" content=\"Tugeva koostisega veiselihavalk - SELF Beef Premium - MyBody.ee - Toidulisandid ja sporditarvikud\" \/>\n<meta property=\"og:description\" content=\"SELF BEEF PREMIUM\u00a0on veiselihast toodetud toidulisand,\u00a0mis sisaldab\" \/>\n<meta property=\"og:url\" content=\"https:\/\/mybody5.ee.mybody.ee\/proov\/product\/tugeva-koostisega-veiselihavalk-self-beef-premium-2-1860\/\" \/>\n<meta property=\"og:site_name\" content=\"supplero\" \/>\n<meta property=\"article:publisher\" content=\"https:\/\/facebook.com\/MyBody.ee\/\" \/>\n<meta property=\"og:image\" content=\"https:\/\/mybody5.ee.mybody.ee\/proov\/wp-content\/uploads\/2023\/11\/mybody_logo_h65.png\" \/>\n\t<meta property=\"og:image:width\" content=\"229\" \/>\n\t<meta property=\"og:image:height\" content=\"65\" \/>\n\t<meta property=\"og:image:type\" content=\"image\/png\" \/>\n<meta name=\"twitter:card\" content=\"summary_large_image\" \/>\n<meta name=\"twitter:label1\" content=\"Est. reading time\" \/>\n\t<meta name=\"twitter:data1\" content=\"2 minutit\" \/>\n<script type=\"application\/ld+json\" class=\"yoast-schema-graph\">{\"@context\":\"https:\\\/\\\/schema.org\",\"@graph\":[{\"@type\":\"WebPage\",\"@id\":\"https:\\\/\\\/mybody5.ee.mybody.ee\\\/proov\\\/product\\\/tugeva-koostisega-veiselihavalk-self-beef-premium-2-1860\\\/\",\"url\":\"https:\\\/\\\/mybody5.ee.mybody.ee\\\/proov\\\/product\\\/tugeva-koostisega-veiselihavalk-self-beef-premium-2-1860\\\/\",\"name\":\"Tugeva koostisega veiselihavalk - SELF Beef Premium - MyBody.ee - Toidulisandid ja sporditarvikud\",\"isPartOf\":{\"@id\":\"https:\\\/\\\/mybody5.ee.mybody.ee\\\/proov\\\/#website\"},\"datePublished\":\"2022-05-29T15:24:13+00:00\",\"description\":\"SELF BEEF PREMIUM\u00a0on veiselihast toodetud toidulisand,\u00a0mis sisaldab\",\"breadcrumb\":{\"@id\":\"https:\\\/\\\/mybody5.ee.mybody.ee\\\/proov\\\/product\\\/tugeva-koostisega-veiselihavalk-self-beef-premium-2-1860\\\/#breadcrumb\"},\"inLanguage\":\"et\",\"potentialAction\":[{\"@type\":\"ReadAction\",\"target\":[\"https:\\\/\\\/mybody5.ee.mybody.ee\\\/proov\\\/product\\\/tugeva-koostisega-veiselihavalk-self-beef-premium-2-1860\\\/\"]}]},{\"@type\":\"BreadcrumbList\",\"@id\":\"https:\\\/\\\/mybody5.ee.mybody.ee\\\/proov\\\/product\\\/tugeva-koostisega-veiselihavalk-self-beef-premium-2-1860\\\/#breadcrumb\",\"itemListElement\":[{\"@type\":\"ListItem\",\"position\":1,\"name\":\"Home\",\"item\":\"https:\\\/\\\/mybody5.ee.mybody.ee\\\/proov\\\/\"},{\"@type\":\"ListItem\",\"position\":2,\"name\":\"Shop\",\"item\":\"https:\\\/\\\/mybody5.ee.mybody.ee\\\/proov\\\/shop\\\/\"},{\"@type\":\"ListItem\",\"position\":3,\"name\":\"Tugeva koostisega veiselihavalk &#8211; SELF Beef Premium\"}]},{\"@type\":\"WebSite\",\"@id\":\"https:\\\/\\\/mybody5.ee.mybody.ee\\\/proov\\\/#website\",\"url\":\"https:\\\/\\\/mybody5.ee.mybody.ee\\\/proov\\\/\",\"name\":\"MyBody.ee - Toidulisandid ja sporditarvikud\",\"description\":\"Just another WordPress site\",\"publisher\":{\"@id\":\"https:\\\/\\\/mybody5.ee.mybody.ee\\\/proov\\\/#organization\"},\"potentialAction\":[{\"@type\":\"SearchAction\",\"target\":{\"@type\":\"EntryPoint\",\"urlTemplate\":\"https:\\\/\\\/mybody5.ee.mybody.ee\\\/proov\\\/?s={search_term_string}\"},\"query-input\":{\"@type\":\"PropertyValueSpecification\",\"valueRequired\":true,\"valueName\":\"search_term_string\"}}],\"inLanguage\":\"et\"},{\"@type\":\"Organization\",\"@id\":\"https:\\\/\\\/mybody5.ee.mybody.ee\\\/proov\\\/#organization\",\"name\":\"MyBody.ee\",\"url\":\"https:\\\/\\\/mybody5.ee.mybody.ee\\\/proov\\\/\",\"logo\":{\"@type\":\"ImageObject\",\"inLanguage\":\"et\",\"@id\":\"https:\\\/\\\/mybody5.ee.mybody.ee\\\/proov\\\/#\\\/schema\\\/logo\\\/image\\\/\",\"url\":\"https:\\\/\\\/mybody5.ee.mybody.ee\\\/proov\\\/wp-content\\\/uploads\\\/2023\\\/11\\\/mybody_logo_h65-2.png\",\"contentUrl\":\"https:\\\/\\\/mybody5.ee.mybody.ee\\\/proov\\\/wp-content\\\/uploads\\\/2023\\\/11\\\/mybody_logo_h65-2.png\",\"width\":229,\"height\":65,\"caption\":\"MyBody.ee\"},\"image\":{\"@id\":\"https:\\\/\\\/mybody5.ee.mybody.ee\\\/proov\\\/#\\\/schema\\\/logo\\\/image\\\/\"},\"sameAs\":[\"https:\\\/\\\/facebook.com\\\/MyBody.ee\\\/\"]}]}<\/script>\n<!-- \/ Yoast SEO plugin. -->","yoast_head_json":{"title":"Tugeva koostisega veiselihavalk - SELF Beef Premium - MyBody.ee - Toidulisandid ja sporditarvikud","description":"SELF BEEF PREMIUM\u00a0on veiselihast toodetud toidulisand,\u00a0mis sisaldab","robots":{"index":"index","follow":"follow","max-snippet":"max-snippet:-1","max-image-preview":"max-image-preview:large","max-video-preview":"max-video-preview:-1"},"canonical":"https:\/\/mybody5.ee.mybody.ee\/proov\/product\/tugeva-koostisega-veiselihavalk-self-beef-premium-2-1860\/","og_locale":"et_EE","og_type":"article","og_title":"Tugeva koostisega veiselihavalk - SELF Beef Premium - MyBody.ee - Toidulisandid ja sporditarvikud","og_description":"SELF BEEF PREMIUM\u00a0on veiselihast toodetud toidulisand,\u00a0mis sisaldab","og_url":"https:\/\/mybody5.ee.mybody.ee\/proov\/product\/tugeva-koostisega-veiselihavalk-self-beef-premium-2-1860\/","og_site_name":"supplero","article_publisher":"https:\/\/facebook.com\/MyBody.ee\/","og_image":[{"width":229,"height":65,"url":"https:\/\/mybody5.ee.mybody.ee\/proov\/wp-content\/uploads\/2023\/11\/mybody_logo_h65.png","type":"image\/png"}],"twitter_card":"summary_large_image","twitter_misc":{"Est. reading time":"2 minutit"},"schema":{"@context":"https:\/\/schema.org","@graph":[{"@type":"WebPage","@id":"https:\/\/mybody5.ee.mybody.ee\/proov\/product\/tugeva-koostisega-veiselihavalk-self-beef-premium-2-1860\/","url":"https:\/\/mybody5.ee.mybody.ee\/proov\/product\/tugeva-koostisega-veiselihavalk-self-beef-premium-2-1860\/","name":"Tugeva koostisega veiselihavalk - SELF Beef Premium - MyBody.ee - Toidulisandid ja sporditarvikud","isPartOf":{"@id":"https:\/\/mybody5.ee.mybody.ee\/proov\/#website"},"datePublished":"2022-05-29T15:24:13+00:00","description":"SELF BEEF PREMIUM\u00a0on veiselihast toodetud toidulisand,\u00a0mis sisaldab","breadcrumb":{"@id":"https:\/\/mybody5.ee.mybody.ee\/proov\/product\/tugeva-koostisega-veiselihavalk-self-beef-premium-2-1860\/#breadcrumb"},"inLanguage":"et","potentialAction":[{"@type":"ReadAction","target":["https:\/\/mybody5.ee.mybody.ee\/proov\/product\/tugeva-koostisega-veiselihavalk-self-beef-premium-2-1860\/"]}]},{"@type":"BreadcrumbList","@id":"https:\/\/mybody5.ee.mybody.ee\/proov\/product\/tugeva-koostisega-veiselihavalk-self-beef-premium-2-1860\/#breadcrumb","itemListElement":[{"@type":"ListItem","position":1,"name":"Home","item":"https:\/\/mybody5.ee.mybody.ee\/proov\/"},{"@type":"ListItem","position":2,"name":"Shop","item":"https:\/\/mybody5.ee.mybody.ee\/proov\/shop\/"},{"@type":"ListItem","position":3,"name":"Tugeva koostisega veiselihavalk &#8211; SELF Beef Premium"}]},{"@type":"WebSite","@id":"https:\/\/mybody5.ee.mybody.ee\/proov\/#website","url":"https:\/\/mybody5.ee.mybody.ee\/proov\/","name":"MyBody.ee - Toidulisandid ja sporditarvikud","description":"Just another WordPress site","publisher":{"@id":"https:\/\/mybody5.ee.mybody.ee\/proov\/#organization"},"potentialAction":[{"@type":"SearchAction","target":{"@type":"EntryPoint","urlTemplate":"https:\/\/mybody5.ee.mybody.ee\/proov\/?s={search_term_string}"},"query-input":{"@type":"PropertyValueSpecification","valueRequired":true,"valueName":"search_term_string"}}],"inLanguage":"et"},{"@type":"Organization","@id":"https:\/\/mybody5.ee.mybody.ee\/proov\/#organization","name":"MyBody.ee","url":"https:\/\/mybody5.ee.mybody.ee\/proov\/","logo":{"@type":"ImageObject","inLanguage":"et","@id":"https:\/\/mybody5.ee.mybody.ee\/proov\/#\/schema\/logo\/image\/","url":"https:\/\/mybody5.ee.mybody.ee\/proov\/wp-content\/uploads\/2023\/11\/mybody_logo_h65-2.png","contentUrl":"https:\/\/mybody5.ee.mybody.ee\/proov\/wp-content\/uploads\/2023\/11\/mybody_logo_h65-2.png","width":229,"height":65,"caption":"MyBody.ee"},"image":{"@id":"https:\/\/mybody5.ee.mybody.ee\/proov\/#\/schema\/logo\/image\/"},"sameAs":["https:\/\/facebook.com\/MyBody.ee\/"]}]}},"_links":{"self":[{"href":"https:\/\/mybody5.ee.mybody.ee\/proov\/wp-json\/wp\/v2\/product\/1034","targetHints":{"allow":["GET"]}}],"collection":[{"href":"https:\/\/mybody5.ee.mybody.ee\/proov\/wp-json\/wp\/v2\/product"}],"about":[{"href":"https:\/\/mybody5.ee.mybody.ee\/proov\/wp-json\/wp\/v2\/types\/product"}],"replies":[{"embeddable":true,"href":"https:\/\/mybody5.ee.mybody.ee\/proov\/wp-json\/wp\/v2\/comments?post=1034"}],"wp:attachment":[{"href":"https:\/\/mybody5.ee.mybody.ee\/proov\/wp-json\/wp\/v2\/media?parent=1034"}],"wp:term":[{"taxonomy":"product_cat","embeddable":true,"href":"https:\/\/mybody5.ee.mybody.ee\/proov\/wp-json\/wp\/v2\/product_cat?post=1034"},{"taxonomy":"product_tag","embeddable":true,"href":"https:\/\/mybody5.ee.mybody.ee\/proov\/wp-json\/wp\/v2\/product_tag?post=1034"}],"curies":[{"name":"wp","href":"https:\/\/api.w.org\/{rel}","templated":true}]}}