{"id":1037,"date":"2022-06-19T11:11:16","date_gmt":"2022-06-19T11:11:16","guid":{"rendered":"https:\/\/mybody5.ee.mybody.ee\/proov\/product\/self-collagen-vitamin-c-nahk-kuuned-juuksed-300g\/"},"modified":"2022-06-19T11:11:16","modified_gmt":"2022-06-19T11:11:16","slug":"self-collagen-vitamin-c-nahk-kuuned-juuksed-300g","status":"publish","type":"product","link":"https:\/\/mybody5.ee.mybody.ee\/proov\/product\/self-collagen-vitamin-c-nahk-kuuned-juuksed-300g\/","title":{"rendered":"SELF Collagen + Vitamin C (Nahk, K\u00fc\u00fcned, Juuksed 300g)"},"content":{"rendered":"<ul>\n<div class=\"post-content woocommerce-product-details__short-description\" style=\"caret-color: rgb(89, 95, 107); color: rgb(89, 95, 107); font-family: &quot;Open Sans&quot;, Arial, Helvetica, sans-serif; font-size: 14px;\">\n<ul class=\"fusion-checklist fusion-checklist-4\" style=\"list-style-type: none; padding: 0px; margin-top: 10px; margin-right: 0px; margin-left: 0px; line-height: 23.8px;\">\n<li class=\"fusion-li-item\" style=\"padding: 0px 0px 5.5px; margin-left: 0px;\">\n<div class=\"fusion-li-item-content\" style=\"margin-left: 33.6px;\">\n<p style=\"margin-bottom: 20px; text-align: justify;\">K\u00f5rgelt hinnatud kollageen koos imendumist veelgi parandava C vitamiiniga.&nbsp;<span style=\"font-weight: 700;\">Loodud spetsiaalselt Sinu naha, k\u00fc\u00fcnte ja juuste tervise heaks.<\/span>&nbsp;Teaduslikud uuringud on t\u00f5estanud, et parimaks toimeks peame tarbima 10g kollageeni p\u00e4evas. Kollageen on tuntud oma \u00e4\u00e4rmiselt kasulike omaduste poolest ning koos C vitamiiniga on andnud uuringutes veelgi paremaid tulemusi naha, k\u00fc\u00fcnte ja juuste tervise heaks. Lisaks kaitseb liigeseid ja aitab neid kiiremini taastada, parandab luude elastsust ja vastupidavust, aitab moodustada lihaskudedele kvaliteetset struktuuri. Maailmakuulus on kollageen ka naha elastsuse parandamise ja kortsudevastase toimega.&nbsp;Kergesti seeditav, allergiavaba ja keha poolt v\u00e4ga h\u00e4sti omastatav.<\/p>\n<p style=\"margin-bottom: 20px;\"><span style=\"font-weight: 700;\">Kvaliteedist<\/span><\/p>\n<p style=\"margin-bottom: 20px; text-align: justify;\">SELF kollageen on h\u00fcdrol\u00fc\u00fcsitud kollageeni peptiit, kuhu on lisatud vitamiin c parema imendusmise saavutamiseks.<\/p>\n<p style=\"margin-bottom: 20px; text-align: justify;\"><span style=\"color: rgb(0, 0, 0); font-family: arial, helvetica, sans-serif; font-size: 12px;\">Oled oodatud tasuta konsultatsioonile MYBODY Audentese kauplusesse,<\/span><\/p>\n<\/div>\n<\/li>\n<\/ul>\n<\/div>\n<li style=\"text-align: justify;\"><span style=\"font-size: 12px;\"><span style=\"font-family: arial, helvetica, sans-serif;\">Asukoht: Audentese Spordikeskus, Tondi 84.<\/span><\/span><\/li>\n<li style=\"text-align: justify;\"><span style=\"font-size: 12px;\"><span style=\"font-family: arial, helvetica, sans-serif;\">Telefon EST\/RUS\/ENG +372&nbsp;523 1960<\/span><\/span><\/li>\n<li style=\"text-align: justify;\"><span style=\"font-size: 12px;\"><span style=\"font-family: arial, helvetica, sans-serif;\">Telefon EST\/ENG +372 56&nbsp;458&nbsp;688<\/span><\/span><\/li>\n<li style=\"text-align: justify;\"><span style=\"font-size: 12px;\"><span style=\"font-family: arial, helvetica, sans-serif;\"><a href=\"mailto:info@mybody.ee\">info@mybody.ee<\/a><\/span><\/span><\/li>\n<li style=\"text-align: justify;\"><span style=\"font-size: 12px;\"><span style=\"font-family: arial, helvetica, sans-serif;\"><a href=\"http:\/\/www.facebook.com\/mybody.ee\">www.facebook.com\/mybody.ee<\/a><\/span><\/span><\/li>\n<\/ul>\n","protected":false},"excerpt":{"rendered":"<p>K\u00f5rgelt hinnatud kollageen koos imendumist veelgi parandava C vitamiiniga.&nbsp;Loodud spetsiaalselt Sinu naha, k\u00fc\u00fcnte ja juuste tervise heaks.&nbsp;Teaduslikud uuringud on t\u00f5estanud, et parimaks toimeks peame tarbima 10g kollageeni p\u00e4evas. Kollageen on tuntud oma \u00e4\u00e4rmiselt kasulike omaduste poolest ning koos C vitamiiniga on andnud uuringutes veelgi paremaid tulemusi naha, k\u00fc\u00fcnte ja juuste tervise heaks. Lisaks kaitseb liigeseid [&hellip;]<\/p>\n","protected":false},"featured_media":0,"comment_status":"open","ping_status":"closed","template":"","meta":{"inline_featured_image":false},"product_cat":[25,27],"product_tag":[],"class_list":{"0":"post-1037","1":"product","2":"type-product","3":"status-publish","5":"product_cat-naturaalsed-toidulisandid","6":"product_cat-proteiinid","8":"first","9":"instock","10":"shipping-taxable","11":"purchasable","12":"product-type-simple"},"yoast_head":"<!-- This site is optimized with the Yoast SEO plugin v27.3 - https:\/\/yoast.com\/product\/yoast-seo-wordpress\/ -->\n<title>SELF Collagen + Vitamin C (Nahk, K\u00fc\u00fcned, Juuksed 300g)- MyBody.ee - Toidulisandid ja sporditarvikud<\/title>\n<meta name=\"description\" content=\"K\u00f5rgelt hinnatud kollageen n\u00fc\u00fcd saadaval t\u00e4iesti\" \/>\n<meta name=\"robots\" content=\"index, follow, max-snippet:-1, max-image-preview:large, max-video-preview:-1\" \/>\n<link rel=\"canonical\" href=\"https:\/\/mybody5.ee.mybody.ee\/proov\/product\/self-collagen-vitamin-c-nahk-kuuned-juuksed-300g\/\" \/>\n<meta property=\"og:locale\" content=\"et_EE\" \/>\n<meta property=\"og:type\" content=\"article\" \/>\n<meta property=\"og:title\" content=\"SELF Collagen + Vitamin C (Nahk, K\u00fc\u00fcned, Juuksed 300g)- MyBody.ee - Toidulisandid ja sporditarvikud\" \/>\n<meta property=\"og:description\" content=\"K\u00f5rgelt hinnatud kollageen n\u00fc\u00fcd saadaval t\u00e4iesti\" \/>\n<meta property=\"og:url\" content=\"https:\/\/mybody5.ee.mybody.ee\/proov\/product\/self-collagen-vitamin-c-nahk-kuuned-juuksed-300g\/\" \/>\n<meta property=\"og:site_name\" content=\"supplero\" \/>\n<meta property=\"article:publisher\" content=\"https:\/\/facebook.com\/MyBody.ee\/\" \/>\n<meta property=\"og:image\" content=\"https:\/\/mybody5.ee.mybody.ee\/proov\/wp-content\/uploads\/2023\/11\/mybody_logo_h65.png\" \/>\n\t<meta property=\"og:image:width\" content=\"229\" \/>\n\t<meta property=\"og:image:height\" content=\"65\" \/>\n\t<meta property=\"og:image:type\" content=\"image\/png\" \/>\n<meta name=\"twitter:card\" content=\"summary_large_image\" \/>\n<meta name=\"twitter:label1\" content=\"Est. reading time\" \/>\n\t<meta name=\"twitter:data1\" content=\"1 minut\" \/>\n<script type=\"application\/ld+json\" class=\"yoast-schema-graph\">{\"@context\":\"https:\\\/\\\/schema.org\",\"@graph\":[{\"@type\":\"WebPage\",\"@id\":\"https:\\\/\\\/mybody5.ee.mybody.ee\\\/proov\\\/product\\\/self-collagen-vitamin-c-nahk-kuuned-juuksed-300g\\\/\",\"url\":\"https:\\\/\\\/mybody5.ee.mybody.ee\\\/proov\\\/product\\\/self-collagen-vitamin-c-nahk-kuuned-juuksed-300g\\\/\",\"name\":\"SELF Collagen + Vitamin C (Nahk, K\u00fc\u00fcned, Juuksed 300g)- MyBody.ee - Toidulisandid ja sporditarvikud\",\"isPartOf\":{\"@id\":\"https:\\\/\\\/mybody5.ee.mybody.ee\\\/proov\\\/#website\"},\"datePublished\":\"2022-06-19T11:11:16+00:00\",\"description\":\"K\u00f5rgelt hinnatud kollageen n\u00fc\u00fcd saadaval t\u00e4iesti\",\"breadcrumb\":{\"@id\":\"https:\\\/\\\/mybody5.ee.mybody.ee\\\/proov\\\/product\\\/self-collagen-vitamin-c-nahk-kuuned-juuksed-300g\\\/#breadcrumb\"},\"inLanguage\":\"et\",\"potentialAction\":[{\"@type\":\"ReadAction\",\"target\":[\"https:\\\/\\\/mybody5.ee.mybody.ee\\\/proov\\\/product\\\/self-collagen-vitamin-c-nahk-kuuned-juuksed-300g\\\/\"]}]},{\"@type\":\"BreadcrumbList\",\"@id\":\"https:\\\/\\\/mybody5.ee.mybody.ee\\\/proov\\\/product\\\/self-collagen-vitamin-c-nahk-kuuned-juuksed-300g\\\/#breadcrumb\",\"itemListElement\":[{\"@type\":\"ListItem\",\"position\":1,\"name\":\"Home\",\"item\":\"https:\\\/\\\/mybody5.ee.mybody.ee\\\/proov\\\/\"},{\"@type\":\"ListItem\",\"position\":2,\"name\":\"Shop\",\"item\":\"https:\\\/\\\/mybody5.ee.mybody.ee\\\/proov\\\/shop\\\/\"},{\"@type\":\"ListItem\",\"position\":3,\"name\":\"SELF Collagen + Vitamin C (Nahk, K\u00fc\u00fcned, Juuksed 300g)\"}]},{\"@type\":\"WebSite\",\"@id\":\"https:\\\/\\\/mybody5.ee.mybody.ee\\\/proov\\\/#website\",\"url\":\"https:\\\/\\\/mybody5.ee.mybody.ee\\\/proov\\\/\",\"name\":\"MyBody.ee - Toidulisandid ja sporditarvikud\",\"description\":\"Just another WordPress site\",\"publisher\":{\"@id\":\"https:\\\/\\\/mybody5.ee.mybody.ee\\\/proov\\\/#organization\"},\"potentialAction\":[{\"@type\":\"SearchAction\",\"target\":{\"@type\":\"EntryPoint\",\"urlTemplate\":\"https:\\\/\\\/mybody5.ee.mybody.ee\\\/proov\\\/?s={search_term_string}\"},\"query-input\":{\"@type\":\"PropertyValueSpecification\",\"valueRequired\":true,\"valueName\":\"search_term_string\"}}],\"inLanguage\":\"et\"},{\"@type\":\"Organization\",\"@id\":\"https:\\\/\\\/mybody5.ee.mybody.ee\\\/proov\\\/#organization\",\"name\":\"MyBody.ee\",\"url\":\"https:\\\/\\\/mybody5.ee.mybody.ee\\\/proov\\\/\",\"logo\":{\"@type\":\"ImageObject\",\"inLanguage\":\"et\",\"@id\":\"https:\\\/\\\/mybody5.ee.mybody.ee\\\/proov\\\/#\\\/schema\\\/logo\\\/image\\\/\",\"url\":\"https:\\\/\\\/mybody5.ee.mybody.ee\\\/proov\\\/wp-content\\\/uploads\\\/2023\\\/11\\\/mybody_logo_h65-2.png\",\"contentUrl\":\"https:\\\/\\\/mybody5.ee.mybody.ee\\\/proov\\\/wp-content\\\/uploads\\\/2023\\\/11\\\/mybody_logo_h65-2.png\",\"width\":229,\"height\":65,\"caption\":\"MyBody.ee\"},\"image\":{\"@id\":\"https:\\\/\\\/mybody5.ee.mybody.ee\\\/proov\\\/#\\\/schema\\\/logo\\\/image\\\/\"},\"sameAs\":[\"https:\\\/\\\/facebook.com\\\/MyBody.ee\\\/\"]}]}<\/script>\n<!-- \/ Yoast SEO plugin. -->","yoast_head_json":{"title":"SELF Collagen + Vitamin C (Nahk, K\u00fc\u00fcned, Juuksed 300g)- MyBody.ee - Toidulisandid ja sporditarvikud","description":"K\u00f5rgelt hinnatud kollageen n\u00fc\u00fcd saadaval t\u00e4iesti","robots":{"index":"index","follow":"follow","max-snippet":"max-snippet:-1","max-image-preview":"max-image-preview:large","max-video-preview":"max-video-preview:-1"},"canonical":"https:\/\/mybody5.ee.mybody.ee\/proov\/product\/self-collagen-vitamin-c-nahk-kuuned-juuksed-300g\/","og_locale":"et_EE","og_type":"article","og_title":"SELF Collagen + Vitamin C (Nahk, K\u00fc\u00fcned, Juuksed 300g)- MyBody.ee - Toidulisandid ja sporditarvikud","og_description":"K\u00f5rgelt hinnatud kollageen n\u00fc\u00fcd saadaval t\u00e4iesti","og_url":"https:\/\/mybody5.ee.mybody.ee\/proov\/product\/self-collagen-vitamin-c-nahk-kuuned-juuksed-300g\/","og_site_name":"supplero","article_publisher":"https:\/\/facebook.com\/MyBody.ee\/","og_image":[{"width":229,"height":65,"url":"https:\/\/mybody5.ee.mybody.ee\/proov\/wp-content\/uploads\/2023\/11\/mybody_logo_h65.png","type":"image\/png"}],"twitter_card":"summary_large_image","twitter_misc":{"Est. reading time":"1 minut"},"schema":{"@context":"https:\/\/schema.org","@graph":[{"@type":"WebPage","@id":"https:\/\/mybody5.ee.mybody.ee\/proov\/product\/self-collagen-vitamin-c-nahk-kuuned-juuksed-300g\/","url":"https:\/\/mybody5.ee.mybody.ee\/proov\/product\/self-collagen-vitamin-c-nahk-kuuned-juuksed-300g\/","name":"SELF Collagen + Vitamin C (Nahk, K\u00fc\u00fcned, Juuksed 300g)- MyBody.ee - Toidulisandid ja sporditarvikud","isPartOf":{"@id":"https:\/\/mybody5.ee.mybody.ee\/proov\/#website"},"datePublished":"2022-06-19T11:11:16+00:00","description":"K\u00f5rgelt hinnatud kollageen n\u00fc\u00fcd saadaval t\u00e4iesti","breadcrumb":{"@id":"https:\/\/mybody5.ee.mybody.ee\/proov\/product\/self-collagen-vitamin-c-nahk-kuuned-juuksed-300g\/#breadcrumb"},"inLanguage":"et","potentialAction":[{"@type":"ReadAction","target":["https:\/\/mybody5.ee.mybody.ee\/proov\/product\/self-collagen-vitamin-c-nahk-kuuned-juuksed-300g\/"]}]},{"@type":"BreadcrumbList","@id":"https:\/\/mybody5.ee.mybody.ee\/proov\/product\/self-collagen-vitamin-c-nahk-kuuned-juuksed-300g\/#breadcrumb","itemListElement":[{"@type":"ListItem","position":1,"name":"Home","item":"https:\/\/mybody5.ee.mybody.ee\/proov\/"},{"@type":"ListItem","position":2,"name":"Shop","item":"https:\/\/mybody5.ee.mybody.ee\/proov\/shop\/"},{"@type":"ListItem","position":3,"name":"SELF Collagen + Vitamin C (Nahk, K\u00fc\u00fcned, Juuksed 300g)"}]},{"@type":"WebSite","@id":"https:\/\/mybody5.ee.mybody.ee\/proov\/#website","url":"https:\/\/mybody5.ee.mybody.ee\/proov\/","name":"MyBody.ee - Toidulisandid ja sporditarvikud","description":"Just another WordPress site","publisher":{"@id":"https:\/\/mybody5.ee.mybody.ee\/proov\/#organization"},"potentialAction":[{"@type":"SearchAction","target":{"@type":"EntryPoint","urlTemplate":"https:\/\/mybody5.ee.mybody.ee\/proov\/?s={search_term_string}"},"query-input":{"@type":"PropertyValueSpecification","valueRequired":true,"valueName":"search_term_string"}}],"inLanguage":"et"},{"@type":"Organization","@id":"https:\/\/mybody5.ee.mybody.ee\/proov\/#organization","name":"MyBody.ee","url":"https:\/\/mybody5.ee.mybody.ee\/proov\/","logo":{"@type":"ImageObject","inLanguage":"et","@id":"https:\/\/mybody5.ee.mybody.ee\/proov\/#\/schema\/logo\/image\/","url":"https:\/\/mybody5.ee.mybody.ee\/proov\/wp-content\/uploads\/2023\/11\/mybody_logo_h65-2.png","contentUrl":"https:\/\/mybody5.ee.mybody.ee\/proov\/wp-content\/uploads\/2023\/11\/mybody_logo_h65-2.png","width":229,"height":65,"caption":"MyBody.ee"},"image":{"@id":"https:\/\/mybody5.ee.mybody.ee\/proov\/#\/schema\/logo\/image\/"},"sameAs":["https:\/\/facebook.com\/MyBody.ee\/"]}]}},"_links":{"self":[{"href":"https:\/\/mybody5.ee.mybody.ee\/proov\/wp-json\/wp\/v2\/product\/1037","targetHints":{"allow":["GET"]}}],"collection":[{"href":"https:\/\/mybody5.ee.mybody.ee\/proov\/wp-json\/wp\/v2\/product"}],"about":[{"href":"https:\/\/mybody5.ee.mybody.ee\/proov\/wp-json\/wp\/v2\/types\/product"}],"replies":[{"embeddable":true,"href":"https:\/\/mybody5.ee.mybody.ee\/proov\/wp-json\/wp\/v2\/comments?post=1037"}],"wp:attachment":[{"href":"https:\/\/mybody5.ee.mybody.ee\/proov\/wp-json\/wp\/v2\/media?parent=1037"}],"wp:term":[{"taxonomy":"product_cat","embeddable":true,"href":"https:\/\/mybody5.ee.mybody.ee\/proov\/wp-json\/wp\/v2\/product_cat?post=1037"},{"taxonomy":"product_tag","embeddable":true,"href":"https:\/\/mybody5.ee.mybody.ee\/proov\/wp-json\/wp\/v2\/product_tag?post=1037"}],"curies":[{"name":"wp","href":"https:\/\/api.w.org\/{rel}","templated":true}]}}