{"id":1039,"date":"2022-07-02T11:48:32","date_gmt":"2022-07-02T11:48:32","guid":{"rendered":"https:\/\/mybody5.ee.mybody.ee\/proov\/product\/100-taimne-valguallikas-self-vegan-protein-2-1863\/"},"modified":"2022-07-02T11:48:32","modified_gmt":"2022-07-02T11:48:32","slug":"100-taimne-valguallikas-self-vegan-protein-2-1863","status":"publish","type":"product","link":"https:\/\/mybody5.ee.mybody.ee\/proov\/product\/100-taimne-valguallikas-self-vegan-protein-2-1863\/","title":{"rendered":"100% taimne valguallikas &#8211; SELF Plant Protein"},"content":{"rendered":"<div>\n<p><font face=\"Helvetica Neue\"><strong><span style=\"font-size: 14px;\">SELF Plant Protein<\/span><\/strong><span style=\"font-size: 14px;\"><span style=\"font-size: 14px;\"> on 100% taimne valgupulber k\u00f5igile kes peavad lugu taimsest toidust. SELF Plant Protein sisaldab soja, riisi, herne proteiine. Kui<\/span> men\u00fc\u00fc sisaldab igap\u00e4evaselt erinevaid taimseid valke, siis t\u00e4iendavad erinevate valkude aminohappelised koostised \u00fcksteist, moodustades keha vajadustele h\u00e4sti vastava kombinatsiooni.<\/span><\/font><\/p>\n<p><span style=\"font-size: 14px;\">  <\/span><\/p>\n<p><font face=\"Helvetica Neue\"><strong><span style=\"font-size: 14px;\">Sojavalgu<\/span><\/strong><span style=\"font-size: 14px;\">&nbsp;isolaat on k\u00f5rgeim kontsentratsioon h\u00e4sti tasakaalustatud valk. Looduslikult k\u00f5rge glutamiini, arginiini ja hargnenud aminohapete sisaldus annab&nbsp;<\/span><span style=\"font-size: 14px;\">WHO (Maailma Terviseorganisatsioon) andmetel sojavalgule sama valguv\u00e4\u00e4rtuse kui kaseiinil, vadakul ja munal. Seda v\u00e4\u00e4rtuss\u00fcsteemi nimetatakse PDCAAS-iks ja selle m\u00e4\u00e4rab valgu kvaliteet, l\u00e4htudes selle aminohapete sisaldusest ja seeditavusest (maksimaalne on 1). Uuringud on n\u00e4idanud, et soja isolaatide valgud ei m\u00f5juta \u00f6strogeenide tootmist. M\u00f5ni uuring on n\u00e4idanud ka t\u00fcroksiini T4, hormooni, mis reguleerib ainevahetuse kiirust ja v\u00f5ib v\u00e4hendada trigl\u00fctseriidide taset (mida v\u00f5ib m\u00e4\u00e4ratleda kui meie rasvavarusid.) See toode on suurep\u00e4rane valik taimetoitl<span style=\"font-size: 14px;\">astele, veganitele ja inimestele, kes ei talu muna ja piimatooteid.<\/span><\/span><\/font><\/p>\n<p style=\"margin-bottom: 1.3em; caret-color: rgb(119, 119, 119); font-size: 15.199999809265137px;\"><font face=\"Helvetica Neue\"><span style=\"font-size: 14px;\"><b>Pea proteiin isolaat<\/b> on taimne proteiiniallikas hernestest. Selle eriti&nbsp;<\/span><span style=\"font-size: 14px;\">k\u00f5rge 85% proteiinisisaldus<\/span><span style=\"font-size: 14px;\">&nbsp;on sobilik nii sportlastele, kui ka koduseks kasutamiseks, et oma men\u00fc\u00fcs proteiini taset t\u00f5sta.&nbsp;Tegemist on puhta maitsestamata tootega ning sobib h\u00e4sti ka erinevate taimetoitude, vegan toitude ja smuutidega segamiseks.<\/span><\/font><\/p>\n<p><font face=\"Helvetica Neue\"><span style=\"font-size: 14px;\">  <\/span><\/font><\/p>\n<p><font face=\"Helvetica Neue\"><span style=\"font-size: 14px;\"><b>Riisivalk<\/b>&nbsp;on&nbsp;<\/span><span style=\"caret-color: rgb(51, 51, 51); color: rgb(51, 51, 51); font-size: 14px;\">ekstraheeritakse pruuniteralisest pruunist riisist. V\u00e4ga proteiinirikas annab umbes 24 g ptoteiini 30 g portsjonina. V\u00e4ga rikas kaltsiumi ja raua poolest. Selle valgu \u00fcks huvitavamaid omadusi on selle seedimisv\u00f5ime valkude vadaku ja kaseiini vahepealsel kiirusel, mis t\u00e4hendab, et see suudab tagada lihaste pideva aminohapete varustamise<\/span><span style=\"font-size: 14px;\">&nbsp;<\/span><\/font><\/p>\n<p><span style=\"font-size: 14px;\"><font face=\"Helvetica Neue\">  <\/font><\/span><\/p>\n<ul><span style=\"font-size: 14px;\"><font face=\"Helvetica Neue\"> \t<\/font><\/span><\/p>\n<li><font face=\"Helvetica Neue\"><span style=\"font-size: 14px;\">Sisaldab kolme parimat taimset valguallikat<\/span><\/font><\/li>\n<p><span style=\"font-size: 14px;\"> \t<\/span><\/p>\n<li><font face=\"Helvetica Neue\"><span style=\"font-size: 14px;\">Laktoosivaba<\/span><\/font><\/li>\n<p><span style=\"font-size: 14px;\"> \t<\/span><\/p>\n<li><font face=\"Helvetica Neue\"><span style=\"font-size: 14px;\">Valke 80%<\/span><\/font><\/li>\n<p><span style=\"font-size: 14px;\"> <\/span><\/ul>\n<p><span style=\"font-size: 14px;\">  <\/span><\/p>\n<h3><font face=\"Helvetica Neue\"><span style=\"font-size: 14px;\">Kasutamine<\/span><\/font><\/h3>\n<p><span style=\"font-size: 14px;\">  <\/span><\/p>\n<p><font face=\"Helvetica Neue\"><span style=\"font-size: 14px;\">Soovituslik p\u00e4evane portsjon on 30g. Plant proteini v\u00f5ib segada&nbsp;mahla, soja-,&nbsp;kookose-,&nbsp;mandli-,&nbsp;kaerapiimaga ning&nbsp;kookoseveega.<\/span><\/font><\/p>\n<p><span style=\"font-size: 14px;\">  <\/span><\/p>\n<h3><font face=\"Helvetica Neue\"><span style=\"font-size: 14px;\">Kellele sobib?<\/span><\/font><\/h3>\n<p><span style=\"font-size: 14px;\">  <\/span><\/p>\n<p><font face=\"Helvetica Neue\"><span style=\"font-size: 14px;\">Plant Protein sobib h\u00e4sti n\u00e4iteks sportlastele ja taimetoitlastele, aga ka neile, kes soovivad kaalu langetada.<\/span><\/font><\/p>\n<p><span style=\"font-size: 14px;\">  <\/span><\/p>\n<h3><font face=\"Helvetica Neue\"><span style=\"font-size: 14px;\">Pakend: 1<\/span><span style=\"font-size: 14px;\">00g<\/span><\/font><\/h3>\n<p><span style=\"font-size: 14px;\"> <\/span><\/div>\n<p><span style=\"font-size: 14px;\">  <\/span><span style=\"font-size: 14px;\"> \t<\/span><span style=\"font-size: 14px;\"> \t\t<\/span><span style=\"font-size: 14px;\"> \t\t\t<\/span><span style=\"font-size: 14px;\"> \t\t\t<\/span><span style=\"font-size: 14px;\"> \t\t\t<\/span><span style=\"font-size: 14px;\"> \t\t<\/span><span style=\"font-size: 14px;\"> \t\t<\/span><span style=\"font-size: 14px;\"> \t\t\t<\/span><span style=\"font-size: 14px;\"> \t\t\t<\/span><span style=\"font-size: 14px;\"> \t\t\t<\/span><span style=\"font-size: 14px;\"> \t\t<\/span><span style=\"font-size: 14px;\"> \t\t<\/span><span style=\"font-size: 14px;\"> \t\t\t<\/span><span style=\"font-size: 14px;\"> \t\t\t<\/span><span style=\"font-size: 14px;\"> \t\t\t<\/span><span style=\"font-size: 14px;\"> \t\t<\/span><span style=\"font-size: 14px;\"> \t\t<\/span><span style=\"font-size: 14px;\"> \t\t\t<\/span><span style=\"font-size: 14px;\"> \t\t\t<\/span><span style=\"font-size: 14px;\"> \t\t\t<\/span><span style=\"font-size: 14px;\"> \t\t<\/span><span style=\"font-size: 14px;\"> \t\t<\/span><span style=\"font-size: 14px;\"> \t\t\t<\/span><span style=\"font-size: 14px;\"> \t\t\t<\/span><span style=\"font-size: 14px;\"> \t\t\t<\/span><span style=\"font-size: 14px;\"> \t\t<\/span><span style=\"font-size: 14px;\"> \t\t<\/span><span style=\"font-size: 14px;\"> \t\t\t<\/span><span style=\"font-size: 14px;\"> \t\t\t<\/span><span style=\"font-size: 14px;\"> \t\t\t<\/span><span style=\"font-size: 14px;\"> \t\t<\/span><span style=\"font-size: 14px;\"> \t\t<\/span><span style=\"font-size: 14px;\"> \t\t\t<\/span><span style=\"font-size: 14px;\"> \t\t<\/span><span style=\"font-size: 14px;\"> \t<\/span><span style=\"font-size: 14px;\"> <\/span><\/p>\n<table border=\"1\" cellpadding=\"1\" cellspacing=\"1\" style=\"width: 500px;\">\n<tbody>\n<tr>\n<td><strong><font face=\"Helvetica Neue\"><span style=\"font-size: 14px;\">Vegan Protein toitev\u00e4\u00e4rtus<\/span><\/font><\/strong><\/td>\n<td><strong><font face=\"Helvetica Neue\"><span style=\"font-size: 14px;\">30g<\/span><\/font><\/strong><\/td>\n<td><strong><font face=\"Helvetica Neue\"><span style=\"font-size: 14px;\">100g<\/span><\/font><\/strong><\/td>\n<\/tr>\n<tr>\n<td><font face=\"Helvetica Neue\"><span style=\"font-size: 14px;\">Energiat<\/span><\/font><\/td>\n<td><font face=\"Helvetica Neue\"><span style=\"font-size: 14px;\">118kcal(491KJ)<\/span><\/font><\/td>\n<td><font face=\"Helvetica Neue\"><span style=\"font-size: 14px;\">391kcal(1635KJ)<\/span><\/font><\/td>\n<\/tr>\n<tr>\n<td><font face=\"Helvetica Neue\"><span style=\"font-size: 14px;\">Valke<\/span><\/font><\/td>\n<td><font face=\"Helvetica Neue\"><span style=\"font-size: 14px;\">24g<\/span><\/font><\/td>\n<td><font face=\"Helvetica Neue\"><span style=\"font-size: 14px;\">80g<\/span><\/font><\/td>\n<\/tr>\n<tr>\n<td><font face=\"Helvetica Neue\"><span style=\"font-size: 14px;\">S\u00fcsivesikuid,<\/span><br \/><span style=\"font-size: 14px;\"> \t\t\tmilles suhkrut<\/span><\/font><\/td>\n<td><font face=\"Helvetica Neue\"><span style=\"font-size: 14px;\">0,9g<\/span><br \/><span style=\"font-size: 14px;\"> \t\t\t0,165g<\/span><\/font><\/td>\n<td><font face=\"Helvetica Neue\"><span style=\"font-size: 14px;\">3g<\/span><br \/><span style=\"font-size: 14px;\">0,55g<\/span><\/font><\/td>\n<\/tr>\n<tr>\n<td><font face=\"Helvetica Neue\"><span style=\"font-size: 14px;\">Rasvu,<\/span><br \/><span style=\"font-size: 14px;\"> \t\t\tmillest k\u00fcllastunud rasvu<\/span><\/font><\/td>\n<td><font face=\"Helvetica Neue\"><span style=\"font-size: 14px;\">1,8g<\/span><br \/><span style=\"font-size: 14px;\">1,5g<\/span><\/font><\/td>\n<td><font face=\"Helvetica Neue\"><span style=\"font-size: 14px;\">6g<\/span><br \/><span style=\"font-size: 14px;\">5g<\/span><\/font><\/td>\n<\/tr>\n<tr>\n<td><font face=\"Helvetica Neue\"><span style=\"font-size: 14px;\">Soola<\/span><\/font><\/td>\n<td><font face=\"Helvetica Neue\"><span style=\"font-size: 14px;\">0,9g<\/span><\/font><\/td>\n<td><font face=\"Helvetica Neue\"><span style=\"font-size: 14px;\">3g<\/span><\/font><\/td>\n<\/tr>\n<tr>\n<td colspan=\"3\"><span style=\"font-size: 14px;\"> \t\t\t<\/span><\/p>\n<p><span style=\"font-size: 14px;\"><font face=\"Helvetica Neue\">Koostis: soja, riis ja herne proteiinid, taimne rasv(kookos) v\u00e4hendatud rasvasisaldusega kakao(5,8%) maiseained, magustajad (E955, E950) stabilisaatorid (E466, E551)&nbsp;<\/font><\/span><\/p>\n<p><span style=\"font-size: 14px;\"> \t\t\t<\/span><\/td>\n<\/tr>\n<\/tbody>\n<\/table>\n<p><span style=\"font-size: 14px;\">  <\/span><\/p>\n<p><font face=\"Helvetica Neue\"><span style=\"font-size: 14px;\">Konsultatsioon:<\/span><\/font><\/p>\n<p><span style=\"font-size: 14px;\">  <\/span><\/p>\n<ul><span style=\"font-size: 14px;\"> \t<\/span><\/p>\n<li style=\"text-align:justify\"><span style=\"font-size: 14px;\"><font face=\"Helvetica Neue\">Oled oodatud tasuta konsultatsioonile MYBODY Audentese kauplusesse,<\/font><\/span><\/li>\n<p><span style=\"font-size: 14px;\"> \t<\/span><\/p>\n<li style=\"text-align:justify\"><span style=\"font-size: 14px;\"><font face=\"Helvetica Neue\">Asukoht: Audentese Spordikeskus, Tondi 84.<\/font><\/span><\/li>\n<p><span style=\"font-size: 14px;\"> \t<\/span><\/p>\n<li style=\"text-align:justify\"><span style=\"font-size: 14px;\"><font face=\"Helvetica Neue\">Telefon EST\/RUS\/ENG +372&nbsp;523 1960<\/font><\/span><\/li>\n<p><span style=\"font-size: 14px;\"> \t<\/span><\/p>\n<li style=\"text-align:justify\"><span style=\"font-size: 14px;\"><font face=\"Helvetica Neue\">Telefon EST\/ENG +372 56&nbsp;458&nbsp;688<\/font><\/span><\/li>\n<p><span style=\"font-size: 14px;\"> \t<\/span><\/p>\n<li style=\"text-align:justify\"><span style=\"font-size: 14px;\"><a href=\"mailto:info@mybody.ee\"><font face=\"Helvetica Neue\">info@mybody.ee<\/font><\/a><\/span><\/li>\n<p><span style=\"font-size: 14px;\"> \t<\/span><\/p>\n<li style=\"text-align:justify\"><span style=\"font-size: 14px;\"><a href=\"http:\/\/www.facebook.com\/mybody.ee\"><font face=\"Helvetica Neue\">www.facebook.com\/mybody.ee<\/font><\/a><\/span><\/li>\n<\/ul>\n","protected":false},"excerpt":{"rendered":"<p>SELF Plant Protein on 100% taimne valgupulber k\u00f5igile kes peavad lugu taimsest toidust. SELF Plant Protein sisaldab soja, riisi, herne proteiine. Kui men\u00fc\u00fc sisaldab igap\u00e4evaselt erinevaid taimseid valke, siis t\u00e4iendavad erinevate valkude aminohappelised koostised \u00fcksteist, moodustades keha vajadustele h\u00e4sti vastava kombinatsiooni. Sojavalgu&nbsp;isolaat on k\u00f5rgeim kontsentratsioon h\u00e4sti tasakaalustatud valk. Looduslikult k\u00f5rge glutamiini, arginiini ja hargnenud aminohapete [&hellip;]<\/p>\n","protected":false},"featured_media":0,"comment_status":"open","ping_status":"closed","template":"","meta":{"inline_featured_image":false},"product_cat":[47,25,63,27,29,31],"product_tag":[397,376,359,398,399,400],"class_list":{"0":"post-1039","1":"product","2":"type-product","3":"status-publish","5":"product_cat-muud-valgud","6":"product_cat-naturaalsed-toidulisandid","7":"product_cat-populaarsed-est","8":"product_cat-proteiinid","9":"product_cat-sooduspakkumised","10":"product_cat-vegan","11":"product_tag-397","12":"product_tag-protein","13":"product_tag-self","14":"product_tag-taimne","15":"product_tag-valguallikas","16":"product_tag-vegan","17":"pa_maitse-sokolaad","18":"pa_maitse-vanilje","20":"first","21":"instock","22":"shipping-taxable","23":"purchasable","24":"product-type-variable"},"yoast_head":"<!-- This site is optimized with the Yoast SEO plugin v27.3 - https:\/\/yoast.com\/product\/yoast-seo-wordpress\/ -->\n<title>100% taimne valguallikas - SELF Vegan Protein - MyBody.ee - Toidulisandid ja sporditarvikud<\/title>\n<meta name=\"description\" content=\"SELF Vegan Protein on 100% taimne valgupulber k\u00f5igile kes\" \/>\n<meta name=\"robots\" content=\"index, follow, max-snippet:-1, max-image-preview:large, max-video-preview:-1\" \/>\n<link rel=\"canonical\" href=\"https:\/\/mybody5.ee.mybody.ee\/proov\/product\/100-taimne-valguallikas-self-vegan-protein-2-1863\/\" \/>\n<meta property=\"og:locale\" content=\"et_EE\" \/>\n<meta property=\"og:type\" content=\"article\" \/>\n<meta property=\"og:title\" content=\"100% taimne valguallikas - SELF Vegan Protein - MyBody.ee - Toidulisandid ja sporditarvikud\" \/>\n<meta property=\"og:description\" content=\"SELF Vegan Protein on 100% taimne valgupulber k\u00f5igile kes\" \/>\n<meta property=\"og:url\" content=\"https:\/\/mybody5.ee.mybody.ee\/proov\/product\/100-taimne-valguallikas-self-vegan-protein-2-1863\/\" \/>\n<meta property=\"og:site_name\" content=\"supplero\" \/>\n<meta property=\"article:publisher\" content=\"https:\/\/facebook.com\/MyBody.ee\/\" \/>\n<meta property=\"og:image\" content=\"https:\/\/mybody5.ee.mybody.ee\/proov\/wp-content\/uploads\/2023\/11\/mybody_logo_h65.png\" \/>\n\t<meta property=\"og:image:width\" content=\"229\" \/>\n\t<meta property=\"og:image:height\" content=\"65\" \/>\n\t<meta property=\"og:image:type\" content=\"image\/png\" \/>\n<meta name=\"twitter:card\" content=\"summary_large_image\" \/>\n<meta name=\"twitter:label1\" content=\"Est. reading time\" \/>\n\t<meta name=\"twitter:data1\" content=\"2 minutit\" \/>\n<script type=\"application\/ld+json\" class=\"yoast-schema-graph\">{\"@context\":\"https:\\\/\\\/schema.org\",\"@graph\":[{\"@type\":\"WebPage\",\"@id\":\"https:\\\/\\\/mybody5.ee.mybody.ee\\\/proov\\\/product\\\/100-taimne-valguallikas-self-vegan-protein-2-1863\\\/\",\"url\":\"https:\\\/\\\/mybody5.ee.mybody.ee\\\/proov\\\/product\\\/100-taimne-valguallikas-self-vegan-protein-2-1863\\\/\",\"name\":\"100% taimne valguallikas - SELF Vegan Protein - MyBody.ee - Toidulisandid ja sporditarvikud\",\"isPartOf\":{\"@id\":\"https:\\\/\\\/mybody5.ee.mybody.ee\\\/proov\\\/#website\"},\"datePublished\":\"2022-07-02T11:48:32+00:00\",\"description\":\"SELF Vegan Protein on 100% taimne valgupulber k\u00f5igile kes\",\"breadcrumb\":{\"@id\":\"https:\\\/\\\/mybody5.ee.mybody.ee\\\/proov\\\/product\\\/100-taimne-valguallikas-self-vegan-protein-2-1863\\\/#breadcrumb\"},\"inLanguage\":\"et\",\"potentialAction\":[{\"@type\":\"ReadAction\",\"target\":[\"https:\\\/\\\/mybody5.ee.mybody.ee\\\/proov\\\/product\\\/100-taimne-valguallikas-self-vegan-protein-2-1863\\\/\"]}]},{\"@type\":\"BreadcrumbList\",\"@id\":\"https:\\\/\\\/mybody5.ee.mybody.ee\\\/proov\\\/product\\\/100-taimne-valguallikas-self-vegan-protein-2-1863\\\/#breadcrumb\",\"itemListElement\":[{\"@type\":\"ListItem\",\"position\":1,\"name\":\"Home\",\"item\":\"https:\\\/\\\/mybody5.ee.mybody.ee\\\/proov\\\/\"},{\"@type\":\"ListItem\",\"position\":2,\"name\":\"Shop\",\"item\":\"https:\\\/\\\/mybody5.ee.mybody.ee\\\/proov\\\/shop\\\/\"},{\"@type\":\"ListItem\",\"position\":3,\"name\":\"100% taimne valguallikas &#8211; SELF Plant Protein\"}]},{\"@type\":\"WebSite\",\"@id\":\"https:\\\/\\\/mybody5.ee.mybody.ee\\\/proov\\\/#website\",\"url\":\"https:\\\/\\\/mybody5.ee.mybody.ee\\\/proov\\\/\",\"name\":\"MyBody.ee - Toidulisandid ja sporditarvikud\",\"description\":\"Just another WordPress site\",\"publisher\":{\"@id\":\"https:\\\/\\\/mybody5.ee.mybody.ee\\\/proov\\\/#organization\"},\"potentialAction\":[{\"@type\":\"SearchAction\",\"target\":{\"@type\":\"EntryPoint\",\"urlTemplate\":\"https:\\\/\\\/mybody5.ee.mybody.ee\\\/proov\\\/?s={search_term_string}\"},\"query-input\":{\"@type\":\"PropertyValueSpecification\",\"valueRequired\":true,\"valueName\":\"search_term_string\"}}],\"inLanguage\":\"et\"},{\"@type\":\"Organization\",\"@id\":\"https:\\\/\\\/mybody5.ee.mybody.ee\\\/proov\\\/#organization\",\"name\":\"MyBody.ee\",\"url\":\"https:\\\/\\\/mybody5.ee.mybody.ee\\\/proov\\\/\",\"logo\":{\"@type\":\"ImageObject\",\"inLanguage\":\"et\",\"@id\":\"https:\\\/\\\/mybody5.ee.mybody.ee\\\/proov\\\/#\\\/schema\\\/logo\\\/image\\\/\",\"url\":\"https:\\\/\\\/mybody5.ee.mybody.ee\\\/proov\\\/wp-content\\\/uploads\\\/2023\\\/11\\\/mybody_logo_h65-2.png\",\"contentUrl\":\"https:\\\/\\\/mybody5.ee.mybody.ee\\\/proov\\\/wp-content\\\/uploads\\\/2023\\\/11\\\/mybody_logo_h65-2.png\",\"width\":229,\"height\":65,\"caption\":\"MyBody.ee\"},\"image\":{\"@id\":\"https:\\\/\\\/mybody5.ee.mybody.ee\\\/proov\\\/#\\\/schema\\\/logo\\\/image\\\/\"},\"sameAs\":[\"https:\\\/\\\/facebook.com\\\/MyBody.ee\\\/\"]}]}<\/script>\n<!-- \/ Yoast SEO plugin. -->","yoast_head_json":{"title":"100% taimne valguallikas - SELF Vegan Protein - MyBody.ee - Toidulisandid ja sporditarvikud","description":"SELF Vegan Protein on 100% taimne valgupulber k\u00f5igile kes","robots":{"index":"index","follow":"follow","max-snippet":"max-snippet:-1","max-image-preview":"max-image-preview:large","max-video-preview":"max-video-preview:-1"},"canonical":"https:\/\/mybody5.ee.mybody.ee\/proov\/product\/100-taimne-valguallikas-self-vegan-protein-2-1863\/","og_locale":"et_EE","og_type":"article","og_title":"100% taimne valguallikas - SELF Vegan Protein - MyBody.ee - Toidulisandid ja sporditarvikud","og_description":"SELF Vegan Protein on 100% taimne valgupulber k\u00f5igile kes","og_url":"https:\/\/mybody5.ee.mybody.ee\/proov\/product\/100-taimne-valguallikas-self-vegan-protein-2-1863\/","og_site_name":"supplero","article_publisher":"https:\/\/facebook.com\/MyBody.ee\/","og_image":[{"width":229,"height":65,"url":"https:\/\/mybody5.ee.mybody.ee\/proov\/wp-content\/uploads\/2023\/11\/mybody_logo_h65.png","type":"image\/png"}],"twitter_card":"summary_large_image","twitter_misc":{"Est. reading time":"2 minutit"},"schema":{"@context":"https:\/\/schema.org","@graph":[{"@type":"WebPage","@id":"https:\/\/mybody5.ee.mybody.ee\/proov\/product\/100-taimne-valguallikas-self-vegan-protein-2-1863\/","url":"https:\/\/mybody5.ee.mybody.ee\/proov\/product\/100-taimne-valguallikas-self-vegan-protein-2-1863\/","name":"100% taimne valguallikas - SELF Vegan Protein - MyBody.ee - Toidulisandid ja sporditarvikud","isPartOf":{"@id":"https:\/\/mybody5.ee.mybody.ee\/proov\/#website"},"datePublished":"2022-07-02T11:48:32+00:00","description":"SELF Vegan Protein on 100% taimne valgupulber k\u00f5igile kes","breadcrumb":{"@id":"https:\/\/mybody5.ee.mybody.ee\/proov\/product\/100-taimne-valguallikas-self-vegan-protein-2-1863\/#breadcrumb"},"inLanguage":"et","potentialAction":[{"@type":"ReadAction","target":["https:\/\/mybody5.ee.mybody.ee\/proov\/product\/100-taimne-valguallikas-self-vegan-protein-2-1863\/"]}]},{"@type":"BreadcrumbList","@id":"https:\/\/mybody5.ee.mybody.ee\/proov\/product\/100-taimne-valguallikas-self-vegan-protein-2-1863\/#breadcrumb","itemListElement":[{"@type":"ListItem","position":1,"name":"Home","item":"https:\/\/mybody5.ee.mybody.ee\/proov\/"},{"@type":"ListItem","position":2,"name":"Shop","item":"https:\/\/mybody5.ee.mybody.ee\/proov\/shop\/"},{"@type":"ListItem","position":3,"name":"100% taimne valguallikas &#8211; SELF Plant Protein"}]},{"@type":"WebSite","@id":"https:\/\/mybody5.ee.mybody.ee\/proov\/#website","url":"https:\/\/mybody5.ee.mybody.ee\/proov\/","name":"MyBody.ee - Toidulisandid ja sporditarvikud","description":"Just another WordPress site","publisher":{"@id":"https:\/\/mybody5.ee.mybody.ee\/proov\/#organization"},"potentialAction":[{"@type":"SearchAction","target":{"@type":"EntryPoint","urlTemplate":"https:\/\/mybody5.ee.mybody.ee\/proov\/?s={search_term_string}"},"query-input":{"@type":"PropertyValueSpecification","valueRequired":true,"valueName":"search_term_string"}}],"inLanguage":"et"},{"@type":"Organization","@id":"https:\/\/mybody5.ee.mybody.ee\/proov\/#organization","name":"MyBody.ee","url":"https:\/\/mybody5.ee.mybody.ee\/proov\/","logo":{"@type":"ImageObject","inLanguage":"et","@id":"https:\/\/mybody5.ee.mybody.ee\/proov\/#\/schema\/logo\/image\/","url":"https:\/\/mybody5.ee.mybody.ee\/proov\/wp-content\/uploads\/2023\/11\/mybody_logo_h65-2.png","contentUrl":"https:\/\/mybody5.ee.mybody.ee\/proov\/wp-content\/uploads\/2023\/11\/mybody_logo_h65-2.png","width":229,"height":65,"caption":"MyBody.ee"},"image":{"@id":"https:\/\/mybody5.ee.mybody.ee\/proov\/#\/schema\/logo\/image\/"},"sameAs":["https:\/\/facebook.com\/MyBody.ee\/"]}]}},"_links":{"self":[{"href":"https:\/\/mybody5.ee.mybody.ee\/proov\/wp-json\/wp\/v2\/product\/1039","targetHints":{"allow":["GET"]}}],"collection":[{"href":"https:\/\/mybody5.ee.mybody.ee\/proov\/wp-json\/wp\/v2\/product"}],"about":[{"href":"https:\/\/mybody5.ee.mybody.ee\/proov\/wp-json\/wp\/v2\/types\/product"}],"replies":[{"embeddable":true,"href":"https:\/\/mybody5.ee.mybody.ee\/proov\/wp-json\/wp\/v2\/comments?post=1039"}],"wp:attachment":[{"href":"https:\/\/mybody5.ee.mybody.ee\/proov\/wp-json\/wp\/v2\/media?parent=1039"}],"wp:term":[{"taxonomy":"product_cat","embeddable":true,"href":"https:\/\/mybody5.ee.mybody.ee\/proov\/wp-json\/wp\/v2\/product_cat?post=1039"},{"taxonomy":"product_tag","embeddable":true,"href":"https:\/\/mybody5.ee.mybody.ee\/proov\/wp-json\/wp\/v2\/product_tag?post=1039"}],"curies":[{"name":"wp","href":"https:\/\/api.w.org\/{rel}","templated":true}]}}