{"id":1047,"date":"2022-12-26T21:22:45","date_gmt":"2022-12-26T21:22:45","guid":{"rendered":"https:\/\/mybody5.ee.mybody.ee\/proov\/product\/uued-pehmed-ja-maitsvad-sokolaadi-glasuuriga-proteiinibatoonid-all-stars-pro-plex-2-1869\/"},"modified":"2022-12-26T21:22:45","modified_gmt":"2022-12-26T21:22:45","slug":"uued-pehmed-ja-maitsvad-sokolaadi-glasuuriga-proteiinibatoonid-all-stars-pro-plex-2-1869","status":"publish","type":"product","link":"https:\/\/mybody5.ee.mybody.ee\/proov\/product\/uued-pehmed-ja-maitsvad-sokolaadi-glasuuriga-proteiinibatoonid-all-stars-pro-plex-2-1869\/","title":{"rendered":"Pehmed ja maitsvad \u0161okolaadi glasuuriga proteiinibatoonid- ALL STARS SKYR Protein batoon"},"content":{"rendered":"<p><b>SKYR PROTEIN Bar<\/b>i peamiseks valguallikaks traditsioonilise p\u00f5hjamaise SKYRi k\u00f5rval on kvaliteetne piimavalk ja l\u00f5ssipulber. SKYR on kaasas kuivatatud toorjuustuna pulbrina. Piimavalk annab kvaliteetset kaseiini, mida organism seedib aeglaselt ja hoiab seet\u00f5ttu t\u00e4isk\u00f5hutunde kaua. Batoon on gluteenivaba, sisaldab lisaks kiudainetele kuni 25% valku ja sobib ideaalselt v\u00e4ikeseks valgun\u00e4ksiks vahepalaks, treeningu ajal v\u00f5i \u00f5htul.<\/p>\n<p>Vaid 125 kalorisisaldusega sobib see suurep\u00e4raselt v\u00e4hendatud kalorsusega dieedi jaoks, pakub t\u00e4iendavat valguallikat liikvel olles v\u00f5i igap\u00e4evaelus ning seda saab kasutada suurep\u00e4rase madala suhkrusisaldusega alternatiivina k\u00f5rge kalorsusega maiustustele.<\/p>\n<p>SKYR PROTEIN Bar MIXED BERRIES sisaldab v\u00e4ikseid k\u00fclmkuivatatud mustikaid ja on kaetud v\u00e4hendatud suhkrusisaldusega tumeda \u0161okolaadiga. Variant STRAWBERRY sisaldab k\u00fclmkuivatatud maasikat\u00fckke ja on glasuuritud v\u00e4hendatud suhkrusisaldusega piima\u0161okolaadiga.<\/p>\n<p>SKYR lehma- v\u00f5i lambapiimast valmistatud Islandi piimatoode t\u00f6\u00f6stuslikus tootmises kasutatakse tootmiseks enamasti l\u00f5ssi Erinevalt tuntud klassikalisest jogurtist on SKYR palju tihkema konsistentsiga. Lisaks k\u00f5rgele valgusisaldusele 10 g 100 g SKYR kohta, on selle rasvasisaldus v\u00e4ga madal, alla 1 g<\/p>\n<p>Paljudele jogurti- ja kohupiimas\u00f5pradele meeldib kasutada SKYR-i valguallikana toidukordade vahel v\u00f5i valgurikka lisandina.<\/p>\n<p>Sportlased, kes p\u00f6\u00f6ravad erilist t\u00e4helepanu oma valgurikkale toitumisele, hindavad SKYRi k\u00f5rget valgusisaldust<\/p>\n<p>SKYR on n\u00fc\u00fcdseks kindlalt sisse seadnud end k\u00f5ikide supermarketite jogurti- ja kohupiimariiulitel pulbrina, nagu vadakuvalgu, v\u00f5ib see rikastada valguga paljusid roogasid v\u00f5i, nagu ALL STARS SKYR PROTEIN batoonis, v\u00f5ib seda leida valgubatoonide koostisosana piimavalgu all m\u00f5eldakse k\u00f5iki piimas looduslikult sisalduvaid valke Peamine komponent on aeglaselt seeditav kaseiin kaseiini seedimine v\u00f5ib kesta kuni 4 tundi, seega aitab see kaasa pikaajalisele valguvarustamisele ja on hea k\u00fcllastumiseks see sobib eriti h\u00e4sti s\u00f6\u00f6gikordade vahele v\u00f5i \u00f5htuti, kui n\u00e4ljahood tekivad&nbsp;<\/p>\n<ul>\n<li>Traditsioonilise Islandi SKYR valguga proteiinibatoon<\/li>\n<li>pluss kvaliteetne piimavalk<\/li>\n<li>24% valku ja v\u00e4hem kui 4 g rasva batooni kohta<\/li>\n<li>ainult 125 kaloriga, mis sobib ideaalselt iga dieedi jaoks<\/li>\n<li>ideaalne valguline suupiste liikvel olles<\/li>\n<\/ul>\n<h3>Kasutamine<\/h3>\n<p>Vastavalt vajadusele 1-3 batooni kerge vahepalana igal ajal p\u00e4eva jooksul, kui selleks tekib vajadus<\/p>\n<h3>Kellele sobib?<\/h3>\n<p>Sobib kasutamiseks k\u00f5igile, kes vajavad v\u00e4ikest maitsvat vahepala kohvi k\u00f5rvale v\u00f5i niisama magusaisu rahuldamiseks. V\u00f5ib kasutada enne treeninguid varustamaks keha toitainetega v\u00f5i treeningj\u00e4rgseks lahjaks kehakinnituseks. <b>SKYR Protein Bar<\/b>&nbsp;on parem kui komm.<\/p>\n<h3>Maitsed:&nbsp;<span style=\"font-size: 13px;\">MARJASEGA ja MAASIKA<\/span><\/h3>\n<table border=\"1\" cellpadding=\"1\" cellspacing=\"1\" height=\"422\" style=\"height:100px;line-height:1.6em;width:600px;\" width=\"501\">\n<tbody>\n<tr>\n<td><strong style=\"line-height: 20.8px;\"><strong style=\"line-height: 20.8px;\"><strong style=\"line-height: 20.8px;\">SKYR&nbsp;<\/strong>Protein Bar&nbsp;<\/strong>marjasegu<\/strong><strong style=\"line-height: 20.8px;\">&nbsp;<\/strong><strong>toitev\u00e4\u00e4rtus <\/strong><\/td>\n<td><strong>35g<\/strong><\/td>\n<td><strong>100g<\/strong><\/td>\n<\/tr>\n<tr>\n<td>Energiat<\/td>\n<td>140kcal\/573kJ<\/td>\n<td>404kcal\/1693kJ<\/td>\n<\/tr>\n<tr>\n<td>Valke<\/td>\n<td>8.4 g<\/td>\n<td>24 g<\/td>\n<\/tr>\n<tr>\n<td>S\u00fcsivesikuid<br \/> \t\t\tmilles suhkrud<\/td>\n<td>12 g<br \/> \t\t\t7 g<\/td>\n<td>34 g<br \/> \t\t\t20 g<\/td>\n<\/tr>\n<tr>\n<td>Rasvu<br \/> \t\t\tmillest k\u00fcllastunud rasvu<\/td>\n<td>3,9 g<br \/> \t\t\t2,3 g<\/td>\n<td>11 g<br \/>6,5 g<\/td>\n<\/tr>\n<tr>\n<td>Soola<\/td>\n<td>0,08 g<\/td>\n<td>0.24 g<\/td>\n<\/tr>\n<tr>\n<td colspan=\"3\">\n<p><span style=\"font-size: 10px;\">Koostisained. &nbsp;Oligofruktoosisiirup, piimavalk, l\u00f5ssipulber, kuivatatud toorjuust Skyr t\u00fc\u00fcp 10% (l\u00f5ss, laabi mikrobiell, piimhappebakterid), niiskuses\u00e4ilitaja gl\u00fctserool, gl\u00fckoosisiirup,<\/span><span style=\"font-size: 10px;\">suhkur, kakaomass, kakaov\u00f5i, inuliin, veiseliha \u017eelatiin, k\u00fclmkuivatatud mustikad 12%, selitatud v\u00f5i, hapendaja sidrunhape, looduslik l\u00f5hna- ja maitseaine, emulgaator letsitiin. &nbsp;V\u00f5ib sisaldada j\u00e4lgi munast, sarapuup\u00e4hklist, india p\u00e4hklid,&nbsp;<\/span><span style=\"font-size: 10px;\">p\u00e4hklid, mandlid, soja ja seesami seemned. &nbsp;Tumeda \u0161okolaadi kattega proteiinibatoon (17%). &nbsp;Maitse segamarju. &nbsp;Parim enne\/partii nr: vaadake printimist \u00c4rge kasutage, kui t\u00f5rge on avatud. &nbsp;Hoida jahedas ja kuivas kohas.<\/span><\/p>\n<p><strong><span style=\"font-size:10px;\">Allergeenid m\u00e4rgitud paksus kirjas.<\/span><\/strong><\/p>\n<\/td>\n<\/tr>\n<\/tbody>\n<\/table>\n<table border=\"1\" cellpadding=\"1\" cellspacing=\"1\" height=\"422\" style=\"height:100px;line-height:1.6em;width:600px;\" width=\"501\">\n<tbody>\n<tr>\n<td><strong style=\"line-height: 20.8px;\"><strong style=\"line-height: 20.8px;\">SKYR&nbsp;<\/strong>Protein Bar maasika&nbsp;<\/strong><strong style=\"line-height: 20.8px;\">maitselise&nbsp;<\/strong><strong>toitev\u00e4\u00e4rtus<\/strong><\/td>\n<td><strong>35g<\/strong><\/td>\n<td><strong>100g<\/strong><\/td>\n<\/tr>\n<tr>\n<td>Energiat<\/td>\n<td>122kcal\/573kJ<\/td>\n<td>353kcal\/1475kJ<\/td>\n<\/tr>\n<tr>\n<td>Valke<\/td>\n<td>8.8 g<\/td>\n<td>24 g<\/td>\n<\/tr>\n<tr>\n<td>S\u00fcsivesikuid<br \/> \t\t\tmilles suhkrud, millest pol\u00fcoolid<\/td>\n<td>12 g<br \/>7 g 2,9 g&nbsp;<\/td>\n<td>34 g<br \/>20 g 8,3 g<\/td>\n<\/tr>\n<tr>\n<td>Rasvu<br \/> \t\t\tmillest k\u00fcllastunud rasvu<\/td>\n<td>3.9 g<br \/>2.3 g<\/td>\n<td>11 g<br \/>6.5 g<\/td>\n<\/tr>\n<tr>\n<td>Soola<\/td>\n<td>0.08 g<\/td>\n<td>0.24 g<\/td>\n<\/tr>\n<tr>\n<td colspan=\"3\">\n<p><span style=\"font-size:8px;\">&nbsp;<\/span><span style=\"font-size: 10px;\">Koostis: Oligofruktoosisiirup, piimavalk, l\u00f5ssipulber, kuivatatud toorjuustut\u00fc\u00fcp Skyr 10% (l\u00f5ss, laabi mikrobiel, piimhappebakterid), niiskuses\u00e4ilitaja gl\u00fctserool, gl\u00fckoosisiirup,&nbsp;<\/span><span style=\"font-size: 10px;\">kakaov\u00f5i, suhkur, inuliin, t\u00e4ispiimapulber, kakaomass, veiseliha \u017eelatiin, k\u00fclmkuivatatud maamarjat\u00fckid 1,2%, laktoos, hapendaja sidrunhape, emulgaator letsitiin, looduslik l\u00f5hna- ja maitseaine. V\u00f5ib sisaldada ese j\u00e4lgi&nbsp;<\/span><span style=\"font-size: 10px;\">sarapuup\u00e4hklid, india p\u00e4hklid, mandlid, soja ja seesam. &nbsp;Proteiinibatoon piima\u0161okolaadikattega (16%). &nbsp;Maitse: Maasikas, Parim enne\/Partii nr: Vaata tr\u00fckki, Mitte kasutada, kui foolium on avatud. &nbsp;Hoida soojas, kuivas kohas<\/span><span style=\"font-size: 10px;\">.<\/span><\/p>\n<p><strong><span style=\"font-size:10px;\">Allergeenid m\u00e4rgitud paksus kirjas.<\/span><\/strong><\/p>\n<\/td>\n<\/tr>\n<\/tbody>\n<\/table>\n<h3>Konsultatsioon<\/h3>\n<ul>\n<li>Oled oodatud tasuta konsultatsioonile MYBODY Audentese kauplusesse,<\/li>\n<li>Asukoht: Audentese Spordikeskus, Tondi 84.<\/li>\n<li>Telefon EST\/RUS\/ENG +372&nbsp;523 1960<\/li>\n<li>Telefon EST\/ENG +372 56&nbsp;458&nbsp;688<\/li>\n<li><a href=\"mailto:info@mybody.ee\">info@mybody.ee<\/a><\/li>\n<li><a href=\"http:\/\/www.facebook.com\/mybody.ee\">www.facebook.com\/mybody.ee<\/a><\/li>\n<\/ul>\n<div id=\"__if72ru4sdfsdfrkjahiuyi_once\" style=\"display:none;\">&nbsp;<\/div>\n<div id=\"__hggasdgjhsagd_once\" style=\"display:none;\">&nbsp;<\/div>\n","protected":false},"excerpt":{"rendered":"<p>SKYR PROTEIN Bari peamiseks valguallikaks traditsioonilise p\u00f5hjamaise SKYRi k\u00f5rval on kvaliteetne piimavalk ja l\u00f5ssipulber. SKYR on kaasas kuivatatud toorjuustuna pulbrina. Piimavalk annab kvaliteetset kaseiini, mida organism seedib aeglaselt ja hoiab seet\u00f5ttu t\u00e4isk\u00f5hutunde kaua. Batoon on gluteenivaba, sisaldab lisaks kiudainetele kuni 25% valku ja sobib ideaalselt v\u00e4ikeseks valgun\u00e4ksiks vahepalaks, treeningu ajal v\u00f5i \u00f5htul. Vaid 125 kalorisisaldusega [&hellip;]<\/p>\n","protected":false},"featured_media":0,"comment_status":"open","ping_status":"closed","template":"","meta":{"inline_featured_image":false},"product_cat":[60,18,61,29],"product_tag":[],"class_list":{"0":"post-1047","1":"product","2":"type-product","3":"status-publish","5":"product_cat-batoonid","6":"product_cat-batoonid-vahepalad-ee","7":"product_cat-proteiinibatoonid","8":"product_cat-sooduspakkumised","9":"pa_maitse-cookieampcreamkreemikupsis","10":"pa_maitse-kookos","11":"pa_maitse-maasika_jogurt","12":"pa_maitse-sokolaad","14":"first","15":"instock","16":"shipping-taxable","17":"purchasable","18":"product-type-variable"},"yoast_head":"<!-- This site is optimized with the Yoast SEO plugin v27.3 - https:\/\/yoast.com\/product\/yoast-seo-wordpress\/ -->\n<title>Uued pehmed ja maitsvad \u0161okolaadi glasuuriga proteiinibatoonid- All Stars Pro Plex - MyBody.ee - Toidulisandid ja sporditarvikud<\/title>\n<meta name=\"description\" content=\"Uued maitsvad liikmed All Stars&#039;i proteiinibatoonide perekonnas. Kookosemaitseline meeldib\" \/>\n<meta name=\"robots\" content=\"index, follow, max-snippet:-1, max-image-preview:large, max-video-preview:-1\" \/>\n<link rel=\"canonical\" href=\"https:\/\/mybody5.ee.mybody.ee\/proov\/product\/uued-pehmed-ja-maitsvad-sokolaadi-glasuuriga-proteiinibatoonid-all-stars-pro-plex-2-1869\/\" \/>\n<meta property=\"og:locale\" content=\"et_EE\" \/>\n<meta property=\"og:type\" content=\"article\" \/>\n<meta property=\"og:title\" content=\"Uued pehmed ja maitsvad \u0161okolaadi glasuuriga proteiinibatoonid- All Stars Pro Plex - MyBody.ee - Toidulisandid ja sporditarvikud\" \/>\n<meta property=\"og:description\" content=\"Uued maitsvad liikmed All Stars&#039;i proteiinibatoonide perekonnas. Kookosemaitseline meeldib\" \/>\n<meta property=\"og:url\" content=\"https:\/\/mybody5.ee.mybody.ee\/proov\/product\/uued-pehmed-ja-maitsvad-sokolaadi-glasuuriga-proteiinibatoonid-all-stars-pro-plex-2-1869\/\" \/>\n<meta property=\"og:site_name\" content=\"supplero\" \/>\n<meta property=\"article:publisher\" content=\"https:\/\/facebook.com\/MyBody.ee\/\" \/>\n<meta property=\"og:image\" content=\"https:\/\/mybody5.ee.mybody.ee\/proov\/wp-content\/uploads\/2023\/11\/mybody_logo_h65.png\" \/>\n\t<meta property=\"og:image:width\" content=\"229\" \/>\n\t<meta property=\"og:image:height\" content=\"65\" \/>\n\t<meta property=\"og:image:type\" content=\"image\/png\" \/>\n<meta name=\"twitter:card\" content=\"summary_large_image\" \/>\n<meta name=\"twitter:label1\" content=\"Est. reading time\" \/>\n\t<meta name=\"twitter:data1\" content=\"3 minutit\" \/>\n<script type=\"application\/ld+json\" class=\"yoast-schema-graph\">{\"@context\":\"https:\\\/\\\/schema.org\",\"@graph\":[{\"@type\":\"WebPage\",\"@id\":\"https:\\\/\\\/mybody5.ee.mybody.ee\\\/proov\\\/product\\\/uued-pehmed-ja-maitsvad-sokolaadi-glasuuriga-proteiinibatoonid-all-stars-pro-plex-2-1869\\\/\",\"url\":\"https:\\\/\\\/mybody5.ee.mybody.ee\\\/proov\\\/product\\\/uued-pehmed-ja-maitsvad-sokolaadi-glasuuriga-proteiinibatoonid-all-stars-pro-plex-2-1869\\\/\",\"name\":\"Uued pehmed ja maitsvad \u0161okolaadi glasuuriga proteiinibatoonid- All Stars Pro Plex - MyBody.ee - Toidulisandid ja sporditarvikud\",\"isPartOf\":{\"@id\":\"https:\\\/\\\/mybody5.ee.mybody.ee\\\/proov\\\/#website\"},\"datePublished\":\"2022-12-26T21:22:45+00:00\",\"description\":\"Uued maitsvad liikmed All Stars'i proteiinibatoonide perekonnas. Kookosemaitseline meeldib\",\"breadcrumb\":{\"@id\":\"https:\\\/\\\/mybody5.ee.mybody.ee\\\/proov\\\/product\\\/uued-pehmed-ja-maitsvad-sokolaadi-glasuuriga-proteiinibatoonid-all-stars-pro-plex-2-1869\\\/#breadcrumb\"},\"inLanguage\":\"et\",\"potentialAction\":[{\"@type\":\"ReadAction\",\"target\":[\"https:\\\/\\\/mybody5.ee.mybody.ee\\\/proov\\\/product\\\/uued-pehmed-ja-maitsvad-sokolaadi-glasuuriga-proteiinibatoonid-all-stars-pro-plex-2-1869\\\/\"]}]},{\"@type\":\"BreadcrumbList\",\"@id\":\"https:\\\/\\\/mybody5.ee.mybody.ee\\\/proov\\\/product\\\/uued-pehmed-ja-maitsvad-sokolaadi-glasuuriga-proteiinibatoonid-all-stars-pro-plex-2-1869\\\/#breadcrumb\",\"itemListElement\":[{\"@type\":\"ListItem\",\"position\":1,\"name\":\"Home\",\"item\":\"https:\\\/\\\/mybody5.ee.mybody.ee\\\/proov\\\/\"},{\"@type\":\"ListItem\",\"position\":2,\"name\":\"Shop\",\"item\":\"https:\\\/\\\/mybody5.ee.mybody.ee\\\/proov\\\/shop\\\/\"},{\"@type\":\"ListItem\",\"position\":3,\"name\":\"Pehmed ja maitsvad \u0161okolaadi glasuuriga proteiinibatoonid- ALL STARS SKYR Protein batoon\"}]},{\"@type\":\"WebSite\",\"@id\":\"https:\\\/\\\/mybody5.ee.mybody.ee\\\/proov\\\/#website\",\"url\":\"https:\\\/\\\/mybody5.ee.mybody.ee\\\/proov\\\/\",\"name\":\"MyBody.ee - Toidulisandid ja sporditarvikud\",\"description\":\"Just another WordPress site\",\"publisher\":{\"@id\":\"https:\\\/\\\/mybody5.ee.mybody.ee\\\/proov\\\/#organization\"},\"potentialAction\":[{\"@type\":\"SearchAction\",\"target\":{\"@type\":\"EntryPoint\",\"urlTemplate\":\"https:\\\/\\\/mybody5.ee.mybody.ee\\\/proov\\\/?s={search_term_string}\"},\"query-input\":{\"@type\":\"PropertyValueSpecification\",\"valueRequired\":true,\"valueName\":\"search_term_string\"}}],\"inLanguage\":\"et\"},{\"@type\":\"Organization\",\"@id\":\"https:\\\/\\\/mybody5.ee.mybody.ee\\\/proov\\\/#organization\",\"name\":\"MyBody.ee\",\"url\":\"https:\\\/\\\/mybody5.ee.mybody.ee\\\/proov\\\/\",\"logo\":{\"@type\":\"ImageObject\",\"inLanguage\":\"et\",\"@id\":\"https:\\\/\\\/mybody5.ee.mybody.ee\\\/proov\\\/#\\\/schema\\\/logo\\\/image\\\/\",\"url\":\"https:\\\/\\\/mybody5.ee.mybody.ee\\\/proov\\\/wp-content\\\/uploads\\\/2023\\\/11\\\/mybody_logo_h65-2.png\",\"contentUrl\":\"https:\\\/\\\/mybody5.ee.mybody.ee\\\/proov\\\/wp-content\\\/uploads\\\/2023\\\/11\\\/mybody_logo_h65-2.png\",\"width\":229,\"height\":65,\"caption\":\"MyBody.ee\"},\"image\":{\"@id\":\"https:\\\/\\\/mybody5.ee.mybody.ee\\\/proov\\\/#\\\/schema\\\/logo\\\/image\\\/\"},\"sameAs\":[\"https:\\\/\\\/facebook.com\\\/MyBody.ee\\\/\"]}]}<\/script>\n<!-- \/ Yoast SEO plugin. -->","yoast_head_json":{"title":"Uued pehmed ja maitsvad \u0161okolaadi glasuuriga proteiinibatoonid- All Stars Pro Plex - MyBody.ee - Toidulisandid ja sporditarvikud","description":"Uued maitsvad liikmed All Stars'i proteiinibatoonide perekonnas. Kookosemaitseline meeldib","robots":{"index":"index","follow":"follow","max-snippet":"max-snippet:-1","max-image-preview":"max-image-preview:large","max-video-preview":"max-video-preview:-1"},"canonical":"https:\/\/mybody5.ee.mybody.ee\/proov\/product\/uued-pehmed-ja-maitsvad-sokolaadi-glasuuriga-proteiinibatoonid-all-stars-pro-plex-2-1869\/","og_locale":"et_EE","og_type":"article","og_title":"Uued pehmed ja maitsvad \u0161okolaadi glasuuriga proteiinibatoonid- All Stars Pro Plex - MyBody.ee - Toidulisandid ja sporditarvikud","og_description":"Uued maitsvad liikmed All Stars'i proteiinibatoonide perekonnas. Kookosemaitseline meeldib","og_url":"https:\/\/mybody5.ee.mybody.ee\/proov\/product\/uued-pehmed-ja-maitsvad-sokolaadi-glasuuriga-proteiinibatoonid-all-stars-pro-plex-2-1869\/","og_site_name":"supplero","article_publisher":"https:\/\/facebook.com\/MyBody.ee\/","og_image":[{"width":229,"height":65,"url":"https:\/\/mybody5.ee.mybody.ee\/proov\/wp-content\/uploads\/2023\/11\/mybody_logo_h65.png","type":"image\/png"}],"twitter_card":"summary_large_image","twitter_misc":{"Est. reading time":"3 minutit"},"schema":{"@context":"https:\/\/schema.org","@graph":[{"@type":"WebPage","@id":"https:\/\/mybody5.ee.mybody.ee\/proov\/product\/uued-pehmed-ja-maitsvad-sokolaadi-glasuuriga-proteiinibatoonid-all-stars-pro-plex-2-1869\/","url":"https:\/\/mybody5.ee.mybody.ee\/proov\/product\/uued-pehmed-ja-maitsvad-sokolaadi-glasuuriga-proteiinibatoonid-all-stars-pro-plex-2-1869\/","name":"Uued pehmed ja maitsvad \u0161okolaadi glasuuriga proteiinibatoonid- All Stars Pro Plex - MyBody.ee - Toidulisandid ja sporditarvikud","isPartOf":{"@id":"https:\/\/mybody5.ee.mybody.ee\/proov\/#website"},"datePublished":"2022-12-26T21:22:45+00:00","description":"Uued maitsvad liikmed All Stars'i proteiinibatoonide perekonnas. Kookosemaitseline meeldib","breadcrumb":{"@id":"https:\/\/mybody5.ee.mybody.ee\/proov\/product\/uued-pehmed-ja-maitsvad-sokolaadi-glasuuriga-proteiinibatoonid-all-stars-pro-plex-2-1869\/#breadcrumb"},"inLanguage":"et","potentialAction":[{"@type":"ReadAction","target":["https:\/\/mybody5.ee.mybody.ee\/proov\/product\/uued-pehmed-ja-maitsvad-sokolaadi-glasuuriga-proteiinibatoonid-all-stars-pro-plex-2-1869\/"]}]},{"@type":"BreadcrumbList","@id":"https:\/\/mybody5.ee.mybody.ee\/proov\/product\/uued-pehmed-ja-maitsvad-sokolaadi-glasuuriga-proteiinibatoonid-all-stars-pro-plex-2-1869\/#breadcrumb","itemListElement":[{"@type":"ListItem","position":1,"name":"Home","item":"https:\/\/mybody5.ee.mybody.ee\/proov\/"},{"@type":"ListItem","position":2,"name":"Shop","item":"https:\/\/mybody5.ee.mybody.ee\/proov\/shop\/"},{"@type":"ListItem","position":3,"name":"Pehmed ja maitsvad \u0161okolaadi glasuuriga proteiinibatoonid- ALL STARS SKYR Protein batoon"}]},{"@type":"WebSite","@id":"https:\/\/mybody5.ee.mybody.ee\/proov\/#website","url":"https:\/\/mybody5.ee.mybody.ee\/proov\/","name":"MyBody.ee - Toidulisandid ja sporditarvikud","description":"Just another WordPress site","publisher":{"@id":"https:\/\/mybody5.ee.mybody.ee\/proov\/#organization"},"potentialAction":[{"@type":"SearchAction","target":{"@type":"EntryPoint","urlTemplate":"https:\/\/mybody5.ee.mybody.ee\/proov\/?s={search_term_string}"},"query-input":{"@type":"PropertyValueSpecification","valueRequired":true,"valueName":"search_term_string"}}],"inLanguage":"et"},{"@type":"Organization","@id":"https:\/\/mybody5.ee.mybody.ee\/proov\/#organization","name":"MyBody.ee","url":"https:\/\/mybody5.ee.mybody.ee\/proov\/","logo":{"@type":"ImageObject","inLanguage":"et","@id":"https:\/\/mybody5.ee.mybody.ee\/proov\/#\/schema\/logo\/image\/","url":"https:\/\/mybody5.ee.mybody.ee\/proov\/wp-content\/uploads\/2023\/11\/mybody_logo_h65-2.png","contentUrl":"https:\/\/mybody5.ee.mybody.ee\/proov\/wp-content\/uploads\/2023\/11\/mybody_logo_h65-2.png","width":229,"height":65,"caption":"MyBody.ee"},"image":{"@id":"https:\/\/mybody5.ee.mybody.ee\/proov\/#\/schema\/logo\/image\/"},"sameAs":["https:\/\/facebook.com\/MyBody.ee\/"]}]}},"_links":{"self":[{"href":"https:\/\/mybody5.ee.mybody.ee\/proov\/wp-json\/wp\/v2\/product\/1047","targetHints":{"allow":["GET"]}}],"collection":[{"href":"https:\/\/mybody5.ee.mybody.ee\/proov\/wp-json\/wp\/v2\/product"}],"about":[{"href":"https:\/\/mybody5.ee.mybody.ee\/proov\/wp-json\/wp\/v2\/types\/product"}],"replies":[{"embeddable":true,"href":"https:\/\/mybody5.ee.mybody.ee\/proov\/wp-json\/wp\/v2\/comments?post=1047"}],"wp:attachment":[{"href":"https:\/\/mybody5.ee.mybody.ee\/proov\/wp-json\/wp\/v2\/media?parent=1047"}],"wp:term":[{"taxonomy":"product_cat","embeddable":true,"href":"https:\/\/mybody5.ee.mybody.ee\/proov\/wp-json\/wp\/v2\/product_cat?post=1047"},{"taxonomy":"product_tag","embeddable":true,"href":"https:\/\/mybody5.ee.mybody.ee\/proov\/wp-json\/wp\/v2\/product_tag?post=1047"}],"curies":[{"name":"wp","href":"https:\/\/api.w.org\/{rel}","templated":true}]}}