{"id":105,"date":"2019-12-09T22:25:37","date_gmt":"2019-12-09T22:25:37","guid":{"rendered":"https:\/\/mybody5.ee.mybody.ee\/proov\/product\/tostab-aju-toovoimet-toetab-tahelepanuvoimet-ja-malu-self-tyrosine\/"},"modified":"2019-12-09T22:25:37","modified_gmt":"2019-12-09T22:25:37","slug":"tostab-aju-toovoimet-toetab-tahelepanuvoimet-ja-malu-self-tyrosine","status":"publish","type":"product","link":"https:\/\/mybody5.ee.mybody.ee\/proov\/product\/tostab-aju-toovoimet-toetab-tahelepanuvoimet-ja-malu-self-tyrosine\/","title":{"rendered":"T\u00f5stab aju t\u00f6\u00f6v\u00f5imet, toetab t\u00e4helepanuv\u00f5imet ja m\u00e4lu &#8211; SELF Tyrosine"},"content":{"rendered":"<p style=\"text-align: justify;\"><strong>T&uuml;rosiin<\/strong> on asendatav aminohape, mis moodustub organismis asendamatust aminohappest fen&uuml;&uuml;lalaniinist. Aminohapped on meie keha peamiseks ehitusmaterjaliks, millest moodustatakse k&otilde;ik meie organismis olevad valgud. Samuti moodustatakse aminohapetest neuromediaatorid, need on&nbsp;ained, mis vastutavad sidekudede&nbsp;loomise eest keskn&auml;rvis&uuml;steemi rakkude vahel. Tihti kutsutakse teatud toiduaineid &quot;ajutoiduks&quot; v&otilde;i &quot;tarkadeks toidulisanditeks&quot;, sest nendes sisaldub suuremas koguses ja kergesti&nbsp;k&auml;ttesaadavas vormis aminohappeid, mis on eriti vajalikud ajubiokeemia jaoks.<\/p>\n<p style=\"text-align: justify;\">T&uuml;rosiin soodustab head tuju ja aitab sellega organismil panna <span style=\"line-height: 20.7999992370605px;\">vastu&nbsp;<\/span>stressile.Kui me ei saa piisavalt t&uuml;rosiini, siis viib see norepinefriini puuduseni ajus, mis omakorda tekitab depressiivset seisundit. Mida suurem varu on kehas t&uuml;rosiini, seda paremini me suudame v&otilde;idelda tujulangusega.<br \/> Veresoonte d&uuml;stoonia on seotud aju n&otilde;rgenenud t&ouml;&ouml;ga, kui tal ei piisavalt piisavalt t&uuml;rosiini. &nbsp;T&uuml;rosiin t&otilde;stab aju t&ouml;&ouml;v&otilde;imet,&nbsp;aitab kaasa t&auml;helepanu koondamisele ja m&auml;lule.&nbsp;<span style=\"line-height: 1.6em;\">Samuti v&auml;hendab ta s&ouml;&ouml;giisu ja rasva kogust meie kehas; parandab neerupealsete, h&uuml;pof&uuml;&uuml;si ja kilpn&auml;&auml;rme t&ouml;&ouml;d.<\/span><span style=\"line-height: 1.6em;\">T&uuml;rosiin on ka antiallergilise toimega ja samuti on tal suitsetamisest ja alkoholis&otilde;ltuvusest v&otilde;&otilde;rutamist toetav efekt.<\/span><\/p>\n<p style=\"text-align: justify;\">Parimad tulemused t&uuml;rosiiniga on saadud koos B grupi vitamiinidega.&nbsp;<\/p>\n<h3 style=\"text-align: justify;\">Toime<\/h3>\n<ul>\n<li style=\"text-align: justify;\">T&otilde;stab vaimset erksust<\/li>\n<li style=\"text-align: justify;\">Tekitab heaolutunde<\/li>\n<li style=\"text-align: justify;\">Aitab f&uuml;&uuml;silise ja vaimse v&auml;simuse korral<\/li>\n<li style=\"text-align: justify;\">Toetab ainevahetust<\/li>\n<\/ul>\n<h3 style=\"text-align: justify;\">Kasutamine<\/h3>\n<p style=\"text-align: justify;\">Sega &uuml;ks m&otilde;&otilde;dulusikas (2-5 g) pulbrit vee v&otilde;i mahlaga. Soovitatavat &ouml;&ouml;p&auml;evast annust ei tohi &uuml;letada. Toodet hoida lastele k&auml;ttesaamatus kohas. Toidulisandit ei tohi kasutada mitmek&uuml;lgse toitumise asendajana.<\/p>\n<h3 style=\"text-align: justify;\">Kellele sobib?<\/h3>\n<p style=\"text-align: justify;\">L-t&uuml;rosiini tarbimist toidulisandina soovitatakse stressi, peavalude ja n&auml;rvis&uuml;steemih&auml;irete korral. V&otilde;ib edukalt aidata kroonilise v&auml;simuse s&uuml;ndroomi korral.<\/p>\n<h3 style=\"text-align: justify;\">Spordialad: <span style=\"font-size:12px;\"><span style=\"font-family: arial,helvetica,sans-serif;\">Kestvusalad, raskej&otilde;ustik<\/span><\/span><\/h3>\n<h3 style=\"text-align: justify;\">Pakend:&nbsp;<span style=\"font-size:12px;\"><span style=\"font-family: arial,helvetica,sans-serif;\">200g<\/span><\/span><\/h3>\n<h3 style=\"text-align: justify;\">Koostis: <span style=\"font-size:12px;\"><span style=\"font-family: arial,helvetica,sans-serif;\">100% L-T&uuml;rosiini pulber<\/span><\/span><\/h3>\n<p style=\"text-align: justify;\">Amino Tyrosine kg hind on 99.25&euro;<\/p>\n<p style=\"text-align: justify;\">Konsultatsioon<\/p>\n<ul>\n<li style=\"text-align: justify;\">Oled oodatud tasuta konsultatsioonile MYBODY Audentese kauplusesse,<\/li>\n<li style=\"text-align: justify;\">Asukoht: Audentese Spordikeskus, Tondi 84.<\/li>\n<li style=\"text-align: justify;\">Telefon EST\/RUS\/ENG +372&nbsp;523 1960<\/li>\n<li style=\"text-align: justify;\">Telefon EST\/ENG +372 56&nbsp;458&nbsp;688<\/li>\n<li style=\"text-align: justify;\"><a href=\"mailto:info@mybody.ee\">info@mybody.ee<\/a><\/li>\n<li style=\"text-align: justify;\"><a href=\"http:\/\/www.facebook.com\/mybody.ee\">www.facebook.com\/mybody.ee<\/a><\/li>\n<\/ul>\n","protected":false},"excerpt":{"rendered":"<p>T&uuml;rosiin on asendatav aminohape, mis moodustub organismis asendamatust aminohappest fen&uuml;&uuml;lalaniinist. Aminohapped on meie keha peamiseks ehitusmaterjaliks, millest moodustatakse k&otilde;ik meie organismis olevad valgud. Samuti moodustatakse aminohapetest neuromediaatorid, need on&nbsp;ained, mis vastutavad sidekudede&nbsp;loomise eest keskn&auml;rvis&uuml;steemi rakkude vahel. Tihti kutsutakse teatud toiduaineid &quot;ajutoiduks&quot; v&otilde;i &quot;tarkadeks toidulisanditeks&quot;, sest nendes sisaldub suuremas koguses ja kergesti&nbsp;k&auml;ttesaadavas vormis aminohappeid, mis on [&hellip;]<\/p>\n","protected":false},"featured_media":104,"comment_status":"open","ping_status":"closed","template":"","meta":{"inline_featured_image":false},"product_cat":[17,25,49],"product_tag":[],"class_list":{"0":"post-105","1":"product","2":"type-product","3":"status-publish","4":"has-post-thumbnail","6":"product_cat-aminohapped","7":"product_cat-naturaalsed-toidulisandid","8":"product_cat-puhtad-aminohapped","9":"pa_kogusg-200g","10":"pa_kunakasutada-uldiselttugevdav","11":"pa_vorm-pulber","13":"first","14":"instock","15":"shipping-taxable","16":"purchasable","17":"product-type-simple"},"yoast_head":"<!-- This site is optimized with the Yoast SEO plugin v27.3 - https:\/\/yoast.com\/product\/yoast-seo-wordpress\/ -->\n<title>T\u00f5stab aju t\u00f6\u00f6v\u00f5imet, toetab t\u00e4helepanuv\u00f5imet ja m\u00e4lu - SELF Tyrosine - MyBody.ee - Toidulisandid ja sporditarvikud<\/title>\n<meta name=\"description\" content=\"T&uuml;rosiin on asendatav aminohape, mis moodustub organismis asendamatust aminohappest\" \/>\n<meta name=\"robots\" content=\"index, follow, max-snippet:-1, max-image-preview:large, max-video-preview:-1\" \/>\n<link rel=\"canonical\" href=\"https:\/\/mybody5.ee.mybody.ee\/proov\/product\/tostab-aju-toovoimet-toetab-tahelepanuvoimet-ja-malu-self-tyrosine\/\" \/>\n<meta property=\"og:locale\" content=\"et_EE\" \/>\n<meta property=\"og:type\" content=\"article\" \/>\n<meta property=\"og:title\" content=\"T\u00f5stab aju t\u00f6\u00f6v\u00f5imet, toetab t\u00e4helepanuv\u00f5imet ja m\u00e4lu - SELF Tyrosine - MyBody.ee - Toidulisandid ja sporditarvikud\" \/>\n<meta property=\"og:description\" content=\"T&uuml;rosiin on asendatav aminohape, mis moodustub organismis asendamatust aminohappest\" \/>\n<meta property=\"og:url\" content=\"https:\/\/mybody5.ee.mybody.ee\/proov\/product\/tostab-aju-toovoimet-toetab-tahelepanuvoimet-ja-malu-self-tyrosine\/\" \/>\n<meta property=\"og:site_name\" content=\"supplero\" \/>\n<meta property=\"article:publisher\" content=\"https:\/\/facebook.com\/MyBody.ee\/\" \/>\n<meta property=\"og:image\" content=\"https:\/\/mybody5.ee.mybody.ee\/proov\/wp-content\/uploads\/2019\/12\/self-tyrosin.png\" \/>\n\t<meta property=\"og:image:width\" content=\"244\" \/>\n\t<meta property=\"og:image:height\" content=\"275\" \/>\n\t<meta property=\"og:image:type\" content=\"image\/png\" \/>\n<meta name=\"twitter:card\" content=\"summary_large_image\" \/>\n<meta name=\"twitter:label1\" content=\"Est. reading time\" \/>\n\t<meta name=\"twitter:data1\" content=\"2 minutit\" \/>\n<script type=\"application\/ld+json\" class=\"yoast-schema-graph\">{\"@context\":\"https:\\\/\\\/schema.org\",\"@graph\":[{\"@type\":\"WebPage\",\"@id\":\"https:\\\/\\\/mybody5.ee.mybody.ee\\\/proov\\\/product\\\/tostab-aju-toovoimet-toetab-tahelepanuvoimet-ja-malu-self-tyrosine\\\/\",\"url\":\"https:\\\/\\\/mybody5.ee.mybody.ee\\\/proov\\\/product\\\/tostab-aju-toovoimet-toetab-tahelepanuvoimet-ja-malu-self-tyrosine\\\/\",\"name\":\"T\u00f5stab aju t\u00f6\u00f6v\u00f5imet, toetab t\u00e4helepanuv\u00f5imet ja m\u00e4lu - SELF Tyrosine - MyBody.ee - Toidulisandid ja sporditarvikud\",\"isPartOf\":{\"@id\":\"https:\\\/\\\/mybody5.ee.mybody.ee\\\/proov\\\/#website\"},\"primaryImageOfPage\":{\"@id\":\"https:\\\/\\\/mybody5.ee.mybody.ee\\\/proov\\\/product\\\/tostab-aju-toovoimet-toetab-tahelepanuvoimet-ja-malu-self-tyrosine\\\/#primaryimage\"},\"image\":{\"@id\":\"https:\\\/\\\/mybody5.ee.mybody.ee\\\/proov\\\/product\\\/tostab-aju-toovoimet-toetab-tahelepanuvoimet-ja-malu-self-tyrosine\\\/#primaryimage\"},\"thumbnailUrl\":\"https:\\\/\\\/mybody5.ee.mybody.ee\\\/proov\\\/wp-content\\\/uploads\\\/2019\\\/12\\\/self-tyrosin.png\",\"datePublished\":\"2019-12-09T22:25:37+00:00\",\"description\":\"T&uuml;rosiin on asendatav aminohape, mis moodustub organismis asendamatust aminohappest\",\"breadcrumb\":{\"@id\":\"https:\\\/\\\/mybody5.ee.mybody.ee\\\/proov\\\/product\\\/tostab-aju-toovoimet-toetab-tahelepanuvoimet-ja-malu-self-tyrosine\\\/#breadcrumb\"},\"inLanguage\":\"et\",\"potentialAction\":[{\"@type\":\"ReadAction\",\"target\":[\"https:\\\/\\\/mybody5.ee.mybody.ee\\\/proov\\\/product\\\/tostab-aju-toovoimet-toetab-tahelepanuvoimet-ja-malu-self-tyrosine\\\/\"]}]},{\"@type\":\"ImageObject\",\"inLanguage\":\"et\",\"@id\":\"https:\\\/\\\/mybody5.ee.mybody.ee\\\/proov\\\/product\\\/tostab-aju-toovoimet-toetab-tahelepanuvoimet-ja-malu-self-tyrosine\\\/#primaryimage\",\"url\":\"https:\\\/\\\/mybody5.ee.mybody.ee\\\/proov\\\/wp-content\\\/uploads\\\/2019\\\/12\\\/self-tyrosin.png\",\"contentUrl\":\"https:\\\/\\\/mybody5.ee.mybody.ee\\\/proov\\\/wp-content\\\/uploads\\\/2019\\\/12\\\/self-tyrosin.png\",\"width\":244,\"height\":275,\"caption\":\"T\u00f5stab aju t\u00f6\u00f6v\u00f5imet, toetab t\u00e4helepanuv\u00f5imet ja m\u00e4lu - SELF Tyrosine\"},{\"@type\":\"BreadcrumbList\",\"@id\":\"https:\\\/\\\/mybody5.ee.mybody.ee\\\/proov\\\/product\\\/tostab-aju-toovoimet-toetab-tahelepanuvoimet-ja-malu-self-tyrosine\\\/#breadcrumb\",\"itemListElement\":[{\"@type\":\"ListItem\",\"position\":1,\"name\":\"Home\",\"item\":\"https:\\\/\\\/mybody5.ee.mybody.ee\\\/proov\\\/\"},{\"@type\":\"ListItem\",\"position\":2,\"name\":\"Shop\",\"item\":\"https:\\\/\\\/mybody5.ee.mybody.ee\\\/proov\\\/shop\\\/\"},{\"@type\":\"ListItem\",\"position\":3,\"name\":\"T\u00f5stab aju t\u00f6\u00f6v\u00f5imet, toetab t\u00e4helepanuv\u00f5imet ja m\u00e4lu &#8211; SELF Tyrosine\"}]},{\"@type\":\"WebSite\",\"@id\":\"https:\\\/\\\/mybody5.ee.mybody.ee\\\/proov\\\/#website\",\"url\":\"https:\\\/\\\/mybody5.ee.mybody.ee\\\/proov\\\/\",\"name\":\"MyBody.ee - Toidulisandid ja sporditarvikud\",\"description\":\"Just another WordPress site\",\"publisher\":{\"@id\":\"https:\\\/\\\/mybody5.ee.mybody.ee\\\/proov\\\/#organization\"},\"potentialAction\":[{\"@type\":\"SearchAction\",\"target\":{\"@type\":\"EntryPoint\",\"urlTemplate\":\"https:\\\/\\\/mybody5.ee.mybody.ee\\\/proov\\\/?s={search_term_string}\"},\"query-input\":{\"@type\":\"PropertyValueSpecification\",\"valueRequired\":true,\"valueName\":\"search_term_string\"}}],\"inLanguage\":\"et\"},{\"@type\":\"Organization\",\"@id\":\"https:\\\/\\\/mybody5.ee.mybody.ee\\\/proov\\\/#organization\",\"name\":\"MyBody.ee\",\"url\":\"https:\\\/\\\/mybody5.ee.mybody.ee\\\/proov\\\/\",\"logo\":{\"@type\":\"ImageObject\",\"inLanguage\":\"et\",\"@id\":\"https:\\\/\\\/mybody5.ee.mybody.ee\\\/proov\\\/#\\\/schema\\\/logo\\\/image\\\/\",\"url\":\"https:\\\/\\\/mybody5.ee.mybody.ee\\\/proov\\\/wp-content\\\/uploads\\\/2023\\\/11\\\/mybody_logo_h65-2.png\",\"contentUrl\":\"https:\\\/\\\/mybody5.ee.mybody.ee\\\/proov\\\/wp-content\\\/uploads\\\/2023\\\/11\\\/mybody_logo_h65-2.png\",\"width\":229,\"height\":65,\"caption\":\"MyBody.ee\"},\"image\":{\"@id\":\"https:\\\/\\\/mybody5.ee.mybody.ee\\\/proov\\\/#\\\/schema\\\/logo\\\/image\\\/\"},\"sameAs\":[\"https:\\\/\\\/facebook.com\\\/MyBody.ee\\\/\"]}]}<\/script>\n<!-- \/ Yoast SEO plugin. -->","yoast_head_json":{"title":"T\u00f5stab aju t\u00f6\u00f6v\u00f5imet, toetab t\u00e4helepanuv\u00f5imet ja m\u00e4lu - SELF Tyrosine - MyBody.ee - Toidulisandid ja sporditarvikud","description":"T&uuml;rosiin on asendatav aminohape, mis moodustub organismis asendamatust aminohappest","robots":{"index":"index","follow":"follow","max-snippet":"max-snippet:-1","max-image-preview":"max-image-preview:large","max-video-preview":"max-video-preview:-1"},"canonical":"https:\/\/mybody5.ee.mybody.ee\/proov\/product\/tostab-aju-toovoimet-toetab-tahelepanuvoimet-ja-malu-self-tyrosine\/","og_locale":"et_EE","og_type":"article","og_title":"T\u00f5stab aju t\u00f6\u00f6v\u00f5imet, toetab t\u00e4helepanuv\u00f5imet ja m\u00e4lu - SELF Tyrosine - MyBody.ee - Toidulisandid ja sporditarvikud","og_description":"T&uuml;rosiin on asendatav aminohape, mis moodustub organismis asendamatust aminohappest","og_url":"https:\/\/mybody5.ee.mybody.ee\/proov\/product\/tostab-aju-toovoimet-toetab-tahelepanuvoimet-ja-malu-self-tyrosine\/","og_site_name":"supplero","article_publisher":"https:\/\/facebook.com\/MyBody.ee\/","og_image":[{"width":244,"height":275,"url":"https:\/\/mybody5.ee.mybody.ee\/proov\/wp-content\/uploads\/2019\/12\/self-tyrosin.png","type":"image\/png"}],"twitter_card":"summary_large_image","twitter_misc":{"Est. reading time":"2 minutit"},"schema":{"@context":"https:\/\/schema.org","@graph":[{"@type":"WebPage","@id":"https:\/\/mybody5.ee.mybody.ee\/proov\/product\/tostab-aju-toovoimet-toetab-tahelepanuvoimet-ja-malu-self-tyrosine\/","url":"https:\/\/mybody5.ee.mybody.ee\/proov\/product\/tostab-aju-toovoimet-toetab-tahelepanuvoimet-ja-malu-self-tyrosine\/","name":"T\u00f5stab aju t\u00f6\u00f6v\u00f5imet, toetab t\u00e4helepanuv\u00f5imet ja m\u00e4lu - SELF Tyrosine - MyBody.ee - Toidulisandid ja sporditarvikud","isPartOf":{"@id":"https:\/\/mybody5.ee.mybody.ee\/proov\/#website"},"primaryImageOfPage":{"@id":"https:\/\/mybody5.ee.mybody.ee\/proov\/product\/tostab-aju-toovoimet-toetab-tahelepanuvoimet-ja-malu-self-tyrosine\/#primaryimage"},"image":{"@id":"https:\/\/mybody5.ee.mybody.ee\/proov\/product\/tostab-aju-toovoimet-toetab-tahelepanuvoimet-ja-malu-self-tyrosine\/#primaryimage"},"thumbnailUrl":"https:\/\/mybody5.ee.mybody.ee\/proov\/wp-content\/uploads\/2019\/12\/self-tyrosin.png","datePublished":"2019-12-09T22:25:37+00:00","description":"T&uuml;rosiin on asendatav aminohape, mis moodustub organismis asendamatust aminohappest","breadcrumb":{"@id":"https:\/\/mybody5.ee.mybody.ee\/proov\/product\/tostab-aju-toovoimet-toetab-tahelepanuvoimet-ja-malu-self-tyrosine\/#breadcrumb"},"inLanguage":"et","potentialAction":[{"@type":"ReadAction","target":["https:\/\/mybody5.ee.mybody.ee\/proov\/product\/tostab-aju-toovoimet-toetab-tahelepanuvoimet-ja-malu-self-tyrosine\/"]}]},{"@type":"ImageObject","inLanguage":"et","@id":"https:\/\/mybody5.ee.mybody.ee\/proov\/product\/tostab-aju-toovoimet-toetab-tahelepanuvoimet-ja-malu-self-tyrosine\/#primaryimage","url":"https:\/\/mybody5.ee.mybody.ee\/proov\/wp-content\/uploads\/2019\/12\/self-tyrosin.png","contentUrl":"https:\/\/mybody5.ee.mybody.ee\/proov\/wp-content\/uploads\/2019\/12\/self-tyrosin.png","width":244,"height":275,"caption":"T\u00f5stab aju t\u00f6\u00f6v\u00f5imet, toetab t\u00e4helepanuv\u00f5imet ja m\u00e4lu - SELF Tyrosine"},{"@type":"BreadcrumbList","@id":"https:\/\/mybody5.ee.mybody.ee\/proov\/product\/tostab-aju-toovoimet-toetab-tahelepanuvoimet-ja-malu-self-tyrosine\/#breadcrumb","itemListElement":[{"@type":"ListItem","position":1,"name":"Home","item":"https:\/\/mybody5.ee.mybody.ee\/proov\/"},{"@type":"ListItem","position":2,"name":"Shop","item":"https:\/\/mybody5.ee.mybody.ee\/proov\/shop\/"},{"@type":"ListItem","position":3,"name":"T\u00f5stab aju t\u00f6\u00f6v\u00f5imet, toetab t\u00e4helepanuv\u00f5imet ja m\u00e4lu &#8211; SELF Tyrosine"}]},{"@type":"WebSite","@id":"https:\/\/mybody5.ee.mybody.ee\/proov\/#website","url":"https:\/\/mybody5.ee.mybody.ee\/proov\/","name":"MyBody.ee - Toidulisandid ja sporditarvikud","description":"Just another WordPress site","publisher":{"@id":"https:\/\/mybody5.ee.mybody.ee\/proov\/#organization"},"potentialAction":[{"@type":"SearchAction","target":{"@type":"EntryPoint","urlTemplate":"https:\/\/mybody5.ee.mybody.ee\/proov\/?s={search_term_string}"},"query-input":{"@type":"PropertyValueSpecification","valueRequired":true,"valueName":"search_term_string"}}],"inLanguage":"et"},{"@type":"Organization","@id":"https:\/\/mybody5.ee.mybody.ee\/proov\/#organization","name":"MyBody.ee","url":"https:\/\/mybody5.ee.mybody.ee\/proov\/","logo":{"@type":"ImageObject","inLanguage":"et","@id":"https:\/\/mybody5.ee.mybody.ee\/proov\/#\/schema\/logo\/image\/","url":"https:\/\/mybody5.ee.mybody.ee\/proov\/wp-content\/uploads\/2023\/11\/mybody_logo_h65-2.png","contentUrl":"https:\/\/mybody5.ee.mybody.ee\/proov\/wp-content\/uploads\/2023\/11\/mybody_logo_h65-2.png","width":229,"height":65,"caption":"MyBody.ee"},"image":{"@id":"https:\/\/mybody5.ee.mybody.ee\/proov\/#\/schema\/logo\/image\/"},"sameAs":["https:\/\/facebook.com\/MyBody.ee\/"]}]}},"_links":{"self":[{"href":"https:\/\/mybody5.ee.mybody.ee\/proov\/wp-json\/wp\/v2\/product\/105","targetHints":{"allow":["GET"]}}],"collection":[{"href":"https:\/\/mybody5.ee.mybody.ee\/proov\/wp-json\/wp\/v2\/product"}],"about":[{"href":"https:\/\/mybody5.ee.mybody.ee\/proov\/wp-json\/wp\/v2\/types\/product"}],"replies":[{"embeddable":true,"href":"https:\/\/mybody5.ee.mybody.ee\/proov\/wp-json\/wp\/v2\/comments?post=105"}],"wp:featuredmedia":[{"embeddable":true,"href":"https:\/\/mybody5.ee.mybody.ee\/proov\/wp-json\/wp\/v2\/media\/104"}],"wp:attachment":[{"href":"https:\/\/mybody5.ee.mybody.ee\/proov\/wp-json\/wp\/v2\/media?parent=105"}],"wp:term":[{"taxonomy":"product_cat","embeddable":true,"href":"https:\/\/mybody5.ee.mybody.ee\/proov\/wp-json\/wp\/v2\/product_cat?post=105"},{"taxonomy":"product_tag","embeddable":true,"href":"https:\/\/mybody5.ee.mybody.ee\/proov\/wp-json\/wp\/v2\/product_tag?post=105"}],"curies":[{"name":"wp","href":"https:\/\/api.w.org\/{rel}","templated":true}]}}