{"id":1066,"date":"2023-08-30T17:06:32","date_gmt":"2023-08-30T17:06:32","guid":{"rendered":"https:\/\/mybody5.ee.mybody.ee\/proov\/product\/c-vitamiin-immuunsussusteemi-tugevdamiseks-self-sport-vitamin-c-2-1875\/"},"modified":"2023-08-30T17:06:32","modified_gmt":"2023-08-30T17:06:32","slug":"c-vitamiin-immuunsussusteemi-tugevdamiseks-self-sport-vitamin-c-2-1875","status":"publish","type":"product","link":"https:\/\/mybody5.ee.mybody.ee\/proov\/product\/c-vitamiin-immuunsussusteemi-tugevdamiseks-self-sport-vitamin-c-2-1875\/","title":{"rendered":"C-vitamiin immuunsuss\u00fcsteemi tugevdamiseks &#8211; SELF Sport Vitamin C"},"content":{"rendered":"<p><strong>BF: 05.2023<\/strong><\/p>\n<p><strong>SELF Vitamin C<\/strong> on magusainega toidulisand, millest lihtsasti valmib k\u00f5rge C-vitamiini sisaldusega v\u00e4rskendav jook. C-vitamiin on vajalik organismi vastupanuv\u00f5ime t\u00f5stmiseks, kevadv\u00e4simuse ja stressi peletamiseks. Lisaks tugevdab immuunsust ja parandab \u00fcldist heaolu. C-vitamiini t\u00e4ielik puudumine toidus v\u00f5i kestev defitsiit v\u00f5ib organismile olla kahjulik ning koguni ohtlik, p\u00f5hjustades haiguslikke seisundeid.<\/p>\n<p> Omadused<\/p>\n<ul>\n<li>Organismi vastupanuv\u00f5ime t\u00f5stmiseks, kevadv\u00e4simuse ja stressi peletamiseks<\/li>\n<li>Naha, igemete, kapillaaride, hammaste, luude arenguks ja talituseks<\/li>\n<li>Aitab kaasa aju normaalsele&nbsp;funktsioneerimisele<\/li>\n<li>Steroidhormoonide s\u00fcnteesi m\u00f5jutamiseks ja sapphappe tekkimiseks kolesteroolist ning vere kolesteroolitaseme tasakaalustamiseks<\/li>\n<li>Parandab raua omastumist<\/li>\n<li>T\u00f5stab immuunsust<\/li>\n<li>Suhkruvaba<\/li>\n<\/ul>\n<h3>Kasutamine:<\/h3>\n<p>P\u00e4evane annus 2x10ml lahustada 300ml vees ehk siis pool tootja soovitatud annusest.&nbsp;<\/p>\n<p><span style=\"color: inherit; font-family: inherit; font-size: 23px;\">Kellele sobib?<\/span><\/p>\n<p>SELF Vitamin C&nbsp;on hea lahendus neile, kellele ei meeldi kapsleid neelata.&nbsp;<\/p>\n<h3>Pakend: 500ml<span style=\"font-size:14px;\"><span style=\"font-family:arial,helvetica,sans-serif;\">&nbsp;<\/span><\/span><\/h3>\n<h3>Maitse: <span style=\"font-size:14px;\"><span style=\"font-family: arial,helvetica,sans-serif;\">apelsin<\/span><\/span><\/h3>\n<table cellpadding=\"1\" cellspacing=\"1\" style=\"height:106px; width:409px\">\n<tbody>\n<tr>\n<td><strong>SELF Sport Vitamin C<\/strong><\/td>\n<td><strong>20 ml<\/strong><\/td>\n<\/tr>\n<tr>\n<td>Vitamiin C (L-askorbiinhape)<\/td>\n<td>1000mg (625%)<\/td>\n<\/tr>\n<tr>\n<td colspan=\"2\">1000mg c-vitamiini 1250% *RDA% &#8211; soovitatavast igap\u00e4evasest toitainete hulgast (RDA RL 2008\/100\/EU).<\/td>\n<\/tr>\n<tr>\n<td colspan=\"2\">\n<p><span style=\"font-size:10px;\">Koostis: askorbiinhape, tardained (E211, E202), maitseained, magusaine (E955),&nbsp;<\/span><\/p>\n<\/td>\n<\/tr>\n<\/tbody>\n<\/table>\n<p>Hoiatus: toode ei ole sobilik alla kolme aastastele lastele, rasedatele ja rinnaga toitvatele naistele ilma arstiga konsulteerimata. Hoida lastele k\u00e4ttesaamatus kohas. Ei ole m\u00f5eldud asendama mitmek\u00fclgset ja tasakaalustatud toitumist. \u00c4rge \u00fcletage soovituslikku p\u00e4evast kogust! Hoida kuivas, temperatuuril alla 25\u00baC. Hoida k\u00fclmumise eest. P\u00e4rast avamist tarbida 2 kuu jooksul.Parim enne: vaata pakendilt. Maaletooja MyBody O\u00dc, Tondi 84, Tallinn, 11316, Harjumaa. Tel: +372&nbsp;523 1960, e-mail <a href=\"mailto:info@mybody.ee\">info@mybody.ee<\/a>. P\u00e4ritolumaa: Rootsi.<\/p>\n<p> Konsultatsioon<\/p>\n<ul>\n<li>Oled oodatud tasuta konsultatsioonile MYBODY Audentese kauplusesse,<\/li>\n<li>Asukoht: Audentese Spordikeskusesse, Tondi 84.<\/li>\n<li>Telefon EST\/RUS\/ENG +372&nbsp;523 1960<\/li>\n<li>Telefon EST\/ENG +372 56&nbsp;458&nbsp;688<\/li>\n<li><a href=\"mailto:info@mybody.ee\">info@mybody.ee<\/a><\/li>\n<li><a href=\"http:\/\/www.facebook.com\/mybody.ee\">www.facebook.com\/mybody.ee<\/a><\/li>\n<\/ul>\n","protected":false},"excerpt":{"rendered":"<p>BF: 05.2023 SELF Vitamin C on magusainega toidulisand, millest lihtsasti valmib k\u00f5rge C-vitamiini sisaldusega v\u00e4rskendav jook. C-vitamiin on vajalik organismi vastupanuv\u00f5ime t\u00f5stmiseks, kevadv\u00e4simuse ja stressi peletamiseks. Lisaks tugevdab immuunsust ja parandab \u00fcldist heaolu. C-vitamiini t\u00e4ielik puudumine toidus v\u00f5i kestev defitsiit v\u00f5ib organismile olla kahjulik ning koguni ohtlik, p\u00f5hjustades haiguslikke seisundeid. Omadused Organismi vastupanuv\u00f5ime t\u00f5stmiseks, kevadv\u00e4simuse [&hellip;]<\/p>\n","protected":false},"featured_media":0,"comment_status":"open","ping_status":"closed","template":"","meta":{"inline_featured_image":false},"product_cat":[29,32,50],"product_tag":[],"class_list":{"0":"post-1066","1":"product","2":"type-product","3":"status-publish","5":"product_cat-sooduspakkumised","6":"product_cat-mikroelemendid","7":"product_cat-vitamiinid-ja-mineraalid","8":"pa_kogustablettikapslit-20tk","9":"pa_kunakasutada-uldiselttugevdav","10":"pa_vorm-tablettkapsel","12":"first","13":"instock","14":"shipping-taxable","15":"purchasable","16":"product-type-simple"},"yoast_head":"<!-- This site is optimized with the Yoast SEO plugin v27.3 - https:\/\/yoast.com\/product\/yoast-seo-wordpress\/ -->\n<title>C-vitamiin immuunsuss\u00fcsteemi tugevdamiseks - SELF Sport Vitamin C - MyBody.ee - Toidulisandid ja sporditarvikud<\/title>\n<meta name=\"description\" content=\"SELF Sport Vitamin C on magusainega toidulisand, millest lihtsasti valmib\" \/>\n<meta name=\"robots\" content=\"index, follow, max-snippet:-1, max-image-preview:large, max-video-preview:-1\" \/>\n<link rel=\"canonical\" href=\"https:\/\/mybody5.ee.mybody.ee\/proov\/product\/c-vitamiin-immuunsussusteemi-tugevdamiseks-self-sport-vitamin-c-2-1875\/\" \/>\n<meta property=\"og:locale\" content=\"et_EE\" \/>\n<meta property=\"og:type\" content=\"article\" \/>\n<meta property=\"og:title\" content=\"C-vitamiin immuunsuss\u00fcsteemi tugevdamiseks - SELF Sport Vitamin C - MyBody.ee - Toidulisandid ja sporditarvikud\" \/>\n<meta property=\"og:description\" content=\"SELF Sport Vitamin C on magusainega toidulisand, millest lihtsasti valmib\" \/>\n<meta property=\"og:url\" content=\"https:\/\/mybody5.ee.mybody.ee\/proov\/product\/c-vitamiin-immuunsussusteemi-tugevdamiseks-self-sport-vitamin-c-2-1875\/\" \/>\n<meta property=\"og:site_name\" content=\"supplero\" \/>\n<meta property=\"article:publisher\" content=\"https:\/\/facebook.com\/MyBody.ee\/\" \/>\n<meta property=\"og:image\" content=\"https:\/\/mybody5.ee.mybody.ee\/proov\/wp-content\/uploads\/2023\/11\/mybody_logo_h65.png\" \/>\n\t<meta property=\"og:image:width\" content=\"229\" \/>\n\t<meta property=\"og:image:height\" content=\"65\" \/>\n\t<meta property=\"og:image:type\" content=\"image\/png\" \/>\n<meta name=\"twitter:card\" content=\"summary_large_image\" \/>\n<meta name=\"twitter:label1\" content=\"Est. reading time\" \/>\n\t<meta name=\"twitter:data1\" content=\"1 minut\" \/>\n<script type=\"application\/ld+json\" class=\"yoast-schema-graph\">{\"@context\":\"https:\\\/\\\/schema.org\",\"@graph\":[{\"@type\":\"WebPage\",\"@id\":\"https:\\\/\\\/mybody5.ee.mybody.ee\\\/proov\\\/product\\\/c-vitamiin-immuunsussusteemi-tugevdamiseks-self-sport-vitamin-c-2-1875\\\/\",\"url\":\"https:\\\/\\\/mybody5.ee.mybody.ee\\\/proov\\\/product\\\/c-vitamiin-immuunsussusteemi-tugevdamiseks-self-sport-vitamin-c-2-1875\\\/\",\"name\":\"C-vitamiin immuunsuss\u00fcsteemi tugevdamiseks - SELF Sport Vitamin C - MyBody.ee - Toidulisandid ja sporditarvikud\",\"isPartOf\":{\"@id\":\"https:\\\/\\\/mybody5.ee.mybody.ee\\\/proov\\\/#website\"},\"datePublished\":\"2023-08-30T17:06:32+00:00\",\"description\":\"SELF Sport Vitamin C on magusainega toidulisand, millest lihtsasti valmib\",\"breadcrumb\":{\"@id\":\"https:\\\/\\\/mybody5.ee.mybody.ee\\\/proov\\\/product\\\/c-vitamiin-immuunsussusteemi-tugevdamiseks-self-sport-vitamin-c-2-1875\\\/#breadcrumb\"},\"inLanguage\":\"et\",\"potentialAction\":[{\"@type\":\"ReadAction\",\"target\":[\"https:\\\/\\\/mybody5.ee.mybody.ee\\\/proov\\\/product\\\/c-vitamiin-immuunsussusteemi-tugevdamiseks-self-sport-vitamin-c-2-1875\\\/\"]}]},{\"@type\":\"BreadcrumbList\",\"@id\":\"https:\\\/\\\/mybody5.ee.mybody.ee\\\/proov\\\/product\\\/c-vitamiin-immuunsussusteemi-tugevdamiseks-self-sport-vitamin-c-2-1875\\\/#breadcrumb\",\"itemListElement\":[{\"@type\":\"ListItem\",\"position\":1,\"name\":\"Home\",\"item\":\"https:\\\/\\\/mybody5.ee.mybody.ee\\\/proov\\\/\"},{\"@type\":\"ListItem\",\"position\":2,\"name\":\"Shop\",\"item\":\"https:\\\/\\\/mybody5.ee.mybody.ee\\\/proov\\\/shop\\\/\"},{\"@type\":\"ListItem\",\"position\":3,\"name\":\"C-vitamiin immuunsuss\u00fcsteemi tugevdamiseks &#8211; SELF Sport Vitamin C\"}]},{\"@type\":\"WebSite\",\"@id\":\"https:\\\/\\\/mybody5.ee.mybody.ee\\\/proov\\\/#website\",\"url\":\"https:\\\/\\\/mybody5.ee.mybody.ee\\\/proov\\\/\",\"name\":\"MyBody.ee - Toidulisandid ja sporditarvikud\",\"description\":\"Just another WordPress site\",\"publisher\":{\"@id\":\"https:\\\/\\\/mybody5.ee.mybody.ee\\\/proov\\\/#organization\"},\"potentialAction\":[{\"@type\":\"SearchAction\",\"target\":{\"@type\":\"EntryPoint\",\"urlTemplate\":\"https:\\\/\\\/mybody5.ee.mybody.ee\\\/proov\\\/?s={search_term_string}\"},\"query-input\":{\"@type\":\"PropertyValueSpecification\",\"valueRequired\":true,\"valueName\":\"search_term_string\"}}],\"inLanguage\":\"et\"},{\"@type\":\"Organization\",\"@id\":\"https:\\\/\\\/mybody5.ee.mybody.ee\\\/proov\\\/#organization\",\"name\":\"MyBody.ee\",\"url\":\"https:\\\/\\\/mybody5.ee.mybody.ee\\\/proov\\\/\",\"logo\":{\"@type\":\"ImageObject\",\"inLanguage\":\"et\",\"@id\":\"https:\\\/\\\/mybody5.ee.mybody.ee\\\/proov\\\/#\\\/schema\\\/logo\\\/image\\\/\",\"url\":\"https:\\\/\\\/mybody5.ee.mybody.ee\\\/proov\\\/wp-content\\\/uploads\\\/2023\\\/11\\\/mybody_logo_h65-2.png\",\"contentUrl\":\"https:\\\/\\\/mybody5.ee.mybody.ee\\\/proov\\\/wp-content\\\/uploads\\\/2023\\\/11\\\/mybody_logo_h65-2.png\",\"width\":229,\"height\":65,\"caption\":\"MyBody.ee\"},\"image\":{\"@id\":\"https:\\\/\\\/mybody5.ee.mybody.ee\\\/proov\\\/#\\\/schema\\\/logo\\\/image\\\/\"},\"sameAs\":[\"https:\\\/\\\/facebook.com\\\/MyBody.ee\\\/\"]}]}<\/script>\n<!-- \/ Yoast SEO plugin. -->","yoast_head_json":{"title":"C-vitamiin immuunsuss\u00fcsteemi tugevdamiseks - SELF Sport Vitamin C - MyBody.ee - Toidulisandid ja sporditarvikud","description":"SELF Sport Vitamin C on magusainega toidulisand, millest lihtsasti valmib","robots":{"index":"index","follow":"follow","max-snippet":"max-snippet:-1","max-image-preview":"max-image-preview:large","max-video-preview":"max-video-preview:-1"},"canonical":"https:\/\/mybody5.ee.mybody.ee\/proov\/product\/c-vitamiin-immuunsussusteemi-tugevdamiseks-self-sport-vitamin-c-2-1875\/","og_locale":"et_EE","og_type":"article","og_title":"C-vitamiin immuunsuss\u00fcsteemi tugevdamiseks - SELF Sport Vitamin C - MyBody.ee - Toidulisandid ja sporditarvikud","og_description":"SELF Sport Vitamin C on magusainega toidulisand, millest lihtsasti valmib","og_url":"https:\/\/mybody5.ee.mybody.ee\/proov\/product\/c-vitamiin-immuunsussusteemi-tugevdamiseks-self-sport-vitamin-c-2-1875\/","og_site_name":"supplero","article_publisher":"https:\/\/facebook.com\/MyBody.ee\/","og_image":[{"width":229,"height":65,"url":"https:\/\/mybody5.ee.mybody.ee\/proov\/wp-content\/uploads\/2023\/11\/mybody_logo_h65.png","type":"image\/png"}],"twitter_card":"summary_large_image","twitter_misc":{"Est. reading time":"1 minut"},"schema":{"@context":"https:\/\/schema.org","@graph":[{"@type":"WebPage","@id":"https:\/\/mybody5.ee.mybody.ee\/proov\/product\/c-vitamiin-immuunsussusteemi-tugevdamiseks-self-sport-vitamin-c-2-1875\/","url":"https:\/\/mybody5.ee.mybody.ee\/proov\/product\/c-vitamiin-immuunsussusteemi-tugevdamiseks-self-sport-vitamin-c-2-1875\/","name":"C-vitamiin immuunsuss\u00fcsteemi tugevdamiseks - SELF Sport Vitamin C - MyBody.ee - Toidulisandid ja sporditarvikud","isPartOf":{"@id":"https:\/\/mybody5.ee.mybody.ee\/proov\/#website"},"datePublished":"2023-08-30T17:06:32+00:00","description":"SELF Sport Vitamin C on magusainega toidulisand, millest lihtsasti valmib","breadcrumb":{"@id":"https:\/\/mybody5.ee.mybody.ee\/proov\/product\/c-vitamiin-immuunsussusteemi-tugevdamiseks-self-sport-vitamin-c-2-1875\/#breadcrumb"},"inLanguage":"et","potentialAction":[{"@type":"ReadAction","target":["https:\/\/mybody5.ee.mybody.ee\/proov\/product\/c-vitamiin-immuunsussusteemi-tugevdamiseks-self-sport-vitamin-c-2-1875\/"]}]},{"@type":"BreadcrumbList","@id":"https:\/\/mybody5.ee.mybody.ee\/proov\/product\/c-vitamiin-immuunsussusteemi-tugevdamiseks-self-sport-vitamin-c-2-1875\/#breadcrumb","itemListElement":[{"@type":"ListItem","position":1,"name":"Home","item":"https:\/\/mybody5.ee.mybody.ee\/proov\/"},{"@type":"ListItem","position":2,"name":"Shop","item":"https:\/\/mybody5.ee.mybody.ee\/proov\/shop\/"},{"@type":"ListItem","position":3,"name":"C-vitamiin immuunsuss\u00fcsteemi tugevdamiseks &#8211; SELF Sport Vitamin C"}]},{"@type":"WebSite","@id":"https:\/\/mybody5.ee.mybody.ee\/proov\/#website","url":"https:\/\/mybody5.ee.mybody.ee\/proov\/","name":"MyBody.ee - Toidulisandid ja sporditarvikud","description":"Just another WordPress site","publisher":{"@id":"https:\/\/mybody5.ee.mybody.ee\/proov\/#organization"},"potentialAction":[{"@type":"SearchAction","target":{"@type":"EntryPoint","urlTemplate":"https:\/\/mybody5.ee.mybody.ee\/proov\/?s={search_term_string}"},"query-input":{"@type":"PropertyValueSpecification","valueRequired":true,"valueName":"search_term_string"}}],"inLanguage":"et"},{"@type":"Organization","@id":"https:\/\/mybody5.ee.mybody.ee\/proov\/#organization","name":"MyBody.ee","url":"https:\/\/mybody5.ee.mybody.ee\/proov\/","logo":{"@type":"ImageObject","inLanguage":"et","@id":"https:\/\/mybody5.ee.mybody.ee\/proov\/#\/schema\/logo\/image\/","url":"https:\/\/mybody5.ee.mybody.ee\/proov\/wp-content\/uploads\/2023\/11\/mybody_logo_h65-2.png","contentUrl":"https:\/\/mybody5.ee.mybody.ee\/proov\/wp-content\/uploads\/2023\/11\/mybody_logo_h65-2.png","width":229,"height":65,"caption":"MyBody.ee"},"image":{"@id":"https:\/\/mybody5.ee.mybody.ee\/proov\/#\/schema\/logo\/image\/"},"sameAs":["https:\/\/facebook.com\/MyBody.ee\/"]}]}},"_links":{"self":[{"href":"https:\/\/mybody5.ee.mybody.ee\/proov\/wp-json\/wp\/v2\/product\/1066","targetHints":{"allow":["GET"]}}],"collection":[{"href":"https:\/\/mybody5.ee.mybody.ee\/proov\/wp-json\/wp\/v2\/product"}],"about":[{"href":"https:\/\/mybody5.ee.mybody.ee\/proov\/wp-json\/wp\/v2\/types\/product"}],"replies":[{"embeddable":true,"href":"https:\/\/mybody5.ee.mybody.ee\/proov\/wp-json\/wp\/v2\/comments?post=1066"}],"wp:attachment":[{"href":"https:\/\/mybody5.ee.mybody.ee\/proov\/wp-json\/wp\/v2\/media?parent=1066"}],"wp:term":[{"taxonomy":"product_cat","embeddable":true,"href":"https:\/\/mybody5.ee.mybody.ee\/proov\/wp-json\/wp\/v2\/product_cat?post=1066"},{"taxonomy":"product_tag","embeddable":true,"href":"https:\/\/mybody5.ee.mybody.ee\/proov\/wp-json\/wp\/v2\/product_tag?post=1066"}],"curies":[{"name":"wp","href":"https:\/\/api.w.org\/{rel}","templated":true}]}}