{"id":1067,"date":"2023-08-30T17:10:19","date_gmt":"2023-08-30T17:10:19","guid":{"rendered":"https:\/\/mybody5.ee.mybody.ee\/proov\/product\/vitamin-c-d3-zink-immuunsussusteemi-tugevdamiseks-self-2-1876\/"},"modified":"2024-05-06T04:01:02","modified_gmt":"2024-05-06T04:01:02","slug":"vitamin-c-d3-zink-immuunsussusteemi-tugevdamiseks-self-2-1876","status":"publish","type":"product","link":"https:\/\/mybody5.ee.mybody.ee\/proov\/product\/vitamin-c-d3-zink-immuunsussusteemi-tugevdamiseks-self-2-1876\/","title":{"rendered":"Vitamin C, D3, Zink immuunsuss\u00fcsteemi tugevdamiseks &#8211; SELF"},"content":{"rendered":"<p><span style=\"font-family: Helvetica Neue;\"><b><span style=\"font-size: 14px;\">SELF Vita<\/span><span style=\"font-size: 14px;\">min C D ja Zink<\/span><\/b><span style=\"font-size: 14px;\">\u00a0suurep\u00e4rane immuuns\u00fcstemi kooslus C-vitamiini, tsingi, D3 vitamiini!<\/span><\/span><\/p>\n<p><span style=\"font-size: 14px;\"><span style=\"font-family: Helvetica Neue;\"><b><span style=\"font-size: 14px;\">C-vitamiin<\/span><\/b><span style=\"font-size: 14px;\">, mis on vajalik organismi vastupanuv\u00f5ime t\u00f5stmiseks, kevadv\u00e4simuse ja stressi peletamiseks. Lisaks tugevdab immuunsust ja parandab \u00fcldist heaolu. C-vitamiini t\u00e4ielik puudumine toidus v\u00f5i kestev defitsiit v\u00f5ib organismile olla kahjulik ning koguni ohtlik, p\u00f5hjustades haiguslikke seisundeid.<\/span><\/span><\/span><\/p>\n<p id=\"milleks-on-vaja-tsinki\" style=\"font-size: 13px;\"><span style=\"font-family: Helvetica Neue;\"><span style=\"font-size: 14px;\"><b>Tsink<\/b> osaleb paljudes eluolulistes protsessides, sh enam kui saja ens\u00fc\u00fcmi aktiveerimisel, rakkude kasvamises ning haavade paranemises, vereloomes, organismi kasvus ja arengus, valkude, sperma ja DNA s\u00fcnteesis, immuns\u00fcsteemi t\u00f6\u00f6s, maitsmis- ning haistmismeele normaalse toimimise tagamisel ja teiste mikrotoitainete ainevahetuses. Tsink toimib antioks\u00fcdandina, osaleb insuliini s\u00fcnteesimisel, s\u00e4ilitamisel ja vabastamisel, m\u00f5jutab kilpn\u00e4\u00e4rme hormooni t\u00f6\u00f6d. Tsingi puudusel halveneb k\u00f5igi nende ning ka paljude teiste oluliste funktsioonide t\u00f6\u00f6. Kuna kehal puudub spetsiaalne tsingi s\u00e4ilituss\u00fcsteem, on stabiilse taseme hoidmiseks vajalik tagada piisav tsingi saamine igap\u00e4evase toiduga.<\/span><\/span><\/p>\n<p id=\"mida-toob-kaasa-tsingipuudus\" style=\"font-size: 13px;\"><strong><span style=\"font-family: Helvetica Neue;\"><span style=\"font-size: 14px;\">Mida toob kaasa tsingipuudus?<\/span><\/span><\/strong><\/p>\n<p style=\"font-size: 13px;\"><span style=\"font-family: Helvetica Neue;\"><span style=\"font-size: 14px;\">Raskekujulise tsingipuuduse tunnusteks on kasvu k\u00e4ngumine (k\u00e4\u00e4buskasv), seksuaalse k\u00fcpsuse hilinemine, h\u00fcpogonadism meestel, viljatus, silma- ja nahakahjustused, juuste v\u00e4ljalangemine (kiilasp\u00e4isus), k\u00f5hulahtisus. Lisaks v\u00f5ivad tsingipuudusega kaasneda kaalukaotus, haavade aeglane paranemine, isutus, vaimse erksuse v\u00e4henemine ja suurenenud vastuv\u00f5tlikkus infektsioonidele.<\/span><\/span><\/p>\n<p style=\"font-size: 13px;\"><span style=\"font-family: Helvetica Neue;\"><span style=\"outline: 0px; font-size: 14px;\"><b>Vitamin D3<\/b><\/span><span style=\"font-size: 14px;\"><b><span style=\"font-size: 14px;\">\u00a0<\/span><\/b><span style=\"font-size: 14px;\">parandab immuns\u00fcsteemi ja lihaste funktsioone. D-vitamiin\u00a0on tuntud kui tervete luude vitamiin, mis\u00a0tagab kaltsiumi ja fosfori normaalse imendumise peensoolest, mille tulemusena\u00a0moodustuvad tugevad luud ning hambad. Luud muutuvad tugevamaks ja tihedamaks kuni 30. eluaastani, p\u00e4rast seda algab tasapisi luude h\u00f5renemine ja ka siis on v\u00e4ga oluline omastada piisavalt D-vitamiini.<\/span><\/span><\/span><\/p>\n<p style=\"outline: 0px; margin-bottom: 10px; caret-color: #4c4c4c; font-size: 14px;\"><span style=\"font-size: 14px;\"><span style=\"font-family: Helvetica Neue;\">Viimase 15-aasta teadusuuringute tulemuste valguses vaadeldakse D-vitamiini kui hormooni, millel on oluliselt laiem m\u00f5ju, sest paljude rakkude membraanidel on D-vitamiini retseptorid. D-vitamiini madalat taset seostatakse suurema riskiga haigestuda pahaloomulistesse kasvajatesse, diabeeti, s\u00fcdamehaigustesse, tuberkuloosi ja teistesse infektsioonihaigustesse. D-vitamiin m\u00f5jutab immuuns\u00fcsteemi ja lihaste funktsioone, tugevdab lihaseid, parandab koordinatsiooni ning v\u00e4hendab kukkumiste ohtu. N\u00e4iteks Soomes on I t\u00fc\u00fcbi diabeeti haigestumine v\u00e4ga suur ja uuringud n\u00e4itavad, et piisav D-vitamiini kogus raseduse ajal v\u00e4hendab suhkurt\u00f5ve levikut. Teised uuringud on n\u00e4idanud, et D-vitamiin v\u00f5ib t\u00f5sta insuliini aktiivsust II t\u00fc\u00fcbi diabeetikutel.<\/span><\/span><\/p>\n<p style=\"outline: 0px; margin-bottom: 10px; caret-color: #4c4c4c; font-size: 14px;\"><span style=\"font-size: 14px;\"><span style=\"font-family: Helvetica Neue;\">D-vitamiini vaegusest v\u00f5ivad m\u00e4rku anda luuvalud, lihaste n\u00f5rkus ja sage kukkumine, kuid vaegus v\u00f5ib esineda ka igasuguste s\u00fcmptomiteta. Parim viis selle avastamiseks on D-vitamiini sisalduse m\u00e4\u00e4ramine veres.<\/span><\/span><\/p>\n<p style=\"outline: 0px; margin-bottom: 10px; caret-color: #4c4c4c; font-size: 14px;\"><b><span style=\"font-family: Helvetica Neue;\">Omadused<\/span><\/b><\/p>\n<ul>\n<li style=\"list-style-type: none;\">\n<ul>\n<li><span style=\"font-size: 14px;\"><span style=\"font-family: Helvetica Neue;\">Organismi vastupanuv\u00f5ime t\u00f5stmiseks, kevadv\u00e4simuse ja stressi peletamiseks<\/span><\/span><\/li>\n<li><span style=\"font-size: 14px;\"><span style=\"font-family: Helvetica Neue;\">Steroidhormoonide s\u00fcnteesi m\u00f5jutamiseks ja sapphappe tekkimiseks kolesteroolist ning vere kolesteroolitaseme tasakaalustamiseks<\/span><\/span><\/li>\n<li><span style=\"font-size: 14px;\"><span style=\"font-family: Helvetica Neue;\">Aitab kaasa aju normaalsele\u00a0funktsioneerimisele<\/span><\/span><\/li>\n<li><span style=\"font-size: 14px;\"><span style=\"font-family: Helvetica Neue;\">Parandab raua omastumist<\/span><\/span><\/li>\n<li><span style=\"font-size: 14px;\"><span style=\"font-family: Helvetica Neue;\">T\u00f5stab immuunsust<\/span><\/span><\/li>\n<li><span style=\"caret-color: #333333; font-size: 14px;\"><span style=\"font-family: Helvetica Neue;\">Aitab v\u00f5idelda rakkude oks\u00fcdatiivse stressiga<\/span><\/span><\/li>\n<li><span style=\"caret-color: #333333; font-size: 14px;\"><span style=\"font-family: Helvetica Neue;\">Leevendab kudede p\u00f5letikke<\/span><\/span><\/li>\n<li><span style=\"caret-color: #333333; font-size: 14px;\"><span style=\"font-family: Helvetica Neue;\">V\u00e4hendab insuliini residentsust<\/span><\/span><\/li>\n<\/ul>\n<\/li>\n<\/ul>\n<ul>\n<li style=\"list-style-type: none;\"><\/li>\n<\/ul>\n<ul>\n<li style=\"list-style-type: none;\"><\/li>\n<\/ul>\n<ul>\n<li style=\"list-style-type: none;\"><\/li>\n<\/ul>\n<ul>\n<li style=\"list-style-type: none;\">\n<ul>\n<li><span style=\"caret-color: #333333; font-size: 14px;\"><span style=\"font-family: Helvetica Neue;\">V\u00f5ib aidata v\u00e4ltida depressiooni, osessiiv-komplusiivset ja bipolaarset h\u00e4iret<\/span><\/span><\/li>\n<li><span style=\"caret-color: #333333; font-size: 14px;\"><span style=\"font-family: Helvetica Neue;\">V\u00f5ib aidata uneh\u00e4irete korral<\/span><\/span><\/li>\n<li><span style=\"caret-color: #333333; font-size: 14px;\"><span style=\"font-family: Helvetica Neue;\">V\u00f5ib v\u00e4hendada\u00a0 s\u00fcdame veresoonkonna haiguste riski<\/span><\/span><\/li>\n<li><span style=\"caret-color: #333333; font-size: 14px;\"><span style=\"font-family: Helvetica Neue;\">V\u00f5ib v\u00e4hendada s\u00f5ltuvusk\u00e4itumist<\/span><\/span><\/li>\n<li style=\"outline: 0px;\"><span style=\"font-size: 14px;\"><span style=\"font-family: Helvetica Neue;\">Oluline luude ja hammaste arenguks<\/span><\/span><\/li>\n<li style=\"outline: 0px;\"><span style=\"font-size: 14px;\"><span style=\"font-family: Helvetica Neue;\">Aitab imenduda kaltsiumil<\/span><\/span><\/li>\n<li style=\"outline: 0px;\"><span style=\"font-size: 14px;\"><span style=\"font-family: Helvetica Neue;\">Toetab s\u00fcdamet\u00f6\u00f6d ja n\u00e4rvis\u00fcsteemi<\/span><\/span><\/li>\n<\/ul>\n<\/li>\n<\/ul>\n<h3><span style=\"font-family: Helvetica Neue;\"><span style=\"font-size: 14px;\">Kasutamine: <\/span><\/span><span style=\"font-family: Helvetica Neue;\"><span style=\"font-size: 14px;\">P\u00e4evane annus 20ml p\u00e4evas koos veega 250ml.<\/span><\/span><\/h3>\n<h3><span style=\"font-family: Helvetica Neue;\"><span style=\"font-size: 14px;\">Kellele sobib? <\/span><\/span><span style=\"font-family: Helvetica Neue;\"><span style=\"font-size: 14px;\">Haiguste ennetamiseks ehk siis immuuns\u00fcsteemi tugevdamiseks<\/span><\/span><\/h3>\n<h3><span style=\"font-family: Helvetica Neue;\"><span style=\"font-size: 14px;\">Pakend: 500<\/span><span style=\"font-size: 14px;\">\u00a0ml<\/span><\/span><\/h3>\n<p>&nbsp;<\/p>\n<table style=\"height: 106px; width: 409px;\" cellspacing=\"1\" cellpadding=\"1\">\n<tbody>\n<tr>\n<td><strong><span style=\"font-family: Helvetica Neue;\"><span style=\"font-size: 14px;\">SELF Vitamin C Pro<\/span><\/span><\/strong><\/td>\n<td><strong><span style=\"font-family: Helvetica Neue;\"><span style=\"font-size: 14px;\">20 ml<\/span><\/span><\/strong><\/td>\n<\/tr>\n<tr>\n<td><span style=\"font-family: Helvetica Neue;\"><span style=\"font-size: 14px;\">Vitamiin C (L-askorbiinhape)<\/span><\/span><\/td>\n<td><span style=\"font-family: Helvetica Neue;\"><span style=\"font-size: 14px;\">1000mg (1250%)<\/span><\/span><\/td>\n<\/tr>\n<tr>\n<td><span style=\"font-family: Helvetica Neue;\"><span style=\"font-size: 14px;\">Tsink\u00a0<\/span><\/span><\/td>\n<td><span style=\"font-family: Helvetica Neue;\"><span style=\"font-size: 14px;\">10mg (100%)<\/span><\/span><\/td>\n<\/tr>\n<tr>\n<td><span style=\"font-family: Helvetica Neue;\"><span style=\"font-size: 14px;\">Vitamiin D (cholecalciferol D3)<\/span><\/span><\/td>\n<td><span style=\"font-family: Helvetica Neue;\"><span style=\"font-size: 14px;\">50ug (1000%)<\/span><\/span><\/td>\n<\/tr>\n<tr>\n<td colspan=\"2\"><span style=\"font-family: Helvetica Neue;\"><span style=\"font-size: 14px;\">*RDA% &#8211; soovitatavast igap\u00e4evasest toitainete hulgast (RDA RL 2008\/100\/EU).<\/span><\/span><\/td>\n<\/tr>\n<tr>\n<td colspan=\"2\"><span style=\"font-size: 14px;\"><span style=\"font-family: Helvetica Neue;\">Koostis: stabilisaatorid (E211, E202 E955),\u00a0<\/span><\/span><\/td>\n<\/tr>\n<\/tbody>\n<\/table>\n<p><span style=\"font-family: Helvetica Neue;\"><br \/>\n<span style=\"font-size: 14px;\"> Konsultatsioon<\/span><\/span><\/p>\n<ul>\n<li style=\"list-style-type: none;\">\n<ul>\n<li><span style=\"font-family: Helvetica Neue;\"><span style=\"font-size: 14px;\">Oled oodatud tasuta konsultatsioonile MYBODY Audentese kauplusesse,<\/span><\/span><\/li>\n<\/ul>\n<\/li>\n<\/ul>\n<ul>\n<li style=\"list-style-type: none;\">\n<ul>\n<li><span style=\"font-family: Helvetica Neue;\"><span style=\"font-size: 14px;\">Asukoht: Audentese Spordikeskusesse, Tondi 84.<\/span><\/span><\/li>\n<\/ul>\n<\/li>\n<\/ul>\n<ul>\n<li style=\"list-style-type: none;\">\n<ul>\n<li><span style=\"font-family: Helvetica Neue;\"><span style=\"font-size: 14px;\">Telefon EST\/RUS\/ENG +372\u00a0523 1960<\/span><\/span><\/li>\n<\/ul>\n<\/li>\n<\/ul>\n<ul>\n<li style=\"list-style-type: none;\">\n<ul>\n<li><span style=\"font-family: Helvetica Neue;\"><span style=\"font-size: 14px;\">Telefon EST\/ENG +372 56\u00a0458\u00a0688<\/span><\/span><\/li>\n<\/ul>\n<\/li>\n<\/ul>\n<ul>\n<li style=\"list-style-type: none;\">\n<ul>\n<li><a href=\"mailto:info@mybody.ee\"><span style=\"font-family: Helvetica Neue;\"><span style=\"font-size: 14px;\">info@mybody.ee<\/span><\/span><\/a><\/li>\n<\/ul>\n<\/li>\n<\/ul>\n<ul>\n<li><a href=\"http:\/\/www.facebook.com\/mybody.ee\"><span style=\"font-family: Helvetica Neue;\"><span style=\"font-size: 14px;\">www.facebook.com\/mybody.ee<\/span><\/span><\/a><\/li>\n<\/ul>\n","protected":false},"excerpt":{"rendered":"<p>SELF Vitamin C D ja Zink\u00a0suurep\u00e4rane immuuns\u00fcstemi kooslus C-vitamiini, tsingi, D3 vitamiini! C-vitamiin, mis on vajalik organismi vastupanuv\u00f5ime t\u00f5stmiseks, kevadv\u00e4simuse ja stressi peletamiseks. Lisaks tugevdab immuunsust ja parandab \u00fcldist heaolu. C-vitamiini t\u00e4ielik puudumine toidus v\u00f5i kestev defitsiit v\u00f5ib organismile olla kahjulik ning koguni ohtlik, p\u00f5hjustades haiguslikke seisundeid. Tsink osaleb paljudes eluolulistes protsessides, sh enam kui [&hellip;]<\/p>\n","protected":false},"featured_media":10064,"comment_status":"open","ping_status":"closed","template":"","meta":{"inline_featured_image":false},"product_cat":[45,29,40,50,32,39],"product_tag":[],"class_list":{"0":"post-1067","1":"product","2":"type-product","3":"status-publish","4":"has-post-thumbnail","6":"product_cat-seksuaaltervis","7":"product_cat-sooduspakkumised","8":"product_cat-tervis-hobi","9":"product_cat-vitamiinid-ja-mineraalid","10":"product_cat-mikroelemendid","11":"product_cat-voimlemine-tantsimine","12":"pa_kogustablettikapslit-20tk","13":"pa_kunakasutada-uldiselttugevdav","14":"pa_vorm-tablettkapsel","16":"first","17":"instock","18":"shipping-taxable","19":"purchasable","20":"product-type-simple"},"yoast_head":"<!-- This site is optimized with the Yoast SEO plugin v27.3 - https:\/\/yoast.com\/product\/yoast-seo-wordpress\/ -->\n<title>C-vitamiin immuunsuss\u00fcsteemi tugevdamiseks - SELF Sport Vitamin C - MyBody.ee - Toidulisandid ja sporditarvikud<\/title>\n<meta name=\"description\" content=\"SELF Sport Vitamin C on magusainega toidulisand, millest lihtsasti valmib\" \/>\n<meta name=\"robots\" content=\"index, follow, max-snippet:-1, max-image-preview:large, max-video-preview:-1\" \/>\n<link rel=\"canonical\" href=\"https:\/\/mybody5.ee.mybody.ee\/proov\/product\/vitamin-c-d3-zink-immuunsussusteemi-tugevdamiseks-self-2-1876\/\" \/>\n<meta property=\"og:locale\" content=\"et_EE\" \/>\n<meta property=\"og:type\" content=\"article\" \/>\n<meta property=\"og:title\" content=\"C-vitamiin immuunsuss\u00fcsteemi tugevdamiseks - SELF Sport Vitamin C - MyBody.ee - Toidulisandid ja sporditarvikud\" \/>\n<meta property=\"og:description\" content=\"SELF Sport Vitamin C on magusainega toidulisand, millest lihtsasti valmib\" \/>\n<meta property=\"og:url\" content=\"https:\/\/mybody5.ee.mybody.ee\/proov\/product\/vitamin-c-d3-zink-immuunsussusteemi-tugevdamiseks-self-2-1876\/\" \/>\n<meta property=\"og:site_name\" content=\"supplero\" \/>\n<meta property=\"article:publisher\" content=\"https:\/\/facebook.com\/MyBody.ee\/\" \/>\n<meta property=\"article:modified_time\" content=\"2024-05-06T04:01:02+00:00\" \/>\n<meta property=\"og:image\" content=\"https:\/\/mybody5.ee.mybody.ee\/proov\/wp-content\/uploads\/2023\/08\/Vitamin-C-D-Tsink.png\" \/>\n\t<meta property=\"og:image:width\" content=\"182\" \/>\n\t<meta property=\"og:image:height\" content=\"410\" \/>\n\t<meta property=\"og:image:type\" content=\"image\/png\" \/>\n<meta name=\"twitter:card\" content=\"summary_large_image\" \/>\n<meta name=\"twitter:label1\" content=\"Est. reading time\" \/>\n\t<meta name=\"twitter:data1\" content=\"3 minutit\" \/>\n<script type=\"application\/ld+json\" class=\"yoast-schema-graph\">{\"@context\":\"https:\\\/\\\/schema.org\",\"@graph\":[{\"@type\":\"WebPage\",\"@id\":\"https:\\\/\\\/mybody5.ee.mybody.ee\\\/proov\\\/product\\\/vitamin-c-d3-zink-immuunsussusteemi-tugevdamiseks-self-2-1876\\\/\",\"url\":\"https:\\\/\\\/mybody5.ee.mybody.ee\\\/proov\\\/product\\\/vitamin-c-d3-zink-immuunsussusteemi-tugevdamiseks-self-2-1876\\\/\",\"name\":\"C-vitamiin immuunsuss\u00fcsteemi tugevdamiseks - SELF Sport Vitamin C - MyBody.ee - Toidulisandid ja sporditarvikud\",\"isPartOf\":{\"@id\":\"https:\\\/\\\/mybody5.ee.mybody.ee\\\/proov\\\/#website\"},\"primaryImageOfPage\":{\"@id\":\"https:\\\/\\\/mybody5.ee.mybody.ee\\\/proov\\\/product\\\/vitamin-c-d3-zink-immuunsussusteemi-tugevdamiseks-self-2-1876\\\/#primaryimage\"},\"image\":{\"@id\":\"https:\\\/\\\/mybody5.ee.mybody.ee\\\/proov\\\/product\\\/vitamin-c-d3-zink-immuunsussusteemi-tugevdamiseks-self-2-1876\\\/#primaryimage\"},\"thumbnailUrl\":\"https:\\\/\\\/mybody5.ee.mybody.ee\\\/proov\\\/wp-content\\\/uploads\\\/2023\\\/08\\\/Vitamin-C-D-Tsink.png\",\"datePublished\":\"2023-08-30T17:10:19+00:00\",\"dateModified\":\"2024-05-06T04:01:02+00:00\",\"description\":\"SELF Sport Vitamin C on magusainega toidulisand, millest lihtsasti valmib\",\"breadcrumb\":{\"@id\":\"https:\\\/\\\/mybody5.ee.mybody.ee\\\/proov\\\/product\\\/vitamin-c-d3-zink-immuunsussusteemi-tugevdamiseks-self-2-1876\\\/#breadcrumb\"},\"inLanguage\":\"et\",\"potentialAction\":[{\"@type\":\"ReadAction\",\"target\":[\"https:\\\/\\\/mybody5.ee.mybody.ee\\\/proov\\\/product\\\/vitamin-c-d3-zink-immuunsussusteemi-tugevdamiseks-self-2-1876\\\/\"]}]},{\"@type\":\"ImageObject\",\"inLanguage\":\"et\",\"@id\":\"https:\\\/\\\/mybody5.ee.mybody.ee\\\/proov\\\/product\\\/vitamin-c-d3-zink-immuunsussusteemi-tugevdamiseks-self-2-1876\\\/#primaryimage\",\"url\":\"https:\\\/\\\/mybody5.ee.mybody.ee\\\/proov\\\/wp-content\\\/uploads\\\/2023\\\/08\\\/Vitamin-C-D-Tsink.png\",\"contentUrl\":\"https:\\\/\\\/mybody5.ee.mybody.ee\\\/proov\\\/wp-content\\\/uploads\\\/2023\\\/08\\\/Vitamin-C-D-Tsink.png\",\"width\":182,\"height\":410},{\"@type\":\"BreadcrumbList\",\"@id\":\"https:\\\/\\\/mybody5.ee.mybody.ee\\\/proov\\\/product\\\/vitamin-c-d3-zink-immuunsussusteemi-tugevdamiseks-self-2-1876\\\/#breadcrumb\",\"itemListElement\":[{\"@type\":\"ListItem\",\"position\":1,\"name\":\"Home\",\"item\":\"https:\\\/\\\/mybody5.ee.mybody.ee\\\/proov\\\/\"},{\"@type\":\"ListItem\",\"position\":2,\"name\":\"Shop\",\"item\":\"https:\\\/\\\/mybody5.ee.mybody.ee\\\/proov\\\/shop\\\/\"},{\"@type\":\"ListItem\",\"position\":3,\"name\":\"Vitamin C, D3, Zink immuunsuss\u00fcsteemi tugevdamiseks &#8211; SELF\"}]},{\"@type\":\"WebSite\",\"@id\":\"https:\\\/\\\/mybody5.ee.mybody.ee\\\/proov\\\/#website\",\"url\":\"https:\\\/\\\/mybody5.ee.mybody.ee\\\/proov\\\/\",\"name\":\"MyBody.ee - Toidulisandid ja sporditarvikud\",\"description\":\"Just another WordPress site\",\"publisher\":{\"@id\":\"https:\\\/\\\/mybody5.ee.mybody.ee\\\/proov\\\/#organization\"},\"potentialAction\":[{\"@type\":\"SearchAction\",\"target\":{\"@type\":\"EntryPoint\",\"urlTemplate\":\"https:\\\/\\\/mybody5.ee.mybody.ee\\\/proov\\\/?s={search_term_string}\"},\"query-input\":{\"@type\":\"PropertyValueSpecification\",\"valueRequired\":true,\"valueName\":\"search_term_string\"}}],\"inLanguage\":\"et\"},{\"@type\":\"Organization\",\"@id\":\"https:\\\/\\\/mybody5.ee.mybody.ee\\\/proov\\\/#organization\",\"name\":\"MyBody.ee\",\"url\":\"https:\\\/\\\/mybody5.ee.mybody.ee\\\/proov\\\/\",\"logo\":{\"@type\":\"ImageObject\",\"inLanguage\":\"et\",\"@id\":\"https:\\\/\\\/mybody5.ee.mybody.ee\\\/proov\\\/#\\\/schema\\\/logo\\\/image\\\/\",\"url\":\"https:\\\/\\\/mybody5.ee.mybody.ee\\\/proov\\\/wp-content\\\/uploads\\\/2023\\\/11\\\/mybody_logo_h65-2.png\",\"contentUrl\":\"https:\\\/\\\/mybody5.ee.mybody.ee\\\/proov\\\/wp-content\\\/uploads\\\/2023\\\/11\\\/mybody_logo_h65-2.png\",\"width\":229,\"height\":65,\"caption\":\"MyBody.ee\"},\"image\":{\"@id\":\"https:\\\/\\\/mybody5.ee.mybody.ee\\\/proov\\\/#\\\/schema\\\/logo\\\/image\\\/\"},\"sameAs\":[\"https:\\\/\\\/facebook.com\\\/MyBody.ee\\\/\"]}]}<\/script>\n<!-- \/ Yoast SEO plugin. -->","yoast_head_json":{"title":"C-vitamiin immuunsuss\u00fcsteemi tugevdamiseks - SELF Sport Vitamin C - MyBody.ee - Toidulisandid ja sporditarvikud","description":"SELF Sport Vitamin C on magusainega toidulisand, millest lihtsasti valmib","robots":{"index":"index","follow":"follow","max-snippet":"max-snippet:-1","max-image-preview":"max-image-preview:large","max-video-preview":"max-video-preview:-1"},"canonical":"https:\/\/mybody5.ee.mybody.ee\/proov\/product\/vitamin-c-d3-zink-immuunsussusteemi-tugevdamiseks-self-2-1876\/","og_locale":"et_EE","og_type":"article","og_title":"C-vitamiin immuunsuss\u00fcsteemi tugevdamiseks - SELF Sport Vitamin C - MyBody.ee - Toidulisandid ja sporditarvikud","og_description":"SELF Sport Vitamin C on magusainega toidulisand, millest lihtsasti valmib","og_url":"https:\/\/mybody5.ee.mybody.ee\/proov\/product\/vitamin-c-d3-zink-immuunsussusteemi-tugevdamiseks-self-2-1876\/","og_site_name":"supplero","article_publisher":"https:\/\/facebook.com\/MyBody.ee\/","article_modified_time":"2024-05-06T04:01:02+00:00","og_image":[{"width":182,"height":410,"url":"https:\/\/mybody5.ee.mybody.ee\/proov\/wp-content\/uploads\/2023\/08\/Vitamin-C-D-Tsink.png","type":"image\/png"}],"twitter_card":"summary_large_image","twitter_misc":{"Est. reading time":"3 minutit"},"schema":{"@context":"https:\/\/schema.org","@graph":[{"@type":"WebPage","@id":"https:\/\/mybody5.ee.mybody.ee\/proov\/product\/vitamin-c-d3-zink-immuunsussusteemi-tugevdamiseks-self-2-1876\/","url":"https:\/\/mybody5.ee.mybody.ee\/proov\/product\/vitamin-c-d3-zink-immuunsussusteemi-tugevdamiseks-self-2-1876\/","name":"C-vitamiin immuunsuss\u00fcsteemi tugevdamiseks - SELF Sport Vitamin C - MyBody.ee - Toidulisandid ja sporditarvikud","isPartOf":{"@id":"https:\/\/mybody5.ee.mybody.ee\/proov\/#website"},"primaryImageOfPage":{"@id":"https:\/\/mybody5.ee.mybody.ee\/proov\/product\/vitamin-c-d3-zink-immuunsussusteemi-tugevdamiseks-self-2-1876\/#primaryimage"},"image":{"@id":"https:\/\/mybody5.ee.mybody.ee\/proov\/product\/vitamin-c-d3-zink-immuunsussusteemi-tugevdamiseks-self-2-1876\/#primaryimage"},"thumbnailUrl":"https:\/\/mybody5.ee.mybody.ee\/proov\/wp-content\/uploads\/2023\/08\/Vitamin-C-D-Tsink.png","datePublished":"2023-08-30T17:10:19+00:00","dateModified":"2024-05-06T04:01:02+00:00","description":"SELF Sport Vitamin C on magusainega toidulisand, millest lihtsasti valmib","breadcrumb":{"@id":"https:\/\/mybody5.ee.mybody.ee\/proov\/product\/vitamin-c-d3-zink-immuunsussusteemi-tugevdamiseks-self-2-1876\/#breadcrumb"},"inLanguage":"et","potentialAction":[{"@type":"ReadAction","target":["https:\/\/mybody5.ee.mybody.ee\/proov\/product\/vitamin-c-d3-zink-immuunsussusteemi-tugevdamiseks-self-2-1876\/"]}]},{"@type":"ImageObject","inLanguage":"et","@id":"https:\/\/mybody5.ee.mybody.ee\/proov\/product\/vitamin-c-d3-zink-immuunsussusteemi-tugevdamiseks-self-2-1876\/#primaryimage","url":"https:\/\/mybody5.ee.mybody.ee\/proov\/wp-content\/uploads\/2023\/08\/Vitamin-C-D-Tsink.png","contentUrl":"https:\/\/mybody5.ee.mybody.ee\/proov\/wp-content\/uploads\/2023\/08\/Vitamin-C-D-Tsink.png","width":182,"height":410},{"@type":"BreadcrumbList","@id":"https:\/\/mybody5.ee.mybody.ee\/proov\/product\/vitamin-c-d3-zink-immuunsussusteemi-tugevdamiseks-self-2-1876\/#breadcrumb","itemListElement":[{"@type":"ListItem","position":1,"name":"Home","item":"https:\/\/mybody5.ee.mybody.ee\/proov\/"},{"@type":"ListItem","position":2,"name":"Shop","item":"https:\/\/mybody5.ee.mybody.ee\/proov\/shop\/"},{"@type":"ListItem","position":3,"name":"Vitamin C, D3, Zink immuunsuss\u00fcsteemi tugevdamiseks &#8211; SELF"}]},{"@type":"WebSite","@id":"https:\/\/mybody5.ee.mybody.ee\/proov\/#website","url":"https:\/\/mybody5.ee.mybody.ee\/proov\/","name":"MyBody.ee - Toidulisandid ja sporditarvikud","description":"Just another WordPress site","publisher":{"@id":"https:\/\/mybody5.ee.mybody.ee\/proov\/#organization"},"potentialAction":[{"@type":"SearchAction","target":{"@type":"EntryPoint","urlTemplate":"https:\/\/mybody5.ee.mybody.ee\/proov\/?s={search_term_string}"},"query-input":{"@type":"PropertyValueSpecification","valueRequired":true,"valueName":"search_term_string"}}],"inLanguage":"et"},{"@type":"Organization","@id":"https:\/\/mybody5.ee.mybody.ee\/proov\/#organization","name":"MyBody.ee","url":"https:\/\/mybody5.ee.mybody.ee\/proov\/","logo":{"@type":"ImageObject","inLanguage":"et","@id":"https:\/\/mybody5.ee.mybody.ee\/proov\/#\/schema\/logo\/image\/","url":"https:\/\/mybody5.ee.mybody.ee\/proov\/wp-content\/uploads\/2023\/11\/mybody_logo_h65-2.png","contentUrl":"https:\/\/mybody5.ee.mybody.ee\/proov\/wp-content\/uploads\/2023\/11\/mybody_logo_h65-2.png","width":229,"height":65,"caption":"MyBody.ee"},"image":{"@id":"https:\/\/mybody5.ee.mybody.ee\/proov\/#\/schema\/logo\/image\/"},"sameAs":["https:\/\/facebook.com\/MyBody.ee\/"]}]}},"_links":{"self":[{"href":"https:\/\/mybody5.ee.mybody.ee\/proov\/wp-json\/wp\/v2\/product\/1067","targetHints":{"allow":["GET"]}}],"collection":[{"href":"https:\/\/mybody5.ee.mybody.ee\/proov\/wp-json\/wp\/v2\/product"}],"about":[{"href":"https:\/\/mybody5.ee.mybody.ee\/proov\/wp-json\/wp\/v2\/types\/product"}],"replies":[{"embeddable":true,"href":"https:\/\/mybody5.ee.mybody.ee\/proov\/wp-json\/wp\/v2\/comments?post=1067"}],"wp:featuredmedia":[{"embeddable":true,"href":"https:\/\/mybody5.ee.mybody.ee\/proov\/wp-json\/wp\/v2\/media\/10064"}],"wp:attachment":[{"href":"https:\/\/mybody5.ee.mybody.ee\/proov\/wp-json\/wp\/v2\/media?parent=1067"}],"wp:term":[{"taxonomy":"product_cat","embeddable":true,"href":"https:\/\/mybody5.ee.mybody.ee\/proov\/wp-json\/wp\/v2\/product_cat?post=1067"},{"taxonomy":"product_tag","embeddable":true,"href":"https:\/\/mybody5.ee.mybody.ee\/proov\/wp-json\/wp\/v2\/product_tag?post=1067"}],"curies":[{"name":"wp","href":"https:\/\/api.w.org\/{rel}","templated":true}]}}