{"id":140,"date":"2019-12-09T22:25:37","date_gmt":"2019-12-09T22:25:37","guid":{"rendered":"https:\/\/mybody5.ee.mybody.ee\/proov\/product\/better-bodies-basic-gym-gloves-jousaalikindad\/"},"modified":"2019-12-09T22:25:37","modified_gmt":"2019-12-09T22:25:37","slug":"better-bodies-basic-gym-gloves-jousaalikindad","status":"publish","type":"product","link":"https:\/\/mybody5.ee.mybody.ee\/proov\/product\/better-bodies-basic-gym-gloves-jousaalikindad\/","title":{"rendered":"Better Bodies Basic Gym Gloves &#8211;  j\u00f5usaalikindad"},"content":{"rendered":"<p>Better Bodies j&otilde;usaalikindad on v&auml;ga kvaliteetsest materjalist, vastupidavad, <span style=\"line-height: 20.7999992370605px;\">Better Bodies&#39;e&nbsp;<\/span>ilusa disaini ja logoga<\/p>\n<h3>V&auml;rv: m<span style=\"font-size:12px;\"><span style=\"font-family: arial,helvetica,sans-serif;\">ust<\/span><\/span><\/h3>\n<h3>Suurus: <span style=\"font-size:12px;\"><span style=\"font-family: arial,helvetica,sans-serif;\">M-XL<\/span><\/span><\/h3>\n<p>Valik kindaid saadaval MYBODY Audentese kaupluses. Sobiva suuruse puudumisel&nbsp;saada kiri info@mybody.ee<\/p>\n<p><strong>Kinda ostmisel toimi nii: m&otilde;&otilde;da enda k&auml;elaba &uuml;mberm&otilde;&otilde;t just k&otilde;ige laiemast kohast. Nii saad suurusele vastava &uuml;mberm&otilde;&otilde;du.<\/strong><\/p>\n<p><strong>Kindasuurused:<\/strong><br \/> S &#8211; 19-20cm<br \/> M &#8211; 20-21cm<br \/> L &#8211; 21-22cm<br \/> XL &#8211; 22-23cm<br \/> XXL &#8211; 23-24cm<\/p>\n<p><img decoding=\"async\" alt=\"\" src=\"http:\/\/www.fitness.ee\/files\/pictures\/images_news\/5400\/5421_thumb.jpg\" \/><\/p>\n<h3>Konsultatsioon<\/h3>\n<ul>\n<li><span style=\"font-size:12px;\">Oled oodatud tasuta konsultatsioonile MYBODY Audentese kauplusesse,<\/span><\/li>\n<li><span style=\"font-size:12px;\">Asukoht: Audentese Spordikeskus, Tondi 84.<\/span><\/li>\n<li><span style=\"font-size:12px;\">Telefon EST\/RUS\/ENG +372&nbsp;523 1960<\/span><\/li>\n<li><span style=\"font-size:12px;\">Telefon EST\/ENG +372 56&nbsp;458&nbsp;688<\/span><\/li>\n<li><span style=\"font-size:12px;\"><a href=\"mailto:info@mybody.ee\">info@mybody.ee<\/a><\/span><\/li>\n<li><span style=\"font-size:12px;\"><a href=\"http:\/\/www.facebook.com\/mybody.ee\">www.facebook.com\/mybody.ee<\/a><\/span><\/li>\n<\/ul>\n<div class=\"fb_reset\" id=\"fb-root\">\n<div style=\"position: absolute; top: -10000px; height: 0px; width: 0px;\">\n<div>&nbsp;<\/div>\n<\/p><\/div>\n<div style=\"position: absolute; top: -10000px; height: 0px; width: 0px;\">\n<div>&nbsp;<\/div>\n<\/p><\/div>\n<\/p><\/div>\n<div class=\"fb-comments fb_iframe_widget\" data-colorscheme=\"light\" data-href=\"http:\/\/pood.mybody.ee\/better-bodies-leather-straps-nahast-tosterihmad-haarde-parandamiseks\" data-num-posts=\"2\" data-width=\"1180\">\n<div class=\"fb_reset\" id=\"fb-root\">\n<div style=\"position: absolute; top: -10000px; height: 0px; width: 0px;\">\n<div><span style=\"font-size:12px;\">Konsultatsioon<\/span><\/div>\n<\/p><\/div>\n<\/p><\/div>\n<\/p><\/div>\n<div style=\"margin: 0px; padding: 0px; color: rgb(0, 0, 0); font-family: arial, helvetica, clean, sans-serif; font-size: 13px; font-style: normal; font-variant: normal; font-weight: normal; letter-spacing: normal; line-height: 16px; orphans: auto; text-align: left; text-indent: 0px; text-transform: none; white-space: normal; widows: auto; word-spacing: 0px; -webkit-text-stroke-width: 0px; background-color: rgb(255, 255, 255);\"> &nbsp;<\/div>\n<ul> <\/ul>\n","protected":false},"excerpt":{"rendered":"<p>Better Bodies j&otilde;usaalikindad on v&auml;ga kvaliteetsest materjalist, vastupidavad, Better Bodies&#39;e&nbsp;ilusa disaini ja logoga V&auml;rv: must Suurus: M-XL Valik kindaid saadaval MYBODY Audentese kaupluses. Sobiva suuruse puudumisel&nbsp;saada kiri info@mybody.ee Kinda ostmisel toimi nii: m&otilde;&otilde;da enda k&auml;elaba &uuml;mberm&otilde;&otilde;t just k&otilde;ige laiemast kohast. Nii saad suurusele vastava &uuml;mberm&otilde;&otilde;du. Kindasuurused: S &#8211; 19-20cm M &#8211; 20-21cm L &#8211; 21-22cm [&hellip;]<\/p>\n","protected":false},"featured_media":139,"comment_status":"open","ping_status":"closed","template":"","meta":{"inline_featured_image":false},"product_cat":[33,67],"product_tag":[],"class_list":{"0":"post-140","1":"product","2":"type-product","3":"status-publish","4":"has-post-thumbnail","6":"product_cat-kindad","7":"product_cat-tarvikud","8":"pa_suurus-suurusl","9":"pa_suurus-suurusm","10":"pa_suurus-suuruss","11":"pa_suurus-suurusxl","13":"first","14":"instock","15":"shipping-taxable","16":"purchasable","17":"product-type-variable"},"yoast_head":"<!-- This site is optimized with the Yoast SEO plugin v27.3 - https:\/\/yoast.com\/product\/yoast-seo-wordpress\/ -->\n<title>Better Bodies Basic Gym Gloves - j\u00f5usaalikindad - MyBody.ee - Toidulisandid ja sporditarvikud<\/title>\n<meta name=\"description\" content=\"Better Bodies j\u00f5usaalikindad on v\u00e4ga kvaliteetsest materjalist, vastupidavad\" \/>\n<meta name=\"robots\" content=\"index, follow, max-snippet:-1, max-image-preview:large, max-video-preview:-1\" \/>\n<link rel=\"canonical\" href=\"https:\/\/mybody5.ee.mybody.ee\/proov\/product\/better-bodies-basic-gym-gloves-jousaalikindad\/\" \/>\n<meta property=\"og:locale\" content=\"et_EE\" \/>\n<meta property=\"og:type\" content=\"article\" \/>\n<meta property=\"og:title\" content=\"Better Bodies Basic Gym Gloves - j\u00f5usaalikindad - MyBody.ee - Toidulisandid ja sporditarvikud\" \/>\n<meta property=\"og:description\" content=\"Better Bodies j\u00f5usaalikindad on v\u00e4ga kvaliteetsest materjalist, vastupidavad\" \/>\n<meta property=\"og:url\" content=\"https:\/\/mybody5.ee.mybody.ee\/proov\/product\/better-bodies-basic-gym-gloves-jousaalikindad\/\" \/>\n<meta property=\"og:site_name\" content=\"supplero\" \/>\n<meta property=\"article:publisher\" content=\"https:\/\/facebook.com\/MyBody.ee\/\" \/>\n<meta property=\"og:image\" content=\"https:\/\/mybody5.ee.mybody.ee\/proov\/wp-content\/uploads\/2019\/12\/better-bodies-basic-gym-gloves-470.jpg\" \/>\n\t<meta property=\"og:image:width\" content=\"560\" \/>\n\t<meta property=\"og:image:height\" content=\"560\" \/>\n\t<meta property=\"og:image:type\" content=\"image\/jpeg\" \/>\n<meta name=\"twitter:card\" content=\"summary_large_image\" \/>\n<meta name=\"twitter:label1\" content=\"Est. reading time\" \/>\n\t<meta name=\"twitter:data1\" content=\"1 minut\" \/>\n<script type=\"application\/ld+json\" class=\"yoast-schema-graph\">{\"@context\":\"https:\\\/\\\/schema.org\",\"@graph\":[{\"@type\":\"WebPage\",\"@id\":\"https:\\\/\\\/mybody5.ee.mybody.ee\\\/proov\\\/product\\\/better-bodies-basic-gym-gloves-jousaalikindad\\\/\",\"url\":\"https:\\\/\\\/mybody5.ee.mybody.ee\\\/proov\\\/product\\\/better-bodies-basic-gym-gloves-jousaalikindad\\\/\",\"name\":\"Better Bodies Basic Gym Gloves - j\u00f5usaalikindad - MyBody.ee - Toidulisandid ja sporditarvikud\",\"isPartOf\":{\"@id\":\"https:\\\/\\\/mybody5.ee.mybody.ee\\\/proov\\\/#website\"},\"primaryImageOfPage\":{\"@id\":\"https:\\\/\\\/mybody5.ee.mybody.ee\\\/proov\\\/product\\\/better-bodies-basic-gym-gloves-jousaalikindad\\\/#primaryimage\"},\"image\":{\"@id\":\"https:\\\/\\\/mybody5.ee.mybody.ee\\\/proov\\\/product\\\/better-bodies-basic-gym-gloves-jousaalikindad\\\/#primaryimage\"},\"thumbnailUrl\":\"https:\\\/\\\/mybody5.ee.mybody.ee\\\/proov\\\/wp-content\\\/uploads\\\/2019\\\/12\\\/better-bodies-basic-gym-gloves-470.jpg\",\"datePublished\":\"2019-12-09T22:25:37+00:00\",\"description\":\"Better Bodies j\u00f5usaalikindad on v\u00e4ga kvaliteetsest materjalist, vastupidavad\",\"breadcrumb\":{\"@id\":\"https:\\\/\\\/mybody5.ee.mybody.ee\\\/proov\\\/product\\\/better-bodies-basic-gym-gloves-jousaalikindad\\\/#breadcrumb\"},\"inLanguage\":\"et\",\"potentialAction\":[{\"@type\":\"ReadAction\",\"target\":[\"https:\\\/\\\/mybody5.ee.mybody.ee\\\/proov\\\/product\\\/better-bodies-basic-gym-gloves-jousaalikindad\\\/\"]}]},{\"@type\":\"ImageObject\",\"inLanguage\":\"et\",\"@id\":\"https:\\\/\\\/mybody5.ee.mybody.ee\\\/proov\\\/product\\\/better-bodies-basic-gym-gloves-jousaalikindad\\\/#primaryimage\",\"url\":\"https:\\\/\\\/mybody5.ee.mybody.ee\\\/proov\\\/wp-content\\\/uploads\\\/2019\\\/12\\\/better-bodies-basic-gym-gloves-470.jpg\",\"contentUrl\":\"https:\\\/\\\/mybody5.ee.mybody.ee\\\/proov\\\/wp-content\\\/uploads\\\/2019\\\/12\\\/better-bodies-basic-gym-gloves-470.jpg\",\"width\":560,\"height\":560,\"caption\":\"Better Bodies Basic Gym Gloves - j\u00f5usaalikindad\"},{\"@type\":\"BreadcrumbList\",\"@id\":\"https:\\\/\\\/mybody5.ee.mybody.ee\\\/proov\\\/product\\\/better-bodies-basic-gym-gloves-jousaalikindad\\\/#breadcrumb\",\"itemListElement\":[{\"@type\":\"ListItem\",\"position\":1,\"name\":\"Home\",\"item\":\"https:\\\/\\\/mybody5.ee.mybody.ee\\\/proov\\\/\"},{\"@type\":\"ListItem\",\"position\":2,\"name\":\"Shop\",\"item\":\"https:\\\/\\\/mybody5.ee.mybody.ee\\\/proov\\\/shop\\\/\"},{\"@type\":\"ListItem\",\"position\":3,\"name\":\"Better Bodies Basic Gym Gloves &#8211; j\u00f5usaalikindad\"}]},{\"@type\":\"WebSite\",\"@id\":\"https:\\\/\\\/mybody5.ee.mybody.ee\\\/proov\\\/#website\",\"url\":\"https:\\\/\\\/mybody5.ee.mybody.ee\\\/proov\\\/\",\"name\":\"MyBody.ee - Toidulisandid ja sporditarvikud\",\"description\":\"Just another WordPress site\",\"publisher\":{\"@id\":\"https:\\\/\\\/mybody5.ee.mybody.ee\\\/proov\\\/#organization\"},\"potentialAction\":[{\"@type\":\"SearchAction\",\"target\":{\"@type\":\"EntryPoint\",\"urlTemplate\":\"https:\\\/\\\/mybody5.ee.mybody.ee\\\/proov\\\/?s={search_term_string}\"},\"query-input\":{\"@type\":\"PropertyValueSpecification\",\"valueRequired\":true,\"valueName\":\"search_term_string\"}}],\"inLanguage\":\"et\"},{\"@type\":\"Organization\",\"@id\":\"https:\\\/\\\/mybody5.ee.mybody.ee\\\/proov\\\/#organization\",\"name\":\"MyBody.ee\",\"url\":\"https:\\\/\\\/mybody5.ee.mybody.ee\\\/proov\\\/\",\"logo\":{\"@type\":\"ImageObject\",\"inLanguage\":\"et\",\"@id\":\"https:\\\/\\\/mybody5.ee.mybody.ee\\\/proov\\\/#\\\/schema\\\/logo\\\/image\\\/\",\"url\":\"https:\\\/\\\/mybody5.ee.mybody.ee\\\/proov\\\/wp-content\\\/uploads\\\/2023\\\/11\\\/mybody_logo_h65-2.png\",\"contentUrl\":\"https:\\\/\\\/mybody5.ee.mybody.ee\\\/proov\\\/wp-content\\\/uploads\\\/2023\\\/11\\\/mybody_logo_h65-2.png\",\"width\":229,\"height\":65,\"caption\":\"MyBody.ee\"},\"image\":{\"@id\":\"https:\\\/\\\/mybody5.ee.mybody.ee\\\/proov\\\/#\\\/schema\\\/logo\\\/image\\\/\"},\"sameAs\":[\"https:\\\/\\\/facebook.com\\\/MyBody.ee\\\/\"]}]}<\/script>\n<!-- \/ Yoast SEO plugin. -->","yoast_head_json":{"title":"Better Bodies Basic Gym Gloves - j\u00f5usaalikindad - MyBody.ee - Toidulisandid ja sporditarvikud","description":"Better Bodies j\u00f5usaalikindad on v\u00e4ga kvaliteetsest materjalist, vastupidavad","robots":{"index":"index","follow":"follow","max-snippet":"max-snippet:-1","max-image-preview":"max-image-preview:large","max-video-preview":"max-video-preview:-1"},"canonical":"https:\/\/mybody5.ee.mybody.ee\/proov\/product\/better-bodies-basic-gym-gloves-jousaalikindad\/","og_locale":"et_EE","og_type":"article","og_title":"Better Bodies Basic Gym Gloves - j\u00f5usaalikindad - MyBody.ee - Toidulisandid ja sporditarvikud","og_description":"Better Bodies j\u00f5usaalikindad on v\u00e4ga kvaliteetsest materjalist, vastupidavad","og_url":"https:\/\/mybody5.ee.mybody.ee\/proov\/product\/better-bodies-basic-gym-gloves-jousaalikindad\/","og_site_name":"supplero","article_publisher":"https:\/\/facebook.com\/MyBody.ee\/","og_image":[{"width":560,"height":560,"url":"https:\/\/mybody5.ee.mybody.ee\/proov\/wp-content\/uploads\/2019\/12\/better-bodies-basic-gym-gloves-470.jpg","type":"image\/jpeg"}],"twitter_card":"summary_large_image","twitter_misc":{"Est. reading time":"1 minut"},"schema":{"@context":"https:\/\/schema.org","@graph":[{"@type":"WebPage","@id":"https:\/\/mybody5.ee.mybody.ee\/proov\/product\/better-bodies-basic-gym-gloves-jousaalikindad\/","url":"https:\/\/mybody5.ee.mybody.ee\/proov\/product\/better-bodies-basic-gym-gloves-jousaalikindad\/","name":"Better Bodies Basic Gym Gloves - j\u00f5usaalikindad - MyBody.ee - Toidulisandid ja sporditarvikud","isPartOf":{"@id":"https:\/\/mybody5.ee.mybody.ee\/proov\/#website"},"primaryImageOfPage":{"@id":"https:\/\/mybody5.ee.mybody.ee\/proov\/product\/better-bodies-basic-gym-gloves-jousaalikindad\/#primaryimage"},"image":{"@id":"https:\/\/mybody5.ee.mybody.ee\/proov\/product\/better-bodies-basic-gym-gloves-jousaalikindad\/#primaryimage"},"thumbnailUrl":"https:\/\/mybody5.ee.mybody.ee\/proov\/wp-content\/uploads\/2019\/12\/better-bodies-basic-gym-gloves-470.jpg","datePublished":"2019-12-09T22:25:37+00:00","description":"Better Bodies j\u00f5usaalikindad on v\u00e4ga kvaliteetsest materjalist, vastupidavad","breadcrumb":{"@id":"https:\/\/mybody5.ee.mybody.ee\/proov\/product\/better-bodies-basic-gym-gloves-jousaalikindad\/#breadcrumb"},"inLanguage":"et","potentialAction":[{"@type":"ReadAction","target":["https:\/\/mybody5.ee.mybody.ee\/proov\/product\/better-bodies-basic-gym-gloves-jousaalikindad\/"]}]},{"@type":"ImageObject","inLanguage":"et","@id":"https:\/\/mybody5.ee.mybody.ee\/proov\/product\/better-bodies-basic-gym-gloves-jousaalikindad\/#primaryimage","url":"https:\/\/mybody5.ee.mybody.ee\/proov\/wp-content\/uploads\/2019\/12\/better-bodies-basic-gym-gloves-470.jpg","contentUrl":"https:\/\/mybody5.ee.mybody.ee\/proov\/wp-content\/uploads\/2019\/12\/better-bodies-basic-gym-gloves-470.jpg","width":560,"height":560,"caption":"Better Bodies Basic Gym Gloves - j\u00f5usaalikindad"},{"@type":"BreadcrumbList","@id":"https:\/\/mybody5.ee.mybody.ee\/proov\/product\/better-bodies-basic-gym-gloves-jousaalikindad\/#breadcrumb","itemListElement":[{"@type":"ListItem","position":1,"name":"Home","item":"https:\/\/mybody5.ee.mybody.ee\/proov\/"},{"@type":"ListItem","position":2,"name":"Shop","item":"https:\/\/mybody5.ee.mybody.ee\/proov\/shop\/"},{"@type":"ListItem","position":3,"name":"Better Bodies Basic Gym Gloves &#8211; j\u00f5usaalikindad"}]},{"@type":"WebSite","@id":"https:\/\/mybody5.ee.mybody.ee\/proov\/#website","url":"https:\/\/mybody5.ee.mybody.ee\/proov\/","name":"MyBody.ee - Toidulisandid ja sporditarvikud","description":"Just another WordPress site","publisher":{"@id":"https:\/\/mybody5.ee.mybody.ee\/proov\/#organization"},"potentialAction":[{"@type":"SearchAction","target":{"@type":"EntryPoint","urlTemplate":"https:\/\/mybody5.ee.mybody.ee\/proov\/?s={search_term_string}"},"query-input":{"@type":"PropertyValueSpecification","valueRequired":true,"valueName":"search_term_string"}}],"inLanguage":"et"},{"@type":"Organization","@id":"https:\/\/mybody5.ee.mybody.ee\/proov\/#organization","name":"MyBody.ee","url":"https:\/\/mybody5.ee.mybody.ee\/proov\/","logo":{"@type":"ImageObject","inLanguage":"et","@id":"https:\/\/mybody5.ee.mybody.ee\/proov\/#\/schema\/logo\/image\/","url":"https:\/\/mybody5.ee.mybody.ee\/proov\/wp-content\/uploads\/2023\/11\/mybody_logo_h65-2.png","contentUrl":"https:\/\/mybody5.ee.mybody.ee\/proov\/wp-content\/uploads\/2023\/11\/mybody_logo_h65-2.png","width":229,"height":65,"caption":"MyBody.ee"},"image":{"@id":"https:\/\/mybody5.ee.mybody.ee\/proov\/#\/schema\/logo\/image\/"},"sameAs":["https:\/\/facebook.com\/MyBody.ee\/"]}]}},"_links":{"self":[{"href":"https:\/\/mybody5.ee.mybody.ee\/proov\/wp-json\/wp\/v2\/product\/140","targetHints":{"allow":["GET"]}}],"collection":[{"href":"https:\/\/mybody5.ee.mybody.ee\/proov\/wp-json\/wp\/v2\/product"}],"about":[{"href":"https:\/\/mybody5.ee.mybody.ee\/proov\/wp-json\/wp\/v2\/types\/product"}],"replies":[{"embeddable":true,"href":"https:\/\/mybody5.ee.mybody.ee\/proov\/wp-json\/wp\/v2\/comments?post=140"}],"wp:featuredmedia":[{"embeddable":true,"href":"https:\/\/mybody5.ee.mybody.ee\/proov\/wp-json\/wp\/v2\/media\/139"}],"wp:attachment":[{"href":"https:\/\/mybody5.ee.mybody.ee\/proov\/wp-json\/wp\/v2\/media?parent=140"}],"wp:term":[{"taxonomy":"product_cat","embeddable":true,"href":"https:\/\/mybody5.ee.mybody.ee\/proov\/wp-json\/wp\/v2\/product_cat?post=140"},{"taxonomy":"product_tag","embeddable":true,"href":"https:\/\/mybody5.ee.mybody.ee\/proov\/wp-json\/wp\/v2\/product_tag?post=140"}],"curies":[{"name":"wp","href":"https:\/\/api.w.org\/{rel}","templated":true}]}}