{"id":201,"date":"2019-12-09T22:25:39","date_gmt":"2019-12-09T22:25:39","guid":{"rendered":"https:\/\/mybody5.ee.mybody.ee\/proov\/product\/self-jousaalivoo-universaalne-jousaalivoo\/"},"modified":"2019-12-09T22:25:39","modified_gmt":"2019-12-09T22:25:39","slug":"self-jousaalivoo-universaalne-jousaalivoo","status":"publish","type":"product","link":"https:\/\/mybody5.ee.mybody.ee\/proov\/product\/self-jousaalivoo-universaalne-jousaalivoo\/","title":{"rendered":"SELF J\u00f5usaaliv\u00f6\u00f6 &#8211; universaalne j\u00f5usaaliv\u00f6\u00f6"},"content":{"rendered":"<p>Spetsiaalselt j&otilde;usaalitreeninguteks kohandatud t&otilde;stev&ouml;&ouml;, mis aitab ennetada ja v&auml;ltida suure koormusega kaasneda v&otilde;ivaid vigastusi. Vajalik eelk&otilde;ige k&uuml;kkidel, j&otilde;ut&otilde;mmetel, kuid mugava kuju t&otilde;ttu saab kasutada ka teisi harjutusi sooritades. Toestab selga ja stabiliseerib keret, mis v&otilde;imaldab treeningutel kasutada suuremaid raskusi ja edukalt treenida ka neil, kel on esinenud m&otilde;ni vigastus. Saadaval musta v&auml;rvi, mille peal on SELF logo.<\/p>\n<ul>\n<li>Universaalne j&otilde;usaaliv&ouml;&ouml;<\/li>\n<li>Toestab selga<\/li>\n<li>Aitab ennetada vigastusi<\/li>\n<\/ul>\n<h3>Kellele?<\/h3>\n<p>K&otilde;igile j&otilde;usaalis treenijatele, kes vajavad universaalset j&otilde;usaaliv&ouml;&ouml;d, et toestada selga, ennetada vigastusi ja kasutada suuremaid raskusi.<\/p>\n<h3>Kasutamine<\/h3>\n<p>Seeria ajaks t&otilde;mmata v&ouml;&ouml; tugevalt &uuml;mber kere, seeria l&otilde;ppedes vabastada. Raskused ja harjutused, mille puhul v&ouml;&ouml;d&nbsp;kasutada, s&otilde;ltuvad vajadusest, kuid kindlasti kasutada j&otilde;usaaliv&ouml;&ouml;d maksimaalsetel pingutustel (rekordkatsetel).<\/p>\n<h3>V&auml;rv: <span style=\"font-size:12px;\"><span style=\"font-family:arial,helvetica,sans-serif;\">Must sinise kirjaga<\/span><\/span><\/h3>\n<h3>Suurused: <span style=\"font-size:12px;\"><span style=\"font-family:arial,helvetica,sans-serif;\">S-XL<\/span><\/span><\/h3>\n<p>XL pikkus 92-115 cm<\/p>\n<p>L pikkus 82-105 cm<\/p>\n<p>M pikkus 72-95 cm<\/p>\n<p>S pikkus 62-85&nbsp;cm<\/p>\n<p>Konsultatsioon<\/p>\n<ul>\n<li><span style=\"font-size:12px;\">Oled oodatud tasuta konsultatsioonile MYBODY Audentese kauplusesse,<\/span><\/li>\n<li><span style=\"font-size:12px;\">Asukoht: Audentese Spordikeskus, Tondi 84.<\/span><\/li>\n<li><span style=\"font-size:12px;\">Telefon EST\/RUS\/ENG +372&nbsp;523 1960<\/span><\/li>\n<li><span style=\"font-size:12px;\">Telefon EST\/ENG +372 56&nbsp;458&nbsp;688<\/span><\/li>\n<li><span style=\"font-size:12px;\"><a href=\"mailto:info@mybody.ee\">info@mybody.ee<\/a><\/span><\/li>\n<li><span style=\"font-size:12px;\"><a href=\"http:\/\/www.facebook.com\/mybody.ee\">www.facebook.com\/mybody.ee<\/a><\/span><\/li>\n<\/ul>\n","protected":false},"excerpt":{"rendered":"<p>Spetsiaalselt j&otilde;usaalitreeninguteks kohandatud t&otilde;stev&ouml;&ouml;, mis aitab ennetada ja v&auml;ltida suure koormusega kaasneda v&otilde;ivaid vigastusi. Vajalik eelk&otilde;ige k&uuml;kkidel, j&otilde;ut&otilde;mmetel, kuid mugava kuju t&otilde;ttu saab kasutada ka teisi harjutusi sooritades. Toestab selga ja stabiliseerib keret, mis v&otilde;imaldab treeningutel kasutada suuremaid raskusi ja edukalt treenida ka neil, kel on esinenud m&otilde;ni vigastus. Saadaval musta v&auml;rvi, mille peal on [&hellip;]<\/p>\n","protected":false},"featured_media":200,"comment_status":"open","ping_status":"closed","template":"","meta":{"inline_featured_image":false},"product_cat":[67,57],"product_tag":[],"class_list":{"0":"post-201","1":"product","2":"type-product","3":"status-publish","4":"has-post-thumbnail","6":"product_cat-tarvikud","7":"product_cat-vood-rihmad","8":"pa_suurus-suurusl","9":"pa_suurus-suurusm","10":"pa_suurus-suuruss","11":"pa_suurus-suurusxl","13":"first","14":"instock","15":"shipping-taxable","16":"purchasable","17":"product-type-variable"},"yoast_head":"<!-- This site is optimized with the Yoast SEO plugin v27.3 - https:\/\/yoast.com\/product\/yoast-seo-wordpress\/ -->\n<title>SELF J\u00f5usaaliv\u00f6\u00f6 - universaalne j\u00f5usaaliv\u00f6\u00f6 - MyBody.ee - Toidulisandid ja sporditarvikud<\/title>\n<meta name=\"description\" content=\"Spetsiaalselt j&otilde;usaalitreeninguteks kohandatud t&otilde;stev&ouml;&ouml;, mis aitab ennetada\" \/>\n<meta name=\"robots\" content=\"index, follow, max-snippet:-1, max-image-preview:large, max-video-preview:-1\" \/>\n<link rel=\"canonical\" href=\"https:\/\/mybody5.ee.mybody.ee\/proov\/product\/self-jousaalivoo-universaalne-jousaalivoo\/\" \/>\n<meta property=\"og:locale\" content=\"et_EE\" \/>\n<meta property=\"og:type\" content=\"article\" \/>\n<meta property=\"og:title\" content=\"SELF J\u00f5usaaliv\u00f6\u00f6 - universaalne j\u00f5usaaliv\u00f6\u00f6 - MyBody.ee - Toidulisandid ja sporditarvikud\" \/>\n<meta property=\"og:description\" content=\"Spetsiaalselt j&otilde;usaalitreeninguteks kohandatud t&otilde;stev&ouml;&ouml;, mis aitab ennetada\" \/>\n<meta property=\"og:url\" content=\"https:\/\/mybody5.ee.mybody.ee\/proov\/product\/self-jousaalivoo-universaalne-jousaalivoo\/\" \/>\n<meta property=\"og:site_name\" content=\"supplero\" \/>\n<meta property=\"article:publisher\" content=\"https:\/\/facebook.com\/MyBody.ee\/\" \/>\n<meta property=\"og:image\" content=\"https:\/\/mybody5.ee.mybody.ee\/proov\/wp-content\/uploads\/2019\/12\/belt1.png\" \/>\n\t<meta property=\"og:image:width\" content=\"400\" \/>\n\t<meta property=\"og:image:height\" content=\"416\" \/>\n\t<meta property=\"og:image:type\" content=\"image\/png\" \/>\n<meta name=\"twitter:card\" content=\"summary_large_image\" \/>\n<meta name=\"twitter:label1\" content=\"Est. reading time\" \/>\n\t<meta name=\"twitter:data1\" content=\"1 minut\" \/>\n<script type=\"application\/ld+json\" class=\"yoast-schema-graph\">{\"@context\":\"https:\\\/\\\/schema.org\",\"@graph\":[{\"@type\":\"WebPage\",\"@id\":\"https:\\\/\\\/mybody5.ee.mybody.ee\\\/proov\\\/product\\\/self-jousaalivoo-universaalne-jousaalivoo\\\/\",\"url\":\"https:\\\/\\\/mybody5.ee.mybody.ee\\\/proov\\\/product\\\/self-jousaalivoo-universaalne-jousaalivoo\\\/\",\"name\":\"SELF J\u00f5usaaliv\u00f6\u00f6 - universaalne j\u00f5usaaliv\u00f6\u00f6 - MyBody.ee - Toidulisandid ja sporditarvikud\",\"isPartOf\":{\"@id\":\"https:\\\/\\\/mybody5.ee.mybody.ee\\\/proov\\\/#website\"},\"primaryImageOfPage\":{\"@id\":\"https:\\\/\\\/mybody5.ee.mybody.ee\\\/proov\\\/product\\\/self-jousaalivoo-universaalne-jousaalivoo\\\/#primaryimage\"},\"image\":{\"@id\":\"https:\\\/\\\/mybody5.ee.mybody.ee\\\/proov\\\/product\\\/self-jousaalivoo-universaalne-jousaalivoo\\\/#primaryimage\"},\"thumbnailUrl\":\"https:\\\/\\\/mybody5.ee.mybody.ee\\\/proov\\\/wp-content\\\/uploads\\\/2019\\\/12\\\/belt1.png\",\"datePublished\":\"2019-12-09T22:25:39+00:00\",\"description\":\"Spetsiaalselt j&otilde;usaalitreeninguteks kohandatud t&otilde;stev&ouml;&ouml;, mis aitab ennetada\",\"breadcrumb\":{\"@id\":\"https:\\\/\\\/mybody5.ee.mybody.ee\\\/proov\\\/product\\\/self-jousaalivoo-universaalne-jousaalivoo\\\/#breadcrumb\"},\"inLanguage\":\"et\",\"potentialAction\":[{\"@type\":\"ReadAction\",\"target\":[\"https:\\\/\\\/mybody5.ee.mybody.ee\\\/proov\\\/product\\\/self-jousaalivoo-universaalne-jousaalivoo\\\/\"]}]},{\"@type\":\"ImageObject\",\"inLanguage\":\"et\",\"@id\":\"https:\\\/\\\/mybody5.ee.mybody.ee\\\/proov\\\/product\\\/self-jousaalivoo-universaalne-jousaalivoo\\\/#primaryimage\",\"url\":\"https:\\\/\\\/mybody5.ee.mybody.ee\\\/proov\\\/wp-content\\\/uploads\\\/2019\\\/12\\\/belt1.png\",\"contentUrl\":\"https:\\\/\\\/mybody5.ee.mybody.ee\\\/proov\\\/wp-content\\\/uploads\\\/2019\\\/12\\\/belt1.png\",\"width\":400,\"height\":416,\"caption\":\"SELF J\u00f5usaaliv\u00f6\u00f6 - universaalne j\u00f5usaaliv\u00f6\u00f6\"},{\"@type\":\"BreadcrumbList\",\"@id\":\"https:\\\/\\\/mybody5.ee.mybody.ee\\\/proov\\\/product\\\/self-jousaalivoo-universaalne-jousaalivoo\\\/#breadcrumb\",\"itemListElement\":[{\"@type\":\"ListItem\",\"position\":1,\"name\":\"Home\",\"item\":\"https:\\\/\\\/mybody5.ee.mybody.ee\\\/proov\\\/\"},{\"@type\":\"ListItem\",\"position\":2,\"name\":\"Shop\",\"item\":\"https:\\\/\\\/mybody5.ee.mybody.ee\\\/proov\\\/shop\\\/\"},{\"@type\":\"ListItem\",\"position\":3,\"name\":\"SELF J\u00f5usaaliv\u00f6\u00f6 &#8211; universaalne j\u00f5usaaliv\u00f6\u00f6\"}]},{\"@type\":\"WebSite\",\"@id\":\"https:\\\/\\\/mybody5.ee.mybody.ee\\\/proov\\\/#website\",\"url\":\"https:\\\/\\\/mybody5.ee.mybody.ee\\\/proov\\\/\",\"name\":\"MyBody.ee - Toidulisandid ja sporditarvikud\",\"description\":\"Just another WordPress site\",\"publisher\":{\"@id\":\"https:\\\/\\\/mybody5.ee.mybody.ee\\\/proov\\\/#organization\"},\"potentialAction\":[{\"@type\":\"SearchAction\",\"target\":{\"@type\":\"EntryPoint\",\"urlTemplate\":\"https:\\\/\\\/mybody5.ee.mybody.ee\\\/proov\\\/?s={search_term_string}\"},\"query-input\":{\"@type\":\"PropertyValueSpecification\",\"valueRequired\":true,\"valueName\":\"search_term_string\"}}],\"inLanguage\":\"et\"},{\"@type\":\"Organization\",\"@id\":\"https:\\\/\\\/mybody5.ee.mybody.ee\\\/proov\\\/#organization\",\"name\":\"MyBody.ee\",\"url\":\"https:\\\/\\\/mybody5.ee.mybody.ee\\\/proov\\\/\",\"logo\":{\"@type\":\"ImageObject\",\"inLanguage\":\"et\",\"@id\":\"https:\\\/\\\/mybody5.ee.mybody.ee\\\/proov\\\/#\\\/schema\\\/logo\\\/image\\\/\",\"url\":\"https:\\\/\\\/mybody5.ee.mybody.ee\\\/proov\\\/wp-content\\\/uploads\\\/2023\\\/11\\\/mybody_logo_h65-2.png\",\"contentUrl\":\"https:\\\/\\\/mybody5.ee.mybody.ee\\\/proov\\\/wp-content\\\/uploads\\\/2023\\\/11\\\/mybody_logo_h65-2.png\",\"width\":229,\"height\":65,\"caption\":\"MyBody.ee\"},\"image\":{\"@id\":\"https:\\\/\\\/mybody5.ee.mybody.ee\\\/proov\\\/#\\\/schema\\\/logo\\\/image\\\/\"},\"sameAs\":[\"https:\\\/\\\/facebook.com\\\/MyBody.ee\\\/\"]}]}<\/script>\n<!-- \/ Yoast SEO plugin. -->","yoast_head_json":{"title":"SELF J\u00f5usaaliv\u00f6\u00f6 - universaalne j\u00f5usaaliv\u00f6\u00f6 - MyBody.ee - Toidulisandid ja sporditarvikud","description":"Spetsiaalselt j&otilde;usaalitreeninguteks kohandatud t&otilde;stev&ouml;&ouml;, mis aitab ennetada","robots":{"index":"index","follow":"follow","max-snippet":"max-snippet:-1","max-image-preview":"max-image-preview:large","max-video-preview":"max-video-preview:-1"},"canonical":"https:\/\/mybody5.ee.mybody.ee\/proov\/product\/self-jousaalivoo-universaalne-jousaalivoo\/","og_locale":"et_EE","og_type":"article","og_title":"SELF J\u00f5usaaliv\u00f6\u00f6 - universaalne j\u00f5usaaliv\u00f6\u00f6 - MyBody.ee - Toidulisandid ja sporditarvikud","og_description":"Spetsiaalselt j&otilde;usaalitreeninguteks kohandatud t&otilde;stev&ouml;&ouml;, mis aitab ennetada","og_url":"https:\/\/mybody5.ee.mybody.ee\/proov\/product\/self-jousaalivoo-universaalne-jousaalivoo\/","og_site_name":"supplero","article_publisher":"https:\/\/facebook.com\/MyBody.ee\/","og_image":[{"width":400,"height":416,"url":"https:\/\/mybody5.ee.mybody.ee\/proov\/wp-content\/uploads\/2019\/12\/belt1.png","type":"image\/png"}],"twitter_card":"summary_large_image","twitter_misc":{"Est. reading time":"1 minut"},"schema":{"@context":"https:\/\/schema.org","@graph":[{"@type":"WebPage","@id":"https:\/\/mybody5.ee.mybody.ee\/proov\/product\/self-jousaalivoo-universaalne-jousaalivoo\/","url":"https:\/\/mybody5.ee.mybody.ee\/proov\/product\/self-jousaalivoo-universaalne-jousaalivoo\/","name":"SELF J\u00f5usaaliv\u00f6\u00f6 - universaalne j\u00f5usaaliv\u00f6\u00f6 - MyBody.ee - Toidulisandid ja sporditarvikud","isPartOf":{"@id":"https:\/\/mybody5.ee.mybody.ee\/proov\/#website"},"primaryImageOfPage":{"@id":"https:\/\/mybody5.ee.mybody.ee\/proov\/product\/self-jousaalivoo-universaalne-jousaalivoo\/#primaryimage"},"image":{"@id":"https:\/\/mybody5.ee.mybody.ee\/proov\/product\/self-jousaalivoo-universaalne-jousaalivoo\/#primaryimage"},"thumbnailUrl":"https:\/\/mybody5.ee.mybody.ee\/proov\/wp-content\/uploads\/2019\/12\/belt1.png","datePublished":"2019-12-09T22:25:39+00:00","description":"Spetsiaalselt j&otilde;usaalitreeninguteks kohandatud t&otilde;stev&ouml;&ouml;, mis aitab ennetada","breadcrumb":{"@id":"https:\/\/mybody5.ee.mybody.ee\/proov\/product\/self-jousaalivoo-universaalne-jousaalivoo\/#breadcrumb"},"inLanguage":"et","potentialAction":[{"@type":"ReadAction","target":["https:\/\/mybody5.ee.mybody.ee\/proov\/product\/self-jousaalivoo-universaalne-jousaalivoo\/"]}]},{"@type":"ImageObject","inLanguage":"et","@id":"https:\/\/mybody5.ee.mybody.ee\/proov\/product\/self-jousaalivoo-universaalne-jousaalivoo\/#primaryimage","url":"https:\/\/mybody5.ee.mybody.ee\/proov\/wp-content\/uploads\/2019\/12\/belt1.png","contentUrl":"https:\/\/mybody5.ee.mybody.ee\/proov\/wp-content\/uploads\/2019\/12\/belt1.png","width":400,"height":416,"caption":"SELF J\u00f5usaaliv\u00f6\u00f6 - universaalne j\u00f5usaaliv\u00f6\u00f6"},{"@type":"BreadcrumbList","@id":"https:\/\/mybody5.ee.mybody.ee\/proov\/product\/self-jousaalivoo-universaalne-jousaalivoo\/#breadcrumb","itemListElement":[{"@type":"ListItem","position":1,"name":"Home","item":"https:\/\/mybody5.ee.mybody.ee\/proov\/"},{"@type":"ListItem","position":2,"name":"Shop","item":"https:\/\/mybody5.ee.mybody.ee\/proov\/shop\/"},{"@type":"ListItem","position":3,"name":"SELF J\u00f5usaaliv\u00f6\u00f6 &#8211; universaalne j\u00f5usaaliv\u00f6\u00f6"}]},{"@type":"WebSite","@id":"https:\/\/mybody5.ee.mybody.ee\/proov\/#website","url":"https:\/\/mybody5.ee.mybody.ee\/proov\/","name":"MyBody.ee - Toidulisandid ja sporditarvikud","description":"Just another WordPress site","publisher":{"@id":"https:\/\/mybody5.ee.mybody.ee\/proov\/#organization"},"potentialAction":[{"@type":"SearchAction","target":{"@type":"EntryPoint","urlTemplate":"https:\/\/mybody5.ee.mybody.ee\/proov\/?s={search_term_string}"},"query-input":{"@type":"PropertyValueSpecification","valueRequired":true,"valueName":"search_term_string"}}],"inLanguage":"et"},{"@type":"Organization","@id":"https:\/\/mybody5.ee.mybody.ee\/proov\/#organization","name":"MyBody.ee","url":"https:\/\/mybody5.ee.mybody.ee\/proov\/","logo":{"@type":"ImageObject","inLanguage":"et","@id":"https:\/\/mybody5.ee.mybody.ee\/proov\/#\/schema\/logo\/image\/","url":"https:\/\/mybody5.ee.mybody.ee\/proov\/wp-content\/uploads\/2023\/11\/mybody_logo_h65-2.png","contentUrl":"https:\/\/mybody5.ee.mybody.ee\/proov\/wp-content\/uploads\/2023\/11\/mybody_logo_h65-2.png","width":229,"height":65,"caption":"MyBody.ee"},"image":{"@id":"https:\/\/mybody5.ee.mybody.ee\/proov\/#\/schema\/logo\/image\/"},"sameAs":["https:\/\/facebook.com\/MyBody.ee\/"]}]}},"_links":{"self":[{"href":"https:\/\/mybody5.ee.mybody.ee\/proov\/wp-json\/wp\/v2\/product\/201","targetHints":{"allow":["GET"]}}],"collection":[{"href":"https:\/\/mybody5.ee.mybody.ee\/proov\/wp-json\/wp\/v2\/product"}],"about":[{"href":"https:\/\/mybody5.ee.mybody.ee\/proov\/wp-json\/wp\/v2\/types\/product"}],"replies":[{"embeddable":true,"href":"https:\/\/mybody5.ee.mybody.ee\/proov\/wp-json\/wp\/v2\/comments?post=201"}],"wp:featuredmedia":[{"embeddable":true,"href":"https:\/\/mybody5.ee.mybody.ee\/proov\/wp-json\/wp\/v2\/media\/200"}],"wp:attachment":[{"href":"https:\/\/mybody5.ee.mybody.ee\/proov\/wp-json\/wp\/v2\/media?parent=201"}],"wp:term":[{"taxonomy":"product_cat","embeddable":true,"href":"https:\/\/mybody5.ee.mybody.ee\/proov\/wp-json\/wp\/v2\/product_cat?post=201"},{"taxonomy":"product_tag","embeddable":true,"href":"https:\/\/mybody5.ee.mybody.ee\/proov\/wp-json\/wp\/v2\/product_tag?post=201"}],"curies":[{"name":"wp","href":"https:\/\/api.w.org\/{rel}","templated":true}]}}