{"id":209,"date":"2019-12-09T22:25:39","date_gmt":"2019-12-09T22:25:39","guid":{"rendered":"https:\/\/mybody5.ee.mybody.ee\/proov\/product\/vaga-korge-bioloogilise-vaartusega-vadakuvalgu-isolaat-self-micro-whey-active-2kg\/"},"modified":"2019-12-09T22:25:39","modified_gmt":"2019-12-09T22:25:39","slug":"vaga-korge-bioloogilise-vaartusega-vadakuvalgu-isolaat-self-micro-whey-active-2kg","status":"publish","type":"product","link":"https:\/\/mybody5.ee.mybody.ee\/proov\/product\/vaga-korge-bioloogilise-vaartusega-vadakuvalgu-isolaat-self-micro-whey-active-2kg\/","title":{"rendered":"V\u00e4ga k\u00f5rge bioloogilise v\u00e4\u00e4rtusega vadakuvalgu isolaat &#8211; SELF Micro Whey Active 2kg"},"content":{"rendered":"<p><strong>Micro Whey Active<\/strong> on magustajaga toidulisand, mis sisaldab v\u00e4ga suurel hulgal aminohappeid ja valkude fraktsioone, mis on kasulikud k\u00f5igile, olenemata vanusest ja soost. <span style=\"line-height: 20.7999992370605px;\">Toode on praktiliselt laktoosi- ja rasvavaba ning sisaldab vaid 1g s\u00fcsivesikuid serveeringu kohta. Micro Whey Active aitab taastuda igasugustest treeningutest, olgu nendeks j\u00f5ualad, pallim\u00e4ngud, kontaktspordialad, kergej\u00f5ustik v\u00f5i vastupidavusalad.&nbsp;<\/span><span style=\"line-height: 20.7999992370605px;\">Toodet on k\u00f5rgelt hinnanud nii tippsportlased kui&nbsp;tavaharrastajad. &nbsp;<\/span><\/p>\n<p>Micro Whey Active pakub laia maitsevalikut. Ka k\u00f5ige kapriissem maitse saab rahuldatud.<\/p>\n<h3>Toime<\/h3>\n<ul>\n<li>Kiirelt imenduv&nbsp;mikrofiltreeritud ja h\u00fcdrol\u00fc\u00fcsitud vadakuvalguisolaat<\/li>\n<li>K\u00f5rgeim bioloogiline v\u00e4\u00e4rtus, imendub t\u00e4ielikult<\/li>\n<li>Palju glutamiini ja hargnenud ahelaga aminohappeid<\/li>\n<li>Kiirendab taastumist rasketest treeningutest<\/li>\n<\/ul>\n<h3>Kasutamine<\/h3>\n<p><span style=\"line-height: 20.7999992370605px;\">Segada 30 g (1 m\u00f5\u00f5dulusikas) pulbrit 3-4 dl vee, mahla v\u00f5i piimaga 1-3 korda p\u00e4evas. Toode ei asenda mitmek\u00fclgset ja tasakaalustatud toitumist ning tervislikku eluviisi.<\/span><\/p>\n<h3>Kellele sobib?<\/h3>\n<p><span style=\"line-height: 20.7999992370605px;\">Sobib k\u00f5ikide spordialade harrastajatele lisavalguna enne ja p\u00e4rast trenni ning valguvajaduse katmiseks p\u00e4eva jooksul. Aitab taastuda rasketest treeningutest.<\/span><\/p>\n<h3>Pakend: <span style=\"font-size:12px;\">2<span style=\"font-family: arial,helvetica,sans-serif;\">000g<\/span><\/span><\/h3>\n<h3>Maitsed: <span style=\"font-size:12px;\"><span style=\"font-family: arial,helvetica,sans-serif;\">Maasika, metsamarja, \u0161okolaadi, \u0161okolaadi-banaani, banaan, caffe latte, pirni-vanilje, virsiku, vanilje, naturaalne<\/span><\/span><\/h3>\n<table border=\"1\" cellpadding=\"1\" cellspacing=\"1\" height=\"330\" style=\"height:100px;width:400px;\" width=\"500\">\n<tbody>\n<tr>\n<td><strong>Toitev\u00e4\u00e4rtus:<\/strong><\/td>\n<td><strong>100g<\/strong><\/td>\n<td><strong>30g<\/strong><\/td>\n<\/tr>\n<tr>\n<td>Energiat<\/td>\n<td>380kcal\/1590KJ<\/td>\n<td>114kcal\/480KJ<\/td>\n<\/tr>\n<tr>\n<td>Valgud<\/td>\n<td>84g<\/td>\n<td>25,6g<\/td>\n<\/tr>\n<tr>\n<td>S\u00fcsivesikud<br \/> \t\t\tmilles suhkur<\/td>\n<td>4g<br \/> \t\t\t3,5g<\/td>\n<td>1,2g<br \/> \t\t\t1,05g<\/td>\n<\/tr>\n<tr>\n<td>Rasvad<br \/> \t\t\tmillest k\u00fcllastunud<\/td>\n<td>3g<br \/> \t\t\t2,5g<\/td>\n<td>0,9g<br \/> \t\t\t0,75g<\/td>\n<\/tr>\n<tr>\n<td>Kiudaineid<\/td>\n<td>0g<\/td>\n<td>0g<\/td>\n<\/tr>\n<tr>\n<td>Soola<\/td>\n<td>0,3g<\/td>\n<td>0,09g<\/td>\n<\/tr>\n<tr>\n<td colspan=\"3\">\n<p><span style=\"font-size:10px;\">Koostis: <span style=\"font-family: arial,helvetica,sans-serif;\">Vadakuvalguisolaat piimast, GlyciPEP (Gl\u00fcsiin, L-alaniin, L-l\u00fcsiin), aroomained, emulgaator (E322-p\u00e4evalille), magustaja (sukraloos, E950), v\u00e4rvaine (E162) &#8211; metsamarja,maasikas, v\u00e4rvaine (155a) ja kakao &#8211; \u0161okolaad, banaan\/\u0161okolaad, maap\u00e4hkel\/\u0161okolaad, piparm\u00fcndt\/\u0161okolaad, caffelatte.<\/span><\/span><\/p>\n<p><span style=\"font-size:10px;\">Koostis maitsetamata tootel: <span style=\"font-family: arial,helvetica,sans-serif;\">Vadakuvalguisolaat piimast, GlyciPEP (Gl\u00fcsiin, L-alaniin, L-l\u00fcsiin), emulgaator (E322-p\u00e4evalille).<\/span><\/span><\/p>\n<\/td>\n<\/tr>\n<\/tbody>\n<\/table>\n<p>Konsultatsioon<\/p>\n<ul>\n<li>Oled oodatud tasuta konsultatsioonile MYBODY Audentese kauplusesse,<\/li>\n<li>Asukoht: Audentese Spordikeskus, Tondi 84.<\/li>\n<li>Telefon EST\/RUS\/ENG +372&nbsp;523 1960<\/li>\n<li>Telefon EST\/ENG +372 56&nbsp;458&nbsp;688<\/li>\n<li><a href=\"mailto:info@mybody.ee\">info@mybody.ee<\/a><\/li>\n<li><a href=\"http:\/\/www.facebook.com\/mybody.ee\">www.facebook.com\/mybody.ee<\/a><\/li>\n<\/ul>\n<hr>\n<p><em><span style=\"font-size:14px\"><strong>TEST:<\/strong><\/span><\/em> Rootsi ajakiri Fitness viis l\u00e4bi testi, milles&nbsp;v\u00f5rreldi 32 erinevat valgutoote&nbsp;maitset, l\u00f5hna ja segunemist. Micro Whey Active&nbsp;tuli katses auv\u00e4\u00e4rsele h\u00f5bedasele kohale,<span style=\"line-height: 1.6em;\">&nbsp;edestadess tuntud tooteid, nagu MuscleTech Nitrotech (4. koht), Ultimate Nutrition Protein Sensation 81 (5. koht), Weider Protein 80 Plus (11. koht), Twinlab 100% Protein Fuel (12. koht), Optimus Nutrition Gold Standard&nbsp;(13. koht), Fairing WPI (24. koht), Evolution Whey 2 (26. koht), Fx Pro (29. koht), Eiselt Double Pro (30. koht), Fast Whey 3 (31. koht).<\/span><\/p>\n<p><em><span style=\"font-size:8px\">Muscle&amp;Fittness<\/span><\/em><\/p>\n<p><img decoding=\"async\" alt=\"\" src=\"http:\/\/pood.mybody.ee\/image\/data\/B\u00c4NNERID\/soovitab_sticker3_heiki.jpg\" style=\"height:244px; width:400px\"><\/p>\n","protected":false},"excerpt":{"rendered":"<p>Micro Whey Active on magustajaga toidulisand, mis sisaldab v\u00e4ga suurel hulgal aminohappeid ja valkude fraktsioone, mis on kasulikud k\u00f5igile, olenemata vanusest ja soost. Toode on praktiliselt laktoosi- ja rasvavaba ning sisaldab vaid 1g s\u00fcsivesikuid serveeringu kohta. Micro Whey Active aitab taastuda igasugustest treeningutest, olgu nendeks j\u00f5ualad, pallim\u00e4ngud, kontaktspordialad, kergej\u00f5ustik v\u00f5i vastupidavusalad.&nbsp;Toodet on k\u00f5rgelt hinnanud nii [&hellip;]<\/p>\n","protected":false},"featured_media":52,"comment_status":"open","ping_status":"closed","template":"","meta":{"inline_featured_image":false},"product_cat":[27,29,46],"product_tag":[],"class_list":{"0":"post-209","1":"product","2":"type-product","3":"status-publish","4":"has-post-thumbnail","6":"product_cat-proteiinid","7":"product_cat-sooduspakkumised","8":"product_cat-vadakuvalk","9":"pa_energia-400kcal","10":"pa_kogusg-2000g","11":"pa_kunakasutada-uldiselttugevdavparasttrenni","12":"pa_maitse-banaan","13":"pa_maitse-banaan_sokolaad","14":"pa_maitse-maasikas","15":"pa_maitse-maitsestamata","16":"pa_maitse-metsamarja","17":"pa_maitse-metsmaasika","18":"pa_maitse-pirni_vanilje","19":"pa_maitse-sokolaad","20":"pa_maitse-vanilje","21":"pa_maitse-virsik","22":"pa_rasvad-3g","23":"pa_susivesikud-4g","24":"pa_valgud-84g","25":"pa_vorm-pulber","27":"first","28":"instock","29":"shipping-taxable","30":"purchasable","31":"product-type-variable"},"yoast_head":"<!-- This site is optimized with the Yoast SEO plugin v27.3 - https:\/\/yoast.com\/product\/yoast-seo-wordpress\/ -->\n<title>V\u00e4ga k\u00f5rge bioloogilise v\u00e4\u00e4rtusega vadakuvalgu isolaat - SELF Micro Whey Active 2kg - MyBody.ee - Toidulisandid ja sporditarvikud<\/title>\n<meta name=\"description\" content=\"Micro Whey Active on magustajaga toidulisand, mis sisaldab v\u00e4ga\" \/>\n<meta name=\"robots\" content=\"index, follow, max-snippet:-1, max-image-preview:large, max-video-preview:-1\" \/>\n<link rel=\"canonical\" href=\"https:\/\/mybody5.ee.mybody.ee\/proov\/product\/vaga-korge-bioloogilise-vaartusega-vadakuvalgu-isolaat-self-micro-whey-active-2kg\/\" \/>\n<meta property=\"og:locale\" content=\"et_EE\" \/>\n<meta property=\"og:type\" content=\"article\" \/>\n<meta property=\"og:title\" content=\"V\u00e4ga k\u00f5rge bioloogilise v\u00e4\u00e4rtusega vadakuvalgu isolaat - SELF Micro Whey Active 2kg - MyBody.ee - Toidulisandid ja sporditarvikud\" \/>\n<meta property=\"og:description\" content=\"Micro Whey Active on magustajaga toidulisand, mis sisaldab v\u00e4ga\" \/>\n<meta property=\"og:url\" content=\"https:\/\/mybody5.ee.mybody.ee\/proov\/product\/vaga-korge-bioloogilise-vaartusega-vadakuvalgu-isolaat-self-micro-whey-active-2kg\/\" \/>\n<meta property=\"og:site_name\" content=\"supplero\" \/>\n<meta property=\"article:publisher\" content=\"https:\/\/facebook.com\/MyBody.ee\/\" \/>\n<meta property=\"og:image\" content=\"https:\/\/mybody5.ee.mybody.ee\/proov\/wp-content\/uploads\/2019\/12\/self-micro-whey-active.png\" \/>\n\t<meta property=\"og:image:width\" content=\"497\" \/>\n\t<meta property=\"og:image:height\" content=\"469\" \/>\n\t<meta property=\"og:image:type\" content=\"image\/png\" \/>\n<meta name=\"twitter:card\" content=\"summary_large_image\" \/>\n<meta name=\"twitter:label1\" content=\"Est. reading time\" \/>\n\t<meta name=\"twitter:data1\" content=\"2 minutit\" \/>\n<script type=\"application\/ld+json\" class=\"yoast-schema-graph\">{\"@context\":\"https:\\\/\\\/schema.org\",\"@graph\":[{\"@type\":\"WebPage\",\"@id\":\"https:\\\/\\\/mybody5.ee.mybody.ee\\\/proov\\\/product\\\/vaga-korge-bioloogilise-vaartusega-vadakuvalgu-isolaat-self-micro-whey-active-2kg\\\/\",\"url\":\"https:\\\/\\\/mybody5.ee.mybody.ee\\\/proov\\\/product\\\/vaga-korge-bioloogilise-vaartusega-vadakuvalgu-isolaat-self-micro-whey-active-2kg\\\/\",\"name\":\"V\u00e4ga k\u00f5rge bioloogilise v\u00e4\u00e4rtusega vadakuvalgu isolaat - SELF Micro Whey Active 2kg - MyBody.ee - Toidulisandid ja sporditarvikud\",\"isPartOf\":{\"@id\":\"https:\\\/\\\/mybody5.ee.mybody.ee\\\/proov\\\/#website\"},\"primaryImageOfPage\":{\"@id\":\"https:\\\/\\\/mybody5.ee.mybody.ee\\\/proov\\\/product\\\/vaga-korge-bioloogilise-vaartusega-vadakuvalgu-isolaat-self-micro-whey-active-2kg\\\/#primaryimage\"},\"image\":{\"@id\":\"https:\\\/\\\/mybody5.ee.mybody.ee\\\/proov\\\/product\\\/vaga-korge-bioloogilise-vaartusega-vadakuvalgu-isolaat-self-micro-whey-active-2kg\\\/#primaryimage\"},\"thumbnailUrl\":\"https:\\\/\\\/mybody5.ee.mybody.ee\\\/proov\\\/wp-content\\\/uploads\\\/2019\\\/12\\\/self-micro-whey-active.png\",\"datePublished\":\"2019-12-09T22:25:39+00:00\",\"description\":\"Micro Whey Active on magustajaga toidulisand, mis sisaldab v\u00e4ga\",\"breadcrumb\":{\"@id\":\"https:\\\/\\\/mybody5.ee.mybody.ee\\\/proov\\\/product\\\/vaga-korge-bioloogilise-vaartusega-vadakuvalgu-isolaat-self-micro-whey-active-2kg\\\/#breadcrumb\"},\"inLanguage\":\"et\",\"potentialAction\":[{\"@type\":\"ReadAction\",\"target\":[\"https:\\\/\\\/mybody5.ee.mybody.ee\\\/proov\\\/product\\\/vaga-korge-bioloogilise-vaartusega-vadakuvalgu-isolaat-self-micro-whey-active-2kg\\\/\"]}]},{\"@type\":\"ImageObject\",\"inLanguage\":\"et\",\"@id\":\"https:\\\/\\\/mybody5.ee.mybody.ee\\\/proov\\\/product\\\/vaga-korge-bioloogilise-vaartusega-vadakuvalgu-isolaat-self-micro-whey-active-2kg\\\/#primaryimage\",\"url\":\"https:\\\/\\\/mybody5.ee.mybody.ee\\\/proov\\\/wp-content\\\/uploads\\\/2019\\\/12\\\/self-micro-whey-active.png\",\"contentUrl\":\"https:\\\/\\\/mybody5.ee.mybody.ee\\\/proov\\\/wp-content\\\/uploads\\\/2019\\\/12\\\/self-micro-whey-active.png\",\"width\":497,\"height\":469,\"caption\":\"V\u00e4ga k\u00f5rge bioloogilise v\u00e4\u00e4rtusega vadakuvalgu isolaat - SELF Micro Whey Active\"},{\"@type\":\"BreadcrumbList\",\"@id\":\"https:\\\/\\\/mybody5.ee.mybody.ee\\\/proov\\\/product\\\/vaga-korge-bioloogilise-vaartusega-vadakuvalgu-isolaat-self-micro-whey-active-2kg\\\/#breadcrumb\",\"itemListElement\":[{\"@type\":\"ListItem\",\"position\":1,\"name\":\"Home\",\"item\":\"https:\\\/\\\/mybody5.ee.mybody.ee\\\/proov\\\/\"},{\"@type\":\"ListItem\",\"position\":2,\"name\":\"Shop\",\"item\":\"https:\\\/\\\/mybody5.ee.mybody.ee\\\/proov\\\/shop\\\/\"},{\"@type\":\"ListItem\",\"position\":3,\"name\":\"V\u00e4ga k\u00f5rge bioloogilise v\u00e4\u00e4rtusega vadakuvalgu isolaat &#8211; SELF Micro Whey Active 2kg\"}]},{\"@type\":\"WebSite\",\"@id\":\"https:\\\/\\\/mybody5.ee.mybody.ee\\\/proov\\\/#website\",\"url\":\"https:\\\/\\\/mybody5.ee.mybody.ee\\\/proov\\\/\",\"name\":\"MyBody.ee - Toidulisandid ja sporditarvikud\",\"description\":\"Just another WordPress site\",\"publisher\":{\"@id\":\"https:\\\/\\\/mybody5.ee.mybody.ee\\\/proov\\\/#organization\"},\"potentialAction\":[{\"@type\":\"SearchAction\",\"target\":{\"@type\":\"EntryPoint\",\"urlTemplate\":\"https:\\\/\\\/mybody5.ee.mybody.ee\\\/proov\\\/?s={search_term_string}\"},\"query-input\":{\"@type\":\"PropertyValueSpecification\",\"valueRequired\":true,\"valueName\":\"search_term_string\"}}],\"inLanguage\":\"et\"},{\"@type\":\"Organization\",\"@id\":\"https:\\\/\\\/mybody5.ee.mybody.ee\\\/proov\\\/#organization\",\"name\":\"MyBody.ee\",\"url\":\"https:\\\/\\\/mybody5.ee.mybody.ee\\\/proov\\\/\",\"logo\":{\"@type\":\"ImageObject\",\"inLanguage\":\"et\",\"@id\":\"https:\\\/\\\/mybody5.ee.mybody.ee\\\/proov\\\/#\\\/schema\\\/logo\\\/image\\\/\",\"url\":\"https:\\\/\\\/mybody5.ee.mybody.ee\\\/proov\\\/wp-content\\\/uploads\\\/2023\\\/11\\\/mybody_logo_h65-2.png\",\"contentUrl\":\"https:\\\/\\\/mybody5.ee.mybody.ee\\\/proov\\\/wp-content\\\/uploads\\\/2023\\\/11\\\/mybody_logo_h65-2.png\",\"width\":229,\"height\":65,\"caption\":\"MyBody.ee\"},\"image\":{\"@id\":\"https:\\\/\\\/mybody5.ee.mybody.ee\\\/proov\\\/#\\\/schema\\\/logo\\\/image\\\/\"},\"sameAs\":[\"https:\\\/\\\/facebook.com\\\/MyBody.ee\\\/\"]}]}<\/script>\n<!-- \/ Yoast SEO plugin. -->","yoast_head_json":{"title":"V\u00e4ga k\u00f5rge bioloogilise v\u00e4\u00e4rtusega vadakuvalgu isolaat - SELF Micro Whey Active 2kg - MyBody.ee - Toidulisandid ja sporditarvikud","description":"Micro Whey Active on magustajaga toidulisand, mis sisaldab v\u00e4ga","robots":{"index":"index","follow":"follow","max-snippet":"max-snippet:-1","max-image-preview":"max-image-preview:large","max-video-preview":"max-video-preview:-1"},"canonical":"https:\/\/mybody5.ee.mybody.ee\/proov\/product\/vaga-korge-bioloogilise-vaartusega-vadakuvalgu-isolaat-self-micro-whey-active-2kg\/","og_locale":"et_EE","og_type":"article","og_title":"V\u00e4ga k\u00f5rge bioloogilise v\u00e4\u00e4rtusega vadakuvalgu isolaat - SELF Micro Whey Active 2kg - MyBody.ee - Toidulisandid ja sporditarvikud","og_description":"Micro Whey Active on magustajaga toidulisand, mis sisaldab v\u00e4ga","og_url":"https:\/\/mybody5.ee.mybody.ee\/proov\/product\/vaga-korge-bioloogilise-vaartusega-vadakuvalgu-isolaat-self-micro-whey-active-2kg\/","og_site_name":"supplero","article_publisher":"https:\/\/facebook.com\/MyBody.ee\/","og_image":[{"width":497,"height":469,"url":"https:\/\/mybody5.ee.mybody.ee\/proov\/wp-content\/uploads\/2019\/12\/self-micro-whey-active.png","type":"image\/png"}],"twitter_card":"summary_large_image","twitter_misc":{"Est. reading time":"2 minutit"},"schema":{"@context":"https:\/\/schema.org","@graph":[{"@type":"WebPage","@id":"https:\/\/mybody5.ee.mybody.ee\/proov\/product\/vaga-korge-bioloogilise-vaartusega-vadakuvalgu-isolaat-self-micro-whey-active-2kg\/","url":"https:\/\/mybody5.ee.mybody.ee\/proov\/product\/vaga-korge-bioloogilise-vaartusega-vadakuvalgu-isolaat-self-micro-whey-active-2kg\/","name":"V\u00e4ga k\u00f5rge bioloogilise v\u00e4\u00e4rtusega vadakuvalgu isolaat - SELF Micro Whey Active 2kg - MyBody.ee - Toidulisandid ja sporditarvikud","isPartOf":{"@id":"https:\/\/mybody5.ee.mybody.ee\/proov\/#website"},"primaryImageOfPage":{"@id":"https:\/\/mybody5.ee.mybody.ee\/proov\/product\/vaga-korge-bioloogilise-vaartusega-vadakuvalgu-isolaat-self-micro-whey-active-2kg\/#primaryimage"},"image":{"@id":"https:\/\/mybody5.ee.mybody.ee\/proov\/product\/vaga-korge-bioloogilise-vaartusega-vadakuvalgu-isolaat-self-micro-whey-active-2kg\/#primaryimage"},"thumbnailUrl":"https:\/\/mybody5.ee.mybody.ee\/proov\/wp-content\/uploads\/2019\/12\/self-micro-whey-active.png","datePublished":"2019-12-09T22:25:39+00:00","description":"Micro Whey Active on magustajaga toidulisand, mis sisaldab v\u00e4ga","breadcrumb":{"@id":"https:\/\/mybody5.ee.mybody.ee\/proov\/product\/vaga-korge-bioloogilise-vaartusega-vadakuvalgu-isolaat-self-micro-whey-active-2kg\/#breadcrumb"},"inLanguage":"et","potentialAction":[{"@type":"ReadAction","target":["https:\/\/mybody5.ee.mybody.ee\/proov\/product\/vaga-korge-bioloogilise-vaartusega-vadakuvalgu-isolaat-self-micro-whey-active-2kg\/"]}]},{"@type":"ImageObject","inLanguage":"et","@id":"https:\/\/mybody5.ee.mybody.ee\/proov\/product\/vaga-korge-bioloogilise-vaartusega-vadakuvalgu-isolaat-self-micro-whey-active-2kg\/#primaryimage","url":"https:\/\/mybody5.ee.mybody.ee\/proov\/wp-content\/uploads\/2019\/12\/self-micro-whey-active.png","contentUrl":"https:\/\/mybody5.ee.mybody.ee\/proov\/wp-content\/uploads\/2019\/12\/self-micro-whey-active.png","width":497,"height":469,"caption":"V\u00e4ga k\u00f5rge bioloogilise v\u00e4\u00e4rtusega vadakuvalgu isolaat - SELF Micro Whey Active"},{"@type":"BreadcrumbList","@id":"https:\/\/mybody5.ee.mybody.ee\/proov\/product\/vaga-korge-bioloogilise-vaartusega-vadakuvalgu-isolaat-self-micro-whey-active-2kg\/#breadcrumb","itemListElement":[{"@type":"ListItem","position":1,"name":"Home","item":"https:\/\/mybody5.ee.mybody.ee\/proov\/"},{"@type":"ListItem","position":2,"name":"Shop","item":"https:\/\/mybody5.ee.mybody.ee\/proov\/shop\/"},{"@type":"ListItem","position":3,"name":"V\u00e4ga k\u00f5rge bioloogilise v\u00e4\u00e4rtusega vadakuvalgu isolaat &#8211; SELF Micro Whey Active 2kg"}]},{"@type":"WebSite","@id":"https:\/\/mybody5.ee.mybody.ee\/proov\/#website","url":"https:\/\/mybody5.ee.mybody.ee\/proov\/","name":"MyBody.ee - Toidulisandid ja sporditarvikud","description":"Just another WordPress site","publisher":{"@id":"https:\/\/mybody5.ee.mybody.ee\/proov\/#organization"},"potentialAction":[{"@type":"SearchAction","target":{"@type":"EntryPoint","urlTemplate":"https:\/\/mybody5.ee.mybody.ee\/proov\/?s={search_term_string}"},"query-input":{"@type":"PropertyValueSpecification","valueRequired":true,"valueName":"search_term_string"}}],"inLanguage":"et"},{"@type":"Organization","@id":"https:\/\/mybody5.ee.mybody.ee\/proov\/#organization","name":"MyBody.ee","url":"https:\/\/mybody5.ee.mybody.ee\/proov\/","logo":{"@type":"ImageObject","inLanguage":"et","@id":"https:\/\/mybody5.ee.mybody.ee\/proov\/#\/schema\/logo\/image\/","url":"https:\/\/mybody5.ee.mybody.ee\/proov\/wp-content\/uploads\/2023\/11\/mybody_logo_h65-2.png","contentUrl":"https:\/\/mybody5.ee.mybody.ee\/proov\/wp-content\/uploads\/2023\/11\/mybody_logo_h65-2.png","width":229,"height":65,"caption":"MyBody.ee"},"image":{"@id":"https:\/\/mybody5.ee.mybody.ee\/proov\/#\/schema\/logo\/image\/"},"sameAs":["https:\/\/facebook.com\/MyBody.ee\/"]}]}},"_links":{"self":[{"href":"https:\/\/mybody5.ee.mybody.ee\/proov\/wp-json\/wp\/v2\/product\/209","targetHints":{"allow":["GET"]}}],"collection":[{"href":"https:\/\/mybody5.ee.mybody.ee\/proov\/wp-json\/wp\/v2\/product"}],"about":[{"href":"https:\/\/mybody5.ee.mybody.ee\/proov\/wp-json\/wp\/v2\/types\/product"}],"replies":[{"embeddable":true,"href":"https:\/\/mybody5.ee.mybody.ee\/proov\/wp-json\/wp\/v2\/comments?post=209"}],"wp:featuredmedia":[{"embeddable":true,"href":"https:\/\/mybody5.ee.mybody.ee\/proov\/wp-json\/wp\/v2\/media\/52"}],"wp:attachment":[{"href":"https:\/\/mybody5.ee.mybody.ee\/proov\/wp-json\/wp\/v2\/media?parent=209"}],"wp:term":[{"taxonomy":"product_cat","embeddable":true,"href":"https:\/\/mybody5.ee.mybody.ee\/proov\/wp-json\/wp\/v2\/product_cat?post=209"},{"taxonomy":"product_tag","embeddable":true,"href":"https:\/\/mybody5.ee.mybody.ee\/proov\/wp-json\/wp\/v2\/product_tag?post=209"}],"curies":[{"name":"wp","href":"https:\/\/api.w.org\/{rel}","templated":true}]}}