{"id":227,"date":"2019-12-09T22:25:39","date_gmt":"2019-12-09T22:25:39","guid":{"rendered":"https:\/\/mybody5.ee.mybody.ee\/proov\/product\/jan-tana-ultra-1-voistlusgrimm\/"},"modified":"2019-12-09T22:25:39","modified_gmt":"2019-12-09T22:25:39","slug":"jan-tana-ultra-1-voistlusgrimm","status":"publish","type":"product","link":"https:\/\/mybody5.ee.mybody.ee\/proov\/product\/jan-tana-ultra-1-voistlusgrimm\/","title":{"rendered":"Jan Tana Ultra 1 &#8211; V\u00f5istlusgrimm"},"content":{"rendered":"<p><strong>V&otilde;istlusgrimm &#8211; Tugev pruun v&auml;rv ja &uuml;htlane jume<\/strong><\/p>\n<p>V&otilde;istlusgrimm on spetsiaalset loodud toode sportlastele kes v&otilde;istlevad finessi aladel. &nbsp;Tugev pruun ja &uuml;htlane jume aitavad lisada vormile viimase lihvi, sest v&otilde;istluste valgustus on tugev ja lihtsalt valge jume ei anna &otilde;iget efekti. Hea v&otilde;istlusgrimm on sama t&auml;htis kui jooksjale naelikud. Jan Tanad kasutavad maailma parimad fitnessistid.<\/p>\n<h3>Kasutamine:<\/h3>\n<p>Parima tulemuse saavutamiseks peab n&auml;dal enne v&otilde;istlus koorima ja niisutama nahka, et oleks &uuml;htlane sile nahk. Mida siledam nahk, seda &uuml;htlasem j&auml;&auml;b grimm. Armid\/koorikud j&auml;&auml;vad koheselt s&uuml;simustad. &Auml;ra kasuta parf&uuml;&uuml;me ja deodoranti, et v&auml;ltida eba&uuml;htlast grimmi.&nbsp;<\/p>\n<p>Enne grimmi pealekandmist tuleb eemaldada kehalt k&otilde;ik karvad &#8211; nii k&auml;ed, jalad, kui ka selg ja k&otilde;ht tuleb siledaks teha. Kui otsustad raseerimise kasuks tee seda v&auml;hemalt 8 tundi enne esimene grimmikihi pealekandmist. Kui otsustad vahatamise v&otilde;i epileerimise kasuks, tee seda v&auml;hemalt 72 tundi enne esimese grimmikihi pealekandmist. Karvade eemaldamise juures l&auml;heb Sul kindlasti abilist vaja, hoolitse, et Sul oleks keegi, kes kontrollib, kas k&otilde;ik kehakarvad said eemadaldatud. Kui otsustad raseerimise kasuks, varu endale selleks protseduuriks 4-5 (kuni 10) &uuml;hekordset \u017eiletti.<\/p>\n<p>Grimmi v&otilde;ib kanda peale eelmisel p&auml;eval ning siis ilma seebita maha pesta, et teha nii-&ouml;elda eelkiht. Saab ka kanda v&otilde;istlusega samal p&auml;eval. Vali endale sobiv k&auml;sn grimmi pealekandmiseks (padi, k&auml;sn v&otilde;i rull), vajuta sellele heldelt Jan Tana grimmi ning hajuta see nahale j&auml;rgides keha kontuure. Alusta grimmimist jalgadest, kuid &auml;ra grimmi kaela ja n&auml;gu. Esimese kihi kuni seljani oled suuteline ise tegema, selja ja teise kihi grimmimiseks palu abilist, et v&auml;ltida eba&uuml;htlast grimmi v&otilde;i triipe grimmil, mis tulevad kummardamisest. Hoia eemale veest ning v&otilde;imalikest pritsmetest, p&auml;rast esimene grimmi pealekandmist ei ole soovitatav pesemas k&auml;ia. Kihtide arv s&otilde;ltub iga inimese kehatoonist ning v&auml;rvitoonist, mida soovitakse saavutada.<\/p>\n<p>Enne lavale minekut tuleb lisada &otilde;li, &nbsp;mis paneb Su naha s&auml;rama ning &uuml;htlustab ka grimmi. V&otilde;istlusgrimmi peale m&auml;&auml;rimisel kindlasti kasutada kindaid.<\/p>\n<h3>Kellele sobib?<\/h3>\n<p>Toode on m&otilde;eldud sportlastele kes kellel on vaja muuta oma jume tumedamaks.<\/p>\n<h3>Kompleki kuulub: <span style=\"font-size:12px;\"><span style=\"font-family: arial,helvetica,sans-serif;\">Jant Tana Ultra 1 v&otilde;istlusgrimm&nbsp;ja padi<\/span><\/span><\/h3>\n<p>Konsultatsioon:<\/p>\n<ul>\n<li style=\"text-align:justify\"><span style=\"font-size:12px\"><span style=\"font-family:arial,helvetica,sans-serif\">Oled oodatud tasuta konsultatsioonile MYBODY Audentese kauplusesse,<\/span><\/span><\/li>\n<li style=\"text-align:justify\"><span style=\"font-size:12px\"><span style=\"font-family:arial,helvetica,sans-serif\">Asukoht: Audentese Spordikeskus, Tondi 84.<\/span><\/span><\/li>\n<li style=\"text-align:justify\"><span style=\"font-size:12px\"><span style=\"font-family:arial,helvetica,sans-serif\">Telefon EST\/RUS\/ENG +372&nbsp;523 1960<\/span><\/span><\/li>\n<li style=\"text-align:justify\"><span style=\"font-size:12px\"><span style=\"font-family:arial,helvetica,sans-serif\">Telefon EST\/ENG +372 56&nbsp;458&nbsp;688<\/span><\/span><\/li>\n<li style=\"text-align:justify\"><span style=\"font-size:12px\"><span style=\"font-family:arial,helvetica,sans-serif\"><a href=\"mailto:info@mybody.ee\">info@mybody.ee<\/a><\/span><\/span><\/li>\n<li style=\"text-align:justify\"><span style=\"font-size:12px\"><span style=\"font-family:arial,helvetica,sans-serif\"><a href=\"http:\/\/www.facebook.com\/mybody.ee\">www.facebook.com\/mybody.ee<\/a><\/span><\/span><\/li>\n<\/ul>\n","protected":false},"excerpt":{"rendered":"<p>V&otilde;istlusgrimm &#8211; Tugev pruun v&auml;rv ja &uuml;htlane jume V&otilde;istlusgrimm on spetsiaalset loodud toode sportlastele kes v&otilde;istlevad finessi aladel. &nbsp;Tugev pruun ja &uuml;htlane jume aitavad lisada vormile viimase lihvi, sest v&otilde;istluste valgustus on tugev ja lihtsalt valge jume ei anna &otilde;iget efekti. Hea v&otilde;istlusgrimm on sama t&auml;htis kui jooksjale naelikud. Jan Tanad kasutavad maailma parimad fitnessistid. [&hellip;]<\/p>\n","protected":false},"featured_media":226,"comment_status":"open","ping_status":"closed","template":"","meta":{"inline_featured_image":false},"product_cat":[69,29],"product_tag":[],"class_list":{"0":"post-227","1":"product","2":"type-product","3":"status-publish","4":"has-post-thumbnail","6":"product_cat-muu","7":"product_cat-sooduspakkumised","9":"first","10":"instock","11":"shipping-taxable","12":"purchasable","13":"product-type-simple"},"yoast_head":"<!-- This site is optimized with the Yoast SEO plugin v27.3 - https:\/\/yoast.com\/product\/yoast-seo-wordpress\/ -->\n<title>Jan Tana Ultra 1 - V\u00f5istlusgrimm - MyBody.ee - Toidulisandid ja sporditarvikud<\/title>\n<meta name=\"description\" content=\"V\u00f5istlusgrimm - Tugev pruun v\u00e4rv ja \u00fchtlane\" \/>\n<meta name=\"robots\" content=\"index, follow, max-snippet:-1, max-image-preview:large, max-video-preview:-1\" \/>\n<link rel=\"canonical\" href=\"https:\/\/mybody5.ee.mybody.ee\/proov\/product\/jan-tana-ultra-1-voistlusgrimm\/\" \/>\n<meta property=\"og:locale\" content=\"et_EE\" \/>\n<meta property=\"og:type\" content=\"article\" \/>\n<meta property=\"og:title\" content=\"Jan Tana Ultra 1 - V\u00f5istlusgrimm - MyBody.ee - Toidulisandid ja sporditarvikud\" \/>\n<meta property=\"og:description\" content=\"V\u00f5istlusgrimm - Tugev pruun v\u00e4rv ja \u00fchtlane\" \/>\n<meta property=\"og:url\" content=\"https:\/\/mybody5.ee.mybody.ee\/proov\/product\/jan-tana-ultra-1-voistlusgrimm\/\" \/>\n<meta property=\"og:site_name\" content=\"supplero\" \/>\n<meta property=\"article:publisher\" content=\"https:\/\/facebook.com\/MyBody.ee\/\" \/>\n<meta property=\"og:image\" content=\"https:\/\/mybody5.ee.mybody.ee\/proov\/wp-content\/uploads\/2019\/12\/ultra-1.PNG\" \/>\n\t<meta property=\"og:image:width\" content=\"149\" \/>\n\t<meta property=\"og:image:height\" content=\"489\" \/>\n\t<meta property=\"og:image:type\" content=\"image\/png\" \/>\n<meta name=\"twitter:card\" content=\"summary_large_image\" \/>\n<meta name=\"twitter:label1\" content=\"Est. reading time\" \/>\n\t<meta name=\"twitter:data1\" content=\"2 minutit\" \/>\n<script type=\"application\/ld+json\" class=\"yoast-schema-graph\">{\"@context\":\"https:\\\/\\\/schema.org\",\"@graph\":[{\"@type\":\"WebPage\",\"@id\":\"https:\\\/\\\/mybody5.ee.mybody.ee\\\/proov\\\/product\\\/jan-tana-ultra-1-voistlusgrimm\\\/\",\"url\":\"https:\\\/\\\/mybody5.ee.mybody.ee\\\/proov\\\/product\\\/jan-tana-ultra-1-voistlusgrimm\\\/\",\"name\":\"Jan Tana Ultra 1 - V\u00f5istlusgrimm - MyBody.ee - Toidulisandid ja sporditarvikud\",\"isPartOf\":{\"@id\":\"https:\\\/\\\/mybody5.ee.mybody.ee\\\/proov\\\/#website\"},\"primaryImageOfPage\":{\"@id\":\"https:\\\/\\\/mybody5.ee.mybody.ee\\\/proov\\\/product\\\/jan-tana-ultra-1-voistlusgrimm\\\/#primaryimage\"},\"image\":{\"@id\":\"https:\\\/\\\/mybody5.ee.mybody.ee\\\/proov\\\/product\\\/jan-tana-ultra-1-voistlusgrimm\\\/#primaryimage\"},\"thumbnailUrl\":\"https:\\\/\\\/mybody5.ee.mybody.ee\\\/proov\\\/wp-content\\\/uploads\\\/2019\\\/12\\\/ultra-1.PNG\",\"datePublished\":\"2019-12-09T22:25:39+00:00\",\"description\":\"V\u00f5istlusgrimm - Tugev pruun v\u00e4rv ja \u00fchtlane\",\"breadcrumb\":{\"@id\":\"https:\\\/\\\/mybody5.ee.mybody.ee\\\/proov\\\/product\\\/jan-tana-ultra-1-voistlusgrimm\\\/#breadcrumb\"},\"inLanguage\":\"et\",\"potentialAction\":[{\"@type\":\"ReadAction\",\"target\":[\"https:\\\/\\\/mybody5.ee.mybody.ee\\\/proov\\\/product\\\/jan-tana-ultra-1-voistlusgrimm\\\/\"]}]},{\"@type\":\"ImageObject\",\"inLanguage\":\"et\",\"@id\":\"https:\\\/\\\/mybody5.ee.mybody.ee\\\/proov\\\/product\\\/jan-tana-ultra-1-voistlusgrimm\\\/#primaryimage\",\"url\":\"https:\\\/\\\/mybody5.ee.mybody.ee\\\/proov\\\/wp-content\\\/uploads\\\/2019\\\/12\\\/ultra-1.PNG\",\"contentUrl\":\"https:\\\/\\\/mybody5.ee.mybody.ee\\\/proov\\\/wp-content\\\/uploads\\\/2019\\\/12\\\/ultra-1.PNG\",\"width\":149,\"height\":489,\"caption\":\"Jan Tana Ultra 1 - V\u00f5istlusgrimm\"},{\"@type\":\"BreadcrumbList\",\"@id\":\"https:\\\/\\\/mybody5.ee.mybody.ee\\\/proov\\\/product\\\/jan-tana-ultra-1-voistlusgrimm\\\/#breadcrumb\",\"itemListElement\":[{\"@type\":\"ListItem\",\"position\":1,\"name\":\"Home\",\"item\":\"https:\\\/\\\/mybody5.ee.mybody.ee\\\/proov\\\/\"},{\"@type\":\"ListItem\",\"position\":2,\"name\":\"Shop\",\"item\":\"https:\\\/\\\/mybody5.ee.mybody.ee\\\/proov\\\/shop\\\/\"},{\"@type\":\"ListItem\",\"position\":3,\"name\":\"Jan Tana Ultra 1 &#8211; V\u00f5istlusgrimm\"}]},{\"@type\":\"WebSite\",\"@id\":\"https:\\\/\\\/mybody5.ee.mybody.ee\\\/proov\\\/#website\",\"url\":\"https:\\\/\\\/mybody5.ee.mybody.ee\\\/proov\\\/\",\"name\":\"MyBody.ee - Toidulisandid ja sporditarvikud\",\"description\":\"Just another WordPress site\",\"publisher\":{\"@id\":\"https:\\\/\\\/mybody5.ee.mybody.ee\\\/proov\\\/#organization\"},\"potentialAction\":[{\"@type\":\"SearchAction\",\"target\":{\"@type\":\"EntryPoint\",\"urlTemplate\":\"https:\\\/\\\/mybody5.ee.mybody.ee\\\/proov\\\/?s={search_term_string}\"},\"query-input\":{\"@type\":\"PropertyValueSpecification\",\"valueRequired\":true,\"valueName\":\"search_term_string\"}}],\"inLanguage\":\"et\"},{\"@type\":\"Organization\",\"@id\":\"https:\\\/\\\/mybody5.ee.mybody.ee\\\/proov\\\/#organization\",\"name\":\"MyBody.ee\",\"url\":\"https:\\\/\\\/mybody5.ee.mybody.ee\\\/proov\\\/\",\"logo\":{\"@type\":\"ImageObject\",\"inLanguage\":\"et\",\"@id\":\"https:\\\/\\\/mybody5.ee.mybody.ee\\\/proov\\\/#\\\/schema\\\/logo\\\/image\\\/\",\"url\":\"https:\\\/\\\/mybody5.ee.mybody.ee\\\/proov\\\/wp-content\\\/uploads\\\/2023\\\/11\\\/mybody_logo_h65-2.png\",\"contentUrl\":\"https:\\\/\\\/mybody5.ee.mybody.ee\\\/proov\\\/wp-content\\\/uploads\\\/2023\\\/11\\\/mybody_logo_h65-2.png\",\"width\":229,\"height\":65,\"caption\":\"MyBody.ee\"},\"image\":{\"@id\":\"https:\\\/\\\/mybody5.ee.mybody.ee\\\/proov\\\/#\\\/schema\\\/logo\\\/image\\\/\"},\"sameAs\":[\"https:\\\/\\\/facebook.com\\\/MyBody.ee\\\/\"]}]}<\/script>\n<!-- \/ Yoast SEO plugin. -->","yoast_head_json":{"title":"Jan Tana Ultra 1 - V\u00f5istlusgrimm - MyBody.ee - Toidulisandid ja sporditarvikud","description":"V\u00f5istlusgrimm - Tugev pruun v\u00e4rv ja \u00fchtlane","robots":{"index":"index","follow":"follow","max-snippet":"max-snippet:-1","max-image-preview":"max-image-preview:large","max-video-preview":"max-video-preview:-1"},"canonical":"https:\/\/mybody5.ee.mybody.ee\/proov\/product\/jan-tana-ultra-1-voistlusgrimm\/","og_locale":"et_EE","og_type":"article","og_title":"Jan Tana Ultra 1 - V\u00f5istlusgrimm - MyBody.ee - Toidulisandid ja sporditarvikud","og_description":"V\u00f5istlusgrimm - Tugev pruun v\u00e4rv ja \u00fchtlane","og_url":"https:\/\/mybody5.ee.mybody.ee\/proov\/product\/jan-tana-ultra-1-voistlusgrimm\/","og_site_name":"supplero","article_publisher":"https:\/\/facebook.com\/MyBody.ee\/","og_image":[{"width":149,"height":489,"url":"https:\/\/mybody5.ee.mybody.ee\/proov\/wp-content\/uploads\/2019\/12\/ultra-1.PNG","type":"image\/png"}],"twitter_card":"summary_large_image","twitter_misc":{"Est. reading time":"2 minutit"},"schema":{"@context":"https:\/\/schema.org","@graph":[{"@type":"WebPage","@id":"https:\/\/mybody5.ee.mybody.ee\/proov\/product\/jan-tana-ultra-1-voistlusgrimm\/","url":"https:\/\/mybody5.ee.mybody.ee\/proov\/product\/jan-tana-ultra-1-voistlusgrimm\/","name":"Jan Tana Ultra 1 - V\u00f5istlusgrimm - MyBody.ee - Toidulisandid ja sporditarvikud","isPartOf":{"@id":"https:\/\/mybody5.ee.mybody.ee\/proov\/#website"},"primaryImageOfPage":{"@id":"https:\/\/mybody5.ee.mybody.ee\/proov\/product\/jan-tana-ultra-1-voistlusgrimm\/#primaryimage"},"image":{"@id":"https:\/\/mybody5.ee.mybody.ee\/proov\/product\/jan-tana-ultra-1-voistlusgrimm\/#primaryimage"},"thumbnailUrl":"https:\/\/mybody5.ee.mybody.ee\/proov\/wp-content\/uploads\/2019\/12\/ultra-1.PNG","datePublished":"2019-12-09T22:25:39+00:00","description":"V\u00f5istlusgrimm - Tugev pruun v\u00e4rv ja \u00fchtlane","breadcrumb":{"@id":"https:\/\/mybody5.ee.mybody.ee\/proov\/product\/jan-tana-ultra-1-voistlusgrimm\/#breadcrumb"},"inLanguage":"et","potentialAction":[{"@type":"ReadAction","target":["https:\/\/mybody5.ee.mybody.ee\/proov\/product\/jan-tana-ultra-1-voistlusgrimm\/"]}]},{"@type":"ImageObject","inLanguage":"et","@id":"https:\/\/mybody5.ee.mybody.ee\/proov\/product\/jan-tana-ultra-1-voistlusgrimm\/#primaryimage","url":"https:\/\/mybody5.ee.mybody.ee\/proov\/wp-content\/uploads\/2019\/12\/ultra-1.PNG","contentUrl":"https:\/\/mybody5.ee.mybody.ee\/proov\/wp-content\/uploads\/2019\/12\/ultra-1.PNG","width":149,"height":489,"caption":"Jan Tana Ultra 1 - V\u00f5istlusgrimm"},{"@type":"BreadcrumbList","@id":"https:\/\/mybody5.ee.mybody.ee\/proov\/product\/jan-tana-ultra-1-voistlusgrimm\/#breadcrumb","itemListElement":[{"@type":"ListItem","position":1,"name":"Home","item":"https:\/\/mybody5.ee.mybody.ee\/proov\/"},{"@type":"ListItem","position":2,"name":"Shop","item":"https:\/\/mybody5.ee.mybody.ee\/proov\/shop\/"},{"@type":"ListItem","position":3,"name":"Jan Tana Ultra 1 &#8211; V\u00f5istlusgrimm"}]},{"@type":"WebSite","@id":"https:\/\/mybody5.ee.mybody.ee\/proov\/#website","url":"https:\/\/mybody5.ee.mybody.ee\/proov\/","name":"MyBody.ee - Toidulisandid ja sporditarvikud","description":"Just another WordPress site","publisher":{"@id":"https:\/\/mybody5.ee.mybody.ee\/proov\/#organization"},"potentialAction":[{"@type":"SearchAction","target":{"@type":"EntryPoint","urlTemplate":"https:\/\/mybody5.ee.mybody.ee\/proov\/?s={search_term_string}"},"query-input":{"@type":"PropertyValueSpecification","valueRequired":true,"valueName":"search_term_string"}}],"inLanguage":"et"},{"@type":"Organization","@id":"https:\/\/mybody5.ee.mybody.ee\/proov\/#organization","name":"MyBody.ee","url":"https:\/\/mybody5.ee.mybody.ee\/proov\/","logo":{"@type":"ImageObject","inLanguage":"et","@id":"https:\/\/mybody5.ee.mybody.ee\/proov\/#\/schema\/logo\/image\/","url":"https:\/\/mybody5.ee.mybody.ee\/proov\/wp-content\/uploads\/2023\/11\/mybody_logo_h65-2.png","contentUrl":"https:\/\/mybody5.ee.mybody.ee\/proov\/wp-content\/uploads\/2023\/11\/mybody_logo_h65-2.png","width":229,"height":65,"caption":"MyBody.ee"},"image":{"@id":"https:\/\/mybody5.ee.mybody.ee\/proov\/#\/schema\/logo\/image\/"},"sameAs":["https:\/\/facebook.com\/MyBody.ee\/"]}]}},"_links":{"self":[{"href":"https:\/\/mybody5.ee.mybody.ee\/proov\/wp-json\/wp\/v2\/product\/227","targetHints":{"allow":["GET"]}}],"collection":[{"href":"https:\/\/mybody5.ee.mybody.ee\/proov\/wp-json\/wp\/v2\/product"}],"about":[{"href":"https:\/\/mybody5.ee.mybody.ee\/proov\/wp-json\/wp\/v2\/types\/product"}],"replies":[{"embeddable":true,"href":"https:\/\/mybody5.ee.mybody.ee\/proov\/wp-json\/wp\/v2\/comments?post=227"}],"wp:featuredmedia":[{"embeddable":true,"href":"https:\/\/mybody5.ee.mybody.ee\/proov\/wp-json\/wp\/v2\/media\/226"}],"wp:attachment":[{"href":"https:\/\/mybody5.ee.mybody.ee\/proov\/wp-json\/wp\/v2\/media?parent=227"}],"wp:term":[{"taxonomy":"product_cat","embeddable":true,"href":"https:\/\/mybody5.ee.mybody.ee\/proov\/wp-json\/wp\/v2\/product_cat?post=227"},{"taxonomy":"product_tag","embeddable":true,"href":"https:\/\/mybody5.ee.mybody.ee\/proov\/wp-json\/wp\/v2\/product_tag?post=227"}],"curies":[{"name":"wp","href":"https:\/\/api.w.org\/{rel}","templated":true}]}}