{"id":238,"date":"2019-12-09T22:25:39","date_gmt":"2019-12-09T22:25:39","guid":{"rendered":"https:\/\/mybody5.ee.mybody.ee\/proov\/product\/naturaalne-vadakuvalgu-isolaat-self-micro-whey-active\/"},"modified":"2019-12-09T22:25:39","modified_gmt":"2019-12-09T22:25:39","slug":"naturaalne-vadakuvalgu-isolaat-self-micro-whey-active","status":"publish","type":"product","link":"https:\/\/mybody5.ee.mybody.ee\/proov\/product\/naturaalne-vadakuvalgu-isolaat-self-micro-whey-active\/","title":{"rendered":"Naturaalne vadakuvalgu isolaat &#8211; SELF Micro Whey Active"},"content":{"rendered":"<p><strong>Micro Whey Active<\/strong> on naturaalne vadakuvalgu isolaat, mis sisaldab v\u00e4ga suurel hulgal aminohappeid ja valkude fraktsioone, mis on kasulikud k\u00f5igile, olenemata vanusest ja soost. <span style=\"line-height: 20.7999992370605px;\">Toode on praktiliselt laktoosi- ja rasvavaba ning sisaldab vaid 1g s\u00fcsivesikuid serveeringu kohta. Micro Whey Active aitab taastuda igasugustest treeningutest, olgu nendeks j\u00f5ualad, pallim\u00e4ngud, kontaktspordialad, kergej\u00f5ustik v\u00f5i vastupidavusalad.&nbsp;<\/span><span style=\"line-height: 20.7999992370605px;\">Toodet on k\u00f5rgelt hinnanud nii tippsportlased kui&nbsp;tavaharrastajad.<\/span><\/p>\n<h3>Toime<\/h3>\n<ul>\n<li>Kiirelt imenduv&nbsp;mikrofiltreeritud ja h\u00fcdrol\u00fc\u00fcsitud vadakuvalguisolaat<\/li>\n<li>K\u00f5rgeim bioloogiline v\u00e4\u00e4rtus, imendub t\u00e4ielikult<\/li>\n<li>Palju glutamiini ja hargnenud ahelaga aminohappeid<\/li>\n<li>Kiirendab taastumist rasketest treeningutest<\/li>\n<\/ul>\n<h3>Kasutamine<\/h3>\n<p><span style=\"line-height: 20.7999992370605px;\">Segada 30 g (1 m\u00f5\u00f5dulusikas) pulbrit 3-4 dl vee, mahla v\u00f5i piimaga 1 korda p\u00e4evas. Toode ei asenda mitmek\u00fclgset ja tasakaalustatud toitumist ning tervislikku eluviisi.<\/span><\/p>\n<h3>Kellele sobib?<\/h3>\n<p><span style=\"line-height: 20.7999992370605px;\">Sobib k\u00f5ikide spordialade harrastajatele lisavalguna peale treeningut v\u00f5i valguvajaduse katmiseks p\u00e4eva jooksul.<\/span><\/p>\n<h3>Pakend: <span style=\"font-size:12px;\"><span style=\"font-family: arial,helvetica,sans-serif;\">1000g<\/span><\/span><\/h3>\n<h3>Maitse: <span style=\"font-size:12px;\"><span style=\"font-family: arial,helvetica,sans-serif;\">naturaalne<\/span><\/span><\/h3>\n<table border=\"1\" cellpadding=\"1\" cellspacing=\"1\" height=\"330\" style=\"height:100px;width:400px;\" width=\"500\">\n<tbody>\n<tr>\n<td><strong>Toitev\u00e4\u00e4rtus:<\/strong><\/td>\n<td><strong>100g<\/strong><\/td>\n<td><strong>30g<\/strong><\/td>\n<\/tr>\n<tr>\n<td>Energiat<\/td>\n<td>388kcal\/1622KJ<\/td>\n<td>116kcal\/487KJ<\/td>\n<\/tr>\n<tr>\n<td>Valgud<\/td>\n<td>84g<\/td>\n<td>25,2g<\/td>\n<\/tr>\n<tr>\n<td>S\u00fcsivesikud<br \/> \t\t\tmilles suhkur<\/td>\n<td>4g<br \/> \t\t\t3,5g<\/td>\n<td>1,2g<br \/> \t\t\t1,05g<\/td>\n<\/tr>\n<tr>\n<td>Rasvad<br \/> \t\t\tmillest k\u00fcllastunud<\/td>\n<td>4g<br \/> \t\t\t2,6g<\/td>\n<td>1,2g<br \/> \t\t\t0,78g<\/td>\n<\/tr>\n<tr>\n<td>Kiudaineid<\/td>\n<td>0g<\/td>\n<td>0g<\/td>\n<\/tr>\n<tr>\n<td>Soola<\/td>\n<td>0,3g<\/td>\n<td>0,09g<\/td>\n<\/tr>\n<tr>\n<td colspan=\"3\">\n<p><span style=\"font-size:10px;\">Koostis:&nbsp;v<span style=\"font-family: arial,helvetica,sans-serif;\">adakuvalguisolaat piimast, GlyciPEP (Gl\u00fcsiin, L-alaniin, L-l\u00fcsiin)<\/span><\/span><\/p>\n<\/td>\n<\/tr>\n<\/tbody>\n<\/table>\n<p>Konsultatsioon<\/p>\n<ul>\n<li>Oled oodatud tasuta konsultatsioonile MYBODY Audentese kauplusesse,<\/li>\n<li>Asukoht: Audentese Spordikeskus, Tondi 84.<\/li>\n<li>Telefon EST\/RUS\/ENG +372&nbsp;523 1960<\/li>\n<li>Telefon EST\/ENG +372 56&nbsp;458&nbsp;688<\/li>\n<li><a href=\"mailto:info@mybody.ee\">info@mybody.ee<\/a><\/li>\n<li><a href=\"http:\/\/www.facebook.com\/mybody.ee\">www.facebook.com\/mybody.ee<\/a><\/li>\n<\/ul>\n<hr>\n<p><em><span style=\"font-size:14px\"><strong>TEST:<\/strong><\/span><\/em> Rootsi ajakiri Fitness viis l\u00e4bi testi, milles&nbsp;v\u00f5rreldi 32 erinevat valgutoote&nbsp;maitset, l\u00f5hna ja segunemist. Micro Whey Active sai tuli katses auv\u00e4\u00e4rsele h\u00f5bedasele kohale,<span style=\"line-height: 1.6em;\">&nbsp;edestadess tuntud tooteid, nagu MuscleTech Nitrotech (4. koht), Ultimate Nutrition Protein Sensation 81 (5. koht), Weider Protein 80 Plus (11. koht), Twinlab 100% Protein Fuel (12. koht), Optimus Nutrition Gold Standard&nbsp;(13. koht), Fairing WPI (24. koht), Evolution Whey 2 (26. koht), Fx Pro (29. koht), Eiselt Double Pro (30. koht), Fast Whey 3 (31. koht).<\/span><\/p>\n<p><em><span style=\"font-size:8px\">Muscle&amp;Fittness<\/span><\/em><\/p>\n<p><img decoding=\"async\" alt=\"\" src=\"http:\/\/pood.mybody.ee\/image\/data\/B\u00c4NNERID\/soovitab_sticker3_heiki.jpg\" style=\"height:244px; width:400px\"><\/p>\n","protected":false},"excerpt":{"rendered":"<p>Micro Whey Active on naturaalne vadakuvalgu isolaat, mis sisaldab v\u00e4ga suurel hulgal aminohappeid ja valkude fraktsioone, mis on kasulikud k\u00f5igile, olenemata vanusest ja soost. Toode on praktiliselt laktoosi- ja rasvavaba ning sisaldab vaid 1g s\u00fcsivesikuid serveeringu kohta. Micro Whey Active aitab taastuda igasugustest treeningutest, olgu nendeks j\u00f5ualad, pallim\u00e4ngud, kontaktspordialad, kergej\u00f5ustik v\u00f5i vastupidavusalad.&nbsp;Toodet on k\u00f5rgelt hinnanud [&hellip;]<\/p>\n","protected":false},"featured_media":237,"comment_status":"open","ping_status":"closed","template":"","meta":{"inline_featured_image":false},"product_cat":[25,27,46],"product_tag":[],"class_list":{"0":"post-238","1":"product","2":"type-product","3":"status-publish","4":"has-post-thumbnail","6":"product_cat-naturaalsed-toidulisandid","7":"product_cat-proteiinid","8":"product_cat-vadakuvalk","9":"pa_energia-400kcal","10":"pa_kogusg-1000g","11":"pa_kunakasutada-uldiselttugevdavparasttrenni","12":"pa_rasvad-3g","13":"pa_susivesikud-4g","14":"pa_valgud-84g","15":"pa_vorm-pulber","17":"first","18":"instock","19":"shipping-taxable","20":"purchasable","21":"product-type-simple"},"yoast_head":"<!-- This site is optimized with the Yoast SEO plugin v27.3 - https:\/\/yoast.com\/product\/yoast-seo-wordpress\/ -->\n<title>Naturaalne vadakuvalgu isolaat - SELF Micro Whey Active - MyBody.ee - Toidulisandid ja sporditarvikud<\/title>\n<meta name=\"description\" content=\"Micro Whey Active on naturaalne vadakuvalgu isolaat, mis sisaldab v\u00e4\" \/>\n<meta name=\"robots\" content=\"index, follow, max-snippet:-1, max-image-preview:large, max-video-preview:-1\" \/>\n<link rel=\"canonical\" href=\"https:\/\/mybody5.ee.mybody.ee\/proov\/product\/naturaalne-vadakuvalgu-isolaat-self-micro-whey-active\/\" \/>\n<meta property=\"og:locale\" content=\"et_EE\" \/>\n<meta property=\"og:type\" content=\"article\" \/>\n<meta property=\"og:title\" content=\"Naturaalne vadakuvalgu isolaat - SELF Micro Whey Active - MyBody.ee - Toidulisandid ja sporditarvikud\" \/>\n<meta property=\"og:description\" content=\"Micro Whey Active on naturaalne vadakuvalgu isolaat, mis sisaldab v\u00e4\" \/>\n<meta property=\"og:url\" content=\"https:\/\/mybody5.ee.mybody.ee\/proov\/product\/naturaalne-vadakuvalgu-isolaat-self-micro-whey-active\/\" \/>\n<meta property=\"og:site_name\" content=\"supplero\" \/>\n<meta property=\"article:publisher\" content=\"https:\/\/facebook.com\/MyBody.ee\/\" \/>\n<meta property=\"og:image\" content=\"https:\/\/mybody5.ee.mybody.ee\/proov\/wp-content\/uploads\/2019\/12\/Micro-Whey-naturaalne-vadakuvalk.png\" \/>\n\t<meta property=\"og:image:width\" content=\"596\" \/>\n\t<meta property=\"og:image:height\" content=\"593\" \/>\n\t<meta property=\"og:image:type\" content=\"image\/png\" \/>\n<meta name=\"twitter:card\" content=\"summary_large_image\" \/>\n<meta name=\"twitter:label1\" content=\"Est. reading time\" \/>\n\t<meta name=\"twitter:data1\" content=\"1 minut\" \/>\n<script type=\"application\/ld+json\" class=\"yoast-schema-graph\">{\"@context\":\"https:\\\/\\\/schema.org\",\"@graph\":[{\"@type\":\"WebPage\",\"@id\":\"https:\\\/\\\/mybody5.ee.mybody.ee\\\/proov\\\/product\\\/naturaalne-vadakuvalgu-isolaat-self-micro-whey-active\\\/\",\"url\":\"https:\\\/\\\/mybody5.ee.mybody.ee\\\/proov\\\/product\\\/naturaalne-vadakuvalgu-isolaat-self-micro-whey-active\\\/\",\"name\":\"Naturaalne vadakuvalgu isolaat - SELF Micro Whey Active - MyBody.ee - Toidulisandid ja sporditarvikud\",\"isPartOf\":{\"@id\":\"https:\\\/\\\/mybody5.ee.mybody.ee\\\/proov\\\/#website\"},\"primaryImageOfPage\":{\"@id\":\"https:\\\/\\\/mybody5.ee.mybody.ee\\\/proov\\\/product\\\/naturaalne-vadakuvalgu-isolaat-self-micro-whey-active\\\/#primaryimage\"},\"image\":{\"@id\":\"https:\\\/\\\/mybody5.ee.mybody.ee\\\/proov\\\/product\\\/naturaalne-vadakuvalgu-isolaat-self-micro-whey-active\\\/#primaryimage\"},\"thumbnailUrl\":\"https:\\\/\\\/mybody5.ee.mybody.ee\\\/proov\\\/wp-content\\\/uploads\\\/2019\\\/12\\\/Micro-Whey-naturaalne-vadakuvalk.png\",\"datePublished\":\"2019-12-09T22:25:39+00:00\",\"description\":\"Micro Whey Active on naturaalne vadakuvalgu isolaat, mis sisaldab v\u00e4\",\"breadcrumb\":{\"@id\":\"https:\\\/\\\/mybody5.ee.mybody.ee\\\/proov\\\/product\\\/naturaalne-vadakuvalgu-isolaat-self-micro-whey-active\\\/#breadcrumb\"},\"inLanguage\":\"et\",\"potentialAction\":[{\"@type\":\"ReadAction\",\"target\":[\"https:\\\/\\\/mybody5.ee.mybody.ee\\\/proov\\\/product\\\/naturaalne-vadakuvalgu-isolaat-self-micro-whey-active\\\/\"]}]},{\"@type\":\"ImageObject\",\"inLanguage\":\"et\",\"@id\":\"https:\\\/\\\/mybody5.ee.mybody.ee\\\/proov\\\/product\\\/naturaalne-vadakuvalgu-isolaat-self-micro-whey-active\\\/#primaryimage\",\"url\":\"https:\\\/\\\/mybody5.ee.mybody.ee\\\/proov\\\/wp-content\\\/uploads\\\/2019\\\/12\\\/Micro-Whey-naturaalne-vadakuvalk.png\",\"contentUrl\":\"https:\\\/\\\/mybody5.ee.mybody.ee\\\/proov\\\/wp-content\\\/uploads\\\/2019\\\/12\\\/Micro-Whey-naturaalne-vadakuvalk.png\",\"width\":596,\"height\":593,\"caption\":\"Naturaalne vadakuvalgu isolaat - SELF Micro Whey Active\"},{\"@type\":\"BreadcrumbList\",\"@id\":\"https:\\\/\\\/mybody5.ee.mybody.ee\\\/proov\\\/product\\\/naturaalne-vadakuvalgu-isolaat-self-micro-whey-active\\\/#breadcrumb\",\"itemListElement\":[{\"@type\":\"ListItem\",\"position\":1,\"name\":\"Home\",\"item\":\"https:\\\/\\\/mybody5.ee.mybody.ee\\\/proov\\\/\"},{\"@type\":\"ListItem\",\"position\":2,\"name\":\"Shop\",\"item\":\"https:\\\/\\\/mybody5.ee.mybody.ee\\\/proov\\\/shop\\\/\"},{\"@type\":\"ListItem\",\"position\":3,\"name\":\"Naturaalne vadakuvalgu isolaat &#8211; SELF Micro Whey Active\"}]},{\"@type\":\"WebSite\",\"@id\":\"https:\\\/\\\/mybody5.ee.mybody.ee\\\/proov\\\/#website\",\"url\":\"https:\\\/\\\/mybody5.ee.mybody.ee\\\/proov\\\/\",\"name\":\"MyBody.ee - Toidulisandid ja sporditarvikud\",\"description\":\"Just another WordPress site\",\"publisher\":{\"@id\":\"https:\\\/\\\/mybody5.ee.mybody.ee\\\/proov\\\/#organization\"},\"potentialAction\":[{\"@type\":\"SearchAction\",\"target\":{\"@type\":\"EntryPoint\",\"urlTemplate\":\"https:\\\/\\\/mybody5.ee.mybody.ee\\\/proov\\\/?s={search_term_string}\"},\"query-input\":{\"@type\":\"PropertyValueSpecification\",\"valueRequired\":true,\"valueName\":\"search_term_string\"}}],\"inLanguage\":\"et\"},{\"@type\":\"Organization\",\"@id\":\"https:\\\/\\\/mybody5.ee.mybody.ee\\\/proov\\\/#organization\",\"name\":\"MyBody.ee\",\"url\":\"https:\\\/\\\/mybody5.ee.mybody.ee\\\/proov\\\/\",\"logo\":{\"@type\":\"ImageObject\",\"inLanguage\":\"et\",\"@id\":\"https:\\\/\\\/mybody5.ee.mybody.ee\\\/proov\\\/#\\\/schema\\\/logo\\\/image\\\/\",\"url\":\"https:\\\/\\\/mybody5.ee.mybody.ee\\\/proov\\\/wp-content\\\/uploads\\\/2023\\\/11\\\/mybody_logo_h65-2.png\",\"contentUrl\":\"https:\\\/\\\/mybody5.ee.mybody.ee\\\/proov\\\/wp-content\\\/uploads\\\/2023\\\/11\\\/mybody_logo_h65-2.png\",\"width\":229,\"height\":65,\"caption\":\"MyBody.ee\"},\"image\":{\"@id\":\"https:\\\/\\\/mybody5.ee.mybody.ee\\\/proov\\\/#\\\/schema\\\/logo\\\/image\\\/\"},\"sameAs\":[\"https:\\\/\\\/facebook.com\\\/MyBody.ee\\\/\"]}]}<\/script>\n<!-- \/ Yoast SEO plugin. -->","yoast_head_json":{"title":"Naturaalne vadakuvalgu isolaat - SELF Micro Whey Active - MyBody.ee - Toidulisandid ja sporditarvikud","description":"Micro Whey Active on naturaalne vadakuvalgu isolaat, mis sisaldab v\u00e4","robots":{"index":"index","follow":"follow","max-snippet":"max-snippet:-1","max-image-preview":"max-image-preview:large","max-video-preview":"max-video-preview:-1"},"canonical":"https:\/\/mybody5.ee.mybody.ee\/proov\/product\/naturaalne-vadakuvalgu-isolaat-self-micro-whey-active\/","og_locale":"et_EE","og_type":"article","og_title":"Naturaalne vadakuvalgu isolaat - SELF Micro Whey Active - MyBody.ee - Toidulisandid ja sporditarvikud","og_description":"Micro Whey Active on naturaalne vadakuvalgu isolaat, mis sisaldab v\u00e4","og_url":"https:\/\/mybody5.ee.mybody.ee\/proov\/product\/naturaalne-vadakuvalgu-isolaat-self-micro-whey-active\/","og_site_name":"supplero","article_publisher":"https:\/\/facebook.com\/MyBody.ee\/","og_image":[{"width":596,"height":593,"url":"https:\/\/mybody5.ee.mybody.ee\/proov\/wp-content\/uploads\/2019\/12\/Micro-Whey-naturaalne-vadakuvalk.png","type":"image\/png"}],"twitter_card":"summary_large_image","twitter_misc":{"Est. reading time":"1 minut"},"schema":{"@context":"https:\/\/schema.org","@graph":[{"@type":"WebPage","@id":"https:\/\/mybody5.ee.mybody.ee\/proov\/product\/naturaalne-vadakuvalgu-isolaat-self-micro-whey-active\/","url":"https:\/\/mybody5.ee.mybody.ee\/proov\/product\/naturaalne-vadakuvalgu-isolaat-self-micro-whey-active\/","name":"Naturaalne vadakuvalgu isolaat - SELF Micro Whey Active - MyBody.ee - Toidulisandid ja sporditarvikud","isPartOf":{"@id":"https:\/\/mybody5.ee.mybody.ee\/proov\/#website"},"primaryImageOfPage":{"@id":"https:\/\/mybody5.ee.mybody.ee\/proov\/product\/naturaalne-vadakuvalgu-isolaat-self-micro-whey-active\/#primaryimage"},"image":{"@id":"https:\/\/mybody5.ee.mybody.ee\/proov\/product\/naturaalne-vadakuvalgu-isolaat-self-micro-whey-active\/#primaryimage"},"thumbnailUrl":"https:\/\/mybody5.ee.mybody.ee\/proov\/wp-content\/uploads\/2019\/12\/Micro-Whey-naturaalne-vadakuvalk.png","datePublished":"2019-12-09T22:25:39+00:00","description":"Micro Whey Active on naturaalne vadakuvalgu isolaat, mis sisaldab v\u00e4","breadcrumb":{"@id":"https:\/\/mybody5.ee.mybody.ee\/proov\/product\/naturaalne-vadakuvalgu-isolaat-self-micro-whey-active\/#breadcrumb"},"inLanguage":"et","potentialAction":[{"@type":"ReadAction","target":["https:\/\/mybody5.ee.mybody.ee\/proov\/product\/naturaalne-vadakuvalgu-isolaat-self-micro-whey-active\/"]}]},{"@type":"ImageObject","inLanguage":"et","@id":"https:\/\/mybody5.ee.mybody.ee\/proov\/product\/naturaalne-vadakuvalgu-isolaat-self-micro-whey-active\/#primaryimage","url":"https:\/\/mybody5.ee.mybody.ee\/proov\/wp-content\/uploads\/2019\/12\/Micro-Whey-naturaalne-vadakuvalk.png","contentUrl":"https:\/\/mybody5.ee.mybody.ee\/proov\/wp-content\/uploads\/2019\/12\/Micro-Whey-naturaalne-vadakuvalk.png","width":596,"height":593,"caption":"Naturaalne vadakuvalgu isolaat - SELF Micro Whey Active"},{"@type":"BreadcrumbList","@id":"https:\/\/mybody5.ee.mybody.ee\/proov\/product\/naturaalne-vadakuvalgu-isolaat-self-micro-whey-active\/#breadcrumb","itemListElement":[{"@type":"ListItem","position":1,"name":"Home","item":"https:\/\/mybody5.ee.mybody.ee\/proov\/"},{"@type":"ListItem","position":2,"name":"Shop","item":"https:\/\/mybody5.ee.mybody.ee\/proov\/shop\/"},{"@type":"ListItem","position":3,"name":"Naturaalne vadakuvalgu isolaat &#8211; SELF Micro Whey Active"}]},{"@type":"WebSite","@id":"https:\/\/mybody5.ee.mybody.ee\/proov\/#website","url":"https:\/\/mybody5.ee.mybody.ee\/proov\/","name":"MyBody.ee - Toidulisandid ja sporditarvikud","description":"Just another WordPress site","publisher":{"@id":"https:\/\/mybody5.ee.mybody.ee\/proov\/#organization"},"potentialAction":[{"@type":"SearchAction","target":{"@type":"EntryPoint","urlTemplate":"https:\/\/mybody5.ee.mybody.ee\/proov\/?s={search_term_string}"},"query-input":{"@type":"PropertyValueSpecification","valueRequired":true,"valueName":"search_term_string"}}],"inLanguage":"et"},{"@type":"Organization","@id":"https:\/\/mybody5.ee.mybody.ee\/proov\/#organization","name":"MyBody.ee","url":"https:\/\/mybody5.ee.mybody.ee\/proov\/","logo":{"@type":"ImageObject","inLanguage":"et","@id":"https:\/\/mybody5.ee.mybody.ee\/proov\/#\/schema\/logo\/image\/","url":"https:\/\/mybody5.ee.mybody.ee\/proov\/wp-content\/uploads\/2023\/11\/mybody_logo_h65-2.png","contentUrl":"https:\/\/mybody5.ee.mybody.ee\/proov\/wp-content\/uploads\/2023\/11\/mybody_logo_h65-2.png","width":229,"height":65,"caption":"MyBody.ee"},"image":{"@id":"https:\/\/mybody5.ee.mybody.ee\/proov\/#\/schema\/logo\/image\/"},"sameAs":["https:\/\/facebook.com\/MyBody.ee\/"]}]}},"_links":{"self":[{"href":"https:\/\/mybody5.ee.mybody.ee\/proov\/wp-json\/wp\/v2\/product\/238","targetHints":{"allow":["GET"]}}],"collection":[{"href":"https:\/\/mybody5.ee.mybody.ee\/proov\/wp-json\/wp\/v2\/product"}],"about":[{"href":"https:\/\/mybody5.ee.mybody.ee\/proov\/wp-json\/wp\/v2\/types\/product"}],"replies":[{"embeddable":true,"href":"https:\/\/mybody5.ee.mybody.ee\/proov\/wp-json\/wp\/v2\/comments?post=238"}],"wp:featuredmedia":[{"embeddable":true,"href":"https:\/\/mybody5.ee.mybody.ee\/proov\/wp-json\/wp\/v2\/media\/237"}],"wp:attachment":[{"href":"https:\/\/mybody5.ee.mybody.ee\/proov\/wp-json\/wp\/v2\/media?parent=238"}],"wp:term":[{"taxonomy":"product_cat","embeddable":true,"href":"https:\/\/mybody5.ee.mybody.ee\/proov\/wp-json\/wp\/v2\/product_cat?post=238"},{"taxonomy":"product_tag","embeddable":true,"href":"https:\/\/mybody5.ee.mybody.ee\/proov\/wp-json\/wp\/v2\/product_tag?post=238"}],"curies":[{"name":"wp","href":"https:\/\/api.w.org\/{rel}","templated":true}]}}