{"id":26,"date":"2019-12-09T22:25:36","date_gmt":"2019-12-09T22:25:36","guid":{"rendered":"https:\/\/mybody5.ee.mybody.ee\/proov\/product\/energeetilise-potentsiaali-atp-vabastaja-aminostar-xpower-inosin\/"},"modified":"2019-12-09T22:25:36","modified_gmt":"2019-12-09T22:25:36","slug":"energeetilise-potentsiaali-atp-vabastaja-aminostar-xpower-inosin","status":"publish","type":"product","link":"https:\/\/mybody5.ee.mybody.ee\/proov\/product\/energeetilise-potentsiaali-atp-vabastaja-aminostar-xpower-inosin\/","title":{"rendered":"Energeetilise potentsiaali (ATP) vabastaja &#8211; Aminostar Xpower Inosin"},"content":{"rendered":"<p><strong>Xpower Inosiin<\/strong>&nbsp;on m\u00f5eldud efektiivsema lihastegevuse ja vereringe toetamiseks ning energeetilise potentsiaali (ATP) t\u00f5stmiseks. Inosiin on kehale omane aine, mis osaleb terves reas organismis toimuvates protsessides. Inosiin on prekursor \u00fche peamise energiaallika, ATP,&nbsp;loomisel. Inosiiniga varustatusest s\u00f5ltub terve rida f\u00fc\u00fcsilist j\u00f5udlust m\u00f5jutavaid protsesse, mille hulka kuulub ka lihaskoe hapnikuga varustamine. K\u00f5ik see toob kaasa nii lihast\u00f6\u00f6 efektiivsemaks muutumise kui ka treeningute \u00fcldise kvaliteedi t\u00f5usu. Vastupidavusspordialade puhul on oluline selle m\u00f5ju piimhappe tekkimise v\u00e4hendamisel pingutuse ajal. Seet\u00f5ttu on eriti sobiv vastupidavus- ja j\u00f5uvastupidavusspordialadel.<\/p>\n<p>ATP varud rakus on piiratud. Loomulikult piisab lihases ATP-d k\u00f5igest 20-30 kokkut\u00f5mbeks. Treeningul v\u00f5ivad aga lihased t\u00f6\u00f6tada tundide kaupa, sooritades tuhandeid kokkut\u00f5mbeid. Seega peab rakus k\u00f5rvuti ATP kulutamisega&nbsp;leidma aset ka selle taastamine. ATP kiiremaks taastumiseks on hea lahendus<strong>, inosiin!<\/strong><\/p>\n<h3>Toime<\/h3>\n<ul>\n<li>Tagab k\u00f5rge energiataseme f\u00fc\u00fcsilise aktiivsuse ajal<\/li>\n<li>Suurendab hapniku tarbimist f\u00fc\u00fcsilise aktiivuse ajal<\/li>\n<li>Toetab s\u00fcdame tegevust ja immuunsust<\/li>\n<li>Toetab lihastegevuse efektiivsust ja&nbsp;vereringet<\/li>\n<li>T\u00f5stab energeetilise potentsiaali (ATP)<\/li>\n<\/ul>\n<h3>Kasutamine<\/h3>\n<p>1-2 kapslit&nbsp;30 minutit enne treeningut.&nbsp;Maksimaalselt neli&nbsp;kapslit p\u00e4evas koos&nbsp;piisava koguse vedelikuga. \u00c4rge n\u00e4rige kapsleid ega v\u00f5tke neid koos piima- v\u00f5i alkohoolsete jookidega.<\/p>\n<h3>Kellele?<\/h3>\n<p>Inimestele, kes tahavad suurendada ATP hulka lihastes ning seel\u00e4bi&nbsp;parandada&nbsp;lihasvastupidavust.&nbsp;Sobib jooksjatele, ratturitele, s\u00f5udjatele, ujujatele ning teistele vastupidavus spordialade harrastajatele<\/p>\n<h3>Pakend: <span style=\"font-size:12px;\"><span style=\"font-family: arial,helvetica,sans-serif;\">100 kapslit<\/span><\/span><\/h3>\n<table border=\"1\" cellpadding=\"1\" cellspacing=\"1\" style=\"width: 500px;\">\n<tbody>\n<tr>\n<td><strong>Xpower Inosin aktiivsed koostisosad<\/strong><\/td>\n<td><strong>1 kapsel<\/strong><\/td>\n<\/tr>\n<tr>\n<td>Inosiin<\/td>\n<td>600 mg<\/td>\n<\/tr>\n<tr>\n<td colspan=\"2\"><span style=\"font-size:10px;\">Koostis:&nbsp;Inosiin, \u017eelatiinikapsel (\u017eelatiin, v\u00e4rvaine: titaandioksiid), paakumisvastased ained: magneesiumstearaat.<\/span><\/td>\n<\/tr>\n<\/tbody>\n<\/table>\n<p>Artikkel:&nbsp;<a href=\"http:\/\/mybody.ee\/milleks-meile-atp-ja-kuidas-inosiin-aitab-selle-sunteesile-kaasa\/\"><u><em><span itemprop=\"name\" style=\"padding: 0px; margin: 0px; outline: none; list-style: none; border: 0px none;\">Milleks meile ATP ja kuidas t\u00f5sta lihasv\u00f5imekust?<\/span><\/em><\/u><\/a><\/p>\n<p>Konsultatsioon<\/p>\n<ul>\n<li>Oled oodatud tasuta konsultatsioonile MYBODY Audentese kauplusesse,<\/li>\n<li>Asukoht: Audentese Spordikeskus, Tondi 84.<\/li>\n<li>Telefon EST\/RUS\/ENG +372&nbsp;523 1960<\/li>\n<li>Telefon EST\/ENG +372 56&nbsp;458&nbsp;688<\/li>\n<li><a href=\"mailto:info@mybody.ee\">info@mybody.ee<\/a><\/li>\n<li><a href=\"http:\/\/www.facebook.com\/mybody.ee\">www.facebook.com\/mybody.ee<\/a><\/li>\n<\/ul>\n<div>&nbsp;<\/div>\n","protected":false},"excerpt":{"rendered":"<p>Xpower Inosiin&nbsp;on m\u00f5eldud efektiivsema lihastegevuse ja vereringe toetamiseks ning energeetilise potentsiaali (ATP) t\u00f5stmiseks. Inosiin on kehale omane aine, mis osaleb terves reas organismis toimuvates protsessides. Inosiin on prekursor \u00fche peamise energiaallika, ATP,&nbsp;loomisel. Inosiiniga varustatusest s\u00f5ltub terve rida f\u00fc\u00fcsilist j\u00f5udlust m\u00f5jutavaid protsesse, mille hulka kuulub ka lihaskoe hapnikuga varustamine. K\u00f5ik see toob kaasa nii lihast\u00f6\u00f6 efektiivsemaks [&hellip;]<\/p>\n","protected":false},"featured_media":24,"comment_status":"open","ping_status":"closed","template":"","meta":{"inline_featured_image":false},"product_cat":[20],"product_tag":[],"class_list":{"0":"post-26","1":"product","2":"type-product","3":"status-publish","4":"has-post-thumbnail","6":"product_cat-energia-vastupidavus","7":"pa_kogustablettikapslit-100tk","8":"pa_kunakasutada-ennetrenni","9":"pa_vorm-tablettkapsel","11":"first","12":"instock","13":"shipping-taxable","14":"purchasable","15":"product-type-simple"},"yoast_head":"<!-- This site is optimized with the Yoast SEO plugin v27.3 - https:\/\/yoast.com\/product\/yoast-seo-wordpress\/ -->\n<title>Energeetilise potentsiaali (ATP) vabastaja - Aminostar Xpower Inosin - MyBody.ee - Toidulisandid ja sporditarvikud<\/title>\n<meta name=\"description\" content=\"Xpower Inosiin\u00a0on m\u00f5eldud efektiivsema lihastegevuse ja vereringe toetamiseks\" \/>\n<meta name=\"robots\" content=\"index, follow, max-snippet:-1, max-image-preview:large, max-video-preview:-1\" \/>\n<link rel=\"canonical\" href=\"https:\/\/mybody5.ee.mybody.ee\/proov\/product\/energeetilise-potentsiaali-atp-vabastaja-aminostar-xpower-inosin\/\" \/>\n<meta property=\"og:locale\" content=\"et_EE\" \/>\n<meta property=\"og:type\" content=\"article\" \/>\n<meta property=\"og:title\" content=\"Energeetilise potentsiaali (ATP) vabastaja - Aminostar Xpower Inosin - MyBody.ee - Toidulisandid ja sporditarvikud\" \/>\n<meta property=\"og:description\" content=\"Xpower Inosiin\u00a0on m\u00f5eldud efektiivsema lihastegevuse ja vereringe toetamiseks\" \/>\n<meta property=\"og:url\" content=\"https:\/\/mybody5.ee.mybody.ee\/proov\/product\/energeetilise-potentsiaali-atp-vabastaja-aminostar-xpower-inosin\/\" \/>\n<meta property=\"og:site_name\" content=\"supplero\" \/>\n<meta property=\"article:publisher\" content=\"https:\/\/facebook.com\/MyBody.ee\/\" \/>\n<meta property=\"og:image\" content=\"https:\/\/mybody5.ee.mybody.ee\/proov\/wp-content\/uploads\/2019\/12\/xpower-inosin_100cps_2011.png\" \/>\n\t<meta property=\"og:image:width\" content=\"350\" \/>\n\t<meta property=\"og:image:height\" content=\"350\" \/>\n\t<meta property=\"og:image:type\" content=\"image\/png\" \/>\n<meta name=\"twitter:card\" content=\"summary_large_image\" \/>\n<meta name=\"twitter:label1\" content=\"Est. reading time\" \/>\n\t<meta name=\"twitter:data1\" content=\"1 minut\" \/>\n<script type=\"application\/ld+json\" class=\"yoast-schema-graph\">{\"@context\":\"https:\\\/\\\/schema.org\",\"@graph\":[{\"@type\":\"WebPage\",\"@id\":\"https:\\\/\\\/mybody5.ee.mybody.ee\\\/proov\\\/product\\\/energeetilise-potentsiaali-atp-vabastaja-aminostar-xpower-inosin\\\/\",\"url\":\"https:\\\/\\\/mybody5.ee.mybody.ee\\\/proov\\\/product\\\/energeetilise-potentsiaali-atp-vabastaja-aminostar-xpower-inosin\\\/\",\"name\":\"Energeetilise potentsiaali (ATP) vabastaja - Aminostar Xpower Inosin - MyBody.ee - Toidulisandid ja sporditarvikud\",\"isPartOf\":{\"@id\":\"https:\\\/\\\/mybody5.ee.mybody.ee\\\/proov\\\/#website\"},\"primaryImageOfPage\":{\"@id\":\"https:\\\/\\\/mybody5.ee.mybody.ee\\\/proov\\\/product\\\/energeetilise-potentsiaali-atp-vabastaja-aminostar-xpower-inosin\\\/#primaryimage\"},\"image\":{\"@id\":\"https:\\\/\\\/mybody5.ee.mybody.ee\\\/proov\\\/product\\\/energeetilise-potentsiaali-atp-vabastaja-aminostar-xpower-inosin\\\/#primaryimage\"},\"thumbnailUrl\":\"https:\\\/\\\/mybody5.ee.mybody.ee\\\/proov\\\/wp-content\\\/uploads\\\/2019\\\/12\\\/xpower-inosin_100cps_2011.png\",\"datePublished\":\"2019-12-09T22:25:36+00:00\",\"description\":\"Xpower Inosiin\u00a0on m\u00f5eldud efektiivsema lihastegevuse ja vereringe toetamiseks\",\"breadcrumb\":{\"@id\":\"https:\\\/\\\/mybody5.ee.mybody.ee\\\/proov\\\/product\\\/energeetilise-potentsiaali-atp-vabastaja-aminostar-xpower-inosin\\\/#breadcrumb\"},\"inLanguage\":\"et\",\"potentialAction\":[{\"@type\":\"ReadAction\",\"target\":[\"https:\\\/\\\/mybody5.ee.mybody.ee\\\/proov\\\/product\\\/energeetilise-potentsiaali-atp-vabastaja-aminostar-xpower-inosin\\\/\"]}]},{\"@type\":\"ImageObject\",\"inLanguage\":\"et\",\"@id\":\"https:\\\/\\\/mybody5.ee.mybody.ee\\\/proov\\\/product\\\/energeetilise-potentsiaali-atp-vabastaja-aminostar-xpower-inosin\\\/#primaryimage\",\"url\":\"https:\\\/\\\/mybody5.ee.mybody.ee\\\/proov\\\/wp-content\\\/uploads\\\/2019\\\/12\\\/xpower-inosin_100cps_2011.png\",\"contentUrl\":\"https:\\\/\\\/mybody5.ee.mybody.ee\\\/proov\\\/wp-content\\\/uploads\\\/2019\\\/12\\\/xpower-inosin_100cps_2011.png\",\"width\":350,\"height\":350,\"caption\":\"Energeetilise potentsiaali (ATP) vabastaja - Aminostar Xpower Inosin\"},{\"@type\":\"BreadcrumbList\",\"@id\":\"https:\\\/\\\/mybody5.ee.mybody.ee\\\/proov\\\/product\\\/energeetilise-potentsiaali-atp-vabastaja-aminostar-xpower-inosin\\\/#breadcrumb\",\"itemListElement\":[{\"@type\":\"ListItem\",\"position\":1,\"name\":\"Home\",\"item\":\"https:\\\/\\\/mybody5.ee.mybody.ee\\\/proov\\\/\"},{\"@type\":\"ListItem\",\"position\":2,\"name\":\"Shop\",\"item\":\"https:\\\/\\\/mybody5.ee.mybody.ee\\\/proov\\\/shop\\\/\"},{\"@type\":\"ListItem\",\"position\":3,\"name\":\"Energeetilise potentsiaali (ATP) vabastaja &#8211; Aminostar Xpower Inosin\"}]},{\"@type\":\"WebSite\",\"@id\":\"https:\\\/\\\/mybody5.ee.mybody.ee\\\/proov\\\/#website\",\"url\":\"https:\\\/\\\/mybody5.ee.mybody.ee\\\/proov\\\/\",\"name\":\"MyBody.ee - Toidulisandid ja sporditarvikud\",\"description\":\"Just another WordPress site\",\"publisher\":{\"@id\":\"https:\\\/\\\/mybody5.ee.mybody.ee\\\/proov\\\/#organization\"},\"potentialAction\":[{\"@type\":\"SearchAction\",\"target\":{\"@type\":\"EntryPoint\",\"urlTemplate\":\"https:\\\/\\\/mybody5.ee.mybody.ee\\\/proov\\\/?s={search_term_string}\"},\"query-input\":{\"@type\":\"PropertyValueSpecification\",\"valueRequired\":true,\"valueName\":\"search_term_string\"}}],\"inLanguage\":\"et\"},{\"@type\":\"Organization\",\"@id\":\"https:\\\/\\\/mybody5.ee.mybody.ee\\\/proov\\\/#organization\",\"name\":\"MyBody.ee\",\"url\":\"https:\\\/\\\/mybody5.ee.mybody.ee\\\/proov\\\/\",\"logo\":{\"@type\":\"ImageObject\",\"inLanguage\":\"et\",\"@id\":\"https:\\\/\\\/mybody5.ee.mybody.ee\\\/proov\\\/#\\\/schema\\\/logo\\\/image\\\/\",\"url\":\"https:\\\/\\\/mybody5.ee.mybody.ee\\\/proov\\\/wp-content\\\/uploads\\\/2023\\\/11\\\/mybody_logo_h65-2.png\",\"contentUrl\":\"https:\\\/\\\/mybody5.ee.mybody.ee\\\/proov\\\/wp-content\\\/uploads\\\/2023\\\/11\\\/mybody_logo_h65-2.png\",\"width\":229,\"height\":65,\"caption\":\"MyBody.ee\"},\"image\":{\"@id\":\"https:\\\/\\\/mybody5.ee.mybody.ee\\\/proov\\\/#\\\/schema\\\/logo\\\/image\\\/\"},\"sameAs\":[\"https:\\\/\\\/facebook.com\\\/MyBody.ee\\\/\"]}]}<\/script>\n<!-- \/ Yoast SEO plugin. -->","yoast_head_json":{"title":"Energeetilise potentsiaali (ATP) vabastaja - Aminostar Xpower Inosin - MyBody.ee - Toidulisandid ja sporditarvikud","description":"Xpower Inosiin\u00a0on m\u00f5eldud efektiivsema lihastegevuse ja vereringe toetamiseks","robots":{"index":"index","follow":"follow","max-snippet":"max-snippet:-1","max-image-preview":"max-image-preview:large","max-video-preview":"max-video-preview:-1"},"canonical":"https:\/\/mybody5.ee.mybody.ee\/proov\/product\/energeetilise-potentsiaali-atp-vabastaja-aminostar-xpower-inosin\/","og_locale":"et_EE","og_type":"article","og_title":"Energeetilise potentsiaali (ATP) vabastaja - Aminostar Xpower Inosin - MyBody.ee - Toidulisandid ja sporditarvikud","og_description":"Xpower Inosiin\u00a0on m\u00f5eldud efektiivsema lihastegevuse ja vereringe toetamiseks","og_url":"https:\/\/mybody5.ee.mybody.ee\/proov\/product\/energeetilise-potentsiaali-atp-vabastaja-aminostar-xpower-inosin\/","og_site_name":"supplero","article_publisher":"https:\/\/facebook.com\/MyBody.ee\/","og_image":[{"width":350,"height":350,"url":"https:\/\/mybody5.ee.mybody.ee\/proov\/wp-content\/uploads\/2019\/12\/xpower-inosin_100cps_2011.png","type":"image\/png"}],"twitter_card":"summary_large_image","twitter_misc":{"Est. reading time":"1 minut"},"schema":{"@context":"https:\/\/schema.org","@graph":[{"@type":"WebPage","@id":"https:\/\/mybody5.ee.mybody.ee\/proov\/product\/energeetilise-potentsiaali-atp-vabastaja-aminostar-xpower-inosin\/","url":"https:\/\/mybody5.ee.mybody.ee\/proov\/product\/energeetilise-potentsiaali-atp-vabastaja-aminostar-xpower-inosin\/","name":"Energeetilise potentsiaali (ATP) vabastaja - Aminostar Xpower Inosin - MyBody.ee - Toidulisandid ja sporditarvikud","isPartOf":{"@id":"https:\/\/mybody5.ee.mybody.ee\/proov\/#website"},"primaryImageOfPage":{"@id":"https:\/\/mybody5.ee.mybody.ee\/proov\/product\/energeetilise-potentsiaali-atp-vabastaja-aminostar-xpower-inosin\/#primaryimage"},"image":{"@id":"https:\/\/mybody5.ee.mybody.ee\/proov\/product\/energeetilise-potentsiaali-atp-vabastaja-aminostar-xpower-inosin\/#primaryimage"},"thumbnailUrl":"https:\/\/mybody5.ee.mybody.ee\/proov\/wp-content\/uploads\/2019\/12\/xpower-inosin_100cps_2011.png","datePublished":"2019-12-09T22:25:36+00:00","description":"Xpower Inosiin\u00a0on m\u00f5eldud efektiivsema lihastegevuse ja vereringe toetamiseks","breadcrumb":{"@id":"https:\/\/mybody5.ee.mybody.ee\/proov\/product\/energeetilise-potentsiaali-atp-vabastaja-aminostar-xpower-inosin\/#breadcrumb"},"inLanguage":"et","potentialAction":[{"@type":"ReadAction","target":["https:\/\/mybody5.ee.mybody.ee\/proov\/product\/energeetilise-potentsiaali-atp-vabastaja-aminostar-xpower-inosin\/"]}]},{"@type":"ImageObject","inLanguage":"et","@id":"https:\/\/mybody5.ee.mybody.ee\/proov\/product\/energeetilise-potentsiaali-atp-vabastaja-aminostar-xpower-inosin\/#primaryimage","url":"https:\/\/mybody5.ee.mybody.ee\/proov\/wp-content\/uploads\/2019\/12\/xpower-inosin_100cps_2011.png","contentUrl":"https:\/\/mybody5.ee.mybody.ee\/proov\/wp-content\/uploads\/2019\/12\/xpower-inosin_100cps_2011.png","width":350,"height":350,"caption":"Energeetilise potentsiaali (ATP) vabastaja - Aminostar Xpower Inosin"},{"@type":"BreadcrumbList","@id":"https:\/\/mybody5.ee.mybody.ee\/proov\/product\/energeetilise-potentsiaali-atp-vabastaja-aminostar-xpower-inosin\/#breadcrumb","itemListElement":[{"@type":"ListItem","position":1,"name":"Home","item":"https:\/\/mybody5.ee.mybody.ee\/proov\/"},{"@type":"ListItem","position":2,"name":"Shop","item":"https:\/\/mybody5.ee.mybody.ee\/proov\/shop\/"},{"@type":"ListItem","position":3,"name":"Energeetilise potentsiaali (ATP) vabastaja &#8211; Aminostar Xpower Inosin"}]},{"@type":"WebSite","@id":"https:\/\/mybody5.ee.mybody.ee\/proov\/#website","url":"https:\/\/mybody5.ee.mybody.ee\/proov\/","name":"MyBody.ee - Toidulisandid ja sporditarvikud","description":"Just another WordPress site","publisher":{"@id":"https:\/\/mybody5.ee.mybody.ee\/proov\/#organization"},"potentialAction":[{"@type":"SearchAction","target":{"@type":"EntryPoint","urlTemplate":"https:\/\/mybody5.ee.mybody.ee\/proov\/?s={search_term_string}"},"query-input":{"@type":"PropertyValueSpecification","valueRequired":true,"valueName":"search_term_string"}}],"inLanguage":"et"},{"@type":"Organization","@id":"https:\/\/mybody5.ee.mybody.ee\/proov\/#organization","name":"MyBody.ee","url":"https:\/\/mybody5.ee.mybody.ee\/proov\/","logo":{"@type":"ImageObject","inLanguage":"et","@id":"https:\/\/mybody5.ee.mybody.ee\/proov\/#\/schema\/logo\/image\/","url":"https:\/\/mybody5.ee.mybody.ee\/proov\/wp-content\/uploads\/2023\/11\/mybody_logo_h65-2.png","contentUrl":"https:\/\/mybody5.ee.mybody.ee\/proov\/wp-content\/uploads\/2023\/11\/mybody_logo_h65-2.png","width":229,"height":65,"caption":"MyBody.ee"},"image":{"@id":"https:\/\/mybody5.ee.mybody.ee\/proov\/#\/schema\/logo\/image\/"},"sameAs":["https:\/\/facebook.com\/MyBody.ee\/"]}]}},"_links":{"self":[{"href":"https:\/\/mybody5.ee.mybody.ee\/proov\/wp-json\/wp\/v2\/product\/26","targetHints":{"allow":["GET"]}}],"collection":[{"href":"https:\/\/mybody5.ee.mybody.ee\/proov\/wp-json\/wp\/v2\/product"}],"about":[{"href":"https:\/\/mybody5.ee.mybody.ee\/proov\/wp-json\/wp\/v2\/types\/product"}],"replies":[{"embeddable":true,"href":"https:\/\/mybody5.ee.mybody.ee\/proov\/wp-json\/wp\/v2\/comments?post=26"}],"wp:featuredmedia":[{"embeddable":true,"href":"https:\/\/mybody5.ee.mybody.ee\/proov\/wp-json\/wp\/v2\/media\/24"}],"wp:attachment":[{"href":"https:\/\/mybody5.ee.mybody.ee\/proov\/wp-json\/wp\/v2\/media?parent=26"}],"wp:term":[{"taxonomy":"product_cat","embeddable":true,"href":"https:\/\/mybody5.ee.mybody.ee\/proov\/wp-json\/wp\/v2\/product_cat?post=26"},{"taxonomy":"product_tag","embeddable":true,"href":"https:\/\/mybody5.ee.mybody.ee\/proov\/wp-json\/wp\/v2\/product_tag?post=26"}],"curies":[{"name":"wp","href":"https:\/\/api.w.org\/{rel}","templated":true}]}}