{"id":304,"date":"2019-12-09T22:25:39","date_gmt":"2019-12-09T22:25:39","guid":{"rendered":"https:\/\/mybody5.ee.mybody.ee\/proov\/product\/eheda-sokolaadi-maitsega-vadakuvalgupulber-taastumiseks-self-whey-shake\/"},"modified":"2019-12-09T22:25:39","modified_gmt":"2019-12-09T22:25:39","slug":"eheda-sokolaadi-maitsega-vadakuvalgupulber-taastumiseks-self-whey-shake","status":"publish","type":"product","link":"https:\/\/mybody5.ee.mybody.ee\/proov\/product\/eheda-sokolaadi-maitsega-vadakuvalgupulber-taastumiseks-self-whey-shake\/","title":{"rendered":"Eheda \u0161okolaadi maitsega vadakuvalgupulber taastumiseks &#8211; SELF Whey Shake"},"content":{"rendered":"<p><strong>BF 06.2023<\/strong><\/p>\n<p><strong>Whey Shake<\/strong> on magusainega toidulisand&nbsp;kvaliteetsest piima vadakuvalgust<span style=\"line-height: 20.7999992370605px;\">, mis sobib kasutamiseks nii tipp<\/span>sportlastele, tervisesportlastele kui lihtsalt oma tervisest hoolivatele inimestele, kuna&nbsp;<span style=\"line-height: 20.7999992370605px;\">vadakuvalk on nii v\u00f5i teisiti organismile vajalik makrotoitaine<\/span>.&nbsp;<span style=\"line-height: 20.7999992370605px;\">Toode on eriline oma suurep\u00e4rase ja puhta maitse poolest, mis on saavutatud t\u00e4nu naturaalsele&nbsp;piima-, koore- ja kakaopulbrile, millele ei ole lisatud tehislikku&nbsp;\u0161okolaadimaitseainet. <\/span><span style=\"line-height: 20.7999992370605px;\">Whey Shake aitab taastuda igasugustest treeningutest, olgu nendeks j\u00f5ualad, pallim\u00e4ngud, kontaktspordialad, kergej\u00f5ustik v\u00f5i vastupidavusalad.<\/span><\/p>\n<p>Men\u00fc\u00fc valgusisalduse suurendamiseks v\u00f5ib&nbsp;valgupulbrit&nbsp;segada ka pudru v\u00f5i jogurti sisse. &nbsp;<strong style=\"line-height: 20.7999992370605px;\">Whey Shake<\/strong><span style=\"line-height: 20.7999992370605px;\">&nbsp;p<\/span>roteiinipulber talub ka kuumutamist ning sobib seet\u00f5ttu h\u00e4sti k\u00fcpsetamiseks ja&nbsp;toiduvalmistamiseks.<\/p>\n<p><strong>Whey Shake<\/strong> on saadaval maheda \u0161okolaadi maitsega.<\/p>\n<h3>Omadused<\/h3>\n<ul>\n<li>Veelgi parem maitse t\u00e4nu uuele tehnoloogiale<\/li>\n<li>K\u00f5rgeima bioloogilise v\u00e4\u00e4rtusega valk<\/li>\n<li>Sobib ka k\u00fcpsetamiseks<\/li>\n<li>Maitsestatud ehtsa&nbsp;kakaoga<\/li>\n<\/ul>\n<h3>Kasutamine<\/h3>\n<p><span style=\"line-height: 20.7999992370605px;\">Segada 30 g (1 m\u00f5\u00f5dulusikas) pulbrit 3-4 dl vee, mahla v\u00f5i piimaga 1-3 korda p\u00e4evas. Toode ei asenda mitmek\u00fclgset ja tasakaalustatud toitumist ning tervislikku eluviisi.<\/span><\/p>\n<h3>Kellele sobib?<\/h3>\n<p><span style=\"line-height: 20.7999992370605px;\">Sobib k\u00f5ikide spordialade harrastajatele lisavalguna enne ja\/v\u00f5i&nbsp;p\u00e4rast trenni ning valguvajaduse katmiseks p\u00e4eva jooksul. Aitab taastuda rasketest treeningutest.<\/span><\/p>\n<h3>Pakend: <span style=\"font-size:12px;\"><span style=\"font-family: arial,helvetica,sans-serif;\">1000g<\/span><\/span><\/h3>\n<h3>Maitsed: <span style=\"font-size:12px;\"><span style=\"font-family: arial,helvetica,sans-serif;\">Mahe \u0161okolaad<\/span><\/span><\/h3>\n<table border=\"1\" cellpadding=\"1\" cellspacing=\"1\" height=\"330\" style=\"height:100px;width:400px;\" width=\"500\">\n<tbody>\n<tr>\n<td><strong>Toitev\u00e4\u00e4rtus:<\/strong><\/td>\n<td><strong>100g<\/strong><\/td>\n<td><strong>30g<\/strong><\/td>\n<\/tr>\n<tr>\n<td>Energiat<\/td>\n<td>400kcal\/1750KJ<\/td>\n<td>120kcal\/525KJ<\/td>\n<\/tr>\n<tr>\n<td>Valku<\/td>\n<td>75g<\/td>\n<td>22,5g<\/td>\n<\/tr>\n<tr>\n<td>S\u00fcsivesikuid,<br \/> \t\t\tmillest suhkruid<\/td>\n<td>13g<br \/> \t\t\t12g<\/td>\n<td>3,9g<br \/> \t\t\t3,6g<\/td>\n<\/tr>\n<tr>\n<td>Rasva,<br \/> \t\t\tmillest k\u00fcllastunud rasvhappeid<\/td>\n<td>4g<br \/> \t\t\t3,5g<\/td>\n<td>1,2g<br \/> \t\t\t1,0g<\/td>\n<\/tr>\n<tr>\n<td>Kiudaineid<\/td>\n<td>1,3g<\/td>\n<td>0,4g<\/td>\n<\/tr>\n<tr>\n<td>Soola<\/td>\n<td>0,4g<\/td>\n<td>0,12g<\/td>\n<\/tr>\n<tr>\n<td colspan=\"3\">\n<p><span style=\"font-size:9px;\"><strong>Koostis:<\/strong> <span style=\"font-family: arial,helvetica,sans-serif;\">Vadakuvalk (piimast), maitseained, kooritud piim, kakao, koorepulber (piimast), stabilisaator (E466), emulgaator (E322-letsistiin), magusaine (E950,sukraloos)<\/span><\/span><\/p>\n<\/td>\n<\/tr>\n<\/tbody>\n<\/table>\n<h3><img decoding=\"async\" alt=\"\" src=\"http:\/\/pood.mybody.ee\/image\/data\/chef-hat-green-md.png\" style=\"width: 35px; height: 41px;\">Lihtsad ja maitsvad valguk\u00fcpsised<\/h3>\n<p><strong><span style=\"font-size:14px;\">Koostisosad:<\/span><\/strong><\/p>\n<ul>\n<li><span style=\"color:#000000;\"><span style=\"font-size: 13px;\">4 spl&nbsp;<\/span><\/span><span style=\"font-size: 13px; box-sizing: border-box; transition: all 0.1s ease-in-out; -webkit-transition: all 0.1s ease-in-out; text-decoration: none;\"><a href=\"http:\/\/pood.mybody.ee\/index.php?route=product\/product&amp;product_id=656\" style=\"font-size: 13px; box-sizing: border-box; transition: all 0.1s ease-in-out; -webkit-transition: all 0.1s ease-in-out; color: rgb(255, 136, 0); text-decoration: none;\"><span style=\"color:#000000;\">Self Omninutrition Whey Shake Smooth Chocolate valgupulbrit<\/span><\/a><\/span><\/li>\n<li><span style=\"color:#000000;\"><span style=\"font-size: 13px;\">4 spl Provena gluteenivabu jumbo kaerahelbeid<\/span><\/span><\/li>\n<li><span style=\"color:#000000;\"><span style=\"font-size: 13px;\">2 spl naturaalset maap\u00e4hkliv\u00f5id<\/span><\/span><\/li>\n<li><span style=\"color:#000000;\"><span style=\"font-size: 13px;\">2 spl Vitariz metsp\u00e4hklipiima v\u00f5i muud soovip\u00e4rast piima<\/span><\/span><\/li>\n<li><span style=\"color:#000000;\"><span style=\"font-size: 13px;\">n\u00e4put\u00e4is Tervisetooted Himaalaja roosisoola<span style=\"color:#000000;\"><span style=\"font-size: 13px;\">\u200b<\/span><\/span><\/span><\/span><\/li>\n<\/ul>\n<p><strong><span style=\"font-size:14px;\">Valmistamine:<\/span><\/strong><\/p>\n<ul>\n<li><span style=\"color: rgb(0, 0, 0);\">Sega maap\u00e4hkliv\u00f5i koos piimaga \u00fchtlaseks.<\/span><\/li>\n<li><span style=\"color: rgb(0, 0, 0);\">Puista sisse v\u00e4heke soola, valgupulber ja kaerahelbed ning sega uuesti.<\/span><\/li>\n<li><span style=\"color: rgb(0, 0, 0);\">Kui segu on raske vormida, aseta see 20 minutiks k\u00fclma.<\/span><\/li>\n<li><span style=\"color: rgb(0, 0, 0);\">Vormi kahek\u00fcmneks k\u00fcpsiseks.<\/span><\/li>\n<li><span style=\"color: rgb(0, 0, 0);\">Soovi korral v\u00f5id neid ka k\u00fcpsetada.<\/span><\/li>\n<\/ul>\n<p><strong><span style=\"color: rgb(0, 0, 0);\">\u200b<\/span><span style=\"color: rgb(0, 0, 0);\">M\u00f5nusat valgutamist!<\/span><\/strong><\/p>\n<p><span style=\"color: rgb(0, 0, 0);\">Retsepti autor: Merilin Taimre, www.paljasporgand.ee<\/span><\/p>\n<p class=\"ingredient\" style=\"box-sizing: border-box; padding: 0px; margin: 0px 0px 0px 10px; line-height: inherit; list-style: none; background-position: 0px 0px;\"><\/p>\n<p>Konsultatsioon<\/p>\n<ul>\n<li>Oled oodatud tasuta konsultatsioonile MYBODY Audentese kauplusesse,<\/li>\n<li>Asukoht: Audentese Spordikeskus, Tondi 84.<\/li>\n<li>Telefon EST\/RUS\/ENG +372&nbsp;523 1960<\/li>\n<li>Telefon EST\/ENG +372 56&nbsp;458&nbsp;688<\/li>\n<li><a href=\"mailto:info@mybody.ee\">info@mybody.ee<\/a><\/li>\n<li><a href=\"http:\/\/www.facebook.com\/mybody.ee\">www.facebook.com\/mybody.ee<\/a><\/li>\n<\/ul>\n<hr>\n","protected":false},"excerpt":{"rendered":"<p>BF 06.2023 Whey Shake on magusainega toidulisand&nbsp;kvaliteetsest piima vadakuvalgust, mis sobib kasutamiseks nii tippsportlastele, tervisesportlastele kui lihtsalt oma tervisest hoolivatele inimestele, kuna&nbsp;vadakuvalk on nii v\u00f5i teisiti organismile vajalik makrotoitaine.&nbsp;Toode on eriline oma suurep\u00e4rase ja puhta maitse poolest, mis on saavutatud t\u00e4nu naturaalsele&nbsp;piima-, koore- ja kakaopulbrile, millele ei ole lisatud tehislikku&nbsp;\u0161okolaadimaitseainet. Whey Shake aitab taastuda igasugustest [&hellip;]<\/p>\n","protected":false},"featured_media":303,"comment_status":"open","ping_status":"closed","template":"","meta":{"inline_featured_image":false},"product_cat":[27,29,46],"product_tag":[363,365,359,369,364,367,366,370,368],"class_list":{"0":"post-304","1":"product","2":"type-product","3":"status-publish","4":"has-post-thumbnail","6":"product_cat-proteiinid","7":"product_cat-sooduspakkumised","8":"product_cat-vadakuvalk","9":"product_tag-eheda","10":"product_tag-maitsega","11":"product_tag-self","12":"product_tag-shake","13":"product_tag-sokolaadi","14":"product_tag-taastumiseks","15":"product_tag-vadakuvalgupulber","16":"product_tag-vadakuvalk","17":"product_tag-whey","18":"pa_energia-400kcal","19":"pa_kogusg-1000g","20":"pa_kunakasutada-uldiselttugevdavparasttrenni","21":"pa_rasvad-4g","22":"pa_susivesikud-13g","23":"pa_valgud-75g","24":"pa_vorm-pulber","26":"first","27":"instock","28":"shipping-taxable","29":"purchasable","30":"product-type-simple"},"yoast_head":"<!-- This site is optimized with the Yoast SEO plugin v27.3 - https:\/\/yoast.com\/product\/yoast-seo-wordpress\/ -->\n<title>Eheda \u0161okolaadi maitsega vadakuvalgupulber taastumiseks - SELF Whey Shake - MyBody.ee - Toidulisandid ja sporditarvikud<\/title>\n<meta name=\"description\" content=\"Whey Shake on magusainega toidulisand\u00a0kvaliteetsest piima vadakuvalgust, mis sobib\" \/>\n<meta name=\"robots\" content=\"index, follow, max-snippet:-1, max-image-preview:large, max-video-preview:-1\" \/>\n<link rel=\"canonical\" href=\"https:\/\/mybody5.ee.mybody.ee\/proov\/product\/eheda-sokolaadi-maitsega-vadakuvalgupulber-taastumiseks-self-whey-shake\/\" \/>\n<meta property=\"og:locale\" content=\"et_EE\" \/>\n<meta property=\"og:type\" content=\"article\" \/>\n<meta property=\"og:title\" content=\"Eheda \u0161okolaadi maitsega vadakuvalgupulber taastumiseks - SELF Whey Shake - MyBody.ee - Toidulisandid ja sporditarvikud\" \/>\n<meta property=\"og:description\" content=\"Whey Shake on magusainega toidulisand\u00a0kvaliteetsest piima vadakuvalgust, mis sobib\" \/>\n<meta property=\"og:url\" content=\"https:\/\/mybody5.ee.mybody.ee\/proov\/product\/eheda-sokolaadi-maitsega-vadakuvalgupulber-taastumiseks-self-whey-shake\/\" \/>\n<meta property=\"og:site_name\" content=\"supplero\" \/>\n<meta property=\"article:publisher\" content=\"https:\/\/facebook.com\/MyBody.ee\/\" \/>\n<meta property=\"og:image\" content=\"https:\/\/mybody5.ee.mybody.ee\/proov\/wp-content\/uploads\/2019\/12\/Whey-Shake-naturaalse-sokolaadi_1.png\" \/>\n\t<meta property=\"og:image:width\" content=\"453\" \/>\n\t<meta property=\"og:image:height\" content=\"600\" \/>\n\t<meta property=\"og:image:type\" content=\"image\/png\" \/>\n<meta name=\"twitter:card\" content=\"summary_large_image\" \/>\n<meta name=\"twitter:label1\" content=\"Est. reading time\" \/>\n\t<meta name=\"twitter:data1\" content=\"2 minutit\" \/>\n<script type=\"application\/ld+json\" class=\"yoast-schema-graph\">{\"@context\":\"https:\\\/\\\/schema.org\",\"@graph\":[{\"@type\":\"WebPage\",\"@id\":\"https:\\\/\\\/mybody5.ee.mybody.ee\\\/proov\\\/product\\\/eheda-sokolaadi-maitsega-vadakuvalgupulber-taastumiseks-self-whey-shake\\\/\",\"url\":\"https:\\\/\\\/mybody5.ee.mybody.ee\\\/proov\\\/product\\\/eheda-sokolaadi-maitsega-vadakuvalgupulber-taastumiseks-self-whey-shake\\\/\",\"name\":\"Eheda \u0161okolaadi maitsega vadakuvalgupulber taastumiseks - SELF Whey Shake - MyBody.ee - Toidulisandid ja sporditarvikud\",\"isPartOf\":{\"@id\":\"https:\\\/\\\/mybody5.ee.mybody.ee\\\/proov\\\/#website\"},\"primaryImageOfPage\":{\"@id\":\"https:\\\/\\\/mybody5.ee.mybody.ee\\\/proov\\\/product\\\/eheda-sokolaadi-maitsega-vadakuvalgupulber-taastumiseks-self-whey-shake\\\/#primaryimage\"},\"image\":{\"@id\":\"https:\\\/\\\/mybody5.ee.mybody.ee\\\/proov\\\/product\\\/eheda-sokolaadi-maitsega-vadakuvalgupulber-taastumiseks-self-whey-shake\\\/#primaryimage\"},\"thumbnailUrl\":\"https:\\\/\\\/mybody5.ee.mybody.ee\\\/proov\\\/wp-content\\\/uploads\\\/2019\\\/12\\\/Whey-Shake-naturaalse-sokolaadi_1.png\",\"datePublished\":\"2019-12-09T22:25:39+00:00\",\"description\":\"Whey Shake on magusainega toidulisand\u00a0kvaliteetsest piima vadakuvalgust, mis sobib\",\"breadcrumb\":{\"@id\":\"https:\\\/\\\/mybody5.ee.mybody.ee\\\/proov\\\/product\\\/eheda-sokolaadi-maitsega-vadakuvalgupulber-taastumiseks-self-whey-shake\\\/#breadcrumb\"},\"inLanguage\":\"et\",\"potentialAction\":[{\"@type\":\"ReadAction\",\"target\":[\"https:\\\/\\\/mybody5.ee.mybody.ee\\\/proov\\\/product\\\/eheda-sokolaadi-maitsega-vadakuvalgupulber-taastumiseks-self-whey-shake\\\/\"]}]},{\"@type\":\"ImageObject\",\"inLanguage\":\"et\",\"@id\":\"https:\\\/\\\/mybody5.ee.mybody.ee\\\/proov\\\/product\\\/eheda-sokolaadi-maitsega-vadakuvalgupulber-taastumiseks-self-whey-shake\\\/#primaryimage\",\"url\":\"https:\\\/\\\/mybody5.ee.mybody.ee\\\/proov\\\/wp-content\\\/uploads\\\/2019\\\/12\\\/Whey-Shake-naturaalse-sokolaadi_1.png\",\"contentUrl\":\"https:\\\/\\\/mybody5.ee.mybody.ee\\\/proov\\\/wp-content\\\/uploads\\\/2019\\\/12\\\/Whey-Shake-naturaalse-sokolaadi_1.png\",\"width\":453,\"height\":600,\"caption\":\"Eheda \u0161okolaadi maitsega vadakuvalgupulber taastumiseks - SELF Whey Shake\"},{\"@type\":\"BreadcrumbList\",\"@id\":\"https:\\\/\\\/mybody5.ee.mybody.ee\\\/proov\\\/product\\\/eheda-sokolaadi-maitsega-vadakuvalgupulber-taastumiseks-self-whey-shake\\\/#breadcrumb\",\"itemListElement\":[{\"@type\":\"ListItem\",\"position\":1,\"name\":\"Home\",\"item\":\"https:\\\/\\\/mybody5.ee.mybody.ee\\\/proov\\\/\"},{\"@type\":\"ListItem\",\"position\":2,\"name\":\"Shop\",\"item\":\"https:\\\/\\\/mybody5.ee.mybody.ee\\\/proov\\\/shop\\\/\"},{\"@type\":\"ListItem\",\"position\":3,\"name\":\"Eheda \u0161okolaadi maitsega vadakuvalgupulber taastumiseks &#8211; SELF Whey Shake\"}]},{\"@type\":\"WebSite\",\"@id\":\"https:\\\/\\\/mybody5.ee.mybody.ee\\\/proov\\\/#website\",\"url\":\"https:\\\/\\\/mybody5.ee.mybody.ee\\\/proov\\\/\",\"name\":\"MyBody.ee - Toidulisandid ja sporditarvikud\",\"description\":\"Just another WordPress site\",\"publisher\":{\"@id\":\"https:\\\/\\\/mybody5.ee.mybody.ee\\\/proov\\\/#organization\"},\"potentialAction\":[{\"@type\":\"SearchAction\",\"target\":{\"@type\":\"EntryPoint\",\"urlTemplate\":\"https:\\\/\\\/mybody5.ee.mybody.ee\\\/proov\\\/?s={search_term_string}\"},\"query-input\":{\"@type\":\"PropertyValueSpecification\",\"valueRequired\":true,\"valueName\":\"search_term_string\"}}],\"inLanguage\":\"et\"},{\"@type\":\"Organization\",\"@id\":\"https:\\\/\\\/mybody5.ee.mybody.ee\\\/proov\\\/#organization\",\"name\":\"MyBody.ee\",\"url\":\"https:\\\/\\\/mybody5.ee.mybody.ee\\\/proov\\\/\",\"logo\":{\"@type\":\"ImageObject\",\"inLanguage\":\"et\",\"@id\":\"https:\\\/\\\/mybody5.ee.mybody.ee\\\/proov\\\/#\\\/schema\\\/logo\\\/image\\\/\",\"url\":\"https:\\\/\\\/mybody5.ee.mybody.ee\\\/proov\\\/wp-content\\\/uploads\\\/2023\\\/11\\\/mybody_logo_h65-2.png\",\"contentUrl\":\"https:\\\/\\\/mybody5.ee.mybody.ee\\\/proov\\\/wp-content\\\/uploads\\\/2023\\\/11\\\/mybody_logo_h65-2.png\",\"width\":229,\"height\":65,\"caption\":\"MyBody.ee\"},\"image\":{\"@id\":\"https:\\\/\\\/mybody5.ee.mybody.ee\\\/proov\\\/#\\\/schema\\\/logo\\\/image\\\/\"},\"sameAs\":[\"https:\\\/\\\/facebook.com\\\/MyBody.ee\\\/\"]}]}<\/script>\n<!-- \/ Yoast SEO plugin. -->","yoast_head_json":{"title":"Eheda \u0161okolaadi maitsega vadakuvalgupulber taastumiseks - SELF Whey Shake - MyBody.ee - Toidulisandid ja sporditarvikud","description":"Whey Shake on magusainega toidulisand\u00a0kvaliteetsest piima vadakuvalgust, mis sobib","robots":{"index":"index","follow":"follow","max-snippet":"max-snippet:-1","max-image-preview":"max-image-preview:large","max-video-preview":"max-video-preview:-1"},"canonical":"https:\/\/mybody5.ee.mybody.ee\/proov\/product\/eheda-sokolaadi-maitsega-vadakuvalgupulber-taastumiseks-self-whey-shake\/","og_locale":"et_EE","og_type":"article","og_title":"Eheda \u0161okolaadi maitsega vadakuvalgupulber taastumiseks - SELF Whey Shake - MyBody.ee - Toidulisandid ja sporditarvikud","og_description":"Whey Shake on magusainega toidulisand\u00a0kvaliteetsest piima vadakuvalgust, mis sobib","og_url":"https:\/\/mybody5.ee.mybody.ee\/proov\/product\/eheda-sokolaadi-maitsega-vadakuvalgupulber-taastumiseks-self-whey-shake\/","og_site_name":"supplero","article_publisher":"https:\/\/facebook.com\/MyBody.ee\/","og_image":[{"width":453,"height":600,"url":"https:\/\/mybody5.ee.mybody.ee\/proov\/wp-content\/uploads\/2019\/12\/Whey-Shake-naturaalse-sokolaadi_1.png","type":"image\/png"}],"twitter_card":"summary_large_image","twitter_misc":{"Est. reading time":"2 minutit"},"schema":{"@context":"https:\/\/schema.org","@graph":[{"@type":"WebPage","@id":"https:\/\/mybody5.ee.mybody.ee\/proov\/product\/eheda-sokolaadi-maitsega-vadakuvalgupulber-taastumiseks-self-whey-shake\/","url":"https:\/\/mybody5.ee.mybody.ee\/proov\/product\/eheda-sokolaadi-maitsega-vadakuvalgupulber-taastumiseks-self-whey-shake\/","name":"Eheda \u0161okolaadi maitsega vadakuvalgupulber taastumiseks - SELF Whey Shake - MyBody.ee - Toidulisandid ja sporditarvikud","isPartOf":{"@id":"https:\/\/mybody5.ee.mybody.ee\/proov\/#website"},"primaryImageOfPage":{"@id":"https:\/\/mybody5.ee.mybody.ee\/proov\/product\/eheda-sokolaadi-maitsega-vadakuvalgupulber-taastumiseks-self-whey-shake\/#primaryimage"},"image":{"@id":"https:\/\/mybody5.ee.mybody.ee\/proov\/product\/eheda-sokolaadi-maitsega-vadakuvalgupulber-taastumiseks-self-whey-shake\/#primaryimage"},"thumbnailUrl":"https:\/\/mybody5.ee.mybody.ee\/proov\/wp-content\/uploads\/2019\/12\/Whey-Shake-naturaalse-sokolaadi_1.png","datePublished":"2019-12-09T22:25:39+00:00","description":"Whey Shake on magusainega toidulisand\u00a0kvaliteetsest piima vadakuvalgust, mis sobib","breadcrumb":{"@id":"https:\/\/mybody5.ee.mybody.ee\/proov\/product\/eheda-sokolaadi-maitsega-vadakuvalgupulber-taastumiseks-self-whey-shake\/#breadcrumb"},"inLanguage":"et","potentialAction":[{"@type":"ReadAction","target":["https:\/\/mybody5.ee.mybody.ee\/proov\/product\/eheda-sokolaadi-maitsega-vadakuvalgupulber-taastumiseks-self-whey-shake\/"]}]},{"@type":"ImageObject","inLanguage":"et","@id":"https:\/\/mybody5.ee.mybody.ee\/proov\/product\/eheda-sokolaadi-maitsega-vadakuvalgupulber-taastumiseks-self-whey-shake\/#primaryimage","url":"https:\/\/mybody5.ee.mybody.ee\/proov\/wp-content\/uploads\/2019\/12\/Whey-Shake-naturaalse-sokolaadi_1.png","contentUrl":"https:\/\/mybody5.ee.mybody.ee\/proov\/wp-content\/uploads\/2019\/12\/Whey-Shake-naturaalse-sokolaadi_1.png","width":453,"height":600,"caption":"Eheda \u0161okolaadi maitsega vadakuvalgupulber taastumiseks - SELF Whey Shake"},{"@type":"BreadcrumbList","@id":"https:\/\/mybody5.ee.mybody.ee\/proov\/product\/eheda-sokolaadi-maitsega-vadakuvalgupulber-taastumiseks-self-whey-shake\/#breadcrumb","itemListElement":[{"@type":"ListItem","position":1,"name":"Home","item":"https:\/\/mybody5.ee.mybody.ee\/proov\/"},{"@type":"ListItem","position":2,"name":"Shop","item":"https:\/\/mybody5.ee.mybody.ee\/proov\/shop\/"},{"@type":"ListItem","position":3,"name":"Eheda \u0161okolaadi maitsega vadakuvalgupulber taastumiseks &#8211; SELF Whey Shake"}]},{"@type":"WebSite","@id":"https:\/\/mybody5.ee.mybody.ee\/proov\/#website","url":"https:\/\/mybody5.ee.mybody.ee\/proov\/","name":"MyBody.ee - Toidulisandid ja sporditarvikud","description":"Just another WordPress site","publisher":{"@id":"https:\/\/mybody5.ee.mybody.ee\/proov\/#organization"},"potentialAction":[{"@type":"SearchAction","target":{"@type":"EntryPoint","urlTemplate":"https:\/\/mybody5.ee.mybody.ee\/proov\/?s={search_term_string}"},"query-input":{"@type":"PropertyValueSpecification","valueRequired":true,"valueName":"search_term_string"}}],"inLanguage":"et"},{"@type":"Organization","@id":"https:\/\/mybody5.ee.mybody.ee\/proov\/#organization","name":"MyBody.ee","url":"https:\/\/mybody5.ee.mybody.ee\/proov\/","logo":{"@type":"ImageObject","inLanguage":"et","@id":"https:\/\/mybody5.ee.mybody.ee\/proov\/#\/schema\/logo\/image\/","url":"https:\/\/mybody5.ee.mybody.ee\/proov\/wp-content\/uploads\/2023\/11\/mybody_logo_h65-2.png","contentUrl":"https:\/\/mybody5.ee.mybody.ee\/proov\/wp-content\/uploads\/2023\/11\/mybody_logo_h65-2.png","width":229,"height":65,"caption":"MyBody.ee"},"image":{"@id":"https:\/\/mybody5.ee.mybody.ee\/proov\/#\/schema\/logo\/image\/"},"sameAs":["https:\/\/facebook.com\/MyBody.ee\/"]}]}},"_links":{"self":[{"href":"https:\/\/mybody5.ee.mybody.ee\/proov\/wp-json\/wp\/v2\/product\/304","targetHints":{"allow":["GET"]}}],"collection":[{"href":"https:\/\/mybody5.ee.mybody.ee\/proov\/wp-json\/wp\/v2\/product"}],"about":[{"href":"https:\/\/mybody5.ee.mybody.ee\/proov\/wp-json\/wp\/v2\/types\/product"}],"replies":[{"embeddable":true,"href":"https:\/\/mybody5.ee.mybody.ee\/proov\/wp-json\/wp\/v2\/comments?post=304"}],"wp:featuredmedia":[{"embeddable":true,"href":"https:\/\/mybody5.ee.mybody.ee\/proov\/wp-json\/wp\/v2\/media\/303"}],"wp:attachment":[{"href":"https:\/\/mybody5.ee.mybody.ee\/proov\/wp-json\/wp\/v2\/media?parent=304"}],"wp:term":[{"taxonomy":"product_cat","embeddable":true,"href":"https:\/\/mybody5.ee.mybody.ee\/proov\/wp-json\/wp\/v2\/product_cat?post=304"},{"taxonomy":"product_tag","embeddable":true,"href":"https:\/\/mybody5.ee.mybody.ee\/proov\/wp-json\/wp\/v2\/product_tag?post=304"}],"curies":[{"name":"wp","href":"https:\/\/api.w.org\/{rel}","templated":true}]}}