{"id":317,"date":"2019-12-09T22:25:39","date_gmt":"2019-12-09T22:25:39","guid":{"rendered":"https:\/\/mybody5.ee.mybody.ee\/proov\/product\/suussulav-piimasokolaadi-proteiinibatoon-all-stars-whey-crisp\/"},"modified":"2019-12-09T22:25:39","modified_gmt":"2019-12-09T22:25:39","slug":"suussulav-piimasokolaadi-proteiinibatoon-all-stars-whey-crisp","status":"publish","type":"product","link":"https:\/\/mybody5.ee.mybody.ee\/proov\/product\/suussulav-piimasokolaadi-proteiinibatoon-all-stars-whey-crisp\/","title":{"rendered":"Suussulav piima\u0161okolaadi proteiinibatoon &#8211; All Stars Whey Crisp"},"content":{"rendered":"<p><strong>All Stars Whey Crisp on suussulav piima\u0161okolaadi proteiinibatoon.<\/strong><\/p>\n<p><strong>Whey Crisp<\/strong> on klassikaline piima\u0161okolaadi&nbsp;batoon kuhu on lisatud kehale vajalike valke. Seda m\u00f5nusalt tasakaalustatud maitsebuketti t\u00e4iendavad veelgi kr\u00f5bedad vadakuvalgu osakesed. Whey Crisp&nbsp;on m\u00f5nusalt kr\u00f5be ja seega on batoon kergesti hammustatav.<\/p>\n<p><strong>Whey Crisp<\/strong> sobib h\u00e4sti magusaks vahepalaks neile, kes armastavad piima &#8211; v\u00f5i&nbsp; valget \u0161okolaadi ning kellele ei meeldi tumeda \u0161okolaadi m\u00f5rkjalt kakaone maitse. Samuti tasub seda maiust proovida neil, kes otsivad vahelduseks tavap\u00e4rastele proteiinibatoonidele midagi uudset ja teistsugust.&nbsp;<\/p>\n<\/p>\n<ul>\n<li>30% valku<\/li>\n<li>Sobib vahepalaks<\/li>\n<li>Suussulavad maitsed<\/li>\n<li>Parem kui komm<\/li>\n<li>Piima\u0161okolaad ja valge \u0161okolaad<\/li>\n<\/ul>\n<h3>Kasutamine<\/h3>\n<p>Sobib k\u00f5igile kergeks vahepalaks toidukordade vahepeal v\u00f5i tervislikuks suupisteks.&nbsp;<span style=\"line-height: 20.8px;\">Vastavalt vajadusele 1-2 batooni p\u00e4evas.<\/span><\/p>\n<h3>Kellele sobib?<\/h3>\n<p><strong style=\"line-height: 20.8px;\">All Stars&nbsp;Whey Crisp<\/strong> batoon on m\u00f5eldud kasutamiseks k\u00f5igile, kes peavad lugu tervislikust toitumisest ning soovivad kiiret ja maitsvat vahepala. <strong style=\"line-height: 20.8px;\">All Stars&nbsp;Whey Crisp<\/strong>&nbsp;on parem kui komm.<\/p>\n<h3>Maitsed: <font face=\"arial, helvetica, sans-serif\"><span style=\"font-size: 12px;\">\u0161okolaad, valge \u0161okolaad k\u00fcpsise&nbsp;t\u00fckkidega, valge \u0161okolaad vaarika t\u00fckkidega, valge \u0161okolaadi mandli<\/span><\/font><img decoding=\"async\" src=\"https:\/\/mybody5.ee.mybody.ee\/proov\/wp-content\/uploads\/2019\/12\/IMG_7539-scaled.jpg\" style=\"width: 50%;\"><\/h3>\n<table border=\"1\" cellpadding=\"1\" cellspacing=\"1\" height=\"422\" style=\"height:100px;line-height:1.6em;width:600px;\" width=\"501\">\n<tbody>\n<tr>\n<td><strong style=\"line-height: 20.8px;\">Whey Crisp \u0161okolaadi maitselise&nbsp;<\/strong><strong>toitev\u00e4\u00e4rtus <\/strong><\/td>\n<td><strong>50g<\/strong><\/td>\n<td><strong>100g<\/strong><\/td>\n<\/tr>\n<tr>\n<td>Energiat<\/td>\n<td>249kcal\/1038kJ<\/td>\n<td>497kcal\/2076kJ<\/td>\n<\/tr>\n<tr>\n<td>Valke<\/td>\n<td>15 g<\/td>\n<td>30 g<\/td>\n<\/tr>\n<tr>\n<td>S\u00fcsivesikuid<br \/> \t\t\tmilles suhkrud<\/td>\n<td>14 g<br \/> \t\t\t11 g<\/td>\n<td>28 g<br \/> \t\t\t22 g<\/td>\n<\/tr>\n<tr>\n<td>Rasvu<br \/> \t\t\tmillest k\u00fcllastunud rasvu<\/td>\n<td>14 g<br \/> \t\t\t6,5 g<\/td>\n<td>28 g<br \/> \t\t\t13 g<\/td>\n<\/tr>\n<tr>\n<td>Soola<\/td>\n<td>0,1 g<\/td>\n<td>0,3 g<\/td>\n<\/tr>\n<tr>\n<td colspan=\"3\">\n<p><span style=\"font-size: 10px; line-height: 20.8px;\">Koostis: p<\/span><span style=\"font-size: 10px; line-height: 1.6em;\">iima\u0161okolaad&nbsp;(kakaomass, suhkur, t\u00e4ispiimapulber,&nbsp;<\/span><span style=\"font-size: 10px; line-height: 1.6em;\"><span style=\"line-height: 1.6em;\">kakaov\u00f5i,&nbsp;vadakuvalguisolaat,&nbsp;<\/span><\/span><span style=\"font-size: 10px; line-height: 20.8px;\">emulgaator:&nbsp;sojaletsitiin,&nbsp;vaniljeekstrakt<\/span><span style=\"font-size: 10px; line-height: 1.6em;\"><span style=\"line-height: 1.6em;\">),<\/span><\/span><span style=\"font-size: 10px; line-height: 20.8px;\"> vadakuvalgu kr\u00f5bedat t\u00fckid (vadakuvalgu isolaat, riisijahu,&nbsp;emulgaator: sojaletsitiin), sojagraanulid (sojavalgu isolaat, sojavalgu konsentraat), sulav\u00f5i.&nbsp;<\/span><span style=\"font-size: 10px; line-height: 20.8px;\">V\u00f5ib sisaldada gluteeni,&nbsp;m\u00e4\u00e4p\u00e4hklite&nbsp;ja teiste p\u00e4hklite j\u00e4\u00e4ke<\/span><\/p>\n<\/td>\n<\/tr>\n<\/tbody>\n<\/table>\n<p>  <\/p>\n<h3>Konsultatsioon<\/h3>\n<ul>\n<li>Oled oodatud tasuta konsultatsioonile MYBODY Audentese kauplusesse,<\/li>\n<li>Asukoht: Audentese Spordikeskus, Tondi 84.<\/li>\n<li>Telefon EST\/RUS\/ENG +372&nbsp;523 1960<\/li>\n<li>Telefon EST\/ENG +372 56&nbsp;458&nbsp;688<\/li>\n<li><a href=\"mailto:info@mybody.ee\">info@mybody.ee<\/a><\/li>\n<li><a href=\"http:\/\/www.facebook.com\/mybody.ee\">www.facebook.com\/mybody.ee<\/a><\/li>\n<\/ul>\n<div id=\"__if72ru4sdfsdfrkjahiuyi_once\" style=\"display:none;\">&nbsp;<\/div>\n<div id=\"__hggasdgjhsagd_once\" style=\"display:none;\">&nbsp;<\/div>\n","protected":false},"excerpt":{"rendered":"<p>All Stars Whey Crisp on suussulav piima\u0161okolaadi proteiinibatoon. Whey Crisp on klassikaline piima\u0161okolaadi&nbsp;batoon kuhu on lisatud kehale vajalike valke. Seda m\u00f5nusalt tasakaalustatud maitsebuketti t\u00e4iendavad veelgi kr\u00f5bedad vadakuvalgu osakesed. Whey Crisp&nbsp;on m\u00f5nusalt kr\u00f5be ja seega on batoon kergesti hammustatav. Whey Crisp sobib h\u00e4sti magusaks vahepalaks neile, kes armastavad piima &#8211; v\u00f5i&nbsp; valget \u0161okolaadi ning kellele ei [&hellip;]<\/p>\n","protected":false},"featured_media":316,"comment_status":"open","ping_status":"closed","template":"","meta":{"inline_featured_image":false},"product_cat":[60,18,61],"product_tag":[],"class_list":{"0":"post-317","1":"product","2":"type-product","3":"status-publish","4":"has-post-thumbnail","6":"product_cat-batoonid","7":"product_cat-batoonid-vahepalad-ee","8":"product_cat-proteiinibatoonid","10":"first","11":"instock","12":"shipping-taxable","13":"purchasable","14":"product-type-simple"},"yoast_head":"<!-- This site is optimized with the Yoast SEO plugin v27.3 - https:\/\/yoast.com\/product\/yoast-seo-wordpress\/ -->\n<title>Suussulav piima\u0161okolaadi proteiinibatoon - All Stars Whey Crisp - MyBody.ee - Toidulisandid ja sporditarvikud<\/title>\n<meta name=\"description\" content=\"All Stars Whey Crisp on suussulav piima\u0161okolaadi proteiinibatoon. Whey\" \/>\n<meta name=\"robots\" content=\"index, follow, max-snippet:-1, max-image-preview:large, max-video-preview:-1\" \/>\n<link rel=\"canonical\" href=\"https:\/\/mybody5.ee.mybody.ee\/proov\/product\/suussulav-piimasokolaadi-proteiinibatoon-all-stars-whey-crisp\/\" \/>\n<meta property=\"og:locale\" content=\"et_EE\" \/>\n<meta property=\"og:type\" content=\"article\" \/>\n<meta property=\"og:title\" content=\"Suussulav piima\u0161okolaadi proteiinibatoon - All Stars Whey Crisp - MyBody.ee - Toidulisandid ja sporditarvikud\" \/>\n<meta property=\"og:description\" content=\"All Stars Whey Crisp on suussulav piima\u0161okolaadi proteiinibatoon. Whey\" \/>\n<meta property=\"og:url\" content=\"https:\/\/mybody5.ee.mybody.ee\/proov\/product\/suussulav-piimasokolaadi-proteiinibatoon-all-stars-whey-crisp\/\" \/>\n<meta property=\"og:site_name\" content=\"supplero\" \/>\n<meta property=\"article:publisher\" content=\"https:\/\/facebook.com\/MyBody.ee\/\" \/>\n<meta property=\"og:image\" content=\"https:\/\/mybody5.ee.mybody.ee\/proov\/wp-content\/uploads\/2019\/12\/IMG_7539-scaled.jpg\" \/>\n\t<meta property=\"og:image:width\" content=\"2560\" \/>\n\t<meta property=\"og:image:height\" content=\"2560\" \/>\n\t<meta property=\"og:image:type\" content=\"image\/jpeg\" \/>\n<meta name=\"twitter:card\" content=\"summary_large_image\" \/>\n<meta name=\"twitter:label1\" content=\"Est. reading time\" \/>\n\t<meta name=\"twitter:data1\" content=\"1 minut\" \/>\n<script type=\"application\/ld+json\" class=\"yoast-schema-graph\">{\"@context\":\"https:\\\/\\\/schema.org\",\"@graph\":[{\"@type\":\"WebPage\",\"@id\":\"https:\\\/\\\/mybody5.ee.mybody.ee\\\/proov\\\/product\\\/suussulav-piimasokolaadi-proteiinibatoon-all-stars-whey-crisp\\\/\",\"url\":\"https:\\\/\\\/mybody5.ee.mybody.ee\\\/proov\\\/product\\\/suussulav-piimasokolaadi-proteiinibatoon-all-stars-whey-crisp\\\/\",\"name\":\"Suussulav piima\u0161okolaadi proteiinibatoon - All Stars Whey Crisp - MyBody.ee - Toidulisandid ja sporditarvikud\",\"isPartOf\":{\"@id\":\"https:\\\/\\\/mybody5.ee.mybody.ee\\\/proov\\\/#website\"},\"primaryImageOfPage\":{\"@id\":\"https:\\\/\\\/mybody5.ee.mybody.ee\\\/proov\\\/product\\\/suussulav-piimasokolaadi-proteiinibatoon-all-stars-whey-crisp\\\/#primaryimage\"},\"image\":{\"@id\":\"https:\\\/\\\/mybody5.ee.mybody.ee\\\/proov\\\/product\\\/suussulav-piimasokolaadi-proteiinibatoon-all-stars-whey-crisp\\\/#primaryimage\"},\"thumbnailUrl\":\"https:\\\/\\\/mybody5.ee.mybody.ee\\\/proov\\\/wp-content\\\/uploads\\\/2019\\\/12\\\/IMG_7539-scaled.jpg\",\"datePublished\":\"2019-12-09T22:25:39+00:00\",\"description\":\"All Stars Whey Crisp on suussulav piima\u0161okolaadi proteiinibatoon. Whey\",\"breadcrumb\":{\"@id\":\"https:\\\/\\\/mybody5.ee.mybody.ee\\\/proov\\\/product\\\/suussulav-piimasokolaadi-proteiinibatoon-all-stars-whey-crisp\\\/#breadcrumb\"},\"inLanguage\":\"et\",\"potentialAction\":[{\"@type\":\"ReadAction\",\"target\":[\"https:\\\/\\\/mybody5.ee.mybody.ee\\\/proov\\\/product\\\/suussulav-piimasokolaadi-proteiinibatoon-all-stars-whey-crisp\\\/\"]}]},{\"@type\":\"ImageObject\",\"inLanguage\":\"et\",\"@id\":\"https:\\\/\\\/mybody5.ee.mybody.ee\\\/proov\\\/product\\\/suussulav-piimasokolaadi-proteiinibatoon-all-stars-whey-crisp\\\/#primaryimage\",\"url\":\"https:\\\/\\\/mybody5.ee.mybody.ee\\\/proov\\\/wp-content\\\/uploads\\\/2019\\\/12\\\/IMG_7539-scaled.jpg\",\"contentUrl\":\"https:\\\/\\\/mybody5.ee.mybody.ee\\\/proov\\\/wp-content\\\/uploads\\\/2019\\\/12\\\/IMG_7539-scaled.jpg\",\"width\":2560,\"height\":2560,\"caption\":\"Suussulav piima\u0161okolaadi proteiinibatoon - All Stars Whey Crisp\"},{\"@type\":\"BreadcrumbList\",\"@id\":\"https:\\\/\\\/mybody5.ee.mybody.ee\\\/proov\\\/product\\\/suussulav-piimasokolaadi-proteiinibatoon-all-stars-whey-crisp\\\/#breadcrumb\",\"itemListElement\":[{\"@type\":\"ListItem\",\"position\":1,\"name\":\"Home\",\"item\":\"https:\\\/\\\/mybody5.ee.mybody.ee\\\/proov\\\/\"},{\"@type\":\"ListItem\",\"position\":2,\"name\":\"Shop\",\"item\":\"https:\\\/\\\/mybody5.ee.mybody.ee\\\/proov\\\/shop\\\/\"},{\"@type\":\"ListItem\",\"position\":3,\"name\":\"Suussulav piima\u0161okolaadi proteiinibatoon &#8211; All Stars Whey Crisp\"}]},{\"@type\":\"WebSite\",\"@id\":\"https:\\\/\\\/mybody5.ee.mybody.ee\\\/proov\\\/#website\",\"url\":\"https:\\\/\\\/mybody5.ee.mybody.ee\\\/proov\\\/\",\"name\":\"MyBody.ee - Toidulisandid ja sporditarvikud\",\"description\":\"Just another WordPress site\",\"publisher\":{\"@id\":\"https:\\\/\\\/mybody5.ee.mybody.ee\\\/proov\\\/#organization\"},\"potentialAction\":[{\"@type\":\"SearchAction\",\"target\":{\"@type\":\"EntryPoint\",\"urlTemplate\":\"https:\\\/\\\/mybody5.ee.mybody.ee\\\/proov\\\/?s={search_term_string}\"},\"query-input\":{\"@type\":\"PropertyValueSpecification\",\"valueRequired\":true,\"valueName\":\"search_term_string\"}}],\"inLanguage\":\"et\"},{\"@type\":\"Organization\",\"@id\":\"https:\\\/\\\/mybody5.ee.mybody.ee\\\/proov\\\/#organization\",\"name\":\"MyBody.ee\",\"url\":\"https:\\\/\\\/mybody5.ee.mybody.ee\\\/proov\\\/\",\"logo\":{\"@type\":\"ImageObject\",\"inLanguage\":\"et\",\"@id\":\"https:\\\/\\\/mybody5.ee.mybody.ee\\\/proov\\\/#\\\/schema\\\/logo\\\/image\\\/\",\"url\":\"https:\\\/\\\/mybody5.ee.mybody.ee\\\/proov\\\/wp-content\\\/uploads\\\/2023\\\/11\\\/mybody_logo_h65-2.png\",\"contentUrl\":\"https:\\\/\\\/mybody5.ee.mybody.ee\\\/proov\\\/wp-content\\\/uploads\\\/2023\\\/11\\\/mybody_logo_h65-2.png\",\"width\":229,\"height\":65,\"caption\":\"MyBody.ee\"},\"image\":{\"@id\":\"https:\\\/\\\/mybody5.ee.mybody.ee\\\/proov\\\/#\\\/schema\\\/logo\\\/image\\\/\"},\"sameAs\":[\"https:\\\/\\\/facebook.com\\\/MyBody.ee\\\/\"]}]}<\/script>\n<!-- \/ Yoast SEO plugin. -->","yoast_head_json":{"title":"Suussulav piima\u0161okolaadi proteiinibatoon - All Stars Whey Crisp - MyBody.ee - Toidulisandid ja sporditarvikud","description":"All Stars Whey Crisp on suussulav piima\u0161okolaadi proteiinibatoon. Whey","robots":{"index":"index","follow":"follow","max-snippet":"max-snippet:-1","max-image-preview":"max-image-preview:large","max-video-preview":"max-video-preview:-1"},"canonical":"https:\/\/mybody5.ee.mybody.ee\/proov\/product\/suussulav-piimasokolaadi-proteiinibatoon-all-stars-whey-crisp\/","og_locale":"et_EE","og_type":"article","og_title":"Suussulav piima\u0161okolaadi proteiinibatoon - All Stars Whey Crisp - MyBody.ee - Toidulisandid ja sporditarvikud","og_description":"All Stars Whey Crisp on suussulav piima\u0161okolaadi proteiinibatoon. Whey","og_url":"https:\/\/mybody5.ee.mybody.ee\/proov\/product\/suussulav-piimasokolaadi-proteiinibatoon-all-stars-whey-crisp\/","og_site_name":"supplero","article_publisher":"https:\/\/facebook.com\/MyBody.ee\/","og_image":[{"width":2560,"height":2560,"url":"https:\/\/mybody5.ee.mybody.ee\/proov\/wp-content\/uploads\/2019\/12\/IMG_7539-scaled.jpg","type":"image\/jpeg"}],"twitter_card":"summary_large_image","twitter_misc":{"Est. reading time":"1 minut"},"schema":{"@context":"https:\/\/schema.org","@graph":[{"@type":"WebPage","@id":"https:\/\/mybody5.ee.mybody.ee\/proov\/product\/suussulav-piimasokolaadi-proteiinibatoon-all-stars-whey-crisp\/","url":"https:\/\/mybody5.ee.mybody.ee\/proov\/product\/suussulav-piimasokolaadi-proteiinibatoon-all-stars-whey-crisp\/","name":"Suussulav piima\u0161okolaadi proteiinibatoon - All Stars Whey Crisp - MyBody.ee - Toidulisandid ja sporditarvikud","isPartOf":{"@id":"https:\/\/mybody5.ee.mybody.ee\/proov\/#website"},"primaryImageOfPage":{"@id":"https:\/\/mybody5.ee.mybody.ee\/proov\/product\/suussulav-piimasokolaadi-proteiinibatoon-all-stars-whey-crisp\/#primaryimage"},"image":{"@id":"https:\/\/mybody5.ee.mybody.ee\/proov\/product\/suussulav-piimasokolaadi-proteiinibatoon-all-stars-whey-crisp\/#primaryimage"},"thumbnailUrl":"https:\/\/mybody5.ee.mybody.ee\/proov\/wp-content\/uploads\/2019\/12\/IMG_7539-scaled.jpg","datePublished":"2019-12-09T22:25:39+00:00","description":"All Stars Whey Crisp on suussulav piima\u0161okolaadi proteiinibatoon. Whey","breadcrumb":{"@id":"https:\/\/mybody5.ee.mybody.ee\/proov\/product\/suussulav-piimasokolaadi-proteiinibatoon-all-stars-whey-crisp\/#breadcrumb"},"inLanguage":"et","potentialAction":[{"@type":"ReadAction","target":["https:\/\/mybody5.ee.mybody.ee\/proov\/product\/suussulav-piimasokolaadi-proteiinibatoon-all-stars-whey-crisp\/"]}]},{"@type":"ImageObject","inLanguage":"et","@id":"https:\/\/mybody5.ee.mybody.ee\/proov\/product\/suussulav-piimasokolaadi-proteiinibatoon-all-stars-whey-crisp\/#primaryimage","url":"https:\/\/mybody5.ee.mybody.ee\/proov\/wp-content\/uploads\/2019\/12\/IMG_7539-scaled.jpg","contentUrl":"https:\/\/mybody5.ee.mybody.ee\/proov\/wp-content\/uploads\/2019\/12\/IMG_7539-scaled.jpg","width":2560,"height":2560,"caption":"Suussulav piima\u0161okolaadi proteiinibatoon - All Stars Whey Crisp"},{"@type":"BreadcrumbList","@id":"https:\/\/mybody5.ee.mybody.ee\/proov\/product\/suussulav-piimasokolaadi-proteiinibatoon-all-stars-whey-crisp\/#breadcrumb","itemListElement":[{"@type":"ListItem","position":1,"name":"Home","item":"https:\/\/mybody5.ee.mybody.ee\/proov\/"},{"@type":"ListItem","position":2,"name":"Shop","item":"https:\/\/mybody5.ee.mybody.ee\/proov\/shop\/"},{"@type":"ListItem","position":3,"name":"Suussulav piima\u0161okolaadi proteiinibatoon &#8211; All Stars Whey Crisp"}]},{"@type":"WebSite","@id":"https:\/\/mybody5.ee.mybody.ee\/proov\/#website","url":"https:\/\/mybody5.ee.mybody.ee\/proov\/","name":"MyBody.ee - Toidulisandid ja sporditarvikud","description":"Just another WordPress site","publisher":{"@id":"https:\/\/mybody5.ee.mybody.ee\/proov\/#organization"},"potentialAction":[{"@type":"SearchAction","target":{"@type":"EntryPoint","urlTemplate":"https:\/\/mybody5.ee.mybody.ee\/proov\/?s={search_term_string}"},"query-input":{"@type":"PropertyValueSpecification","valueRequired":true,"valueName":"search_term_string"}}],"inLanguage":"et"},{"@type":"Organization","@id":"https:\/\/mybody5.ee.mybody.ee\/proov\/#organization","name":"MyBody.ee","url":"https:\/\/mybody5.ee.mybody.ee\/proov\/","logo":{"@type":"ImageObject","inLanguage":"et","@id":"https:\/\/mybody5.ee.mybody.ee\/proov\/#\/schema\/logo\/image\/","url":"https:\/\/mybody5.ee.mybody.ee\/proov\/wp-content\/uploads\/2023\/11\/mybody_logo_h65-2.png","contentUrl":"https:\/\/mybody5.ee.mybody.ee\/proov\/wp-content\/uploads\/2023\/11\/mybody_logo_h65-2.png","width":229,"height":65,"caption":"MyBody.ee"},"image":{"@id":"https:\/\/mybody5.ee.mybody.ee\/proov\/#\/schema\/logo\/image\/"},"sameAs":["https:\/\/facebook.com\/MyBody.ee\/"]}]}},"_links":{"self":[{"href":"https:\/\/mybody5.ee.mybody.ee\/proov\/wp-json\/wp\/v2\/product\/317","targetHints":{"allow":["GET"]}}],"collection":[{"href":"https:\/\/mybody5.ee.mybody.ee\/proov\/wp-json\/wp\/v2\/product"}],"about":[{"href":"https:\/\/mybody5.ee.mybody.ee\/proov\/wp-json\/wp\/v2\/types\/product"}],"replies":[{"embeddable":true,"href":"https:\/\/mybody5.ee.mybody.ee\/proov\/wp-json\/wp\/v2\/comments?post=317"}],"wp:featuredmedia":[{"embeddable":true,"href":"https:\/\/mybody5.ee.mybody.ee\/proov\/wp-json\/wp\/v2\/media\/316"}],"wp:attachment":[{"href":"https:\/\/mybody5.ee.mybody.ee\/proov\/wp-json\/wp\/v2\/media?parent=317"}],"wp:term":[{"taxonomy":"product_cat","embeddable":true,"href":"https:\/\/mybody5.ee.mybody.ee\/proov\/wp-json\/wp\/v2\/product_cat?post=317"},{"taxonomy":"product_tag","embeddable":true,"href":"https:\/\/mybody5.ee.mybody.ee\/proov\/wp-json\/wp\/v2\/product_tag?post=317"}],"curies":[{"name":"wp","href":"https:\/\/api.w.org\/{rel}","templated":true}]}}