{"id":384,"date":"2019-12-09T22:25:41","date_gmt":"2019-12-09T22:25:41","guid":{"rendered":"https:\/\/mybody5.ee.mybody.ee\/proov\/product\/korgkvaliteediline-munavalk-self-isolate-egg-protein\/"},"modified":"2019-12-09T22:25:41","modified_gmt":"2019-12-09T22:25:41","slug":"korgkvaliteediline-munavalk-self-isolate-egg-protein","status":"publish","type":"product","link":"https:\/\/mybody5.ee.mybody.ee\/proov\/product\/korgkvaliteediline-munavalk-self-isolate-egg-protein\/","title":{"rendered":"K\u00f5rgkvaliteediline munavalk &#8211; SELF Isolate Egg Protein"},"content":{"rendered":"<p><strong>SELF Isolate EGG Protein<\/strong>&nbsp;on 100%&nbsp;munavalgu&nbsp;toidulisand, mille teeb eriti v\u00e4\u00e4rtuslikuks inimorganismile sobivas&nbsp;vahekorras&nbsp;asendamatute aminohapete sisaldus. Munavalk omab k\u00f5rgeimat bioloogilist v\u00e4\u00e4rtust ehk sisaldab enam aminohappeid kui \u00fckski teine toiduvalk! Munavalgus esinevad need organismile ideaalselt omastatavas vahekorras, mis tagab optimaalse kasvu ja lihasmassi s\u00e4ilitamise. <strong>SELF Isolate EGG Protein<\/strong> on t\u00e4iesti laktoosi, piima- ja sojavaba ning sellet\u00f5ttu ei p\u00f5hjusta ta kehas p\u00f5letikulisi protsesse, mis on tundlikel&nbsp;inimestel.<\/p>\n<ul>\n<li>Varustab organismi aminohapetega kuni 6 tundi!<\/li>\n<li>K\u00f5rgeim bioloogiline v\u00e4\u00e4rtus<\/li>\n<li>Sisaldab organismi poolt kergesti omastatavaid aminohappeid ideaalses vahekorras!<\/li>\n<li>Sobilik ka laktoosi- ja piimavalgutalumatuse korral<\/li>\n<li>P\u00f5letikuvastased omadused<\/li>\n<li>T\u00e4ielikult rasva- ja s\u00fcsivesikuvaba<\/li>\n<\/ul>\n<h3>Kasutamine<\/h3>\n<p>V\u00f5ib kasutada 1-3 korda p\u00e4evas 30 g &#8211; 50 g pulbrit 300 ml vee, piima v\u00f5i mahlaga enne ja p\u00e4rast treeningut&nbsp;ning enne magamaminekut.<\/p>\n<h3>Kellele sobib?<\/h3>\n<p><strong style=\"line-height: 20.8px;\">SELF Isolate Egg Protein<\/strong>&nbsp;sobib kasutamiseks k\u00f5ikide harrastajatele, kes peavad lugu mitmek\u00fclgsest k\u00f5rgkvaliteedilisest valgutootest ning ei talu teisi valke.<strong style=\"line-height: 20.8px;\">Self Isolate Egg Proteini&nbsp;<\/strong>puhul pole m\u00f5eldud vaid treeningutest taastumisele vaid ka kasutaja \u00fcldise tervise ja heaolu parandamisele. Sobib nii rasvavaba lihasmassi kasvatamiseks kui ka dieedi ajal.<\/p>\n<h3>Pakend: <span style=\"font-size:12px;\"><span style=\"font-family:arial,helvetica,sans-serif;\">1000g<\/span><\/span><\/h3>\n<h3>Maitsed: <span style=\"font-size:12px;\"><span style=\"font-family:arial,helvetica,sans-serif;\">\u0160okolaad, vanilje<\/span><\/span><\/h3>\n<table border=\"1\" cellpadding=\"1\" cellspacing=\"1\" style=\"width:500px;\">\n<tbody>\n<tr>\n<td><strong>SELF Isolate Egg Protein toitev\u00e4\u00e4rtus<\/strong><\/td>\n<td><strong>100g<\/strong><\/td>\n<td><strong>30g<\/strong><\/td>\n<\/tr>\n<tr>\n<td>Energia<\/td>\n<td>352 kcal\/1470 KJ<\/td>\n<td>100 kcal\/465 KJ<\/td>\n<\/tr>\n<tr>\n<td>Valku<\/td>\n<td>88 g<\/td>\n<td>26 g<\/td>\n<\/tr>\n<tr>\n<td>S\u00fcsivesikud<\/td>\n<td>0 g<\/td>\n<td>0 g<\/td>\n<\/tr>\n<tr>\n<td>Rasvu<\/td>\n<td>0 g<\/td>\n<td>0 g<\/td>\n<\/tr>\n<tr>\n<td>Sool<\/td>\n<td>0.3 g<\/td>\n<td>0.12 g<\/td>\n<\/tr>\n<tr>\n<td colspan=\"3\">\n<p><span style=\"font-size:10px;\">Koostis: muna albumiin, maitseained, kakao(\u0161okolaadimaitselisel), emulgaator (E322-p\u00e4evalille), magusaine (sukraloos, E950).<\/span><\/p>\n<\/td>\n<\/tr>\n<\/tbody>\n<\/table>\n<p>Isolate Egg Protein kilohind on 39.90\u20ac<\/p>\n<h3>Konsultatsioon<\/h3>\n<ul>\n<li>Oled oodatud tasuta konsultatsioonile MYBODY Audentese kauplusesse,<\/li>\n<li>Asukoht: Audentese Spordikeskus, Tondi 84.<\/li>\n<li>Telefon EST\/RUS\/ENG +372&nbsp;523 1960<\/li>\n<li>Telefon EST\/ENG +372 56&nbsp;458&nbsp;688<\/li>\n<li><a href=\"mailto:info@mybody.ee\">info@mybody.ee<\/a><\/li>\n<li><a href=\"http:\/\/www.facebook.com\/mybody.ee\">www.facebook.com\/mybody.ee<\/a><\/li>\n<\/ul>\n","protected":false},"excerpt":{"rendered":"<p>SELF Isolate EGG Protein&nbsp;on 100%&nbsp;munavalgu&nbsp;toidulisand, mille teeb eriti v\u00e4\u00e4rtuslikuks inimorganismile sobivas&nbsp;vahekorras&nbsp;asendamatute aminohapete sisaldus. Munavalk omab k\u00f5rgeimat bioloogilist v\u00e4\u00e4rtust ehk sisaldab enam aminohappeid kui \u00fckski teine toiduvalk! Munavalgus esinevad need organismile ideaalselt omastatavas vahekorras, mis tagab optimaalse kasvu ja lihasmassi s\u00e4ilitamise. SELF Isolate EGG Protein on t\u00e4iesti laktoosi, piima- ja sojavaba ning sellet\u00f5ttu ei p\u00f5hjusta ta [&hellip;]<\/p>\n","protected":false},"featured_media":383,"comment_status":"open","ping_status":"closed","template":"","meta":{"inline_featured_image":false},"product_cat":[47,27],"product_tag":[],"class_list":{"0":"post-384","1":"product","2":"type-product","3":"status-publish","4":"has-post-thumbnail","6":"product_cat-muud-valgud","7":"product_cat-proteiinid","8":"pa_energia-340kcal","9":"pa_kogusg-1000g","10":"pa_kunakasutada-parasttrenni","11":"pa_maitse-sokolaad","12":"pa_maitse-vanilje","13":"pa_rasvad-0g","14":"pa_susivesikud-0g","15":"pa_valgud-88g","16":"pa_vorm-pulber","18":"first","19":"instock","20":"shipping-taxable","21":"purchasable","22":"product-type-variable"},"yoast_head":"<!-- This site is optimized with the Yoast SEO plugin v27.3 - https:\/\/yoast.com\/product\/yoast-seo-wordpress\/ -->\n<title>K\u00f5rgkvaliteediline munavalk - SELF Isolate Egg Protein - MyBody.ee - Toidulisandid ja sporditarvikud<\/title>\n<meta name=\"description\" content=\"SELF Isolate EGG Protein\u00a0on 100%\u00a0munavalgu\u00a0toidulisand, mille teeb\" \/>\n<meta name=\"robots\" content=\"index, follow, max-snippet:-1, max-image-preview:large, max-video-preview:-1\" \/>\n<link rel=\"canonical\" href=\"https:\/\/mybody5.ee.mybody.ee\/proov\/product\/korgkvaliteediline-munavalk-self-isolate-egg-protein\/\" \/>\n<meta property=\"og:locale\" content=\"et_EE\" \/>\n<meta property=\"og:type\" content=\"article\" \/>\n<meta property=\"og:title\" content=\"K\u00f5rgkvaliteediline munavalk - SELF Isolate Egg Protein - MyBody.ee - Toidulisandid ja sporditarvikud\" \/>\n<meta property=\"og:description\" content=\"SELF Isolate EGG Protein\u00a0on 100%\u00a0munavalgu\u00a0toidulisand, mille teeb\" \/>\n<meta property=\"og:url\" content=\"https:\/\/mybody5.ee.mybody.ee\/proov\/product\/korgkvaliteediline-munavalk-self-isolate-egg-protein\/\" \/>\n<meta property=\"og:site_name\" content=\"supplero\" \/>\n<meta property=\"article:publisher\" content=\"https:\/\/facebook.com\/MyBody.ee\/\" \/>\n<meta property=\"og:image\" content=\"https:\/\/mybody5.ee.mybody.ee\/proov\/wp-content\/uploads\/2019\/12\/self-egg.png\" \/>\n\t<meta property=\"og:image:width\" content=\"409\" \/>\n\t<meta property=\"og:image:height\" content=\"572\" \/>\n\t<meta property=\"og:image:type\" content=\"image\/png\" \/>\n<meta name=\"twitter:card\" content=\"summary_large_image\" \/>\n<meta name=\"twitter:label1\" content=\"Est. reading time\" \/>\n\t<meta name=\"twitter:data1\" content=\"1 minut\" \/>\n<script type=\"application\/ld+json\" class=\"yoast-schema-graph\">{\"@context\":\"https:\\\/\\\/schema.org\",\"@graph\":[{\"@type\":\"WebPage\",\"@id\":\"https:\\\/\\\/mybody5.ee.mybody.ee\\\/proov\\\/product\\\/korgkvaliteediline-munavalk-self-isolate-egg-protein\\\/\",\"url\":\"https:\\\/\\\/mybody5.ee.mybody.ee\\\/proov\\\/product\\\/korgkvaliteediline-munavalk-self-isolate-egg-protein\\\/\",\"name\":\"K\u00f5rgkvaliteediline munavalk - SELF Isolate Egg Protein - MyBody.ee - Toidulisandid ja sporditarvikud\",\"isPartOf\":{\"@id\":\"https:\\\/\\\/mybody5.ee.mybody.ee\\\/proov\\\/#website\"},\"primaryImageOfPage\":{\"@id\":\"https:\\\/\\\/mybody5.ee.mybody.ee\\\/proov\\\/product\\\/korgkvaliteediline-munavalk-self-isolate-egg-protein\\\/#primaryimage\"},\"image\":{\"@id\":\"https:\\\/\\\/mybody5.ee.mybody.ee\\\/proov\\\/product\\\/korgkvaliteediline-munavalk-self-isolate-egg-protein\\\/#primaryimage\"},\"thumbnailUrl\":\"https:\\\/\\\/mybody5.ee.mybody.ee\\\/proov\\\/wp-content\\\/uploads\\\/2019\\\/12\\\/self-egg.png\",\"datePublished\":\"2019-12-09T22:25:41+00:00\",\"description\":\"SELF Isolate EGG Protein\u00a0on 100%\u00a0munavalgu\u00a0toidulisand, mille teeb\",\"breadcrumb\":{\"@id\":\"https:\\\/\\\/mybody5.ee.mybody.ee\\\/proov\\\/product\\\/korgkvaliteediline-munavalk-self-isolate-egg-protein\\\/#breadcrumb\"},\"inLanguage\":\"et\",\"potentialAction\":[{\"@type\":\"ReadAction\",\"target\":[\"https:\\\/\\\/mybody5.ee.mybody.ee\\\/proov\\\/product\\\/korgkvaliteediline-munavalk-self-isolate-egg-protein\\\/\"]}]},{\"@type\":\"ImageObject\",\"inLanguage\":\"et\",\"@id\":\"https:\\\/\\\/mybody5.ee.mybody.ee\\\/proov\\\/product\\\/korgkvaliteediline-munavalk-self-isolate-egg-protein\\\/#primaryimage\",\"url\":\"https:\\\/\\\/mybody5.ee.mybody.ee\\\/proov\\\/wp-content\\\/uploads\\\/2019\\\/12\\\/self-egg.png\",\"contentUrl\":\"https:\\\/\\\/mybody5.ee.mybody.ee\\\/proov\\\/wp-content\\\/uploads\\\/2019\\\/12\\\/self-egg.png\",\"width\":409,\"height\":572,\"caption\":\"K\u00f5rgkvaliteediline munavalk - SELF Isolate Egg Protein\"},{\"@type\":\"BreadcrumbList\",\"@id\":\"https:\\\/\\\/mybody5.ee.mybody.ee\\\/proov\\\/product\\\/korgkvaliteediline-munavalk-self-isolate-egg-protein\\\/#breadcrumb\",\"itemListElement\":[{\"@type\":\"ListItem\",\"position\":1,\"name\":\"Home\",\"item\":\"https:\\\/\\\/mybody5.ee.mybody.ee\\\/proov\\\/\"},{\"@type\":\"ListItem\",\"position\":2,\"name\":\"Shop\",\"item\":\"https:\\\/\\\/mybody5.ee.mybody.ee\\\/proov\\\/shop\\\/\"},{\"@type\":\"ListItem\",\"position\":3,\"name\":\"K\u00f5rgkvaliteediline munavalk &#8211; SELF Isolate Egg Protein\"}]},{\"@type\":\"WebSite\",\"@id\":\"https:\\\/\\\/mybody5.ee.mybody.ee\\\/proov\\\/#website\",\"url\":\"https:\\\/\\\/mybody5.ee.mybody.ee\\\/proov\\\/\",\"name\":\"MyBody.ee - Toidulisandid ja sporditarvikud\",\"description\":\"Just another WordPress site\",\"publisher\":{\"@id\":\"https:\\\/\\\/mybody5.ee.mybody.ee\\\/proov\\\/#organization\"},\"potentialAction\":[{\"@type\":\"SearchAction\",\"target\":{\"@type\":\"EntryPoint\",\"urlTemplate\":\"https:\\\/\\\/mybody5.ee.mybody.ee\\\/proov\\\/?s={search_term_string}\"},\"query-input\":{\"@type\":\"PropertyValueSpecification\",\"valueRequired\":true,\"valueName\":\"search_term_string\"}}],\"inLanguage\":\"et\"},{\"@type\":\"Organization\",\"@id\":\"https:\\\/\\\/mybody5.ee.mybody.ee\\\/proov\\\/#organization\",\"name\":\"MyBody.ee\",\"url\":\"https:\\\/\\\/mybody5.ee.mybody.ee\\\/proov\\\/\",\"logo\":{\"@type\":\"ImageObject\",\"inLanguage\":\"et\",\"@id\":\"https:\\\/\\\/mybody5.ee.mybody.ee\\\/proov\\\/#\\\/schema\\\/logo\\\/image\\\/\",\"url\":\"https:\\\/\\\/mybody5.ee.mybody.ee\\\/proov\\\/wp-content\\\/uploads\\\/2023\\\/11\\\/mybody_logo_h65-2.png\",\"contentUrl\":\"https:\\\/\\\/mybody5.ee.mybody.ee\\\/proov\\\/wp-content\\\/uploads\\\/2023\\\/11\\\/mybody_logo_h65-2.png\",\"width\":229,\"height\":65,\"caption\":\"MyBody.ee\"},\"image\":{\"@id\":\"https:\\\/\\\/mybody5.ee.mybody.ee\\\/proov\\\/#\\\/schema\\\/logo\\\/image\\\/\"},\"sameAs\":[\"https:\\\/\\\/facebook.com\\\/MyBody.ee\\\/\"]}]}<\/script>\n<!-- \/ Yoast SEO plugin. -->","yoast_head_json":{"title":"K\u00f5rgkvaliteediline munavalk - SELF Isolate Egg Protein - MyBody.ee - Toidulisandid ja sporditarvikud","description":"SELF Isolate EGG Protein\u00a0on 100%\u00a0munavalgu\u00a0toidulisand, mille teeb","robots":{"index":"index","follow":"follow","max-snippet":"max-snippet:-1","max-image-preview":"max-image-preview:large","max-video-preview":"max-video-preview:-1"},"canonical":"https:\/\/mybody5.ee.mybody.ee\/proov\/product\/korgkvaliteediline-munavalk-self-isolate-egg-protein\/","og_locale":"et_EE","og_type":"article","og_title":"K\u00f5rgkvaliteediline munavalk - SELF Isolate Egg Protein - MyBody.ee - Toidulisandid ja sporditarvikud","og_description":"SELF Isolate EGG Protein\u00a0on 100%\u00a0munavalgu\u00a0toidulisand, mille teeb","og_url":"https:\/\/mybody5.ee.mybody.ee\/proov\/product\/korgkvaliteediline-munavalk-self-isolate-egg-protein\/","og_site_name":"supplero","article_publisher":"https:\/\/facebook.com\/MyBody.ee\/","og_image":[{"width":409,"height":572,"url":"https:\/\/mybody5.ee.mybody.ee\/proov\/wp-content\/uploads\/2019\/12\/self-egg.png","type":"image\/png"}],"twitter_card":"summary_large_image","twitter_misc":{"Est. reading time":"1 minut"},"schema":{"@context":"https:\/\/schema.org","@graph":[{"@type":"WebPage","@id":"https:\/\/mybody5.ee.mybody.ee\/proov\/product\/korgkvaliteediline-munavalk-self-isolate-egg-protein\/","url":"https:\/\/mybody5.ee.mybody.ee\/proov\/product\/korgkvaliteediline-munavalk-self-isolate-egg-protein\/","name":"K\u00f5rgkvaliteediline munavalk - SELF Isolate Egg Protein - MyBody.ee - Toidulisandid ja sporditarvikud","isPartOf":{"@id":"https:\/\/mybody5.ee.mybody.ee\/proov\/#website"},"primaryImageOfPage":{"@id":"https:\/\/mybody5.ee.mybody.ee\/proov\/product\/korgkvaliteediline-munavalk-self-isolate-egg-protein\/#primaryimage"},"image":{"@id":"https:\/\/mybody5.ee.mybody.ee\/proov\/product\/korgkvaliteediline-munavalk-self-isolate-egg-protein\/#primaryimage"},"thumbnailUrl":"https:\/\/mybody5.ee.mybody.ee\/proov\/wp-content\/uploads\/2019\/12\/self-egg.png","datePublished":"2019-12-09T22:25:41+00:00","description":"SELF Isolate EGG Protein\u00a0on 100%\u00a0munavalgu\u00a0toidulisand, mille teeb","breadcrumb":{"@id":"https:\/\/mybody5.ee.mybody.ee\/proov\/product\/korgkvaliteediline-munavalk-self-isolate-egg-protein\/#breadcrumb"},"inLanguage":"et","potentialAction":[{"@type":"ReadAction","target":["https:\/\/mybody5.ee.mybody.ee\/proov\/product\/korgkvaliteediline-munavalk-self-isolate-egg-protein\/"]}]},{"@type":"ImageObject","inLanguage":"et","@id":"https:\/\/mybody5.ee.mybody.ee\/proov\/product\/korgkvaliteediline-munavalk-self-isolate-egg-protein\/#primaryimage","url":"https:\/\/mybody5.ee.mybody.ee\/proov\/wp-content\/uploads\/2019\/12\/self-egg.png","contentUrl":"https:\/\/mybody5.ee.mybody.ee\/proov\/wp-content\/uploads\/2019\/12\/self-egg.png","width":409,"height":572,"caption":"K\u00f5rgkvaliteediline munavalk - SELF Isolate Egg Protein"},{"@type":"BreadcrumbList","@id":"https:\/\/mybody5.ee.mybody.ee\/proov\/product\/korgkvaliteediline-munavalk-self-isolate-egg-protein\/#breadcrumb","itemListElement":[{"@type":"ListItem","position":1,"name":"Home","item":"https:\/\/mybody5.ee.mybody.ee\/proov\/"},{"@type":"ListItem","position":2,"name":"Shop","item":"https:\/\/mybody5.ee.mybody.ee\/proov\/shop\/"},{"@type":"ListItem","position":3,"name":"K\u00f5rgkvaliteediline munavalk &#8211; SELF Isolate Egg Protein"}]},{"@type":"WebSite","@id":"https:\/\/mybody5.ee.mybody.ee\/proov\/#website","url":"https:\/\/mybody5.ee.mybody.ee\/proov\/","name":"MyBody.ee - Toidulisandid ja sporditarvikud","description":"Just another WordPress site","publisher":{"@id":"https:\/\/mybody5.ee.mybody.ee\/proov\/#organization"},"potentialAction":[{"@type":"SearchAction","target":{"@type":"EntryPoint","urlTemplate":"https:\/\/mybody5.ee.mybody.ee\/proov\/?s={search_term_string}"},"query-input":{"@type":"PropertyValueSpecification","valueRequired":true,"valueName":"search_term_string"}}],"inLanguage":"et"},{"@type":"Organization","@id":"https:\/\/mybody5.ee.mybody.ee\/proov\/#organization","name":"MyBody.ee","url":"https:\/\/mybody5.ee.mybody.ee\/proov\/","logo":{"@type":"ImageObject","inLanguage":"et","@id":"https:\/\/mybody5.ee.mybody.ee\/proov\/#\/schema\/logo\/image\/","url":"https:\/\/mybody5.ee.mybody.ee\/proov\/wp-content\/uploads\/2023\/11\/mybody_logo_h65-2.png","contentUrl":"https:\/\/mybody5.ee.mybody.ee\/proov\/wp-content\/uploads\/2023\/11\/mybody_logo_h65-2.png","width":229,"height":65,"caption":"MyBody.ee"},"image":{"@id":"https:\/\/mybody5.ee.mybody.ee\/proov\/#\/schema\/logo\/image\/"},"sameAs":["https:\/\/facebook.com\/MyBody.ee\/"]}]}},"_links":{"self":[{"href":"https:\/\/mybody5.ee.mybody.ee\/proov\/wp-json\/wp\/v2\/product\/384","targetHints":{"allow":["GET"]}}],"collection":[{"href":"https:\/\/mybody5.ee.mybody.ee\/proov\/wp-json\/wp\/v2\/product"}],"about":[{"href":"https:\/\/mybody5.ee.mybody.ee\/proov\/wp-json\/wp\/v2\/types\/product"}],"replies":[{"embeddable":true,"href":"https:\/\/mybody5.ee.mybody.ee\/proov\/wp-json\/wp\/v2\/comments?post=384"}],"wp:featuredmedia":[{"embeddable":true,"href":"https:\/\/mybody5.ee.mybody.ee\/proov\/wp-json\/wp\/v2\/media\/383"}],"wp:attachment":[{"href":"https:\/\/mybody5.ee.mybody.ee\/proov\/wp-json\/wp\/v2\/media?parent=384"}],"wp:term":[{"taxonomy":"product_cat","embeddable":true,"href":"https:\/\/mybody5.ee.mybody.ee\/proov\/wp-json\/wp\/v2\/product_cat?post=384"},{"taxonomy":"product_tag","embeddable":true,"href":"https:\/\/mybody5.ee.mybody.ee\/proov\/wp-json\/wp\/v2\/product_tag?post=384"}],"curies":[{"name":"wp","href":"https:\/\/api.w.org\/{rel}","templated":true}]}}