{"id":404,"date":"2019-12-09T22:25:41","date_gmt":"2019-12-09T22:25:41","guid":{"rendered":"https:\/\/mybody5.ee.mybody.ee\/proov\/product\/korgkvaliteediline-sojavalguisolaat-steviaga-self-isolate-soy-protein\/"},"modified":"2019-12-09T22:25:41","modified_gmt":"2019-12-09T22:25:41","slug":"korgkvaliteediline-sojavalguisolaat-steviaga-self-isolate-soy-protein","status":"publish","type":"product","link":"https:\/\/mybody5.ee.mybody.ee\/proov\/product\/korgkvaliteediline-sojavalguisolaat-steviaga-self-isolate-soy-protein\/","title":{"rendered":"K\u00f5rgkvaliteediline sojavalguisolaat steviaga- SELF Isolate Soy Protein"},"content":{"rendered":"<p><strong>Self Isolate Soy Protein<\/strong>&nbsp;on stevia gl\u00fckosiidiga toidulisand, mis on valmistatud vesifiltreerimistehnikat kasutades. See meetod eemaldab efektiivselt rasva ja s\u00fcsivesikud proteiinist, muutes sojavalgu organismile&nbsp;tavalise sojapulbriga v\u00f5rreldes&nbsp;vastuv\u00f5etavamaks. Sojavalk on spordiharrastajatele kasulik k\u00f5rge arginiini- ja glutamiinisisalduse t\u00f5ttu. Nendel aminohapetel on t\u00e4heldatud soodsat m\u00f5ju organismi verevasrustusele ja valgus\u00fcnteesile. T\u00e4nu valmistamistehnoloogiale on tootes soja tervist tugevdavad flavonoidid s\u00e4ilinud ning seet\u00f5ttu sobib see eriti h\u00e4sti naistele.<\/p>\n<p><strong>Isolate Soy Protein<\/strong> on neutraalse maitsega ja pakseneb vedelikes. Soovi korral v\u00f5ib sojavalku maitsestada kakaoga v\u00f5i segada seda mahla v\u00f5i jogurtiga. Isolate Soy Protein on uue p\u00f5lvkonna sojavalk ja selle PDCAAS-v\u00e4\u00e4rtus on 1.0 ehk sama, mis piima- ja munaproteiinil. See t\u00e4hendab, et sojavalgu puhul piisab asendumatute aminohapete t\u00e4ieliku profiili saamiseks juba miinimumkogusest. Paljud harrastajad kasutavad segu, milles sojavalku v\u00f5etakse koos vadakuvalguga. Soja pakseneb vedelikes rohkem kui vadakuvalk ja hoiab n\u00e4ljatunnet kauem eemal. Seet\u00f5ttu sobib soja lisavalguks ka dieedipidajatele.<\/p>\n<p><strong>Isolate Soy Protein<\/strong> on magustatud steviaga gl\u00fckosiidiga. Stevia ei sisalda kaloreid ega m\u00f5juta gl\u00fckoositaset veres. N\u00e4ljahood, mis meid m\u00f5nikord&nbsp;tabavad,&nbsp;s\u00fc\u00fces suhkrutsisaldavaid toite, ei ole stevia tarbimisel v\u00f5imalikud. Stevia normaliseerib k\u00f5rgenenud verer\u00f5hku, parandab maksa ja neerude t\u00f6\u00f6d ning on ka p\u00f5letiku- ja allergiavastase toimega. Kuna stevia ei m\u00f5juta suhkrutaset veres, on ta t\u00e4isv\u00e4\u00e4rtuslik vahend diabeetikute jaoks.<\/p>\n<h3>Toime<\/h3>\n<ul>\n<li>K\u00f5rge arginiini- ja glutamiinisisaldusega<\/li>\n<li>Sisaldab tervistugevdavaid flavonoide ja rauda<\/li>\n<li>V\u00f5ib segada vadakuvalguga ja kasutada toidukorra asendajana<\/li>\n<\/ul>\n<h3>Kasutamine<\/h3>\n<p>Kasutada 1-3 korda p\u00e4evas 30g-50 g korraga. Pulber segada 300ml vee, piima v\u00f5i mahlaga ning tarvitada enne ja p\u00e4rast trenni ning enne magamaminekut. V\u00f5ib segada nii vadaku-, kasenii- kui munavalguga. Taastusjoogina kasutades tarbida koos s\u00fcsivesikutega.<\/p>\n<h3>Kellele?<\/h3>\n<p><strong>Isolate Soy Protein<\/strong>&nbsp;on m\u00f5eldud kasutamiseks lisavalguna k\u00f5igile sportlastele, eriti naissportlastele ja kaalulangetajatele. Soja sobib lisamiseks vadakuvalgule ja kasutamiseks toidukorraasendajana, eriti kaalulangetuse ajal.<\/p>\n<h3>Pakend: <span style=\"font-size:12px;\"><span style=\"font-family:arial,helvetica,sans-serif;\">1000g<\/span><\/span><\/h3>\n<h3>Maitsed: <span style=\"font-family:arial,helvetica,sans-serif;\"><span style=\"font-size:12px;\">\u0160okolaad, maasikas, naturaalne<\/span><\/span><\/h3>\n<table border=\"1\" cellpadding=\"1\" cellspacing=\"1\" style=\"height:100px;width:500px;\">\n<tbody>\n<tr>\n<td><strong>Self Isolate Soy Protein&nbsp;toitev\u00e4\u00e4rtus<\/strong><\/td>\n<td><strong>100g<\/strong><\/td>\n<td><strong>30g<\/strong><\/td>\n<\/tr>\n<tr>\n<td>Energia<\/td>\n<td>380kcal\/1600KJ<\/td>\n<td>115kcal\/480KJ<\/td>\n<\/tr>\n<tr>\n<td>Valgud<\/td>\n<td>91g<\/td>\n<td>27.2g<\/td>\n<\/tr>\n<tr>\n<td>S\u00fcsivesikud<\/td>\n<td>0.7g<\/td>\n<td>0.2g<\/td>\n<\/tr>\n<tr>\n<td>Rasvad<\/td>\n<td>1g<\/td>\n<td>0.3g<\/td>\n<\/tr>\n<tr>\n<td colspan=\"3\">\n<p><span style=\"font-size:10px;\">Koostis:&nbsp;sojavalgu isolaat, aroomained, kakao (\u0161okolaadimaitselisel), <span style=\"line-height: 20.8px;\">emulgaator (E322-p\u00e4evalille)<\/span>, v\u00e4rvaine: E162&nbsp;(maasikamaitselisel), magustaja&nbsp;E960 (stevia gl\u00fckosiid).<\/span><\/p>\n<p><span style=\"font-size:10px;\">Koostis&nbsp;maitsetul tootel:&nbsp;sojavalgu isolaat, emulgaator(E322-p\u00e4evalille).<\/span><\/p>\n<\/td>\n<\/tr>\n<\/tbody>\n<\/table>\n<p>Konsultatsioon<\/p>\n<p><strong>Hoiatus:<\/strong> toode ei ole sobilik lastele, rasedatele ja rinnaga toitvatele naistele. Hoida lastele k\u00e4ttesaamatus kohas. Ei ole m\u00f5eldud asendama mitmek\u00fclgset ja tasakaalustatud toitumist. \u00c4rge \u00fcletage soovituslikku p\u00e4evast kogust! Hoida kuivas, temperatuuril alla 25\u00baC. Hoida k\u00fclmumise eest. P\u00e4rast avamist tarbida 5 kuu jooksul.Parim enne: vaata pakendilt. Maaletooja MyBody O\u00dc, Tondi 84, Tallinn, 11316, Harjumaa. Tel: +372&nbsp;523 1960, e-mail <a href=\"mailto:info@mybody.ee\">info@mybody.ee<\/a>. P\u00e4ritolumaa: Rootsi.<\/p>\n<ul>\n<li>Oled oodatud tasuta konsultatsioonile MYBODY Audentese kauplusesse,<\/li>\n<li>Asukoht: Audentese Spordikeskus, Tondi 84.<\/li>\n<li>Telefon EST\/RUS\/ENG +372&nbsp;523 1960<\/li>\n<li>Telefon EST\/ENG +372 56&nbsp;458&nbsp;688<\/li>\n<li><a href=\"mailto:info@mybody.ee\">info@mybody.ee<\/a><\/li>\n<li><a href=\"http:\/\/www.facebook.com\/mybody.ee\">www.facebook.com\/mybody.ee<\/a><\/li>\n<\/ul>\n","protected":false},"excerpt":{"rendered":"<p>Self Isolate Soy Protein&nbsp;on stevia gl\u00fckosiidiga toidulisand, mis on valmistatud vesifiltreerimistehnikat kasutades. See meetod eemaldab efektiivselt rasva ja s\u00fcsivesikud proteiinist, muutes sojavalgu organismile&nbsp;tavalise sojapulbriga v\u00f5rreldes&nbsp;vastuv\u00f5etavamaks. Sojavalk on spordiharrastajatele kasulik k\u00f5rge arginiini- ja glutamiinisisalduse t\u00f5ttu. Nendel aminohapetel on t\u00e4heldatud soodsat m\u00f5ju organismi verevasrustusele ja valgus\u00fcnteesile. T\u00e4nu valmistamistehnoloogiale on tootes soja tervist tugevdavad flavonoidid s\u00e4ilinud ning seet\u00f5ttu [&hellip;]<\/p>\n","protected":false},"featured_media":403,"comment_status":"open","ping_status":"closed","template":"","meta":{"inline_featured_image":false},"product_cat":[47,26,27],"product_tag":[362,374,371,376,359,372,375,373],"class_list":{"0":"post-404","1":"product","2":"type-product","3":"status-publish","4":"has-post-thumbnail","6":"product_cat-muud-valgud","7":"product_cat-parimenne-ee","8":"product_cat-proteiinid","9":"product_tag-halloween","10":"product_tag-isolate","11":"product_tag-korgkvaliteediline","12":"product_tag-protein","13":"product_tag-self","14":"product_tag-sojavalguisolaat","15":"product_tag-soy","16":"product_tag-steviaga","17":"pa_energia-380kcal","18":"pa_kogusg-1000g","19":"pa_kunakasutada-parasttrenni","20":"pa_maitse-maitsestamata","21":"pa_rasvad-1g","22":"pa_susivesikud-0_7g","23":"pa_valgud-91g","24":"pa_vorm-pulber","26":"first","27":"instock","28":"shipping-taxable","29":"purchasable","30":"product-type-variable"},"yoast_head":"<!-- This site is optimized with the Yoast SEO plugin v27.3 - https:\/\/yoast.com\/product\/yoast-seo-wordpress\/ -->\n<title>K\u00f5rgkvaliteediline sojavalguisolaat steviaga- SELF Isolate Soy Protein - MyBody.ee - Toidulisandid ja sporditarvikud<\/title>\n<meta name=\"description\" content=\"Self Isolate Soy Protein\u00a0on stevia gl\u00fckosiidiga toidulisand, mis\" \/>\n<meta name=\"robots\" content=\"index, follow, max-snippet:-1, max-image-preview:large, max-video-preview:-1\" \/>\n<link rel=\"canonical\" href=\"https:\/\/mybody5.ee.mybody.ee\/proov\/product\/korgkvaliteediline-sojavalguisolaat-steviaga-self-isolate-soy-protein\/\" \/>\n<meta property=\"og:locale\" content=\"et_EE\" \/>\n<meta property=\"og:type\" content=\"article\" \/>\n<meta property=\"og:title\" content=\"K\u00f5rgkvaliteediline sojavalguisolaat steviaga- SELF Isolate Soy Protein - MyBody.ee - Toidulisandid ja sporditarvikud\" \/>\n<meta property=\"og:description\" content=\"Self Isolate Soy Protein\u00a0on stevia gl\u00fckosiidiga toidulisand, mis\" \/>\n<meta property=\"og:url\" content=\"https:\/\/mybody5.ee.mybody.ee\/proov\/product\/korgkvaliteediline-sojavalguisolaat-steviaga-self-isolate-soy-protein\/\" \/>\n<meta property=\"og:site_name\" content=\"supplero\" \/>\n<meta property=\"article:publisher\" content=\"https:\/\/facebook.com\/MyBody.ee\/\" \/>\n<meta property=\"og:image\" content=\"https:\/\/mybody5.ee.mybody.ee\/proov\/wp-content\/uploads\/2019\/12\/SELF-SOJA-isolaat.png\" \/>\n\t<meta property=\"og:image:width\" content=\"379\" \/>\n\t<meta property=\"og:image:height\" content=\"477\" \/>\n\t<meta property=\"og:image:type\" content=\"image\/png\" \/>\n<meta name=\"twitter:card\" content=\"summary_large_image\" \/>\n<meta name=\"twitter:label1\" content=\"Est. reading time\" \/>\n\t<meta name=\"twitter:data1\" content=\"2 minutit\" \/>\n<script type=\"application\/ld+json\" class=\"yoast-schema-graph\">{\"@context\":\"https:\\\/\\\/schema.org\",\"@graph\":[{\"@type\":\"WebPage\",\"@id\":\"https:\\\/\\\/mybody5.ee.mybody.ee\\\/proov\\\/product\\\/korgkvaliteediline-sojavalguisolaat-steviaga-self-isolate-soy-protein\\\/\",\"url\":\"https:\\\/\\\/mybody5.ee.mybody.ee\\\/proov\\\/product\\\/korgkvaliteediline-sojavalguisolaat-steviaga-self-isolate-soy-protein\\\/\",\"name\":\"K\u00f5rgkvaliteediline sojavalguisolaat steviaga- SELF Isolate Soy Protein - MyBody.ee - Toidulisandid ja sporditarvikud\",\"isPartOf\":{\"@id\":\"https:\\\/\\\/mybody5.ee.mybody.ee\\\/proov\\\/#website\"},\"primaryImageOfPage\":{\"@id\":\"https:\\\/\\\/mybody5.ee.mybody.ee\\\/proov\\\/product\\\/korgkvaliteediline-sojavalguisolaat-steviaga-self-isolate-soy-protein\\\/#primaryimage\"},\"image\":{\"@id\":\"https:\\\/\\\/mybody5.ee.mybody.ee\\\/proov\\\/product\\\/korgkvaliteediline-sojavalguisolaat-steviaga-self-isolate-soy-protein\\\/#primaryimage\"},\"thumbnailUrl\":\"https:\\\/\\\/mybody5.ee.mybody.ee\\\/proov\\\/wp-content\\\/uploads\\\/2019\\\/12\\\/SELF-SOJA-isolaat.png\",\"datePublished\":\"2019-12-09T22:25:41+00:00\",\"description\":\"Self Isolate Soy Protein\u00a0on stevia gl\u00fckosiidiga toidulisand, mis\",\"breadcrumb\":{\"@id\":\"https:\\\/\\\/mybody5.ee.mybody.ee\\\/proov\\\/product\\\/korgkvaliteediline-sojavalguisolaat-steviaga-self-isolate-soy-protein\\\/#breadcrumb\"},\"inLanguage\":\"et\",\"potentialAction\":[{\"@type\":\"ReadAction\",\"target\":[\"https:\\\/\\\/mybody5.ee.mybody.ee\\\/proov\\\/product\\\/korgkvaliteediline-sojavalguisolaat-steviaga-self-isolate-soy-protein\\\/\"]}]},{\"@type\":\"ImageObject\",\"inLanguage\":\"et\",\"@id\":\"https:\\\/\\\/mybody5.ee.mybody.ee\\\/proov\\\/product\\\/korgkvaliteediline-sojavalguisolaat-steviaga-self-isolate-soy-protein\\\/#primaryimage\",\"url\":\"https:\\\/\\\/mybody5.ee.mybody.ee\\\/proov\\\/wp-content\\\/uploads\\\/2019\\\/12\\\/SELF-SOJA-isolaat.png\",\"contentUrl\":\"https:\\\/\\\/mybody5.ee.mybody.ee\\\/proov\\\/wp-content\\\/uploads\\\/2019\\\/12\\\/SELF-SOJA-isolaat.png\",\"width\":379,\"height\":477,\"caption\":\"K\u00f5rgkvaliteediline sojavalguisolaat steviaga- SELF Isolate Soy Protein\"},{\"@type\":\"BreadcrumbList\",\"@id\":\"https:\\\/\\\/mybody5.ee.mybody.ee\\\/proov\\\/product\\\/korgkvaliteediline-sojavalguisolaat-steviaga-self-isolate-soy-protein\\\/#breadcrumb\",\"itemListElement\":[{\"@type\":\"ListItem\",\"position\":1,\"name\":\"Home\",\"item\":\"https:\\\/\\\/mybody5.ee.mybody.ee\\\/proov\\\/\"},{\"@type\":\"ListItem\",\"position\":2,\"name\":\"Shop\",\"item\":\"https:\\\/\\\/mybody5.ee.mybody.ee\\\/proov\\\/shop\\\/\"},{\"@type\":\"ListItem\",\"position\":3,\"name\":\"K\u00f5rgkvaliteediline sojavalguisolaat steviaga- SELF Isolate Soy Protein\"}]},{\"@type\":\"WebSite\",\"@id\":\"https:\\\/\\\/mybody5.ee.mybody.ee\\\/proov\\\/#website\",\"url\":\"https:\\\/\\\/mybody5.ee.mybody.ee\\\/proov\\\/\",\"name\":\"MyBody.ee - Toidulisandid ja sporditarvikud\",\"description\":\"Just another WordPress site\",\"publisher\":{\"@id\":\"https:\\\/\\\/mybody5.ee.mybody.ee\\\/proov\\\/#organization\"},\"potentialAction\":[{\"@type\":\"SearchAction\",\"target\":{\"@type\":\"EntryPoint\",\"urlTemplate\":\"https:\\\/\\\/mybody5.ee.mybody.ee\\\/proov\\\/?s={search_term_string}\"},\"query-input\":{\"@type\":\"PropertyValueSpecification\",\"valueRequired\":true,\"valueName\":\"search_term_string\"}}],\"inLanguage\":\"et\"},{\"@type\":\"Organization\",\"@id\":\"https:\\\/\\\/mybody5.ee.mybody.ee\\\/proov\\\/#organization\",\"name\":\"MyBody.ee\",\"url\":\"https:\\\/\\\/mybody5.ee.mybody.ee\\\/proov\\\/\",\"logo\":{\"@type\":\"ImageObject\",\"inLanguage\":\"et\",\"@id\":\"https:\\\/\\\/mybody5.ee.mybody.ee\\\/proov\\\/#\\\/schema\\\/logo\\\/image\\\/\",\"url\":\"https:\\\/\\\/mybody5.ee.mybody.ee\\\/proov\\\/wp-content\\\/uploads\\\/2023\\\/11\\\/mybody_logo_h65-2.png\",\"contentUrl\":\"https:\\\/\\\/mybody5.ee.mybody.ee\\\/proov\\\/wp-content\\\/uploads\\\/2023\\\/11\\\/mybody_logo_h65-2.png\",\"width\":229,\"height\":65,\"caption\":\"MyBody.ee\"},\"image\":{\"@id\":\"https:\\\/\\\/mybody5.ee.mybody.ee\\\/proov\\\/#\\\/schema\\\/logo\\\/image\\\/\"},\"sameAs\":[\"https:\\\/\\\/facebook.com\\\/MyBody.ee\\\/\"]}]}<\/script>\n<!-- \/ Yoast SEO plugin. -->","yoast_head_json":{"title":"K\u00f5rgkvaliteediline sojavalguisolaat steviaga- SELF Isolate Soy Protein - MyBody.ee - Toidulisandid ja sporditarvikud","description":"Self Isolate Soy Protein\u00a0on stevia gl\u00fckosiidiga toidulisand, mis","robots":{"index":"index","follow":"follow","max-snippet":"max-snippet:-1","max-image-preview":"max-image-preview:large","max-video-preview":"max-video-preview:-1"},"canonical":"https:\/\/mybody5.ee.mybody.ee\/proov\/product\/korgkvaliteediline-sojavalguisolaat-steviaga-self-isolate-soy-protein\/","og_locale":"et_EE","og_type":"article","og_title":"K\u00f5rgkvaliteediline sojavalguisolaat steviaga- SELF Isolate Soy Protein - MyBody.ee - Toidulisandid ja sporditarvikud","og_description":"Self Isolate Soy Protein\u00a0on stevia gl\u00fckosiidiga toidulisand, mis","og_url":"https:\/\/mybody5.ee.mybody.ee\/proov\/product\/korgkvaliteediline-sojavalguisolaat-steviaga-self-isolate-soy-protein\/","og_site_name":"supplero","article_publisher":"https:\/\/facebook.com\/MyBody.ee\/","og_image":[{"width":379,"height":477,"url":"https:\/\/mybody5.ee.mybody.ee\/proov\/wp-content\/uploads\/2019\/12\/SELF-SOJA-isolaat.png","type":"image\/png"}],"twitter_card":"summary_large_image","twitter_misc":{"Est. reading time":"2 minutit"},"schema":{"@context":"https:\/\/schema.org","@graph":[{"@type":"WebPage","@id":"https:\/\/mybody5.ee.mybody.ee\/proov\/product\/korgkvaliteediline-sojavalguisolaat-steviaga-self-isolate-soy-protein\/","url":"https:\/\/mybody5.ee.mybody.ee\/proov\/product\/korgkvaliteediline-sojavalguisolaat-steviaga-self-isolate-soy-protein\/","name":"K\u00f5rgkvaliteediline sojavalguisolaat steviaga- SELF Isolate Soy Protein - MyBody.ee - Toidulisandid ja sporditarvikud","isPartOf":{"@id":"https:\/\/mybody5.ee.mybody.ee\/proov\/#website"},"primaryImageOfPage":{"@id":"https:\/\/mybody5.ee.mybody.ee\/proov\/product\/korgkvaliteediline-sojavalguisolaat-steviaga-self-isolate-soy-protein\/#primaryimage"},"image":{"@id":"https:\/\/mybody5.ee.mybody.ee\/proov\/product\/korgkvaliteediline-sojavalguisolaat-steviaga-self-isolate-soy-protein\/#primaryimage"},"thumbnailUrl":"https:\/\/mybody5.ee.mybody.ee\/proov\/wp-content\/uploads\/2019\/12\/SELF-SOJA-isolaat.png","datePublished":"2019-12-09T22:25:41+00:00","description":"Self Isolate Soy Protein\u00a0on stevia gl\u00fckosiidiga toidulisand, mis","breadcrumb":{"@id":"https:\/\/mybody5.ee.mybody.ee\/proov\/product\/korgkvaliteediline-sojavalguisolaat-steviaga-self-isolate-soy-protein\/#breadcrumb"},"inLanguage":"et","potentialAction":[{"@type":"ReadAction","target":["https:\/\/mybody5.ee.mybody.ee\/proov\/product\/korgkvaliteediline-sojavalguisolaat-steviaga-self-isolate-soy-protein\/"]}]},{"@type":"ImageObject","inLanguage":"et","@id":"https:\/\/mybody5.ee.mybody.ee\/proov\/product\/korgkvaliteediline-sojavalguisolaat-steviaga-self-isolate-soy-protein\/#primaryimage","url":"https:\/\/mybody5.ee.mybody.ee\/proov\/wp-content\/uploads\/2019\/12\/SELF-SOJA-isolaat.png","contentUrl":"https:\/\/mybody5.ee.mybody.ee\/proov\/wp-content\/uploads\/2019\/12\/SELF-SOJA-isolaat.png","width":379,"height":477,"caption":"K\u00f5rgkvaliteediline sojavalguisolaat steviaga- SELF Isolate Soy Protein"},{"@type":"BreadcrumbList","@id":"https:\/\/mybody5.ee.mybody.ee\/proov\/product\/korgkvaliteediline-sojavalguisolaat-steviaga-self-isolate-soy-protein\/#breadcrumb","itemListElement":[{"@type":"ListItem","position":1,"name":"Home","item":"https:\/\/mybody5.ee.mybody.ee\/proov\/"},{"@type":"ListItem","position":2,"name":"Shop","item":"https:\/\/mybody5.ee.mybody.ee\/proov\/shop\/"},{"@type":"ListItem","position":3,"name":"K\u00f5rgkvaliteediline sojavalguisolaat steviaga- SELF Isolate Soy Protein"}]},{"@type":"WebSite","@id":"https:\/\/mybody5.ee.mybody.ee\/proov\/#website","url":"https:\/\/mybody5.ee.mybody.ee\/proov\/","name":"MyBody.ee - Toidulisandid ja sporditarvikud","description":"Just another WordPress site","publisher":{"@id":"https:\/\/mybody5.ee.mybody.ee\/proov\/#organization"},"potentialAction":[{"@type":"SearchAction","target":{"@type":"EntryPoint","urlTemplate":"https:\/\/mybody5.ee.mybody.ee\/proov\/?s={search_term_string}"},"query-input":{"@type":"PropertyValueSpecification","valueRequired":true,"valueName":"search_term_string"}}],"inLanguage":"et"},{"@type":"Organization","@id":"https:\/\/mybody5.ee.mybody.ee\/proov\/#organization","name":"MyBody.ee","url":"https:\/\/mybody5.ee.mybody.ee\/proov\/","logo":{"@type":"ImageObject","inLanguage":"et","@id":"https:\/\/mybody5.ee.mybody.ee\/proov\/#\/schema\/logo\/image\/","url":"https:\/\/mybody5.ee.mybody.ee\/proov\/wp-content\/uploads\/2023\/11\/mybody_logo_h65-2.png","contentUrl":"https:\/\/mybody5.ee.mybody.ee\/proov\/wp-content\/uploads\/2023\/11\/mybody_logo_h65-2.png","width":229,"height":65,"caption":"MyBody.ee"},"image":{"@id":"https:\/\/mybody5.ee.mybody.ee\/proov\/#\/schema\/logo\/image\/"},"sameAs":["https:\/\/facebook.com\/MyBody.ee\/"]}]}},"_links":{"self":[{"href":"https:\/\/mybody5.ee.mybody.ee\/proov\/wp-json\/wp\/v2\/product\/404","targetHints":{"allow":["GET"]}}],"collection":[{"href":"https:\/\/mybody5.ee.mybody.ee\/proov\/wp-json\/wp\/v2\/product"}],"about":[{"href":"https:\/\/mybody5.ee.mybody.ee\/proov\/wp-json\/wp\/v2\/types\/product"}],"replies":[{"embeddable":true,"href":"https:\/\/mybody5.ee.mybody.ee\/proov\/wp-json\/wp\/v2\/comments?post=404"}],"wp:featuredmedia":[{"embeddable":true,"href":"https:\/\/mybody5.ee.mybody.ee\/proov\/wp-json\/wp\/v2\/media\/403"}],"wp:attachment":[{"href":"https:\/\/mybody5.ee.mybody.ee\/proov\/wp-json\/wp\/v2\/media?parent=404"}],"wp:term":[{"taxonomy":"product_cat","embeddable":true,"href":"https:\/\/mybody5.ee.mybody.ee\/proov\/wp-json\/wp\/v2\/product_cat?post=404"},{"taxonomy":"product_tag","embeddable":true,"href":"https:\/\/mybody5.ee.mybody.ee\/proov\/wp-json\/wp\/v2\/product_tag?post=404"}],"curies":[{"name":"wp","href":"https:\/\/api.w.org\/{rel}","templated":true}]}}