{"id":447,"date":"2019-12-09T22:25:41","date_gmt":"2019-12-09T22:25:41","guid":{"rendered":"https:\/\/mybody5.ee.mybody.ee\/proov\/product\/aminohappeid-sisaldav-spordijook-self-bcaa-drink-mix-250g\/"},"modified":"2023-11-25T00:27:11","modified_gmt":"2023-11-25T00:27:11","slug":"aminohappeid-sisaldav-spordijook-self-bcaa-drink-mix-250g","status":"publish","type":"product","link":"https:\/\/mybody5.ee.mybody.ee\/proov\/product\/aminohappeid-sisaldav-spordijook-self-bcaa-drink-mix-250g\/","title":{"rendered":"Aminohappeid sisaldav spordijook &#8211; SELF BCAA Drink Mix 250g"},"content":{"rendered":"<p><strong>BF: 07.2023<\/strong><\/p>\n<p><strong>SELF BCAA DRINK MIX<\/strong> on magustajaga toidulisand, mis koosneb kolmest t\u00e4htsamast asendamatust aminohappest, mida organism ei suuda ise\u00a0s\u00fcnteesida. SELF BCAA DRINK MIX sisaldab neid \u00f5iges vahekorras ja optimaalses koguses treeningefekti suurendamiseks. Uuringutes on t\u00f5estatud, et hargnenud ahelaga aminohapped kiirendavad taastumist, stimuleerivad lihaskasvu ja parandavad sooritusv\u00f5imet. On m\u00e4rgatud, et need aminohapped suurendavad nii j\u00f5udu kui ka vastupidavust.\u00a0Toode sobib seega h\u00e4sti nii j\u00f5u-, kiirus-,\u00a0fitness\u00a0kui ka vastupidavusalade harrastajatele. Hargnenud ahelaga aminohapped imenduvad kiiresti, seega sobib neid tarbida vahetult p\u00e4rast treeningut ja ka juba treeningu ajal. Kasutades BCAAd, aitad kehal s\u00e4ilitada optimaalset amihohapete taset, mis on eelduseks energiat andvate hormoonide tootmisele ja v\u00e4simust tekitavate mehhanismidele<\/p>\n<h3 style=\"text-align: justify;\">Omadused<\/h3>\n<ul>\n<li style=\"text-align: justify;\">Uued v\u00e4rsked maitsed<\/li>\n<li style=\"text-align: justify;\">Kiirendab taastumist, v\u00e4hendab trennij\u00e4rgset lihasvalu ja kurnatust<\/li>\n<li style=\"text-align: justify;\">Stimuleerib valgus\u00fcnteesi (lihaskasvu)<\/li>\n<li style=\"text-align: justify;\">Kaitseb lihasmassi ja s\u00e4ilitab sooritusv\u00f5ime kaalulangetuse ajal<\/li>\n<li style=\"text-align: justify;\">Positiivne m\u00f5ju k\u00f5ikidele spordialadele!<\/li>\n<li style=\"text-align: justify;\">Rikastatud B6-vitamiiniga<\/li>\n<\/ul>\n<h3 style=\"text-align: justify;\">Kasutamine<\/h3>\n<p style=\"text-align: justify;\">Lahusta soovituslik p\u00e4evane annus pulbrit (7g=1m\u00f5\u00f5dulusikat\u00e4is)\u00a0300-500 ml vedelkuga. Sobib kombineerida s\u00fcsiveikutega (<a href=\"http:\/\/pood.mybody.ee\/self-omninutrition-just-carbs-100-2kg-aeglasti-imenduv-susivesik\">maltodekstriini\u00a0<\/a>ja<a href=\"http:\/\/pood.mybody.ee\/aminostar-xpower-flash-xt-isotonic-energy-drink-isotooniline-spordijook\"> isotoonilise spordijoogiga<\/a>)<\/p>\n<h3 style=\"text-align: justify;\">Kellele sobib?<\/h3>\n<p style=\"text-align: justify;\"><strong>SELF BCAA DRINK MIX<\/strong> sobib k\u00f5ikide\u00a0alade esindajatele, sest omab positiivset efekti igasuguste f\u00fc\u00fcsiliste koormuste puhul.<\/p>\n<h3 style=\"text-align: justify;\">Pakend<span style=\"font-size: 12px;\"><span style=\"font-family: arial,helvetica,sans-serif;\">:<span style=\"color: #000000;\">\u00a0<\/span>250g<\/span><\/span><\/h3>\n<h3 style=\"text-align: justify;\">Maitse<span style=\"font-size: 12px;\"><span style=\"font-family: arial,helvetica,sans-serif;\">: \u00d5unamahla, virsiku j\u00e4\u00e4tee<\/span><\/span><\/h3>\n<table style=\"width: 500px;\" border=\"1\" cellspacing=\"1\" cellpadding=\"1\">\n<tbody>\n<tr>\n<td style=\"text-align: justify;\" colspan=\"2\"><span style=\"font-size: 12px;\"><span style=\"font-family: arial,helvetica,sans-serif;\"><strong>BCAA DRINK MIX toitev\u00e4\u00e4rtus<\/strong> <strong>100g<\/strong>: Energiat 0kcal,valke 0g, s\u00fcsivesikuid 0g, rasvu 0g<\/span><\/span><\/td>\n<\/tr>\n<tr>\n<td style=\"text-align: justify;\"><span style=\"font-size: 12px;\"><span style=\"font-family: arial,helvetica,sans-serif;\"><strong>BCAA DRINK MIX<\/strong><\/span><\/span><\/td>\n<td style=\"text-align: justify;\"><span style=\"font-size: 12px;\"><span style=\"font-family: arial,helvetica,sans-serif;\"><strong>7 g<\/strong><\/span><\/span><\/td>\n<\/tr>\n<tr>\n<td style=\"text-align: justify;\"><strong>Vitamiin B6<\/strong><\/td>\n<td style=\"text-align: justify;\"><strong><span style=\"font-size: 12px;\"><span style=\"font-family: arial,helvetica,sans-serif;\">3mg (150%)<\/span><\/span><\/strong><\/td>\n<\/tr>\n<tr>\n<td style=\"text-align: justify;\"><strong>BCAA aminohapped<\/strong><\/td>\n<td style=\"text-align: justify;\"><strong>5 g<\/strong><\/td>\n<\/tr>\n<tr>\n<td style=\"text-align: justify;\"><span style=\"font-size: 12px;\"><span style=\"font-family: arial,helvetica,sans-serif;\">L-leutsiin<\/span><\/span><\/td>\n<td style=\"text-align: justify;\">2,50 g<\/td>\n<\/tr>\n<tr>\n<td style=\"text-align: justify;\"><span style=\"font-size: 12px;\"><span style=\"font-family: arial,helvetica,sans-serif;\">L-valiin<\/span><\/span><\/td>\n<td style=\"text-align: justify;\"><span style=\"font-size: 12px;\"><span style=\"font-family: arial,helvetica,sans-serif;\">1,25 g<\/span><\/span><\/td>\n<\/tr>\n<tr>\n<td style=\"text-align: justify;\"><span style=\"font-size: 12px;\"><span style=\"font-family: arial,helvetica,sans-serif;\">L-isoleutsiin<\/span><\/span><\/td>\n<td style=\"text-align: justify;\"><span style=\"font-size: 12px;\"><span style=\"font-family: arial,helvetica,sans-serif;\">1,25 g<\/span><\/span><\/td>\n<\/tr>\n<tr>\n<td colspan=\"2\"><span style=\"font-size: 10px;\">Koostis: BCAA (L-leutsiin, L-valiin, L-isoleutsiin), l\u00f5hnaained, sidrunhaped (E330), stabilisaator (E466), v\u00e4rvained (\u00f5unamahla &#8211; E150a, virsiku j\u00e4\u00e4tee &#8211; E150a, vaarika\u00a0&#8211; E162), magustaja (sukraloos, E950),\u00a0p\u00fcridoksiin HCL.<\/span><\/td>\n<\/tr>\n<\/tbody>\n<\/table>\n<p><strong>Hoiatus:<\/strong> toode ei ole sobilik lastele, rasedatele ja rinnaga toitvatele naistele. Hoida lastele k\u00e4ttesaamatus kohas. Ei ole m\u00f5eldud asendama mitmek\u00fclgset ja tasakaalustatud toitumist. \u00c4rge \u00fcletage soovituslikku p\u00e4evast kogust! Hoida kuivas, temperatuuril alla 25\u00baC. Hoida k\u00fclmumise eest. P\u00e4rast avamist tarbida 5 kuu jooksul.Parim enne: vaata pakendilt. Maaletooja MyBody O\u00dc, Tondi 84, Tallinn, 11316, Harjumaa. Tel: +372\u00a0523 1960, e-mail <a href=\"mailto:info@mybody.ee\">info@mybody.ee<\/a>. P\u00e4ritolumaa: Rootsi.<\/p>\n<p style=\"text-align: justify;\">Konsultatsioon<\/p>\n<ul>\n<li style=\"text-align: justify;\"><span style=\"font-size: 12px;\"><span style=\"font-family: arial,helvetica,sans-serif;\">Oled oodatud tasuta konsultatsioonile MYBODY Audentese kauplusesse,<\/span><\/span><\/li>\n<li style=\"text-align: justify;\"><span style=\"font-size: 12px;\"><span style=\"font-family: arial,helvetica,sans-serif;\">Asukoht: Audentese Spordikeskus, Tondi 84.<\/span><\/span><\/li>\n<li style=\"text-align: justify;\"><span style=\"font-size: 12px;\"><span style=\"font-family: arial,helvetica,sans-serif;\">Telefon EST\/RUS\/ENG +372\u00a0523 1960<\/span><\/span><\/li>\n<li style=\"text-align: justify;\"><span style=\"font-size: 12px;\"><span style=\"font-family: arial,helvetica,sans-serif;\">Telefon EST\/ENG +372 56\u00a0458\u00a0688<\/span><\/span><\/li>\n<li style=\"text-align: justify;\"><span style=\"font-size: 12px;\"><span style=\"font-family: arial,helvetica,sans-serif;\"><a href=\"mailto:info@mybody.ee\">info@mybody.ee<\/a><\/span><\/span><\/li>\n<li style=\"text-align: justify;\"><span style=\"font-size: 12px;\"><span style=\"font-family: arial,helvetica,sans-serif;\"><a href=\"http:\/\/www.facebook.com\/mybody.ee\">www.facebook.com\/mybody.ee<\/a><\/span><\/span><\/li>\n<\/ul>\n","protected":false},"excerpt":{"rendered":"<p>BF: 07.2023 SELF BCAA DRINK MIX on magustajaga toidulisand, mis koosneb kolmest t\u00e4htsamast asendamatust aminohappest, mida organism ei suuda ise\u00a0s\u00fcnteesida. SELF BCAA DRINK MIX sisaldab neid \u00f5iges vahekorras ja optimaalses koguses treeningefekti suurendamiseks. Uuringutes on t\u00f5estatud, et hargnenud ahelaga aminohapped kiirendavad taastumist, stimuleerivad lihaskasvu ja parandavad sooritusv\u00f5imet. On m\u00e4rgatud, et need aminohapped suurendavad nii j\u00f5udu [&hellip;]<\/p>\n","protected":false},"featured_media":189,"comment_status":"open","ping_status":"closed","template":"","meta":{"inline_featured_image":false},"product_cat":[48,17,26,63,29,34],"product_tag":[394,389,385,392,393,396,359,390,391,395],"class_list":{"0":"post-447","1":"product","2":"type-product","3":"status-publish","4":"has-post-thumbnail","6":"product_cat-aminohapete-segud","7":"product_cat-aminohapped","8":"product_cat-parimenne-ee","9":"product_cat-populaarsed-est","10":"product_cat-sooduspakkumised","11":"product_cat-sportmangud","12":"product_tag-250g","13":"product_tag-aminohappeid","14":"product_tag-bcaa","15":"product_tag-drink","16":"product_tag-mix","17":"product_tag-pakkumised","18":"product_tag-self","19":"product_tag-sisaldav","20":"product_tag-spordijook","21":"product_tag-sunnipaevanadala","22":"pa_kogusg-500g","23":"pa_kunakasutada-trenniajal","24":"pa_maitse-ouna","25":"pa_vorm-pulber","27":"first","28":"instock","29":"sale","30":"shipping-taxable","31":"purchasable","32":"product-type-variable"},"yoast_head":"<!-- This site is optimized with the Yoast SEO plugin v27.3 - https:\/\/yoast.com\/product\/yoast-seo-wordpress\/ -->\n<title>Aminohappeid sisaldav spordijook - SELF BCAA Drink Mix 250g - MyBody.ee - Toidulisandid ja sporditarvikud<\/title>\n<meta name=\"description\" content=\"SELF BCAA DRINK MIX on magustajaga toidulisand, mis koosneb kolmest\" \/>\n<meta name=\"robots\" content=\"index, follow, max-snippet:-1, max-image-preview:large, max-video-preview:-1\" \/>\n<link rel=\"canonical\" href=\"https:\/\/mybody5.ee.mybody.ee\/proov\/product\/aminohappeid-sisaldav-spordijook-self-bcaa-drink-mix-250g\/\" \/>\n<meta property=\"og:locale\" content=\"et_EE\" \/>\n<meta property=\"og:type\" content=\"article\" \/>\n<meta property=\"og:title\" content=\"Aminohappeid sisaldav spordijook - SELF BCAA Drink Mix 250g - MyBody.ee - Toidulisandid ja sporditarvikud\" \/>\n<meta property=\"og:description\" content=\"SELF BCAA DRINK MIX on magustajaga toidulisand, mis koosneb kolmest\" \/>\n<meta property=\"og:url\" content=\"https:\/\/mybody5.ee.mybody.ee\/proov\/product\/aminohappeid-sisaldav-spordijook-self-bcaa-drink-mix-250g\/\" \/>\n<meta property=\"og:site_name\" content=\"supplero\" \/>\n<meta property=\"article:publisher\" content=\"https:\/\/facebook.com\/MyBody.ee\/\" \/>\n<meta property=\"article:modified_time\" content=\"2023-11-25T00:27:11+00:00\" \/>\n<meta property=\"og:image\" content=\"https:\/\/mybody5.ee.mybody.ee\/proov\/wp-content\/uploads\/2019\/12\/self-drinkmix.png\" \/>\n\t<meta property=\"og:image:width\" content=\"247\" \/>\n\t<meta property=\"og:image:height\" content=\"275\" \/>\n\t<meta property=\"og:image:type\" content=\"image\/png\" \/>\n<meta name=\"twitter:card\" content=\"summary_large_image\" \/>\n<meta name=\"twitter:label1\" content=\"Est. reading time\" \/>\n\t<meta name=\"twitter:data1\" content=\"2 minutit\" \/>\n<script type=\"application\/ld+json\" class=\"yoast-schema-graph\">{\"@context\":\"https:\\\/\\\/schema.org\",\"@graph\":[{\"@type\":\"WebPage\",\"@id\":\"https:\\\/\\\/mybody5.ee.mybody.ee\\\/proov\\\/product\\\/aminohappeid-sisaldav-spordijook-self-bcaa-drink-mix-250g\\\/\",\"url\":\"https:\\\/\\\/mybody5.ee.mybody.ee\\\/proov\\\/product\\\/aminohappeid-sisaldav-spordijook-self-bcaa-drink-mix-250g\\\/\",\"name\":\"Aminohappeid sisaldav spordijook - SELF BCAA Drink Mix 250g - MyBody.ee - Toidulisandid ja sporditarvikud\",\"isPartOf\":{\"@id\":\"https:\\\/\\\/mybody5.ee.mybody.ee\\\/proov\\\/#website\"},\"primaryImageOfPage\":{\"@id\":\"https:\\\/\\\/mybody5.ee.mybody.ee\\\/proov\\\/product\\\/aminohappeid-sisaldav-spordijook-self-bcaa-drink-mix-250g\\\/#primaryimage\"},\"image\":{\"@id\":\"https:\\\/\\\/mybody5.ee.mybody.ee\\\/proov\\\/product\\\/aminohappeid-sisaldav-spordijook-self-bcaa-drink-mix-250g\\\/#primaryimage\"},\"thumbnailUrl\":\"https:\\\/\\\/mybody5.ee.mybody.ee\\\/proov\\\/wp-content\\\/uploads\\\/2019\\\/12\\\/self-drinkmix.png\",\"datePublished\":\"2019-12-09T22:25:41+00:00\",\"dateModified\":\"2023-11-25T00:27:11+00:00\",\"description\":\"SELF BCAA DRINK MIX on magustajaga toidulisand, mis koosneb kolmest\",\"breadcrumb\":{\"@id\":\"https:\\\/\\\/mybody5.ee.mybody.ee\\\/proov\\\/product\\\/aminohappeid-sisaldav-spordijook-self-bcaa-drink-mix-250g\\\/#breadcrumb\"},\"inLanguage\":\"et\",\"potentialAction\":[{\"@type\":\"ReadAction\",\"target\":[\"https:\\\/\\\/mybody5.ee.mybody.ee\\\/proov\\\/product\\\/aminohappeid-sisaldav-spordijook-self-bcaa-drink-mix-250g\\\/\"]}]},{\"@type\":\"ImageObject\",\"inLanguage\":\"et\",\"@id\":\"https:\\\/\\\/mybody5.ee.mybody.ee\\\/proov\\\/product\\\/aminohappeid-sisaldav-spordijook-self-bcaa-drink-mix-250g\\\/#primaryimage\",\"url\":\"https:\\\/\\\/mybody5.ee.mybody.ee\\\/proov\\\/wp-content\\\/uploads\\\/2019\\\/12\\\/self-drinkmix.png\",\"contentUrl\":\"https:\\\/\\\/mybody5.ee.mybody.ee\\\/proov\\\/wp-content\\\/uploads\\\/2019\\\/12\\\/self-drinkmix.png\",\"width\":247,\"height\":275,\"caption\":\"Self Omninutrition BCAA Drink Mix - hargnenud ahelaga aminohappeid sisaldav spordijook\"},{\"@type\":\"BreadcrumbList\",\"@id\":\"https:\\\/\\\/mybody5.ee.mybody.ee\\\/proov\\\/product\\\/aminohappeid-sisaldav-spordijook-self-bcaa-drink-mix-250g\\\/#breadcrumb\",\"itemListElement\":[{\"@type\":\"ListItem\",\"position\":1,\"name\":\"Home\",\"item\":\"https:\\\/\\\/mybody5.ee.mybody.ee\\\/proov\\\/\"},{\"@type\":\"ListItem\",\"position\":2,\"name\":\"Shop\",\"item\":\"https:\\\/\\\/mybody5.ee.mybody.ee\\\/proov\\\/shop\\\/\"},{\"@type\":\"ListItem\",\"position\":3,\"name\":\"Aminohappeid sisaldav spordijook &#8211; SELF BCAA Drink Mix 250g\"}]},{\"@type\":\"WebSite\",\"@id\":\"https:\\\/\\\/mybody5.ee.mybody.ee\\\/proov\\\/#website\",\"url\":\"https:\\\/\\\/mybody5.ee.mybody.ee\\\/proov\\\/\",\"name\":\"MyBody.ee - Toidulisandid ja sporditarvikud\",\"description\":\"Just another WordPress site\",\"publisher\":{\"@id\":\"https:\\\/\\\/mybody5.ee.mybody.ee\\\/proov\\\/#organization\"},\"potentialAction\":[{\"@type\":\"SearchAction\",\"target\":{\"@type\":\"EntryPoint\",\"urlTemplate\":\"https:\\\/\\\/mybody5.ee.mybody.ee\\\/proov\\\/?s={search_term_string}\"},\"query-input\":{\"@type\":\"PropertyValueSpecification\",\"valueRequired\":true,\"valueName\":\"search_term_string\"}}],\"inLanguage\":\"et\"},{\"@type\":\"Organization\",\"@id\":\"https:\\\/\\\/mybody5.ee.mybody.ee\\\/proov\\\/#organization\",\"name\":\"MyBody.ee\",\"url\":\"https:\\\/\\\/mybody5.ee.mybody.ee\\\/proov\\\/\",\"logo\":{\"@type\":\"ImageObject\",\"inLanguage\":\"et\",\"@id\":\"https:\\\/\\\/mybody5.ee.mybody.ee\\\/proov\\\/#\\\/schema\\\/logo\\\/image\\\/\",\"url\":\"https:\\\/\\\/mybody5.ee.mybody.ee\\\/proov\\\/wp-content\\\/uploads\\\/2023\\\/11\\\/mybody_logo_h65-2.png\",\"contentUrl\":\"https:\\\/\\\/mybody5.ee.mybody.ee\\\/proov\\\/wp-content\\\/uploads\\\/2023\\\/11\\\/mybody_logo_h65-2.png\",\"width\":229,\"height\":65,\"caption\":\"MyBody.ee\"},\"image\":{\"@id\":\"https:\\\/\\\/mybody5.ee.mybody.ee\\\/proov\\\/#\\\/schema\\\/logo\\\/image\\\/\"},\"sameAs\":[\"https:\\\/\\\/facebook.com\\\/MyBody.ee\\\/\"]}]}<\/script>\n<!-- \/ Yoast SEO plugin. -->","yoast_head_json":{"title":"Aminohappeid sisaldav spordijook - SELF BCAA Drink Mix 250g - MyBody.ee - Toidulisandid ja sporditarvikud","description":"SELF BCAA DRINK MIX on magustajaga toidulisand, mis koosneb kolmest","robots":{"index":"index","follow":"follow","max-snippet":"max-snippet:-1","max-image-preview":"max-image-preview:large","max-video-preview":"max-video-preview:-1"},"canonical":"https:\/\/mybody5.ee.mybody.ee\/proov\/product\/aminohappeid-sisaldav-spordijook-self-bcaa-drink-mix-250g\/","og_locale":"et_EE","og_type":"article","og_title":"Aminohappeid sisaldav spordijook - SELF BCAA Drink Mix 250g - MyBody.ee - Toidulisandid ja sporditarvikud","og_description":"SELF BCAA DRINK MIX on magustajaga toidulisand, mis koosneb kolmest","og_url":"https:\/\/mybody5.ee.mybody.ee\/proov\/product\/aminohappeid-sisaldav-spordijook-self-bcaa-drink-mix-250g\/","og_site_name":"supplero","article_publisher":"https:\/\/facebook.com\/MyBody.ee\/","article_modified_time":"2023-11-25T00:27:11+00:00","og_image":[{"width":247,"height":275,"url":"https:\/\/mybody5.ee.mybody.ee\/proov\/wp-content\/uploads\/2019\/12\/self-drinkmix.png","type":"image\/png"}],"twitter_card":"summary_large_image","twitter_misc":{"Est. reading time":"2 minutit"},"schema":{"@context":"https:\/\/schema.org","@graph":[{"@type":"WebPage","@id":"https:\/\/mybody5.ee.mybody.ee\/proov\/product\/aminohappeid-sisaldav-spordijook-self-bcaa-drink-mix-250g\/","url":"https:\/\/mybody5.ee.mybody.ee\/proov\/product\/aminohappeid-sisaldav-spordijook-self-bcaa-drink-mix-250g\/","name":"Aminohappeid sisaldav spordijook - SELF BCAA Drink Mix 250g - MyBody.ee - Toidulisandid ja sporditarvikud","isPartOf":{"@id":"https:\/\/mybody5.ee.mybody.ee\/proov\/#website"},"primaryImageOfPage":{"@id":"https:\/\/mybody5.ee.mybody.ee\/proov\/product\/aminohappeid-sisaldav-spordijook-self-bcaa-drink-mix-250g\/#primaryimage"},"image":{"@id":"https:\/\/mybody5.ee.mybody.ee\/proov\/product\/aminohappeid-sisaldav-spordijook-self-bcaa-drink-mix-250g\/#primaryimage"},"thumbnailUrl":"https:\/\/mybody5.ee.mybody.ee\/proov\/wp-content\/uploads\/2019\/12\/self-drinkmix.png","datePublished":"2019-12-09T22:25:41+00:00","dateModified":"2023-11-25T00:27:11+00:00","description":"SELF BCAA DRINK MIX on magustajaga toidulisand, mis koosneb kolmest","breadcrumb":{"@id":"https:\/\/mybody5.ee.mybody.ee\/proov\/product\/aminohappeid-sisaldav-spordijook-self-bcaa-drink-mix-250g\/#breadcrumb"},"inLanguage":"et","potentialAction":[{"@type":"ReadAction","target":["https:\/\/mybody5.ee.mybody.ee\/proov\/product\/aminohappeid-sisaldav-spordijook-self-bcaa-drink-mix-250g\/"]}]},{"@type":"ImageObject","inLanguage":"et","@id":"https:\/\/mybody5.ee.mybody.ee\/proov\/product\/aminohappeid-sisaldav-spordijook-self-bcaa-drink-mix-250g\/#primaryimage","url":"https:\/\/mybody5.ee.mybody.ee\/proov\/wp-content\/uploads\/2019\/12\/self-drinkmix.png","contentUrl":"https:\/\/mybody5.ee.mybody.ee\/proov\/wp-content\/uploads\/2019\/12\/self-drinkmix.png","width":247,"height":275,"caption":"Self Omninutrition BCAA Drink Mix - hargnenud ahelaga aminohappeid sisaldav spordijook"},{"@type":"BreadcrumbList","@id":"https:\/\/mybody5.ee.mybody.ee\/proov\/product\/aminohappeid-sisaldav-spordijook-self-bcaa-drink-mix-250g\/#breadcrumb","itemListElement":[{"@type":"ListItem","position":1,"name":"Home","item":"https:\/\/mybody5.ee.mybody.ee\/proov\/"},{"@type":"ListItem","position":2,"name":"Shop","item":"https:\/\/mybody5.ee.mybody.ee\/proov\/shop\/"},{"@type":"ListItem","position":3,"name":"Aminohappeid sisaldav spordijook &#8211; SELF BCAA Drink Mix 250g"}]},{"@type":"WebSite","@id":"https:\/\/mybody5.ee.mybody.ee\/proov\/#website","url":"https:\/\/mybody5.ee.mybody.ee\/proov\/","name":"MyBody.ee - Toidulisandid ja sporditarvikud","description":"Just another WordPress site","publisher":{"@id":"https:\/\/mybody5.ee.mybody.ee\/proov\/#organization"},"potentialAction":[{"@type":"SearchAction","target":{"@type":"EntryPoint","urlTemplate":"https:\/\/mybody5.ee.mybody.ee\/proov\/?s={search_term_string}"},"query-input":{"@type":"PropertyValueSpecification","valueRequired":true,"valueName":"search_term_string"}}],"inLanguage":"et"},{"@type":"Organization","@id":"https:\/\/mybody5.ee.mybody.ee\/proov\/#organization","name":"MyBody.ee","url":"https:\/\/mybody5.ee.mybody.ee\/proov\/","logo":{"@type":"ImageObject","inLanguage":"et","@id":"https:\/\/mybody5.ee.mybody.ee\/proov\/#\/schema\/logo\/image\/","url":"https:\/\/mybody5.ee.mybody.ee\/proov\/wp-content\/uploads\/2023\/11\/mybody_logo_h65-2.png","contentUrl":"https:\/\/mybody5.ee.mybody.ee\/proov\/wp-content\/uploads\/2023\/11\/mybody_logo_h65-2.png","width":229,"height":65,"caption":"MyBody.ee"},"image":{"@id":"https:\/\/mybody5.ee.mybody.ee\/proov\/#\/schema\/logo\/image\/"},"sameAs":["https:\/\/facebook.com\/MyBody.ee\/"]}]}},"_links":{"self":[{"href":"https:\/\/mybody5.ee.mybody.ee\/proov\/wp-json\/wp\/v2\/product\/447","targetHints":{"allow":["GET"]}}],"collection":[{"href":"https:\/\/mybody5.ee.mybody.ee\/proov\/wp-json\/wp\/v2\/product"}],"about":[{"href":"https:\/\/mybody5.ee.mybody.ee\/proov\/wp-json\/wp\/v2\/types\/product"}],"replies":[{"embeddable":true,"href":"https:\/\/mybody5.ee.mybody.ee\/proov\/wp-json\/wp\/v2\/comments?post=447"}],"wp:featuredmedia":[{"embeddable":true,"href":"https:\/\/mybody5.ee.mybody.ee\/proov\/wp-json\/wp\/v2\/media\/189"}],"wp:attachment":[{"href":"https:\/\/mybody5.ee.mybody.ee\/proov\/wp-json\/wp\/v2\/media?parent=447"}],"wp:term":[{"taxonomy":"product_cat","embeddable":true,"href":"https:\/\/mybody5.ee.mybody.ee\/proov\/wp-json\/wp\/v2\/product_cat?post=447"},{"taxonomy":"product_tag","embeddable":true,"href":"https:\/\/mybody5.ee.mybody.ee\/proov\/wp-json\/wp\/v2\/product_tag?post=447"}],"curies":[{"name":"wp","href":"https:\/\/api.w.org\/{rel}","templated":true}]}}