{"id":492,"date":"2019-12-09T22:25:42","date_gmt":"2019-12-09T22:25:42","guid":{"rendered":"https:\/\/mybody5.ee.mybody.ee\/proov\/product\/100-taimne-valguallikas-self-vegan-protein\/"},"modified":"2019-12-09T22:25:42","modified_gmt":"2019-12-09T22:25:42","slug":"100-taimne-valguallikas-self-vegan-protein","status":"publish","type":"product","link":"https:\/\/mybody5.ee.mybody.ee\/proov\/product\/100-taimne-valguallikas-self-vegan-protein\/","title":{"rendered":"100% taimne valguallikas &#8211; SELF Vegan Protein"},"content":{"rendered":"<div>\n<p><strong>SELF Vegan Protein<\/strong> on 100% taimne valgupulber k\u00f5igile kes peavad lugu taimsest toidust. SELF Vegan Protein sisaldab 42% kaera, 27% riisi, 13% kanepit, 9% linaseemnejahu, p\u00e4evalilleseemneid, ps\u00fclliumit ja imev\u00e4he steviat. Kui men\u00fc\u00fc sisaldab igap\u00e4evaselt erinevaid taimseid valke, siis t\u00e4iendavad erinevate valkude aminohappelised koostised \u00fcksteist, moodustades keha vajadustele h\u00e4sti vastava kombinatsiooni.<\/p>\n<p><strong>Kaeras<\/strong> on k\u00f5rgeim kontsentratsioon h\u00e4sti tasakaalustatud valku kui teistes teraviljades. Kaeravalk on kvaliteedilt ligikaudu samav\u00e4\u00e4rne sojavalguga, mis on v\u00f5rdne liha-, piima- ja munavalguga.<\/p>\n<p><strong>Kanepivalk<\/strong> sisaldab t\u00e4isv\u00e4\u00e4rtuslikke valke- k\u00f5iki 21-te aminohapet, sealhulgas 8-t asendamatut aminohapet. Lisaks on kanepivalgus rikkalik valik eluks vajalikke oomega-3- ja oomega-6-rasvhappeid, mis on ideaalses vahekorras 1:3.&nbsp;<\/p>\n<ul>\n<li>Sisaldab parimaid taimseid valguallikaid<\/li>\n<li>Laktoosivaba<\/li>\n<li>Valke 68%<\/li>\n<li>Magustatud loodusliku&nbsp;steviaga<\/li>\n<\/ul>\n<h3>Kasutamine<\/h3>\n<p>Soovituslik p\u00e4evane portsjon on 25g. Vegan proteini v\u00f5ib segada&nbsp;mahla, soja-,&nbsp;kookose-,&nbsp;mandli-,&nbsp;kaerapiimaga ning&nbsp;kookoseveega.<\/p>\n<h3>Kellele sobib?<\/h3>\n<p>Vegan Protein sobib h\u00e4sti n\u00e4iteks sportlastele ja taimetoitlastele, aga ka neile, kes soovivad kaalu langetada.<\/p>\n<h3>Pakend: <span style=\"font-size:14px;\"><span style=\"font-family: arial,helvetica,sans-serif;\">500g<\/span><\/span><\/h3>\n<\/p><\/div>\n<table border=\"1\" cellpadding=\"1\" cellspacing=\"1\" style=\"width: 500px;\">\n<tbody>\n<tr>\n<td><strong>Vegan Protein toitev\u00e4\u00e4rtus<\/strong><\/td>\n<td><strong>25g<\/strong><\/td>\n<td><strong>100g<\/strong><\/td>\n<\/tr>\n<tr>\n<td>Energiat<\/td>\n<td>108kcal(448KJ)<\/td>\n<td>430kcal(1490KJ)<\/td>\n<\/tr>\n<tr>\n<td>Valke<\/td>\n<td>17g<\/td>\n<td>68g<\/td>\n<\/tr>\n<tr>\n<td>S\u00fcsivesikuid,<br \/> \t\t\tmilles suhkrut<\/td>\n<td>3g<br \/> \t\t\t0,25g<\/td>\n<td>12g<br \/> \t\t\t1g<\/td>\n<\/tr>\n<tr>\n<td>Rasvu,<br \/> \t\t\tmillest k\u00fcllastunud rasvu<\/td>\n<td>3g<br \/> \t\t\t0,25g<\/td>\n<td>12g<br \/> \t\t\t1g<\/td>\n<\/tr>\n<tr>\n<td>Soola<\/td>\n<td>0,05g<\/td>\n<td>0,2g<\/td>\n<\/tr>\n<tr>\n<td colspan=\"3\">\n<p><span style=\"font-size:10px;\">Koostis: 42% kaera, 27% riisi, 13% kanepit, 9% linaseemnejahu, p\u00e4evalilleseemneid, ps\u00fclliumit, emulgaator: p\u00e4evalille letsitiin, magusaine:&nbsp;stevia gl\u00fckosiid.<\/span><\/p>\n<\/td>\n<\/tr>\n<\/tbody>\n<\/table>\n<p>Konsultatsioon:<\/p>\n<ul>\n<li style=\"text-align:justify\"><span style=\"font-size:12px\"><span style=\"font-family:arial,helvetica,sans-serif\">Oled oodatud tasuta konsultatsioonile MYBODY Audentese kauplusesse,<\/span><\/span><\/li>\n<li style=\"text-align:justify\"><span style=\"font-size:12px\"><span style=\"font-family:arial,helvetica,sans-serif\">Asukoht: Audentese Spordikeskus, Tondi 84.<\/span><\/span><\/li>\n<li style=\"text-align:justify\"><span style=\"font-size:12px\"><span style=\"font-family:arial,helvetica,sans-serif\">Telefon EST\/RUS\/ENG +372&nbsp;523 1960<\/span><\/span><\/li>\n<li style=\"text-align:justify\"><span style=\"font-size:12px\"><span style=\"font-family:arial,helvetica,sans-serif\">Telefon EST\/ENG +372 56&nbsp;458&nbsp;688<\/span><\/span><\/li>\n<li style=\"text-align:justify\"><span style=\"font-size:12px\"><span style=\"font-family:arial,helvetica,sans-serif\"><a href=\"mailto:info@mybody.ee\">info@mybody.ee<\/a><\/span><\/span><\/li>\n<li style=\"text-align:justify\"><span style=\"font-size:12px\"><span style=\"font-family:arial,helvetica,sans-serif\"><a href=\"http:\/\/www.facebook.com\/mybody.ee\">www.facebook.com\/mybody.ee<\/a><\/span><\/span><\/li>\n<\/ul>\n","protected":false},"excerpt":{"rendered":"<p>SELF Vegan Protein on 100% taimne valgupulber k\u00f5igile kes peavad lugu taimsest toidust. SELF Vegan Protein sisaldab 42% kaera, 27% riisi, 13% kanepit, 9% linaseemnejahu, p\u00e4evalilleseemneid, ps\u00fclliumit ja imev\u00e4he steviat. Kui men\u00fc\u00fc sisaldab igap\u00e4evaselt erinevaid taimseid valke, siis t\u00e4iendavad erinevate valkude aminohappelised koostised \u00fcksteist, moodustades keha vajadustele h\u00e4sti vastava kombinatsiooni. Kaeras on k\u00f5rgeim kontsentratsioon h\u00e4sti [&hellip;]<\/p>\n","protected":false},"featured_media":491,"comment_status":"open","ping_status":"closed","template":"","meta":{"inline_featured_image":false},"product_cat":[47,25,63,27,29,31],"product_tag":[397,376,359,398,399,400],"class_list":{"0":"post-492","1":"product","2":"type-product","3":"status-publish","4":"has-post-thumbnail","6":"product_cat-muud-valgud","7":"product_cat-naturaalsed-toidulisandid","8":"product_cat-populaarsed-est","9":"product_cat-proteiinid","10":"product_cat-sooduspakkumised","11":"product_cat-vegan","12":"product_tag-397","13":"product_tag-protein","14":"product_tag-self","15":"product_tag-taimne","16":"product_tag-valguallikas","17":"product_tag-vegan","19":"first","20":"instock","21":"shipping-taxable","22":"purchasable","23":"product-type-simple"},"yoast_head":"<!-- This site is optimized with the Yoast SEO plugin v27.3 - https:\/\/yoast.com\/product\/yoast-seo-wordpress\/ -->\n<title>100% taimne valguallikas - SELF Vegan Protein - MyBody.ee - Toidulisandid ja sporditarvikud<\/title>\n<meta name=\"description\" content=\"SELF Vegan Protein on 100% taimne valgupulber k\u00f5igile kes\" \/>\n<meta name=\"robots\" content=\"index, follow, max-snippet:-1, max-image-preview:large, max-video-preview:-1\" \/>\n<link rel=\"canonical\" href=\"https:\/\/mybody5.ee.mybody.ee\/proov\/product\/100-taimne-valguallikas-self-vegan-protein\/\" \/>\n<meta property=\"og:locale\" content=\"et_EE\" \/>\n<meta property=\"og:type\" content=\"article\" \/>\n<meta property=\"og:title\" content=\"100% taimne valguallikas - SELF Vegan Protein - MyBody.ee - Toidulisandid ja sporditarvikud\" \/>\n<meta property=\"og:description\" content=\"SELF Vegan Protein on 100% taimne valgupulber k\u00f5igile kes\" \/>\n<meta property=\"og:url\" content=\"https:\/\/mybody5.ee.mybody.ee\/proov\/product\/100-taimne-valguallikas-self-vegan-protein\/\" \/>\n<meta property=\"og:site_name\" content=\"supplero\" \/>\n<meta property=\"article:publisher\" content=\"https:\/\/facebook.com\/MyBody.ee\/\" \/>\n<meta property=\"og:image\" content=\"https:\/\/mybody5.ee.mybody.ee\/proov\/wp-content\/uploads\/2019\/12\/vegan-protein.png\" \/>\n\t<meta property=\"og:image:width\" content=\"315\" \/>\n\t<meta property=\"og:image:height\" content=\"460\" \/>\n\t<meta property=\"og:image:type\" content=\"image\/png\" \/>\n<meta name=\"twitter:card\" content=\"summary_large_image\" \/>\n<meta name=\"twitter:label1\" content=\"Est. reading time\" \/>\n\t<meta name=\"twitter:data1\" content=\"1 minut\" \/>\n<script type=\"application\/ld+json\" class=\"yoast-schema-graph\">{\"@context\":\"https:\\\/\\\/schema.org\",\"@graph\":[{\"@type\":\"WebPage\",\"@id\":\"https:\\\/\\\/mybody5.ee.mybody.ee\\\/proov\\\/product\\\/100-taimne-valguallikas-self-vegan-protein\\\/\",\"url\":\"https:\\\/\\\/mybody5.ee.mybody.ee\\\/proov\\\/product\\\/100-taimne-valguallikas-self-vegan-protein\\\/\",\"name\":\"100% taimne valguallikas - SELF Vegan Protein - MyBody.ee - Toidulisandid ja sporditarvikud\",\"isPartOf\":{\"@id\":\"https:\\\/\\\/mybody5.ee.mybody.ee\\\/proov\\\/#website\"},\"primaryImageOfPage\":{\"@id\":\"https:\\\/\\\/mybody5.ee.mybody.ee\\\/proov\\\/product\\\/100-taimne-valguallikas-self-vegan-protein\\\/#primaryimage\"},\"image\":{\"@id\":\"https:\\\/\\\/mybody5.ee.mybody.ee\\\/proov\\\/product\\\/100-taimne-valguallikas-self-vegan-protein\\\/#primaryimage\"},\"thumbnailUrl\":\"https:\\\/\\\/mybody5.ee.mybody.ee\\\/proov\\\/wp-content\\\/uploads\\\/2019\\\/12\\\/vegan-protein.png\",\"datePublished\":\"2019-12-09T22:25:42+00:00\",\"description\":\"SELF Vegan Protein on 100% taimne valgupulber k\u00f5igile kes\",\"breadcrumb\":{\"@id\":\"https:\\\/\\\/mybody5.ee.mybody.ee\\\/proov\\\/product\\\/100-taimne-valguallikas-self-vegan-protein\\\/#breadcrumb\"},\"inLanguage\":\"et\",\"potentialAction\":[{\"@type\":\"ReadAction\",\"target\":[\"https:\\\/\\\/mybody5.ee.mybody.ee\\\/proov\\\/product\\\/100-taimne-valguallikas-self-vegan-protein\\\/\"]}]},{\"@type\":\"ImageObject\",\"inLanguage\":\"et\",\"@id\":\"https:\\\/\\\/mybody5.ee.mybody.ee\\\/proov\\\/product\\\/100-taimne-valguallikas-self-vegan-protein\\\/#primaryimage\",\"url\":\"https:\\\/\\\/mybody5.ee.mybody.ee\\\/proov\\\/wp-content\\\/uploads\\\/2019\\\/12\\\/vegan-protein.png\",\"contentUrl\":\"https:\\\/\\\/mybody5.ee.mybody.ee\\\/proov\\\/wp-content\\\/uploads\\\/2019\\\/12\\\/vegan-protein.png\",\"width\":315,\"height\":460,\"caption\":\"100% taimne valguallikas - SELF Vegan Protein\"},{\"@type\":\"BreadcrumbList\",\"@id\":\"https:\\\/\\\/mybody5.ee.mybody.ee\\\/proov\\\/product\\\/100-taimne-valguallikas-self-vegan-protein\\\/#breadcrumb\",\"itemListElement\":[{\"@type\":\"ListItem\",\"position\":1,\"name\":\"Home\",\"item\":\"https:\\\/\\\/mybody5.ee.mybody.ee\\\/proov\\\/\"},{\"@type\":\"ListItem\",\"position\":2,\"name\":\"Shop\",\"item\":\"https:\\\/\\\/mybody5.ee.mybody.ee\\\/proov\\\/shop\\\/\"},{\"@type\":\"ListItem\",\"position\":3,\"name\":\"100% taimne valguallikas &#8211; SELF Vegan Protein\"}]},{\"@type\":\"WebSite\",\"@id\":\"https:\\\/\\\/mybody5.ee.mybody.ee\\\/proov\\\/#website\",\"url\":\"https:\\\/\\\/mybody5.ee.mybody.ee\\\/proov\\\/\",\"name\":\"MyBody.ee - Toidulisandid ja sporditarvikud\",\"description\":\"Just another WordPress site\",\"publisher\":{\"@id\":\"https:\\\/\\\/mybody5.ee.mybody.ee\\\/proov\\\/#organization\"},\"potentialAction\":[{\"@type\":\"SearchAction\",\"target\":{\"@type\":\"EntryPoint\",\"urlTemplate\":\"https:\\\/\\\/mybody5.ee.mybody.ee\\\/proov\\\/?s={search_term_string}\"},\"query-input\":{\"@type\":\"PropertyValueSpecification\",\"valueRequired\":true,\"valueName\":\"search_term_string\"}}],\"inLanguage\":\"et\"},{\"@type\":\"Organization\",\"@id\":\"https:\\\/\\\/mybody5.ee.mybody.ee\\\/proov\\\/#organization\",\"name\":\"MyBody.ee\",\"url\":\"https:\\\/\\\/mybody5.ee.mybody.ee\\\/proov\\\/\",\"logo\":{\"@type\":\"ImageObject\",\"inLanguage\":\"et\",\"@id\":\"https:\\\/\\\/mybody5.ee.mybody.ee\\\/proov\\\/#\\\/schema\\\/logo\\\/image\\\/\",\"url\":\"https:\\\/\\\/mybody5.ee.mybody.ee\\\/proov\\\/wp-content\\\/uploads\\\/2023\\\/11\\\/mybody_logo_h65-2.png\",\"contentUrl\":\"https:\\\/\\\/mybody5.ee.mybody.ee\\\/proov\\\/wp-content\\\/uploads\\\/2023\\\/11\\\/mybody_logo_h65-2.png\",\"width\":229,\"height\":65,\"caption\":\"MyBody.ee\"},\"image\":{\"@id\":\"https:\\\/\\\/mybody5.ee.mybody.ee\\\/proov\\\/#\\\/schema\\\/logo\\\/image\\\/\"},\"sameAs\":[\"https:\\\/\\\/facebook.com\\\/MyBody.ee\\\/\"]}]}<\/script>\n<!-- \/ Yoast SEO plugin. -->","yoast_head_json":{"title":"100% taimne valguallikas - SELF Vegan Protein - MyBody.ee - Toidulisandid ja sporditarvikud","description":"SELF Vegan Protein on 100% taimne valgupulber k\u00f5igile kes","robots":{"index":"index","follow":"follow","max-snippet":"max-snippet:-1","max-image-preview":"max-image-preview:large","max-video-preview":"max-video-preview:-1"},"canonical":"https:\/\/mybody5.ee.mybody.ee\/proov\/product\/100-taimne-valguallikas-self-vegan-protein\/","og_locale":"et_EE","og_type":"article","og_title":"100% taimne valguallikas - SELF Vegan Protein - MyBody.ee - Toidulisandid ja sporditarvikud","og_description":"SELF Vegan Protein on 100% taimne valgupulber k\u00f5igile kes","og_url":"https:\/\/mybody5.ee.mybody.ee\/proov\/product\/100-taimne-valguallikas-self-vegan-protein\/","og_site_name":"supplero","article_publisher":"https:\/\/facebook.com\/MyBody.ee\/","og_image":[{"width":315,"height":460,"url":"https:\/\/mybody5.ee.mybody.ee\/proov\/wp-content\/uploads\/2019\/12\/vegan-protein.png","type":"image\/png"}],"twitter_card":"summary_large_image","twitter_misc":{"Est. reading time":"1 minut"},"schema":{"@context":"https:\/\/schema.org","@graph":[{"@type":"WebPage","@id":"https:\/\/mybody5.ee.mybody.ee\/proov\/product\/100-taimne-valguallikas-self-vegan-protein\/","url":"https:\/\/mybody5.ee.mybody.ee\/proov\/product\/100-taimne-valguallikas-self-vegan-protein\/","name":"100% taimne valguallikas - SELF Vegan Protein - MyBody.ee - Toidulisandid ja sporditarvikud","isPartOf":{"@id":"https:\/\/mybody5.ee.mybody.ee\/proov\/#website"},"primaryImageOfPage":{"@id":"https:\/\/mybody5.ee.mybody.ee\/proov\/product\/100-taimne-valguallikas-self-vegan-protein\/#primaryimage"},"image":{"@id":"https:\/\/mybody5.ee.mybody.ee\/proov\/product\/100-taimne-valguallikas-self-vegan-protein\/#primaryimage"},"thumbnailUrl":"https:\/\/mybody5.ee.mybody.ee\/proov\/wp-content\/uploads\/2019\/12\/vegan-protein.png","datePublished":"2019-12-09T22:25:42+00:00","description":"SELF Vegan Protein on 100% taimne valgupulber k\u00f5igile kes","breadcrumb":{"@id":"https:\/\/mybody5.ee.mybody.ee\/proov\/product\/100-taimne-valguallikas-self-vegan-protein\/#breadcrumb"},"inLanguage":"et","potentialAction":[{"@type":"ReadAction","target":["https:\/\/mybody5.ee.mybody.ee\/proov\/product\/100-taimne-valguallikas-self-vegan-protein\/"]}]},{"@type":"ImageObject","inLanguage":"et","@id":"https:\/\/mybody5.ee.mybody.ee\/proov\/product\/100-taimne-valguallikas-self-vegan-protein\/#primaryimage","url":"https:\/\/mybody5.ee.mybody.ee\/proov\/wp-content\/uploads\/2019\/12\/vegan-protein.png","contentUrl":"https:\/\/mybody5.ee.mybody.ee\/proov\/wp-content\/uploads\/2019\/12\/vegan-protein.png","width":315,"height":460,"caption":"100% taimne valguallikas - SELF Vegan Protein"},{"@type":"BreadcrumbList","@id":"https:\/\/mybody5.ee.mybody.ee\/proov\/product\/100-taimne-valguallikas-self-vegan-protein\/#breadcrumb","itemListElement":[{"@type":"ListItem","position":1,"name":"Home","item":"https:\/\/mybody5.ee.mybody.ee\/proov\/"},{"@type":"ListItem","position":2,"name":"Shop","item":"https:\/\/mybody5.ee.mybody.ee\/proov\/shop\/"},{"@type":"ListItem","position":3,"name":"100% taimne valguallikas &#8211; SELF Vegan Protein"}]},{"@type":"WebSite","@id":"https:\/\/mybody5.ee.mybody.ee\/proov\/#website","url":"https:\/\/mybody5.ee.mybody.ee\/proov\/","name":"MyBody.ee - Toidulisandid ja sporditarvikud","description":"Just another WordPress site","publisher":{"@id":"https:\/\/mybody5.ee.mybody.ee\/proov\/#organization"},"potentialAction":[{"@type":"SearchAction","target":{"@type":"EntryPoint","urlTemplate":"https:\/\/mybody5.ee.mybody.ee\/proov\/?s={search_term_string}"},"query-input":{"@type":"PropertyValueSpecification","valueRequired":true,"valueName":"search_term_string"}}],"inLanguage":"et"},{"@type":"Organization","@id":"https:\/\/mybody5.ee.mybody.ee\/proov\/#organization","name":"MyBody.ee","url":"https:\/\/mybody5.ee.mybody.ee\/proov\/","logo":{"@type":"ImageObject","inLanguage":"et","@id":"https:\/\/mybody5.ee.mybody.ee\/proov\/#\/schema\/logo\/image\/","url":"https:\/\/mybody5.ee.mybody.ee\/proov\/wp-content\/uploads\/2023\/11\/mybody_logo_h65-2.png","contentUrl":"https:\/\/mybody5.ee.mybody.ee\/proov\/wp-content\/uploads\/2023\/11\/mybody_logo_h65-2.png","width":229,"height":65,"caption":"MyBody.ee"},"image":{"@id":"https:\/\/mybody5.ee.mybody.ee\/proov\/#\/schema\/logo\/image\/"},"sameAs":["https:\/\/facebook.com\/MyBody.ee\/"]}]}},"_links":{"self":[{"href":"https:\/\/mybody5.ee.mybody.ee\/proov\/wp-json\/wp\/v2\/product\/492","targetHints":{"allow":["GET"]}}],"collection":[{"href":"https:\/\/mybody5.ee.mybody.ee\/proov\/wp-json\/wp\/v2\/product"}],"about":[{"href":"https:\/\/mybody5.ee.mybody.ee\/proov\/wp-json\/wp\/v2\/types\/product"}],"replies":[{"embeddable":true,"href":"https:\/\/mybody5.ee.mybody.ee\/proov\/wp-json\/wp\/v2\/comments?post=492"}],"wp:featuredmedia":[{"embeddable":true,"href":"https:\/\/mybody5.ee.mybody.ee\/proov\/wp-json\/wp\/v2\/media\/491"}],"wp:attachment":[{"href":"https:\/\/mybody5.ee.mybody.ee\/proov\/wp-json\/wp\/v2\/media?parent=492"}],"wp:term":[{"taxonomy":"product_cat","embeddable":true,"href":"https:\/\/mybody5.ee.mybody.ee\/proov\/wp-json\/wp\/v2\/product_cat?post=492"},{"taxonomy":"product_tag","embeddable":true,"href":"https:\/\/mybody5.ee.mybody.ee\/proov\/wp-json\/wp\/v2\/product_tag?post=492"}],"curies":[{"name":"wp","href":"https:\/\/api.w.org\/{rel}","templated":true}]}}