{"id":500,"date":"2019-12-09T22:25:42","date_gmt":"2019-12-09T22:25:42","guid":{"rendered":"https:\/\/mybody5.ee.mybody.ee\/proov\/product\/l-arginiin-kapslites-all-stars-arginin-5000\/"},"modified":"2019-12-09T22:25:42","modified_gmt":"2019-12-09T22:25:42","slug":"l-arginiin-kapslites-all-stars-arginin-5000","status":"publish","type":"product","link":"https:\/\/mybody5.ee.mybody.ee\/proov\/product\/l-arginiin-kapslites-all-stars-arginin-5000\/","title":{"rendered":"L-arginiin kapslites  &#8211; All Stars Arginin 5000"},"content":{"rendered":"<p><strong>BF: 05.2022<\/strong><\/p>\n<p><strong>All Stars Arginin 5000 on L-arginiini pulber kapslites. L-arginiin \u2013 laiendab veresooni, h\u00f5lbustab vereringe talitlust ja annab energiat.<\/strong><\/p>\n<p>Arginiin on t\u00e4htis aminohape, mis osaleb l\u00e4mmastikoksiidi tootmises. L\u00e4mmastikoksiid on vajalik selleks, et laiendada veresooni ning h\u00f5lbustada vereringet. Arginiinist moodustuv l\u00e4mmastikoksiid v\u00e4hendab veresoonte seintes pinget.<\/p>\n<p>Arginiin aitab n\u00e4iteks&nbsp;sportlastel&nbsp;hapnikku ja toitained lihasmassi kohale transportida,&nbsp;v\u00e4heliikuvate inimeste&nbsp;vereringet soodustada,&nbsp;seksuaalset v\u00f5imekust&nbsp;t\u00f5sta,&nbsp;vananemisest,&nbsp;stressist&nbsp;ja&nbsp;vereringeh\u00e4dadest&nbsp;tulenevaid protsesse oluliselt pidurdada ning selle l\u00e4bi \u00fcle\u00fcldiselt parandada elukvaliteeti. Lisaks&nbsp;annab arginiin suurep\u00e4raselt juurde energiat. Kuidas? Arginiin l\u00f5dvestab veresooni, mille t\u00f5ttu on veresoontes rohkem hapnikku. Hapnik on aga vajalik rakumitokondritele p\u00f5lemisprotsessiks. Mitokondrid on nagu tuumajaamad, mis toodavad hapniku ja sahhariidide toimel energiat. Mida rohkem saab inimene hapniku, seda rohkem on inimesel energiat.<\/p>\n<p>Arginiin tugevdab ka immuuns\u00fcsteemi antikehade tootmisega, on osaline kasvuhormooni ja insuliini tootmises ning omab ka keha toksiinidest puhastavat m\u00f5ju aidates organismil vabaneda raskemetallidest.<\/p>\n<ul>\n<li>suurendab hapniku l\u00e4bilaskev\u00f5imet<\/li>\n<li>alandab verer\u00f5hku<\/li>\n<li>parandab verevarustu<\/li>\n<li>ennetab s\u00fcdame-veresoonkonna haigusi<\/li>\n<li>parandada seksuaalfunktsiooni<\/li>\n<li>kiirendab taastumist<\/li>\n<\/ul>\n<p>&nbsp;<\/p>\n<h3>Kasutamine<\/h3>\n<p>P\u00e4evane annus on 5 kapslit. Treeningp\u00e4eval annustada 5 kapslit 45 minutit enne treeningut ja vabal p\u00e4val annustada 5 kapslit enne hommikus\u00f6\u00f6ki. Kapsleid neelata veega.<\/p>\n<h3>Kellele sobib?<\/h3>\n<p>Toode on sobilik kasutamiseks nii igap\u00e4evaselt&nbsp;\u00fcldtugevdaval eesm\u00e4rgil&nbsp;kui ka professionaalses spordis.<\/p>\n<h3>Pakend: <span style=\"font-size:14px;\"><span style=\"font-family: arial,helvetica,sans-serif;\">150 kapslit<\/span><\/span><\/h3>\n<table border=\"1\" cellpadding=\"1\" cellspacing=\"1\" height=\"141\" style=\"height: 100px; width: 500px;\" width=\"51\">\n<tbody>\n<tr>\n<td colspan=\"2\"><strong>All Stars Arginin 5000 toitev\u00e4\u00e4rtus<\/strong><\/td>\n<td style=\"text-align: center;\"><strong>100g<\/strong><\/td>\n<td style=\"text-align: center;\"><b>5 kapslit (5,86g)<\/b><\/td>\n<\/tr>\n<tr>\n<td colspan=\"2\">Energiat<\/td>\n<td><span style=\"font-size: 12px;\">391,5kcal\/1663,3kJ<\/span><\/td>\n<td><span style=\"font-size: 12px;\"><span style=\"font-family: arial, helvetica, sans-serif;\">22,9kcal\/97,6kJ<\/span><\/span><\/td>\n<\/tr>\n<tr>\n<td colspan=\"2\">Valgud<\/td>\n<td>97g<\/td>\n<td>5,7g<\/td>\n<\/tr>\n<tr>\n<td colspan=\"2\">S\u00fcsivesikud,<br \/> \t\t\tmillest suhkur<\/td>\n<td>0g<br \/> \t\t\t0g<\/td>\n<td>0g<br \/> \t\t\t0g<\/td>\n<\/tr>\n<tr>\n<td colspan=\"2\">Rasvad,&nbsp;<br \/> \t\t\tmillest k\u00fcllastunud rasvad<\/td>\n<td>0,4g<br \/> \t\t\t0,4g<\/td>\n<td>0g<br \/> \t\t\t0g<\/td>\n<\/tr>\n<tr>\n<td colspan=\"2\">Naatrium<\/td>\n<td>0,g<\/td>\n<td>0,g<\/td>\n<\/tr>\n<tr>\n<td colspan=\"2\"><strong>L-arginiin<\/strong><\/td>\n<td><strong>85251mg<\/strong><\/td>\n<td><strong>5000mg<\/strong><\/td>\n<\/tr>\n<tr>\n<td colspan=\"4\">\n<p><span style=\"font-size:10px;\">Koostis: l-arginiin, \u017eelatiinikapsel, paakumisvastased ained: r\u00e4nidioksiid ja&nbsp;magneesiumstearaat.<\/span><\/p>\n<\/td>\n<\/tr>\n<\/tbody>\n<\/table>\n<p>Oled oodatud tasuta konsultatsioonile MYBODY Audentese kauplusesse,Konsultatsioon<\/p>\n<ul>\n<li>Asukoht: Audentese Spordikeskus, Tondi 84.<\/li>\n<li>Telefon EST\/RUS\/ENG +372&nbsp;523 1960<\/li>\n<li>Telefon EST\/ENG +372 56&nbsp;458&nbsp;688<\/li>\n<li><a href=\"mailto:info@mybody.ee\">info@mybody.ee<\/a><\/li>\n<li><a href=\"http:\/\/www.facebook.com\/mybody.ee\">www.facebook.com\/mybody.ee<\/a><\/li>\n<\/ul>\n","protected":false},"excerpt":{"rendered":"<p>BF: 05.2022 All Stars Arginin 5000 on L-arginiini pulber kapslites. L-arginiin \u2013 laiendab veresooni, h\u00f5lbustab vereringe talitlust ja annab energiat. Arginiin on t\u00e4htis aminohape, mis osaleb l\u00e4mmastikoksiidi tootmises. L\u00e4mmastikoksiid on vajalik selleks, et laiendada veresooni ning h\u00f5lbustada vereringet. Arginiinist moodustuv l\u00e4mmastikoksiid v\u00e4hendab veresoonte seintes pinget. Arginiin aitab n\u00e4iteks&nbsp;sportlastel&nbsp;hapnikku ja toitained lihasmassi kohale transportida,&nbsp;v\u00e4heliikuvate inimeste&nbsp;vereringet soodustada,&nbsp;seksuaalset [&hellip;]<\/p>\n","protected":false},"featured_media":499,"comment_status":"open","ping_status":"closed","template":"","meta":{"inline_featured_image":false},"product_cat":[17,49,53,29],"product_tag":[],"class_list":{"0":"post-500","1":"product","2":"type-product","3":"status-publish","4":"has-post-thumbnail","6":"product_cat-aminohapped","7":"product_cat-puhtad-aminohapped","8":"product_cat-pump-efekt","9":"product_cat-sooduspakkumised","10":"pa_kogustablettikapslit-360tk","11":"pa_kunakasutada-ennetrenni","12":"pa_vorm-tablettkapsel","14":"first","15":"outofstock","16":"shipping-taxable","17":"purchasable","18":"product-type-simple"},"yoast_head":"<!-- This site is optimized with the Yoast SEO plugin v27.3 - https:\/\/yoast.com\/product\/yoast-seo-wordpress\/ -->\n<title>L-arginiin kapslites - All Stars Arginin 5000 - MyBody.ee - Toidulisandid ja sporditarvikud<\/title>\n<meta name=\"description\" content=\"All Stars Arginin 5000 on L-arginiini pulber kapslites. L-arginiin &amp;ndash\" \/>\n<meta name=\"robots\" content=\"index, follow, max-snippet:-1, max-image-preview:large, max-video-preview:-1\" \/>\n<link rel=\"canonical\" href=\"https:\/\/mybody5.ee.mybody.ee\/proov\/product\/l-arginiin-kapslites-all-stars-arginin-5000\/\" \/>\n<meta property=\"og:locale\" content=\"et_EE\" \/>\n<meta property=\"og:type\" content=\"article\" \/>\n<meta property=\"og:title\" content=\"L-arginiin kapslites - All Stars Arginin 5000 - MyBody.ee - Toidulisandid ja sporditarvikud\" \/>\n<meta property=\"og:description\" content=\"All Stars Arginin 5000 on L-arginiini pulber kapslites. L-arginiin &amp;ndash\" \/>\n<meta property=\"og:url\" content=\"https:\/\/mybody5.ee.mybody.ee\/proov\/product\/l-arginiin-kapslites-all-stars-arginin-5000\/\" \/>\n<meta property=\"og:site_name\" content=\"supplero\" \/>\n<meta property=\"article:publisher\" content=\"https:\/\/facebook.com\/MyBody.ee\/\" \/>\n<meta property=\"og:image\" content=\"https:\/\/mybody5.ee.mybody.ee\/proov\/wp-content\/uploads\/2019\/12\/arginindose_solo_neu_1.png\" \/>\n\t<meta property=\"og:image:width\" content=\"203\" \/>\n\t<meta property=\"og:image:height\" content=\"352\" \/>\n\t<meta property=\"og:image:type\" content=\"image\/png\" \/>\n<meta name=\"twitter:card\" content=\"summary_large_image\" \/>\n<meta name=\"twitter:label1\" content=\"Est. reading time\" \/>\n\t<meta name=\"twitter:data1\" content=\"2 minutit\" \/>\n<script type=\"application\/ld+json\" class=\"yoast-schema-graph\">{\"@context\":\"https:\\\/\\\/schema.org\",\"@graph\":[{\"@type\":\"WebPage\",\"@id\":\"https:\\\/\\\/mybody5.ee.mybody.ee\\\/proov\\\/product\\\/l-arginiin-kapslites-all-stars-arginin-5000\\\/\",\"url\":\"https:\\\/\\\/mybody5.ee.mybody.ee\\\/proov\\\/product\\\/l-arginiin-kapslites-all-stars-arginin-5000\\\/\",\"name\":\"L-arginiin kapslites - All Stars Arginin 5000 - MyBody.ee - Toidulisandid ja sporditarvikud\",\"isPartOf\":{\"@id\":\"https:\\\/\\\/mybody5.ee.mybody.ee\\\/proov\\\/#website\"},\"primaryImageOfPage\":{\"@id\":\"https:\\\/\\\/mybody5.ee.mybody.ee\\\/proov\\\/product\\\/l-arginiin-kapslites-all-stars-arginin-5000\\\/#primaryimage\"},\"image\":{\"@id\":\"https:\\\/\\\/mybody5.ee.mybody.ee\\\/proov\\\/product\\\/l-arginiin-kapslites-all-stars-arginin-5000\\\/#primaryimage\"},\"thumbnailUrl\":\"https:\\\/\\\/mybody5.ee.mybody.ee\\\/proov\\\/wp-content\\\/uploads\\\/2019\\\/12\\\/arginindose_solo_neu_1.png\",\"datePublished\":\"2019-12-09T22:25:42+00:00\",\"description\":\"All Stars Arginin 5000 on L-arginiini pulber kapslites. L-arginiin &amp;ndash\",\"breadcrumb\":{\"@id\":\"https:\\\/\\\/mybody5.ee.mybody.ee\\\/proov\\\/product\\\/l-arginiin-kapslites-all-stars-arginin-5000\\\/#breadcrumb\"},\"inLanguage\":\"et\",\"potentialAction\":[{\"@type\":\"ReadAction\",\"target\":[\"https:\\\/\\\/mybody5.ee.mybody.ee\\\/proov\\\/product\\\/l-arginiin-kapslites-all-stars-arginin-5000\\\/\"]}]},{\"@type\":\"ImageObject\",\"inLanguage\":\"et\",\"@id\":\"https:\\\/\\\/mybody5.ee.mybody.ee\\\/proov\\\/product\\\/l-arginiin-kapslites-all-stars-arginin-5000\\\/#primaryimage\",\"url\":\"https:\\\/\\\/mybody5.ee.mybody.ee\\\/proov\\\/wp-content\\\/uploads\\\/2019\\\/12\\\/arginindose_solo_neu_1.png\",\"contentUrl\":\"https:\\\/\\\/mybody5.ee.mybody.ee\\\/proov\\\/wp-content\\\/uploads\\\/2019\\\/12\\\/arginindose_solo_neu_1.png\",\"width\":203,\"height\":352,\"caption\":\"L-arginiin kapslites - All Stars Arginin 5000\"},{\"@type\":\"BreadcrumbList\",\"@id\":\"https:\\\/\\\/mybody5.ee.mybody.ee\\\/proov\\\/product\\\/l-arginiin-kapslites-all-stars-arginin-5000\\\/#breadcrumb\",\"itemListElement\":[{\"@type\":\"ListItem\",\"position\":1,\"name\":\"Home\",\"item\":\"https:\\\/\\\/mybody5.ee.mybody.ee\\\/proov\\\/\"},{\"@type\":\"ListItem\",\"position\":2,\"name\":\"Shop\",\"item\":\"https:\\\/\\\/mybody5.ee.mybody.ee\\\/proov\\\/shop\\\/\"},{\"@type\":\"ListItem\",\"position\":3,\"name\":\"L-arginiin kapslites &#8211; All Stars Arginin 5000\"}]},{\"@type\":\"WebSite\",\"@id\":\"https:\\\/\\\/mybody5.ee.mybody.ee\\\/proov\\\/#website\",\"url\":\"https:\\\/\\\/mybody5.ee.mybody.ee\\\/proov\\\/\",\"name\":\"MyBody.ee - Toidulisandid ja sporditarvikud\",\"description\":\"Just another WordPress site\",\"publisher\":{\"@id\":\"https:\\\/\\\/mybody5.ee.mybody.ee\\\/proov\\\/#organization\"},\"potentialAction\":[{\"@type\":\"SearchAction\",\"target\":{\"@type\":\"EntryPoint\",\"urlTemplate\":\"https:\\\/\\\/mybody5.ee.mybody.ee\\\/proov\\\/?s={search_term_string}\"},\"query-input\":{\"@type\":\"PropertyValueSpecification\",\"valueRequired\":true,\"valueName\":\"search_term_string\"}}],\"inLanguage\":\"et\"},{\"@type\":\"Organization\",\"@id\":\"https:\\\/\\\/mybody5.ee.mybody.ee\\\/proov\\\/#organization\",\"name\":\"MyBody.ee\",\"url\":\"https:\\\/\\\/mybody5.ee.mybody.ee\\\/proov\\\/\",\"logo\":{\"@type\":\"ImageObject\",\"inLanguage\":\"et\",\"@id\":\"https:\\\/\\\/mybody5.ee.mybody.ee\\\/proov\\\/#\\\/schema\\\/logo\\\/image\\\/\",\"url\":\"https:\\\/\\\/mybody5.ee.mybody.ee\\\/proov\\\/wp-content\\\/uploads\\\/2023\\\/11\\\/mybody_logo_h65-2.png\",\"contentUrl\":\"https:\\\/\\\/mybody5.ee.mybody.ee\\\/proov\\\/wp-content\\\/uploads\\\/2023\\\/11\\\/mybody_logo_h65-2.png\",\"width\":229,\"height\":65,\"caption\":\"MyBody.ee\"},\"image\":{\"@id\":\"https:\\\/\\\/mybody5.ee.mybody.ee\\\/proov\\\/#\\\/schema\\\/logo\\\/image\\\/\"},\"sameAs\":[\"https:\\\/\\\/facebook.com\\\/MyBody.ee\\\/\"]}]}<\/script>\n<!-- \/ Yoast SEO plugin. -->","yoast_head_json":{"title":"L-arginiin kapslites - All Stars Arginin 5000 - MyBody.ee - Toidulisandid ja sporditarvikud","description":"All Stars Arginin 5000 on L-arginiini pulber kapslites. L-arginiin &amp;ndash","robots":{"index":"index","follow":"follow","max-snippet":"max-snippet:-1","max-image-preview":"max-image-preview:large","max-video-preview":"max-video-preview:-1"},"canonical":"https:\/\/mybody5.ee.mybody.ee\/proov\/product\/l-arginiin-kapslites-all-stars-arginin-5000\/","og_locale":"et_EE","og_type":"article","og_title":"L-arginiin kapslites - All Stars Arginin 5000 - MyBody.ee - Toidulisandid ja sporditarvikud","og_description":"All Stars Arginin 5000 on L-arginiini pulber kapslites. L-arginiin &amp;ndash","og_url":"https:\/\/mybody5.ee.mybody.ee\/proov\/product\/l-arginiin-kapslites-all-stars-arginin-5000\/","og_site_name":"supplero","article_publisher":"https:\/\/facebook.com\/MyBody.ee\/","og_image":[{"width":203,"height":352,"url":"https:\/\/mybody5.ee.mybody.ee\/proov\/wp-content\/uploads\/2019\/12\/arginindose_solo_neu_1.png","type":"image\/png"}],"twitter_card":"summary_large_image","twitter_misc":{"Est. reading time":"2 minutit"},"schema":{"@context":"https:\/\/schema.org","@graph":[{"@type":"WebPage","@id":"https:\/\/mybody5.ee.mybody.ee\/proov\/product\/l-arginiin-kapslites-all-stars-arginin-5000\/","url":"https:\/\/mybody5.ee.mybody.ee\/proov\/product\/l-arginiin-kapslites-all-stars-arginin-5000\/","name":"L-arginiin kapslites - All Stars Arginin 5000 - MyBody.ee - Toidulisandid ja sporditarvikud","isPartOf":{"@id":"https:\/\/mybody5.ee.mybody.ee\/proov\/#website"},"primaryImageOfPage":{"@id":"https:\/\/mybody5.ee.mybody.ee\/proov\/product\/l-arginiin-kapslites-all-stars-arginin-5000\/#primaryimage"},"image":{"@id":"https:\/\/mybody5.ee.mybody.ee\/proov\/product\/l-arginiin-kapslites-all-stars-arginin-5000\/#primaryimage"},"thumbnailUrl":"https:\/\/mybody5.ee.mybody.ee\/proov\/wp-content\/uploads\/2019\/12\/arginindose_solo_neu_1.png","datePublished":"2019-12-09T22:25:42+00:00","description":"All Stars Arginin 5000 on L-arginiini pulber kapslites. L-arginiin &amp;ndash","breadcrumb":{"@id":"https:\/\/mybody5.ee.mybody.ee\/proov\/product\/l-arginiin-kapslites-all-stars-arginin-5000\/#breadcrumb"},"inLanguage":"et","potentialAction":[{"@type":"ReadAction","target":["https:\/\/mybody5.ee.mybody.ee\/proov\/product\/l-arginiin-kapslites-all-stars-arginin-5000\/"]}]},{"@type":"ImageObject","inLanguage":"et","@id":"https:\/\/mybody5.ee.mybody.ee\/proov\/product\/l-arginiin-kapslites-all-stars-arginin-5000\/#primaryimage","url":"https:\/\/mybody5.ee.mybody.ee\/proov\/wp-content\/uploads\/2019\/12\/arginindose_solo_neu_1.png","contentUrl":"https:\/\/mybody5.ee.mybody.ee\/proov\/wp-content\/uploads\/2019\/12\/arginindose_solo_neu_1.png","width":203,"height":352,"caption":"L-arginiin kapslites - All Stars Arginin 5000"},{"@type":"BreadcrumbList","@id":"https:\/\/mybody5.ee.mybody.ee\/proov\/product\/l-arginiin-kapslites-all-stars-arginin-5000\/#breadcrumb","itemListElement":[{"@type":"ListItem","position":1,"name":"Home","item":"https:\/\/mybody5.ee.mybody.ee\/proov\/"},{"@type":"ListItem","position":2,"name":"Shop","item":"https:\/\/mybody5.ee.mybody.ee\/proov\/shop\/"},{"@type":"ListItem","position":3,"name":"L-arginiin kapslites &#8211; All Stars Arginin 5000"}]},{"@type":"WebSite","@id":"https:\/\/mybody5.ee.mybody.ee\/proov\/#website","url":"https:\/\/mybody5.ee.mybody.ee\/proov\/","name":"MyBody.ee - Toidulisandid ja sporditarvikud","description":"Just another WordPress site","publisher":{"@id":"https:\/\/mybody5.ee.mybody.ee\/proov\/#organization"},"potentialAction":[{"@type":"SearchAction","target":{"@type":"EntryPoint","urlTemplate":"https:\/\/mybody5.ee.mybody.ee\/proov\/?s={search_term_string}"},"query-input":{"@type":"PropertyValueSpecification","valueRequired":true,"valueName":"search_term_string"}}],"inLanguage":"et"},{"@type":"Organization","@id":"https:\/\/mybody5.ee.mybody.ee\/proov\/#organization","name":"MyBody.ee","url":"https:\/\/mybody5.ee.mybody.ee\/proov\/","logo":{"@type":"ImageObject","inLanguage":"et","@id":"https:\/\/mybody5.ee.mybody.ee\/proov\/#\/schema\/logo\/image\/","url":"https:\/\/mybody5.ee.mybody.ee\/proov\/wp-content\/uploads\/2023\/11\/mybody_logo_h65-2.png","contentUrl":"https:\/\/mybody5.ee.mybody.ee\/proov\/wp-content\/uploads\/2023\/11\/mybody_logo_h65-2.png","width":229,"height":65,"caption":"MyBody.ee"},"image":{"@id":"https:\/\/mybody5.ee.mybody.ee\/proov\/#\/schema\/logo\/image\/"},"sameAs":["https:\/\/facebook.com\/MyBody.ee\/"]}]}},"_links":{"self":[{"href":"https:\/\/mybody5.ee.mybody.ee\/proov\/wp-json\/wp\/v2\/product\/500","targetHints":{"allow":["GET"]}}],"collection":[{"href":"https:\/\/mybody5.ee.mybody.ee\/proov\/wp-json\/wp\/v2\/product"}],"about":[{"href":"https:\/\/mybody5.ee.mybody.ee\/proov\/wp-json\/wp\/v2\/types\/product"}],"replies":[{"embeddable":true,"href":"https:\/\/mybody5.ee.mybody.ee\/proov\/wp-json\/wp\/v2\/comments?post=500"}],"wp:featuredmedia":[{"embeddable":true,"href":"https:\/\/mybody5.ee.mybody.ee\/proov\/wp-json\/wp\/v2\/media\/499"}],"wp:attachment":[{"href":"https:\/\/mybody5.ee.mybody.ee\/proov\/wp-json\/wp\/v2\/media?parent=500"}],"wp:term":[{"taxonomy":"product_cat","embeddable":true,"href":"https:\/\/mybody5.ee.mybody.ee\/proov\/wp-json\/wp\/v2\/product_cat?post=500"},{"taxonomy":"product_tag","embeddable":true,"href":"https:\/\/mybody5.ee.mybody.ee\/proov\/wp-json\/wp\/v2\/product_tag?post=500"}],"curies":[{"name":"wp","href":"https:\/\/api.w.org\/{rel}","templated":true}]}}