{"id":502,"date":"2019-12-09T22:25:42","date_gmt":"2019-12-09T22:25:42","guid":{"rendered":"https:\/\/mybody5.ee.mybody.ee\/proov\/product\/4000-iu-d-vitamiin-pepfox-vitamin-d\/"},"modified":"2019-12-09T22:25:42","modified_gmt":"2019-12-09T22:25:42","slug":"4000-iu-d-vitamiin-pepfox-vitamin-d","status":"publish","type":"product","link":"https:\/\/mybody5.ee.mybody.ee\/proov\/product\/4000-iu-d-vitamiin-pepfox-vitamin-d\/","title":{"rendered":"4000 IU D-vitamiin &#8211; PEPFOX Vitamin D"},"content":{"rendered":"<p><strong>PEPFOX Vitamin D <\/strong>on toidulisand, mis parandab immuns\u00fcsteemi ja lihaste funktsioone. D-vitamiin&nbsp;on tuntud kui tervete luude vitamiin, mis&nbsp;tagab kaltsiumi ja fosfori normaalse imendumise peensoolest, mille tulemusena&nbsp;moodustuvad tugevad luud ning hambad. Luud muutuvad tugevamaks ja tihedamaks kuni 30. eluaastani, p\u00e4rast seda algab tasapisi luude h\u00f5renemine ja ka siis on v\u00e4ga oluline omastada piisavalt D-vitamiini.<\/p>\n<p>Viimase 15-aasta teadusuuringute tulemuste valguses vaadeldakse D-vitamiini kui hormooni, millel on oluliselt laiem m\u00f5ju, sest paljude rakkude membraanidel on D-vitamiini retseptorid. D-vitamiini madalat taset seostatakse suurema riskiga haigestuda pahaloomulistesse kasvajatesse, diabeeti, s\u00fcdamehaigustesse, tuberkuloosi ja teistesse infektsioonihaigustesse. D-vitamiin m\u00f5jutab immuuns\u00fcsteemi ja lihaste funktsioone, tugevdab lihaseid, parandab koordinatsiooni ning v\u00e4hendab kukkumiste ohtu. N\u00e4iteks Soomes on I t\u00fc\u00fcbi diabeeti haigestumine v\u00e4ga suur ja uuringud n\u00e4itavad, et piisav D-vitamiini kogus raseduse ajal v\u00e4hendab suhkurt\u00f5ve levikut. Teised uuringud on n\u00e4idanud, et D-vitamiin v\u00f5ib t\u00f5sta insuliini aktiivsust II t\u00fc\u00fcbi diabeetikutel.<\/p>\n<p>D-vitamiini vaegusest v\u00f5ivad m\u00e4rku anda luuvalud, lihaste n\u00f5rkus ja sage kukkumine, kuid vaegus v\u00f5ib esineda ka igasuguste s\u00fcmptomiteta. Parim viis selle avastamiseks on D-vitamiini sisalduse m\u00e4\u00e4ramine veres.<\/p>\n<p><strong>D-vitamiini annustamise soovitused Eestis<\/strong><\/p>\n<p>Eestis kehtivate toitumissoovituste kohaselt vajavad enim D-vitamiini kuni kaheaastased lapsed, rasedad naised ja rinnaga toitvad emad ning \u00fcle 60-aastased, kellel soovitatakse vajaliku koguse D-vitamiini saamiseks <span style=\"line-height: 20.7999992370605px;\">tarbida&nbsp;<\/span>toidulisandit&nbsp;<span style=\"line-height: 20.7999992370605px;\">(25&nbsp;\u00b5g)<\/span>. D-vitamiini tarbimise \u00fclempiir on kuni \u00fcheaastastel lastel 25 \u00b5g, kuni k\u00fcmneaastastel 50 \u00b5g ja t\u00e4iskasvanutel 100 \u00b5g. Soomes&nbsp;soovitatakse tarbida D-vitamiini toidulisandina&nbsp;aasta l\u00e4bi ka 2\u201318-aastastel&nbsp;(7,5 \u03bcg ) ja \u00fcle 60-aastastel&nbsp;(20 \u03bcg ).<\/p>\n<ul>\n<li>Oluline luude ja hammaste arenguks<\/li>\n<li>Aitab imenduda kaltsiumil<\/li>\n<li>Toetab s\u00fcdamet\u00f6\u00f6d ja n\u00e4rvis\u00fcsteemi<\/li>\n<li>Tugevdab immuunsust<\/li>\n<\/ul>\n<h3>Kasutamine<\/h3>\n<p>1 kapsel&nbsp;p\u00e4evas koos hommikus\u00f6\u00f6giga<\/p>\n<h3>Kellele sobib?<\/h3>\n<p>K\u00f5igile, kellel on D-vitamiini puudus, eriti p\u00e4iksevaesel perioodil.&nbsp;<\/p>\n<h3>Pakend:<span style=\"font-size:12px;\"><span style=\"font-family: arial,helvetica,sans-serif;\">&nbsp;75&nbsp;kapslit (kapsel on taimse p\u00e4ritoluga)<\/span><\/span><\/h3>\n<table border=\"1\" cellpadding=\"1\" cellspacing=\"1\" height=\"54\" style=\"height:50px;width:500px;\" width=\"428\">\n<tbody>\n<tr>\n<td><strong>PEPFOX Vitamin D<\/strong><\/td>\n<td><b>1 kapsel<\/b><\/td>\n<\/tr>\n<tr>\n<td>Vitamiin D3<\/td>\n<td>100\u00b5g (4000IU)<\/td>\n<\/tr>\n<tr>\n<td colspan=\"2\"><span style=\"font-size:10px;\">Koostis: D3 vitamiin, taimne kapsel<\/span><\/td>\n<\/tr>\n<\/tbody>\n<\/table>\n<p><strong>Hoiatus:<\/strong> toode ei ole sobilik lastele, rasedatele ja rinnaga toitvatele naistele. Hoida lastele k\u00e4ttesaamatus kohas. Ei ole m\u00f5eldud asendama mitmek\u00fclgset ja tasakaalustatud toitumist. \u00c4rge \u00fcletage soovituslikku p\u00e4evast kogust! Hoida kuivas, temperatuuril alla 25\u00baC. Hoida k\u00fclmumise eest. P\u00e4rast avamist tarbida 5 kuu jooksul.Parim enne: vaata pakendilt. Maaletooja MyBody O\u00dc, Tondi 84, Tallinn, 11316, Harjumaa. Tel: +372&nbsp;523 1960, e-mail <a href=\"mailto:info@mybody.ee\">info@mybody.ee<\/a>. P\u00e4ritolumaa: Rootsi.<\/p>\n<p>Konsultatsioon<\/p>\n<ul>\n<li>Oled oodatud tasuta konsultatsioonile MYBODY Audentese kauplusesse,<\/li>\n<li>Asukoht: Audentese Spordikeskus, Tondi 84.<\/li>\n<li>Telefon EST\/RUS\/ENG +372&nbsp;523 1960<\/li>\n<li>Telefon EST\/ENG +372 56&nbsp;458&nbsp;688<\/li>\n<li><a href=\"mailto:info@mybody.ee\">info@mybody.ee<\/a><\/li>\n<li><a href=\"http:\/\/www.facebook.com\/mybody.ee\">www.facebook.com\/mybody.ee<\/a><\/li>\n<\/ul>\n","protected":false},"excerpt":{"rendered":"<p>PEPFOX Vitamin D on toidulisand, mis parandab immuns\u00fcsteemi ja lihaste funktsioone. D-vitamiin&nbsp;on tuntud kui tervete luude vitamiin, mis&nbsp;tagab kaltsiumi ja fosfori normaalse imendumise peensoolest, mille tulemusena&nbsp;moodustuvad tugevad luud ning hambad. Luud muutuvad tugevamaks ja tihedamaks kuni 30. eluaastani, p\u00e4rast seda algab tasapisi luude h\u00f5renemine ja ka siis on v\u00e4ga oluline omastada piisavalt D-vitamiini. Viimase 15-aasta [&hellip;]<\/p>\n","protected":false},"featured_media":501,"comment_status":"open","ping_status":"closed","template":"","meta":{"inline_featured_image":false},"product_cat":[63,29,31,32,50],"product_tag":[],"class_list":{"0":"post-502","1":"product","2":"type-product","3":"status-publish","4":"has-post-thumbnail","6":"product_cat-populaarsed-est","7":"product_cat-sooduspakkumised","8":"product_cat-vegan","9":"product_cat-mikroelemendid","10":"product_cat-vitamiinid-ja-mineraalid","12":"first","13":"instock","14":"shipping-taxable","15":"purchasable","16":"product-type-simple"},"yoast_head":"<!-- This site is optimized with the Yoast SEO plugin v27.3 - https:\/\/yoast.com\/product\/yoast-seo-wordpress\/ -->\n<title>4000 IU D-vitamiin - PEPFOX Vitamin D - MyBody.ee - Toidulisandid ja sporditarvikud<\/title>\n<meta name=\"description\" content=\"PEPFOX Vitamin D on toidulisand, mis parandab immuns\u00fcsteemi ja lihaste\" \/>\n<meta name=\"robots\" content=\"index, follow, max-snippet:-1, max-image-preview:large, max-video-preview:-1\" \/>\n<link rel=\"canonical\" href=\"https:\/\/mybody5.ee.mybody.ee\/proov\/product\/4000-iu-d-vitamiin-pepfox-vitamin-d\/\" \/>\n<meta property=\"og:locale\" content=\"et_EE\" \/>\n<meta property=\"og:type\" content=\"article\" \/>\n<meta property=\"og:title\" content=\"4000 IU D-vitamiin - PEPFOX Vitamin D - MyBody.ee - Toidulisandid ja sporditarvikud\" \/>\n<meta property=\"og:description\" content=\"PEPFOX Vitamin D on toidulisand, mis parandab immuns\u00fcsteemi ja lihaste\" \/>\n<meta property=\"og:url\" content=\"https:\/\/mybody5.ee.mybody.ee\/proov\/product\/4000-iu-d-vitamiin-pepfox-vitamin-d\/\" \/>\n<meta property=\"og:site_name\" content=\"supplero\" \/>\n<meta property=\"article:publisher\" content=\"https:\/\/facebook.com\/MyBody.ee\/\" \/>\n<meta property=\"og:image\" content=\"https:\/\/mybody5.ee.mybody.ee\/proov\/wp-content\/uploads\/2019\/12\/d-vitamiin.png\" \/>\n\t<meta property=\"og:image:width\" content=\"1000\" \/>\n\t<meta property=\"og:image:height\" content=\"1000\" \/>\n\t<meta property=\"og:image:type\" content=\"image\/png\" \/>\n<meta name=\"twitter:card\" content=\"summary_large_image\" \/>\n<meta name=\"twitter:label1\" content=\"Est. reading time\" \/>\n\t<meta name=\"twitter:data1\" content=\"2 minutit\" \/>\n<script type=\"application\/ld+json\" class=\"yoast-schema-graph\">{\"@context\":\"https:\\\/\\\/schema.org\",\"@graph\":[{\"@type\":\"WebPage\",\"@id\":\"https:\\\/\\\/mybody5.ee.mybody.ee\\\/proov\\\/product\\\/4000-iu-d-vitamiin-pepfox-vitamin-d\\\/\",\"url\":\"https:\\\/\\\/mybody5.ee.mybody.ee\\\/proov\\\/product\\\/4000-iu-d-vitamiin-pepfox-vitamin-d\\\/\",\"name\":\"4000 IU D-vitamiin - PEPFOX Vitamin D - MyBody.ee - Toidulisandid ja sporditarvikud\",\"isPartOf\":{\"@id\":\"https:\\\/\\\/mybody5.ee.mybody.ee\\\/proov\\\/#website\"},\"primaryImageOfPage\":{\"@id\":\"https:\\\/\\\/mybody5.ee.mybody.ee\\\/proov\\\/product\\\/4000-iu-d-vitamiin-pepfox-vitamin-d\\\/#primaryimage\"},\"image\":{\"@id\":\"https:\\\/\\\/mybody5.ee.mybody.ee\\\/proov\\\/product\\\/4000-iu-d-vitamiin-pepfox-vitamin-d\\\/#primaryimage\"},\"thumbnailUrl\":\"https:\\\/\\\/mybody5.ee.mybody.ee\\\/proov\\\/wp-content\\\/uploads\\\/2019\\\/12\\\/d-vitamiin.png\",\"datePublished\":\"2019-12-09T22:25:42+00:00\",\"description\":\"PEPFOX Vitamin D on toidulisand, mis parandab immuns\u00fcsteemi ja lihaste\",\"breadcrumb\":{\"@id\":\"https:\\\/\\\/mybody5.ee.mybody.ee\\\/proov\\\/product\\\/4000-iu-d-vitamiin-pepfox-vitamin-d\\\/#breadcrumb\"},\"inLanguage\":\"et\",\"potentialAction\":[{\"@type\":\"ReadAction\",\"target\":[\"https:\\\/\\\/mybody5.ee.mybody.ee\\\/proov\\\/product\\\/4000-iu-d-vitamiin-pepfox-vitamin-d\\\/\"]}]},{\"@type\":\"ImageObject\",\"inLanguage\":\"et\",\"@id\":\"https:\\\/\\\/mybody5.ee.mybody.ee\\\/proov\\\/product\\\/4000-iu-d-vitamiin-pepfox-vitamin-d\\\/#primaryimage\",\"url\":\"https:\\\/\\\/mybody5.ee.mybody.ee\\\/proov\\\/wp-content\\\/uploads\\\/2019\\\/12\\\/d-vitamiin.png\",\"contentUrl\":\"https:\\\/\\\/mybody5.ee.mybody.ee\\\/proov\\\/wp-content\\\/uploads\\\/2019\\\/12\\\/d-vitamiin.png\",\"width\":1000,\"height\":1000,\"caption\":\"4000 IU D-vitamiin - PEPFOX Vitamin D\"},{\"@type\":\"BreadcrumbList\",\"@id\":\"https:\\\/\\\/mybody5.ee.mybody.ee\\\/proov\\\/product\\\/4000-iu-d-vitamiin-pepfox-vitamin-d\\\/#breadcrumb\",\"itemListElement\":[{\"@type\":\"ListItem\",\"position\":1,\"name\":\"Home\",\"item\":\"https:\\\/\\\/mybody5.ee.mybody.ee\\\/proov\\\/\"},{\"@type\":\"ListItem\",\"position\":2,\"name\":\"Shop\",\"item\":\"https:\\\/\\\/mybody5.ee.mybody.ee\\\/proov\\\/shop\\\/\"},{\"@type\":\"ListItem\",\"position\":3,\"name\":\"4000 IU D-vitamiin &#8211; PEPFOX Vitamin D\"}]},{\"@type\":\"WebSite\",\"@id\":\"https:\\\/\\\/mybody5.ee.mybody.ee\\\/proov\\\/#website\",\"url\":\"https:\\\/\\\/mybody5.ee.mybody.ee\\\/proov\\\/\",\"name\":\"MyBody.ee - Toidulisandid ja sporditarvikud\",\"description\":\"Just another WordPress site\",\"publisher\":{\"@id\":\"https:\\\/\\\/mybody5.ee.mybody.ee\\\/proov\\\/#organization\"},\"potentialAction\":[{\"@type\":\"SearchAction\",\"target\":{\"@type\":\"EntryPoint\",\"urlTemplate\":\"https:\\\/\\\/mybody5.ee.mybody.ee\\\/proov\\\/?s={search_term_string}\"},\"query-input\":{\"@type\":\"PropertyValueSpecification\",\"valueRequired\":true,\"valueName\":\"search_term_string\"}}],\"inLanguage\":\"et\"},{\"@type\":\"Organization\",\"@id\":\"https:\\\/\\\/mybody5.ee.mybody.ee\\\/proov\\\/#organization\",\"name\":\"MyBody.ee\",\"url\":\"https:\\\/\\\/mybody5.ee.mybody.ee\\\/proov\\\/\",\"logo\":{\"@type\":\"ImageObject\",\"inLanguage\":\"et\",\"@id\":\"https:\\\/\\\/mybody5.ee.mybody.ee\\\/proov\\\/#\\\/schema\\\/logo\\\/image\\\/\",\"url\":\"https:\\\/\\\/mybody5.ee.mybody.ee\\\/proov\\\/wp-content\\\/uploads\\\/2023\\\/11\\\/mybody_logo_h65-2.png\",\"contentUrl\":\"https:\\\/\\\/mybody5.ee.mybody.ee\\\/proov\\\/wp-content\\\/uploads\\\/2023\\\/11\\\/mybody_logo_h65-2.png\",\"width\":229,\"height\":65,\"caption\":\"MyBody.ee\"},\"image\":{\"@id\":\"https:\\\/\\\/mybody5.ee.mybody.ee\\\/proov\\\/#\\\/schema\\\/logo\\\/image\\\/\"},\"sameAs\":[\"https:\\\/\\\/facebook.com\\\/MyBody.ee\\\/\"]}]}<\/script>\n<!-- \/ Yoast SEO plugin. -->","yoast_head_json":{"title":"4000 IU D-vitamiin - PEPFOX Vitamin D - MyBody.ee - Toidulisandid ja sporditarvikud","description":"PEPFOX Vitamin D on toidulisand, mis parandab immuns\u00fcsteemi ja lihaste","robots":{"index":"index","follow":"follow","max-snippet":"max-snippet:-1","max-image-preview":"max-image-preview:large","max-video-preview":"max-video-preview:-1"},"canonical":"https:\/\/mybody5.ee.mybody.ee\/proov\/product\/4000-iu-d-vitamiin-pepfox-vitamin-d\/","og_locale":"et_EE","og_type":"article","og_title":"4000 IU D-vitamiin - PEPFOX Vitamin D - MyBody.ee - Toidulisandid ja sporditarvikud","og_description":"PEPFOX Vitamin D on toidulisand, mis parandab immuns\u00fcsteemi ja lihaste","og_url":"https:\/\/mybody5.ee.mybody.ee\/proov\/product\/4000-iu-d-vitamiin-pepfox-vitamin-d\/","og_site_name":"supplero","article_publisher":"https:\/\/facebook.com\/MyBody.ee\/","og_image":[{"width":1000,"height":1000,"url":"https:\/\/mybody5.ee.mybody.ee\/proov\/wp-content\/uploads\/2019\/12\/d-vitamiin.png","type":"image\/png"}],"twitter_card":"summary_large_image","twitter_misc":{"Est. reading time":"2 minutit"},"schema":{"@context":"https:\/\/schema.org","@graph":[{"@type":"WebPage","@id":"https:\/\/mybody5.ee.mybody.ee\/proov\/product\/4000-iu-d-vitamiin-pepfox-vitamin-d\/","url":"https:\/\/mybody5.ee.mybody.ee\/proov\/product\/4000-iu-d-vitamiin-pepfox-vitamin-d\/","name":"4000 IU D-vitamiin - PEPFOX Vitamin D - MyBody.ee - Toidulisandid ja sporditarvikud","isPartOf":{"@id":"https:\/\/mybody5.ee.mybody.ee\/proov\/#website"},"primaryImageOfPage":{"@id":"https:\/\/mybody5.ee.mybody.ee\/proov\/product\/4000-iu-d-vitamiin-pepfox-vitamin-d\/#primaryimage"},"image":{"@id":"https:\/\/mybody5.ee.mybody.ee\/proov\/product\/4000-iu-d-vitamiin-pepfox-vitamin-d\/#primaryimage"},"thumbnailUrl":"https:\/\/mybody5.ee.mybody.ee\/proov\/wp-content\/uploads\/2019\/12\/d-vitamiin.png","datePublished":"2019-12-09T22:25:42+00:00","description":"PEPFOX Vitamin D on toidulisand, mis parandab immuns\u00fcsteemi ja lihaste","breadcrumb":{"@id":"https:\/\/mybody5.ee.mybody.ee\/proov\/product\/4000-iu-d-vitamiin-pepfox-vitamin-d\/#breadcrumb"},"inLanguage":"et","potentialAction":[{"@type":"ReadAction","target":["https:\/\/mybody5.ee.mybody.ee\/proov\/product\/4000-iu-d-vitamiin-pepfox-vitamin-d\/"]}]},{"@type":"ImageObject","inLanguage":"et","@id":"https:\/\/mybody5.ee.mybody.ee\/proov\/product\/4000-iu-d-vitamiin-pepfox-vitamin-d\/#primaryimage","url":"https:\/\/mybody5.ee.mybody.ee\/proov\/wp-content\/uploads\/2019\/12\/d-vitamiin.png","contentUrl":"https:\/\/mybody5.ee.mybody.ee\/proov\/wp-content\/uploads\/2019\/12\/d-vitamiin.png","width":1000,"height":1000,"caption":"4000 IU D-vitamiin - PEPFOX Vitamin D"},{"@type":"BreadcrumbList","@id":"https:\/\/mybody5.ee.mybody.ee\/proov\/product\/4000-iu-d-vitamiin-pepfox-vitamin-d\/#breadcrumb","itemListElement":[{"@type":"ListItem","position":1,"name":"Home","item":"https:\/\/mybody5.ee.mybody.ee\/proov\/"},{"@type":"ListItem","position":2,"name":"Shop","item":"https:\/\/mybody5.ee.mybody.ee\/proov\/shop\/"},{"@type":"ListItem","position":3,"name":"4000 IU D-vitamiin &#8211; PEPFOX Vitamin D"}]},{"@type":"WebSite","@id":"https:\/\/mybody5.ee.mybody.ee\/proov\/#website","url":"https:\/\/mybody5.ee.mybody.ee\/proov\/","name":"MyBody.ee - Toidulisandid ja sporditarvikud","description":"Just another WordPress site","publisher":{"@id":"https:\/\/mybody5.ee.mybody.ee\/proov\/#organization"},"potentialAction":[{"@type":"SearchAction","target":{"@type":"EntryPoint","urlTemplate":"https:\/\/mybody5.ee.mybody.ee\/proov\/?s={search_term_string}"},"query-input":{"@type":"PropertyValueSpecification","valueRequired":true,"valueName":"search_term_string"}}],"inLanguage":"et"},{"@type":"Organization","@id":"https:\/\/mybody5.ee.mybody.ee\/proov\/#organization","name":"MyBody.ee","url":"https:\/\/mybody5.ee.mybody.ee\/proov\/","logo":{"@type":"ImageObject","inLanguage":"et","@id":"https:\/\/mybody5.ee.mybody.ee\/proov\/#\/schema\/logo\/image\/","url":"https:\/\/mybody5.ee.mybody.ee\/proov\/wp-content\/uploads\/2023\/11\/mybody_logo_h65-2.png","contentUrl":"https:\/\/mybody5.ee.mybody.ee\/proov\/wp-content\/uploads\/2023\/11\/mybody_logo_h65-2.png","width":229,"height":65,"caption":"MyBody.ee"},"image":{"@id":"https:\/\/mybody5.ee.mybody.ee\/proov\/#\/schema\/logo\/image\/"},"sameAs":["https:\/\/facebook.com\/MyBody.ee\/"]}]}},"_links":{"self":[{"href":"https:\/\/mybody5.ee.mybody.ee\/proov\/wp-json\/wp\/v2\/product\/502","targetHints":{"allow":["GET"]}}],"collection":[{"href":"https:\/\/mybody5.ee.mybody.ee\/proov\/wp-json\/wp\/v2\/product"}],"about":[{"href":"https:\/\/mybody5.ee.mybody.ee\/proov\/wp-json\/wp\/v2\/types\/product"}],"replies":[{"embeddable":true,"href":"https:\/\/mybody5.ee.mybody.ee\/proov\/wp-json\/wp\/v2\/comments?post=502"}],"wp:featuredmedia":[{"embeddable":true,"href":"https:\/\/mybody5.ee.mybody.ee\/proov\/wp-json\/wp\/v2\/media\/501"}],"wp:attachment":[{"href":"https:\/\/mybody5.ee.mybody.ee\/proov\/wp-json\/wp\/v2\/media?parent=502"}],"wp:term":[{"taxonomy":"product_cat","embeddable":true,"href":"https:\/\/mybody5.ee.mybody.ee\/proov\/wp-json\/wp\/v2\/product_cat?post=502"},{"taxonomy":"product_tag","embeddable":true,"href":"https:\/\/mybody5.ee.mybody.ee\/proov\/wp-json\/wp\/v2\/product_tag?post=502"}],"curies":[{"name":"wp","href":"https:\/\/api.w.org\/{rel}","templated":true}]}}