{"id":504,"date":"2019-12-09T22:25:42","date_gmt":"2019-12-09T22:25:42","guid":{"rendered":"https:\/\/mybody5.ee.mybody.ee\/proov\/product\/tugev-treeningueelne-shot-all-stars-raw-booster-shot\/"},"modified":"2019-12-09T22:25:42","modified_gmt":"2019-12-09T22:25:42","slug":"tugev-treeningueelne-shot-all-stars-raw-booster-shot","status":"publish","type":"product","link":"https:\/\/mybody5.ee.mybody.ee\/proov\/product\/tugev-treeningueelne-shot-all-stars-raw-booster-shot\/","title":{"rendered":"Tugev treeningueelne shot &#8211; All Stars Raw Booster Shot"},"content":{"rendered":"<p><strong>All Stars Raw Booster Shot on enne treeningut&nbsp;tarbitav aminohappeid sisaldav shot.&nbsp;<\/strong><\/p>\n<p>\u00dcks v\u00e4ike Raw Booster sisaldab 7 erinevat komponenti, mis annavad treeningutele uut hingamist. Raw Booster Shot&nbsp;sisaldab parimaid&nbsp;<strong>&#8220;PUMP&#8221;, &#8220;FOCUS&#8221; <\/strong>ja<strong> &#8220;ENERGY&#8221;<\/strong> komponente. Raw booster t\u00f6\u00f6tab 100%!<\/p>\n<p><strong><span style=\"font-size:10.0pt;font-family:&quot;Arial&quot;,&quot;sans-serif&quot;; color:#333333\">Tsitrulliin maalaat<\/span><\/strong><span style=\"font-size:10.0pt; font-family:&quot;Arial&quot;,&quot;sans-serif&quot;;color:#333333\">&nbsp;parandab lihaste vastupidavust\/ j\u00f5udlust, kuna tsitruliin maalaat suurendab aeroobset energiatootmist ja hoiab \u00e4ra v\u00e4simust. Tsitruliin maalaat v\u00e4hendab piimhappe ja ammoniaagi ehitusprotsessi ning kiirendab lihaskonna taastumist, t\u00f5estes kreatiinfosfaadi ja ATP (adenosiintrifosforhapet) s\u00fcnteesi (resynthesis) taset.&nbsp;<o:p><\/o:p><\/span><\/p>\n<p><strong>L-arginiin&nbsp;AKG<\/strong> aitab kaasa verevarustusele,&nbsp;<span style=\"font-size: 10pt; line-height: 115%; font-family: Arial, sans-serif;\">stimuleerib&nbsp;j\u00f5udu, lihasmassi ja vastupidavuse kasvu.&nbsp;Arginiin on aminohape, millest organismis tekivad aktiivsed bioloogilised \u00fchendid, p\u00f5hiliselt agmatiin ja l\u00e4mmastikoksiid.<\/span><\/p>\n<p><strong>L-leutsiin<\/strong>&nbsp;on t\u00e4htis aminohape, mis jaguneb rasvastruktuurideks. Organismis ei toodeta seda aminohapet, seet\u00f5ttu peab seda saama toidu kaudu, millest v\u00f5ib v\u00e4lja tuua p\u00e4hklid, pruuni riisi, t\u00e4istera leiva v\u00f5i siis toidulisandid.<\/p>\n<p><strong>BCAA<\/strong> Uuringutes on t\u00f5estatud, et hargnenud ahelaga aminohapped kiirendavad taastumist, stimuleerivad lihaskasvu ja parandavad sooritusv\u00f5imet. On m\u00e4rgatud, et need aminohapped suurendavad nii j\u00f5udu kui ka vastupidavust.<strong> <\/strong><\/p>\n<p><strong>Gl\u00fctsiin<\/strong>&nbsp;aitab eemaldada m\u00fcrgiseid aineid nagu piimhape kehast.&nbsp;<strong>L-gl\u00fctseriin<\/strong>&nbsp;suurendab organismis vastupidavust rasketel treeningutel.<\/p>\n<p><strong>Kofeiin<\/strong> <span style=\"font-size: 10pt; line-height: 115%; font-family: Arial, sans-serif;\">aitab t\u00f5rjuda uimasust, taastab erksuse ja on stimuleerib keskn\u00e4rvis\u00fcsteemi.<\/span><\/p>\n<ul>\n<li>3000mg L-tsitruliin<\/li>\n<li>3000mg L-arginiin AKG<\/li>\n<li>3000mg L-leutsiin<\/li>\n<li>1500mg L-isoleutsiin<\/li>\n<li>6000mg BCAA<\/li>\n<li>500mg gl\u00fctsiin<\/li>\n<li>200mg kofeiin<\/li>\n<\/ul>\n<h3>Toime<\/h3>\n<ul>\n<li>Toimib koheselt<\/li>\n<li>Tugev &#8220;PUMP&#8221; efekt<\/li>\n<li>T\u00f5rjub&nbsp;v\u00e4simust<\/li>\n<li>Hoiab energilisena<\/li>\n<\/ul>\n<h3>Kasutamine<\/h3>\n<p>Manustada 1 ampull (60ml) 30&nbsp;minutit&nbsp;enne f\u00fc\u00fcsilist aktiivsust. Raputa tugevalt enne kasutamist.<\/p>\n<h3>Kellele sobib?<\/h3>\n<p>Toode on m\u00f5eldud aktiivsele inimesele, kellel on soov t\u00f5sta oma vaimset v\u00f5imekust ja j\u00f5udlust f\u00fc\u00fcsilise koormuse ajal.&nbsp;Sisaldab kofeiini &#8211; ei ole soovitatav kofeiinitundlikele inimestele.<\/p>\n<h3>Pakend: <span style=\"font-size:14px;\"><span style=\"font-family: arial,helvetica,sans-serif;\">60ml<\/span><\/span><\/h3>\n<h3>Maitse: <span style=\"font-size:14px;\"><span style=\"font-family: arial,helvetica,sans-serif;\">troopiline<\/span><\/span><\/h3>\n<table border=\"1\" cellpadding=\"1\" cellspacing=\"1\" height=\"141\" style=\"height:100px;width:450px;\" width=\"51\">\n<tbody>\n<tr>\n<td colspan=\"2\"><strong>&nbsp;Raw Booster toitev\u00e4\u00e4rtus<\/strong><\/td>\n<td><strong>60ml<\/strong><\/td>\n<\/tr>\n<tr>\n<td colspan=\"2\">Energiat<\/td>\n<td><span style=\"font-size: 12px;\">51,7kcal\/220kJ<\/span><\/td>\n<\/tr>\n<tr>\n<td colspan=\"2\">Valgud<\/td>\n<td>8,3g<\/td>\n<\/tr>\n<tr>\n<td colspan=\"2\">S\u00fcsivesikud,<br \/> \t\t\tmillest suhkur<\/td>\n<td>1,2g<br \/> \t\t\t0,1g<\/td>\n<\/tr>\n<tr>\n<td colspan=\"2\">Rasvad,&nbsp;<br \/> \t\t\tmillest k\u00fcllastunud rasvad<\/td>\n<td>&lt;0,1g<br \/> \t\t\t&lt;0,1g<\/td>\n<\/tr>\n<tr>\n<td colspan=\"2\">Naatrium<\/td>\n<td>0g<\/td>\n<\/tr>\n<tr>\n<td colspan=\"2\">L-tsitruliin<\/td>\n<td>3000mg<\/td>\n<\/tr>\n<tr>\n<td colspan=\"2\">L-arginiin<\/td>\n<td>3000mg<\/td>\n<\/tr>\n<tr>\n<td colspan=\"2\">L-leutsiin<\/td>\n<td>3000mg<\/td>\n<\/tr>\n<tr>\n<td colspan=\"2\">L-isoleutsiin<\/td>\n<td>1500mg<\/td>\n<\/tr>\n<tr>\n<td colspan=\"2\">L-valiin<\/td>\n<td>1500mg<\/td>\n<\/tr>\n<tr>\n<td colspan=\"2\">L-gl\u00fctsiin<\/td>\n<td>500mg<\/td>\n<\/tr>\n<tr>\n<td colspan=\"2\">Kofeiin<\/td>\n<td>200mg<\/td>\n<\/tr>\n<tr>\n<td colspan=\"3\">Koostis:<\/td>\n<\/tr>\n<\/tbody>\n<\/table>\n<p>Konsultatsioon<\/p>\n<ul>\n<li>Oled oodatud tasuta konsultatsioonile MYBODY Audentese kauplusesse,<\/li>\n<li>Asukoht: Audentese Spordikeskus, Tondi 84.<\/li>\n<li>Telefon EST\/RUS\/ENG +372&nbsp;523 1960<\/li>\n<li>Telefon EST\/ENG +372 56&nbsp;458&nbsp;688<\/li>\n<li><a href=\"mailto:info@mybody.ee\">info@mybody.ee<\/a><\/li>\n<li><a href=\"http:\/\/www.facebook.com\/mybody.ee\">www.facebook.com\/mybody.ee<\/a><\/li>\n<\/ul>\n","protected":false},"excerpt":{"rendered":"<p>All Stars Raw Booster Shot on enne treeningut&nbsp;tarbitav aminohappeid sisaldav shot.&nbsp; \u00dcks v\u00e4ike Raw Booster sisaldab 7 erinevat komponenti, mis annavad treeningutele uut hingamist. Raw Booster Shot&nbsp;sisaldab parimaid&nbsp;&#8220;PUMP&#8221;, &#8220;FOCUS&#8221; ja &#8220;ENERGY&#8221; komponente. Raw booster t\u00f6\u00f6tab 100%! Tsitrulliin maalaat&nbsp;parandab lihaste vastupidavust\/ j\u00f5udlust, kuna tsitruliin maalaat suurendab aeroobset energiatootmist ja hoiab \u00e4ra v\u00e4simust. Tsitruliin maalaat v\u00e4hendab piimhappe [&hellip;]<\/p>\n","protected":false},"featured_media":503,"comment_status":"open","ping_status":"closed","template":"","meta":{"inline_featured_image":false},"product_cat":[52,30],"product_tag":[],"class_list":{"0":"post-504","1":"product","2":"type-product","3":"status-publish","4":"has-post-thumbnail","6":"product_cat-ergutid","7":"product_cat-spetsiaal","8":"pa_vorm-vedelik","10":"first","11":"instock","12":"shipping-taxable","13":"purchasable","14":"product-type-simple"},"yoast_head":"<!-- This site is optimized with the Yoast SEO plugin v27.3 - https:\/\/yoast.com\/product\/yoast-seo-wordpress\/ -->\n<title>Tugev treeningueelne shot - All Stars Raw Booster Shot - MyBody.ee - Toidulisandid ja sporditarvikud<\/title>\n<meta name=\"description\" content=\"All Stars Raw Booster Shot on enne treeningut\u00a0tarbitav aminohappeid\" \/>\n<meta name=\"robots\" content=\"index, follow, max-snippet:-1, max-image-preview:large, max-video-preview:-1\" \/>\n<link rel=\"canonical\" href=\"https:\/\/mybody5.ee.mybody.ee\/proov\/product\/tugev-treeningueelne-shot-all-stars-raw-booster-shot\/\" \/>\n<meta property=\"og:locale\" content=\"et_EE\" \/>\n<meta property=\"og:type\" content=\"article\" \/>\n<meta property=\"og:title\" content=\"Tugev treeningueelne shot - All Stars Raw Booster Shot - MyBody.ee - Toidulisandid ja sporditarvikud\" \/>\n<meta property=\"og:description\" content=\"All Stars Raw Booster Shot on enne treeningut\u00a0tarbitav aminohappeid\" \/>\n<meta property=\"og:url\" content=\"https:\/\/mybody5.ee.mybody.ee\/proov\/product\/tugev-treeningueelne-shot-all-stars-raw-booster-shot\/\" \/>\n<meta property=\"og:site_name\" content=\"supplero\" \/>\n<meta property=\"article:publisher\" content=\"https:\/\/facebook.com\/MyBody.ee\/\" \/>\n<meta property=\"og:image\" content=\"https:\/\/mybody5.ee.mybody.ee\/proov\/wp-content\/uploads\/2019\/12\/raw-booster-shot.PNG\" \/>\n\t<meta property=\"og:image:width\" content=\"214\" \/>\n\t<meta property=\"og:image:height\" content=\"588\" \/>\n\t<meta property=\"og:image:type\" content=\"image\/png\" \/>\n<meta name=\"twitter:card\" content=\"summary_large_image\" \/>\n<meta name=\"twitter:label1\" content=\"Est. reading time\" \/>\n\t<meta name=\"twitter:data1\" content=\"2 minutit\" \/>\n<script type=\"application\/ld+json\" class=\"yoast-schema-graph\">{\"@context\":\"https:\\\/\\\/schema.org\",\"@graph\":[{\"@type\":\"WebPage\",\"@id\":\"https:\\\/\\\/mybody5.ee.mybody.ee\\\/proov\\\/product\\\/tugev-treeningueelne-shot-all-stars-raw-booster-shot\\\/\",\"url\":\"https:\\\/\\\/mybody5.ee.mybody.ee\\\/proov\\\/product\\\/tugev-treeningueelne-shot-all-stars-raw-booster-shot\\\/\",\"name\":\"Tugev treeningueelne shot - All Stars Raw Booster Shot - MyBody.ee - Toidulisandid ja sporditarvikud\",\"isPartOf\":{\"@id\":\"https:\\\/\\\/mybody5.ee.mybody.ee\\\/proov\\\/#website\"},\"primaryImageOfPage\":{\"@id\":\"https:\\\/\\\/mybody5.ee.mybody.ee\\\/proov\\\/product\\\/tugev-treeningueelne-shot-all-stars-raw-booster-shot\\\/#primaryimage\"},\"image\":{\"@id\":\"https:\\\/\\\/mybody5.ee.mybody.ee\\\/proov\\\/product\\\/tugev-treeningueelne-shot-all-stars-raw-booster-shot\\\/#primaryimage\"},\"thumbnailUrl\":\"https:\\\/\\\/mybody5.ee.mybody.ee\\\/proov\\\/wp-content\\\/uploads\\\/2019\\\/12\\\/raw-booster-shot.PNG\",\"datePublished\":\"2019-12-09T22:25:42+00:00\",\"description\":\"All Stars Raw Booster Shot on enne treeningut\u00a0tarbitav aminohappeid\",\"breadcrumb\":{\"@id\":\"https:\\\/\\\/mybody5.ee.mybody.ee\\\/proov\\\/product\\\/tugev-treeningueelne-shot-all-stars-raw-booster-shot\\\/#breadcrumb\"},\"inLanguage\":\"et\",\"potentialAction\":[{\"@type\":\"ReadAction\",\"target\":[\"https:\\\/\\\/mybody5.ee.mybody.ee\\\/proov\\\/product\\\/tugev-treeningueelne-shot-all-stars-raw-booster-shot\\\/\"]}]},{\"@type\":\"ImageObject\",\"inLanguage\":\"et\",\"@id\":\"https:\\\/\\\/mybody5.ee.mybody.ee\\\/proov\\\/product\\\/tugev-treeningueelne-shot-all-stars-raw-booster-shot\\\/#primaryimage\",\"url\":\"https:\\\/\\\/mybody5.ee.mybody.ee\\\/proov\\\/wp-content\\\/uploads\\\/2019\\\/12\\\/raw-booster-shot.PNG\",\"contentUrl\":\"https:\\\/\\\/mybody5.ee.mybody.ee\\\/proov\\\/wp-content\\\/uploads\\\/2019\\\/12\\\/raw-booster-shot.PNG\",\"width\":214,\"height\":588,\"caption\":\"Tugev treeningueelne shot - All Stars Raw Booster Shot\"},{\"@type\":\"BreadcrumbList\",\"@id\":\"https:\\\/\\\/mybody5.ee.mybody.ee\\\/proov\\\/product\\\/tugev-treeningueelne-shot-all-stars-raw-booster-shot\\\/#breadcrumb\",\"itemListElement\":[{\"@type\":\"ListItem\",\"position\":1,\"name\":\"Home\",\"item\":\"https:\\\/\\\/mybody5.ee.mybody.ee\\\/proov\\\/\"},{\"@type\":\"ListItem\",\"position\":2,\"name\":\"Shop\",\"item\":\"https:\\\/\\\/mybody5.ee.mybody.ee\\\/proov\\\/shop\\\/\"},{\"@type\":\"ListItem\",\"position\":3,\"name\":\"Tugev treeningueelne shot &#8211; All Stars Raw Booster Shot\"}]},{\"@type\":\"WebSite\",\"@id\":\"https:\\\/\\\/mybody5.ee.mybody.ee\\\/proov\\\/#website\",\"url\":\"https:\\\/\\\/mybody5.ee.mybody.ee\\\/proov\\\/\",\"name\":\"MyBody.ee - Toidulisandid ja sporditarvikud\",\"description\":\"Just another WordPress site\",\"publisher\":{\"@id\":\"https:\\\/\\\/mybody5.ee.mybody.ee\\\/proov\\\/#organization\"},\"potentialAction\":[{\"@type\":\"SearchAction\",\"target\":{\"@type\":\"EntryPoint\",\"urlTemplate\":\"https:\\\/\\\/mybody5.ee.mybody.ee\\\/proov\\\/?s={search_term_string}\"},\"query-input\":{\"@type\":\"PropertyValueSpecification\",\"valueRequired\":true,\"valueName\":\"search_term_string\"}}],\"inLanguage\":\"et\"},{\"@type\":\"Organization\",\"@id\":\"https:\\\/\\\/mybody5.ee.mybody.ee\\\/proov\\\/#organization\",\"name\":\"MyBody.ee\",\"url\":\"https:\\\/\\\/mybody5.ee.mybody.ee\\\/proov\\\/\",\"logo\":{\"@type\":\"ImageObject\",\"inLanguage\":\"et\",\"@id\":\"https:\\\/\\\/mybody5.ee.mybody.ee\\\/proov\\\/#\\\/schema\\\/logo\\\/image\\\/\",\"url\":\"https:\\\/\\\/mybody5.ee.mybody.ee\\\/proov\\\/wp-content\\\/uploads\\\/2023\\\/11\\\/mybody_logo_h65-2.png\",\"contentUrl\":\"https:\\\/\\\/mybody5.ee.mybody.ee\\\/proov\\\/wp-content\\\/uploads\\\/2023\\\/11\\\/mybody_logo_h65-2.png\",\"width\":229,\"height\":65,\"caption\":\"MyBody.ee\"},\"image\":{\"@id\":\"https:\\\/\\\/mybody5.ee.mybody.ee\\\/proov\\\/#\\\/schema\\\/logo\\\/image\\\/\"},\"sameAs\":[\"https:\\\/\\\/facebook.com\\\/MyBody.ee\\\/\"]}]}<\/script>\n<!-- \/ Yoast SEO plugin. -->","yoast_head_json":{"title":"Tugev treeningueelne shot - All Stars Raw Booster Shot - MyBody.ee - Toidulisandid ja sporditarvikud","description":"All Stars Raw Booster Shot on enne treeningut\u00a0tarbitav aminohappeid","robots":{"index":"index","follow":"follow","max-snippet":"max-snippet:-1","max-image-preview":"max-image-preview:large","max-video-preview":"max-video-preview:-1"},"canonical":"https:\/\/mybody5.ee.mybody.ee\/proov\/product\/tugev-treeningueelne-shot-all-stars-raw-booster-shot\/","og_locale":"et_EE","og_type":"article","og_title":"Tugev treeningueelne shot - All Stars Raw Booster Shot - MyBody.ee - Toidulisandid ja sporditarvikud","og_description":"All Stars Raw Booster Shot on enne treeningut\u00a0tarbitav aminohappeid","og_url":"https:\/\/mybody5.ee.mybody.ee\/proov\/product\/tugev-treeningueelne-shot-all-stars-raw-booster-shot\/","og_site_name":"supplero","article_publisher":"https:\/\/facebook.com\/MyBody.ee\/","og_image":[{"width":214,"height":588,"url":"https:\/\/mybody5.ee.mybody.ee\/proov\/wp-content\/uploads\/2019\/12\/raw-booster-shot.PNG","type":"image\/png"}],"twitter_card":"summary_large_image","twitter_misc":{"Est. reading time":"2 minutit"},"schema":{"@context":"https:\/\/schema.org","@graph":[{"@type":"WebPage","@id":"https:\/\/mybody5.ee.mybody.ee\/proov\/product\/tugev-treeningueelne-shot-all-stars-raw-booster-shot\/","url":"https:\/\/mybody5.ee.mybody.ee\/proov\/product\/tugev-treeningueelne-shot-all-stars-raw-booster-shot\/","name":"Tugev treeningueelne shot - All Stars Raw Booster Shot - MyBody.ee - Toidulisandid ja sporditarvikud","isPartOf":{"@id":"https:\/\/mybody5.ee.mybody.ee\/proov\/#website"},"primaryImageOfPage":{"@id":"https:\/\/mybody5.ee.mybody.ee\/proov\/product\/tugev-treeningueelne-shot-all-stars-raw-booster-shot\/#primaryimage"},"image":{"@id":"https:\/\/mybody5.ee.mybody.ee\/proov\/product\/tugev-treeningueelne-shot-all-stars-raw-booster-shot\/#primaryimage"},"thumbnailUrl":"https:\/\/mybody5.ee.mybody.ee\/proov\/wp-content\/uploads\/2019\/12\/raw-booster-shot.PNG","datePublished":"2019-12-09T22:25:42+00:00","description":"All Stars Raw Booster Shot on enne treeningut\u00a0tarbitav aminohappeid","breadcrumb":{"@id":"https:\/\/mybody5.ee.mybody.ee\/proov\/product\/tugev-treeningueelne-shot-all-stars-raw-booster-shot\/#breadcrumb"},"inLanguage":"et","potentialAction":[{"@type":"ReadAction","target":["https:\/\/mybody5.ee.mybody.ee\/proov\/product\/tugev-treeningueelne-shot-all-stars-raw-booster-shot\/"]}]},{"@type":"ImageObject","inLanguage":"et","@id":"https:\/\/mybody5.ee.mybody.ee\/proov\/product\/tugev-treeningueelne-shot-all-stars-raw-booster-shot\/#primaryimage","url":"https:\/\/mybody5.ee.mybody.ee\/proov\/wp-content\/uploads\/2019\/12\/raw-booster-shot.PNG","contentUrl":"https:\/\/mybody5.ee.mybody.ee\/proov\/wp-content\/uploads\/2019\/12\/raw-booster-shot.PNG","width":214,"height":588,"caption":"Tugev treeningueelne shot - All Stars Raw Booster Shot"},{"@type":"BreadcrumbList","@id":"https:\/\/mybody5.ee.mybody.ee\/proov\/product\/tugev-treeningueelne-shot-all-stars-raw-booster-shot\/#breadcrumb","itemListElement":[{"@type":"ListItem","position":1,"name":"Home","item":"https:\/\/mybody5.ee.mybody.ee\/proov\/"},{"@type":"ListItem","position":2,"name":"Shop","item":"https:\/\/mybody5.ee.mybody.ee\/proov\/shop\/"},{"@type":"ListItem","position":3,"name":"Tugev treeningueelne shot &#8211; All Stars Raw Booster Shot"}]},{"@type":"WebSite","@id":"https:\/\/mybody5.ee.mybody.ee\/proov\/#website","url":"https:\/\/mybody5.ee.mybody.ee\/proov\/","name":"MyBody.ee - Toidulisandid ja sporditarvikud","description":"Just another WordPress site","publisher":{"@id":"https:\/\/mybody5.ee.mybody.ee\/proov\/#organization"},"potentialAction":[{"@type":"SearchAction","target":{"@type":"EntryPoint","urlTemplate":"https:\/\/mybody5.ee.mybody.ee\/proov\/?s={search_term_string}"},"query-input":{"@type":"PropertyValueSpecification","valueRequired":true,"valueName":"search_term_string"}}],"inLanguage":"et"},{"@type":"Organization","@id":"https:\/\/mybody5.ee.mybody.ee\/proov\/#organization","name":"MyBody.ee","url":"https:\/\/mybody5.ee.mybody.ee\/proov\/","logo":{"@type":"ImageObject","inLanguage":"et","@id":"https:\/\/mybody5.ee.mybody.ee\/proov\/#\/schema\/logo\/image\/","url":"https:\/\/mybody5.ee.mybody.ee\/proov\/wp-content\/uploads\/2023\/11\/mybody_logo_h65-2.png","contentUrl":"https:\/\/mybody5.ee.mybody.ee\/proov\/wp-content\/uploads\/2023\/11\/mybody_logo_h65-2.png","width":229,"height":65,"caption":"MyBody.ee"},"image":{"@id":"https:\/\/mybody5.ee.mybody.ee\/proov\/#\/schema\/logo\/image\/"},"sameAs":["https:\/\/facebook.com\/MyBody.ee\/"]}]}},"_links":{"self":[{"href":"https:\/\/mybody5.ee.mybody.ee\/proov\/wp-json\/wp\/v2\/product\/504","targetHints":{"allow":["GET"]}}],"collection":[{"href":"https:\/\/mybody5.ee.mybody.ee\/proov\/wp-json\/wp\/v2\/product"}],"about":[{"href":"https:\/\/mybody5.ee.mybody.ee\/proov\/wp-json\/wp\/v2\/types\/product"}],"replies":[{"embeddable":true,"href":"https:\/\/mybody5.ee.mybody.ee\/proov\/wp-json\/wp\/v2\/comments?post=504"}],"wp:featuredmedia":[{"embeddable":true,"href":"https:\/\/mybody5.ee.mybody.ee\/proov\/wp-json\/wp\/v2\/media\/503"}],"wp:attachment":[{"href":"https:\/\/mybody5.ee.mybody.ee\/proov\/wp-json\/wp\/v2\/media?parent=504"}],"wp:term":[{"taxonomy":"product_cat","embeddable":true,"href":"https:\/\/mybody5.ee.mybody.ee\/proov\/wp-json\/wp\/v2\/product_cat?post=504"},{"taxonomy":"product_tag","embeddable":true,"href":"https:\/\/mybody5.ee.mybody.ee\/proov\/wp-json\/wp\/v2\/product_tag?post=504"}],"curies":[{"name":"wp","href":"https:\/\/api.w.org\/{rel}","templated":true}]}}