{"id":53,"date":"2019-12-09T22:25:36","date_gmt":"2019-12-09T22:25:36","guid":{"rendered":"https:\/\/mybody5.ee.mybody.ee\/proov\/product\/vaga-korge-bioloogilise-vaartusega-vadakuvalgu-isolaat-self-micro-whey-active\/"},"modified":"2019-12-09T22:25:36","modified_gmt":"2019-12-09T22:25:36","slug":"vaga-korge-bioloogilise-vaartusega-vadakuvalgu-isolaat-self-micro-whey-active","status":"publish","type":"product","link":"https:\/\/mybody5.ee.mybody.ee\/proov\/product\/vaga-korge-bioloogilise-vaartusega-vadakuvalgu-isolaat-self-micro-whey-active\/","title":{"rendered":"V\u00e4ga k\u00f5rge bioloogilise v\u00e4\u00e4rtusega vadakuvalgu isolaat &#8211; SELF Micro Whey Active"},"content":{"rendered":"<p><strong>Micro Whey Active<\/strong> on magusainega toidulisand, mis sisaldab v&auml;ga suurel hulgal aminohappeid ja valkude fraktsioone, mis on kasulikud k&otilde;igile, olenemata vanusest ja soost. <span style=\"line-height: 20.7999992370605px;\">Toode on praktiliselt laktoosi- ja rasvavaba ning sisaldab vaid 1g s&uuml;sivesikuid serveeringu kohta. Micro Whey Active aitab taastuda igasugustest treeningutest, olgu nendeks j&otilde;ualad, pallim&auml;ngud, kontaktspordialad, kergej&otilde;ustik v&otilde;i vastupidavusalad.&nbsp;<\/span><span style=\"line-height: 20.7999992370605px;\">Toodet on k&otilde;rgelt hinnanud nii tippsportlased kui&nbsp;tavaharrastajad. &nbsp;<\/span><\/p>\n<p>Micro Whey Active pakub laia maitsevalikut. Ka k&otilde;ige kapriissem maitse saab rahuldatud.<\/p>\n<h3>Toime<\/h3>\n<ul>\n<li>Kiirelt imenduv&nbsp;mikrofiltreeritud ja h&uuml;drol&uuml;&uuml;situd vadakuvalguisolaat<\/li>\n<li>K&otilde;rgeim bioloogiline v&auml;&auml;rtus, imendub t&auml;ielikult<\/li>\n<li>Palju glutamiini ja hargnenud ahelaga aminohappeid<\/li>\n<li>Kiirendab taastumist rasketest treeningutest<\/li>\n<\/ul>\n<h3>Kasutamine<\/h3>\n<p><span style=\"line-height: 20.7999992370605px;\">Segada 30 g (1 m&otilde;&otilde;dulusikas) pulbrit 3-4 dl vee, mahla v&otilde;i piimaga 1-3 korda p&auml;evas. Toode ei asenda mitmek&uuml;lgset ja tasakaalustatud toitumist ning tervislikku eluviisi.<\/span><\/p>\n<h3>Kellele sobib?<\/h3>\n<p><span style=\"line-height: 20.7999992370605px;\">Sobib k&otilde;ikide spordialade harrastajatele lisavalguna enne ja p&auml;rast trenni ning valguvajaduse katmiseks p&auml;eva jooksul. Aitab taastuda rasketest treeningutest.<\/span><\/p>\n<h3>Pakend: <span style=\"font-size:12px;\"><span style=\"font-family: arial,helvetica,sans-serif;\">1000g<\/span><\/span><\/h3>\n<h3>Maitsed: <span style=\"font-family:arial,helvetica,sans-serif;\"><span style=\"font-size:14px;\">maasika, metsamarja, &scaron;okolaadi, &scaron;okolaadi-banaani, banaan,&nbsp;pirni-vanilje, virsiku, vanilje, naturaalne,&nbsp;biscotto-cookie (biskviitk&uuml;psis)<\/span><\/span><\/h3>\n<table border=\"1\" cellpadding=\"1\" cellspacing=\"1\" height=\"330\" style=\"height:100px;width:400px;\" width=\"500\">\n<tbody>\n<tr>\n<td><strong>Toitev&auml;&auml;rtus:<\/strong><\/td>\n<td><strong>100g<\/strong><\/td>\n<td><strong>30g<\/strong><\/td>\n<\/tr>\n<tr>\n<td>Energiat<\/td>\n<td>380kcal\/1590KJ<\/td>\n<td>114kcal\/480KJ<\/td>\n<\/tr>\n<tr>\n<td>Valgud<\/td>\n<td>84g<\/td>\n<td>25,6g<\/td>\n<\/tr>\n<tr>\n<td>S&uuml;sivesikud<br \/> \t\t\tmilles suhkur<\/td>\n<td>4g<br \/> \t\t\t3,5g<\/td>\n<td>1,2g<br \/> \t\t\t1,05g<\/td>\n<\/tr>\n<tr>\n<td>Rasvad<br \/> \t\t\tmillest k&uuml;llastunud<\/td>\n<td>3g<br \/> \t\t\t2,5g<\/td>\n<td>0,9g<br \/> \t\t\t0,75g<\/td>\n<\/tr>\n<tr>\n<td>Kiudaineid<\/td>\n<td>0g<\/td>\n<td>0g<\/td>\n<\/tr>\n<tr>\n<td>Soola<\/td>\n<td>0,3g<\/td>\n<td>0,09g<\/td>\n<\/tr>\n<tr>\n<td colspan=\"3\">\n<p>Koostis:<strong> vadakuvalgu isolaat piimast<\/strong>, GlyciPEP (Gl&uuml;siin, L-alaniin, L-l&uuml;siin), maitseained, emulgaator (E322-p&auml;evalille), magusained (sukraloos, E950), v&auml;rvaine (E162) &#8211; metsamarja,maasikas, v&auml;rvaine (155a) ja kakao &#8211; &scaron;okolaad, banaan\/&scaron;okolaad<\/p>\n<p>Koostis maitsetamata tootel: <strong>vadakuvalgu isolaat piimast<\/strong>, GlyciPEP (Gl&uuml;siin, L-alaniin, L-l&uuml;siin), emulgaator (E322-p&auml;evalille).<\/p>\n<p>Koostis biscotto-cookie (biskviitk&uuml;psis)&nbsp;tootel:&nbsp;<strong>vadakuvalgu isolaat piimast<\/strong>, GlyciPEP (Gl&uuml;siin, L-alaniin, L-l&uuml;siin), maitseained, emulgaator (E322-p&auml;evalille), magusained (sukraloos, E950).<\/p>\n<p> \t\t\t<strong>Allergeenid m&auml;rgitud paksus kirjas*<\/strong><\/p>\n<\/td>\n<\/tr>\n<\/tbody>\n<\/table>\n<p>Konsultatsioon<\/p>\n<ul>\n<li>Oled oodatud tasuta konsultatsioonile MYBODY Audentese kauplusesse,<\/li>\n<li>Asukoht: Audentese Spordikeskus, Tondi 84.<\/li>\n<li>Telefon EST\/RUS\/ENG +372&nbsp;523 1960<\/li>\n<li>Telefon EST\/ENG +372 56&nbsp;458&nbsp;688<\/li>\n<li><a href=\"mailto:info@mybody.ee\">info@mybody.ee<\/a><\/li>\n<li><a href=\"http:\/\/www.facebook.com\/mybody.ee\">www.facebook.com\/mybody.ee<\/a><\/li>\n<\/ul>\n<hr \/>\n<p><em><span style=\"font-size:14px\"><strong>TEST:<\/strong><\/span><\/em> Rootsi ajakiri Fitness viis l&auml;bi testi, milles&nbsp;v&otilde;rreldi 32 erinevat valgutoote&nbsp;maitset, l&otilde;hna ja segunemist. Micro Whey Active&nbsp;tuli katses auv&auml;&auml;rsele h&otilde;bedasele kohale,<span style=\"line-height: 1.6em;\">&nbsp;edestadess tuntud tooteid, nagu MuscleTech Nitrotech (4. koht), Ultimate Nutrition Protein Sensation 81 (5. koht), Weider Protein 80 Plus (11. koht), Twinlab 100% Protein Fuel (12. koht), Optimus Nutrition Gold Standard&nbsp;(13. koht), Fairing WPI (24. koht), Evolution Whey 2 (26. koht), Fx Pro (29. koht), Eiselt Double Pro (30. koht), Fast Whey 3 (31. koht).<\/span><\/p>\n<p><em><span style=\"font-size:8px\">Muscle&amp;Fittness<\/span><\/em><\/p>\n<p><img decoding=\"async\" alt=\"\" src=\"http:\/\/pood.mybody.ee\/image\/data\/B\u00c4NNERID\/soovitab_sticker3_heiki.jpg\" style=\"height:244px; width:400px\" \/><\/p>\n","protected":false},"excerpt":{"rendered":"<p>Micro Whey Active on magusainega toidulisand, mis sisaldab v&auml;ga suurel hulgal aminohappeid ja valkude fraktsioone, mis on kasulikud k&otilde;igile, olenemata vanusest ja soost. Toode on praktiliselt laktoosi- ja rasvavaba ning sisaldab vaid 1g s&uuml;sivesikuid serveeringu kohta. Micro Whey Active aitab taastuda igasugustest treeningutest, olgu nendeks j&otilde;ualad, pallim&auml;ngud, kontaktspordialad, kergej&otilde;ustik v&otilde;i vastupidavusalad.&nbsp;Toodet on k&otilde;rgelt hinnanud nii [&hellip;]<\/p>\n","protected":false},"featured_media":52,"comment_status":"open","ping_status":"closed","template":"","meta":{"inline_featured_image":false},"product_cat":[37,27,46],"product_tag":[],"class_list":{"0":"post-53","1":"product","2":"type-product","3":"status-publish","4":"has-post-thumbnail","6":"product_cat-joualad","7":"product_cat-proteiinid","8":"product_cat-vadakuvalk","9":"pa_energia-400kcal","10":"pa_kogusg-1000g","11":"pa_kunakasutada-uldiselttugevdavparasttrenni","12":"pa_maitse-banaan","13":"pa_maitse-banaan_sokolaad","14":"pa_maitse-maasikas","15":"pa_maitse-maitsestamata","16":"pa_maitse-metsamarja","17":"pa_maitse-pirni_vanilje","18":"pa_maitse-sokolaad","19":"pa_maitse-vanilje","20":"pa_maitse-virsik","21":"pa_rasvad-3g","22":"pa_susivesikud-4g","23":"pa_valgud-84g","24":"pa_vorm-pulber","26":"first","27":"instock","28":"shipping-taxable","29":"purchasable","30":"product-type-variable"},"yoast_head":"<!-- This site is optimized with the Yoast SEO plugin v27.3 - https:\/\/yoast.com\/product\/yoast-seo-wordpress\/ -->\n<title>V\u00e4ga k\u00f5rge bioloogilise v\u00e4\u00e4rtusega vadakuvalgu isolaat - SELF Micro Whey Active - MyBody.ee - Toidulisandid ja sporditarvikud<\/title>\n<meta name=\"description\" content=\"Micro Whey Active on magusainega toidulisand, mis sisaldab v\u00e4ga\" \/>\n<meta name=\"robots\" content=\"index, follow, max-snippet:-1, max-image-preview:large, max-video-preview:-1\" \/>\n<link rel=\"canonical\" href=\"https:\/\/mybody5.ee.mybody.ee\/proov\/product\/vaga-korge-bioloogilise-vaartusega-vadakuvalgu-isolaat-self-micro-whey-active\/\" \/>\n<meta property=\"og:locale\" content=\"et_EE\" \/>\n<meta property=\"og:type\" content=\"article\" \/>\n<meta property=\"og:title\" content=\"V\u00e4ga k\u00f5rge bioloogilise v\u00e4\u00e4rtusega vadakuvalgu isolaat - SELF Micro Whey Active - MyBody.ee - Toidulisandid ja sporditarvikud\" \/>\n<meta property=\"og:description\" content=\"Micro Whey Active on magusainega toidulisand, mis sisaldab v\u00e4ga\" \/>\n<meta property=\"og:url\" content=\"https:\/\/mybody5.ee.mybody.ee\/proov\/product\/vaga-korge-bioloogilise-vaartusega-vadakuvalgu-isolaat-self-micro-whey-active\/\" \/>\n<meta property=\"og:site_name\" content=\"supplero\" \/>\n<meta property=\"article:publisher\" content=\"https:\/\/facebook.com\/MyBody.ee\/\" \/>\n<meta property=\"og:image\" content=\"https:\/\/mybody5.ee.mybody.ee\/proov\/wp-content\/uploads\/2019\/12\/self-micro-whey-active.png\" \/>\n\t<meta property=\"og:image:width\" content=\"497\" \/>\n\t<meta property=\"og:image:height\" content=\"469\" \/>\n\t<meta property=\"og:image:type\" content=\"image\/png\" \/>\n<meta name=\"twitter:card\" content=\"summary_large_image\" \/>\n<meta name=\"twitter:label1\" content=\"Est. reading time\" \/>\n\t<meta name=\"twitter:data1\" content=\"2 minutit\" \/>\n<script type=\"application\/ld+json\" class=\"yoast-schema-graph\">{\"@context\":\"https:\\\/\\\/schema.org\",\"@graph\":[{\"@type\":\"WebPage\",\"@id\":\"https:\\\/\\\/mybody5.ee.mybody.ee\\\/proov\\\/product\\\/vaga-korge-bioloogilise-vaartusega-vadakuvalgu-isolaat-self-micro-whey-active\\\/\",\"url\":\"https:\\\/\\\/mybody5.ee.mybody.ee\\\/proov\\\/product\\\/vaga-korge-bioloogilise-vaartusega-vadakuvalgu-isolaat-self-micro-whey-active\\\/\",\"name\":\"V\u00e4ga k\u00f5rge bioloogilise v\u00e4\u00e4rtusega vadakuvalgu isolaat - SELF Micro Whey Active - MyBody.ee - Toidulisandid ja sporditarvikud\",\"isPartOf\":{\"@id\":\"https:\\\/\\\/mybody5.ee.mybody.ee\\\/proov\\\/#website\"},\"primaryImageOfPage\":{\"@id\":\"https:\\\/\\\/mybody5.ee.mybody.ee\\\/proov\\\/product\\\/vaga-korge-bioloogilise-vaartusega-vadakuvalgu-isolaat-self-micro-whey-active\\\/#primaryimage\"},\"image\":{\"@id\":\"https:\\\/\\\/mybody5.ee.mybody.ee\\\/proov\\\/product\\\/vaga-korge-bioloogilise-vaartusega-vadakuvalgu-isolaat-self-micro-whey-active\\\/#primaryimage\"},\"thumbnailUrl\":\"https:\\\/\\\/mybody5.ee.mybody.ee\\\/proov\\\/wp-content\\\/uploads\\\/2019\\\/12\\\/self-micro-whey-active.png\",\"datePublished\":\"2019-12-09T22:25:36+00:00\",\"description\":\"Micro Whey Active on magusainega toidulisand, mis sisaldab v\u00e4ga\",\"breadcrumb\":{\"@id\":\"https:\\\/\\\/mybody5.ee.mybody.ee\\\/proov\\\/product\\\/vaga-korge-bioloogilise-vaartusega-vadakuvalgu-isolaat-self-micro-whey-active\\\/#breadcrumb\"},\"inLanguage\":\"et\",\"potentialAction\":[{\"@type\":\"ReadAction\",\"target\":[\"https:\\\/\\\/mybody5.ee.mybody.ee\\\/proov\\\/product\\\/vaga-korge-bioloogilise-vaartusega-vadakuvalgu-isolaat-self-micro-whey-active\\\/\"]}]},{\"@type\":\"ImageObject\",\"inLanguage\":\"et\",\"@id\":\"https:\\\/\\\/mybody5.ee.mybody.ee\\\/proov\\\/product\\\/vaga-korge-bioloogilise-vaartusega-vadakuvalgu-isolaat-self-micro-whey-active\\\/#primaryimage\",\"url\":\"https:\\\/\\\/mybody5.ee.mybody.ee\\\/proov\\\/wp-content\\\/uploads\\\/2019\\\/12\\\/self-micro-whey-active.png\",\"contentUrl\":\"https:\\\/\\\/mybody5.ee.mybody.ee\\\/proov\\\/wp-content\\\/uploads\\\/2019\\\/12\\\/self-micro-whey-active.png\",\"width\":497,\"height\":469,\"caption\":\"V\u00e4ga k\u00f5rge bioloogilise v\u00e4\u00e4rtusega vadakuvalgu isolaat - SELF Micro Whey Active\"},{\"@type\":\"BreadcrumbList\",\"@id\":\"https:\\\/\\\/mybody5.ee.mybody.ee\\\/proov\\\/product\\\/vaga-korge-bioloogilise-vaartusega-vadakuvalgu-isolaat-self-micro-whey-active\\\/#breadcrumb\",\"itemListElement\":[{\"@type\":\"ListItem\",\"position\":1,\"name\":\"Home\",\"item\":\"https:\\\/\\\/mybody5.ee.mybody.ee\\\/proov\\\/\"},{\"@type\":\"ListItem\",\"position\":2,\"name\":\"Shop\",\"item\":\"https:\\\/\\\/mybody5.ee.mybody.ee\\\/proov\\\/shop\\\/\"},{\"@type\":\"ListItem\",\"position\":3,\"name\":\"V\u00e4ga k\u00f5rge bioloogilise v\u00e4\u00e4rtusega vadakuvalgu isolaat &#8211; SELF Micro Whey Active\"}]},{\"@type\":\"WebSite\",\"@id\":\"https:\\\/\\\/mybody5.ee.mybody.ee\\\/proov\\\/#website\",\"url\":\"https:\\\/\\\/mybody5.ee.mybody.ee\\\/proov\\\/\",\"name\":\"MyBody.ee - Toidulisandid ja sporditarvikud\",\"description\":\"Just another WordPress site\",\"publisher\":{\"@id\":\"https:\\\/\\\/mybody5.ee.mybody.ee\\\/proov\\\/#organization\"},\"potentialAction\":[{\"@type\":\"SearchAction\",\"target\":{\"@type\":\"EntryPoint\",\"urlTemplate\":\"https:\\\/\\\/mybody5.ee.mybody.ee\\\/proov\\\/?s={search_term_string}\"},\"query-input\":{\"@type\":\"PropertyValueSpecification\",\"valueRequired\":true,\"valueName\":\"search_term_string\"}}],\"inLanguage\":\"et\"},{\"@type\":\"Organization\",\"@id\":\"https:\\\/\\\/mybody5.ee.mybody.ee\\\/proov\\\/#organization\",\"name\":\"MyBody.ee\",\"url\":\"https:\\\/\\\/mybody5.ee.mybody.ee\\\/proov\\\/\",\"logo\":{\"@type\":\"ImageObject\",\"inLanguage\":\"et\",\"@id\":\"https:\\\/\\\/mybody5.ee.mybody.ee\\\/proov\\\/#\\\/schema\\\/logo\\\/image\\\/\",\"url\":\"https:\\\/\\\/mybody5.ee.mybody.ee\\\/proov\\\/wp-content\\\/uploads\\\/2023\\\/11\\\/mybody_logo_h65-2.png\",\"contentUrl\":\"https:\\\/\\\/mybody5.ee.mybody.ee\\\/proov\\\/wp-content\\\/uploads\\\/2023\\\/11\\\/mybody_logo_h65-2.png\",\"width\":229,\"height\":65,\"caption\":\"MyBody.ee\"},\"image\":{\"@id\":\"https:\\\/\\\/mybody5.ee.mybody.ee\\\/proov\\\/#\\\/schema\\\/logo\\\/image\\\/\"},\"sameAs\":[\"https:\\\/\\\/facebook.com\\\/MyBody.ee\\\/\"]}]}<\/script>\n<!-- \/ Yoast SEO plugin. -->","yoast_head_json":{"title":"V\u00e4ga k\u00f5rge bioloogilise v\u00e4\u00e4rtusega vadakuvalgu isolaat - SELF Micro Whey Active - MyBody.ee - Toidulisandid ja sporditarvikud","description":"Micro Whey Active on magusainega toidulisand, mis sisaldab v\u00e4ga","robots":{"index":"index","follow":"follow","max-snippet":"max-snippet:-1","max-image-preview":"max-image-preview:large","max-video-preview":"max-video-preview:-1"},"canonical":"https:\/\/mybody5.ee.mybody.ee\/proov\/product\/vaga-korge-bioloogilise-vaartusega-vadakuvalgu-isolaat-self-micro-whey-active\/","og_locale":"et_EE","og_type":"article","og_title":"V\u00e4ga k\u00f5rge bioloogilise v\u00e4\u00e4rtusega vadakuvalgu isolaat - SELF Micro Whey Active - MyBody.ee - Toidulisandid ja sporditarvikud","og_description":"Micro Whey Active on magusainega toidulisand, mis sisaldab v\u00e4ga","og_url":"https:\/\/mybody5.ee.mybody.ee\/proov\/product\/vaga-korge-bioloogilise-vaartusega-vadakuvalgu-isolaat-self-micro-whey-active\/","og_site_name":"supplero","article_publisher":"https:\/\/facebook.com\/MyBody.ee\/","og_image":[{"width":497,"height":469,"url":"https:\/\/mybody5.ee.mybody.ee\/proov\/wp-content\/uploads\/2019\/12\/self-micro-whey-active.png","type":"image\/png"}],"twitter_card":"summary_large_image","twitter_misc":{"Est. reading time":"2 minutit"},"schema":{"@context":"https:\/\/schema.org","@graph":[{"@type":"WebPage","@id":"https:\/\/mybody5.ee.mybody.ee\/proov\/product\/vaga-korge-bioloogilise-vaartusega-vadakuvalgu-isolaat-self-micro-whey-active\/","url":"https:\/\/mybody5.ee.mybody.ee\/proov\/product\/vaga-korge-bioloogilise-vaartusega-vadakuvalgu-isolaat-self-micro-whey-active\/","name":"V\u00e4ga k\u00f5rge bioloogilise v\u00e4\u00e4rtusega vadakuvalgu isolaat - SELF Micro Whey Active - MyBody.ee - Toidulisandid ja sporditarvikud","isPartOf":{"@id":"https:\/\/mybody5.ee.mybody.ee\/proov\/#website"},"primaryImageOfPage":{"@id":"https:\/\/mybody5.ee.mybody.ee\/proov\/product\/vaga-korge-bioloogilise-vaartusega-vadakuvalgu-isolaat-self-micro-whey-active\/#primaryimage"},"image":{"@id":"https:\/\/mybody5.ee.mybody.ee\/proov\/product\/vaga-korge-bioloogilise-vaartusega-vadakuvalgu-isolaat-self-micro-whey-active\/#primaryimage"},"thumbnailUrl":"https:\/\/mybody5.ee.mybody.ee\/proov\/wp-content\/uploads\/2019\/12\/self-micro-whey-active.png","datePublished":"2019-12-09T22:25:36+00:00","description":"Micro Whey Active on magusainega toidulisand, mis sisaldab v\u00e4ga","breadcrumb":{"@id":"https:\/\/mybody5.ee.mybody.ee\/proov\/product\/vaga-korge-bioloogilise-vaartusega-vadakuvalgu-isolaat-self-micro-whey-active\/#breadcrumb"},"inLanguage":"et","potentialAction":[{"@type":"ReadAction","target":["https:\/\/mybody5.ee.mybody.ee\/proov\/product\/vaga-korge-bioloogilise-vaartusega-vadakuvalgu-isolaat-self-micro-whey-active\/"]}]},{"@type":"ImageObject","inLanguage":"et","@id":"https:\/\/mybody5.ee.mybody.ee\/proov\/product\/vaga-korge-bioloogilise-vaartusega-vadakuvalgu-isolaat-self-micro-whey-active\/#primaryimage","url":"https:\/\/mybody5.ee.mybody.ee\/proov\/wp-content\/uploads\/2019\/12\/self-micro-whey-active.png","contentUrl":"https:\/\/mybody5.ee.mybody.ee\/proov\/wp-content\/uploads\/2019\/12\/self-micro-whey-active.png","width":497,"height":469,"caption":"V\u00e4ga k\u00f5rge bioloogilise v\u00e4\u00e4rtusega vadakuvalgu isolaat - SELF Micro Whey Active"},{"@type":"BreadcrumbList","@id":"https:\/\/mybody5.ee.mybody.ee\/proov\/product\/vaga-korge-bioloogilise-vaartusega-vadakuvalgu-isolaat-self-micro-whey-active\/#breadcrumb","itemListElement":[{"@type":"ListItem","position":1,"name":"Home","item":"https:\/\/mybody5.ee.mybody.ee\/proov\/"},{"@type":"ListItem","position":2,"name":"Shop","item":"https:\/\/mybody5.ee.mybody.ee\/proov\/shop\/"},{"@type":"ListItem","position":3,"name":"V\u00e4ga k\u00f5rge bioloogilise v\u00e4\u00e4rtusega vadakuvalgu isolaat &#8211; SELF Micro Whey Active"}]},{"@type":"WebSite","@id":"https:\/\/mybody5.ee.mybody.ee\/proov\/#website","url":"https:\/\/mybody5.ee.mybody.ee\/proov\/","name":"MyBody.ee - Toidulisandid ja sporditarvikud","description":"Just another WordPress site","publisher":{"@id":"https:\/\/mybody5.ee.mybody.ee\/proov\/#organization"},"potentialAction":[{"@type":"SearchAction","target":{"@type":"EntryPoint","urlTemplate":"https:\/\/mybody5.ee.mybody.ee\/proov\/?s={search_term_string}"},"query-input":{"@type":"PropertyValueSpecification","valueRequired":true,"valueName":"search_term_string"}}],"inLanguage":"et"},{"@type":"Organization","@id":"https:\/\/mybody5.ee.mybody.ee\/proov\/#organization","name":"MyBody.ee","url":"https:\/\/mybody5.ee.mybody.ee\/proov\/","logo":{"@type":"ImageObject","inLanguage":"et","@id":"https:\/\/mybody5.ee.mybody.ee\/proov\/#\/schema\/logo\/image\/","url":"https:\/\/mybody5.ee.mybody.ee\/proov\/wp-content\/uploads\/2023\/11\/mybody_logo_h65-2.png","contentUrl":"https:\/\/mybody5.ee.mybody.ee\/proov\/wp-content\/uploads\/2023\/11\/mybody_logo_h65-2.png","width":229,"height":65,"caption":"MyBody.ee"},"image":{"@id":"https:\/\/mybody5.ee.mybody.ee\/proov\/#\/schema\/logo\/image\/"},"sameAs":["https:\/\/facebook.com\/MyBody.ee\/"]}]}},"_links":{"self":[{"href":"https:\/\/mybody5.ee.mybody.ee\/proov\/wp-json\/wp\/v2\/product\/53","targetHints":{"allow":["GET"]}}],"collection":[{"href":"https:\/\/mybody5.ee.mybody.ee\/proov\/wp-json\/wp\/v2\/product"}],"about":[{"href":"https:\/\/mybody5.ee.mybody.ee\/proov\/wp-json\/wp\/v2\/types\/product"}],"replies":[{"embeddable":true,"href":"https:\/\/mybody5.ee.mybody.ee\/proov\/wp-json\/wp\/v2\/comments?post=53"}],"wp:featuredmedia":[{"embeddable":true,"href":"https:\/\/mybody5.ee.mybody.ee\/proov\/wp-json\/wp\/v2\/media\/52"}],"wp:attachment":[{"href":"https:\/\/mybody5.ee.mybody.ee\/proov\/wp-json\/wp\/v2\/media?parent=53"}],"wp:term":[{"taxonomy":"product_cat","embeddable":true,"href":"https:\/\/mybody5.ee.mybody.ee\/proov\/wp-json\/wp\/v2\/product_cat?post=53"},{"taxonomy":"product_tag","embeddable":true,"href":"https:\/\/mybody5.ee.mybody.ee\/proov\/wp-json\/wp\/v2\/product_tag?post=53"}],"curies":[{"name":"wp","href":"https:\/\/api.w.org\/{rel}","templated":true}]}}