{"id":535,"date":"2019-12-09T22:25:42","date_gmt":"2019-12-09T22:25:42","guid":{"rendered":"https:\/\/mybody5.ee.mybody.ee\/proov\/product\/saksamaal-enim-muudud-rasvapoletaja-all-stars-lipodex\/"},"modified":"2019-12-09T22:25:42","modified_gmt":"2019-12-09T22:25:42","slug":"saksamaal-enim-muudud-rasvapoletaja-all-stars-lipodex","status":"publish","type":"product","link":"https:\/\/mybody5.ee.mybody.ee\/proov\/product\/saksamaal-enim-muudud-rasvapoletaja-all-stars-lipodex\/","title":{"rendered":"Saksamaal enim m\u00fc\u00fcdud rasvap\u00f5letaja &#8211; All Stars LipodeX"},"content":{"rendered":"<p><strong>BF: 08.2023<\/strong><\/p>\n<p><strong>All Stars Lipodex&nbsp;on toidulisand kaalu reguleerimiseks.&nbsp; <\/strong><\/p>\n<p><strong>Lipodex<\/strong> on enim m\u00fc\u00fcdud rasvap\u00f5letaja Saksamaal, mis sisaldab ainulaadset <strong>LICAPS<sup>\u00ae <\/sup><\/strong>tehnoloogiat. <strong>LICAPS<sup>\u00ae <\/sup><\/strong>tehnoloogia t\u00e4hendab, et kapslid sisaldavad vedelal kujul toimeaineid, mille omastatavus&nbsp;on parem. Lipodex toimeained p\u00e4rinevad tippkvaliteediga taimede ekstraktidest, mida iseloomustavad k\u00f5rgeim toimeainete ja vitamiinide sisaldus, mis on h\u00e4davajalikud rasvade metabolismiks.<\/p>\n<p>Lipodex sisaldab k\u00f5iki enamkasutatud, uuritud ja efektiivseid koostisosi&nbsp;nagu kofeiin (1,3,7-trimet\u00fc\u00fclksantiin), L-tr\u00fcpofaan, L-t\u00fcrosiin, m\u00f5ru apelsinikoore ekstrakt, millest s\u00fcnefriin 6%, ingveri ekstrakt, rohelise tee ekstrakt, kapsaitsiin, kakaoektrakt millest 10% teobromiin.<br \/> Need ained v\u00e4hendavad s\u00f6\u00f6giisu, kutsuvad esile ja h\u00f5lbustavad rasvade p\u00f5letamist ning seel\u00e4bi stimuleerivad termogeneesi.<\/p>\n<p><strong>Kofeiin (1,3,7-trimet\u00fc\u00fclksantiin)&nbsp;ja&nbsp;teobromiin 3,7-dimet\u00fc\u00fclksantiin<\/strong> on aktiivsed \u00fchendid, mis kiirendavad m\u00e4rkimisv\u00e4\u00e4rselt ainevahetust, neil on v\u00e4rskendav ja energiat andev m\u00f5ju. Lisaks aitab naturaalselt kakaos leiduv teobromiin t\u00f5sta meeleolu ja parandada \u00fcldist heaolu.<\/p>\n<p><strong>M\u00f5ru apelsinikoore ekstrakt<\/strong>&nbsp;on samuti tugev termogeenik, mis aitab kehal p\u00f5letada rohkem kaloreid. Selle ekstrakti toimeaine on tuntud rasvap\u00f5letaja s\u00fcnefriin. S\u00fcnefriin ergutab termogeneesi ning aitab parandada \u00fcldist energia vabanemist p\u00e4eva jooksul.<\/p>\n<p><strong>Rohelises&nbsp;tees<\/strong> leiduvad EGCG-katekiinid suurendavad keha termogeneesi, kiirendavad ainevahetust, mist\u00f5ttu aitavad kehal p\u00f5letada rohkem kaloreid. Roheline tee takistab rasvade ladestumist ja omab n\u00e4ljatunnet v\u00e4hendavat efekti.<\/p>\n<p><strong>Kapsaitsiin<\/strong> stimuleerib ainevahetust, suurendades keha rasvap\u00f5letust. Teadlased on juba aastak\u00fcmneid tagasi avastanud, et kapsaitsiin&nbsp;p\u00e4rsib teatud m\u00e4\u00e4ral ka s\u00f6\u00f6giisu<\/p>\n<p><strong>Ingveril&nbsp;<\/strong>on lisaks termogeneetilisele m\u00f5jule mitmeid kasulikke omadusi nagu&nbsp;p\u00f5letikuvastane toime, stimuleerib vereringet, suurendab lihasrakkude hapnikukasutamist (ehk kalorite p\u00f5letamine).&nbsp;<\/p>\n<p>&nbsp;<\/p>\n<div>\n<ul>\n<li>P\u00e4rsib s\u00f6\u00f6giisu<\/li>\n<li>Aitab v\u00e4hendada \u00fclekaalu<\/li>\n<li>T\u00f5stab meeleolu, energiat ja \u00fcldist heaolutunnet<\/li>\n<li>Kiirendab ainevahetust<\/li>\n<li>Soodustab termogeneesi<\/li>\n<\/ul><\/div>\n<h3>Kasutamine<span style=\"line-height: 1.6em;\">: <\/span><span style=\"font-size:14px;\"><span style=\"font-family:arial,helvetica,sans-serif;\">Soovituslik p\u00e4evane annus on 4 kapslit. 2 kapslit enne hommikus\u00f6\u00f6ki ja 2 kapslit&nbsp;enne l\u00f5unas\u00f6\u00f6ki.&nbsp;Mitte \u00fcletada soovitatud p\u00e4evast annust. Mitte kasutada \u00fcle 8 n\u00e4dala j\u00e4rjest. \u00dcks kapsel v\u00f5rdub umbes \u00fche tassi kohviga. Mitte kombineerida toodetega, mis sisaldavad kofeiini v\u00f5i muud stimuleerivat toimeainet. Toode pole etten\u00e4htud alla 18 ja \u00fcle 50 aasta vanustele isikutele.<\/span><\/span><\/h3>\n<h3><span style=\"font-size:14px;\"><span style=\"font-family:arial,helvetica,sans-serif;\">NB! Toote m\u00f5ju on maksimaalne kui j\u00e4lgitakse tasakaalustatud toitumist ja ollakse negatiivses kaloraa\u017eis k\u00f5igest 5-10%. Kindlasti tuleb kasuks regulaarne treening 3-5 korda n\u00e4dalas 1-1,5 h korraga.<\/span><\/span><\/h3>\n<h3>Kellele sobib?<\/h3>\n<p>Lipodex&nbsp;on m\u00f5eldud inimestele, kelle eesm\u00e4rgiks on langetada kaalu l\u00e4bi rasvap\u00f5letuse, saavutada soovitud figuur v\u00f5i hoida kaalu. Eriti hea abiline aeglase ainevahetusega inimestele.<\/p>\n<h3>Pakend<span style=\"font-family:arial,helvetica,sans-serif\"><span style=\"font-size:12px\">: <span style=\"font-size:14px;\">120 kapslit<\/span><\/span><\/span><\/h3>\n<table border=\"1\" cellpadding=\"1\" cellspacing=\"1\" style=\"height:200px;width:400px;\">\n<tbody>\n<tr>\n<td><strong>All Stars Lipodex toitev\u00e4\u00e4rtus ja toimeained<\/strong><\/td>\n<td><strong>4 kapslit<\/strong><\/td>\n<\/tr>\n<tr>\n<td>Kaloreid<\/td>\n<td>79,3kJ (19,2kcal)<\/td>\n<\/tr>\n<tr>\n<td>Rasva<br \/> \t\t\tmillest k\u00fcllastunud<\/td>\n<td>1,7g<br \/> \t\t\t1,7g<\/td>\n<\/tr>\n<tr>\n<td>S\u00fcsivesikuid<br \/> \t\t\tmillest suhkrud<\/td>\n<td>&lt;0,1g<br \/> \t\t\t0g<\/td>\n<\/tr>\n<tr>\n<td>Valke<\/td>\n<td>0,8g<\/td>\n<\/tr>\n<tr>\n<td>Soola<\/td>\n<td>0g<\/td>\n<\/tr>\n<tr>\n<td>Vitamiin B6<\/td>\n<td>2mg<\/td>\n<\/tr>\n<tr>\n<td>Pantoneenhape<\/td>\n<td>6mg<\/td>\n<\/tr>\n<tr>\n<td>Niatsiin<\/td>\n<td>18mg<\/td>\n<\/tr>\n<tr>\n<td>Vitamiin C<\/td>\n<td>60mg<\/td>\n<\/tr>\n<tr>\n<td>Kofeiin<\/td>\n<td>376,8mg<\/td>\n<\/tr>\n<tr>\n<td>L-Tr\u00fcpofaan<\/td>\n<td>200mg<\/td>\n<\/tr>\n<tr>\n<td>L-T\u00fcrosiin<\/td>\n<td>200mg<\/td>\n<\/tr>\n<tr>\n<td>M\u00f5ru apelsini koore ekstrakt&nbsp;<\/td>\n<td>106mg<\/td>\n<\/tr>\n<tr>\n<td>Ingveri ekstrakt<\/td>\n<td>80mg<\/td>\n<\/tr>\n<tr>\n<td>Roheline tee<\/td>\n<td>80mg<\/td>\n<\/tr>\n<tr>\n<td>Kapsaitsiin<\/td>\n<td>24mg<\/td>\n<\/tr>\n<tr>\n<td>Kakao ekstrakt<\/td>\n<td>20mg<\/td>\n<\/tr>\n<tr>\n<td colspan=\"2\">\n<p><span style=\"font-size:10px;\">Koostis: kookose\u00f5li, taime\u00f5li (palmi\u00f5li), kala \u017eelatiin (kapsel), v\u00e4rvaineks paprika ekstrakt, l-tr\u00fcpofaan, l-t\u00fcrosiin, m\u00f5ru apelsinikoore ekstrakt, rohelise tee ekstrakt, ingverijuure ekstrakt, vitamin C, emlugaator: sojaletsitiin, kardemon, paksendaja r\u00e4nidioksiid, cayenne&#8217;i pipar, kakao ekstrakt, nikotiinamiid, kaltsium-D-pantotenaatm, must pipar, B6 vitamiin, kapsli v\u00e4rv titaandioksiid.<\/span><\/p>\n<\/td>\n<\/tr>\n<\/tbody>\n<\/table>\n<p>Konsultatsioon<\/p>\n<ul>\n<li><span style=\"font-family:arial,helvetica,sans-serif\"><span style=\"font-size:12px\">Oled oodatud tasuta konsultatsioonile MYBODY Audentese kauplusesse,<\/span><\/span><\/li>\n<li><span style=\"font-family:arial,helvetica,sans-serif\"><span style=\"font-size:12px\">Asukoht: Audentese Spordikeskus, Tondi 84.<\/span><\/span><\/li>\n<li><span style=\"font-family:arial,helvetica,sans-serif\"><span style=\"font-size:12px\">Telefon EST\/RUS\/ENG +372 523 1960<\/span><\/span><\/li>\n<li><span style=\"font-family:arial,helvetica,sans-serif\"><span style=\"font-size:12px\">Telefon EST\/ENG +372 56 458 688<\/span><\/span><\/li>\n<li><span style=\"font-family:arial,helvetica,sans-serif\"><span style=\"font-size:12px\"><a href=\"mailto:info@mybody.ee\">info@mybody.ee<\/a><\/span><\/span><\/li>\n<li><a href=\"http:\/\/www.facebook.com\/mybody.ee\">www.facebook.com\/mybody.ee<\/a><span style=\"font-family:arial,helvetica,sans-serif\"><span style=\"font-size:12px\"><a href=\"http:\/\/www.facebook.com\/mybody.ee\"><\/a><\/span><\/span><\/li>\n<\/ul>\n<p><img decoding=\"async\" src=\"https:\/\/mybody5.ee.mybody.ee\/proov\/wp-content\/uploads\/2019\/12\/lipodex-banner.jpg\" style=\"width: 1255px;\"><\/p>\n<ul> <\/ul>\n","protected":false},"excerpt":{"rendered":"<p>BF: 08.2023 All Stars Lipodex&nbsp;on toidulisand kaalu reguleerimiseks.&nbsp; Lipodex on enim m\u00fc\u00fcdud rasvap\u00f5letaja Saksamaal, mis sisaldab ainulaadset LICAPS\u00ae tehnoloogiat. LICAPS\u00ae tehnoloogia t\u00e4hendab, et kapslid sisaldavad vedelal kujul toimeaineid, mille omastatavus&nbsp;on parem. Lipodex toimeained p\u00e4rinevad tippkvaliteediga taimede ekstraktidest, mida iseloomustavad k\u00f5rgeim toimeainete ja vitamiinide sisaldus, mis on h\u00e4davajalikud rasvade metabolismiks. Lipodex sisaldab k\u00f5iki enamkasutatud, uuritud ja [&hellip;]<\/p>\n","protected":false},"featured_media":533,"comment_status":"open","ping_status":"closed","template":"","meta":{"inline_featured_image":false},"product_cat":[28,29],"product_tag":[],"class_list":{"0":"post-535","1":"product","2":"type-product","3":"status-publish","4":"has-post-thumbnail","6":"product_cat-rasvapoletajad","7":"product_cat-sooduspakkumised","8":"pa_kogustablettikapslit-120tk","9":"pa_kunakasutada-uldiselttugevdav","10":"pa_vorm-tabletkapsel","12":"first","13":"instock","14":"shipping-taxable","15":"purchasable","16":"product-type-simple"},"yoast_head":"<!-- This site is optimized with the Yoast SEO plugin v27.3 - https:\/\/yoast.com\/product\/yoast-seo-wordpress\/ -->\n<title>Saksamaal enim m\u00fc\u00fcdud rasvap\u00f5letaja - All Stars LipodeX - MyBody.ee - Toidulisandid ja sporditarvikud<\/title>\n<meta name=\"description\" content=\"All Stars Lipodex\u00a0on toidulisand kaalu reguleerimiseks.\u00a0 Lipodex on\" \/>\n<meta name=\"robots\" content=\"index, follow, max-snippet:-1, max-image-preview:large, max-video-preview:-1\" \/>\n<link rel=\"canonical\" href=\"https:\/\/mybody5.ee.mybody.ee\/proov\/product\/saksamaal-enim-muudud-rasvapoletaja-all-stars-lipodex\/\" \/>\n<meta property=\"og:locale\" content=\"et_EE\" \/>\n<meta property=\"og:type\" content=\"article\" \/>\n<meta property=\"og:title\" content=\"Saksamaal enim m\u00fc\u00fcdud rasvap\u00f5letaja - All Stars LipodeX - MyBody.ee - Toidulisandid ja sporditarvikud\" \/>\n<meta property=\"og:description\" content=\"All Stars Lipodex\u00a0on toidulisand kaalu reguleerimiseks.\u00a0 Lipodex on\" \/>\n<meta property=\"og:url\" content=\"https:\/\/mybody5.ee.mybody.ee\/proov\/product\/saksamaal-enim-muudud-rasvapoletaja-all-stars-lipodex\/\" \/>\n<meta property=\"og:site_name\" content=\"supplero\" \/>\n<meta property=\"article:publisher\" content=\"https:\/\/facebook.com\/MyBody.ee\/\" \/>\n<meta property=\"og:image\" content=\"https:\/\/mybody5.ee.mybody.ee\/proov\/wp-content\/uploads\/2019\/12\/LIPODEX_Umkarton_600x600.jpg\" \/>\n\t<meta property=\"og:image:width\" content=\"700\" \/>\n\t<meta property=\"og:image:height\" content=\"700\" \/>\n\t<meta property=\"og:image:type\" content=\"image\/jpeg\" \/>\n<meta name=\"twitter:card\" content=\"summary_large_image\" \/>\n<meta name=\"twitter:label1\" content=\"Est. reading time\" \/>\n\t<meta name=\"twitter:data1\" content=\"3 minutit\" \/>\n<script type=\"application\/ld+json\" class=\"yoast-schema-graph\">{\"@context\":\"https:\\\/\\\/schema.org\",\"@graph\":[{\"@type\":\"WebPage\",\"@id\":\"https:\\\/\\\/mybody5.ee.mybody.ee\\\/proov\\\/product\\\/saksamaal-enim-muudud-rasvapoletaja-all-stars-lipodex\\\/\",\"url\":\"https:\\\/\\\/mybody5.ee.mybody.ee\\\/proov\\\/product\\\/saksamaal-enim-muudud-rasvapoletaja-all-stars-lipodex\\\/\",\"name\":\"Saksamaal enim m\u00fc\u00fcdud rasvap\u00f5letaja - All Stars LipodeX - MyBody.ee - Toidulisandid ja sporditarvikud\",\"isPartOf\":{\"@id\":\"https:\\\/\\\/mybody5.ee.mybody.ee\\\/proov\\\/#website\"},\"primaryImageOfPage\":{\"@id\":\"https:\\\/\\\/mybody5.ee.mybody.ee\\\/proov\\\/product\\\/saksamaal-enim-muudud-rasvapoletaja-all-stars-lipodex\\\/#primaryimage\"},\"image\":{\"@id\":\"https:\\\/\\\/mybody5.ee.mybody.ee\\\/proov\\\/product\\\/saksamaal-enim-muudud-rasvapoletaja-all-stars-lipodex\\\/#primaryimage\"},\"thumbnailUrl\":\"https:\\\/\\\/mybody5.ee.mybody.ee\\\/proov\\\/wp-content\\\/uploads\\\/2019\\\/12\\\/LIPODEX_Umkarton_600x600.jpg\",\"datePublished\":\"2019-12-09T22:25:42+00:00\",\"description\":\"All Stars Lipodex\u00a0on toidulisand kaalu reguleerimiseks.\u00a0 Lipodex on\",\"breadcrumb\":{\"@id\":\"https:\\\/\\\/mybody5.ee.mybody.ee\\\/proov\\\/product\\\/saksamaal-enim-muudud-rasvapoletaja-all-stars-lipodex\\\/#breadcrumb\"},\"inLanguage\":\"et\",\"potentialAction\":[{\"@type\":\"ReadAction\",\"target\":[\"https:\\\/\\\/mybody5.ee.mybody.ee\\\/proov\\\/product\\\/saksamaal-enim-muudud-rasvapoletaja-all-stars-lipodex\\\/\"]}]},{\"@type\":\"ImageObject\",\"inLanguage\":\"et\",\"@id\":\"https:\\\/\\\/mybody5.ee.mybody.ee\\\/proov\\\/product\\\/saksamaal-enim-muudud-rasvapoletaja-all-stars-lipodex\\\/#primaryimage\",\"url\":\"https:\\\/\\\/mybody5.ee.mybody.ee\\\/proov\\\/wp-content\\\/uploads\\\/2019\\\/12\\\/LIPODEX_Umkarton_600x600.jpg\",\"contentUrl\":\"https:\\\/\\\/mybody5.ee.mybody.ee\\\/proov\\\/wp-content\\\/uploads\\\/2019\\\/12\\\/LIPODEX_Umkarton_600x600.jpg\",\"width\":700,\"height\":700,\"caption\":\"Saksamaal enim m\u00fc\u00fcdud rasvap\u00f5letaja - All Stars LipodeX\"},{\"@type\":\"BreadcrumbList\",\"@id\":\"https:\\\/\\\/mybody5.ee.mybody.ee\\\/proov\\\/product\\\/saksamaal-enim-muudud-rasvapoletaja-all-stars-lipodex\\\/#breadcrumb\",\"itemListElement\":[{\"@type\":\"ListItem\",\"position\":1,\"name\":\"Home\",\"item\":\"https:\\\/\\\/mybody5.ee.mybody.ee\\\/proov\\\/\"},{\"@type\":\"ListItem\",\"position\":2,\"name\":\"Shop\",\"item\":\"https:\\\/\\\/mybody5.ee.mybody.ee\\\/proov\\\/shop\\\/\"},{\"@type\":\"ListItem\",\"position\":3,\"name\":\"Saksamaal enim m\u00fc\u00fcdud rasvap\u00f5letaja &#8211; All Stars LipodeX\"}]},{\"@type\":\"WebSite\",\"@id\":\"https:\\\/\\\/mybody5.ee.mybody.ee\\\/proov\\\/#website\",\"url\":\"https:\\\/\\\/mybody5.ee.mybody.ee\\\/proov\\\/\",\"name\":\"MyBody.ee - Toidulisandid ja sporditarvikud\",\"description\":\"Just another WordPress site\",\"publisher\":{\"@id\":\"https:\\\/\\\/mybody5.ee.mybody.ee\\\/proov\\\/#organization\"},\"potentialAction\":[{\"@type\":\"SearchAction\",\"target\":{\"@type\":\"EntryPoint\",\"urlTemplate\":\"https:\\\/\\\/mybody5.ee.mybody.ee\\\/proov\\\/?s={search_term_string}\"},\"query-input\":{\"@type\":\"PropertyValueSpecification\",\"valueRequired\":true,\"valueName\":\"search_term_string\"}}],\"inLanguage\":\"et\"},{\"@type\":\"Organization\",\"@id\":\"https:\\\/\\\/mybody5.ee.mybody.ee\\\/proov\\\/#organization\",\"name\":\"MyBody.ee\",\"url\":\"https:\\\/\\\/mybody5.ee.mybody.ee\\\/proov\\\/\",\"logo\":{\"@type\":\"ImageObject\",\"inLanguage\":\"et\",\"@id\":\"https:\\\/\\\/mybody5.ee.mybody.ee\\\/proov\\\/#\\\/schema\\\/logo\\\/image\\\/\",\"url\":\"https:\\\/\\\/mybody5.ee.mybody.ee\\\/proov\\\/wp-content\\\/uploads\\\/2023\\\/11\\\/mybody_logo_h65-2.png\",\"contentUrl\":\"https:\\\/\\\/mybody5.ee.mybody.ee\\\/proov\\\/wp-content\\\/uploads\\\/2023\\\/11\\\/mybody_logo_h65-2.png\",\"width\":229,\"height\":65,\"caption\":\"MyBody.ee\"},\"image\":{\"@id\":\"https:\\\/\\\/mybody5.ee.mybody.ee\\\/proov\\\/#\\\/schema\\\/logo\\\/image\\\/\"},\"sameAs\":[\"https:\\\/\\\/facebook.com\\\/MyBody.ee\\\/\"]}]}<\/script>\n<!-- \/ Yoast SEO plugin. -->","yoast_head_json":{"title":"Saksamaal enim m\u00fc\u00fcdud rasvap\u00f5letaja - All Stars LipodeX - MyBody.ee - Toidulisandid ja sporditarvikud","description":"All Stars Lipodex\u00a0on toidulisand kaalu reguleerimiseks.\u00a0 Lipodex on","robots":{"index":"index","follow":"follow","max-snippet":"max-snippet:-1","max-image-preview":"max-image-preview:large","max-video-preview":"max-video-preview:-1"},"canonical":"https:\/\/mybody5.ee.mybody.ee\/proov\/product\/saksamaal-enim-muudud-rasvapoletaja-all-stars-lipodex\/","og_locale":"et_EE","og_type":"article","og_title":"Saksamaal enim m\u00fc\u00fcdud rasvap\u00f5letaja - All Stars LipodeX - MyBody.ee - Toidulisandid ja sporditarvikud","og_description":"All Stars Lipodex\u00a0on toidulisand kaalu reguleerimiseks.\u00a0 Lipodex on","og_url":"https:\/\/mybody5.ee.mybody.ee\/proov\/product\/saksamaal-enim-muudud-rasvapoletaja-all-stars-lipodex\/","og_site_name":"supplero","article_publisher":"https:\/\/facebook.com\/MyBody.ee\/","og_image":[{"width":700,"height":700,"url":"https:\/\/mybody5.ee.mybody.ee\/proov\/wp-content\/uploads\/2019\/12\/LIPODEX_Umkarton_600x600.jpg","type":"image\/jpeg"}],"twitter_card":"summary_large_image","twitter_misc":{"Est. reading time":"3 minutit"},"schema":{"@context":"https:\/\/schema.org","@graph":[{"@type":"WebPage","@id":"https:\/\/mybody5.ee.mybody.ee\/proov\/product\/saksamaal-enim-muudud-rasvapoletaja-all-stars-lipodex\/","url":"https:\/\/mybody5.ee.mybody.ee\/proov\/product\/saksamaal-enim-muudud-rasvapoletaja-all-stars-lipodex\/","name":"Saksamaal enim m\u00fc\u00fcdud rasvap\u00f5letaja - All Stars LipodeX - MyBody.ee - Toidulisandid ja sporditarvikud","isPartOf":{"@id":"https:\/\/mybody5.ee.mybody.ee\/proov\/#website"},"primaryImageOfPage":{"@id":"https:\/\/mybody5.ee.mybody.ee\/proov\/product\/saksamaal-enim-muudud-rasvapoletaja-all-stars-lipodex\/#primaryimage"},"image":{"@id":"https:\/\/mybody5.ee.mybody.ee\/proov\/product\/saksamaal-enim-muudud-rasvapoletaja-all-stars-lipodex\/#primaryimage"},"thumbnailUrl":"https:\/\/mybody5.ee.mybody.ee\/proov\/wp-content\/uploads\/2019\/12\/LIPODEX_Umkarton_600x600.jpg","datePublished":"2019-12-09T22:25:42+00:00","description":"All Stars Lipodex\u00a0on toidulisand kaalu reguleerimiseks.\u00a0 Lipodex on","breadcrumb":{"@id":"https:\/\/mybody5.ee.mybody.ee\/proov\/product\/saksamaal-enim-muudud-rasvapoletaja-all-stars-lipodex\/#breadcrumb"},"inLanguage":"et","potentialAction":[{"@type":"ReadAction","target":["https:\/\/mybody5.ee.mybody.ee\/proov\/product\/saksamaal-enim-muudud-rasvapoletaja-all-stars-lipodex\/"]}]},{"@type":"ImageObject","inLanguage":"et","@id":"https:\/\/mybody5.ee.mybody.ee\/proov\/product\/saksamaal-enim-muudud-rasvapoletaja-all-stars-lipodex\/#primaryimage","url":"https:\/\/mybody5.ee.mybody.ee\/proov\/wp-content\/uploads\/2019\/12\/LIPODEX_Umkarton_600x600.jpg","contentUrl":"https:\/\/mybody5.ee.mybody.ee\/proov\/wp-content\/uploads\/2019\/12\/LIPODEX_Umkarton_600x600.jpg","width":700,"height":700,"caption":"Saksamaal enim m\u00fc\u00fcdud rasvap\u00f5letaja - All Stars LipodeX"},{"@type":"BreadcrumbList","@id":"https:\/\/mybody5.ee.mybody.ee\/proov\/product\/saksamaal-enim-muudud-rasvapoletaja-all-stars-lipodex\/#breadcrumb","itemListElement":[{"@type":"ListItem","position":1,"name":"Home","item":"https:\/\/mybody5.ee.mybody.ee\/proov\/"},{"@type":"ListItem","position":2,"name":"Shop","item":"https:\/\/mybody5.ee.mybody.ee\/proov\/shop\/"},{"@type":"ListItem","position":3,"name":"Saksamaal enim m\u00fc\u00fcdud rasvap\u00f5letaja &#8211; All Stars LipodeX"}]},{"@type":"WebSite","@id":"https:\/\/mybody5.ee.mybody.ee\/proov\/#website","url":"https:\/\/mybody5.ee.mybody.ee\/proov\/","name":"MyBody.ee - Toidulisandid ja sporditarvikud","description":"Just another WordPress site","publisher":{"@id":"https:\/\/mybody5.ee.mybody.ee\/proov\/#organization"},"potentialAction":[{"@type":"SearchAction","target":{"@type":"EntryPoint","urlTemplate":"https:\/\/mybody5.ee.mybody.ee\/proov\/?s={search_term_string}"},"query-input":{"@type":"PropertyValueSpecification","valueRequired":true,"valueName":"search_term_string"}}],"inLanguage":"et"},{"@type":"Organization","@id":"https:\/\/mybody5.ee.mybody.ee\/proov\/#organization","name":"MyBody.ee","url":"https:\/\/mybody5.ee.mybody.ee\/proov\/","logo":{"@type":"ImageObject","inLanguage":"et","@id":"https:\/\/mybody5.ee.mybody.ee\/proov\/#\/schema\/logo\/image\/","url":"https:\/\/mybody5.ee.mybody.ee\/proov\/wp-content\/uploads\/2023\/11\/mybody_logo_h65-2.png","contentUrl":"https:\/\/mybody5.ee.mybody.ee\/proov\/wp-content\/uploads\/2023\/11\/mybody_logo_h65-2.png","width":229,"height":65,"caption":"MyBody.ee"},"image":{"@id":"https:\/\/mybody5.ee.mybody.ee\/proov\/#\/schema\/logo\/image\/"},"sameAs":["https:\/\/facebook.com\/MyBody.ee\/"]}]}},"_links":{"self":[{"href":"https:\/\/mybody5.ee.mybody.ee\/proov\/wp-json\/wp\/v2\/product\/535","targetHints":{"allow":["GET"]}}],"collection":[{"href":"https:\/\/mybody5.ee.mybody.ee\/proov\/wp-json\/wp\/v2\/product"}],"about":[{"href":"https:\/\/mybody5.ee.mybody.ee\/proov\/wp-json\/wp\/v2\/types\/product"}],"replies":[{"embeddable":true,"href":"https:\/\/mybody5.ee.mybody.ee\/proov\/wp-json\/wp\/v2\/comments?post=535"}],"wp:featuredmedia":[{"embeddable":true,"href":"https:\/\/mybody5.ee.mybody.ee\/proov\/wp-json\/wp\/v2\/media\/533"}],"wp:attachment":[{"href":"https:\/\/mybody5.ee.mybody.ee\/proov\/wp-json\/wp\/v2\/media?parent=535"}],"wp:term":[{"taxonomy":"product_cat","embeddable":true,"href":"https:\/\/mybody5.ee.mybody.ee\/proov\/wp-json\/wp\/v2\/product_cat?post=535"},{"taxonomy":"product_tag","embeddable":true,"href":"https:\/\/mybody5.ee.mybody.ee\/proov\/wp-json\/wp\/v2\/product_tag?post=535"}],"curies":[{"name":"wp","href":"https:\/\/api.w.org\/{rel}","templated":true}]}}