{"id":537,"date":"2019-12-09T22:25:42","date_gmt":"2019-12-09T22:25:42","guid":{"rendered":"https:\/\/mybody5.ee.mybody.ee\/proov\/product\/imemaitsev-proteiinikupsis-all-stars-protein-cookie-12tk\/"},"modified":"2019-12-09T22:25:42","modified_gmt":"2019-12-09T22:25:42","slug":"imemaitsev-proteiinikupsis-all-stars-protein-cookie-12tk","status":"publish","type":"product","link":"https:\/\/mybody5.ee.mybody.ee\/proov\/product\/imemaitsev-proteiinikupsis-all-stars-protein-cookie-12tk\/","title":{"rendered":"Imemaitsev proteiinik\u00fcpsis- All Stars Protein Cookie (12tk)"},"content":{"rendered":"<p>K&uuml;psised, k&uuml;psised, k&uuml;psised&#8230; <strong>All Stars&nbsp;Protein Cookie&rsquo;d (proteiinik&uuml;psised)<\/strong> on m&otilde;nusalt kr&otilde;mpsud &#8211; k&otilde;ike seda, mida &uuml;hed maitsvad k&uuml;psised olema peaks. Lisaks muidugi &uuml;sna ohtralt &scaron;okolaadit&uuml;kke.<\/p>\n<p>All Stars&nbsp;Protein Cookie on v&auml;ga maitsev ja &auml;&auml;rmiselt toitev patuvaba k&uuml;psis, see sobib tarbimiseks, kui on tarvis kiiresti lisaj&otilde;udu v&otilde;i kui tekib lihtsalt isu millegi maitsva j&auml;rele! Klaas piima k&otilde;rvale ja elu on kohe natuke parem.<\/p>\n<p>K&uuml;psised sobivad maiustamiseks nii suurtele kui v&auml;iksematele.<\/p>\n<ul>\n<li>21g valku &uuml;hes k&uuml;psises<\/li>\n<li>75g toitev k&uuml;psis<\/li>\n<li>Kr&otilde;be ja &scaron;okolaadine<\/li>\n<li>Parem kui kompvek<\/li>\n<li>K&uuml;psetatud k&uuml;psis<\/li>\n<\/ul>\n<h3>Protein Cookie Sobib h&auml;sti<\/h3>\n<ul>\n<li>Noortele ja t&auml;iskasvanutele<\/li>\n<li>F&uuml;&uuml;siliselt aktiivsetele inimestele<\/li>\n<li>N&auml;lja peletamiseks toidukordade vahel<\/li>\n<\/ul>\n<h3>Sobib kaasa v&otilde;tta<\/h3>\n<ul>\n<li>Spordiv&otilde;istlustele<\/li>\n<li>Matkale<\/li>\n<li>T&ouml;&ouml;le<\/li>\n<\/ul>\n<p>&nbsp;<\/p>\n<h3>Kasutamine<\/h3>\n<p>Sobib k&otilde;igile kergeks vahepalaks toidukordade vahepeal v&otilde;i tervislikuks suupisteks.&nbsp;<span style=\"line-height: 20.8px;\">Vastavalt vajadusele 1-2 k&uuml;psist p&auml;evas.<\/span><\/p>\n<h3>Kellele sobib?<\/h3>\n<p><strong>All Stars&nbsp;Protein Cookie<\/strong> on m&otilde;eldud kasutamiseks k&otilde;igile, kes peavad lugu tervislikust toitumisest ning soovivad kiiret ja maitsvat vahepala.&nbsp;<\/p>\n<h3>Maitsed:&nbsp;<span style=\"font-size:14px;\"><span style=\"font-family:arial,helvetica,sans-serif;\">&scaron;okolaadit&uuml;kkidega k&uuml;psis<\/span><\/span><\/h3>\n<h3>Pakend: <span style=\"font-size:14px;\"><span style=\"font-family:arial,helvetica,sans-serif;\">12 k&uuml;psist x 75g<\/span><\/span><\/h3>\n<table border=\"1\" cellpadding=\"1\" cellspacing=\"1\" height=\"422\" style=\"height:100px;line-height:1.6em;width:600px;\" width=\"501\">\n<tbody>\n<tr>\n<td><strong>All Stars&nbsp;Protein Cookie<\/strong><strong style=\"line-height: 20.8px;\">&nbsp;<\/strong><strong>toitev&auml;&auml;rtus <\/strong><\/td>\n<td><strong>75g<\/strong><\/td>\n<td><strong>100g<\/strong><\/td>\n<\/tr>\n<tr>\n<td>Energiat<\/td>\n<td>341kcal\/1431kJ<\/td>\n<td>454kcal\/1908kJ<\/td>\n<\/tr>\n<tr>\n<td>Valke<\/td>\n<td>21 g<\/td>\n<td>28 g<\/td>\n<\/tr>\n<tr>\n<td>S&uuml;sivesikuid<br \/> \t\t\tmilles suhkrud<\/td>\n<td>32,7 g<br \/> \t\t\t14,6 g<\/td>\n<td>43,7 g<br \/> \t\t\t19,5 g<\/td>\n<\/tr>\n<tr>\n<td>Rasvu<br \/> \t\t\tmillest k&uuml;llastunud rasvu<\/td>\n<td>14 g<br \/> \t\t\t11 g<\/td>\n<td>18,7 g<br \/> \t\t\t14,6 g<\/td>\n<\/tr>\n<tr>\n<td>Soola<\/td>\n<td>0,4 g<\/td>\n<td>0,54 g<\/td>\n<\/tr>\n<tr>\n<td>Laktoos<\/td>\n<td>0,2g<\/td>\n<td>0,3g<\/td>\n<\/tr>\n<tr>\n<td>BCAAd<\/td>\n<td>3,1g<\/td>\n<td>4,1g<\/td>\n<\/tr>\n<tr>\n<td colspan=\"3\">\n<p><span style=\"font-size:10px;\">Koostis: <strong>nisujahu<\/strong>, toor-roosuhkur, kookoserasv (rafineeritud), <strong>nisuvalk<\/strong>, &scaron;okolaadit&uuml;kid 8% (suhkur, kakaomass, kakaov&otilde;i, dekstroos, emulgaator <strong>sojaletsitiin<\/strong>, maitseained, <strong>vadakuvalgu konsentraat<\/strong>, <strong>piimavalk<\/strong>, h&uuml;drol&uuml;&uuml;situd kollageenvalk, humektant gl&uuml;tserool, emulgaator <strong>sojaletsitiin<\/strong>, maitseained, rasvatu kakaopulber 1%, kergitusaine kaalium tartraat, naatriumvesinikkarbonaat, sool, kaneel. V&otilde;ib sisaldada muna ja p&auml;hklite j&auml;&auml;ke &nbsp;<\/span><\/p>\n<\/td>\n<\/tr>\n<\/tbody>\n<\/table>\n<h3>Konsultatsioon<\/h3>\n<ul>\n<li>Oled oodatud tasuta konsultatsioonile MYBODY Audentese kauplusesse,<\/li>\n<li>Asukoht: Audentese Spordikeskus, Tondi 84.<\/li>\n<li>Telefon EST\/RUS\/ENG +372&nbsp;523 1960<\/li>\n<li>Telefon EST\/ENG +372 56&nbsp;458&nbsp;688<\/li>\n<li><a href=\"mailto:info@mybody.ee\">info@mybody.ee<\/a><\/li>\n<li><a href=\"http:\/\/www.facebook.com\/mybody.ee\">www.facebook.com\/mybody.ee<\/a><\/li>\n<\/ul>\n<div id=\"__if72ru4sdfsdfrkjahiuyi_once\" style=\"display:none;\">&nbsp;<\/div>\n<div id=\"__hggasdgjhsagd_once\" style=\"display:none;\">&nbsp;<\/div>\n","protected":false},"excerpt":{"rendered":"<p>K&uuml;psised, k&uuml;psised, k&uuml;psised&#8230; All Stars&nbsp;Protein Cookie&rsquo;d (proteiinik&uuml;psised) on m&otilde;nusalt kr&otilde;mpsud &#8211; k&otilde;ike seda, mida &uuml;hed maitsvad k&uuml;psised olema peaks. Lisaks muidugi &uuml;sna ohtralt &scaron;okolaadit&uuml;kke. All Stars&nbsp;Protein Cookie on v&auml;ga maitsev ja &auml;&auml;rmiselt toitev patuvaba k&uuml;psis, see sobib tarbimiseks, kui on tarvis kiiresti lisaj&otilde;udu v&otilde;i kui tekib lihtsalt isu millegi maitsva j&auml;rele! Klaas piima k&otilde;rvale ja [&hellip;]<\/p>\n","protected":false},"featured_media":536,"comment_status":"open","ping_status":"closed","template":"","meta":{"inline_featured_image":false},"product_cat":[60,18,61],"product_tag":[],"class_list":{"0":"post-537","1":"product","2":"type-product","3":"status-publish","4":"has-post-thumbnail","6":"product_cat-batoonid","7":"product_cat-batoonid-vahepalad-ee","8":"product_cat-proteiinibatoonid","10":"first","11":"instock","12":"shipping-taxable","13":"purchasable","14":"product-type-simple"},"yoast_head":"<!-- This site is optimized with the Yoast SEO plugin v27.3 - https:\/\/yoast.com\/product\/yoast-seo-wordpress\/ -->\n<title>Imemaitsev proteiinik\u00fcpsis- All Stars Protein Cookie (12tk) - MyBody.ee - Toidulisandid ja sporditarvikud<\/title>\n<meta name=\"description\" content=\"K\u00fcpsised, k\u00fcpsised, k\u00fcpsised... All Stars\u00a0Protein Cookie&amp;rsquo\" \/>\n<meta name=\"robots\" content=\"index, follow, max-snippet:-1, max-image-preview:large, max-video-preview:-1\" \/>\n<link rel=\"canonical\" href=\"https:\/\/mybody5.ee.mybody.ee\/proov\/product\/imemaitsev-proteiinikupsis-all-stars-protein-cookie-12tk\/\" \/>\n<meta property=\"og:locale\" content=\"et_EE\" \/>\n<meta property=\"og:type\" content=\"article\" \/>\n<meta property=\"og:title\" content=\"Imemaitsev proteiinik\u00fcpsis- All Stars Protein Cookie (12tk) - MyBody.ee - Toidulisandid ja sporditarvikud\" \/>\n<meta property=\"og:description\" content=\"K\u00fcpsised, k\u00fcpsised, k\u00fcpsised... All Stars\u00a0Protein Cookie&amp;rsquo\" \/>\n<meta property=\"og:url\" content=\"https:\/\/mybody5.ee.mybody.ee\/proov\/product\/imemaitsev-proteiinikupsis-all-stars-protein-cookie-12tk\/\" \/>\n<meta property=\"og:site_name\" content=\"supplero\" \/>\n<meta property=\"article:publisher\" content=\"https:\/\/facebook.com\/MyBody.ee\/\" \/>\n<meta property=\"og:image\" content=\"https:\/\/mybody5.ee.mybody.ee\/proov\/wp-content\/uploads\/2019\/12\/kupsis-karbis.PNG\" \/>\n\t<meta property=\"og:image:width\" content=\"414\" \/>\n\t<meta property=\"og:image:height\" content=\"520\" \/>\n\t<meta property=\"og:image:type\" content=\"image\/png\" \/>\n<meta name=\"twitter:card\" content=\"summary_large_image\" \/>\n<meta name=\"twitter:label1\" content=\"Est. reading time\" \/>\n\t<meta name=\"twitter:data1\" content=\"2 minutit\" \/>\n<script type=\"application\/ld+json\" class=\"yoast-schema-graph\">{\"@context\":\"https:\\\/\\\/schema.org\",\"@graph\":[{\"@type\":\"WebPage\",\"@id\":\"https:\\\/\\\/mybody5.ee.mybody.ee\\\/proov\\\/product\\\/imemaitsev-proteiinikupsis-all-stars-protein-cookie-12tk\\\/\",\"url\":\"https:\\\/\\\/mybody5.ee.mybody.ee\\\/proov\\\/product\\\/imemaitsev-proteiinikupsis-all-stars-protein-cookie-12tk\\\/\",\"name\":\"Imemaitsev proteiinik\u00fcpsis- All Stars Protein Cookie (12tk) - MyBody.ee - Toidulisandid ja sporditarvikud\",\"isPartOf\":{\"@id\":\"https:\\\/\\\/mybody5.ee.mybody.ee\\\/proov\\\/#website\"},\"primaryImageOfPage\":{\"@id\":\"https:\\\/\\\/mybody5.ee.mybody.ee\\\/proov\\\/product\\\/imemaitsev-proteiinikupsis-all-stars-protein-cookie-12tk\\\/#primaryimage\"},\"image\":{\"@id\":\"https:\\\/\\\/mybody5.ee.mybody.ee\\\/proov\\\/product\\\/imemaitsev-proteiinikupsis-all-stars-protein-cookie-12tk\\\/#primaryimage\"},\"thumbnailUrl\":\"https:\\\/\\\/mybody5.ee.mybody.ee\\\/proov\\\/wp-content\\\/uploads\\\/2019\\\/12\\\/kupsis-karbis.PNG\",\"datePublished\":\"2019-12-09T22:25:42+00:00\",\"description\":\"K\u00fcpsised, k\u00fcpsised, k\u00fcpsised... All Stars\u00a0Protein Cookie&amp;rsquo\",\"breadcrumb\":{\"@id\":\"https:\\\/\\\/mybody5.ee.mybody.ee\\\/proov\\\/product\\\/imemaitsev-proteiinikupsis-all-stars-protein-cookie-12tk\\\/#breadcrumb\"},\"inLanguage\":\"et\",\"potentialAction\":[{\"@type\":\"ReadAction\",\"target\":[\"https:\\\/\\\/mybody5.ee.mybody.ee\\\/proov\\\/product\\\/imemaitsev-proteiinikupsis-all-stars-protein-cookie-12tk\\\/\"]}]},{\"@type\":\"ImageObject\",\"inLanguage\":\"et\",\"@id\":\"https:\\\/\\\/mybody5.ee.mybody.ee\\\/proov\\\/product\\\/imemaitsev-proteiinikupsis-all-stars-protein-cookie-12tk\\\/#primaryimage\",\"url\":\"https:\\\/\\\/mybody5.ee.mybody.ee\\\/proov\\\/wp-content\\\/uploads\\\/2019\\\/12\\\/kupsis-karbis.PNG\",\"contentUrl\":\"https:\\\/\\\/mybody5.ee.mybody.ee\\\/proov\\\/wp-content\\\/uploads\\\/2019\\\/12\\\/kupsis-karbis.PNG\",\"width\":414,\"height\":520,\"caption\":\"Imemaitsev proteiinik\u00fcpsis- All Stars Protein Cookie (12tk)\"},{\"@type\":\"BreadcrumbList\",\"@id\":\"https:\\\/\\\/mybody5.ee.mybody.ee\\\/proov\\\/product\\\/imemaitsev-proteiinikupsis-all-stars-protein-cookie-12tk\\\/#breadcrumb\",\"itemListElement\":[{\"@type\":\"ListItem\",\"position\":1,\"name\":\"Home\",\"item\":\"https:\\\/\\\/mybody5.ee.mybody.ee\\\/proov\\\/\"},{\"@type\":\"ListItem\",\"position\":2,\"name\":\"Shop\",\"item\":\"https:\\\/\\\/mybody5.ee.mybody.ee\\\/proov\\\/shop\\\/\"},{\"@type\":\"ListItem\",\"position\":3,\"name\":\"Imemaitsev proteiinik\u00fcpsis- All Stars Protein Cookie (12tk)\"}]},{\"@type\":\"WebSite\",\"@id\":\"https:\\\/\\\/mybody5.ee.mybody.ee\\\/proov\\\/#website\",\"url\":\"https:\\\/\\\/mybody5.ee.mybody.ee\\\/proov\\\/\",\"name\":\"MyBody.ee - Toidulisandid ja sporditarvikud\",\"description\":\"Just another WordPress site\",\"publisher\":{\"@id\":\"https:\\\/\\\/mybody5.ee.mybody.ee\\\/proov\\\/#organization\"},\"potentialAction\":[{\"@type\":\"SearchAction\",\"target\":{\"@type\":\"EntryPoint\",\"urlTemplate\":\"https:\\\/\\\/mybody5.ee.mybody.ee\\\/proov\\\/?s={search_term_string}\"},\"query-input\":{\"@type\":\"PropertyValueSpecification\",\"valueRequired\":true,\"valueName\":\"search_term_string\"}}],\"inLanguage\":\"et\"},{\"@type\":\"Organization\",\"@id\":\"https:\\\/\\\/mybody5.ee.mybody.ee\\\/proov\\\/#organization\",\"name\":\"MyBody.ee\",\"url\":\"https:\\\/\\\/mybody5.ee.mybody.ee\\\/proov\\\/\",\"logo\":{\"@type\":\"ImageObject\",\"inLanguage\":\"et\",\"@id\":\"https:\\\/\\\/mybody5.ee.mybody.ee\\\/proov\\\/#\\\/schema\\\/logo\\\/image\\\/\",\"url\":\"https:\\\/\\\/mybody5.ee.mybody.ee\\\/proov\\\/wp-content\\\/uploads\\\/2023\\\/11\\\/mybody_logo_h65-2.png\",\"contentUrl\":\"https:\\\/\\\/mybody5.ee.mybody.ee\\\/proov\\\/wp-content\\\/uploads\\\/2023\\\/11\\\/mybody_logo_h65-2.png\",\"width\":229,\"height\":65,\"caption\":\"MyBody.ee\"},\"image\":{\"@id\":\"https:\\\/\\\/mybody5.ee.mybody.ee\\\/proov\\\/#\\\/schema\\\/logo\\\/image\\\/\"},\"sameAs\":[\"https:\\\/\\\/facebook.com\\\/MyBody.ee\\\/\"]}]}<\/script>\n<!-- \/ Yoast SEO plugin. -->","yoast_head_json":{"title":"Imemaitsev proteiinik\u00fcpsis- All Stars Protein Cookie (12tk) - MyBody.ee - Toidulisandid ja sporditarvikud","description":"K\u00fcpsised, k\u00fcpsised, k\u00fcpsised... All Stars\u00a0Protein Cookie&amp;rsquo","robots":{"index":"index","follow":"follow","max-snippet":"max-snippet:-1","max-image-preview":"max-image-preview:large","max-video-preview":"max-video-preview:-1"},"canonical":"https:\/\/mybody5.ee.mybody.ee\/proov\/product\/imemaitsev-proteiinikupsis-all-stars-protein-cookie-12tk\/","og_locale":"et_EE","og_type":"article","og_title":"Imemaitsev proteiinik\u00fcpsis- All Stars Protein Cookie (12tk) - MyBody.ee - Toidulisandid ja sporditarvikud","og_description":"K\u00fcpsised, k\u00fcpsised, k\u00fcpsised... All Stars\u00a0Protein Cookie&amp;rsquo","og_url":"https:\/\/mybody5.ee.mybody.ee\/proov\/product\/imemaitsev-proteiinikupsis-all-stars-protein-cookie-12tk\/","og_site_name":"supplero","article_publisher":"https:\/\/facebook.com\/MyBody.ee\/","og_image":[{"width":414,"height":520,"url":"https:\/\/mybody5.ee.mybody.ee\/proov\/wp-content\/uploads\/2019\/12\/kupsis-karbis.PNG","type":"image\/png"}],"twitter_card":"summary_large_image","twitter_misc":{"Est. reading time":"2 minutit"},"schema":{"@context":"https:\/\/schema.org","@graph":[{"@type":"WebPage","@id":"https:\/\/mybody5.ee.mybody.ee\/proov\/product\/imemaitsev-proteiinikupsis-all-stars-protein-cookie-12tk\/","url":"https:\/\/mybody5.ee.mybody.ee\/proov\/product\/imemaitsev-proteiinikupsis-all-stars-protein-cookie-12tk\/","name":"Imemaitsev proteiinik\u00fcpsis- All Stars Protein Cookie (12tk) - MyBody.ee - Toidulisandid ja sporditarvikud","isPartOf":{"@id":"https:\/\/mybody5.ee.mybody.ee\/proov\/#website"},"primaryImageOfPage":{"@id":"https:\/\/mybody5.ee.mybody.ee\/proov\/product\/imemaitsev-proteiinikupsis-all-stars-protein-cookie-12tk\/#primaryimage"},"image":{"@id":"https:\/\/mybody5.ee.mybody.ee\/proov\/product\/imemaitsev-proteiinikupsis-all-stars-protein-cookie-12tk\/#primaryimage"},"thumbnailUrl":"https:\/\/mybody5.ee.mybody.ee\/proov\/wp-content\/uploads\/2019\/12\/kupsis-karbis.PNG","datePublished":"2019-12-09T22:25:42+00:00","description":"K\u00fcpsised, k\u00fcpsised, k\u00fcpsised... All Stars\u00a0Protein Cookie&amp;rsquo","breadcrumb":{"@id":"https:\/\/mybody5.ee.mybody.ee\/proov\/product\/imemaitsev-proteiinikupsis-all-stars-protein-cookie-12tk\/#breadcrumb"},"inLanguage":"et","potentialAction":[{"@type":"ReadAction","target":["https:\/\/mybody5.ee.mybody.ee\/proov\/product\/imemaitsev-proteiinikupsis-all-stars-protein-cookie-12tk\/"]}]},{"@type":"ImageObject","inLanguage":"et","@id":"https:\/\/mybody5.ee.mybody.ee\/proov\/product\/imemaitsev-proteiinikupsis-all-stars-protein-cookie-12tk\/#primaryimage","url":"https:\/\/mybody5.ee.mybody.ee\/proov\/wp-content\/uploads\/2019\/12\/kupsis-karbis.PNG","contentUrl":"https:\/\/mybody5.ee.mybody.ee\/proov\/wp-content\/uploads\/2019\/12\/kupsis-karbis.PNG","width":414,"height":520,"caption":"Imemaitsev proteiinik\u00fcpsis- All Stars Protein Cookie (12tk)"},{"@type":"BreadcrumbList","@id":"https:\/\/mybody5.ee.mybody.ee\/proov\/product\/imemaitsev-proteiinikupsis-all-stars-protein-cookie-12tk\/#breadcrumb","itemListElement":[{"@type":"ListItem","position":1,"name":"Home","item":"https:\/\/mybody5.ee.mybody.ee\/proov\/"},{"@type":"ListItem","position":2,"name":"Shop","item":"https:\/\/mybody5.ee.mybody.ee\/proov\/shop\/"},{"@type":"ListItem","position":3,"name":"Imemaitsev proteiinik\u00fcpsis- All Stars Protein Cookie (12tk)"}]},{"@type":"WebSite","@id":"https:\/\/mybody5.ee.mybody.ee\/proov\/#website","url":"https:\/\/mybody5.ee.mybody.ee\/proov\/","name":"MyBody.ee - Toidulisandid ja sporditarvikud","description":"Just another WordPress site","publisher":{"@id":"https:\/\/mybody5.ee.mybody.ee\/proov\/#organization"},"potentialAction":[{"@type":"SearchAction","target":{"@type":"EntryPoint","urlTemplate":"https:\/\/mybody5.ee.mybody.ee\/proov\/?s={search_term_string}"},"query-input":{"@type":"PropertyValueSpecification","valueRequired":true,"valueName":"search_term_string"}}],"inLanguage":"et"},{"@type":"Organization","@id":"https:\/\/mybody5.ee.mybody.ee\/proov\/#organization","name":"MyBody.ee","url":"https:\/\/mybody5.ee.mybody.ee\/proov\/","logo":{"@type":"ImageObject","inLanguage":"et","@id":"https:\/\/mybody5.ee.mybody.ee\/proov\/#\/schema\/logo\/image\/","url":"https:\/\/mybody5.ee.mybody.ee\/proov\/wp-content\/uploads\/2023\/11\/mybody_logo_h65-2.png","contentUrl":"https:\/\/mybody5.ee.mybody.ee\/proov\/wp-content\/uploads\/2023\/11\/mybody_logo_h65-2.png","width":229,"height":65,"caption":"MyBody.ee"},"image":{"@id":"https:\/\/mybody5.ee.mybody.ee\/proov\/#\/schema\/logo\/image\/"},"sameAs":["https:\/\/facebook.com\/MyBody.ee\/"]}]}},"_links":{"self":[{"href":"https:\/\/mybody5.ee.mybody.ee\/proov\/wp-json\/wp\/v2\/product\/537","targetHints":{"allow":["GET"]}}],"collection":[{"href":"https:\/\/mybody5.ee.mybody.ee\/proov\/wp-json\/wp\/v2\/product"}],"about":[{"href":"https:\/\/mybody5.ee.mybody.ee\/proov\/wp-json\/wp\/v2\/types\/product"}],"replies":[{"embeddable":true,"href":"https:\/\/mybody5.ee.mybody.ee\/proov\/wp-json\/wp\/v2\/comments?post=537"}],"wp:featuredmedia":[{"embeddable":true,"href":"https:\/\/mybody5.ee.mybody.ee\/proov\/wp-json\/wp\/v2\/media\/536"}],"wp:attachment":[{"href":"https:\/\/mybody5.ee.mybody.ee\/proov\/wp-json\/wp\/v2\/media?parent=537"}],"wp:term":[{"taxonomy":"product_cat","embeddable":true,"href":"https:\/\/mybody5.ee.mybody.ee\/proov\/wp-json\/wp\/v2\/product_cat?post=537"},{"taxonomy":"product_tag","embeddable":true,"href":"https:\/\/mybody5.ee.mybody.ee\/proov\/wp-json\/wp\/v2\/product_tag?post=537"}],"curies":[{"name":"wp","href":"https:\/\/api.w.org\/{rel}","templated":true}]}}