{"id":562,"date":"2019-12-09T22:25:43","date_gmt":"2019-12-09T22:25:43","guid":{"rendered":"https:\/\/mybody5.ee.mybody.ee\/proov\/product\/parandab-lihaste-hapniku-ja-toitainetega-varustamist-self-arginine-aakg\/"},"modified":"2019-12-09T22:25:43","modified_gmt":"2019-12-09T22:25:43","slug":"parandab-lihaste-hapniku-ja-toitainetega-varustamist-self-arginine-aakg","status":"publish","type":"product","link":"https:\/\/mybody5.ee.mybody.ee\/proov\/product\/parandab-lihaste-hapniku-ja-toitainetega-varustamist-self-arginine-aakg\/","title":{"rendered":"Parandab lihaste hapniku ja toitainetega varustamist &#8211; SELF Arginine AAKG"},"content":{"rendered":"<p style=\"text-align: justify;\"><strong>SELF AAKG (arginiini alfa-ketoglutaraat)<\/strong>&nbsp;koosneb kahest arginiini molekulist ja \u00fchest alfa-ketoglutaraadist. Arginiin AAKG suurendab l\u00e4mmastikoksiidi tootmist, mis laiendab veresooni ning h\u00f5lbustab vereringet. T\u00e4nu sellele on&nbsp; lihastes treeningu ajal rohkem hapniku ja toitaineid ning kiireneb j\u00e4\u00e4kainete (nagu ammoniaak) eemaldumine, mis aitab kaasa treeningust taastumisel ning soodustab lihaste ja j\u00f5udluse kasvu.<\/p>\n<h3>Toime<\/h3>\n<ul>\n<li>V\u00e4hendab intensiivsete treeningute k\u00e4igus tekkinud j\u00e4\u00e4kainete &nbsp;kuhjumist&nbsp; ja kiirendab taastumist.<\/li>\n<li>Parandab lihaste varustust hapniku ja toitainetega<\/li>\n<li>Aitab kaasa valkude s\u00fcnteesile ja lihaskasvule.<\/li>\n<li>Suurendab immuuns\u00fcsteemi kaitsev\u00f5imet<\/li>\n<\/ul>\n<h3>Kasutamine<\/h3>\n<p>2 korda p\u00e4evas, 2 tabletti umbes tund enne treeningut ja 1 tablett hommikul t\u00fchja k\u00f5huga.<\/p>\n<h3>Kellele sobib?<\/h3>\n<p>On m\u00f5eldud inimestele, kes teevad suurendatud intensiivsusega treeninguid.&nbsp;Arginiin&nbsp;aitab parandada&nbsp;organismi&nbsp;vastupanuv\u00f5imet, v\u00f5imaldades seega hoida p\u00fcsivalt suuremat treeningkoormust&nbsp;&nbsp;ja v\u00e4hendada&nbsp;\u00fcletreeninguga seotud terviseprobleemide ohtu. Ka toetab arginiin seksuaaltervist, laiendades veresooni.<\/p>\n<h3><span style=\"font-size: 13px;\">Pakend: <span style=\"font-size:14px;\"><span style=\"font-family:arial,helvetica,sans-serif;\">100tbl<\/span><\/span><\/span><\/h3>\n<table border=\"1\" cellpadding=\"1\" cellspacing=\"1\" style=\"width:500px;\">\n<tbody>\n<tr>\n<td>\n<p><span style=\"font-size:10px;\">Koostis: arginine, alfa-ketoglutaraat, isomalt E950, stabilisaaator E470B, paakumisvastane aine E551<\/span><\/p>\n<\/td>\n<\/tr>\n<\/tbody>\n<\/table>\n<p>Konsultatsioon<\/p>\n<ul>\n<li>Oled oodatud tasuta konsultatsioonile MYBODY Audentese kauplusesse,<\/li>\n<li>Asukoht: Audentese Spordikeskus, Tondi 84.<\/li>\n<li>Telefon EST\/RUS\/ENG +372&nbsp;523 1960<\/li>\n<li>Telefon EST\/ENG +372 56&nbsp;458&nbsp;688<\/li>\n<li><a href=\"mailto:info@mybody.ee\">info@mybody.ee<\/a><\/li>\n<li><a href=\"http:\/\/www.facebook.com\/mybody.ee\">www.facebook.com\/mybody.ee<\/a><\/li>\n<\/ul>\n","protected":false},"excerpt":{"rendered":"<p>SELF AAKG (arginiini alfa-ketoglutaraat)&nbsp;koosneb kahest arginiini molekulist ja \u00fchest alfa-ketoglutaraadist. Arginiin AAKG suurendab l\u00e4mmastikoksiidi tootmist, mis laiendab veresooni ning h\u00f5lbustab vereringet. T\u00e4nu sellele on&nbsp; lihastes treeningu ajal rohkem hapniku ja toitaineid ning kiireneb j\u00e4\u00e4kainete (nagu ammoniaak) eemaldumine, mis aitab kaasa treeningust taastumisel ning soodustab lihaste ja j\u00f5udluse kasvu. Toime V\u00e4hendab intensiivsete treeningute k\u00e4igus tekkinud j\u00e4\u00e4kainete [&hellip;]<\/p>\n","protected":false},"featured_media":561,"comment_status":"open","ping_status":"closed","template":"","meta":{"inline_featured_image":false},"product_cat":[17,25,49,53],"product_tag":[],"class_list":{"0":"post-562","1":"product","2":"type-product","3":"status-publish","4":"has-post-thumbnail","6":"product_cat-aminohapped","7":"product_cat-naturaalsed-toidulisandid","8":"product_cat-puhtad-aminohapped","9":"product_cat-pump-efekt","10":"pa_kogustablettikapslit-100tbl","11":"pa_kunakasutada-ennetrenni","12":"pa_vorm-tabletid","14":"first","15":"instock","16":"shipping-taxable","17":"purchasable","18":"product-type-simple"},"yoast_head":"<!-- This site is optimized with the Yoast SEO plugin v27.3 - https:\/\/yoast.com\/product\/yoast-seo-wordpress\/ -->\n<title>Parandab lihaste hapniku ja toitainetega varustamist - SELF Arginine AAKG - MyBody.ee - Toidulisandid ja sporditarvikud<\/title>\n<meta name=\"description\" content=\"SELF AAKG (arginiini alfa-ketoglutaraat)\u00a0koosneb kahest arginiini molekulist ja \u00fc\" \/>\n<meta name=\"robots\" content=\"index, follow, max-snippet:-1, max-image-preview:large, max-video-preview:-1\" \/>\n<link rel=\"canonical\" href=\"https:\/\/mybody5.ee.mybody.ee\/proov\/product\/parandab-lihaste-hapniku-ja-toitainetega-varustamist-self-arginine-aakg\/\" \/>\n<meta property=\"og:locale\" content=\"et_EE\" \/>\n<meta property=\"og:type\" content=\"article\" \/>\n<meta property=\"og:title\" content=\"Parandab lihaste hapniku ja toitainetega varustamist - SELF Arginine AAKG - MyBody.ee - Toidulisandid ja sporditarvikud\" \/>\n<meta property=\"og:description\" content=\"SELF AAKG (arginiini alfa-ketoglutaraat)\u00a0koosneb kahest arginiini molekulist ja \u00fc\" \/>\n<meta property=\"og:url\" content=\"https:\/\/mybody5.ee.mybody.ee\/proov\/product\/parandab-lihaste-hapniku-ja-toitainetega-varustamist-self-arginine-aakg\/\" \/>\n<meta property=\"og:site_name\" content=\"supplero\" \/>\n<meta property=\"article:publisher\" content=\"https:\/\/facebook.com\/MyBody.ee\/\" \/>\n<meta property=\"og:image\" content=\"https:\/\/mybody5.ee.mybody.ee\/proov\/wp-content\/uploads\/2019\/12\/AAKG-Self-Omninutrition.png\" \/>\n\t<meta property=\"og:image:width\" content=\"329\" \/>\n\t<meta property=\"og:image:height\" content=\"597\" \/>\n\t<meta property=\"og:image:type\" content=\"image\/png\" \/>\n<meta name=\"twitter:card\" content=\"summary_large_image\" \/>\n<meta name=\"twitter:label1\" content=\"Est. reading time\" \/>\n\t<meta name=\"twitter:data1\" content=\"1 minut\" \/>\n<script type=\"application\/ld+json\" class=\"yoast-schema-graph\">{\"@context\":\"https:\\\/\\\/schema.org\",\"@graph\":[{\"@type\":\"WebPage\",\"@id\":\"https:\\\/\\\/mybody5.ee.mybody.ee\\\/proov\\\/product\\\/parandab-lihaste-hapniku-ja-toitainetega-varustamist-self-arginine-aakg\\\/\",\"url\":\"https:\\\/\\\/mybody5.ee.mybody.ee\\\/proov\\\/product\\\/parandab-lihaste-hapniku-ja-toitainetega-varustamist-self-arginine-aakg\\\/\",\"name\":\"Parandab lihaste hapniku ja toitainetega varustamist - SELF Arginine AAKG - MyBody.ee - Toidulisandid ja sporditarvikud\",\"isPartOf\":{\"@id\":\"https:\\\/\\\/mybody5.ee.mybody.ee\\\/proov\\\/#website\"},\"primaryImageOfPage\":{\"@id\":\"https:\\\/\\\/mybody5.ee.mybody.ee\\\/proov\\\/product\\\/parandab-lihaste-hapniku-ja-toitainetega-varustamist-self-arginine-aakg\\\/#primaryimage\"},\"image\":{\"@id\":\"https:\\\/\\\/mybody5.ee.mybody.ee\\\/proov\\\/product\\\/parandab-lihaste-hapniku-ja-toitainetega-varustamist-self-arginine-aakg\\\/#primaryimage\"},\"thumbnailUrl\":\"https:\\\/\\\/mybody5.ee.mybody.ee\\\/proov\\\/wp-content\\\/uploads\\\/2019\\\/12\\\/AAKG-Self-Omninutrition.png\",\"datePublished\":\"2019-12-09T22:25:43+00:00\",\"description\":\"SELF AAKG (arginiini alfa-ketoglutaraat)\u00a0koosneb kahest arginiini molekulist ja \u00fc\",\"breadcrumb\":{\"@id\":\"https:\\\/\\\/mybody5.ee.mybody.ee\\\/proov\\\/product\\\/parandab-lihaste-hapniku-ja-toitainetega-varustamist-self-arginine-aakg\\\/#breadcrumb\"},\"inLanguage\":\"et\",\"potentialAction\":[{\"@type\":\"ReadAction\",\"target\":[\"https:\\\/\\\/mybody5.ee.mybody.ee\\\/proov\\\/product\\\/parandab-lihaste-hapniku-ja-toitainetega-varustamist-self-arginine-aakg\\\/\"]}]},{\"@type\":\"ImageObject\",\"inLanguage\":\"et\",\"@id\":\"https:\\\/\\\/mybody5.ee.mybody.ee\\\/proov\\\/product\\\/parandab-lihaste-hapniku-ja-toitainetega-varustamist-self-arginine-aakg\\\/#primaryimage\",\"url\":\"https:\\\/\\\/mybody5.ee.mybody.ee\\\/proov\\\/wp-content\\\/uploads\\\/2019\\\/12\\\/AAKG-Self-Omninutrition.png\",\"contentUrl\":\"https:\\\/\\\/mybody5.ee.mybody.ee\\\/proov\\\/wp-content\\\/uploads\\\/2019\\\/12\\\/AAKG-Self-Omninutrition.png\",\"width\":329,\"height\":597,\"caption\":\"Parandab lihaste hapniku ja toitainetega varustamist - SELF Arginine AAKG\"},{\"@type\":\"BreadcrumbList\",\"@id\":\"https:\\\/\\\/mybody5.ee.mybody.ee\\\/proov\\\/product\\\/parandab-lihaste-hapniku-ja-toitainetega-varustamist-self-arginine-aakg\\\/#breadcrumb\",\"itemListElement\":[{\"@type\":\"ListItem\",\"position\":1,\"name\":\"Home\",\"item\":\"https:\\\/\\\/mybody5.ee.mybody.ee\\\/proov\\\/\"},{\"@type\":\"ListItem\",\"position\":2,\"name\":\"Shop\",\"item\":\"https:\\\/\\\/mybody5.ee.mybody.ee\\\/proov\\\/shop\\\/\"},{\"@type\":\"ListItem\",\"position\":3,\"name\":\"Parandab lihaste hapniku ja toitainetega varustamist &#8211; SELF Arginine AAKG\"}]},{\"@type\":\"WebSite\",\"@id\":\"https:\\\/\\\/mybody5.ee.mybody.ee\\\/proov\\\/#website\",\"url\":\"https:\\\/\\\/mybody5.ee.mybody.ee\\\/proov\\\/\",\"name\":\"MyBody.ee - Toidulisandid ja sporditarvikud\",\"description\":\"Just another WordPress site\",\"publisher\":{\"@id\":\"https:\\\/\\\/mybody5.ee.mybody.ee\\\/proov\\\/#organization\"},\"potentialAction\":[{\"@type\":\"SearchAction\",\"target\":{\"@type\":\"EntryPoint\",\"urlTemplate\":\"https:\\\/\\\/mybody5.ee.mybody.ee\\\/proov\\\/?s={search_term_string}\"},\"query-input\":{\"@type\":\"PropertyValueSpecification\",\"valueRequired\":true,\"valueName\":\"search_term_string\"}}],\"inLanguage\":\"et\"},{\"@type\":\"Organization\",\"@id\":\"https:\\\/\\\/mybody5.ee.mybody.ee\\\/proov\\\/#organization\",\"name\":\"MyBody.ee\",\"url\":\"https:\\\/\\\/mybody5.ee.mybody.ee\\\/proov\\\/\",\"logo\":{\"@type\":\"ImageObject\",\"inLanguage\":\"et\",\"@id\":\"https:\\\/\\\/mybody5.ee.mybody.ee\\\/proov\\\/#\\\/schema\\\/logo\\\/image\\\/\",\"url\":\"https:\\\/\\\/mybody5.ee.mybody.ee\\\/proov\\\/wp-content\\\/uploads\\\/2023\\\/11\\\/mybody_logo_h65-2.png\",\"contentUrl\":\"https:\\\/\\\/mybody5.ee.mybody.ee\\\/proov\\\/wp-content\\\/uploads\\\/2023\\\/11\\\/mybody_logo_h65-2.png\",\"width\":229,\"height\":65,\"caption\":\"MyBody.ee\"},\"image\":{\"@id\":\"https:\\\/\\\/mybody5.ee.mybody.ee\\\/proov\\\/#\\\/schema\\\/logo\\\/image\\\/\"},\"sameAs\":[\"https:\\\/\\\/facebook.com\\\/MyBody.ee\\\/\"]}]}<\/script>\n<!-- \/ Yoast SEO plugin. -->","yoast_head_json":{"title":"Parandab lihaste hapniku ja toitainetega varustamist - SELF Arginine AAKG - MyBody.ee - Toidulisandid ja sporditarvikud","description":"SELF AAKG (arginiini alfa-ketoglutaraat)\u00a0koosneb kahest arginiini molekulist ja \u00fc","robots":{"index":"index","follow":"follow","max-snippet":"max-snippet:-1","max-image-preview":"max-image-preview:large","max-video-preview":"max-video-preview:-1"},"canonical":"https:\/\/mybody5.ee.mybody.ee\/proov\/product\/parandab-lihaste-hapniku-ja-toitainetega-varustamist-self-arginine-aakg\/","og_locale":"et_EE","og_type":"article","og_title":"Parandab lihaste hapniku ja toitainetega varustamist - SELF Arginine AAKG - MyBody.ee - Toidulisandid ja sporditarvikud","og_description":"SELF AAKG (arginiini alfa-ketoglutaraat)\u00a0koosneb kahest arginiini molekulist ja \u00fc","og_url":"https:\/\/mybody5.ee.mybody.ee\/proov\/product\/parandab-lihaste-hapniku-ja-toitainetega-varustamist-self-arginine-aakg\/","og_site_name":"supplero","article_publisher":"https:\/\/facebook.com\/MyBody.ee\/","og_image":[{"width":329,"height":597,"url":"https:\/\/mybody5.ee.mybody.ee\/proov\/wp-content\/uploads\/2019\/12\/AAKG-Self-Omninutrition.png","type":"image\/png"}],"twitter_card":"summary_large_image","twitter_misc":{"Est. reading time":"1 minut"},"schema":{"@context":"https:\/\/schema.org","@graph":[{"@type":"WebPage","@id":"https:\/\/mybody5.ee.mybody.ee\/proov\/product\/parandab-lihaste-hapniku-ja-toitainetega-varustamist-self-arginine-aakg\/","url":"https:\/\/mybody5.ee.mybody.ee\/proov\/product\/parandab-lihaste-hapniku-ja-toitainetega-varustamist-self-arginine-aakg\/","name":"Parandab lihaste hapniku ja toitainetega varustamist - SELF Arginine AAKG - MyBody.ee - Toidulisandid ja sporditarvikud","isPartOf":{"@id":"https:\/\/mybody5.ee.mybody.ee\/proov\/#website"},"primaryImageOfPage":{"@id":"https:\/\/mybody5.ee.mybody.ee\/proov\/product\/parandab-lihaste-hapniku-ja-toitainetega-varustamist-self-arginine-aakg\/#primaryimage"},"image":{"@id":"https:\/\/mybody5.ee.mybody.ee\/proov\/product\/parandab-lihaste-hapniku-ja-toitainetega-varustamist-self-arginine-aakg\/#primaryimage"},"thumbnailUrl":"https:\/\/mybody5.ee.mybody.ee\/proov\/wp-content\/uploads\/2019\/12\/AAKG-Self-Omninutrition.png","datePublished":"2019-12-09T22:25:43+00:00","description":"SELF AAKG (arginiini alfa-ketoglutaraat)\u00a0koosneb kahest arginiini molekulist ja \u00fc","breadcrumb":{"@id":"https:\/\/mybody5.ee.mybody.ee\/proov\/product\/parandab-lihaste-hapniku-ja-toitainetega-varustamist-self-arginine-aakg\/#breadcrumb"},"inLanguage":"et","potentialAction":[{"@type":"ReadAction","target":["https:\/\/mybody5.ee.mybody.ee\/proov\/product\/parandab-lihaste-hapniku-ja-toitainetega-varustamist-self-arginine-aakg\/"]}]},{"@type":"ImageObject","inLanguage":"et","@id":"https:\/\/mybody5.ee.mybody.ee\/proov\/product\/parandab-lihaste-hapniku-ja-toitainetega-varustamist-self-arginine-aakg\/#primaryimage","url":"https:\/\/mybody5.ee.mybody.ee\/proov\/wp-content\/uploads\/2019\/12\/AAKG-Self-Omninutrition.png","contentUrl":"https:\/\/mybody5.ee.mybody.ee\/proov\/wp-content\/uploads\/2019\/12\/AAKG-Self-Omninutrition.png","width":329,"height":597,"caption":"Parandab lihaste hapniku ja toitainetega varustamist - SELF Arginine AAKG"},{"@type":"BreadcrumbList","@id":"https:\/\/mybody5.ee.mybody.ee\/proov\/product\/parandab-lihaste-hapniku-ja-toitainetega-varustamist-self-arginine-aakg\/#breadcrumb","itemListElement":[{"@type":"ListItem","position":1,"name":"Home","item":"https:\/\/mybody5.ee.mybody.ee\/proov\/"},{"@type":"ListItem","position":2,"name":"Shop","item":"https:\/\/mybody5.ee.mybody.ee\/proov\/shop\/"},{"@type":"ListItem","position":3,"name":"Parandab lihaste hapniku ja toitainetega varustamist &#8211; SELF Arginine AAKG"}]},{"@type":"WebSite","@id":"https:\/\/mybody5.ee.mybody.ee\/proov\/#website","url":"https:\/\/mybody5.ee.mybody.ee\/proov\/","name":"MyBody.ee - Toidulisandid ja sporditarvikud","description":"Just another WordPress site","publisher":{"@id":"https:\/\/mybody5.ee.mybody.ee\/proov\/#organization"},"potentialAction":[{"@type":"SearchAction","target":{"@type":"EntryPoint","urlTemplate":"https:\/\/mybody5.ee.mybody.ee\/proov\/?s={search_term_string}"},"query-input":{"@type":"PropertyValueSpecification","valueRequired":true,"valueName":"search_term_string"}}],"inLanguage":"et"},{"@type":"Organization","@id":"https:\/\/mybody5.ee.mybody.ee\/proov\/#organization","name":"MyBody.ee","url":"https:\/\/mybody5.ee.mybody.ee\/proov\/","logo":{"@type":"ImageObject","inLanguage":"et","@id":"https:\/\/mybody5.ee.mybody.ee\/proov\/#\/schema\/logo\/image\/","url":"https:\/\/mybody5.ee.mybody.ee\/proov\/wp-content\/uploads\/2023\/11\/mybody_logo_h65-2.png","contentUrl":"https:\/\/mybody5.ee.mybody.ee\/proov\/wp-content\/uploads\/2023\/11\/mybody_logo_h65-2.png","width":229,"height":65,"caption":"MyBody.ee"},"image":{"@id":"https:\/\/mybody5.ee.mybody.ee\/proov\/#\/schema\/logo\/image\/"},"sameAs":["https:\/\/facebook.com\/MyBody.ee\/"]}]}},"_links":{"self":[{"href":"https:\/\/mybody5.ee.mybody.ee\/proov\/wp-json\/wp\/v2\/product\/562","targetHints":{"allow":["GET"]}}],"collection":[{"href":"https:\/\/mybody5.ee.mybody.ee\/proov\/wp-json\/wp\/v2\/product"}],"about":[{"href":"https:\/\/mybody5.ee.mybody.ee\/proov\/wp-json\/wp\/v2\/types\/product"}],"replies":[{"embeddable":true,"href":"https:\/\/mybody5.ee.mybody.ee\/proov\/wp-json\/wp\/v2\/comments?post=562"}],"wp:featuredmedia":[{"embeddable":true,"href":"https:\/\/mybody5.ee.mybody.ee\/proov\/wp-json\/wp\/v2\/media\/561"}],"wp:attachment":[{"href":"https:\/\/mybody5.ee.mybody.ee\/proov\/wp-json\/wp\/v2\/media?parent=562"}],"wp:term":[{"taxonomy":"product_cat","embeddable":true,"href":"https:\/\/mybody5.ee.mybody.ee\/proov\/wp-json\/wp\/v2\/product_cat?post=562"},{"taxonomy":"product_tag","embeddable":true,"href":"https:\/\/mybody5.ee.mybody.ee\/proov\/wp-json\/wp\/v2\/product_tag?post=562"}],"curies":[{"name":"wp","href":"https:\/\/api.w.org\/{rel}","templated":true}]}}