{"id":609,"date":"2019-12-09T22:25:43","date_gmt":"2019-12-09T22:25:43","guid":{"rendered":"https:\/\/mybody5.ee.mybody.ee\/proov\/product\/mybody-estonia-shaker-bpa-vaba-ja-kulmumiskindel\/"},"modified":"2019-12-09T22:25:43","modified_gmt":"2019-12-09T22:25:43","slug":"mybody-estonia-shaker-bpa-vaba-ja-kulmumiskindel","status":"publish","type":"product","link":"https:\/\/mybody5.ee.mybody.ee\/proov\/product\/mybody-estonia-shaker-bpa-vaba-ja-kulmumiskindel\/","title":{"rendered":"MyBody Estonia shaker &#8211; BPA-vaba ja k\u00fclmumiskindel"},"content":{"rendered":"<p><strong>MyBody \u0161eiker<\/strong>&nbsp;on spetsiaalne vahend taastusjookide ja valgupulbrite segamiseks ning kaasaskandmiseks, v\u00f5imaldades parema taastumise huvides&nbsp;tarbida spordijooke v\u00f5imalikult kiiresti p\u00e4rast trenni. S\u00f5elaga varustatud \u0161eikeris&nbsp;segunevad k\u00f5ik pulbrid paremini kui tavalises spordijoogipudelis. 600-milliliitrine&nbsp;\u0161eiker v\u00f5imaldab kaasa v\u00f5tta mitme joogi jagu pulbrit, n\u00e4iteks nii treeningaegse- kui j\u00e4rgse joogi segamiseks,&nbsp;ja on piisavalt suur, et sobida ka treeningu ajal tarbitava&nbsp;isotoonilise spordijoogi v\u00f5i vee mahutamiseks.<\/p>\n<p>Keeratav kork v\u00f5imaldab&nbsp;pulbrilisi&nbsp;toidulisandeid h\u00f5lpsasti \u0161eikerisse kallata, mis tavapudeli v\u00e4ikese ava juures on \u00e4\u00e4rmiselt ebamugav. \u0160eikeri peale on m\u00e4rgitud milliliitrid ja kuupsentimeetrid 50-se sammuga, mis v\u00f5imaldab tooteid t\u00e4pselt doseerida ka k\u00f6\u00f6gikaalu puudumisel. \u0160eiker on valmistatud <strong>BPA-vabast <\/strong>plastikust ja on seega tervisele ohutu&nbsp;ning p\u00f5rutustele palju vastupidavam.<\/p>\n<p><strong>\u0160eiker on BPA vaba!<\/strong>&nbsp;Mis see t\u00e4hendab?<br \/> Bisfenool A, tuntud ka kui BPA, on kemikaal, mis on pol\u00fckarbonaadist plastiku ja epoks\u00fcvaigu koostises. Enamik veepudeleid valmistatakse pol\u00fckarbonaadist. BPA on seotud mitmete terviseprobleemidega sealhulgas s\u00fcdameveresoonkonna haiguste, diabeedi, v\u00e4hi ja varajase puberteedi tekkega. Mida kauem on vedelik BPAst tehtud anumas, seda rohkem lekib kemikaali vedelikku. Mida kuumem vedelik ja vanem anum, seda kiiremini toimub lekkimine.<\/p>\n<ul>\n<li>Varustatud m\u00f5\u00f5teskaalaga t\u00e4pseks doseerimiseks<\/li>\n<li>Keeratav kork,&nbsp;ei mingit trennikotis lekkimist<\/li>\n<li>Paremaks segunemiseks varustatud s\u00f5elaga<\/li>\n<li>Sobib nii spordijoogi kui taastusjoogi segamiseks<\/li>\n<li>BPA-vaba<\/li>\n<li>Pestav n\u00f5udepesumasinas<\/li>\n<li>K\u00fclmumiskindel<\/li>\n<li>100% veekindel<\/li>\n<\/ul>\n<h3>Kellele?<\/h3>\n<p>Estonia \u0161eiker on sobilik&nbsp;k\u00f5igile, kes kasutavad treeningust taastumiseks&nbsp;erinevaid jooke&nbsp;ning otsivad valgupulbrite ja spordijookide mahutamiseks mugavat&nbsp;vahendit.<\/p>\n<h3>Kasutamine<\/h3>\n<p>Estonia \u0161eikerit kasutatakse&nbsp;taastusjookide doseerimiseks, lahustamiseks ja kaasaskandmiseks. Tooteid doseerida vastavalt juhendile.<\/p>\n<h3>Mahutavus: <span style=\"font-size:12px;\"><span style=\"font-family: arial,helvetica,sans-serif;\">600 ml<\/span><\/span><\/h3>\n<h3>Konsultatsioon<\/h3>\n<ul style=\"line-height: 20.8px;\">\n<li>Oled oodatud tasuta konsultatsioonile MYBODY kauplustesse<\/li>\n<li>Kauplus Tallinn: Audentese spordikeskusesse, Tondi 84.<\/li>\n<li>Kauplus Tartu: Eedeni kaubanduskeskus, Kalda tee 1.<\/li>\n<li>Telefon EST\/RUS\/ENG +372 523 1960<\/li>\n<li>Telefon EST\/ENG +372 56 458 688<\/li>\n<li>info@mybody.ee<\/li>\n<li>www.facebook.com\/mybody.ee<\/li>\n<\/ul>\n<p>&nbsp;<\/p>\n","protected":false},"excerpt":{"rendered":"<p>MyBody \u0161eiker&nbsp;on spetsiaalne vahend taastusjookide ja valgupulbrite segamiseks ning kaasaskandmiseks, v\u00f5imaldades parema taastumise huvides&nbsp;tarbida spordijooke v\u00f5imalikult kiiresti p\u00e4rast trenni. S\u00f5elaga varustatud \u0161eikeris&nbsp;segunevad k\u00f5ik pulbrid paremini kui tavalises spordijoogipudelis. 600-milliliitrine&nbsp;\u0161eiker v\u00f5imaldab kaasa v\u00f5tta mitme joogi jagu pulbrit, n\u00e4iteks nii treeningaegse- kui j\u00e4rgse joogi segamiseks,&nbsp;ja on piisavalt suur, et sobida ka treeningu ajal tarbitava&nbsp;isotoonilise spordijoogi v\u00f5i vee [&hellip;]<\/p>\n","protected":false},"featured_media":608,"comment_status":"open","ping_status":"closed","template":"","meta":{"inline_featured_image":false},"product_cat":[56,67],"product_tag":[],"class_list":{"0":"post-609","1":"product","2":"type-product","3":"status-publish","4":"has-post-thumbnail","6":"product_cat-seikerid-joogipudelid","7":"product_cat-tarvikud","9":"first","10":"instock","11":"shipping-taxable","12":"purchasable","13":"product-type-simple"},"yoast_head":"<!-- This site is optimized with the Yoast SEO plugin v27.3 - https:\/\/yoast.com\/product\/yoast-seo-wordpress\/ -->\n<title>MyBody Estonia shaker - BPA-vaba ja k\u00fclmumiskindel - MyBody.ee - Toidulisandid ja sporditarvikud<\/title>\n<meta name=\"description\" content=\"MyBody \u0161eiker\u00a0on spetsiaalne vahend taastusjookide ja valgupulbrite segamiseks\" \/>\n<meta name=\"robots\" content=\"index, follow, max-snippet:-1, max-image-preview:large, max-video-preview:-1\" \/>\n<link rel=\"canonical\" href=\"https:\/\/mybody5.ee.mybody.ee\/proov\/product\/mybody-estonia-shaker-bpa-vaba-ja-kulmumiskindel\/\" \/>\n<meta property=\"og:locale\" content=\"et_EE\" \/>\n<meta property=\"og:type\" content=\"article\" \/>\n<meta property=\"og:title\" content=\"MyBody Estonia shaker - BPA-vaba ja k\u00fclmumiskindel - MyBody.ee - Toidulisandid ja sporditarvikud\" \/>\n<meta property=\"og:description\" content=\"MyBody \u0161eiker\u00a0on spetsiaalne vahend taastusjookide ja valgupulbrite segamiseks\" \/>\n<meta property=\"og:url\" content=\"https:\/\/mybody5.ee.mybody.ee\/proov\/product\/mybody-estonia-shaker-bpa-vaba-ja-kulmumiskindel\/\" \/>\n<meta property=\"og:site_name\" content=\"supplero\" \/>\n<meta property=\"article:publisher\" content=\"https:\/\/facebook.com\/MyBody.ee\/\" \/>\n<meta property=\"og:image\" content=\"https:\/\/mybody5.ee.mybody.ee\/proov\/wp-content\/uploads\/2019\/12\/Shaker-sinine.jpg\" \/>\n\t<meta property=\"og:image:width\" content=\"634\" \/>\n\t<meta property=\"og:image:height\" content=\"1126\" \/>\n\t<meta property=\"og:image:type\" content=\"image\/jpeg\" \/>\n<meta name=\"twitter:card\" content=\"summary_large_image\" \/>\n<meta name=\"twitter:label1\" content=\"Est. reading time\" \/>\n\t<meta name=\"twitter:data1\" content=\"2 minutit\" \/>\n<script type=\"application\/ld+json\" class=\"yoast-schema-graph\">{\"@context\":\"https:\\\/\\\/schema.org\",\"@graph\":[{\"@type\":\"WebPage\",\"@id\":\"https:\\\/\\\/mybody5.ee.mybody.ee\\\/proov\\\/product\\\/mybody-estonia-shaker-bpa-vaba-ja-kulmumiskindel\\\/\",\"url\":\"https:\\\/\\\/mybody5.ee.mybody.ee\\\/proov\\\/product\\\/mybody-estonia-shaker-bpa-vaba-ja-kulmumiskindel\\\/\",\"name\":\"MyBody Estonia shaker - BPA-vaba ja k\u00fclmumiskindel - MyBody.ee - Toidulisandid ja sporditarvikud\",\"isPartOf\":{\"@id\":\"https:\\\/\\\/mybody5.ee.mybody.ee\\\/proov\\\/#website\"},\"primaryImageOfPage\":{\"@id\":\"https:\\\/\\\/mybody5.ee.mybody.ee\\\/proov\\\/product\\\/mybody-estonia-shaker-bpa-vaba-ja-kulmumiskindel\\\/#primaryimage\"},\"image\":{\"@id\":\"https:\\\/\\\/mybody5.ee.mybody.ee\\\/proov\\\/product\\\/mybody-estonia-shaker-bpa-vaba-ja-kulmumiskindel\\\/#primaryimage\"},\"thumbnailUrl\":\"https:\\\/\\\/mybody5.ee.mybody.ee\\\/proov\\\/wp-content\\\/uploads\\\/2019\\\/12\\\/Shaker-sinine.jpg\",\"datePublished\":\"2019-12-09T22:25:43+00:00\",\"description\":\"MyBody \u0161eiker\u00a0on spetsiaalne vahend taastusjookide ja valgupulbrite segamiseks\",\"breadcrumb\":{\"@id\":\"https:\\\/\\\/mybody5.ee.mybody.ee\\\/proov\\\/product\\\/mybody-estonia-shaker-bpa-vaba-ja-kulmumiskindel\\\/#breadcrumb\"},\"inLanguage\":\"et\",\"potentialAction\":[{\"@type\":\"ReadAction\",\"target\":[\"https:\\\/\\\/mybody5.ee.mybody.ee\\\/proov\\\/product\\\/mybody-estonia-shaker-bpa-vaba-ja-kulmumiskindel\\\/\"]}]},{\"@type\":\"ImageObject\",\"inLanguage\":\"et\",\"@id\":\"https:\\\/\\\/mybody5.ee.mybody.ee\\\/proov\\\/product\\\/mybody-estonia-shaker-bpa-vaba-ja-kulmumiskindel\\\/#primaryimage\",\"url\":\"https:\\\/\\\/mybody5.ee.mybody.ee\\\/proov\\\/wp-content\\\/uploads\\\/2019\\\/12\\\/Shaker-sinine.jpg\",\"contentUrl\":\"https:\\\/\\\/mybody5.ee.mybody.ee\\\/proov\\\/wp-content\\\/uploads\\\/2019\\\/12\\\/Shaker-sinine.jpg\",\"width\":634,\"height\":1126,\"caption\":\"MyBody Estonia shaker - BPA-vaba ja k\u00fclmumiskindel\"},{\"@type\":\"BreadcrumbList\",\"@id\":\"https:\\\/\\\/mybody5.ee.mybody.ee\\\/proov\\\/product\\\/mybody-estonia-shaker-bpa-vaba-ja-kulmumiskindel\\\/#breadcrumb\",\"itemListElement\":[{\"@type\":\"ListItem\",\"position\":1,\"name\":\"Home\",\"item\":\"https:\\\/\\\/mybody5.ee.mybody.ee\\\/proov\\\/\"},{\"@type\":\"ListItem\",\"position\":2,\"name\":\"Shop\",\"item\":\"https:\\\/\\\/mybody5.ee.mybody.ee\\\/proov\\\/shop\\\/\"},{\"@type\":\"ListItem\",\"position\":3,\"name\":\"MyBody Estonia shaker &#8211; BPA-vaba ja k\u00fclmumiskindel\"}]},{\"@type\":\"WebSite\",\"@id\":\"https:\\\/\\\/mybody5.ee.mybody.ee\\\/proov\\\/#website\",\"url\":\"https:\\\/\\\/mybody5.ee.mybody.ee\\\/proov\\\/\",\"name\":\"MyBody.ee - Toidulisandid ja sporditarvikud\",\"description\":\"Just another WordPress site\",\"publisher\":{\"@id\":\"https:\\\/\\\/mybody5.ee.mybody.ee\\\/proov\\\/#organization\"},\"potentialAction\":[{\"@type\":\"SearchAction\",\"target\":{\"@type\":\"EntryPoint\",\"urlTemplate\":\"https:\\\/\\\/mybody5.ee.mybody.ee\\\/proov\\\/?s={search_term_string}\"},\"query-input\":{\"@type\":\"PropertyValueSpecification\",\"valueRequired\":true,\"valueName\":\"search_term_string\"}}],\"inLanguage\":\"et\"},{\"@type\":\"Organization\",\"@id\":\"https:\\\/\\\/mybody5.ee.mybody.ee\\\/proov\\\/#organization\",\"name\":\"MyBody.ee\",\"url\":\"https:\\\/\\\/mybody5.ee.mybody.ee\\\/proov\\\/\",\"logo\":{\"@type\":\"ImageObject\",\"inLanguage\":\"et\",\"@id\":\"https:\\\/\\\/mybody5.ee.mybody.ee\\\/proov\\\/#\\\/schema\\\/logo\\\/image\\\/\",\"url\":\"https:\\\/\\\/mybody5.ee.mybody.ee\\\/proov\\\/wp-content\\\/uploads\\\/2023\\\/11\\\/mybody_logo_h65-2.png\",\"contentUrl\":\"https:\\\/\\\/mybody5.ee.mybody.ee\\\/proov\\\/wp-content\\\/uploads\\\/2023\\\/11\\\/mybody_logo_h65-2.png\",\"width\":229,\"height\":65,\"caption\":\"MyBody.ee\"},\"image\":{\"@id\":\"https:\\\/\\\/mybody5.ee.mybody.ee\\\/proov\\\/#\\\/schema\\\/logo\\\/image\\\/\"},\"sameAs\":[\"https:\\\/\\\/facebook.com\\\/MyBody.ee\\\/\"]}]}<\/script>\n<!-- \/ Yoast SEO plugin. -->","yoast_head_json":{"title":"MyBody Estonia shaker - BPA-vaba ja k\u00fclmumiskindel - MyBody.ee - Toidulisandid ja sporditarvikud","description":"MyBody \u0161eiker\u00a0on spetsiaalne vahend taastusjookide ja valgupulbrite segamiseks","robots":{"index":"index","follow":"follow","max-snippet":"max-snippet:-1","max-image-preview":"max-image-preview:large","max-video-preview":"max-video-preview:-1"},"canonical":"https:\/\/mybody5.ee.mybody.ee\/proov\/product\/mybody-estonia-shaker-bpa-vaba-ja-kulmumiskindel\/","og_locale":"et_EE","og_type":"article","og_title":"MyBody Estonia shaker - BPA-vaba ja k\u00fclmumiskindel - MyBody.ee - Toidulisandid ja sporditarvikud","og_description":"MyBody \u0161eiker\u00a0on spetsiaalne vahend taastusjookide ja valgupulbrite segamiseks","og_url":"https:\/\/mybody5.ee.mybody.ee\/proov\/product\/mybody-estonia-shaker-bpa-vaba-ja-kulmumiskindel\/","og_site_name":"supplero","article_publisher":"https:\/\/facebook.com\/MyBody.ee\/","og_image":[{"width":634,"height":1126,"url":"https:\/\/mybody5.ee.mybody.ee\/proov\/wp-content\/uploads\/2019\/12\/Shaker-sinine.jpg","type":"image\/jpeg"}],"twitter_card":"summary_large_image","twitter_misc":{"Est. reading time":"2 minutit"},"schema":{"@context":"https:\/\/schema.org","@graph":[{"@type":"WebPage","@id":"https:\/\/mybody5.ee.mybody.ee\/proov\/product\/mybody-estonia-shaker-bpa-vaba-ja-kulmumiskindel\/","url":"https:\/\/mybody5.ee.mybody.ee\/proov\/product\/mybody-estonia-shaker-bpa-vaba-ja-kulmumiskindel\/","name":"MyBody Estonia shaker - BPA-vaba ja k\u00fclmumiskindel - MyBody.ee - Toidulisandid ja sporditarvikud","isPartOf":{"@id":"https:\/\/mybody5.ee.mybody.ee\/proov\/#website"},"primaryImageOfPage":{"@id":"https:\/\/mybody5.ee.mybody.ee\/proov\/product\/mybody-estonia-shaker-bpa-vaba-ja-kulmumiskindel\/#primaryimage"},"image":{"@id":"https:\/\/mybody5.ee.mybody.ee\/proov\/product\/mybody-estonia-shaker-bpa-vaba-ja-kulmumiskindel\/#primaryimage"},"thumbnailUrl":"https:\/\/mybody5.ee.mybody.ee\/proov\/wp-content\/uploads\/2019\/12\/Shaker-sinine.jpg","datePublished":"2019-12-09T22:25:43+00:00","description":"MyBody \u0161eiker\u00a0on spetsiaalne vahend taastusjookide ja valgupulbrite segamiseks","breadcrumb":{"@id":"https:\/\/mybody5.ee.mybody.ee\/proov\/product\/mybody-estonia-shaker-bpa-vaba-ja-kulmumiskindel\/#breadcrumb"},"inLanguage":"et","potentialAction":[{"@type":"ReadAction","target":["https:\/\/mybody5.ee.mybody.ee\/proov\/product\/mybody-estonia-shaker-bpa-vaba-ja-kulmumiskindel\/"]}]},{"@type":"ImageObject","inLanguage":"et","@id":"https:\/\/mybody5.ee.mybody.ee\/proov\/product\/mybody-estonia-shaker-bpa-vaba-ja-kulmumiskindel\/#primaryimage","url":"https:\/\/mybody5.ee.mybody.ee\/proov\/wp-content\/uploads\/2019\/12\/Shaker-sinine.jpg","contentUrl":"https:\/\/mybody5.ee.mybody.ee\/proov\/wp-content\/uploads\/2019\/12\/Shaker-sinine.jpg","width":634,"height":1126,"caption":"MyBody Estonia shaker - BPA-vaba ja k\u00fclmumiskindel"},{"@type":"BreadcrumbList","@id":"https:\/\/mybody5.ee.mybody.ee\/proov\/product\/mybody-estonia-shaker-bpa-vaba-ja-kulmumiskindel\/#breadcrumb","itemListElement":[{"@type":"ListItem","position":1,"name":"Home","item":"https:\/\/mybody5.ee.mybody.ee\/proov\/"},{"@type":"ListItem","position":2,"name":"Shop","item":"https:\/\/mybody5.ee.mybody.ee\/proov\/shop\/"},{"@type":"ListItem","position":3,"name":"MyBody Estonia shaker &#8211; BPA-vaba ja k\u00fclmumiskindel"}]},{"@type":"WebSite","@id":"https:\/\/mybody5.ee.mybody.ee\/proov\/#website","url":"https:\/\/mybody5.ee.mybody.ee\/proov\/","name":"MyBody.ee - Toidulisandid ja sporditarvikud","description":"Just another WordPress site","publisher":{"@id":"https:\/\/mybody5.ee.mybody.ee\/proov\/#organization"},"potentialAction":[{"@type":"SearchAction","target":{"@type":"EntryPoint","urlTemplate":"https:\/\/mybody5.ee.mybody.ee\/proov\/?s={search_term_string}"},"query-input":{"@type":"PropertyValueSpecification","valueRequired":true,"valueName":"search_term_string"}}],"inLanguage":"et"},{"@type":"Organization","@id":"https:\/\/mybody5.ee.mybody.ee\/proov\/#organization","name":"MyBody.ee","url":"https:\/\/mybody5.ee.mybody.ee\/proov\/","logo":{"@type":"ImageObject","inLanguage":"et","@id":"https:\/\/mybody5.ee.mybody.ee\/proov\/#\/schema\/logo\/image\/","url":"https:\/\/mybody5.ee.mybody.ee\/proov\/wp-content\/uploads\/2023\/11\/mybody_logo_h65-2.png","contentUrl":"https:\/\/mybody5.ee.mybody.ee\/proov\/wp-content\/uploads\/2023\/11\/mybody_logo_h65-2.png","width":229,"height":65,"caption":"MyBody.ee"},"image":{"@id":"https:\/\/mybody5.ee.mybody.ee\/proov\/#\/schema\/logo\/image\/"},"sameAs":["https:\/\/facebook.com\/MyBody.ee\/"]}]}},"_links":{"self":[{"href":"https:\/\/mybody5.ee.mybody.ee\/proov\/wp-json\/wp\/v2\/product\/609","targetHints":{"allow":["GET"]}}],"collection":[{"href":"https:\/\/mybody5.ee.mybody.ee\/proov\/wp-json\/wp\/v2\/product"}],"about":[{"href":"https:\/\/mybody5.ee.mybody.ee\/proov\/wp-json\/wp\/v2\/types\/product"}],"replies":[{"embeddable":true,"href":"https:\/\/mybody5.ee.mybody.ee\/proov\/wp-json\/wp\/v2\/comments?post=609"}],"wp:featuredmedia":[{"embeddable":true,"href":"https:\/\/mybody5.ee.mybody.ee\/proov\/wp-json\/wp\/v2\/media\/608"}],"wp:attachment":[{"href":"https:\/\/mybody5.ee.mybody.ee\/proov\/wp-json\/wp\/v2\/media?parent=609"}],"wp:term":[{"taxonomy":"product_cat","embeddable":true,"href":"https:\/\/mybody5.ee.mybody.ee\/proov\/wp-json\/wp\/v2\/product_cat?post=609"},{"taxonomy":"product_tag","embeddable":true,"href":"https:\/\/mybody5.ee.mybody.ee\/proov\/wp-json\/wp\/v2\/product_tag?post=609"}],"curies":[{"name":"wp","href":"https:\/\/api.w.org\/{rel}","templated":true}]}}