{"id":640,"date":"2019-12-09T22:25:44","date_gmt":"2019-12-09T22:25:44","guid":{"rendered":"https:\/\/mybody5.ee.mybody.ee\/proov\/product\/pihustatav-liposoomse-tehnoloogiaga-tsink-valens-zinc\/"},"modified":"2019-12-09T22:25:44","modified_gmt":"2019-12-09T22:25:44","slug":"pihustatav-liposoomse-tehnoloogiaga-tsink-valens-zinc","status":"publish","type":"product","link":"https:\/\/mybody5.ee.mybody.ee\/proov\/product\/pihustatav-liposoomse-tehnoloogiaga-tsink-valens-zinc\/","title":{"rendered":"Pihustatav, liposoomse tehnoloogiaga tsink- Liposomal Zinc Spray"},"content":{"rendered":"<p>Liposomal Zinc Spray<\/p>\n<p>Tsink osaleb paljudes eluolulistes protsessides, sh enam kui saja ens\u00fc\u00fcmi aktiveerimisel, rakkude kasvamises ning haavade paranemises, vereloomes, organismi kasvus ja arengus, valkude, sperma ja DNA s\u00fcnteesis, immuns\u00fcsteemi t\u00f6\u00f6s, maitsmis- ning haistmismeele normaalse toimimise tagamisel ja teiste mikrotoitainete ainevahetuses. Tsink toimib antioks\u00fcdandina, osaleb insuliini s\u00fcnteesimisel, s\u00e4ilitamisel ja vabastamisel, m\u00f5jutab kilpn\u00e4\u00e4rme hormooni t\u00f6\u00f6d. Tsingi puudusel halveneb k\u00f5igi nende ning ka paljude teiste oluliste funktsioonide t\u00f6\u00f6. Kuna kehal puudub spetsiaalne tsingi s\u00e4ilituss\u00fcsteem, on stabiilse taseme hoidmiseks vajalik tagada piisav tsingi saamine igap\u00e4evase toiduga. Eelis pihustatava ja Valens&#8217;i tsingi ees on see, liposoomne tehnoloogia mille abil on toode tehtud tagab parema imanduvuse.&nbsp;<\/p>\n<p id=\"mida-toob-kaasa-tsingipuudus\"><strong>Mida toob kaasa tsingipuudus?<\/strong><\/p>\n<p>Raskekujulise tsingipuuduse tunnusteks on kasvu k\u00e4ngumine (k\u00e4\u00e4buskasv), seksuaalse k\u00fcpsuse hilinemine, h\u00fcpogonadism meestel, viljatus, silma- ja nahakahjustused, juuste v\u00e4ljalangemine (kiilasp\u00e4isus), k\u00f5hulahtisus. Lisaks v\u00f5ivad tsingipuudusega kaasneda kaalukaotus, haavade aeglane paranemine, isutus, vaimse erksuse v\u00e4henemine ja suurenenud vastuv\u00f5tlikkus infektsioonidele.<\/p>\n<h3>Kellele sobib?<\/h3>\n<p>Kuna tsingil on keskne roll rakkude jagunemises, valkude s\u00fcnteesis ning kasvamises, siis on tsingivajadus suurenenud kasvuperioodidel: raseduse ja imetamise ajal ning imiku-, lapse- ja noorukieas. Neis eluetappides olevad inimesed kuuluvad tsingipuuduse riskigruppi. Kergekujuline tsingipuudus p\u00f5hjustab lastel aeglast kasvamist, maitsetunnetuse halvenemist ning n\u00f5rgendab immuuns\u00fcsteemi. Lisaks v\u00f5ib tsingipuudusega kaasneda kaalukaotus, haavade aeglane paranemine, isutus, vaimse erksuse v\u00e4henemine ja suurenenud vastuv\u00f5tlikkus infektsioonidele.<\/p>\n<h3>Toime<\/h3>\n<ul>\n<li>Immuunsuse toetamine<\/li>\n<li>Tagab naha normaalse talituse<\/li>\n<li>Tugevdab&nbsp;juukseid<\/li>\n<li>Testosteroonitaseme loomulik&nbsp;t\u00f5stmine<\/li>\n<li>Rakkude kasv<\/li>\n<li>Geenide transkriptsioon<\/li>\n<li>Vereloome protsessis osalemine&nbsp;ja vere stabiilsuse tagamine<\/li>\n<li>Immuuns\u00fcsteemi toetamine ja haavade parandamine<\/li>\n<\/ul>\n<h3>Kasutamine: <span style=\"font-family: arial, helvetica, sans-serif; font-size: 12px;\">Soovituslik p\u00e4evane annus t\u00e4iskasvanule 4 pihustust p\u00e4evas suhu v\u00f5i p\u00f5se sisek\u00fcljele. Enne kasutamist loksutada.&nbsp;Toode on sobilik&nbsp;<\/span><span style=\"font-size:12px;\"><span style=\"font-family:arial,helvetica,sans-serif;\">ka veganitele !&nbsp;<\/span><\/span><\/h3>\n<h3>Pakend: <span style=\"font-size:12px;\"><span style=\"font-family: arial,helvetica,sans-serif;\">25 ml ananassimaitseline<\/span><\/span><\/h3>\n<table border=\"1\" cellpadding=\"1\" cellspacing=\"1\" style=\"height: 77px; width: 400px;\">\n<tbody>\n<tr>\n<td><b>Biaks Liposomal Zinc&nbsp;<\/b><\/td>\n<td><strong>4 pihustust<\/strong><\/td>\n<\/tr>\n<tr>\n<td>Tsink&nbsp;<\/td>\n<td>5 mg (50%)<\/td>\n<\/tr>\n<tr>\n<td>D-vitamiin&nbsp;<\/td>\n<td>20 mcg (400%)<\/td>\n<\/tr>\n<tr>\n<td>B6-vitamiin<\/td>\n<td>1,4 mg (100%)<\/td>\n<\/tr>\n<tr>\n<td>E-vitamiin<\/td>\n<td>4 mg ( 33%)<\/td>\n<\/tr>\n<tr>\n<td>C-vitamiin<\/td>\n<td>20 mg (25%)<\/td>\n<\/tr>\n<tr>\n<td colspan=\"2\">Koostis:&nbsp;vesi, paksendaja: ks\u00fclitool ja ksantaankumm; kontsentreeritud looduslik \u00f5unamahl (8%), naatrium L-askorbaat, SunActive\u00ae Zn (maltodekstriin, tsinkoksiid, rasvhapete pol\u00fcgl\u00fctseroolestrid, emulgaator: h\u00fcdrol\u00fc\u00fcsitud sojaletsitiin), D-alfa-tokofer\u00fc\u00fclatsetaat, kolekaltsiferool, looduslik ananassi maitse, p\u00fcridoksiinvesinikkloriid, hape: sidrunhape, s\u00e4ilitusaine: kaalium-sorbaat. <strong>Toode on gluteeni-, \u017eelatiini-, alkoholi-, laktoosi-, kuntslike v\u00e4rv- ja maitseainetevaba!<\/strong><\/td>\n<\/tr>\n<\/tbody>\n<\/table>\n<h3>Konsultatsioon<\/h3>\n<ul>\n<li>Oled oodatud tasuta konsultatsioonile MYBODY Audentese kauplusesse,<\/li>\n<li>Asukoht: Audentese Spordikeskus, Tondi 84.<\/li>\n<li>Telefon EST\/RUS\/ENG +372&nbsp;523 1960<\/li>\n<li>Telefon EST\/ENG +372 56&nbsp;458&nbsp;688<\/li>\n<li><a href=\"mailto:info@mybody.ee\">info@mybody.ee<\/a><\/li>\n<li><a href=\"http:\/\/www.facebook.com\/mybody.ee\">www.facebook.com\/mybody.ee<\/a><\/li>\n<\/ul>\n","protected":false},"excerpt":{"rendered":"<p>Liposomal Zinc Spray Tsink osaleb paljudes eluolulistes protsessides, sh enam kui saja ens\u00fc\u00fcmi aktiveerimisel, rakkude kasvamises ning haavade paranemises, vereloomes, organismi kasvus ja arengus, valkude, sperma ja DNA s\u00fcnteesis, immuns\u00fcsteemi t\u00f6\u00f6s, maitsmis- ning haistmismeele normaalse toimimise tagamisel ja teiste mikrotoitainete ainevahetuses. Tsink toimib antioks\u00fcdandina, osaleb insuliini s\u00fcnteesimisel, s\u00e4ilitamisel ja vabastamisel, m\u00f5jutab kilpn\u00e4\u00e4rme hormooni t\u00f6\u00f6d. Tsingi [&hellip;]<\/p>\n","protected":false},"featured_media":639,"comment_status":"open","ping_status":"closed","template":"","meta":{"inline_featured_image":false},"product_cat":[50,32],"product_tag":[],"class_list":{"0":"post-640","1":"product","2":"type-product","3":"status-publish","4":"has-post-thumbnail","6":"product_cat-vitamiinid-ja-mineraalid","7":"product_cat-mikroelemendid","8":"pa_kogustablettikapslit-100k","9":"pa_kunakasutada-uldiselttugevdav","10":"pa_vorm-tablettkapsel","12":"first","13":"outofstock","14":"shipping-taxable","15":"purchasable","16":"product-type-simple"},"yoast_head":"<!-- This site is optimized with the Yoast SEO plugin v27.3 - https:\/\/yoast.com\/product\/yoast-seo-wordpress\/ -->\n<title>Pihustatav, liposoomse tehnoloogiaga tsink- Valens Zinc - MyBody.ee - Toidulisandid ja sporditarvikud<\/title>\n<meta name=\"description\" content=\"Valens Zinc Plus\u00a0 Tsink osaleb paljudes eluolulistes protsessides, sh enam\" \/>\n<meta name=\"robots\" content=\"index, follow, max-snippet:-1, max-image-preview:large, max-video-preview:-1\" \/>\n<link rel=\"canonical\" href=\"https:\/\/mybody5.ee.mybody.ee\/proov\/product\/pihustatav-liposoomse-tehnoloogiaga-tsink-valens-zinc\/\" \/>\n<meta property=\"og:locale\" content=\"et_EE\" \/>\n<meta property=\"og:type\" content=\"article\" \/>\n<meta property=\"og:title\" content=\"Pihustatav, liposoomse tehnoloogiaga tsink- Valens Zinc - MyBody.ee - Toidulisandid ja sporditarvikud\" \/>\n<meta property=\"og:description\" content=\"Valens Zinc Plus\u00a0 Tsink osaleb paljudes eluolulistes protsessides, sh enam\" \/>\n<meta property=\"og:url\" content=\"https:\/\/mybody5.ee.mybody.ee\/proov\/product\/pihustatav-liposoomse-tehnoloogiaga-tsink-valens-zinc\/\" \/>\n<meta property=\"og:site_name\" content=\"supplero\" \/>\n<meta property=\"article:publisher\" content=\"https:\/\/facebook.com\/MyBody.ee\/\" \/>\n<meta property=\"og:image\" content=\"https:\/\/mybody5.ee.mybody.ee\/proov\/wp-content\/uploads\/2019\/12\/liposomal-zinc-spray.-liposoomne-mineraal-zinkjpg.png\" \/>\n\t<meta property=\"og:image:width\" content=\"800\" \/>\n\t<meta property=\"og:image:height\" content=\"800\" \/>\n\t<meta property=\"og:image:type\" content=\"image\/png\" \/>\n<meta name=\"twitter:card\" content=\"summary_large_image\" \/>\n<meta name=\"twitter:label1\" content=\"Est. reading time\" \/>\n\t<meta name=\"twitter:data1\" content=\"2 minutit\" \/>\n<script type=\"application\/ld+json\" class=\"yoast-schema-graph\">{\"@context\":\"https:\\\/\\\/schema.org\",\"@graph\":[{\"@type\":\"WebPage\",\"@id\":\"https:\\\/\\\/mybody5.ee.mybody.ee\\\/proov\\\/product\\\/pihustatav-liposoomse-tehnoloogiaga-tsink-valens-zinc\\\/\",\"url\":\"https:\\\/\\\/mybody5.ee.mybody.ee\\\/proov\\\/product\\\/pihustatav-liposoomse-tehnoloogiaga-tsink-valens-zinc\\\/\",\"name\":\"Pihustatav, liposoomse tehnoloogiaga tsink- Valens Zinc - MyBody.ee - Toidulisandid ja sporditarvikud\",\"isPartOf\":{\"@id\":\"https:\\\/\\\/mybody5.ee.mybody.ee\\\/proov\\\/#website\"},\"primaryImageOfPage\":{\"@id\":\"https:\\\/\\\/mybody5.ee.mybody.ee\\\/proov\\\/product\\\/pihustatav-liposoomse-tehnoloogiaga-tsink-valens-zinc\\\/#primaryimage\"},\"image\":{\"@id\":\"https:\\\/\\\/mybody5.ee.mybody.ee\\\/proov\\\/product\\\/pihustatav-liposoomse-tehnoloogiaga-tsink-valens-zinc\\\/#primaryimage\"},\"thumbnailUrl\":\"https:\\\/\\\/mybody5.ee.mybody.ee\\\/proov\\\/wp-content\\\/uploads\\\/2019\\\/12\\\/liposomal-zinc-spray.-liposoomne-mineraal-zinkjpg.png\",\"datePublished\":\"2019-12-09T22:25:44+00:00\",\"description\":\"Valens Zinc Plus\u00a0 Tsink osaleb paljudes eluolulistes protsessides, sh enam\",\"breadcrumb\":{\"@id\":\"https:\\\/\\\/mybody5.ee.mybody.ee\\\/proov\\\/product\\\/pihustatav-liposoomse-tehnoloogiaga-tsink-valens-zinc\\\/#breadcrumb\"},\"inLanguage\":\"et\",\"potentialAction\":[{\"@type\":\"ReadAction\",\"target\":[\"https:\\\/\\\/mybody5.ee.mybody.ee\\\/proov\\\/product\\\/pihustatav-liposoomse-tehnoloogiaga-tsink-valens-zinc\\\/\"]}]},{\"@type\":\"ImageObject\",\"inLanguage\":\"et\",\"@id\":\"https:\\\/\\\/mybody5.ee.mybody.ee\\\/proov\\\/product\\\/pihustatav-liposoomse-tehnoloogiaga-tsink-valens-zinc\\\/#primaryimage\",\"url\":\"https:\\\/\\\/mybody5.ee.mybody.ee\\\/proov\\\/wp-content\\\/uploads\\\/2019\\\/12\\\/liposomal-zinc-spray.-liposoomne-mineraal-zinkjpg.png\",\"contentUrl\":\"https:\\\/\\\/mybody5.ee.mybody.ee\\\/proov\\\/wp-content\\\/uploads\\\/2019\\\/12\\\/liposomal-zinc-spray.-liposoomne-mineraal-zinkjpg.png\",\"width\":800,\"height\":800,\"caption\":\"Pihustatav, liposoomse tehnoloogiaga tsink- Liposomal Zinc Spray\"},{\"@type\":\"BreadcrumbList\",\"@id\":\"https:\\\/\\\/mybody5.ee.mybody.ee\\\/proov\\\/product\\\/pihustatav-liposoomse-tehnoloogiaga-tsink-valens-zinc\\\/#breadcrumb\",\"itemListElement\":[{\"@type\":\"ListItem\",\"position\":1,\"name\":\"Home\",\"item\":\"https:\\\/\\\/mybody5.ee.mybody.ee\\\/proov\\\/\"},{\"@type\":\"ListItem\",\"position\":2,\"name\":\"Shop\",\"item\":\"https:\\\/\\\/mybody5.ee.mybody.ee\\\/proov\\\/shop\\\/\"},{\"@type\":\"ListItem\",\"position\":3,\"name\":\"Pihustatav, liposoomse tehnoloogiaga tsink- Liposomal Zinc Spray\"}]},{\"@type\":\"WebSite\",\"@id\":\"https:\\\/\\\/mybody5.ee.mybody.ee\\\/proov\\\/#website\",\"url\":\"https:\\\/\\\/mybody5.ee.mybody.ee\\\/proov\\\/\",\"name\":\"MyBody.ee - Toidulisandid ja sporditarvikud\",\"description\":\"Just another WordPress site\",\"publisher\":{\"@id\":\"https:\\\/\\\/mybody5.ee.mybody.ee\\\/proov\\\/#organization\"},\"potentialAction\":[{\"@type\":\"SearchAction\",\"target\":{\"@type\":\"EntryPoint\",\"urlTemplate\":\"https:\\\/\\\/mybody5.ee.mybody.ee\\\/proov\\\/?s={search_term_string}\"},\"query-input\":{\"@type\":\"PropertyValueSpecification\",\"valueRequired\":true,\"valueName\":\"search_term_string\"}}],\"inLanguage\":\"et\"},{\"@type\":\"Organization\",\"@id\":\"https:\\\/\\\/mybody5.ee.mybody.ee\\\/proov\\\/#organization\",\"name\":\"MyBody.ee\",\"url\":\"https:\\\/\\\/mybody5.ee.mybody.ee\\\/proov\\\/\",\"logo\":{\"@type\":\"ImageObject\",\"inLanguage\":\"et\",\"@id\":\"https:\\\/\\\/mybody5.ee.mybody.ee\\\/proov\\\/#\\\/schema\\\/logo\\\/image\\\/\",\"url\":\"https:\\\/\\\/mybody5.ee.mybody.ee\\\/proov\\\/wp-content\\\/uploads\\\/2023\\\/11\\\/mybody_logo_h65-2.png\",\"contentUrl\":\"https:\\\/\\\/mybody5.ee.mybody.ee\\\/proov\\\/wp-content\\\/uploads\\\/2023\\\/11\\\/mybody_logo_h65-2.png\",\"width\":229,\"height\":65,\"caption\":\"MyBody.ee\"},\"image\":{\"@id\":\"https:\\\/\\\/mybody5.ee.mybody.ee\\\/proov\\\/#\\\/schema\\\/logo\\\/image\\\/\"},\"sameAs\":[\"https:\\\/\\\/facebook.com\\\/MyBody.ee\\\/\"]}]}<\/script>\n<!-- \/ Yoast SEO plugin. -->","yoast_head_json":{"title":"Pihustatav, liposoomse tehnoloogiaga tsink- Valens Zinc - MyBody.ee - Toidulisandid ja sporditarvikud","description":"Valens Zinc Plus\u00a0 Tsink osaleb paljudes eluolulistes protsessides, sh enam","robots":{"index":"index","follow":"follow","max-snippet":"max-snippet:-1","max-image-preview":"max-image-preview:large","max-video-preview":"max-video-preview:-1"},"canonical":"https:\/\/mybody5.ee.mybody.ee\/proov\/product\/pihustatav-liposoomse-tehnoloogiaga-tsink-valens-zinc\/","og_locale":"et_EE","og_type":"article","og_title":"Pihustatav, liposoomse tehnoloogiaga tsink- Valens Zinc - MyBody.ee - Toidulisandid ja sporditarvikud","og_description":"Valens Zinc Plus\u00a0 Tsink osaleb paljudes eluolulistes protsessides, sh enam","og_url":"https:\/\/mybody5.ee.mybody.ee\/proov\/product\/pihustatav-liposoomse-tehnoloogiaga-tsink-valens-zinc\/","og_site_name":"supplero","article_publisher":"https:\/\/facebook.com\/MyBody.ee\/","og_image":[{"width":800,"height":800,"url":"https:\/\/mybody5.ee.mybody.ee\/proov\/wp-content\/uploads\/2019\/12\/liposomal-zinc-spray.-liposoomne-mineraal-zinkjpg.png","type":"image\/png"}],"twitter_card":"summary_large_image","twitter_misc":{"Est. reading time":"2 minutit"},"schema":{"@context":"https:\/\/schema.org","@graph":[{"@type":"WebPage","@id":"https:\/\/mybody5.ee.mybody.ee\/proov\/product\/pihustatav-liposoomse-tehnoloogiaga-tsink-valens-zinc\/","url":"https:\/\/mybody5.ee.mybody.ee\/proov\/product\/pihustatav-liposoomse-tehnoloogiaga-tsink-valens-zinc\/","name":"Pihustatav, liposoomse tehnoloogiaga tsink- Valens Zinc - MyBody.ee - Toidulisandid ja sporditarvikud","isPartOf":{"@id":"https:\/\/mybody5.ee.mybody.ee\/proov\/#website"},"primaryImageOfPage":{"@id":"https:\/\/mybody5.ee.mybody.ee\/proov\/product\/pihustatav-liposoomse-tehnoloogiaga-tsink-valens-zinc\/#primaryimage"},"image":{"@id":"https:\/\/mybody5.ee.mybody.ee\/proov\/product\/pihustatav-liposoomse-tehnoloogiaga-tsink-valens-zinc\/#primaryimage"},"thumbnailUrl":"https:\/\/mybody5.ee.mybody.ee\/proov\/wp-content\/uploads\/2019\/12\/liposomal-zinc-spray.-liposoomne-mineraal-zinkjpg.png","datePublished":"2019-12-09T22:25:44+00:00","description":"Valens Zinc Plus\u00a0 Tsink osaleb paljudes eluolulistes protsessides, sh enam","breadcrumb":{"@id":"https:\/\/mybody5.ee.mybody.ee\/proov\/product\/pihustatav-liposoomse-tehnoloogiaga-tsink-valens-zinc\/#breadcrumb"},"inLanguage":"et","potentialAction":[{"@type":"ReadAction","target":["https:\/\/mybody5.ee.mybody.ee\/proov\/product\/pihustatav-liposoomse-tehnoloogiaga-tsink-valens-zinc\/"]}]},{"@type":"ImageObject","inLanguage":"et","@id":"https:\/\/mybody5.ee.mybody.ee\/proov\/product\/pihustatav-liposoomse-tehnoloogiaga-tsink-valens-zinc\/#primaryimage","url":"https:\/\/mybody5.ee.mybody.ee\/proov\/wp-content\/uploads\/2019\/12\/liposomal-zinc-spray.-liposoomne-mineraal-zinkjpg.png","contentUrl":"https:\/\/mybody5.ee.mybody.ee\/proov\/wp-content\/uploads\/2019\/12\/liposomal-zinc-spray.-liposoomne-mineraal-zinkjpg.png","width":800,"height":800,"caption":"Pihustatav, liposoomse tehnoloogiaga tsink- Liposomal Zinc Spray"},{"@type":"BreadcrumbList","@id":"https:\/\/mybody5.ee.mybody.ee\/proov\/product\/pihustatav-liposoomse-tehnoloogiaga-tsink-valens-zinc\/#breadcrumb","itemListElement":[{"@type":"ListItem","position":1,"name":"Home","item":"https:\/\/mybody5.ee.mybody.ee\/proov\/"},{"@type":"ListItem","position":2,"name":"Shop","item":"https:\/\/mybody5.ee.mybody.ee\/proov\/shop\/"},{"@type":"ListItem","position":3,"name":"Pihustatav, liposoomse tehnoloogiaga tsink- Liposomal Zinc Spray"}]},{"@type":"WebSite","@id":"https:\/\/mybody5.ee.mybody.ee\/proov\/#website","url":"https:\/\/mybody5.ee.mybody.ee\/proov\/","name":"MyBody.ee - Toidulisandid ja sporditarvikud","description":"Just another WordPress site","publisher":{"@id":"https:\/\/mybody5.ee.mybody.ee\/proov\/#organization"},"potentialAction":[{"@type":"SearchAction","target":{"@type":"EntryPoint","urlTemplate":"https:\/\/mybody5.ee.mybody.ee\/proov\/?s={search_term_string}"},"query-input":{"@type":"PropertyValueSpecification","valueRequired":true,"valueName":"search_term_string"}}],"inLanguage":"et"},{"@type":"Organization","@id":"https:\/\/mybody5.ee.mybody.ee\/proov\/#organization","name":"MyBody.ee","url":"https:\/\/mybody5.ee.mybody.ee\/proov\/","logo":{"@type":"ImageObject","inLanguage":"et","@id":"https:\/\/mybody5.ee.mybody.ee\/proov\/#\/schema\/logo\/image\/","url":"https:\/\/mybody5.ee.mybody.ee\/proov\/wp-content\/uploads\/2023\/11\/mybody_logo_h65-2.png","contentUrl":"https:\/\/mybody5.ee.mybody.ee\/proov\/wp-content\/uploads\/2023\/11\/mybody_logo_h65-2.png","width":229,"height":65,"caption":"MyBody.ee"},"image":{"@id":"https:\/\/mybody5.ee.mybody.ee\/proov\/#\/schema\/logo\/image\/"},"sameAs":["https:\/\/facebook.com\/MyBody.ee\/"]}]}},"_links":{"self":[{"href":"https:\/\/mybody5.ee.mybody.ee\/proov\/wp-json\/wp\/v2\/product\/640","targetHints":{"allow":["GET"]}}],"collection":[{"href":"https:\/\/mybody5.ee.mybody.ee\/proov\/wp-json\/wp\/v2\/product"}],"about":[{"href":"https:\/\/mybody5.ee.mybody.ee\/proov\/wp-json\/wp\/v2\/types\/product"}],"replies":[{"embeddable":true,"href":"https:\/\/mybody5.ee.mybody.ee\/proov\/wp-json\/wp\/v2\/comments?post=640"}],"wp:featuredmedia":[{"embeddable":true,"href":"https:\/\/mybody5.ee.mybody.ee\/proov\/wp-json\/wp\/v2\/media\/639"}],"wp:attachment":[{"href":"https:\/\/mybody5.ee.mybody.ee\/proov\/wp-json\/wp\/v2\/media?parent=640"}],"wp:term":[{"taxonomy":"product_cat","embeddable":true,"href":"https:\/\/mybody5.ee.mybody.ee\/proov\/wp-json\/wp\/v2\/product_cat?post=640"},{"taxonomy":"product_tag","embeddable":true,"href":"https:\/\/mybody5.ee.mybody.ee\/proov\/wp-json\/wp\/v2\/product_tag?post=640"}],"curies":[{"name":"wp","href":"https:\/\/api.w.org\/{rel}","templated":true}]}}