{"id":642,"date":"2019-12-09T22:25:44","date_gmt":"2019-12-09T22:25:44","guid":{"rendered":"https:\/\/mybody5.ee.mybody.ee\/proov\/product\/suureparase-imenduvusega-pihustatav-multivitamiin-valens-multivitamin\/"},"modified":"2019-12-09T22:25:44","modified_gmt":"2019-12-09T22:25:44","slug":"suureparase-imenduvusega-pihustatav-multivitamiin-valens-multivitamin","status":"publish","type":"product","link":"https:\/\/mybody5.ee.mybody.ee\/proov\/product\/suureparase-imenduvusega-pihustatav-multivitamiin-valens-multivitamin\/","title":{"rendered":"Suurep\u00e4rase imenduvusega pihustatav multivitamiin &#8211; Multivitamin Spray"},"content":{"rendered":"<p><strong>Multivitamin Spray&nbsp;<\/strong>on mitmek\u00fclgse koostisega toode, milles&nbsp;sisalduvad&nbsp;vitamiinid&nbsp;ja mineraalained on olulised normaalseks f\u00fc\u00fcsiliseks ja vaimseks arenguks ning ainevahetuseks. \u00dcks kapsel sisaldab k\u00f5iki vitamiine soovitusliku p\u00e4evase koguse jagu.<\/p>\n<p>Multivitamiinid on hea investeering, et t\u00e4iustada oma men\u00fc\u00fcd ja parandada sportlike saavutusi.&nbsp;Kui kehas on vitamiinide puuduj\u00e4\u00e4gid, v\u00f5ib see p\u00f5hjustada erinevaid terviseh\u00e4ireid. Ainu\u00fcksi toidust on e<span style=\"line-height: 1.6em;\">riti raske saada k\u00e4tte k\u00f5ike vajalike vitamiine ja mineraalaineid, olles piiratud kalorsusega dieedil.<\/span><\/p>\n<ul>\n<li><span style=\"line-height: 1.6em;\">Aitab toetada immuuns\u00fcsteemi<\/span><\/li>\n<li>Aitab kaasa luude ja kudede arengule<\/li>\n<li>Suurendab vastupidavust f\u00fc\u00fcsilisele koormusele<\/li>\n<li>Katab puuduolevate&nbsp;vitamiinide vajaduse<\/li>\n<\/ul>\n<h3>Kasutamine<\/h3>\n<p>Soovituslik p\u00e4evane annus t\u00e4iskasvanule 4 pihustust p\u00e4evas suhu v\u00f5i p\u00f5se sisek\u00fcljele. Enne kasutamist loksutada!<\/p>\n<h3>Kellele sobib?<\/h3>\n<p>Sobib h\u00e4sti neile, kes tunnevad pidevat v\u00e4simust ja energiapuudust; samuti neile, kel on suurenenud vitamiinide ja mineraalide vajadus.<\/p>\n<p><span style=\"box-sizing: inherit; font-weight: bolder; caret-color: rgb(85, 85, 85); color: rgb(85, 85, 85); font-family: Quicksand, Arial, sans-serif; font-size: 16px; text-align: justify; text-size-adjust: auto;\">S\u00e4ilitamine:<\/span><span style=\"caret-color: rgb(85, 85, 85); color: rgb(85, 85, 85); font-family: Quicksand, Arial, sans-serif; font-size: 16px; text-align: justify; text-size-adjust: auto;\"><span class=\"Apple-converted-space\">&nbsp;<\/span>Hoida kuivas, toatemperatuuril (mitte \u00fcle 25<\/span><span style=\"box-sizing: inherit; font-weight: bolder; caret-color: rgb(85, 85, 85); color: rgb(85, 85, 85); font-family: Quicksand, Arial, sans-serif; font-size: 16px; text-align: justify; text-size-adjust: auto;\">\u00b0<\/span><span style=\"caret-color: rgb(85, 85, 85); color: rgb(85, 85, 85); font-family: Quicksand, Arial, sans-serif; font-size: 16px; text-align: justify; text-size-adjust: auto;\">C) kaitstuna otsese p\u00e4ikesevalguse eest. P\u00e4rast esmast avamist s\u00e4ilivusaeg 3 kuud.<\/span><\/p>\n<h3>Pakend: <span style=\"font-size:12px;\"><span style=\"font-family: arial,helvetica,sans-serif;\">25 ml apelsinimaitseline<\/span><\/span><\/h3>\n<table border=\"1\" cellpadding=\"1\" cellspacing=\"1\" style=\"height:150px; width:438px\">\n<tbody>\n<tr>\n<td><strong>Valens Multivitamin<\/strong><strong> koostisosad<\/strong><\/td>\n<td><strong>4 pihustuse kohta<\/strong><\/td>\n<\/tr>\n<tr>\n<td>Vitamiin A<\/td>\n<td>420 mcg<\/td>\n<\/tr>\n<tr>\n<td>Vitamiin D<\/td>\n<td>25 mcg<\/td>\n<\/tr>\n<tr>\n<td>Vitamiin E<\/td>\n<td>3 mg<\/td>\n<\/tr>\n<tr>\n<td>Vitamiin B1<\/td>\n<td>2,2 mg<\/td>\n<\/tr>\n<tr>\n<td>Vitamiin B2<\/td>\n<td>0,28 mg<\/td>\n<\/tr>\n<tr>\n<td>Niatsiin<\/td>\n<td>4 mg<\/td>\n<\/tr>\n<tr>\n<td>Pantoteenhappe<\/td>\n<td>8,5 mg<\/td>\n<\/tr>\n<tr>\n<td>Vitamiin B6<\/td>\n<td>2,4 mg<\/td>\n<\/tr>\n<tr>\n<td>Vitamiin B12<\/td>\n<td>12,5 mcg<\/td>\n<\/tr>\n<tr>\n<td>Foolhape<\/td>\n<td>400 mcg<\/td>\n<\/tr>\n<tr>\n<td>Biotiin<\/td>\n<td>50 mcg<\/td>\n<\/tr>\n<tr>\n<td><span style=\"font-size:12px\">Vitamiin C<\/span><\/td>\n<td>20 mg<\/td>\n<\/tr>\n<tr>\n<td>Koens\u00fc\u00fcm Q10<\/td>\n<td>5 mg<\/td>\n<\/tr>\n<tr>\n<td colspan=\"2\"><span style=\"font-size:9px;\">Koostis:<\/span><span style=\"font-size:8px;\"> vesi, magusaine: ks\u00fclitool (30%), kontsentreeritud apelsinimahl (8%), Q10Vital\u00ae (vesi,<br \/> \t\t\tmodifitseeritud t\u00e4rklis, koens\u00fc\u00fcm Q10), naatrium-L-askorbaat, apelsini maitseaine, kolekaltsiferool, kaltsium D-pantotenaat, DL-alfa-tokofer\u00fc\u00fclatsetaat, nikotiinamiid, p\u00fcridoksiinvesinikkloriid, retin\u00fc\u00fclatsetaat, tiamiinvesinikkloriid, s\u00e4ilitusaine: kaaliumsorbaat, paksendaja: ksantaankumm, ptero\u00fc\u00fclmonoglutamiinhape, naatriumriboflaviin 5&#8242;-fosfaat, D-biotiin, met\u00fc\u00fclkobalamiin<\/span><br \/> \t\t\t<strong>NB!&nbsp;Sobilik ka veganitele! Gluteeni-, \u017eelatiini ja alkoholivaba! Ei sisalda kunstlikke v\u00e4rvaineid!<\/strong><br \/> \t\t\t&nbsp;<\/td>\n<\/tr>\n<\/tbody>\n<\/table>\n<p>Konsultatsioon<\/p>\n<ul>\n<li>Oled oodatud asuta konsultatsioonile MYBODY Audentese kauplusesse,<\/li>\n<li>Asukoht: Audentese Spordikeskus, Tondi 84.<\/li>\n<li>Telefon EST\/RUS\/ENG +372&nbsp;523 1960<\/li>\n<li>Telefon EST\/ENG +372 56&nbsp;458&nbsp;688<\/li>\n<li><a href=\"mailto:info@mybody.ee\">info@mybody.ee<\/a><\/li>\n<li><a href=\"http:\/\/www.facebook.com\/mybody.ee\">www.facebook.com\/mybody.ee<\/a><\/li>\n<\/ul>\n","protected":false},"excerpt":{"rendered":"<p>Multivitamin Spray&nbsp;on mitmek\u00fclgse koostisega toode, milles&nbsp;sisalduvad&nbsp;vitamiinid&nbsp;ja mineraalained on olulised normaalseks f\u00fc\u00fcsiliseks ja vaimseks arenguks ning ainevahetuseks. \u00dcks kapsel sisaldab k\u00f5iki vitamiine soovitusliku p\u00e4evase koguse jagu. Multivitamiinid on hea investeering, et t\u00e4iustada oma men\u00fc\u00fcd ja parandada sportlike saavutusi.&nbsp;Kui kehas on vitamiinide puuduj\u00e4\u00e4gid, v\u00f5ib see p\u00f5hjustada erinevaid terviseh\u00e4ireid. Ainu\u00fcksi toidust on eriti raske saada k\u00e4tte k\u00f5ike vajalike [&hellip;]<\/p>\n","protected":false},"featured_media":641,"comment_status":"open","ping_status":"closed","template":"","meta":{"inline_featured_image":false},"product_cat":[32,50],"product_tag":[],"class_list":{"0":"post-642","1":"product","2":"type-product","3":"status-publish","4":"has-post-thumbnail","6":"product_cat-mikroelemendid","7":"product_cat-vitamiinid-ja-mineraalid","8":"pa_kogustablettikapslit-120tk","9":"pa_kunakasutada-uldiselttugevdav","10":"pa_vorm-tablettkapsel","12":"first","13":"instock","14":"shipping-taxable","15":"purchasable","16":"product-type-simple"},"yoast_head":"<!-- This site is optimized with the Yoast SEO plugin v27.3 - https:\/\/yoast.com\/product\/yoast-seo-wordpress\/ -->\n<title>Suurep\u00e4rase imenduvusega pihustatav multivitamiin - Valens Multivitamin - MyBody.ee - Toidulisandid ja sporditarvikud<\/title>\n<meta name=\"description\" content=\"Valens Multivitamin\u00a0on mitmek\u00fclgse koostisega toode, milles\u00a0sisalduvad\u00a0vitamiinid\u00a0\" \/>\n<meta name=\"robots\" content=\"index, follow, max-snippet:-1, max-image-preview:large, max-video-preview:-1\" \/>\n<link rel=\"canonical\" href=\"https:\/\/mybody5.ee.mybody.ee\/proov\/product\/suureparase-imenduvusega-pihustatav-multivitamiin-valens-multivitamin\/\" \/>\n<meta property=\"og:locale\" content=\"et_EE\" \/>\n<meta property=\"og:type\" content=\"article\" \/>\n<meta property=\"og:title\" content=\"Suurep\u00e4rase imenduvusega pihustatav multivitamiin - Valens Multivitamin - MyBody.ee - Toidulisandid ja sporditarvikud\" \/>\n<meta property=\"og:description\" content=\"Valens Multivitamin\u00a0on mitmek\u00fclgse koostisega toode, milles\u00a0sisalduvad\u00a0vitamiinid\u00a0\" \/>\n<meta property=\"og:url\" content=\"https:\/\/mybody5.ee.mybody.ee\/proov\/product\/suureparase-imenduvusega-pihustatav-multivitamiin-valens-multivitamin\/\" \/>\n<meta property=\"og:site_name\" content=\"supplero\" \/>\n<meta property=\"article:publisher\" content=\"https:\/\/facebook.com\/MyBody.ee\/\" \/>\n<meta property=\"og:image\" content=\"https:\/\/mybody5.ee.mybody.ee\/proov\/wp-content\/uploads\/2019\/12\/multivitamiin-ja-mineraalide-sprei.png\" \/>\n\t<meta property=\"og:image:width\" content=\"800\" \/>\n\t<meta property=\"og:image:height\" content=\"800\" \/>\n\t<meta property=\"og:image:type\" content=\"image\/png\" \/>\n<meta name=\"twitter:card\" content=\"summary_large_image\" \/>\n<meta name=\"twitter:label1\" content=\"Est. reading time\" \/>\n\t<meta name=\"twitter:data1\" content=\"1 minut\" \/>\n<script type=\"application\/ld+json\" class=\"yoast-schema-graph\">{\"@context\":\"https:\\\/\\\/schema.org\",\"@graph\":[{\"@type\":\"WebPage\",\"@id\":\"https:\\\/\\\/mybody5.ee.mybody.ee\\\/proov\\\/product\\\/suureparase-imenduvusega-pihustatav-multivitamiin-valens-multivitamin\\\/\",\"url\":\"https:\\\/\\\/mybody5.ee.mybody.ee\\\/proov\\\/product\\\/suureparase-imenduvusega-pihustatav-multivitamiin-valens-multivitamin\\\/\",\"name\":\"Suurep\u00e4rase imenduvusega pihustatav multivitamiin - Valens Multivitamin - MyBody.ee - Toidulisandid ja sporditarvikud\",\"isPartOf\":{\"@id\":\"https:\\\/\\\/mybody5.ee.mybody.ee\\\/proov\\\/#website\"},\"primaryImageOfPage\":{\"@id\":\"https:\\\/\\\/mybody5.ee.mybody.ee\\\/proov\\\/product\\\/suureparase-imenduvusega-pihustatav-multivitamiin-valens-multivitamin\\\/#primaryimage\"},\"image\":{\"@id\":\"https:\\\/\\\/mybody5.ee.mybody.ee\\\/proov\\\/product\\\/suureparase-imenduvusega-pihustatav-multivitamiin-valens-multivitamin\\\/#primaryimage\"},\"thumbnailUrl\":\"https:\\\/\\\/mybody5.ee.mybody.ee\\\/proov\\\/wp-content\\\/uploads\\\/2019\\\/12\\\/multivitamiin-ja-mineraalide-sprei.png\",\"datePublished\":\"2019-12-09T22:25:44+00:00\",\"description\":\"Valens Multivitamin\u00a0on mitmek\u00fclgse koostisega toode, milles\u00a0sisalduvad\u00a0vitamiinid\u00a0\",\"breadcrumb\":{\"@id\":\"https:\\\/\\\/mybody5.ee.mybody.ee\\\/proov\\\/product\\\/suureparase-imenduvusega-pihustatav-multivitamiin-valens-multivitamin\\\/#breadcrumb\"},\"inLanguage\":\"et\",\"potentialAction\":[{\"@type\":\"ReadAction\",\"target\":[\"https:\\\/\\\/mybody5.ee.mybody.ee\\\/proov\\\/product\\\/suureparase-imenduvusega-pihustatav-multivitamiin-valens-multivitamin\\\/\"]}]},{\"@type\":\"ImageObject\",\"inLanguage\":\"et\",\"@id\":\"https:\\\/\\\/mybody5.ee.mybody.ee\\\/proov\\\/product\\\/suureparase-imenduvusega-pihustatav-multivitamiin-valens-multivitamin\\\/#primaryimage\",\"url\":\"https:\\\/\\\/mybody5.ee.mybody.ee\\\/proov\\\/wp-content\\\/uploads\\\/2019\\\/12\\\/multivitamiin-ja-mineraalide-sprei.png\",\"contentUrl\":\"https:\\\/\\\/mybody5.ee.mybody.ee\\\/proov\\\/wp-content\\\/uploads\\\/2019\\\/12\\\/multivitamiin-ja-mineraalide-sprei.png\",\"width\":800,\"height\":800,\"caption\":\"Suurep\u00e4rase imenduvusega pihustatav multivitamiin - Multivitamin Spray\"},{\"@type\":\"BreadcrumbList\",\"@id\":\"https:\\\/\\\/mybody5.ee.mybody.ee\\\/proov\\\/product\\\/suureparase-imenduvusega-pihustatav-multivitamiin-valens-multivitamin\\\/#breadcrumb\",\"itemListElement\":[{\"@type\":\"ListItem\",\"position\":1,\"name\":\"Home\",\"item\":\"https:\\\/\\\/mybody5.ee.mybody.ee\\\/proov\\\/\"},{\"@type\":\"ListItem\",\"position\":2,\"name\":\"Shop\",\"item\":\"https:\\\/\\\/mybody5.ee.mybody.ee\\\/proov\\\/shop\\\/\"},{\"@type\":\"ListItem\",\"position\":3,\"name\":\"Suurep\u00e4rase imenduvusega pihustatav multivitamiin &#8211; Multivitamin Spray\"}]},{\"@type\":\"WebSite\",\"@id\":\"https:\\\/\\\/mybody5.ee.mybody.ee\\\/proov\\\/#website\",\"url\":\"https:\\\/\\\/mybody5.ee.mybody.ee\\\/proov\\\/\",\"name\":\"MyBody.ee - Toidulisandid ja sporditarvikud\",\"description\":\"Just another WordPress site\",\"publisher\":{\"@id\":\"https:\\\/\\\/mybody5.ee.mybody.ee\\\/proov\\\/#organization\"},\"potentialAction\":[{\"@type\":\"SearchAction\",\"target\":{\"@type\":\"EntryPoint\",\"urlTemplate\":\"https:\\\/\\\/mybody5.ee.mybody.ee\\\/proov\\\/?s={search_term_string}\"},\"query-input\":{\"@type\":\"PropertyValueSpecification\",\"valueRequired\":true,\"valueName\":\"search_term_string\"}}],\"inLanguage\":\"et\"},{\"@type\":\"Organization\",\"@id\":\"https:\\\/\\\/mybody5.ee.mybody.ee\\\/proov\\\/#organization\",\"name\":\"MyBody.ee\",\"url\":\"https:\\\/\\\/mybody5.ee.mybody.ee\\\/proov\\\/\",\"logo\":{\"@type\":\"ImageObject\",\"inLanguage\":\"et\",\"@id\":\"https:\\\/\\\/mybody5.ee.mybody.ee\\\/proov\\\/#\\\/schema\\\/logo\\\/image\\\/\",\"url\":\"https:\\\/\\\/mybody5.ee.mybody.ee\\\/proov\\\/wp-content\\\/uploads\\\/2023\\\/11\\\/mybody_logo_h65-2.png\",\"contentUrl\":\"https:\\\/\\\/mybody5.ee.mybody.ee\\\/proov\\\/wp-content\\\/uploads\\\/2023\\\/11\\\/mybody_logo_h65-2.png\",\"width\":229,\"height\":65,\"caption\":\"MyBody.ee\"},\"image\":{\"@id\":\"https:\\\/\\\/mybody5.ee.mybody.ee\\\/proov\\\/#\\\/schema\\\/logo\\\/image\\\/\"},\"sameAs\":[\"https:\\\/\\\/facebook.com\\\/MyBody.ee\\\/\"]}]}<\/script>\n<!-- \/ Yoast SEO plugin. -->","yoast_head_json":{"title":"Suurep\u00e4rase imenduvusega pihustatav multivitamiin - Valens Multivitamin - MyBody.ee - Toidulisandid ja sporditarvikud","description":"Valens Multivitamin\u00a0on mitmek\u00fclgse koostisega toode, milles\u00a0sisalduvad\u00a0vitamiinid\u00a0","robots":{"index":"index","follow":"follow","max-snippet":"max-snippet:-1","max-image-preview":"max-image-preview:large","max-video-preview":"max-video-preview:-1"},"canonical":"https:\/\/mybody5.ee.mybody.ee\/proov\/product\/suureparase-imenduvusega-pihustatav-multivitamiin-valens-multivitamin\/","og_locale":"et_EE","og_type":"article","og_title":"Suurep\u00e4rase imenduvusega pihustatav multivitamiin - Valens Multivitamin - MyBody.ee - Toidulisandid ja sporditarvikud","og_description":"Valens Multivitamin\u00a0on mitmek\u00fclgse koostisega toode, milles\u00a0sisalduvad\u00a0vitamiinid\u00a0","og_url":"https:\/\/mybody5.ee.mybody.ee\/proov\/product\/suureparase-imenduvusega-pihustatav-multivitamiin-valens-multivitamin\/","og_site_name":"supplero","article_publisher":"https:\/\/facebook.com\/MyBody.ee\/","og_image":[{"width":800,"height":800,"url":"https:\/\/mybody5.ee.mybody.ee\/proov\/wp-content\/uploads\/2019\/12\/multivitamiin-ja-mineraalide-sprei.png","type":"image\/png"}],"twitter_card":"summary_large_image","twitter_misc":{"Est. reading time":"1 minut"},"schema":{"@context":"https:\/\/schema.org","@graph":[{"@type":"WebPage","@id":"https:\/\/mybody5.ee.mybody.ee\/proov\/product\/suureparase-imenduvusega-pihustatav-multivitamiin-valens-multivitamin\/","url":"https:\/\/mybody5.ee.mybody.ee\/proov\/product\/suureparase-imenduvusega-pihustatav-multivitamiin-valens-multivitamin\/","name":"Suurep\u00e4rase imenduvusega pihustatav multivitamiin - Valens Multivitamin - MyBody.ee - Toidulisandid ja sporditarvikud","isPartOf":{"@id":"https:\/\/mybody5.ee.mybody.ee\/proov\/#website"},"primaryImageOfPage":{"@id":"https:\/\/mybody5.ee.mybody.ee\/proov\/product\/suureparase-imenduvusega-pihustatav-multivitamiin-valens-multivitamin\/#primaryimage"},"image":{"@id":"https:\/\/mybody5.ee.mybody.ee\/proov\/product\/suureparase-imenduvusega-pihustatav-multivitamiin-valens-multivitamin\/#primaryimage"},"thumbnailUrl":"https:\/\/mybody5.ee.mybody.ee\/proov\/wp-content\/uploads\/2019\/12\/multivitamiin-ja-mineraalide-sprei.png","datePublished":"2019-12-09T22:25:44+00:00","description":"Valens Multivitamin\u00a0on mitmek\u00fclgse koostisega toode, milles\u00a0sisalduvad\u00a0vitamiinid\u00a0","breadcrumb":{"@id":"https:\/\/mybody5.ee.mybody.ee\/proov\/product\/suureparase-imenduvusega-pihustatav-multivitamiin-valens-multivitamin\/#breadcrumb"},"inLanguage":"et","potentialAction":[{"@type":"ReadAction","target":["https:\/\/mybody5.ee.mybody.ee\/proov\/product\/suureparase-imenduvusega-pihustatav-multivitamiin-valens-multivitamin\/"]}]},{"@type":"ImageObject","inLanguage":"et","@id":"https:\/\/mybody5.ee.mybody.ee\/proov\/product\/suureparase-imenduvusega-pihustatav-multivitamiin-valens-multivitamin\/#primaryimage","url":"https:\/\/mybody5.ee.mybody.ee\/proov\/wp-content\/uploads\/2019\/12\/multivitamiin-ja-mineraalide-sprei.png","contentUrl":"https:\/\/mybody5.ee.mybody.ee\/proov\/wp-content\/uploads\/2019\/12\/multivitamiin-ja-mineraalide-sprei.png","width":800,"height":800,"caption":"Suurep\u00e4rase imenduvusega pihustatav multivitamiin - Multivitamin Spray"},{"@type":"BreadcrumbList","@id":"https:\/\/mybody5.ee.mybody.ee\/proov\/product\/suureparase-imenduvusega-pihustatav-multivitamiin-valens-multivitamin\/#breadcrumb","itemListElement":[{"@type":"ListItem","position":1,"name":"Home","item":"https:\/\/mybody5.ee.mybody.ee\/proov\/"},{"@type":"ListItem","position":2,"name":"Shop","item":"https:\/\/mybody5.ee.mybody.ee\/proov\/shop\/"},{"@type":"ListItem","position":3,"name":"Suurep\u00e4rase imenduvusega pihustatav multivitamiin &#8211; Multivitamin Spray"}]},{"@type":"WebSite","@id":"https:\/\/mybody5.ee.mybody.ee\/proov\/#website","url":"https:\/\/mybody5.ee.mybody.ee\/proov\/","name":"MyBody.ee - Toidulisandid ja sporditarvikud","description":"Just another WordPress site","publisher":{"@id":"https:\/\/mybody5.ee.mybody.ee\/proov\/#organization"},"potentialAction":[{"@type":"SearchAction","target":{"@type":"EntryPoint","urlTemplate":"https:\/\/mybody5.ee.mybody.ee\/proov\/?s={search_term_string}"},"query-input":{"@type":"PropertyValueSpecification","valueRequired":true,"valueName":"search_term_string"}}],"inLanguage":"et"},{"@type":"Organization","@id":"https:\/\/mybody5.ee.mybody.ee\/proov\/#organization","name":"MyBody.ee","url":"https:\/\/mybody5.ee.mybody.ee\/proov\/","logo":{"@type":"ImageObject","inLanguage":"et","@id":"https:\/\/mybody5.ee.mybody.ee\/proov\/#\/schema\/logo\/image\/","url":"https:\/\/mybody5.ee.mybody.ee\/proov\/wp-content\/uploads\/2023\/11\/mybody_logo_h65-2.png","contentUrl":"https:\/\/mybody5.ee.mybody.ee\/proov\/wp-content\/uploads\/2023\/11\/mybody_logo_h65-2.png","width":229,"height":65,"caption":"MyBody.ee"},"image":{"@id":"https:\/\/mybody5.ee.mybody.ee\/proov\/#\/schema\/logo\/image\/"},"sameAs":["https:\/\/facebook.com\/MyBody.ee\/"]}]}},"_links":{"self":[{"href":"https:\/\/mybody5.ee.mybody.ee\/proov\/wp-json\/wp\/v2\/product\/642","targetHints":{"allow":["GET"]}}],"collection":[{"href":"https:\/\/mybody5.ee.mybody.ee\/proov\/wp-json\/wp\/v2\/product"}],"about":[{"href":"https:\/\/mybody5.ee.mybody.ee\/proov\/wp-json\/wp\/v2\/types\/product"}],"replies":[{"embeddable":true,"href":"https:\/\/mybody5.ee.mybody.ee\/proov\/wp-json\/wp\/v2\/comments?post=642"}],"wp:featuredmedia":[{"embeddable":true,"href":"https:\/\/mybody5.ee.mybody.ee\/proov\/wp-json\/wp\/v2\/media\/641"}],"wp:attachment":[{"href":"https:\/\/mybody5.ee.mybody.ee\/proov\/wp-json\/wp\/v2\/media?parent=642"}],"wp:term":[{"taxonomy":"product_cat","embeddable":true,"href":"https:\/\/mybody5.ee.mybody.ee\/proov\/wp-json\/wp\/v2\/product_cat?post=642"},{"taxonomy":"product_tag","embeddable":true,"href":"https:\/\/mybody5.ee.mybody.ee\/proov\/wp-json\/wp\/v2\/product_tag?post=642"}],"curies":[{"name":"wp","href":"https:\/\/api.w.org\/{rel}","templated":true}]}}