{"id":652,"date":"2019-12-09T22:25:44","date_gmt":"2019-12-09T22:25:44","guid":{"rendered":"https:\/\/mybody5.ee.mybody.ee\/proov\/product\/pihustatav-kliiniliselt-toestatud-parima-imenduvusega-patendeeritud-vesilahustuv-coq10-valens-coq10\/"},"modified":"2019-12-09T22:25:44","modified_gmt":"2019-12-09T22:25:44","slug":"pihustatav-kliiniliselt-toestatud-parima-imenduvusega-patendeeritud-vesilahustuv-coq10-valens-coq10","status":"publish","type":"product","link":"https:\/\/mybody5.ee.mybody.ee\/proov\/product\/pihustatav-kliiniliselt-toestatud-parima-imenduvusega-patendeeritud-vesilahustuv-coq10-valens-coq10\/","title":{"rendered":"Pihustatav, kliiniliselt t\u00f5estatud parima imenduvusega patendeeritud vesilahustuv vitamiin Q10- Coenzyme CoQ10 Spray"},"content":{"rendered":"<p><strong>Vitamin CoQ10<\/strong><\/p>\n<p><strong>Q10 &nbsp;(ubikiinool)<\/strong> osaleb keha keemilistes protsessides ja lihaste energiaga varustamisel.<br \/> <strong>Q-10 on v\u00f5imas antioks\u00fcdant<\/strong>, mis kaitseb organismi rakkude vananemist p\u00f5hjustavate vabade radikaalide eest, aitab s\u00e4ilitada keha tervet seisundit, t\u00f5hustab ainevahetust ja&nbsp;on kasulik s\u00fcdamelihastele. Viimast eriti suurenenud energiavajaduse ja vaimse v\u00f5i f\u00fc\u00fcsilise koormuse korral.<\/p>\n<p>Vanuse&nbsp;ning suure treeningkoormusega keha Q10 tase langeb ning Valens&nbsp;CoQ10 toidulisandi abil on v\u00f5imalik seda taas t\u00f5sta.&nbsp;<span style=\"line-height: 20.7999992370605px;\">Q10 taseme t\u00f5stmine kehas aitab v\u00f5idelda organismi vananemise vastu, v\u00f5imaldab pikemaid treeninguid ning kiiremat taastumist k\u00f5rgema koormusega treeningutest.<\/span><\/p>\n<h3>Toime<\/h3>\n<ul>\n<li>Tugevdab immuunsust<\/li>\n<li>Kiirendab taastumist treeningutest<\/li>\n<li>Aitab v\u00f5idelda vananemise vastu<\/li>\n<li>Varustab keha antioks\u00fcdantidega<\/li>\n<\/ul>\n<h3>Kasutamine<\/h3>\n<h3><span style=\"font-size:12px;\"><span style=\"font-family:arial,helvetica,sans-serif;\">Soovituslik p\u00e4evane annus t\u00e4iskasvanule 5 pihustust p\u00e4evas suhu v\u00f5i p\u00f5se sisek\u00fcljele. Enne kasutamist loksutada!<\/span><\/span><\/p>\n<p> Kellele sobib?<\/h3>\n<p>Sobib kasutamiseks k\u00f5igile, kes soovivad <span style=\"line-height: 20.7999992370605px;\">tugevdada&nbsp;<\/span>immuuns\u00fcsteemi, taastuda kiiremini treeningutest ning kaitsta organismi vananemist p\u00f5hjustavate vabade radikaalide eest.<\/p>\n<h3>Pakend: <span style=\"font-size:12px;\"><span style=\"font-family:arial,helvetica,sans-serif;\">25ml ananassimaitseline<\/span><\/span>&nbsp;<\/h3>\n<h3>Koostis:&nbsp;<span style=\"font-size:12px;\"><span style=\"font-family:arial,helvetica,sans-serif;\">Q10Vital\u00ae (vesi, modifitseeritud t\u00e4rklis, koens\u00fc\u00fcm Q10), magusaine: ks\u00fclitool (21%), vesi, ananassi maitseaine, s\u00e4ilitusaine: kaaliumsorbaat, paksendaja: ksantaankumm, tiamiinvesinikkloriid (B1 vitamiin).<\/span><\/span><\/h3>\n<table border=\"1\" cellpadding=\"0\" cellspacing=\"1\" style=\"width:194px\">\n<tbody>\n<tr>\n<td><strong>Biaks CoQ10 aktiivsed toimeained<\/strong><\/td>\n<td><strong>5 pihustuse kohta<\/strong><\/td>\n<\/tr>\n<tr>\n<td>Koeens\u00fc\u00fcm Q10<\/td>\n<td>50 mg<\/td>\n<\/tr>\n<tr>\n<td>Vitamiin B1<\/td>\n<td>0.33 mg<\/td>\n<\/tr>\n<\/tbody>\n<\/table>\n<h3>Konsultatsioon<\/h3>\n<ul>\n<li><span style=\"font-size:14px\">Oled oodatud tasuta konsultatsioonile MYBODY Audentese kauplusesse,<\/span><\/li>\n<li><span style=\"font-size:14px\">Asukoht: Audentese Spordikeskus, Tondi 84.<\/span><\/li>\n<li><span style=\"font-size:14px\">Telefon EST\/RUS\/ENG +372&nbsp;523 1960<\/span><\/li>\n<li><span style=\"font-size:14px\">Telefon EST\/ENG +372 56&nbsp;458&nbsp;688<\/span><\/li>\n<li><span style=\"font-size:14px\"><a href=\"mailto:info@mybody.ee\" style=\"font-size: 12px; color: rgb(11, 158, 201); text-decoration: none; cursor: pointer;\">info@mybody.ee<\/a><\/span><\/li>\n<li><span style=\"font-size:14px\"><a href=\"http:\/\/www.facebook.com\/mybody.ee\" style=\"font-size: 12px; color: rgb(11, 158, 201); text-decoration: none; cursor: pointer;\">www.facebook.com\/mybody.ee<\/a><\/span><\/li>\n<\/ul>\n","protected":false},"excerpt":{"rendered":"<p>Vitamin CoQ10 Q10 &nbsp;(ubikiinool) osaleb keha keemilistes protsessides ja lihaste energiaga varustamisel. Q-10 on v\u00f5imas antioks\u00fcdant, mis kaitseb organismi rakkude vananemist p\u00f5hjustavate vabade radikaalide eest, aitab s\u00e4ilitada keha tervet seisundit, t\u00f5hustab ainevahetust ja&nbsp;on kasulik s\u00fcdamelihastele. Viimast eriti suurenenud energiavajaduse ja vaimse v\u00f5i f\u00fc\u00fcsilise koormuse korral. Vanuse&nbsp;ning suure treeningkoormusega keha Q10 tase langeb ning Valens&nbsp;CoQ10 toidulisandi [&hellip;]<\/p>\n","protected":false},"featured_media":651,"comment_status":"open","ping_status":"closed","template":"","meta":{"inline_featured_image":false},"product_cat":[32,50],"product_tag":[],"class_list":{"0":"post-652","1":"product","2":"type-product","3":"status-publish","4":"has-post-thumbnail","6":"product_cat-mikroelemendid","7":"product_cat-vitamiinid-ja-mineraalid","8":"pa_kunakasutada-uldiselttugevdav","10":"first","11":"instock","12":"shipping-taxable","13":"purchasable","14":"product-type-simple"},"yoast_head":"<!-- This site is optimized with the Yoast SEO plugin v27.3 - https:\/\/yoast.com\/product\/yoast-seo-wordpress\/ -->\n<title>Pihustatav, kliiniliselt t\u00f5estatud parima imenduvusega patendeeritud vesilahustuv CoQ10- Valens CoQ10 - MyBody.ee - Toidulisandid ja sporditarvikud<\/title>\n<meta name=\"description\" content=\"Valens CoQ10 Q10 \u00a0(ubikiinool) osaleb keha keemilistes protsessides ja\" \/>\n<meta name=\"robots\" content=\"index, follow, max-snippet:-1, max-image-preview:large, max-video-preview:-1\" \/>\n<link rel=\"canonical\" href=\"https:\/\/mybody5.ee.mybody.ee\/proov\/product\/pihustatav-kliiniliselt-toestatud-parima-imenduvusega-patendeeritud-vesilahustuv-coq10-valens-coq10\/\" \/>\n<meta property=\"og:locale\" content=\"et_EE\" \/>\n<meta property=\"og:type\" content=\"article\" \/>\n<meta property=\"og:title\" content=\"Pihustatav, kliiniliselt t\u00f5estatud parima imenduvusega patendeeritud vesilahustuv CoQ10- Valens CoQ10 - MyBody.ee - Toidulisandid ja sporditarvikud\" \/>\n<meta property=\"og:description\" content=\"Valens CoQ10 Q10 \u00a0(ubikiinool) osaleb keha keemilistes protsessides ja\" \/>\n<meta property=\"og:url\" content=\"https:\/\/mybody5.ee.mybody.ee\/proov\/product\/pihustatav-kliiniliselt-toestatud-parima-imenduvusega-patendeeritud-vesilahustuv-coq10-valens-coq10\/\" \/>\n<meta property=\"og:site_name\" content=\"supplero\" \/>\n<meta property=\"article:publisher\" content=\"https:\/\/facebook.com\/MyBody.ee\/\" \/>\n<meta property=\"og:image\" content=\"https:\/\/mybody5.ee.mybody.ee\/proov\/wp-content\/uploads\/2019\/12\/coenzyme-Vitamiin-q10.png\" \/>\n\t<meta property=\"og:image:width\" content=\"800\" \/>\n\t<meta property=\"og:image:height\" content=\"800\" \/>\n\t<meta property=\"og:image:type\" content=\"image\/png\" \/>\n<meta name=\"twitter:card\" content=\"summary_large_image\" \/>\n<meta name=\"twitter:label1\" content=\"Est. reading time\" \/>\n\t<meta name=\"twitter:data1\" content=\"1 minut\" \/>\n<script type=\"application\/ld+json\" class=\"yoast-schema-graph\">{\"@context\":\"https:\\\/\\\/schema.org\",\"@graph\":[{\"@type\":\"WebPage\",\"@id\":\"https:\\\/\\\/mybody5.ee.mybody.ee\\\/proov\\\/product\\\/pihustatav-kliiniliselt-toestatud-parima-imenduvusega-patendeeritud-vesilahustuv-coq10-valens-coq10\\\/\",\"url\":\"https:\\\/\\\/mybody5.ee.mybody.ee\\\/proov\\\/product\\\/pihustatav-kliiniliselt-toestatud-parima-imenduvusega-patendeeritud-vesilahustuv-coq10-valens-coq10\\\/\",\"name\":\"Pihustatav, kliiniliselt t\u00f5estatud parima imenduvusega patendeeritud vesilahustuv CoQ10- Valens CoQ10 - MyBody.ee - Toidulisandid ja sporditarvikud\",\"isPartOf\":{\"@id\":\"https:\\\/\\\/mybody5.ee.mybody.ee\\\/proov\\\/#website\"},\"primaryImageOfPage\":{\"@id\":\"https:\\\/\\\/mybody5.ee.mybody.ee\\\/proov\\\/product\\\/pihustatav-kliiniliselt-toestatud-parima-imenduvusega-patendeeritud-vesilahustuv-coq10-valens-coq10\\\/#primaryimage\"},\"image\":{\"@id\":\"https:\\\/\\\/mybody5.ee.mybody.ee\\\/proov\\\/product\\\/pihustatav-kliiniliselt-toestatud-parima-imenduvusega-patendeeritud-vesilahustuv-coq10-valens-coq10\\\/#primaryimage\"},\"thumbnailUrl\":\"https:\\\/\\\/mybody5.ee.mybody.ee\\\/proov\\\/wp-content\\\/uploads\\\/2019\\\/12\\\/coenzyme-Vitamiin-q10.png\",\"datePublished\":\"2019-12-09T22:25:44+00:00\",\"description\":\"Valens CoQ10 Q10 \u00a0(ubikiinool) osaleb keha keemilistes protsessides ja\",\"breadcrumb\":{\"@id\":\"https:\\\/\\\/mybody5.ee.mybody.ee\\\/proov\\\/product\\\/pihustatav-kliiniliselt-toestatud-parima-imenduvusega-patendeeritud-vesilahustuv-coq10-valens-coq10\\\/#breadcrumb\"},\"inLanguage\":\"et\",\"potentialAction\":[{\"@type\":\"ReadAction\",\"target\":[\"https:\\\/\\\/mybody5.ee.mybody.ee\\\/proov\\\/product\\\/pihustatav-kliiniliselt-toestatud-parima-imenduvusega-patendeeritud-vesilahustuv-coq10-valens-coq10\\\/\"]}]},{\"@type\":\"ImageObject\",\"inLanguage\":\"et\",\"@id\":\"https:\\\/\\\/mybody5.ee.mybody.ee\\\/proov\\\/product\\\/pihustatav-kliiniliselt-toestatud-parima-imenduvusega-patendeeritud-vesilahustuv-coq10-valens-coq10\\\/#primaryimage\",\"url\":\"https:\\\/\\\/mybody5.ee.mybody.ee\\\/proov\\\/wp-content\\\/uploads\\\/2019\\\/12\\\/coenzyme-Vitamiin-q10.png\",\"contentUrl\":\"https:\\\/\\\/mybody5.ee.mybody.ee\\\/proov\\\/wp-content\\\/uploads\\\/2019\\\/12\\\/coenzyme-Vitamiin-q10.png\",\"width\":800,\"height\":800,\"caption\":\"Pihustatav, kliiniliselt t\u00f5estatud parima imenduvusega patendeeritud vesilahustuv vitamiin Q10- Coenzyme CoQ10 Spray\"},{\"@type\":\"BreadcrumbList\",\"@id\":\"https:\\\/\\\/mybody5.ee.mybody.ee\\\/proov\\\/product\\\/pihustatav-kliiniliselt-toestatud-parima-imenduvusega-patendeeritud-vesilahustuv-coq10-valens-coq10\\\/#breadcrumb\",\"itemListElement\":[{\"@type\":\"ListItem\",\"position\":1,\"name\":\"Home\",\"item\":\"https:\\\/\\\/mybody5.ee.mybody.ee\\\/proov\\\/\"},{\"@type\":\"ListItem\",\"position\":2,\"name\":\"Shop\",\"item\":\"https:\\\/\\\/mybody5.ee.mybody.ee\\\/proov\\\/shop\\\/\"},{\"@type\":\"ListItem\",\"position\":3,\"name\":\"Pihustatav, kliiniliselt t\u00f5estatud parima imenduvusega patendeeritud vesilahustuv vitamiin Q10- Coenzyme CoQ10 Spray\"}]},{\"@type\":\"WebSite\",\"@id\":\"https:\\\/\\\/mybody5.ee.mybody.ee\\\/proov\\\/#website\",\"url\":\"https:\\\/\\\/mybody5.ee.mybody.ee\\\/proov\\\/\",\"name\":\"MyBody.ee - Toidulisandid ja sporditarvikud\",\"description\":\"Just another WordPress site\",\"publisher\":{\"@id\":\"https:\\\/\\\/mybody5.ee.mybody.ee\\\/proov\\\/#organization\"},\"potentialAction\":[{\"@type\":\"SearchAction\",\"target\":{\"@type\":\"EntryPoint\",\"urlTemplate\":\"https:\\\/\\\/mybody5.ee.mybody.ee\\\/proov\\\/?s={search_term_string}\"},\"query-input\":{\"@type\":\"PropertyValueSpecification\",\"valueRequired\":true,\"valueName\":\"search_term_string\"}}],\"inLanguage\":\"et\"},{\"@type\":\"Organization\",\"@id\":\"https:\\\/\\\/mybody5.ee.mybody.ee\\\/proov\\\/#organization\",\"name\":\"MyBody.ee\",\"url\":\"https:\\\/\\\/mybody5.ee.mybody.ee\\\/proov\\\/\",\"logo\":{\"@type\":\"ImageObject\",\"inLanguage\":\"et\",\"@id\":\"https:\\\/\\\/mybody5.ee.mybody.ee\\\/proov\\\/#\\\/schema\\\/logo\\\/image\\\/\",\"url\":\"https:\\\/\\\/mybody5.ee.mybody.ee\\\/proov\\\/wp-content\\\/uploads\\\/2023\\\/11\\\/mybody_logo_h65-2.png\",\"contentUrl\":\"https:\\\/\\\/mybody5.ee.mybody.ee\\\/proov\\\/wp-content\\\/uploads\\\/2023\\\/11\\\/mybody_logo_h65-2.png\",\"width\":229,\"height\":65,\"caption\":\"MyBody.ee\"},\"image\":{\"@id\":\"https:\\\/\\\/mybody5.ee.mybody.ee\\\/proov\\\/#\\\/schema\\\/logo\\\/image\\\/\"},\"sameAs\":[\"https:\\\/\\\/facebook.com\\\/MyBody.ee\\\/\"]}]}<\/script>\n<!-- \/ Yoast SEO plugin. -->","yoast_head_json":{"title":"Pihustatav, kliiniliselt t\u00f5estatud parima imenduvusega patendeeritud vesilahustuv CoQ10- Valens CoQ10 - MyBody.ee - Toidulisandid ja sporditarvikud","description":"Valens CoQ10 Q10 \u00a0(ubikiinool) osaleb keha keemilistes protsessides ja","robots":{"index":"index","follow":"follow","max-snippet":"max-snippet:-1","max-image-preview":"max-image-preview:large","max-video-preview":"max-video-preview:-1"},"canonical":"https:\/\/mybody5.ee.mybody.ee\/proov\/product\/pihustatav-kliiniliselt-toestatud-parima-imenduvusega-patendeeritud-vesilahustuv-coq10-valens-coq10\/","og_locale":"et_EE","og_type":"article","og_title":"Pihustatav, kliiniliselt t\u00f5estatud parima imenduvusega patendeeritud vesilahustuv CoQ10- Valens CoQ10 - MyBody.ee - Toidulisandid ja sporditarvikud","og_description":"Valens CoQ10 Q10 \u00a0(ubikiinool) osaleb keha keemilistes protsessides ja","og_url":"https:\/\/mybody5.ee.mybody.ee\/proov\/product\/pihustatav-kliiniliselt-toestatud-parima-imenduvusega-patendeeritud-vesilahustuv-coq10-valens-coq10\/","og_site_name":"supplero","article_publisher":"https:\/\/facebook.com\/MyBody.ee\/","og_image":[{"width":800,"height":800,"url":"https:\/\/mybody5.ee.mybody.ee\/proov\/wp-content\/uploads\/2019\/12\/coenzyme-Vitamiin-q10.png","type":"image\/png"}],"twitter_card":"summary_large_image","twitter_misc":{"Est. reading time":"1 minut"},"schema":{"@context":"https:\/\/schema.org","@graph":[{"@type":"WebPage","@id":"https:\/\/mybody5.ee.mybody.ee\/proov\/product\/pihustatav-kliiniliselt-toestatud-parima-imenduvusega-patendeeritud-vesilahustuv-coq10-valens-coq10\/","url":"https:\/\/mybody5.ee.mybody.ee\/proov\/product\/pihustatav-kliiniliselt-toestatud-parima-imenduvusega-patendeeritud-vesilahustuv-coq10-valens-coq10\/","name":"Pihustatav, kliiniliselt t\u00f5estatud parima imenduvusega patendeeritud vesilahustuv CoQ10- Valens CoQ10 - MyBody.ee - Toidulisandid ja sporditarvikud","isPartOf":{"@id":"https:\/\/mybody5.ee.mybody.ee\/proov\/#website"},"primaryImageOfPage":{"@id":"https:\/\/mybody5.ee.mybody.ee\/proov\/product\/pihustatav-kliiniliselt-toestatud-parima-imenduvusega-patendeeritud-vesilahustuv-coq10-valens-coq10\/#primaryimage"},"image":{"@id":"https:\/\/mybody5.ee.mybody.ee\/proov\/product\/pihustatav-kliiniliselt-toestatud-parima-imenduvusega-patendeeritud-vesilahustuv-coq10-valens-coq10\/#primaryimage"},"thumbnailUrl":"https:\/\/mybody5.ee.mybody.ee\/proov\/wp-content\/uploads\/2019\/12\/coenzyme-Vitamiin-q10.png","datePublished":"2019-12-09T22:25:44+00:00","description":"Valens CoQ10 Q10 \u00a0(ubikiinool) osaleb keha keemilistes protsessides ja","breadcrumb":{"@id":"https:\/\/mybody5.ee.mybody.ee\/proov\/product\/pihustatav-kliiniliselt-toestatud-parima-imenduvusega-patendeeritud-vesilahustuv-coq10-valens-coq10\/#breadcrumb"},"inLanguage":"et","potentialAction":[{"@type":"ReadAction","target":["https:\/\/mybody5.ee.mybody.ee\/proov\/product\/pihustatav-kliiniliselt-toestatud-parima-imenduvusega-patendeeritud-vesilahustuv-coq10-valens-coq10\/"]}]},{"@type":"ImageObject","inLanguage":"et","@id":"https:\/\/mybody5.ee.mybody.ee\/proov\/product\/pihustatav-kliiniliselt-toestatud-parima-imenduvusega-patendeeritud-vesilahustuv-coq10-valens-coq10\/#primaryimage","url":"https:\/\/mybody5.ee.mybody.ee\/proov\/wp-content\/uploads\/2019\/12\/coenzyme-Vitamiin-q10.png","contentUrl":"https:\/\/mybody5.ee.mybody.ee\/proov\/wp-content\/uploads\/2019\/12\/coenzyme-Vitamiin-q10.png","width":800,"height":800,"caption":"Pihustatav, kliiniliselt t\u00f5estatud parima imenduvusega patendeeritud vesilahustuv vitamiin Q10- Coenzyme CoQ10 Spray"},{"@type":"BreadcrumbList","@id":"https:\/\/mybody5.ee.mybody.ee\/proov\/product\/pihustatav-kliiniliselt-toestatud-parima-imenduvusega-patendeeritud-vesilahustuv-coq10-valens-coq10\/#breadcrumb","itemListElement":[{"@type":"ListItem","position":1,"name":"Home","item":"https:\/\/mybody5.ee.mybody.ee\/proov\/"},{"@type":"ListItem","position":2,"name":"Shop","item":"https:\/\/mybody5.ee.mybody.ee\/proov\/shop\/"},{"@type":"ListItem","position":3,"name":"Pihustatav, kliiniliselt t\u00f5estatud parima imenduvusega patendeeritud vesilahustuv vitamiin Q10- Coenzyme CoQ10 Spray"}]},{"@type":"WebSite","@id":"https:\/\/mybody5.ee.mybody.ee\/proov\/#website","url":"https:\/\/mybody5.ee.mybody.ee\/proov\/","name":"MyBody.ee - Toidulisandid ja sporditarvikud","description":"Just another WordPress site","publisher":{"@id":"https:\/\/mybody5.ee.mybody.ee\/proov\/#organization"},"potentialAction":[{"@type":"SearchAction","target":{"@type":"EntryPoint","urlTemplate":"https:\/\/mybody5.ee.mybody.ee\/proov\/?s={search_term_string}"},"query-input":{"@type":"PropertyValueSpecification","valueRequired":true,"valueName":"search_term_string"}}],"inLanguage":"et"},{"@type":"Organization","@id":"https:\/\/mybody5.ee.mybody.ee\/proov\/#organization","name":"MyBody.ee","url":"https:\/\/mybody5.ee.mybody.ee\/proov\/","logo":{"@type":"ImageObject","inLanguage":"et","@id":"https:\/\/mybody5.ee.mybody.ee\/proov\/#\/schema\/logo\/image\/","url":"https:\/\/mybody5.ee.mybody.ee\/proov\/wp-content\/uploads\/2023\/11\/mybody_logo_h65-2.png","contentUrl":"https:\/\/mybody5.ee.mybody.ee\/proov\/wp-content\/uploads\/2023\/11\/mybody_logo_h65-2.png","width":229,"height":65,"caption":"MyBody.ee"},"image":{"@id":"https:\/\/mybody5.ee.mybody.ee\/proov\/#\/schema\/logo\/image\/"},"sameAs":["https:\/\/facebook.com\/MyBody.ee\/"]}]}},"_links":{"self":[{"href":"https:\/\/mybody5.ee.mybody.ee\/proov\/wp-json\/wp\/v2\/product\/652","targetHints":{"allow":["GET"]}}],"collection":[{"href":"https:\/\/mybody5.ee.mybody.ee\/proov\/wp-json\/wp\/v2\/product"}],"about":[{"href":"https:\/\/mybody5.ee.mybody.ee\/proov\/wp-json\/wp\/v2\/types\/product"}],"replies":[{"embeddable":true,"href":"https:\/\/mybody5.ee.mybody.ee\/proov\/wp-json\/wp\/v2\/comments?post=652"}],"wp:featuredmedia":[{"embeddable":true,"href":"https:\/\/mybody5.ee.mybody.ee\/proov\/wp-json\/wp\/v2\/media\/651"}],"wp:attachment":[{"href":"https:\/\/mybody5.ee.mybody.ee\/proov\/wp-json\/wp\/v2\/media?parent=652"}],"wp:term":[{"taxonomy":"product_cat","embeddable":true,"href":"https:\/\/mybody5.ee.mybody.ee\/proov\/wp-json\/wp\/v2\/product_cat?post=652"},{"taxonomy":"product_tag","embeddable":true,"href":"https:\/\/mybody5.ee.mybody.ee\/proov\/wp-json\/wp\/v2\/product_tag?post=652"}],"curies":[{"name":"wp","href":"https:\/\/api.w.org\/{rel}","templated":true}]}}