{"id":656,"date":"2019-12-09T22:25:44","date_gmt":"2019-12-09T22:25:44","guid":{"rendered":"https:\/\/mybody5.ee.mybody.ee\/proov\/product\/b-vitamiinide-kompleks-koos-tsingi-ja-c-vitamiiniga-self-b-complex-vit-c-zinc\/"},"modified":"2019-12-09T22:25:44","modified_gmt":"2019-12-09T22:25:44","slug":"b-vitamiinide-kompleks-koos-tsingi-ja-c-vitamiiniga-self-b-complex-vit-c-zinc","status":"publish","type":"product","link":"https:\/\/mybody5.ee.mybody.ee\/proov\/product\/b-vitamiinide-kompleks-koos-tsingi-ja-c-vitamiiniga-self-b-complex-vit-c-zinc\/","title":{"rendered":"B- vitamiinide kompleks koos tsingi ja C-vitamiiniga &#8211; SELF B-complex + Vit C + Zinc"},"content":{"rendered":"<p style=\"text-align: justify;\"><font face=\"Arial\"><b>SELF B-complex + Vit C + Zinc<\/b><\/font><span style=\"font-family: Arial;\">&nbsp;vitamiinid ja mineraalid&nbsp;on vajalikud toetamaks normaalset s\u00fcdametegevust, n\u00e4rvi- ja immuuns\u00fcsteemi. B-grupi vitamiinid on olulised vere punaliblede moodustamiseks ning aitavad v\u00e4hendada v\u00e4simust, kurnatust ja hoiavad nahka ja limaskesta tervena.<\/span><\/p>\n<p style=\"text-align: justify;\"><font face=\"Arial\"><strong>B1-vitamiin<\/strong> aitab gl\u00fckoosi energiaks muundada ning toetab n\u00e4rvirakkude funktsioneerimist. Puuduse peamiseks s\u00fcmptomiks on v\u00e4simus. B1 hulka kehas v\u00e4hendavad diureetikumid, alkohol ja sulfitid (veinides ja kuivatatud puuviljades). Suurenenud&nbsp;vajadus on f\u00fc\u00fcsiliselt aktiivsetel inimestel.<\/font><\/p>\n<p style=\"text-align: justify;\"><font face=\"Arial\"><strong>B2-vitamiin<\/strong>&nbsp;on vajalik&nbsp;n\u00e4gemisele, k\u00fc\u00fcnte, naha ja limaskesta&nbsp;tervisele&nbsp;ja juuste normaalsele kasvule.&nbsp;<span style=\"line-height: 20.7999992370605px; text-align: justify;\">Puudusel tekib nahas ja limaskesta&nbsp;kiirestipaljunevates rakkudes energiapuudus.<\/span><\/font><\/p>\n<p style=\"text-align: justify;\"><font face=\"Arial\"><strong>B3-vitamiin<\/strong> on oluline s\u00fcsivesikutest energia vabastamiseks. <span style=\"line-height: 20.7999992370605px; text-align: justify;\">B3 vitamiin osaleb 50. keemilises reaktsioonis, k.a. energia ja hormoonide tootmises.&nbsp;<\/span>Puuduse s\u00fcmptomideks on unetus, depressioon, \u00e4revus, lihasn\u00f5rkus.&nbsp;<\/font><\/p>\n<p style=\"text-align: justify;\"><font face=\"Arial\"><strong>B5-vitamiin <\/strong>toetab m\u00e4lu, eriti koos koliini ehk B4-vitamiiniga. B5-vitamiinil on kriitiline roll ka rasvadest ja s\u00fcsivesikutest energia tootmisel. <span style=\"line-height: 20.7999992370605px; text-align: justify;\">Selle vitamiini keskse rolli p\u00e4rast adrenaalfunktsioonis<\/span>&nbsp;on seda kutsutud ka stressivastaseks vitamiiniks . B5-vitamiin toetab n\u00e4rvis\u00fcsteemi tervist ning aitab kaasa m\u00e4lule ja \u00f5ppimisv\u00f5imele.<\/font><\/p>\n<p style=\"text-align: justify;\"><font face=\"Arial\"><strong>B6-vitamiini<\/strong> puudus takistab kehas \u00f5nnehormoonina tuntud serontoniini tootmist. Ta on kriitilise t\u00e4htsusega hormoonide tasakaalu ja immunfunktsiooni s\u00e4ilitamisel. B6-vitamiini varusid t\u00fchendab peamiselt stress ja \u00e4revus.<\/font><\/p>\n<p style=\"text-align: justify;\"><font face=\"Arial\"><b style=\"caret-color: rgb(0, 0, 0); text-align: start; text-size-adjust: auto;\">B12-vitamiin<\/b><span style=\"caret-color: rgb(0, 0, 0); text-align: start; text-size-adjust: auto;\">&nbsp;\u00e4\u00e4retult oluline normaalseks vereloomeks ja neuroloogiliseks talitluseks.&nbsp;<\/span><\/font><\/p>\n<p style=\"caret-color: rgb(0, 0, 0); text-size-adjust: auto;\"><font face=\"Arial\"><span style=\"line-height: 1.6em;\"><strong style=\"text-align: justify;\">C-vitamiin<span class=\"Apple-converted-space\">&nbsp;<\/span><\/strong><\/span><span style=\"font-size: 14px;\">on vajalik organismi vastupanuv\u00f5ime t\u00f5stmiseks, kevadv\u00e4simuse ja stressi peletamiseks. Lisaks tugevdab immuunsust ja parandab \u00fcldist heaolu.<\/span><span style=\"font-size: 14px;\">&nbsp;Parandab raua omastamist, toetav aju normaalset funktioneerimist.<\/span><\/font><\/p>\n<p style=\"text-align: justify;\"><font face=\"Arial\"><span style=\"caret-color: rgb(0, 0, 0); text-align: start; text-size-adjust: auto; line-height: 1.6em;\"><strong style=\"text-align: justify;\">Tsink mineraal,<span class=\"Apple-converted-space\">&nbsp;<\/span><\/strong><\/span><span style=\"caret-color: rgb(0, 0, 0); text-align: start; text-size-adjust: auto; font-size: 14px;\">osaleb enam kui saja ens\u00fc\u00fcmi aktiveerimisel, rakkude kasvamises ning haavade paranemises, vereloomes, organismi kasvus ja arengus, valkude, sperma ja DNA s\u00fcnteesis, immuns\u00fcsteemi t\u00f6\u00f6s,<span class=\"Apple-converted-space\">&nbsp;<\/span><b>maitsmis- ning haistmismeele<\/b><span class=\"Apple-converted-space\">&nbsp;<\/span>normaalse toimimise tagamisel ja teiste mikrotoitainete ainevahetuses. Tsink toimib antioks\u00fcdandina, osaleb insuliini s\u00fcnteesimisel, s\u00e4ilitamisel ja vabastamisel, m\u00f5jutab kilpn\u00e4\u00e4rme hormooni t\u00f6\u00f6d.<\/span><span style=\"caret-color: rgb(0, 0, 0); text-align: start; text-size-adjust: auto; font-size: 14px;\">&nbsp;<\/span><br \/><\/font><\/p>\n<p style=\"text-align: justify;\"><font face=\"Arial\"><strong>B6, B12 ja foolhape<\/strong> toetavad kehas toimuvat olulist protsessi met\u00fc\u00fclimist, mis on vajalik k\u00f5ikide n\u00e4rvivahendusainete tootmisel.<\/font><\/p>\n<p style=\"text-align: justify;\"><font face=\"Arial\">Kuna keha ei talleta B-vitamiine, siis ei ole B vitamiinidest v\u00f5imalik saada \u00fcledoosi.<\/font><\/p>\n<h3 style=\"text-align: justify;\"><font face=\"Arial\">Toime<\/font><\/h3>\n<ul>\n<li><font face=\"Arial\">Olulised p\u00f5hitoitainete ainevahetuses organismi energiaga varustamiseks.<\/font><\/li>\n<li><font face=\"Arial\">Asendamatud n\u00e4rvis\u00fcsteemi normaalseks funktsioneerimiseks.<\/font><\/li>\n<li><font face=\"Arial\">Vajalikud seedeelundkonna lihaste toonuse s\u00e4ilitamisel.<\/font><\/li>\n<li><font face=\"Arial\">T\u00e4htsad naha, juuste, silmade, suu ja maksa tervise tagamisel.<\/font><\/li>\n<\/ul>\n<h3 style=\"text-align: justify;\"><font face=\"Arial\">Kasutamine<\/font><\/h3>\n<p style=\"text-align: justify;\"><font face=\"Arial\">1 kapsel p\u00e4evas koos toiduga.<\/font><\/p>\n<h3 style=\"text-align: justify;\"><font face=\"Arial\">Kellele sobib?<\/font><\/h3>\n<p style=\"text-align: justify;\"><font face=\"Arial\">B-vitamiinide suurem vajadus v\u00f5ib olla suhkruhaigetel, rasedatel ja imetavatel emadel ning rasestusmisvastaste pillide tarvitajatel. Defitsiit v\u00f5ib tekkida liigsest alkoholi, tubaka ja kohvi tarvitamisest. Ohustatud on ka taimetoitlased.<\/font><\/p>\n<h3 style=\"text-align: justify;\"><font face=\"Arial\">Pakend: <span style=\"font-size:12px;\">60 kapslit<\/span><\/font><\/h3>\n<table border=\"1\" cellpadding=\"1\" cellspacing=\"1\" style=\"height:50px;width:400px;\">\n<tbody>\n<tr>\n<td style=\"text-align: justify;\"><font face=\"Arial\"><strong>B Plus Complex <\/strong><strong>koostisosad<\/strong><\/font><\/td>\n<td style=\"text-align: justify;\"><strong><font face=\"Arial\">1 kapsel<\/font><\/strong><\/td>\n<\/tr>\n<tr>\n<td style=\"text-align: justify;\"><font face=\"Arial\">Vitamiin C<\/font><\/td>\n<td style=\"text-align: justify;\"><font face=\"Arial\">500 mg 652%<\/font><\/td>\n<\/tr>\n<tr>\n<td style=\"text-align: justify;\"><font face=\"Arial\">Vitamiin B1<\/font><\/td>\n<td style=\"text-align: justify;\"><font face=\"Arial\">25 mg&nbsp; 2270%<\/font><\/td>\n<\/tr>\n<tr>\n<td style=\"text-align: justify;\"><font face=\"Arial\">Vitamiin B2<\/font><\/td>\n<td style=\"text-align: justify;\"><font face=\"Arial\">25 mg 1785%<\/font><\/td>\n<\/tr>\n<tr>\n<td style=\"text-align: justify;\"><font face=\"Arial\">Niatsiin<\/font><\/td>\n<td style=\"text-align: justify;\"><font face=\"Arial\">54 mg 342%<\/font><\/td>\n<\/tr>\n<tr>\n<td style=\"text-align: justify;\"><font face=\"Arial\">Pantoteenhape<\/font><\/td>\n<td style=\"text-align: justify;\"><font face=\"Arial\">18 mg 300%<\/font><\/td>\n<\/tr>\n<tr>\n<td style=\"text-align: justify;\"><font face=\"Arial\">Vitamiin B6<\/font><\/td>\n<td style=\"text-align: justify;\"><font face=\"Arial\">9,5 mg 679%<\/font><\/td>\n<\/tr>\n<tr>\n<td style=\"text-align: justify;\"><font face=\"Arial\">Vitamiin B12<\/font><\/td>\n<td><font face=\"Arial\">1000 \u00b5g 40000%<\/font><\/td>\n<\/tr>\n<tr>\n<td><font face=\"Arial\">Foolhape<\/font><\/td>\n<td><font face=\"Arial\">400 \u00b5g 225%<\/font><\/td>\n<\/tr>\n<tr>\n<td><font face=\"Arial\">Biotiin<\/font><\/td>\n<td><font face=\"Arial\">0,45 \u00b5g 900%<\/font><\/td>\n<\/tr>\n<tr>\n<td><font face=\"Arial\">Tsink gl\u00fckonaat<\/font><\/td>\n<td><font face=\"Arial\">15 mg 150%<\/font><\/td>\n<\/tr>\n<tr>\n<td colspan=\"2\">\n<p><span style=\"font-size:10px;\"><font face=\"Arial\">Koostis:&nbsp;Abiained: E460, E551, \u017eelatiinkapsel, v\u00e4rvained: E120, E172, E171, E131<\/font><\/span><\/p>\n<\/td>\n<\/tr>\n<\/tbody>\n<\/table>\n<p style=\"text-align: justify;\"><font face=\"Arial\">Konsultatsioon<\/font><\/p>\n<ul>\n<li style=\"text-align: justify;\"><font face=\"Arial\">Oled oodatud tasuta konsultatsioonile MYBODY Audentese kauplusesse,<\/font><\/li>\n<li style=\"text-align: justify;\"><font face=\"Arial\">Asukoht: Audentese Spordikeskus, Tondi 84.<\/font><\/li>\n<li style=\"text-align: justify;\"><font face=\"Arial\">Telefon EST\/RUS\/ENG +372&nbsp;523 1960<\/font><\/li>\n<li style=\"text-align: justify;\"><font face=\"Arial\">Telefon EST\/ENG +372 56&nbsp;458&nbsp;688<\/font><\/li>\n<li style=\"text-align: justify;\"><a href=\"mailto:info@mybody.ee\"><font face=\"Arial\" color=\"#000000\">info@mybody.ee<\/font><\/a><\/li>\n<li style=\"text-align: justify;\"><a href=\"http:\/\/www.facebook.com\/mybody.ee\"><font face=\"Arial\" color=\"#000000\">www.facebook.com\/mybody.ee<\/font><\/a><\/li>\n<\/ul>\n","protected":false},"excerpt":{"rendered":"<p>SELF B-complex + Vit C + Zinc&nbsp;vitamiinid ja mineraalid&nbsp;on vajalikud toetamaks normaalset s\u00fcdametegevust, n\u00e4rvi- ja immuuns\u00fcsteemi. B-grupi vitamiinid on olulised vere punaliblede moodustamiseks ning aitavad v\u00e4hendada v\u00e4simust, kurnatust ja hoiavad nahka ja limaskesta tervena. B1-vitamiin aitab gl\u00fckoosi energiaks muundada ning toetab n\u00e4rvirakkude funktsioneerimist. Puuduse peamiseks s\u00fcmptomiks on v\u00e4simus. B1 hulka kehas v\u00e4hendavad diureetikumid, alkohol ja [&hellip;]<\/p>\n","protected":false},"featured_media":655,"comment_status":"open","ping_status":"closed","template":"","meta":{"inline_featured_image":false},"product_cat":[31,32,50],"product_tag":[],"class_list":{"0":"post-656","1":"product","2":"type-product","3":"status-publish","4":"has-post-thumbnail","6":"product_cat-vegan","7":"product_cat-mikroelemendid","8":"product_cat-vitamiinid-ja-mineraalid","9":"pa_kogustablettikapslit-60tk","10":"pa_kunakasutada-uldiselttugevdav","11":"pa_vorm-tablettkapsel","13":"first","14":"instock","15":"shipping-taxable","16":"purchasable","17":"product-type-simple"},"yoast_head":"<!-- This site is optimized with the Yoast SEO plugin v27.3 - https:\/\/yoast.com\/product\/yoast-seo-wordpress\/ -->\n<title>B- vitamiinide kompleks koos tsingi ja C-vitamiiniga - SELF B-complex + Vit C + Zinc - MyBody.ee - Toidulisandid ja sporditarvikud<\/title>\n<meta name=\"description\" content=\"SELF B-complex + Vit C + Zinc\u00a0vitamiinid ja mineraalid\u00a0\" \/>\n<meta name=\"robots\" content=\"index, follow, max-snippet:-1, max-image-preview:large, max-video-preview:-1\" \/>\n<link rel=\"canonical\" href=\"https:\/\/mybody5.ee.mybody.ee\/proov\/product\/b-vitamiinide-kompleks-koos-tsingi-ja-c-vitamiiniga-self-b-complex-vit-c-zinc\/\" \/>\n<meta property=\"og:locale\" content=\"et_EE\" \/>\n<meta property=\"og:type\" content=\"article\" \/>\n<meta property=\"og:title\" content=\"B- vitamiinide kompleks koos tsingi ja C-vitamiiniga - SELF B-complex + Vit C + Zinc - MyBody.ee - Toidulisandid ja sporditarvikud\" \/>\n<meta property=\"og:description\" content=\"SELF B-complex + Vit C + Zinc\u00a0vitamiinid ja mineraalid\u00a0\" \/>\n<meta property=\"og:url\" content=\"https:\/\/mybody5.ee.mybody.ee\/proov\/product\/b-vitamiinide-kompleks-koos-tsingi-ja-c-vitamiiniga-self-b-complex-vit-c-zinc\/\" \/>\n<meta property=\"og:site_name\" content=\"supplero\" \/>\n<meta property=\"article:publisher\" content=\"https:\/\/facebook.com\/MyBody.ee\/\" \/>\n<meta property=\"og:image\" content=\"https:\/\/mybody5.ee.mybody.ee\/proov\/wp-content\/uploads\/2019\/12\/B-complex-vitamin-c-zink.png\" \/>\n\t<meta property=\"og:image:width\" content=\"364\" \/>\n\t<meta property=\"og:image:height\" content=\"662\" \/>\n\t<meta property=\"og:image:type\" content=\"image\/png\" \/>\n<meta name=\"twitter:card\" content=\"summary_large_image\" \/>\n<meta name=\"twitter:label1\" content=\"Est. reading time\" \/>\n\t<meta name=\"twitter:data1\" content=\"3 minutit\" \/>\n<script type=\"application\/ld+json\" class=\"yoast-schema-graph\">{\"@context\":\"https:\\\/\\\/schema.org\",\"@graph\":[{\"@type\":\"WebPage\",\"@id\":\"https:\\\/\\\/mybody5.ee.mybody.ee\\\/proov\\\/product\\\/b-vitamiinide-kompleks-koos-tsingi-ja-c-vitamiiniga-self-b-complex-vit-c-zinc\\\/\",\"url\":\"https:\\\/\\\/mybody5.ee.mybody.ee\\\/proov\\\/product\\\/b-vitamiinide-kompleks-koos-tsingi-ja-c-vitamiiniga-self-b-complex-vit-c-zinc\\\/\",\"name\":\"B- vitamiinide kompleks koos tsingi ja C-vitamiiniga - SELF B-complex + Vit C + Zinc - MyBody.ee - Toidulisandid ja sporditarvikud\",\"isPartOf\":{\"@id\":\"https:\\\/\\\/mybody5.ee.mybody.ee\\\/proov\\\/#website\"},\"primaryImageOfPage\":{\"@id\":\"https:\\\/\\\/mybody5.ee.mybody.ee\\\/proov\\\/product\\\/b-vitamiinide-kompleks-koos-tsingi-ja-c-vitamiiniga-self-b-complex-vit-c-zinc\\\/#primaryimage\"},\"image\":{\"@id\":\"https:\\\/\\\/mybody5.ee.mybody.ee\\\/proov\\\/product\\\/b-vitamiinide-kompleks-koos-tsingi-ja-c-vitamiiniga-self-b-complex-vit-c-zinc\\\/#primaryimage\"},\"thumbnailUrl\":\"https:\\\/\\\/mybody5.ee.mybody.ee\\\/proov\\\/wp-content\\\/uploads\\\/2019\\\/12\\\/B-complex-vitamin-c-zink.png\",\"datePublished\":\"2019-12-09T22:25:44+00:00\",\"description\":\"SELF B-complex + Vit C + Zinc\u00a0vitamiinid ja mineraalid\u00a0\",\"breadcrumb\":{\"@id\":\"https:\\\/\\\/mybody5.ee.mybody.ee\\\/proov\\\/product\\\/b-vitamiinide-kompleks-koos-tsingi-ja-c-vitamiiniga-self-b-complex-vit-c-zinc\\\/#breadcrumb\"},\"inLanguage\":\"et\",\"potentialAction\":[{\"@type\":\"ReadAction\",\"target\":[\"https:\\\/\\\/mybody5.ee.mybody.ee\\\/proov\\\/product\\\/b-vitamiinide-kompleks-koos-tsingi-ja-c-vitamiiniga-self-b-complex-vit-c-zinc\\\/\"]}]},{\"@type\":\"ImageObject\",\"inLanguage\":\"et\",\"@id\":\"https:\\\/\\\/mybody5.ee.mybody.ee\\\/proov\\\/product\\\/b-vitamiinide-kompleks-koos-tsingi-ja-c-vitamiiniga-self-b-complex-vit-c-zinc\\\/#primaryimage\",\"url\":\"https:\\\/\\\/mybody5.ee.mybody.ee\\\/proov\\\/wp-content\\\/uploads\\\/2019\\\/12\\\/B-complex-vitamin-c-zink.png\",\"contentUrl\":\"https:\\\/\\\/mybody5.ee.mybody.ee\\\/proov\\\/wp-content\\\/uploads\\\/2019\\\/12\\\/B-complex-vitamin-c-zink.png\",\"width\":364,\"height\":662,\"caption\":\"B- vitamiinide kompleks koos tsingi ja C-vitamiiniga - SELF B-complex + Vit C + Zinc\"},{\"@type\":\"BreadcrumbList\",\"@id\":\"https:\\\/\\\/mybody5.ee.mybody.ee\\\/proov\\\/product\\\/b-vitamiinide-kompleks-koos-tsingi-ja-c-vitamiiniga-self-b-complex-vit-c-zinc\\\/#breadcrumb\",\"itemListElement\":[{\"@type\":\"ListItem\",\"position\":1,\"name\":\"Home\",\"item\":\"https:\\\/\\\/mybody5.ee.mybody.ee\\\/proov\\\/\"},{\"@type\":\"ListItem\",\"position\":2,\"name\":\"Shop\",\"item\":\"https:\\\/\\\/mybody5.ee.mybody.ee\\\/proov\\\/shop\\\/\"},{\"@type\":\"ListItem\",\"position\":3,\"name\":\"B- vitamiinide kompleks koos tsingi ja C-vitamiiniga &#8211; SELF B-complex + Vit C + Zinc\"}]},{\"@type\":\"WebSite\",\"@id\":\"https:\\\/\\\/mybody5.ee.mybody.ee\\\/proov\\\/#website\",\"url\":\"https:\\\/\\\/mybody5.ee.mybody.ee\\\/proov\\\/\",\"name\":\"MyBody.ee - Toidulisandid ja sporditarvikud\",\"description\":\"Just another WordPress site\",\"publisher\":{\"@id\":\"https:\\\/\\\/mybody5.ee.mybody.ee\\\/proov\\\/#organization\"},\"potentialAction\":[{\"@type\":\"SearchAction\",\"target\":{\"@type\":\"EntryPoint\",\"urlTemplate\":\"https:\\\/\\\/mybody5.ee.mybody.ee\\\/proov\\\/?s={search_term_string}\"},\"query-input\":{\"@type\":\"PropertyValueSpecification\",\"valueRequired\":true,\"valueName\":\"search_term_string\"}}],\"inLanguage\":\"et\"},{\"@type\":\"Organization\",\"@id\":\"https:\\\/\\\/mybody5.ee.mybody.ee\\\/proov\\\/#organization\",\"name\":\"MyBody.ee\",\"url\":\"https:\\\/\\\/mybody5.ee.mybody.ee\\\/proov\\\/\",\"logo\":{\"@type\":\"ImageObject\",\"inLanguage\":\"et\",\"@id\":\"https:\\\/\\\/mybody5.ee.mybody.ee\\\/proov\\\/#\\\/schema\\\/logo\\\/image\\\/\",\"url\":\"https:\\\/\\\/mybody5.ee.mybody.ee\\\/proov\\\/wp-content\\\/uploads\\\/2023\\\/11\\\/mybody_logo_h65-2.png\",\"contentUrl\":\"https:\\\/\\\/mybody5.ee.mybody.ee\\\/proov\\\/wp-content\\\/uploads\\\/2023\\\/11\\\/mybody_logo_h65-2.png\",\"width\":229,\"height\":65,\"caption\":\"MyBody.ee\"},\"image\":{\"@id\":\"https:\\\/\\\/mybody5.ee.mybody.ee\\\/proov\\\/#\\\/schema\\\/logo\\\/image\\\/\"},\"sameAs\":[\"https:\\\/\\\/facebook.com\\\/MyBody.ee\\\/\"]}]}<\/script>\n<!-- \/ Yoast SEO plugin. -->","yoast_head_json":{"title":"B- vitamiinide kompleks koos tsingi ja C-vitamiiniga - SELF B-complex + Vit C + Zinc - MyBody.ee - Toidulisandid ja sporditarvikud","description":"SELF B-complex + Vit C + Zinc\u00a0vitamiinid ja mineraalid\u00a0","robots":{"index":"index","follow":"follow","max-snippet":"max-snippet:-1","max-image-preview":"max-image-preview:large","max-video-preview":"max-video-preview:-1"},"canonical":"https:\/\/mybody5.ee.mybody.ee\/proov\/product\/b-vitamiinide-kompleks-koos-tsingi-ja-c-vitamiiniga-self-b-complex-vit-c-zinc\/","og_locale":"et_EE","og_type":"article","og_title":"B- vitamiinide kompleks koos tsingi ja C-vitamiiniga - SELF B-complex + Vit C + Zinc - MyBody.ee - Toidulisandid ja sporditarvikud","og_description":"SELF B-complex + Vit C + Zinc\u00a0vitamiinid ja mineraalid\u00a0","og_url":"https:\/\/mybody5.ee.mybody.ee\/proov\/product\/b-vitamiinide-kompleks-koos-tsingi-ja-c-vitamiiniga-self-b-complex-vit-c-zinc\/","og_site_name":"supplero","article_publisher":"https:\/\/facebook.com\/MyBody.ee\/","og_image":[{"width":364,"height":662,"url":"https:\/\/mybody5.ee.mybody.ee\/proov\/wp-content\/uploads\/2019\/12\/B-complex-vitamin-c-zink.png","type":"image\/png"}],"twitter_card":"summary_large_image","twitter_misc":{"Est. reading time":"3 minutit"},"schema":{"@context":"https:\/\/schema.org","@graph":[{"@type":"WebPage","@id":"https:\/\/mybody5.ee.mybody.ee\/proov\/product\/b-vitamiinide-kompleks-koos-tsingi-ja-c-vitamiiniga-self-b-complex-vit-c-zinc\/","url":"https:\/\/mybody5.ee.mybody.ee\/proov\/product\/b-vitamiinide-kompleks-koos-tsingi-ja-c-vitamiiniga-self-b-complex-vit-c-zinc\/","name":"B- vitamiinide kompleks koos tsingi ja C-vitamiiniga - SELF B-complex + Vit C + Zinc - MyBody.ee - Toidulisandid ja sporditarvikud","isPartOf":{"@id":"https:\/\/mybody5.ee.mybody.ee\/proov\/#website"},"primaryImageOfPage":{"@id":"https:\/\/mybody5.ee.mybody.ee\/proov\/product\/b-vitamiinide-kompleks-koos-tsingi-ja-c-vitamiiniga-self-b-complex-vit-c-zinc\/#primaryimage"},"image":{"@id":"https:\/\/mybody5.ee.mybody.ee\/proov\/product\/b-vitamiinide-kompleks-koos-tsingi-ja-c-vitamiiniga-self-b-complex-vit-c-zinc\/#primaryimage"},"thumbnailUrl":"https:\/\/mybody5.ee.mybody.ee\/proov\/wp-content\/uploads\/2019\/12\/B-complex-vitamin-c-zink.png","datePublished":"2019-12-09T22:25:44+00:00","description":"SELF B-complex + Vit C + Zinc\u00a0vitamiinid ja mineraalid\u00a0","breadcrumb":{"@id":"https:\/\/mybody5.ee.mybody.ee\/proov\/product\/b-vitamiinide-kompleks-koos-tsingi-ja-c-vitamiiniga-self-b-complex-vit-c-zinc\/#breadcrumb"},"inLanguage":"et","potentialAction":[{"@type":"ReadAction","target":["https:\/\/mybody5.ee.mybody.ee\/proov\/product\/b-vitamiinide-kompleks-koos-tsingi-ja-c-vitamiiniga-self-b-complex-vit-c-zinc\/"]}]},{"@type":"ImageObject","inLanguage":"et","@id":"https:\/\/mybody5.ee.mybody.ee\/proov\/product\/b-vitamiinide-kompleks-koos-tsingi-ja-c-vitamiiniga-self-b-complex-vit-c-zinc\/#primaryimage","url":"https:\/\/mybody5.ee.mybody.ee\/proov\/wp-content\/uploads\/2019\/12\/B-complex-vitamin-c-zink.png","contentUrl":"https:\/\/mybody5.ee.mybody.ee\/proov\/wp-content\/uploads\/2019\/12\/B-complex-vitamin-c-zink.png","width":364,"height":662,"caption":"B- vitamiinide kompleks koos tsingi ja C-vitamiiniga - SELF B-complex + Vit C + Zinc"},{"@type":"BreadcrumbList","@id":"https:\/\/mybody5.ee.mybody.ee\/proov\/product\/b-vitamiinide-kompleks-koos-tsingi-ja-c-vitamiiniga-self-b-complex-vit-c-zinc\/#breadcrumb","itemListElement":[{"@type":"ListItem","position":1,"name":"Home","item":"https:\/\/mybody5.ee.mybody.ee\/proov\/"},{"@type":"ListItem","position":2,"name":"Shop","item":"https:\/\/mybody5.ee.mybody.ee\/proov\/shop\/"},{"@type":"ListItem","position":3,"name":"B- vitamiinide kompleks koos tsingi ja C-vitamiiniga &#8211; SELF B-complex + Vit C + Zinc"}]},{"@type":"WebSite","@id":"https:\/\/mybody5.ee.mybody.ee\/proov\/#website","url":"https:\/\/mybody5.ee.mybody.ee\/proov\/","name":"MyBody.ee - Toidulisandid ja sporditarvikud","description":"Just another WordPress site","publisher":{"@id":"https:\/\/mybody5.ee.mybody.ee\/proov\/#organization"},"potentialAction":[{"@type":"SearchAction","target":{"@type":"EntryPoint","urlTemplate":"https:\/\/mybody5.ee.mybody.ee\/proov\/?s={search_term_string}"},"query-input":{"@type":"PropertyValueSpecification","valueRequired":true,"valueName":"search_term_string"}}],"inLanguage":"et"},{"@type":"Organization","@id":"https:\/\/mybody5.ee.mybody.ee\/proov\/#organization","name":"MyBody.ee","url":"https:\/\/mybody5.ee.mybody.ee\/proov\/","logo":{"@type":"ImageObject","inLanguage":"et","@id":"https:\/\/mybody5.ee.mybody.ee\/proov\/#\/schema\/logo\/image\/","url":"https:\/\/mybody5.ee.mybody.ee\/proov\/wp-content\/uploads\/2023\/11\/mybody_logo_h65-2.png","contentUrl":"https:\/\/mybody5.ee.mybody.ee\/proov\/wp-content\/uploads\/2023\/11\/mybody_logo_h65-2.png","width":229,"height":65,"caption":"MyBody.ee"},"image":{"@id":"https:\/\/mybody5.ee.mybody.ee\/proov\/#\/schema\/logo\/image\/"},"sameAs":["https:\/\/facebook.com\/MyBody.ee\/"]}]}},"_links":{"self":[{"href":"https:\/\/mybody5.ee.mybody.ee\/proov\/wp-json\/wp\/v2\/product\/656","targetHints":{"allow":["GET"]}}],"collection":[{"href":"https:\/\/mybody5.ee.mybody.ee\/proov\/wp-json\/wp\/v2\/product"}],"about":[{"href":"https:\/\/mybody5.ee.mybody.ee\/proov\/wp-json\/wp\/v2\/types\/product"}],"replies":[{"embeddable":true,"href":"https:\/\/mybody5.ee.mybody.ee\/proov\/wp-json\/wp\/v2\/comments?post=656"}],"wp:featuredmedia":[{"embeddable":true,"href":"https:\/\/mybody5.ee.mybody.ee\/proov\/wp-json\/wp\/v2\/media\/655"}],"wp:attachment":[{"href":"https:\/\/mybody5.ee.mybody.ee\/proov\/wp-json\/wp\/v2\/media?parent=656"}],"wp:term":[{"taxonomy":"product_cat","embeddable":true,"href":"https:\/\/mybody5.ee.mybody.ee\/proov\/wp-json\/wp\/v2\/product_cat?post=656"},{"taxonomy":"product_tag","embeddable":true,"href":"https:\/\/mybody5.ee.mybody.ee\/proov\/wp-json\/wp\/v2\/product_tag?post=656"}],"curies":[{"name":"wp","href":"https:\/\/api.w.org\/{rel}","templated":true}]}}