{"id":668,"date":"2019-12-09T22:25:44","date_gmt":"2019-12-09T22:25:44","guid":{"rendered":"https:\/\/mybody5.ee.mybody.ee\/proov\/product\/isotooniline-spordijook-aminohapetega-aminostar-xpower-flash-xt-energy-drink\/"},"modified":"2019-12-09T22:25:44","modified_gmt":"2019-12-09T22:25:44","slug":"isotooniline-spordijook-aminohapetega-aminostar-xpower-flash-xt-energy-drink","status":"publish","type":"product","link":"https:\/\/mybody5.ee.mybody.ee\/proov\/product\/isotooniline-spordijook-aminohapetega-aminostar-xpower-flash-xt-energy-drink\/","title":{"rendered":"Isotooniline spordijook aminohapetega &#8211; Aminostar Xpower Flash XT Energy Drink"},"content":{"rendered":"<p style=\"box-sizing: border-box; margin: 0px 0px 14px; padding: 0px; line-height: 20px; caret-color: rgb(24, 24, 24); color: rgb(24, 24, 24); font-family: Ubuntu, sans-serif; font-size: 14px; text-align: justify;\"><big><small><strong style=\"box-sizing: border-box;\">BF: 05\/06.2022<\/strong><\/small><\/big><\/p>\n<p style=\"box-sizing: border-box; margin: 0px 0px 14px; padding: 0px; line-height: 20px; caret-color: rgb(24, 24, 24); color: rgb(24, 24, 24); font-family: Ubuntu, sans-serif; font-size: 14px; text-align: justify;\"><big><small><strong style=\"box-sizing: border-box;\">Xpower Flash XT isotooniline spordijook&nbsp;<\/strong>on isotooniline janukustutaja, sisaldab enamikke t\u00e4htsamaid mineraalaineid ja hoolitseb vedeliku kiire taastamise eest. S\u00fcsivesikute j\u00e4rel j\u00e4rgmine on vedeliku olemasolu t\u00e4htis faktor s\u00e4ilitamaks sportimisel vajalikku sooritusv\u00f5imet, seep\u00e4rast tulebki sportimise ajal taastada vedeliku varusid. V\u00e4ga kergelt imenduv ja hea puuvilja maitsega joogipulbrisse on lisatud ka t\u00e4htsaid elektrol\u00fc\u00fctisi ja mineraalaineid. Erinevate suhkrute nagu gl\u00fckoosi, sahharoosi ja maltodekstriini kombinatsioon annab 20-50% suurema energeetilise v\u00e4\u00e4rtuse, v\u00f5rreldes vaid \u00fcht liiki suhkruid sisaldavate spordijookidega.&nbsp;<strong style=\"box-sizing: border-box;\">Xpower Flash XT isotooniline spordijooki<\/strong>&nbsp;v\u00f5ib kasutada sportimise ajal, aga ka p\u00e4rast f\u00fc\u00fcsilist pingutust kiireks gl\u00fckogeenivarude taastamiseks.<\/small><\/big><\/p>\n<p style=\"box-sizing: border-box; margin: 0px 0px 14px; padding: 0px; line-height: 20px; caret-color: rgb(24, 24, 24); color: rgb(24, 24, 24); font-family: Ubuntu, sans-serif; font-size: 14px; text-align: justify;\"><big><small><strong style=\"box-sizing: border-box;\">Xpower Flash XT isotooniline energiajook<\/strong>&nbsp;sisaldab&nbsp; elektrol\u00fc\u00fcte ja naatriumit, mis on olulised s\u00fcsivesikute imendumisel ja tagab lihaste korraliku toimimise. Magneesiumi kadu l\u00e4bi higistamise viib v\u00e4simuseni ja krampideni. Uuringud kinnitavad, et reh\u00fcdratsioon toimub kiiremini, kui vedelik sisaldab naatriumi.<\/small><\/big><\/p>\n<ul>\n<li><span style=\"font-family: arial, helvetica, sans-serif;\">Annab lisaenergiat ja taastab gl\u00fckogeenivarud<\/span><\/li>\n<li><span style=\"font-family: arial, helvetica, sans-serif;\">V\u00f5imendab aminohapete ja kreatiini omastamist<\/span><\/li>\n<li><span style=\"font-family: arial, helvetica, sans-serif;\">Sobib energiavarude laadimiseks ja taastumiseks erinevatel&nbsp;spordialadel<\/span><\/li>\n<li><span style=\"font-family: arial, helvetica, sans-serif;\">Taastab treeningu k\u00e4igus kaotatud vedeliku ja mikrotoitained<\/span><\/li>\n<li><span style=\"font-family: arial, helvetica, sans-serif;\">Suurendab t\u00f6\u00f6v\u00f5imet, v\u00e4hendab v\u00e4simust<\/span><\/li>\n<\/ul>\n<h3>Kasutamine<\/h3>\n<p style=\"box-sizing: border-box; margin: 0px 0px 14px; padding: 0px; line-height: 20px; caret-color: rgb(24, 24, 24); color: rgb(24, 24, 24); font-family: Ubuntu, sans-serif; font-size: 14px; text-align: justify;\"><big><small>Lahusta 20-40 g&nbsp; pulbrit 500 ml veega. Treeningu ajal tarbida vastavalt treeningu intensiivsusele umbes 1-1,5 liiter spordijooki tunnis. Tarvita vastavalt vajadusele treeningu eel, ajal ja p\u00e4rast treeningut.<\/small><\/big><\/p>\n<h3>Kellele sobib?<big><small>&nbsp;<\/small><\/big><\/h3>\n<p><big><small>Peamiselt m\u00f5eldud treeninguaegseks kasutamiseks, kuid seda v\u00f5ib kasutada ka peale trenni ning taastumisperioodil. Toodet v\u00f5ib kasutada mistahes spordialadega tegelejad, sealhulgas noored. Sobib ideaalselt ka j\u00f5u- ja saalialadele kui kergelt omastatav energiaallikas.<\/small><\/big><\/p>\n<h3>Pakend:&nbsp;<span style=\"font-family:arial,helvetica,sans-serif;\"><span style=\"font-size:14px;\">500g<\/span><\/span><\/h3>\n<h3>Maitsed:&nbsp;<span style=\"font-family:arial,helvetica,sans-serif;\"><span style=\"font-size:14px;\">apelsin, sidrun, greip<\/span><\/span><\/h3>\n<table border=\"1\" cellpadding=\"1\" cellspacing=\"1\" style=\"width:500px;\">\n<tbody>\n<tr>\n<td><strong style=\"color: rgb(24, 24, 24); font-family: Ubuntu, sans-serif; caret-color: rgb(24, 24, 24); background-color: rgb(241, 241, 241); box-sizing: border-box;\">Toitev\u00e4\u00e4rtus ja koostisosad<\/strong><\/td>\n<td>100g<\/td>\n<td>40g<\/td>\n<\/tr>\n<tr>\n<td>Energiat<\/td>\n<td>380kcal\/1610kJ<\/td>\n<td>152kcal\/644kJ<\/td>\n<\/tr>\n<tr>\n<td>Valke<\/td>\n<td>2g<\/td>\n<td>0,8g<\/td>\n<\/tr>\n<tr>\n<td>S\u00fcsivesikuid<\/td>\n<td>90,3g<\/td>\n<td>36g<\/td>\n<\/tr>\n<tr>\n<td>Rasvu<\/td>\n<td>1,2g<\/td>\n<td>0,5g<\/td>\n<\/tr>\n<tr>\n<td>Naatrium<\/td>\n<td>960mg<\/td>\n<td>384mg<\/td>\n<\/tr>\n<tr>\n<td>Kaltsium<\/td>\n<td>308mg<\/td>\n<td>123mg (15,4% RDA*)<\/td>\n<\/tr>\n<tr>\n<td>Magneesium<\/td>\n<td>228mg<\/td>\n<td>91mg (24% RDA*)<\/td>\n<\/tr>\n<tr>\n<td colspan=\"3\"><span style=\"color: rgb(0, 0, 0); font-family: Calibri; caret-color: rgb(0, 0, 0);\">RDA% &#8211; soovitatavast igap\u00e4evasest toitainete hulgast<\/span><\/td>\n<\/tr>\n<tr>\n<td colspan=\"3\"><span style=\"font-size:10px;\"><span style=\"color: rgb(0, 0, 0); font-family: Calibri; caret-color: rgb(0, 0, 0);\">Koostis:<\/span><span style=\"color: rgb(0, 0, 0); font-family: Calibri; caret-color: rgb(0, 0, 0);\">&nbsp;(sidruni- ja greibimaitseline) sahharoos, maltodektstriin, gl\u00fckoos, kaltsiumlaktaatgl\u00fckonaat, naatriumtsitraat, happesuse regulaator (sidrunihape), magneesiumtsitraat, naatriumkloriid, aroomained, kaaliumdih\u00fcdrogeenfosfaat, paakumisvastane aine (r\u00e4nidiokdiid). (apelsinimaitseline) sahharoos, maltodektstriin, gl\u00fckoos, kaltsium- laktaatgl\u00fckonaat, naatriumtsitraat, happesuse regulaator (sidrunihape), magneesiumtsitraat, naatriumkloriid, aroomained, aalium- dih\u00fcdrogeenfosfaat, paakumisvastane aine (r\u00e4nidiokdiid), v\u00e4rvained (tartrasiin, erkpunane 4R, karmiin).<\/span><\/span><\/td>\n<\/tr>\n<\/tbody>\n<\/table>\n<p>Xpower Flash kilo hind on 25\u20ac<\/p>\n","protected":false},"excerpt":{"rendered":"<p>BF: 05\/06.2022 Xpower Flash XT isotooniline spordijook&nbsp;on isotooniline janukustutaja, sisaldab enamikke t\u00e4htsamaid mineraalaineid ja hoolitseb vedeliku kiire taastamise eest. S\u00fcsivesikute j\u00e4rel j\u00e4rgmine on vedeliku olemasolu t\u00e4htis faktor s\u00e4ilitamaks sportimisel vajalikku sooritusv\u00f5imet, seep\u00e4rast tulebki sportimise ajal taastada vedeliku varusid. V\u00e4ga kergelt imenduv ja hea puuvilja maitsega joogipulbrisse on lisatud ka t\u00e4htsaid elektrol\u00fc\u00fctisi ja mineraalaineid. Erinevate suhkrute [&hellip;]<\/p>\n","protected":false},"featured_media":667,"comment_status":"open","ping_status":"closed","template":"","meta":{"inline_featured_image":false},"product_cat":[20,24,29,35],"product_tag":[],"class_list":{"0":"post-668","1":"product","2":"type-product","3":"status-publish","4":"has-post-thumbnail","6":"product_cat-energia-vastupidavus","7":"product_cat-massilisajad-taastajad","8":"product_cat-sooduspakkumised","9":"product_cat-vastupidavusalad","10":"pa_energia-352kcal","11":"pa_kogusg-500g","12":"pa_kunakasutada-parasttrenni","13":"pa_maitse-greip","14":"pa_maitse-sidrun","15":"pa_rasvad-0_5g","16":"pa_susivesikud-69_1g","17":"pa_valgud-17_8g","18":"pa_vorm-pulber","20":"first","21":"instock","22":"shipping-taxable","23":"purchasable","24":"product-type-variable"},"yoast_head":"<!-- This site is optimized with the Yoast SEO plugin v27.3 - https:\/\/yoast.com\/product\/yoast-seo-wordpress\/ -->\n<title>Isotooniline spordijook aminohapetega - Aminostar Xpower Flash XT Energy Drink - MyBody.ee - Toidulisandid ja sporditarvikud<\/title>\n<meta name=\"description\" content=\"Xpower Flash XT isotooniline spordijook\u00a0on isotooniline janukustutaja, sisaldab enamikke\" \/>\n<meta name=\"robots\" content=\"index, follow, max-snippet:-1, max-image-preview:large, max-video-preview:-1\" \/>\n<link rel=\"canonical\" href=\"https:\/\/mybody5.ee.mybody.ee\/proov\/product\/isotooniline-spordijook-aminohapetega-aminostar-xpower-flash-xt-energy-drink\/\" \/>\n<meta property=\"og:locale\" content=\"et_EE\" \/>\n<meta property=\"og:type\" content=\"article\" \/>\n<meta property=\"og:title\" content=\"Isotooniline spordijook aminohapetega - Aminostar Xpower Flash XT Energy Drink - MyBody.ee - Toidulisandid ja sporditarvikud\" \/>\n<meta property=\"og:description\" content=\"Xpower Flash XT isotooniline spordijook\u00a0on isotooniline janukustutaja, sisaldab enamikke\" \/>\n<meta property=\"og:url\" content=\"https:\/\/mybody5.ee.mybody.ee\/proov\/product\/isotooniline-spordijook-aminohapetega-aminostar-xpower-flash-xt-energy-drink\/\" \/>\n<meta property=\"og:site_name\" content=\"supplero\" \/>\n<meta property=\"article:publisher\" content=\"https:\/\/facebook.com\/MyBody.ee\/\" \/>\n<meta property=\"og:image\" content=\"https:\/\/mybody5.ee.mybody.ee\/proov\/wp-content\/uploads\/2019\/12\/aminostar-xpower-flash-xt-isotonic-energy-drink-isotooniline-spordijook-385.png\" \/>\n\t<meta property=\"og:image:width\" content=\"350\" \/>\n\t<meta property=\"og:image:height\" content=\"350\" \/>\n\t<meta property=\"og:image:type\" content=\"image\/png\" \/>\n<meta name=\"twitter:card\" content=\"summary_large_image\" \/>\n<meta name=\"twitter:label1\" content=\"Est. reading time\" \/>\n\t<meta name=\"twitter:data1\" content=\"2 minutit\" \/>\n<script type=\"application\/ld+json\" class=\"yoast-schema-graph\">{\"@context\":\"https:\\\/\\\/schema.org\",\"@graph\":[{\"@type\":\"WebPage\",\"@id\":\"https:\\\/\\\/mybody5.ee.mybody.ee\\\/proov\\\/product\\\/isotooniline-spordijook-aminohapetega-aminostar-xpower-flash-xt-energy-drink\\\/\",\"url\":\"https:\\\/\\\/mybody5.ee.mybody.ee\\\/proov\\\/product\\\/isotooniline-spordijook-aminohapetega-aminostar-xpower-flash-xt-energy-drink\\\/\",\"name\":\"Isotooniline spordijook aminohapetega - Aminostar Xpower Flash XT Energy Drink - MyBody.ee - Toidulisandid ja sporditarvikud\",\"isPartOf\":{\"@id\":\"https:\\\/\\\/mybody5.ee.mybody.ee\\\/proov\\\/#website\"},\"primaryImageOfPage\":{\"@id\":\"https:\\\/\\\/mybody5.ee.mybody.ee\\\/proov\\\/product\\\/isotooniline-spordijook-aminohapetega-aminostar-xpower-flash-xt-energy-drink\\\/#primaryimage\"},\"image\":{\"@id\":\"https:\\\/\\\/mybody5.ee.mybody.ee\\\/proov\\\/product\\\/isotooniline-spordijook-aminohapetega-aminostar-xpower-flash-xt-energy-drink\\\/#primaryimage\"},\"thumbnailUrl\":\"https:\\\/\\\/mybody5.ee.mybody.ee\\\/proov\\\/wp-content\\\/uploads\\\/2019\\\/12\\\/aminostar-xpower-flash-xt-isotonic-energy-drink-isotooniline-spordijook-385.png\",\"datePublished\":\"2019-12-09T22:25:44+00:00\",\"description\":\"Xpower Flash XT isotooniline spordijook\u00a0on isotooniline janukustutaja, sisaldab enamikke\",\"breadcrumb\":{\"@id\":\"https:\\\/\\\/mybody5.ee.mybody.ee\\\/proov\\\/product\\\/isotooniline-spordijook-aminohapetega-aminostar-xpower-flash-xt-energy-drink\\\/#breadcrumb\"},\"inLanguage\":\"et\",\"potentialAction\":[{\"@type\":\"ReadAction\",\"target\":[\"https:\\\/\\\/mybody5.ee.mybody.ee\\\/proov\\\/product\\\/isotooniline-spordijook-aminohapetega-aminostar-xpower-flash-xt-energy-drink\\\/\"]}]},{\"@type\":\"ImageObject\",\"inLanguage\":\"et\",\"@id\":\"https:\\\/\\\/mybody5.ee.mybody.ee\\\/proov\\\/product\\\/isotooniline-spordijook-aminohapetega-aminostar-xpower-flash-xt-energy-drink\\\/#primaryimage\",\"url\":\"https:\\\/\\\/mybody5.ee.mybody.ee\\\/proov\\\/wp-content\\\/uploads\\\/2019\\\/12\\\/aminostar-xpower-flash-xt-isotonic-energy-drink-isotooniline-spordijook-385.png\",\"contentUrl\":\"https:\\\/\\\/mybody5.ee.mybody.ee\\\/proov\\\/wp-content\\\/uploads\\\/2019\\\/12\\\/aminostar-xpower-flash-xt-isotonic-energy-drink-isotooniline-spordijook-385.png\",\"width\":350,\"height\":350,\"caption\":\"Isotooniline spordijook aminohapetega - Aminostar Xpower Flash XT Energy Drink\"},{\"@type\":\"BreadcrumbList\",\"@id\":\"https:\\\/\\\/mybody5.ee.mybody.ee\\\/proov\\\/product\\\/isotooniline-spordijook-aminohapetega-aminostar-xpower-flash-xt-energy-drink\\\/#breadcrumb\",\"itemListElement\":[{\"@type\":\"ListItem\",\"position\":1,\"name\":\"Home\",\"item\":\"https:\\\/\\\/mybody5.ee.mybody.ee\\\/proov\\\/\"},{\"@type\":\"ListItem\",\"position\":2,\"name\":\"Shop\",\"item\":\"https:\\\/\\\/mybody5.ee.mybody.ee\\\/proov\\\/shop\\\/\"},{\"@type\":\"ListItem\",\"position\":3,\"name\":\"Isotooniline spordijook aminohapetega &#8211; Aminostar Xpower Flash XT Energy Drink\"}]},{\"@type\":\"WebSite\",\"@id\":\"https:\\\/\\\/mybody5.ee.mybody.ee\\\/proov\\\/#website\",\"url\":\"https:\\\/\\\/mybody5.ee.mybody.ee\\\/proov\\\/\",\"name\":\"MyBody.ee - Toidulisandid ja sporditarvikud\",\"description\":\"Just another WordPress site\",\"publisher\":{\"@id\":\"https:\\\/\\\/mybody5.ee.mybody.ee\\\/proov\\\/#organization\"},\"potentialAction\":[{\"@type\":\"SearchAction\",\"target\":{\"@type\":\"EntryPoint\",\"urlTemplate\":\"https:\\\/\\\/mybody5.ee.mybody.ee\\\/proov\\\/?s={search_term_string}\"},\"query-input\":{\"@type\":\"PropertyValueSpecification\",\"valueRequired\":true,\"valueName\":\"search_term_string\"}}],\"inLanguage\":\"et\"},{\"@type\":\"Organization\",\"@id\":\"https:\\\/\\\/mybody5.ee.mybody.ee\\\/proov\\\/#organization\",\"name\":\"MyBody.ee\",\"url\":\"https:\\\/\\\/mybody5.ee.mybody.ee\\\/proov\\\/\",\"logo\":{\"@type\":\"ImageObject\",\"inLanguage\":\"et\",\"@id\":\"https:\\\/\\\/mybody5.ee.mybody.ee\\\/proov\\\/#\\\/schema\\\/logo\\\/image\\\/\",\"url\":\"https:\\\/\\\/mybody5.ee.mybody.ee\\\/proov\\\/wp-content\\\/uploads\\\/2023\\\/11\\\/mybody_logo_h65-2.png\",\"contentUrl\":\"https:\\\/\\\/mybody5.ee.mybody.ee\\\/proov\\\/wp-content\\\/uploads\\\/2023\\\/11\\\/mybody_logo_h65-2.png\",\"width\":229,\"height\":65,\"caption\":\"MyBody.ee\"},\"image\":{\"@id\":\"https:\\\/\\\/mybody5.ee.mybody.ee\\\/proov\\\/#\\\/schema\\\/logo\\\/image\\\/\"},\"sameAs\":[\"https:\\\/\\\/facebook.com\\\/MyBody.ee\\\/\"]}]}<\/script>\n<!-- \/ Yoast SEO plugin. -->","yoast_head_json":{"title":"Isotooniline spordijook aminohapetega - Aminostar Xpower Flash XT Energy Drink - MyBody.ee - Toidulisandid ja sporditarvikud","description":"Xpower Flash XT isotooniline spordijook\u00a0on isotooniline janukustutaja, sisaldab enamikke","robots":{"index":"index","follow":"follow","max-snippet":"max-snippet:-1","max-image-preview":"max-image-preview:large","max-video-preview":"max-video-preview:-1"},"canonical":"https:\/\/mybody5.ee.mybody.ee\/proov\/product\/isotooniline-spordijook-aminohapetega-aminostar-xpower-flash-xt-energy-drink\/","og_locale":"et_EE","og_type":"article","og_title":"Isotooniline spordijook aminohapetega - Aminostar Xpower Flash XT Energy Drink - MyBody.ee - Toidulisandid ja sporditarvikud","og_description":"Xpower Flash XT isotooniline spordijook\u00a0on isotooniline janukustutaja, sisaldab enamikke","og_url":"https:\/\/mybody5.ee.mybody.ee\/proov\/product\/isotooniline-spordijook-aminohapetega-aminostar-xpower-flash-xt-energy-drink\/","og_site_name":"supplero","article_publisher":"https:\/\/facebook.com\/MyBody.ee\/","og_image":[{"width":350,"height":350,"url":"https:\/\/mybody5.ee.mybody.ee\/proov\/wp-content\/uploads\/2019\/12\/aminostar-xpower-flash-xt-isotonic-energy-drink-isotooniline-spordijook-385.png","type":"image\/png"}],"twitter_card":"summary_large_image","twitter_misc":{"Est. reading time":"2 minutit"},"schema":{"@context":"https:\/\/schema.org","@graph":[{"@type":"WebPage","@id":"https:\/\/mybody5.ee.mybody.ee\/proov\/product\/isotooniline-spordijook-aminohapetega-aminostar-xpower-flash-xt-energy-drink\/","url":"https:\/\/mybody5.ee.mybody.ee\/proov\/product\/isotooniline-spordijook-aminohapetega-aminostar-xpower-flash-xt-energy-drink\/","name":"Isotooniline spordijook aminohapetega - Aminostar Xpower Flash XT Energy Drink - MyBody.ee - Toidulisandid ja sporditarvikud","isPartOf":{"@id":"https:\/\/mybody5.ee.mybody.ee\/proov\/#website"},"primaryImageOfPage":{"@id":"https:\/\/mybody5.ee.mybody.ee\/proov\/product\/isotooniline-spordijook-aminohapetega-aminostar-xpower-flash-xt-energy-drink\/#primaryimage"},"image":{"@id":"https:\/\/mybody5.ee.mybody.ee\/proov\/product\/isotooniline-spordijook-aminohapetega-aminostar-xpower-flash-xt-energy-drink\/#primaryimage"},"thumbnailUrl":"https:\/\/mybody5.ee.mybody.ee\/proov\/wp-content\/uploads\/2019\/12\/aminostar-xpower-flash-xt-isotonic-energy-drink-isotooniline-spordijook-385.png","datePublished":"2019-12-09T22:25:44+00:00","description":"Xpower Flash XT isotooniline spordijook\u00a0on isotooniline janukustutaja, sisaldab enamikke","breadcrumb":{"@id":"https:\/\/mybody5.ee.mybody.ee\/proov\/product\/isotooniline-spordijook-aminohapetega-aminostar-xpower-flash-xt-energy-drink\/#breadcrumb"},"inLanguage":"et","potentialAction":[{"@type":"ReadAction","target":["https:\/\/mybody5.ee.mybody.ee\/proov\/product\/isotooniline-spordijook-aminohapetega-aminostar-xpower-flash-xt-energy-drink\/"]}]},{"@type":"ImageObject","inLanguage":"et","@id":"https:\/\/mybody5.ee.mybody.ee\/proov\/product\/isotooniline-spordijook-aminohapetega-aminostar-xpower-flash-xt-energy-drink\/#primaryimage","url":"https:\/\/mybody5.ee.mybody.ee\/proov\/wp-content\/uploads\/2019\/12\/aminostar-xpower-flash-xt-isotonic-energy-drink-isotooniline-spordijook-385.png","contentUrl":"https:\/\/mybody5.ee.mybody.ee\/proov\/wp-content\/uploads\/2019\/12\/aminostar-xpower-flash-xt-isotonic-energy-drink-isotooniline-spordijook-385.png","width":350,"height":350,"caption":"Isotooniline spordijook aminohapetega - Aminostar Xpower Flash XT Energy Drink"},{"@type":"BreadcrumbList","@id":"https:\/\/mybody5.ee.mybody.ee\/proov\/product\/isotooniline-spordijook-aminohapetega-aminostar-xpower-flash-xt-energy-drink\/#breadcrumb","itemListElement":[{"@type":"ListItem","position":1,"name":"Home","item":"https:\/\/mybody5.ee.mybody.ee\/proov\/"},{"@type":"ListItem","position":2,"name":"Shop","item":"https:\/\/mybody5.ee.mybody.ee\/proov\/shop\/"},{"@type":"ListItem","position":3,"name":"Isotooniline spordijook aminohapetega &#8211; Aminostar Xpower Flash XT Energy Drink"}]},{"@type":"WebSite","@id":"https:\/\/mybody5.ee.mybody.ee\/proov\/#website","url":"https:\/\/mybody5.ee.mybody.ee\/proov\/","name":"MyBody.ee - Toidulisandid ja sporditarvikud","description":"Just another WordPress site","publisher":{"@id":"https:\/\/mybody5.ee.mybody.ee\/proov\/#organization"},"potentialAction":[{"@type":"SearchAction","target":{"@type":"EntryPoint","urlTemplate":"https:\/\/mybody5.ee.mybody.ee\/proov\/?s={search_term_string}"},"query-input":{"@type":"PropertyValueSpecification","valueRequired":true,"valueName":"search_term_string"}}],"inLanguage":"et"},{"@type":"Organization","@id":"https:\/\/mybody5.ee.mybody.ee\/proov\/#organization","name":"MyBody.ee","url":"https:\/\/mybody5.ee.mybody.ee\/proov\/","logo":{"@type":"ImageObject","inLanguage":"et","@id":"https:\/\/mybody5.ee.mybody.ee\/proov\/#\/schema\/logo\/image\/","url":"https:\/\/mybody5.ee.mybody.ee\/proov\/wp-content\/uploads\/2023\/11\/mybody_logo_h65-2.png","contentUrl":"https:\/\/mybody5.ee.mybody.ee\/proov\/wp-content\/uploads\/2023\/11\/mybody_logo_h65-2.png","width":229,"height":65,"caption":"MyBody.ee"},"image":{"@id":"https:\/\/mybody5.ee.mybody.ee\/proov\/#\/schema\/logo\/image\/"},"sameAs":["https:\/\/facebook.com\/MyBody.ee\/"]}]}},"_links":{"self":[{"href":"https:\/\/mybody5.ee.mybody.ee\/proov\/wp-json\/wp\/v2\/product\/668","targetHints":{"allow":["GET"]}}],"collection":[{"href":"https:\/\/mybody5.ee.mybody.ee\/proov\/wp-json\/wp\/v2\/product"}],"about":[{"href":"https:\/\/mybody5.ee.mybody.ee\/proov\/wp-json\/wp\/v2\/types\/product"}],"replies":[{"embeddable":true,"href":"https:\/\/mybody5.ee.mybody.ee\/proov\/wp-json\/wp\/v2\/comments?post=668"}],"wp:featuredmedia":[{"embeddable":true,"href":"https:\/\/mybody5.ee.mybody.ee\/proov\/wp-json\/wp\/v2\/media\/667"}],"wp:attachment":[{"href":"https:\/\/mybody5.ee.mybody.ee\/proov\/wp-json\/wp\/v2\/media?parent=668"}],"wp:term":[{"taxonomy":"product_cat","embeddable":true,"href":"https:\/\/mybody5.ee.mybody.ee\/proov\/wp-json\/wp\/v2\/product_cat?post=668"},{"taxonomy":"product_tag","embeddable":true,"href":"https:\/\/mybody5.ee.mybody.ee\/proov\/wp-json\/wp\/v2\/product_tag?post=668"}],"curies":[{"name":"wp","href":"https:\/\/api.w.org\/{rel}","templated":true}]}}