{"id":675,"date":"2019-12-09T22:25:44","date_gmt":"2019-12-09T22:25:44","guid":{"rendered":"https:\/\/mybody5.ee.mybody.ee\/proov\/product\/toidulisand-edasijoudnud-sportlastele-kes-tahavad-suurendada-lihasvoimsust-kasvu-ja-vastupidavust-self-nitro-arginine\/"},"modified":"2019-12-09T22:25:44","modified_gmt":"2019-12-09T22:25:44","slug":"toidulisand-edasijoudnud-sportlastele-kes-tahavad-suurendada-lihasvoimsust-kasvu-ja-vastupidavust-self-nitro-arginine","status":"publish","type":"product","link":"https:\/\/mybody5.ee.mybody.ee\/proov\/product\/toidulisand-edasijoudnud-sportlastele-kes-tahavad-suurendada-lihasvoimsust-kasvu-ja-vastupidavust-self-nitro-arginine\/","title":{"rendered":"Toidulisand edasij\u00f5udnud sportlastele, kes tahavad suurendada lihasv\u00f5imsust, -kasvu ja -vastupidavust  &#8211; SELF NITRO ARGININE"},"content":{"rendered":"<div>\n<p><strong>BF: 10.2022<\/strong><\/p>\n<p><strong>SELF Nitro Arginine<\/strong> &nbsp;on m\u00f5eldud edasij\u00f5udnud sportlastele, kes tahavad suurendada lihasv\u00f5imsust, -kasvu ja -vastupidavust.&nbsp;Lisaks sellele, et <strong>SELF Nitro Arginine<\/strong>&nbsp;muudab treeningu efektiivsemaks, kasvavad selle tagaj\u00e4rjel ka lihaste m\u00f5\u00f5tmed, kuna vedeliku&nbsp;hulk lihastes suureneb. Kuna toode seob vedelikku lihaskoes, on hea seda tarvitades juua p\u00e4evas umbes liiter enam vett kui tavap\u00e4raselt.&nbsp; NITRO PUMP&#8217;i&nbsp;v\u00f5etakse enne treeningut vastavalt oma kehakaalule. Kogukatele, suurte lihastega j\u00f5ualade sportlastele soovitatakse 10 tabletti, normaalkaalus sportlastele 6 tabletti p\u00e4evas.<\/p>\n<\/p><\/div>\n<p><strong>SELF Nitro Arginine<\/strong> sisaldab arginiin-nitraati,&nbsp; viinamarjaseemneekstrakti, rauda ja B-vitamiine, mis erinevate mehhanismide kaudu laiendavad veresooni ja parandavad lihaste verevarustust toitainete ja hapnikuga.&nbsp;<\/p>\n<p><strong>Arginiin-nitraat<\/strong> t\u00f5stab sooritusv\u00f5imet ja lisab lihastele &#8220;pumpefekti&#8221;.<\/p>\n<p><strong>Spinati ekstrakti&nbsp;<\/strong> on suurep\u00e4rane vitamiinide B6, foolhappe, raua ja kaaliumi allikas. Spinati lehed&nbsp;sisaldavad&nbsp;kroomi ja insuliinisarnast ainet, mille funktsioon on v\u00e4ga sarnane insuliiniga, mis aitab&nbsp;s\u00e4ilitada veresuhkru stabiilsust.&nbsp;Spinat sisaldab suures koguses antioks\u00fcdante nagu E-vitamiin ja seleen&nbsp;See mitte ainult aktiveeri&nbsp;aju funktsioone, vaid ka suurendab&nbsp;eluj\u00f5udu. Spinati&nbsp;ekstrakt&nbsp;aitab ka v\u00e4ltida aju vananemist ja v\u00e4ltida Alzheimeri t\u00f5bi.<\/p>\n<p><strong>Viinamarjaseemneekstrakt<\/strong> takistab vananemist ja kaitseb lihaserakke ja kudesid. See on tugevam antioks\u00fcdant&nbsp;kui C-vitamiin, mist\u00f5ttu on n\u00e4iteks gripiperioodil asendamatu.<\/p>\n<p><strong>Raual&nbsp;<\/strong>on oluline roll hapniku transportimisel&nbsp;kopsudest kudedesse.<\/p>\n<p><strong>Niatsiin<\/strong> on vajalik stressi leevendamiseks ja n\u00e4rvis\u00fcsteemi toimimiseks ning&nbsp;valkude s\u00fcnteesimiseks.<\/p>\n<p><strong>B6 vitamiin<\/strong> on vajalik s\u00fcsivesikute, rasvade ning valkude l\u00f5hustamiseks ja kasutamiseks, gl\u00fckogeenist energia tootmiseks, tsentraalse n\u00e4rvis\u00fcsteemi normaalseks funktsioneerimiseks<\/p>\n<p><strong>B12 vitamiin<\/strong> on vajalik n\u00e4rvis\u00fcsteemi&nbsp;talitluseks, valkude s\u00fcnteesimiseks ja rasvade ning s\u00fcsivesikute ainevahetuseks.<\/p>\n<h3>Toime<\/h3>\n<ul>\n<li>Aktiveerib nn. lihaspumbaefekti ehk parandab lihaste verevarustust<\/li>\n<li>Suurendab sooritusv\u00f5imet,&nbsp;parandades seeriate vahelist taastumist<\/li>\n<li>Parandab aeroobset v\u00f5imekust<\/li>\n<li>Stimuleerib valgus\u00fcnteesi (lihaskasvu) ja t\u00f5hustab rasvap\u00f5letust<\/li>\n<li>Koostisosade m\u00f5ju sooritusv\u00f5imele on teaduslikult t\u00f5estatud<\/li>\n<\/ul>\n<h3>Kasutamine<\/h3>\n<p>P\u00e4evane annus on 6 kapslit. Trennip\u00e4eval v\u00f5tta 6 kapslit enne treeningut. Treeningvabal p\u00e4eval v\u00f5tta 6 kapslit p\u00e4eva peale jagatult.<\/p>\n<h3>Kellele sobib?<\/h3>\n<p>Neile, kes soovivad suurendada lihasmassikasvu l\u00e4bi efektiivsemate treeningute ja paranenud lihaste verevarustuse. Sobib ka vastupidavusaladele.<\/p>\n<h3>Pakend:&nbsp;<span style=\"font-size:14px;\"><span style=\"font-family:arial,helvetica,sans-serif;\">180 kapslit<\/span><\/span><\/h3>\n<table border=\"1\" cellpadding=\"1\" cellspacing=\"1\" style=\"height:400px;width:400px;\">\n<tbody>\n<tr>\n<td><strong>SELF Nitro Arginine aktiivsed koostisosad<\/strong><\/td>\n<td><strong>6 kapslit<\/strong><\/td>\n<\/tr>\n<tr>\n<td>Arginiin-nitraat<\/td>\n<td>3000mg<\/td>\n<\/tr>\n<tr>\n<td>Spinati ekstrakt (Spinacia oleracea &#8211; folium) (20% nitrate)<\/td>\n<td>1260mg<\/td>\n<\/tr>\n<tr>\n<td>Viinamarjaseemneekstrakt<\/td>\n<td>210mg<\/td>\n<\/tr>\n<tr>\n<td>Raud<\/td>\n<td>9mg 65%<\/td>\n<\/tr>\n<tr>\n<td>Niatsiin<\/td>\n<td>18mg 114%<\/td>\n<\/tr>\n<tr>\n<td>B6 vitamiin<\/td>\n<td>3mg 204%<\/td>\n<\/tr>\n<tr>\n<td>B12 vitamiin<\/td>\n<td>9mcg 360%<\/td>\n<\/tr>\n<tr>\n<td colspan=\"2\"><span style=\"font-size: 10px;\">Koostis: Abiained: E460, E470b Vegan kapsel (E1204)&nbsp;<\/span><\/td>\n<\/tr>\n<\/tbody>\n<\/table>\n<h3>Konsultatsioon<\/h3>\n<ul>\n<li>Oled oodatud tasuta konsultatsioonile MYBODY Audentese kauplusesse,<\/li>\n<li>Asukoht: Audentese Spordikeskus, Tondi 84.<\/li>\n<li>Telefon EST\/RUS\/ENG +372&nbsp;523 1960<\/li>\n<li>Telefon EST\/ENG +372 56&nbsp;458&nbsp;688<\/li>\n<li><a href=\"mailto:info@mybody.ee\">info@mybody.ee<\/a><\/li>\n<li><a href=\"http:\/\/www.facebook.com\/mybody.ee\">www.facebook.com\/mybody.ee<\/a><\/li>\n<\/ul>\n","protected":false},"excerpt":{"rendered":"<p>BF: 10.2022 SELF Nitro Arginine &nbsp;on m\u00f5eldud edasij\u00f5udnud sportlastele, kes tahavad suurendada lihasv\u00f5imsust, -kasvu ja -vastupidavust.&nbsp;Lisaks sellele, et SELF Nitro Arginine&nbsp;muudab treeningu efektiivsemaks, kasvavad selle tagaj\u00e4rjel ka lihaste m\u00f5\u00f5tmed, kuna vedeliku&nbsp;hulk lihastes suureneb. Kuna toode seob vedelikku lihaskoes, on hea seda tarvitades juua p\u00e4evas umbes liiter enam vett kui tavap\u00e4raselt.&nbsp; NITRO PUMP&#8217;i&nbsp;v\u00f5etakse enne treeningut vastavalt [&hellip;]<\/p>\n","protected":false},"featured_media":674,"comment_status":"open","ping_status":"closed","template":"","meta":{"inline_featured_image":false},"product_cat":[37,53,29,30],"product_tag":[],"class_list":{"0":"post-675","1":"product","2":"type-product","3":"status-publish","4":"has-post-thumbnail","6":"product_cat-joualad","7":"product_cat-pump-efekt","8":"product_cat-sooduspakkumised","9":"product_cat-spetsiaal","11":"first","12":"instock","13":"shipping-taxable","14":"purchasable","15":"product-type-simple"},"yoast_head":"<!-- This site is optimized with the Yoast SEO plugin v27.3 - https:\/\/yoast.com\/product\/yoast-seo-wordpress\/ -->\n<title>Toidulisand edasij\u00f5udnud sportlastele, kes tahavad suurendada lihasv\u00f5imsust, -kasvu ja -vastupidavust - SELF NITRO ARGININE - MyBody.ee - Toidulisandid ja sporditarvikud<\/title>\n<meta name=\"description\" content=\"SELF Nitro Arginine \u00a0on m\u00f5eldud edasij\u00f5udnud sportlastele\" \/>\n<meta name=\"robots\" content=\"index, follow, max-snippet:-1, max-image-preview:large, max-video-preview:-1\" \/>\n<link rel=\"canonical\" href=\"https:\/\/mybody5.ee.mybody.ee\/proov\/product\/toidulisand-edasijoudnud-sportlastele-kes-tahavad-suurendada-lihasvoimsust-kasvu-ja-vastupidavust-self-nitro-arginine\/\" \/>\n<meta property=\"og:locale\" content=\"et_EE\" \/>\n<meta property=\"og:type\" content=\"article\" \/>\n<meta property=\"og:title\" content=\"Toidulisand edasij\u00f5udnud sportlastele, kes tahavad suurendada lihasv\u00f5imsust, -kasvu ja -vastupidavust - SELF NITRO ARGININE - MyBody.ee - Toidulisandid ja sporditarvikud\" \/>\n<meta property=\"og:description\" content=\"SELF Nitro Arginine \u00a0on m\u00f5eldud edasij\u00f5udnud sportlastele\" \/>\n<meta property=\"og:url\" content=\"https:\/\/mybody5.ee.mybody.ee\/proov\/product\/toidulisand-edasijoudnud-sportlastele-kes-tahavad-suurendada-lihasvoimsust-kasvu-ja-vastupidavust-self-nitro-arginine\/\" \/>\n<meta property=\"og:site_name\" content=\"supplero\" \/>\n<meta property=\"article:publisher\" content=\"https:\/\/facebook.com\/MyBody.ee\/\" \/>\n<meta property=\"og:image\" content=\"https:\/\/mybody5.ee.mybody.ee\/proov\/wp-content\/uploads\/2019\/12\/NITRO-ARGININE.png\" \/>\n\t<meta property=\"og:image:width\" content=\"358\" \/>\n\t<meta property=\"og:image:height\" content=\"682\" \/>\n\t<meta property=\"og:image:type\" content=\"image\/png\" \/>\n<meta name=\"twitter:card\" content=\"summary_large_image\" \/>\n<meta name=\"twitter:label1\" content=\"Est. reading time\" \/>\n\t<meta name=\"twitter:data1\" content=\"2 minutit\" \/>\n<script type=\"application\/ld+json\" class=\"yoast-schema-graph\">{\"@context\":\"https:\\\/\\\/schema.org\",\"@graph\":[{\"@type\":\"WebPage\",\"@id\":\"https:\\\/\\\/mybody5.ee.mybody.ee\\\/proov\\\/product\\\/toidulisand-edasijoudnud-sportlastele-kes-tahavad-suurendada-lihasvoimsust-kasvu-ja-vastupidavust-self-nitro-arginine\\\/\",\"url\":\"https:\\\/\\\/mybody5.ee.mybody.ee\\\/proov\\\/product\\\/toidulisand-edasijoudnud-sportlastele-kes-tahavad-suurendada-lihasvoimsust-kasvu-ja-vastupidavust-self-nitro-arginine\\\/\",\"name\":\"Toidulisand edasij\u00f5udnud sportlastele, kes tahavad suurendada lihasv\u00f5imsust, -kasvu ja -vastupidavust - SELF NITRO ARGININE - MyBody.ee - Toidulisandid ja sporditarvikud\",\"isPartOf\":{\"@id\":\"https:\\\/\\\/mybody5.ee.mybody.ee\\\/proov\\\/#website\"},\"primaryImageOfPage\":{\"@id\":\"https:\\\/\\\/mybody5.ee.mybody.ee\\\/proov\\\/product\\\/toidulisand-edasijoudnud-sportlastele-kes-tahavad-suurendada-lihasvoimsust-kasvu-ja-vastupidavust-self-nitro-arginine\\\/#primaryimage\"},\"image\":{\"@id\":\"https:\\\/\\\/mybody5.ee.mybody.ee\\\/proov\\\/product\\\/toidulisand-edasijoudnud-sportlastele-kes-tahavad-suurendada-lihasvoimsust-kasvu-ja-vastupidavust-self-nitro-arginine\\\/#primaryimage\"},\"thumbnailUrl\":\"https:\\\/\\\/mybody5.ee.mybody.ee\\\/proov\\\/wp-content\\\/uploads\\\/2019\\\/12\\\/NITRO-ARGININE.png\",\"datePublished\":\"2019-12-09T22:25:44+00:00\",\"description\":\"SELF Nitro Arginine \u00a0on m\u00f5eldud edasij\u00f5udnud sportlastele\",\"breadcrumb\":{\"@id\":\"https:\\\/\\\/mybody5.ee.mybody.ee\\\/proov\\\/product\\\/toidulisand-edasijoudnud-sportlastele-kes-tahavad-suurendada-lihasvoimsust-kasvu-ja-vastupidavust-self-nitro-arginine\\\/#breadcrumb\"},\"inLanguage\":\"et\",\"potentialAction\":[{\"@type\":\"ReadAction\",\"target\":[\"https:\\\/\\\/mybody5.ee.mybody.ee\\\/proov\\\/product\\\/toidulisand-edasijoudnud-sportlastele-kes-tahavad-suurendada-lihasvoimsust-kasvu-ja-vastupidavust-self-nitro-arginine\\\/\"]}]},{\"@type\":\"ImageObject\",\"inLanguage\":\"et\",\"@id\":\"https:\\\/\\\/mybody5.ee.mybody.ee\\\/proov\\\/product\\\/toidulisand-edasijoudnud-sportlastele-kes-tahavad-suurendada-lihasvoimsust-kasvu-ja-vastupidavust-self-nitro-arginine\\\/#primaryimage\",\"url\":\"https:\\\/\\\/mybody5.ee.mybody.ee\\\/proov\\\/wp-content\\\/uploads\\\/2019\\\/12\\\/NITRO-ARGININE.png\",\"contentUrl\":\"https:\\\/\\\/mybody5.ee.mybody.ee\\\/proov\\\/wp-content\\\/uploads\\\/2019\\\/12\\\/NITRO-ARGININE.png\",\"width\":358,\"height\":682,\"caption\":\"Toidulisand edasij\u00f5udnud sportlastele, kes tahavad suurendada lihasv\u00f5imsust, -kasvu ja -vastupidavust - SELF NITRO ARGININE\"},{\"@type\":\"BreadcrumbList\",\"@id\":\"https:\\\/\\\/mybody5.ee.mybody.ee\\\/proov\\\/product\\\/toidulisand-edasijoudnud-sportlastele-kes-tahavad-suurendada-lihasvoimsust-kasvu-ja-vastupidavust-self-nitro-arginine\\\/#breadcrumb\",\"itemListElement\":[{\"@type\":\"ListItem\",\"position\":1,\"name\":\"Home\",\"item\":\"https:\\\/\\\/mybody5.ee.mybody.ee\\\/proov\\\/\"},{\"@type\":\"ListItem\",\"position\":2,\"name\":\"Shop\",\"item\":\"https:\\\/\\\/mybody5.ee.mybody.ee\\\/proov\\\/shop\\\/\"},{\"@type\":\"ListItem\",\"position\":3,\"name\":\"Toidulisand edasij\u00f5udnud sportlastele, kes tahavad suurendada lihasv\u00f5imsust, -kasvu ja -vastupidavust &#8211; SELF NITRO ARGININE\"}]},{\"@type\":\"WebSite\",\"@id\":\"https:\\\/\\\/mybody5.ee.mybody.ee\\\/proov\\\/#website\",\"url\":\"https:\\\/\\\/mybody5.ee.mybody.ee\\\/proov\\\/\",\"name\":\"MyBody.ee - Toidulisandid ja sporditarvikud\",\"description\":\"Just another WordPress site\",\"publisher\":{\"@id\":\"https:\\\/\\\/mybody5.ee.mybody.ee\\\/proov\\\/#organization\"},\"potentialAction\":[{\"@type\":\"SearchAction\",\"target\":{\"@type\":\"EntryPoint\",\"urlTemplate\":\"https:\\\/\\\/mybody5.ee.mybody.ee\\\/proov\\\/?s={search_term_string}\"},\"query-input\":{\"@type\":\"PropertyValueSpecification\",\"valueRequired\":true,\"valueName\":\"search_term_string\"}}],\"inLanguage\":\"et\"},{\"@type\":\"Organization\",\"@id\":\"https:\\\/\\\/mybody5.ee.mybody.ee\\\/proov\\\/#organization\",\"name\":\"MyBody.ee\",\"url\":\"https:\\\/\\\/mybody5.ee.mybody.ee\\\/proov\\\/\",\"logo\":{\"@type\":\"ImageObject\",\"inLanguage\":\"et\",\"@id\":\"https:\\\/\\\/mybody5.ee.mybody.ee\\\/proov\\\/#\\\/schema\\\/logo\\\/image\\\/\",\"url\":\"https:\\\/\\\/mybody5.ee.mybody.ee\\\/proov\\\/wp-content\\\/uploads\\\/2023\\\/11\\\/mybody_logo_h65-2.png\",\"contentUrl\":\"https:\\\/\\\/mybody5.ee.mybody.ee\\\/proov\\\/wp-content\\\/uploads\\\/2023\\\/11\\\/mybody_logo_h65-2.png\",\"width\":229,\"height\":65,\"caption\":\"MyBody.ee\"},\"image\":{\"@id\":\"https:\\\/\\\/mybody5.ee.mybody.ee\\\/proov\\\/#\\\/schema\\\/logo\\\/image\\\/\"},\"sameAs\":[\"https:\\\/\\\/facebook.com\\\/MyBody.ee\\\/\"]}]}<\/script>\n<!-- \/ Yoast SEO plugin. -->","yoast_head_json":{"title":"Toidulisand edasij\u00f5udnud sportlastele, kes tahavad suurendada lihasv\u00f5imsust, -kasvu ja -vastupidavust - SELF NITRO ARGININE - MyBody.ee - Toidulisandid ja sporditarvikud","description":"SELF Nitro Arginine \u00a0on m\u00f5eldud edasij\u00f5udnud sportlastele","robots":{"index":"index","follow":"follow","max-snippet":"max-snippet:-1","max-image-preview":"max-image-preview:large","max-video-preview":"max-video-preview:-1"},"canonical":"https:\/\/mybody5.ee.mybody.ee\/proov\/product\/toidulisand-edasijoudnud-sportlastele-kes-tahavad-suurendada-lihasvoimsust-kasvu-ja-vastupidavust-self-nitro-arginine\/","og_locale":"et_EE","og_type":"article","og_title":"Toidulisand edasij\u00f5udnud sportlastele, kes tahavad suurendada lihasv\u00f5imsust, -kasvu ja -vastupidavust - SELF NITRO ARGININE - MyBody.ee - Toidulisandid ja sporditarvikud","og_description":"SELF Nitro Arginine \u00a0on m\u00f5eldud edasij\u00f5udnud sportlastele","og_url":"https:\/\/mybody5.ee.mybody.ee\/proov\/product\/toidulisand-edasijoudnud-sportlastele-kes-tahavad-suurendada-lihasvoimsust-kasvu-ja-vastupidavust-self-nitro-arginine\/","og_site_name":"supplero","article_publisher":"https:\/\/facebook.com\/MyBody.ee\/","og_image":[{"width":358,"height":682,"url":"https:\/\/mybody5.ee.mybody.ee\/proov\/wp-content\/uploads\/2019\/12\/NITRO-ARGININE.png","type":"image\/png"}],"twitter_card":"summary_large_image","twitter_misc":{"Est. reading time":"2 minutit"},"schema":{"@context":"https:\/\/schema.org","@graph":[{"@type":"WebPage","@id":"https:\/\/mybody5.ee.mybody.ee\/proov\/product\/toidulisand-edasijoudnud-sportlastele-kes-tahavad-suurendada-lihasvoimsust-kasvu-ja-vastupidavust-self-nitro-arginine\/","url":"https:\/\/mybody5.ee.mybody.ee\/proov\/product\/toidulisand-edasijoudnud-sportlastele-kes-tahavad-suurendada-lihasvoimsust-kasvu-ja-vastupidavust-self-nitro-arginine\/","name":"Toidulisand edasij\u00f5udnud sportlastele, kes tahavad suurendada lihasv\u00f5imsust, -kasvu ja -vastupidavust - SELF NITRO ARGININE - MyBody.ee - Toidulisandid ja sporditarvikud","isPartOf":{"@id":"https:\/\/mybody5.ee.mybody.ee\/proov\/#website"},"primaryImageOfPage":{"@id":"https:\/\/mybody5.ee.mybody.ee\/proov\/product\/toidulisand-edasijoudnud-sportlastele-kes-tahavad-suurendada-lihasvoimsust-kasvu-ja-vastupidavust-self-nitro-arginine\/#primaryimage"},"image":{"@id":"https:\/\/mybody5.ee.mybody.ee\/proov\/product\/toidulisand-edasijoudnud-sportlastele-kes-tahavad-suurendada-lihasvoimsust-kasvu-ja-vastupidavust-self-nitro-arginine\/#primaryimage"},"thumbnailUrl":"https:\/\/mybody5.ee.mybody.ee\/proov\/wp-content\/uploads\/2019\/12\/NITRO-ARGININE.png","datePublished":"2019-12-09T22:25:44+00:00","description":"SELF Nitro Arginine \u00a0on m\u00f5eldud edasij\u00f5udnud sportlastele","breadcrumb":{"@id":"https:\/\/mybody5.ee.mybody.ee\/proov\/product\/toidulisand-edasijoudnud-sportlastele-kes-tahavad-suurendada-lihasvoimsust-kasvu-ja-vastupidavust-self-nitro-arginine\/#breadcrumb"},"inLanguage":"et","potentialAction":[{"@type":"ReadAction","target":["https:\/\/mybody5.ee.mybody.ee\/proov\/product\/toidulisand-edasijoudnud-sportlastele-kes-tahavad-suurendada-lihasvoimsust-kasvu-ja-vastupidavust-self-nitro-arginine\/"]}]},{"@type":"ImageObject","inLanguage":"et","@id":"https:\/\/mybody5.ee.mybody.ee\/proov\/product\/toidulisand-edasijoudnud-sportlastele-kes-tahavad-suurendada-lihasvoimsust-kasvu-ja-vastupidavust-self-nitro-arginine\/#primaryimage","url":"https:\/\/mybody5.ee.mybody.ee\/proov\/wp-content\/uploads\/2019\/12\/NITRO-ARGININE.png","contentUrl":"https:\/\/mybody5.ee.mybody.ee\/proov\/wp-content\/uploads\/2019\/12\/NITRO-ARGININE.png","width":358,"height":682,"caption":"Toidulisand edasij\u00f5udnud sportlastele, kes tahavad suurendada lihasv\u00f5imsust, -kasvu ja -vastupidavust - SELF NITRO ARGININE"},{"@type":"BreadcrumbList","@id":"https:\/\/mybody5.ee.mybody.ee\/proov\/product\/toidulisand-edasijoudnud-sportlastele-kes-tahavad-suurendada-lihasvoimsust-kasvu-ja-vastupidavust-self-nitro-arginine\/#breadcrumb","itemListElement":[{"@type":"ListItem","position":1,"name":"Home","item":"https:\/\/mybody5.ee.mybody.ee\/proov\/"},{"@type":"ListItem","position":2,"name":"Shop","item":"https:\/\/mybody5.ee.mybody.ee\/proov\/shop\/"},{"@type":"ListItem","position":3,"name":"Toidulisand edasij\u00f5udnud sportlastele, kes tahavad suurendada lihasv\u00f5imsust, -kasvu ja -vastupidavust &#8211; SELF NITRO ARGININE"}]},{"@type":"WebSite","@id":"https:\/\/mybody5.ee.mybody.ee\/proov\/#website","url":"https:\/\/mybody5.ee.mybody.ee\/proov\/","name":"MyBody.ee - Toidulisandid ja sporditarvikud","description":"Just another WordPress site","publisher":{"@id":"https:\/\/mybody5.ee.mybody.ee\/proov\/#organization"},"potentialAction":[{"@type":"SearchAction","target":{"@type":"EntryPoint","urlTemplate":"https:\/\/mybody5.ee.mybody.ee\/proov\/?s={search_term_string}"},"query-input":{"@type":"PropertyValueSpecification","valueRequired":true,"valueName":"search_term_string"}}],"inLanguage":"et"},{"@type":"Organization","@id":"https:\/\/mybody5.ee.mybody.ee\/proov\/#organization","name":"MyBody.ee","url":"https:\/\/mybody5.ee.mybody.ee\/proov\/","logo":{"@type":"ImageObject","inLanguage":"et","@id":"https:\/\/mybody5.ee.mybody.ee\/proov\/#\/schema\/logo\/image\/","url":"https:\/\/mybody5.ee.mybody.ee\/proov\/wp-content\/uploads\/2023\/11\/mybody_logo_h65-2.png","contentUrl":"https:\/\/mybody5.ee.mybody.ee\/proov\/wp-content\/uploads\/2023\/11\/mybody_logo_h65-2.png","width":229,"height":65,"caption":"MyBody.ee"},"image":{"@id":"https:\/\/mybody5.ee.mybody.ee\/proov\/#\/schema\/logo\/image\/"},"sameAs":["https:\/\/facebook.com\/MyBody.ee\/"]}]}},"_links":{"self":[{"href":"https:\/\/mybody5.ee.mybody.ee\/proov\/wp-json\/wp\/v2\/product\/675","targetHints":{"allow":["GET"]}}],"collection":[{"href":"https:\/\/mybody5.ee.mybody.ee\/proov\/wp-json\/wp\/v2\/product"}],"about":[{"href":"https:\/\/mybody5.ee.mybody.ee\/proov\/wp-json\/wp\/v2\/types\/product"}],"replies":[{"embeddable":true,"href":"https:\/\/mybody5.ee.mybody.ee\/proov\/wp-json\/wp\/v2\/comments?post=675"}],"wp:featuredmedia":[{"embeddable":true,"href":"https:\/\/mybody5.ee.mybody.ee\/proov\/wp-json\/wp\/v2\/media\/674"}],"wp:attachment":[{"href":"https:\/\/mybody5.ee.mybody.ee\/proov\/wp-json\/wp\/v2\/media?parent=675"}],"wp:term":[{"taxonomy":"product_cat","embeddable":true,"href":"https:\/\/mybody5.ee.mybody.ee\/proov\/wp-json\/wp\/v2\/product_cat?post=675"},{"taxonomy":"product_tag","embeddable":true,"href":"https:\/\/mybody5.ee.mybody.ee\/proov\/wp-json\/wp\/v2\/product_tag?post=675"}],"curies":[{"name":"wp","href":"https:\/\/api.w.org\/{rel}","templated":true}]}}