{"id":682,"date":"2019-12-09T22:25:44","date_gmt":"2019-12-09T22:25:44","guid":{"rendered":"https:\/\/mybody5.ee.mybody.ee\/proov\/product\/liigeste-ja-luudele-parim-kollageen-valk-collagen-300g-iconfit\/"},"modified":"2019-12-09T22:25:44","modified_gmt":"2019-12-09T22:25:44","slug":"liigeste-ja-luudele-parim-kollageen-valk-collagen-300g-iconfit","status":"publish","type":"product","link":"https:\/\/mybody5.ee.mybody.ee\/proov\/product\/liigeste-ja-luudele-parim-kollageen-valk-collagen-300g-iconfit\/","title":{"rendered":"Liigeste ja luudele parim kollageen valk- Collagen 300g IconFit"},"content":{"rendered":"<p>K\u00f5rgelt hinnatud kollageen n\u00fc\u00fcd saadaval t\u00e4iesti puhtal kujul \u2013 teaduslikud uuringud on t\u00f5estanud, et parimaks toimeks peame tarbima 10g kollageeni p\u00e4evas. Kollageen on tuntud oma \u00e4\u00e4rmiselt kasulike omaduste poolest. Kaitseb liigeseid ja aitab neid kiiremini taastada, parandab luude elastsust ja vastupidavust, aitab moodustada lihaskudedele kvaliteetset struktuuri. Maailmakuulus on kollageen ka naha elastsuse parandamise ja kortsudevastase toimega.&nbsp;<span style=\"font-size: 13px;\">Kergesti seeditav, allergiavaba ja keha poolt v\u00e4ga h\u00e4sti omastatav. Oma neutraalse maitse ja l\u00f5hnaga sobib h\u00e4sti segamiseks erinevate toitude, smuutide ja jookidega.\u200b<\/span><\/p>\n<div>\n<table>\n<tbody>\n<tr>\n<td>&nbsp;<img decoding=\"async\" alt=\"\" src=\"https:\/\/iconfit.eu\/wp-content\/uploads\/2017\/11\/Collagen-Joints1-187x300v2.jpg\"><\/td>\n<td>\n<ul>\n<li>Kollageen on t\u00e4htsaim proteiin meie luudes ja liigestes andes neile elastsust ja vastupidavust. Lisaks on kollageen t\u00e4htis naha ja kudede struktuuri moodustamisel, mis \u00fcmbritseb ja kaitseb meie elut\u00e4htsaid organeid ja lihaseid.<\/li>\n<li>Sportlased kogevad oma igap\u00e4evaelus eriti suuri koormuseid, mis m\u00f5juvad pikemas perspektiivis negatiivselt liigestele. Suured koormused tekitavad ka m\u00e4rkimisv\u00e4\u00e4rselt k\u00f5rgema ohu osteoartriidi, liigsesevalude ja v\u00f5imalike vigastuste tekkeks.<\/li>\n<\/ul>\n<\/td>\n<\/tr>\n<tr>\n<td>&nbsp;<img decoding=\"async\" alt=\"\" src=\"https:\/\/iconfit.eu\/wp-content\/uploads\/2017\/11\/Collagen-Joints-188x300v2.jpg\"><\/td>\n<td>\n<ul>\n<li>Tarbides p\u00e4evas 10g h\u00fcdrol\u00fc\u00fcsitud kollageeni kaitsed oma liigeseid, luid ja lihaseid vigastuste eest. ICONFIT kollageen on puhtaimal v\u00f5imalikul kujul ja peaaegu 100% puhas proteiin.<\/li>\n<li>Sisaldab suures koguses t\u00e4htsaid aminohappeid arginiin (7,5%) ja gl\u00fctsiin (22,4%), mis koost\u00f6\u00f6s stimuleerivad kehas kreatiini tootmist ning aitavad sportlastel saavutada paremaid tulemusi. Lisaks aitavad kaasa kiiremale liigeste ja luude taastumisele.<\/li>\n<\/ul>\n<\/td>\n<\/tr>\n<tr>\n<td>&nbsp;<a data-caption=\"\" href=\"https:\/\/iconfit.eu\/wp-content\/uploads\/2017\/11\/Collagen-Skin-200x193v2.jpg\"><img decoding=\"async\" alt=\"\" src=\"https:\/\/iconfit.eu\/wp-content\/uploads\/2017\/11\/Collagen-Skin-200x193v2.jpg\"><\/a><\/td>\n<td>\n<ul>\n<li>Uuringud on t\u00f5estanud, et kollageeni tarbimine on kasulik naha elastsusele, v\u00e4hendab kortsude teket ja niisutab nahka.<\/li>\n<li>Kuigi naha jaoks kasutatakse kollageeni ka mitmetes kreemides siis kahjuks kollageen ei imendu sel viisil h\u00e4sti ja j\u00e4\u00e4b enamuses lihtsalt naha pinnale. Toiduga-joogiga tarbitav h\u00fcdrol\u00fc\u00fcsitud kollageen on aga kergesti ja kiiresti imenduv ja annab nahale maksimaalse tulemuse.<\/li>\n<\/ul>\n<\/td>\n<\/tr>\n<\/tbody>\n<\/table>\n<p>Kollageeni Kapslitest<\/p>\n<p>Eestis on populaarsed erinevad kollageeni kapslid aga kahjuks on nende kollageenisisaldus olematult v\u00e4ike (tavaliselt 0,4g-0,8 g) ning hinnad m\u00fcstiliselt k\u00f5rged. P\u00e4evas peaks s\u00f6\u00f6ma 13-20 kapslit, et uuringutega t\u00f5estatud 10g kasulik portsjon k\u00e4tte saada. Sellise p\u00e4evase kapsliportsjoni hinnad on u 5\u20ac (150\u20ac\/kuu). Lisaks veel ei ole kapslites \u00fcldsegist puhas h\u00fcdrol\u00fc\u00fcsitud kollageen, vaid sisaldavad valdavas osas hoopis erinevad t\u00e4idis- ja v\u00e4rvained, mida ei ole nahale ja liigestele kasulikkuse eesm\u00e4rgiga \u00fcldse vaja tarbida.<\/p>\n<p>ICONFIT H\u00fcdrol\u00fc\u00fcsitud Kollageen<\/p>\n<p>ICONFIT H\u00fcdrol\u00fc\u00fcsitud Kollageeni purgis on 300g (30 p\u00e4eva jagu!) t\u00e4iesti puhast loomset p\u00e4ritolu h\u00fcdrol\u00fc\u00fcsitud kollageeni pulbrilisel kujul. Soovitame iga p\u00e4ev 10g (m\u00f5\u00f5dulusikas kaasas) segada vabalt valitud toitudesse, jookidesse, smuutidesse v\u00f5i tarbida koos m\u00f5ne soovitud spordijoogiga. Tegemist on maitselt suhteliselt neutraalse pulbriga, mis ei muuda m\u00e4rkimisv\u00e4\u00e4rselt toidu v\u00f5i joogi maitset.<\/p>\n<\/p><\/div>\n<p><\/p>\n<table border=\"0\" cellpadding=\"1\" cellspacing=\"1\">\n<tbody>\n<tr>\n<td>ANAL\u00dc\u00dcS:<\/td>\n<td>10 G<\/td>\n<td>100 G<\/td>\n<\/tr>\n<tr>\n<td>Energia (kJ\/kcal)<\/td>\n<td>170 \/ 40<\/td>\n<td>1704 \/ 401<\/td>\n<\/tr>\n<tr>\n<td>Valgud<\/td>\n<td>9.9 g<\/td>\n<td>99.0g<\/td>\n<\/tr>\n<tr>\n<td>S\u00fcsivesikud<\/td>\n<td>0 g<\/td>\n<td>&nbsp;&lt; 0.5 g<\/td>\n<\/tr>\n<tr>\n<td>&#8211; millest suhkruid<\/td>\n<td>0 g<\/td>\n<td>&nbsp;&lt; 0.5 g<\/td>\n<\/tr>\n<tr>\n<td>Rasvad<\/td>\n<td>0 g<\/td>\n<td>0.1 g<\/td>\n<\/tr>\n<tr>\n<td>&#8211; millest k\u00fcllastunud<\/td>\n<td>0 g<\/td>\n<td>0.04 g<\/td>\n<\/tr>\n<tr>\n<td>Sool<\/td>\n<td>0.05 g<\/td>\n<td>0.5 g<\/td>\n<\/tr>\n<\/tbody>\n<\/table>\n<table border=\"0\" cellpadding=\"1\" cellspacing=\"1\">\n<tbody>\n<tr>\n<td>AMINOHAPETE PROFIIL<\/td>\n<td>100 G<\/td>\n<td>AMINOHAPETE PROFIIL<\/td>\n<td>100 G<\/td>\n<\/tr>\n<tr>\n<td>Alaniin<\/td>\n<td>8.8 g<\/td>\n<td>L\u00fcsiin<\/td>\n<td>4.0 g<\/td>\n<\/tr>\n<tr>\n<td>Arginiin<\/td>\n<td>7.5 g<\/td>\n<td>Methioniin<\/td>\n<td>0.8 g<\/td>\n<\/tr>\n<tr>\n<td>Aspargiinhape<\/td>\n<td>5.5 g<\/td>\n<td>Fen\u00fc\u00fclalaniin<\/td>\n<td>2.3 g<\/td>\n<\/tr>\n<tr>\n<td>H\u00fcdroks\u00fcproliin<\/td>\n<td>11.9 g<\/td>\n<td>Proliin<\/td>\n<td>13.2<\/td>\n<\/tr>\n<tr>\n<td>H\u00fcdroksil\u00fcsiin<\/td>\n<td>1.1 g<\/td>\n<td>Seriin<\/td>\n<td>3.2 g<\/td>\n<\/tr>\n<tr>\n<td>Glutamiinhape<\/td>\n<td>10.1 g<\/td>\n<td>Treoniin<\/td>\n<td>1.7 g<\/td>\n<\/tr>\n<tr>\n<td>Gl\u00fctsiin<\/td>\n<td>22.4 g<\/td>\n<td>Tr\u00fcptofaan<\/td>\n<td>0.1 g<\/td>\n<\/tr>\n<tr>\n<td>Histidiin<\/td>\n<td>0.5 g<\/td>\n<td>T\u00fcrosiin<\/td>\n<td>0.4 g<\/td>\n<\/tr>\n<tr>\n<td>Isoleutsiin<\/td>\n<td>1.3 g<\/td>\n<td>Valiin<\/td>\n<td>2.4 g<\/td>\n<\/tr>\n<tr>\n<td>Leutsiin<\/td>\n<td>2.8 g<\/td>\n<\/tr>\n<\/tbody>\n<\/table>\n<p style=\"text-align: justify;\">Konsultatsioon<\/p>\n<ul>\n<li style=\"text-align: justify;\"><span style=\"font-size: 12px;\"><span style=\"font-family: arial, helvetica, sans-serif;\">Oled oodatud tasuta konsultatsioonile MYBODY Audentese kauplusesse,<\/span><\/span><\/li>\n<li style=\"text-align: justify;\"><span style=\"font-size: 12px;\"><span style=\"font-family: arial, helvetica, sans-serif;\">Asukoht: Audentese Spordikeskus, Tondi 84.<\/span><\/span><\/li>\n<li style=\"text-align: justify;\"><span style=\"font-size: 12px;\"><span style=\"font-family: arial, helvetica, sans-serif;\">Telefon EST\/RUS\/ENG +372&nbsp;523 1960<\/span><\/span><\/li>\n<li style=\"text-align: justify;\"><span style=\"font-size: 12px;\"><span style=\"font-family: arial, helvetica, sans-serif;\">Telefon EST\/ENG +372 56&nbsp;458&nbsp;688<\/span><\/span><\/li>\n<li style=\"text-align: justify;\"><span style=\"font-size: 12px;\"><span style=\"font-family: arial, helvetica, sans-serif;\"><a href=\"mailto:info@mybody.ee\">info@mybody.ee<\/a><\/span><\/span><\/li>\n<li style=\"text-align: justify;\"><span style=\"font-size: 12px;\"><span style=\"font-family: arial, helvetica, sans-serif;\"><a href=\"http:\/\/www.facebook.com\/mybody.ee\">www.facebook.com\/mybody.ee<\/a><\/span><\/span><\/li>\n<\/ul>\n","protected":false},"excerpt":{"rendered":"<p>K\u00f5rgelt hinnatud kollageen n\u00fc\u00fcd saadaval t\u00e4iesti puhtal kujul \u2013 teaduslikud uuringud on t\u00f5estanud, et parimaks toimeks peame tarbima 10g kollageeni p\u00e4evas. Kollageen on tuntud oma \u00e4\u00e4rmiselt kasulike omaduste poolest. Kaitseb liigeseid ja aitab neid kiiremini taastada, parandab luude elastsust ja vastupidavust, aitab moodustada lihaskudedele kvaliteetset struktuuri. Maailmakuulus on kollageen ka naha elastsuse parandamise ja kortsudevastase [&hellip;]<\/p>\n","protected":false},"featured_media":681,"comment_status":"open","ping_status":"closed","template":"","meta":{"inline_featured_image":false},"product_cat":[434],"product_tag":[],"class_list":{"0":"post-682","1":"product","2":"type-product","3":"status-publish","4":"has-post-thumbnail","6":"product_cat-uncategorized","8":"first","9":"instock","10":"shipping-taxable","11":"purchasable","12":"product-type-simple"},"yoast_head":"<!-- This site is optimized with the Yoast SEO plugin v27.3 - https:\/\/yoast.com\/product\/yoast-seo-wordpress\/ -->\n<title>Liigeste ja luudele parim kollageen valk- Collagen 400g IconFit - MyBody.ee - Toidulisandid ja sporditarvikud<\/title>\n<meta name=\"description\" content=\"K\u00f5rgelt hinnatud kollageen n\u00fc\u00fcd saadaval t\u00e4iesti\" \/>\n<meta name=\"robots\" content=\"index, follow, max-snippet:-1, max-image-preview:large, max-video-preview:-1\" \/>\n<link rel=\"canonical\" href=\"https:\/\/mybody5.ee.mybody.ee\/proov\/product\/liigeste-ja-luudele-parim-kollageen-valk-collagen-300g-iconfit\/\" \/>\n<meta property=\"og:locale\" content=\"et_EE\" \/>\n<meta property=\"og:type\" content=\"article\" \/>\n<meta property=\"og:title\" content=\"Liigeste ja luudele parim kollageen valk- Collagen 400g IconFit - MyBody.ee - Toidulisandid ja sporditarvikud\" \/>\n<meta property=\"og:description\" content=\"K\u00f5rgelt hinnatud kollageen n\u00fc\u00fcd saadaval t\u00e4iesti\" \/>\n<meta property=\"og:url\" content=\"https:\/\/mybody5.ee.mybody.ee\/proov\/product\/liigeste-ja-luudele-parim-kollageen-valk-collagen-300g-iconfit\/\" \/>\n<meta property=\"og:site_name\" content=\"supplero\" \/>\n<meta property=\"article:publisher\" content=\"https:\/\/facebook.com\/MyBody.ee\/\" \/>\n<meta property=\"og:image\" content=\"https:\/\/mybody5.ee.mybody.ee\/proov\/wp-content\/uploads\/2019\/12\/Collagen-300g-liigesed-ja-nahk.jpg\" \/>\n\t<meta property=\"og:image:width\" content=\"1000\" \/>\n\t<meta property=\"og:image:height\" content=\"1000\" \/>\n\t<meta property=\"og:image:type\" content=\"image\/jpeg\" \/>\n<meta name=\"twitter:card\" content=\"summary_large_image\" \/>\n<meta name=\"twitter:label1\" content=\"Est. reading time\" \/>\n\t<meta name=\"twitter:data1\" content=\"3 minutit\" \/>\n<script type=\"application\/ld+json\" class=\"yoast-schema-graph\">{\"@context\":\"https:\\\/\\\/schema.org\",\"@graph\":[{\"@type\":\"WebPage\",\"@id\":\"https:\\\/\\\/mybody5.ee.mybody.ee\\\/proov\\\/product\\\/liigeste-ja-luudele-parim-kollageen-valk-collagen-300g-iconfit\\\/\",\"url\":\"https:\\\/\\\/mybody5.ee.mybody.ee\\\/proov\\\/product\\\/liigeste-ja-luudele-parim-kollageen-valk-collagen-300g-iconfit\\\/\",\"name\":\"Liigeste ja luudele parim kollageen valk- Collagen 400g IconFit - MyBody.ee - Toidulisandid ja sporditarvikud\",\"isPartOf\":{\"@id\":\"https:\\\/\\\/mybody5.ee.mybody.ee\\\/proov\\\/#website\"},\"primaryImageOfPage\":{\"@id\":\"https:\\\/\\\/mybody5.ee.mybody.ee\\\/proov\\\/product\\\/liigeste-ja-luudele-parim-kollageen-valk-collagen-300g-iconfit\\\/#primaryimage\"},\"image\":{\"@id\":\"https:\\\/\\\/mybody5.ee.mybody.ee\\\/proov\\\/product\\\/liigeste-ja-luudele-parim-kollageen-valk-collagen-300g-iconfit\\\/#primaryimage\"},\"thumbnailUrl\":\"https:\\\/\\\/mybody5.ee.mybody.ee\\\/proov\\\/wp-content\\\/uploads\\\/2019\\\/12\\\/Collagen-300g-liigesed-ja-nahk.jpg\",\"datePublished\":\"2019-12-09T22:25:44+00:00\",\"description\":\"K\u00f5rgelt hinnatud kollageen n\u00fc\u00fcd saadaval t\u00e4iesti\",\"breadcrumb\":{\"@id\":\"https:\\\/\\\/mybody5.ee.mybody.ee\\\/proov\\\/product\\\/liigeste-ja-luudele-parim-kollageen-valk-collagen-300g-iconfit\\\/#breadcrumb\"},\"inLanguage\":\"et\",\"potentialAction\":[{\"@type\":\"ReadAction\",\"target\":[\"https:\\\/\\\/mybody5.ee.mybody.ee\\\/proov\\\/product\\\/liigeste-ja-luudele-parim-kollageen-valk-collagen-300g-iconfit\\\/\"]}]},{\"@type\":\"ImageObject\",\"inLanguage\":\"et\",\"@id\":\"https:\\\/\\\/mybody5.ee.mybody.ee\\\/proov\\\/product\\\/liigeste-ja-luudele-parim-kollageen-valk-collagen-300g-iconfit\\\/#primaryimage\",\"url\":\"https:\\\/\\\/mybody5.ee.mybody.ee\\\/proov\\\/wp-content\\\/uploads\\\/2019\\\/12\\\/Collagen-300g-liigesed-ja-nahk.jpg\",\"contentUrl\":\"https:\\\/\\\/mybody5.ee.mybody.ee\\\/proov\\\/wp-content\\\/uploads\\\/2019\\\/12\\\/Collagen-300g-liigesed-ja-nahk.jpg\",\"width\":1000,\"height\":1000,\"caption\":\"Liigeste ja luudele parim kollageen valk- Collagen 300g IconFit\"},{\"@type\":\"BreadcrumbList\",\"@id\":\"https:\\\/\\\/mybody5.ee.mybody.ee\\\/proov\\\/product\\\/liigeste-ja-luudele-parim-kollageen-valk-collagen-300g-iconfit\\\/#breadcrumb\",\"itemListElement\":[{\"@type\":\"ListItem\",\"position\":1,\"name\":\"Home\",\"item\":\"https:\\\/\\\/mybody5.ee.mybody.ee\\\/proov\\\/\"},{\"@type\":\"ListItem\",\"position\":2,\"name\":\"Shop\",\"item\":\"https:\\\/\\\/mybody5.ee.mybody.ee\\\/proov\\\/shop\\\/\"},{\"@type\":\"ListItem\",\"position\":3,\"name\":\"Liigeste ja luudele parim kollageen valk- Collagen 300g IconFit\"}]},{\"@type\":\"WebSite\",\"@id\":\"https:\\\/\\\/mybody5.ee.mybody.ee\\\/proov\\\/#website\",\"url\":\"https:\\\/\\\/mybody5.ee.mybody.ee\\\/proov\\\/\",\"name\":\"MyBody.ee - Toidulisandid ja sporditarvikud\",\"description\":\"Just another WordPress site\",\"publisher\":{\"@id\":\"https:\\\/\\\/mybody5.ee.mybody.ee\\\/proov\\\/#organization\"},\"potentialAction\":[{\"@type\":\"SearchAction\",\"target\":{\"@type\":\"EntryPoint\",\"urlTemplate\":\"https:\\\/\\\/mybody5.ee.mybody.ee\\\/proov\\\/?s={search_term_string}\"},\"query-input\":{\"@type\":\"PropertyValueSpecification\",\"valueRequired\":true,\"valueName\":\"search_term_string\"}}],\"inLanguage\":\"et\"},{\"@type\":\"Organization\",\"@id\":\"https:\\\/\\\/mybody5.ee.mybody.ee\\\/proov\\\/#organization\",\"name\":\"MyBody.ee\",\"url\":\"https:\\\/\\\/mybody5.ee.mybody.ee\\\/proov\\\/\",\"logo\":{\"@type\":\"ImageObject\",\"inLanguage\":\"et\",\"@id\":\"https:\\\/\\\/mybody5.ee.mybody.ee\\\/proov\\\/#\\\/schema\\\/logo\\\/image\\\/\",\"url\":\"https:\\\/\\\/mybody5.ee.mybody.ee\\\/proov\\\/wp-content\\\/uploads\\\/2023\\\/11\\\/mybody_logo_h65-2.png\",\"contentUrl\":\"https:\\\/\\\/mybody5.ee.mybody.ee\\\/proov\\\/wp-content\\\/uploads\\\/2023\\\/11\\\/mybody_logo_h65-2.png\",\"width\":229,\"height\":65,\"caption\":\"MyBody.ee\"},\"image\":{\"@id\":\"https:\\\/\\\/mybody5.ee.mybody.ee\\\/proov\\\/#\\\/schema\\\/logo\\\/image\\\/\"},\"sameAs\":[\"https:\\\/\\\/facebook.com\\\/MyBody.ee\\\/\"]}]}<\/script>\n<!-- \/ Yoast SEO plugin. -->","yoast_head_json":{"title":"Liigeste ja luudele parim kollageen valk- Collagen 400g IconFit - MyBody.ee - Toidulisandid ja sporditarvikud","description":"K\u00f5rgelt hinnatud kollageen n\u00fc\u00fcd saadaval t\u00e4iesti","robots":{"index":"index","follow":"follow","max-snippet":"max-snippet:-1","max-image-preview":"max-image-preview:large","max-video-preview":"max-video-preview:-1"},"canonical":"https:\/\/mybody5.ee.mybody.ee\/proov\/product\/liigeste-ja-luudele-parim-kollageen-valk-collagen-300g-iconfit\/","og_locale":"et_EE","og_type":"article","og_title":"Liigeste ja luudele parim kollageen valk- Collagen 400g IconFit - MyBody.ee - Toidulisandid ja sporditarvikud","og_description":"K\u00f5rgelt hinnatud kollageen n\u00fc\u00fcd saadaval t\u00e4iesti","og_url":"https:\/\/mybody5.ee.mybody.ee\/proov\/product\/liigeste-ja-luudele-parim-kollageen-valk-collagen-300g-iconfit\/","og_site_name":"supplero","article_publisher":"https:\/\/facebook.com\/MyBody.ee\/","og_image":[{"width":1000,"height":1000,"url":"https:\/\/mybody5.ee.mybody.ee\/proov\/wp-content\/uploads\/2019\/12\/Collagen-300g-liigesed-ja-nahk.jpg","type":"image\/jpeg"}],"twitter_card":"summary_large_image","twitter_misc":{"Est. reading time":"3 minutit"},"schema":{"@context":"https:\/\/schema.org","@graph":[{"@type":"WebPage","@id":"https:\/\/mybody5.ee.mybody.ee\/proov\/product\/liigeste-ja-luudele-parim-kollageen-valk-collagen-300g-iconfit\/","url":"https:\/\/mybody5.ee.mybody.ee\/proov\/product\/liigeste-ja-luudele-parim-kollageen-valk-collagen-300g-iconfit\/","name":"Liigeste ja luudele parim kollageen valk- Collagen 400g IconFit - MyBody.ee - Toidulisandid ja sporditarvikud","isPartOf":{"@id":"https:\/\/mybody5.ee.mybody.ee\/proov\/#website"},"primaryImageOfPage":{"@id":"https:\/\/mybody5.ee.mybody.ee\/proov\/product\/liigeste-ja-luudele-parim-kollageen-valk-collagen-300g-iconfit\/#primaryimage"},"image":{"@id":"https:\/\/mybody5.ee.mybody.ee\/proov\/product\/liigeste-ja-luudele-parim-kollageen-valk-collagen-300g-iconfit\/#primaryimage"},"thumbnailUrl":"https:\/\/mybody5.ee.mybody.ee\/proov\/wp-content\/uploads\/2019\/12\/Collagen-300g-liigesed-ja-nahk.jpg","datePublished":"2019-12-09T22:25:44+00:00","description":"K\u00f5rgelt hinnatud kollageen n\u00fc\u00fcd saadaval t\u00e4iesti","breadcrumb":{"@id":"https:\/\/mybody5.ee.mybody.ee\/proov\/product\/liigeste-ja-luudele-parim-kollageen-valk-collagen-300g-iconfit\/#breadcrumb"},"inLanguage":"et","potentialAction":[{"@type":"ReadAction","target":["https:\/\/mybody5.ee.mybody.ee\/proov\/product\/liigeste-ja-luudele-parim-kollageen-valk-collagen-300g-iconfit\/"]}]},{"@type":"ImageObject","inLanguage":"et","@id":"https:\/\/mybody5.ee.mybody.ee\/proov\/product\/liigeste-ja-luudele-parim-kollageen-valk-collagen-300g-iconfit\/#primaryimage","url":"https:\/\/mybody5.ee.mybody.ee\/proov\/wp-content\/uploads\/2019\/12\/Collagen-300g-liigesed-ja-nahk.jpg","contentUrl":"https:\/\/mybody5.ee.mybody.ee\/proov\/wp-content\/uploads\/2019\/12\/Collagen-300g-liigesed-ja-nahk.jpg","width":1000,"height":1000,"caption":"Liigeste ja luudele parim kollageen valk- Collagen 300g IconFit"},{"@type":"BreadcrumbList","@id":"https:\/\/mybody5.ee.mybody.ee\/proov\/product\/liigeste-ja-luudele-parim-kollageen-valk-collagen-300g-iconfit\/#breadcrumb","itemListElement":[{"@type":"ListItem","position":1,"name":"Home","item":"https:\/\/mybody5.ee.mybody.ee\/proov\/"},{"@type":"ListItem","position":2,"name":"Shop","item":"https:\/\/mybody5.ee.mybody.ee\/proov\/shop\/"},{"@type":"ListItem","position":3,"name":"Liigeste ja luudele parim kollageen valk- Collagen 300g IconFit"}]},{"@type":"WebSite","@id":"https:\/\/mybody5.ee.mybody.ee\/proov\/#website","url":"https:\/\/mybody5.ee.mybody.ee\/proov\/","name":"MyBody.ee - Toidulisandid ja sporditarvikud","description":"Just another WordPress site","publisher":{"@id":"https:\/\/mybody5.ee.mybody.ee\/proov\/#organization"},"potentialAction":[{"@type":"SearchAction","target":{"@type":"EntryPoint","urlTemplate":"https:\/\/mybody5.ee.mybody.ee\/proov\/?s={search_term_string}"},"query-input":{"@type":"PropertyValueSpecification","valueRequired":true,"valueName":"search_term_string"}}],"inLanguage":"et"},{"@type":"Organization","@id":"https:\/\/mybody5.ee.mybody.ee\/proov\/#organization","name":"MyBody.ee","url":"https:\/\/mybody5.ee.mybody.ee\/proov\/","logo":{"@type":"ImageObject","inLanguage":"et","@id":"https:\/\/mybody5.ee.mybody.ee\/proov\/#\/schema\/logo\/image\/","url":"https:\/\/mybody5.ee.mybody.ee\/proov\/wp-content\/uploads\/2023\/11\/mybody_logo_h65-2.png","contentUrl":"https:\/\/mybody5.ee.mybody.ee\/proov\/wp-content\/uploads\/2023\/11\/mybody_logo_h65-2.png","width":229,"height":65,"caption":"MyBody.ee"},"image":{"@id":"https:\/\/mybody5.ee.mybody.ee\/proov\/#\/schema\/logo\/image\/"},"sameAs":["https:\/\/facebook.com\/MyBody.ee\/"]}]}},"_links":{"self":[{"href":"https:\/\/mybody5.ee.mybody.ee\/proov\/wp-json\/wp\/v2\/product\/682","targetHints":{"allow":["GET"]}}],"collection":[{"href":"https:\/\/mybody5.ee.mybody.ee\/proov\/wp-json\/wp\/v2\/product"}],"about":[{"href":"https:\/\/mybody5.ee.mybody.ee\/proov\/wp-json\/wp\/v2\/types\/product"}],"replies":[{"embeddable":true,"href":"https:\/\/mybody5.ee.mybody.ee\/proov\/wp-json\/wp\/v2\/comments?post=682"}],"wp:featuredmedia":[{"embeddable":true,"href":"https:\/\/mybody5.ee.mybody.ee\/proov\/wp-json\/wp\/v2\/media\/681"}],"wp:attachment":[{"href":"https:\/\/mybody5.ee.mybody.ee\/proov\/wp-json\/wp\/v2\/media?parent=682"}],"wp:term":[{"taxonomy":"product_cat","embeddable":true,"href":"https:\/\/mybody5.ee.mybody.ee\/proov\/wp-json\/wp\/v2\/product_cat?post=682"},{"taxonomy":"product_tag","embeddable":true,"href":"https:\/\/mybody5.ee.mybody.ee\/proov\/wp-json\/wp\/v2\/product_tag?post=682"}],"curies":[{"name":"wp","href":"https:\/\/api.w.org\/{rel}","templated":true}]}}