{"id":684,"date":"2019-12-09T22:25:44","date_gmt":"2019-12-09T22:25:44","guid":{"rendered":"https:\/\/mybody5.ee.mybody.ee\/proov\/product\/vedelal-kujul-tohus-rasvapoletaj-self-l-carnitine-100-000\/"},"modified":"2019-12-09T22:25:44","modified_gmt":"2019-12-09T22:25:44","slug":"vedelal-kujul-tohus-rasvapoletaj-self-l-carnitine-100-000","status":"publish","type":"product","link":"https:\/\/mybody5.ee.mybody.ee\/proov\/product\/vedelal-kujul-tohus-rasvapoletaj-self-l-carnitine-100-000\/","title":{"rendered":"Vedelal kujul t\u00f5hus rasvap\u00f5letaja &#8211; SELF L-Carnitine 100 000"},"content":{"rendered":"<p><strong>Vedelal kujul t\u00f5us rasvap\u00f5letaja L-Carnitine 100 000 SELF<\/strong> on toidulisand, mis sisaldab endas L-karnitiini. Toode sisaldab suurt annust L-karnitiini \u00fche annuse kohta kohta ning lisaks on kasutatud uuenduslikku vedelat meetodit, et maksimeerida preparaadis sisalduvate toimeainete omastamise kiirust ja efektiivsust. SELF&nbsp;<strong>L-Carnitine 100 000&nbsp;<\/strong>\u00fcllatab mitte ainult oma t\u00f5hususega, vaid ka erakordse maitsega.<\/p>\n<p> &nbsp;<br \/> <strong>Kuidas t\u00f6\u00f6tab vedelal kujul t\u00f5us rasvap\u00f5letaja L-Carnitine 100 000?<\/strong><br \/> L-karnitiin on p\u00f5hielement rasva lagundamise viimases staadiumis. See transpordib vabu rasvhappeid nende l\u00f5pliku oks\u00fcdeerimise paika(mitokondritesse), kus vabastatakse nendes salvestunud energia, mis parandab oluliselt keha t\u00f6\u00f6v\u00f5imet. Efektiivne vabade rasvhapete vabastamine garanteerib, et neid ei salvestata taas trigl\u00fctseriididena, seel\u00e4bi rasvkude suurendades.<\/p>\n<h3>Toime<\/h3>\n<ul>\n<li>Aitab kaasa rasvap\u00f5letusele<\/li>\n<li>V\u00e4hendab kolesterooli taset<\/li>\n<li>Suurendab vastupidavust treeningu ajal<\/li>\n<li>Toetab s\u00fcdame ja aju tegevust<\/li>\n<li>Suurep\u00e4rane imendumine!<\/li>\n<\/ul>\n<h3>Kasutamine<\/h3>\n<p>\u00dcks annus on 10ml 30-60 minutit enne f\u00fc\u00fcsilist tegevust. Vabal p\u00e4eval 10ml enne hommikus\u00f6\u00f6ki. P\u00e4rast avamist s\u00e4ilitada k\u00fclmkapis. Enne kasutamist loksutada.&nbsp;<\/p>\n<h3>Kellele sobib?<\/h3>\n<p>Preparaat on m\u00f5eldud inimestele, kes tegelevad rasvkoe v\u00e4hendamisega, teevad loomingulist t\u00f6\u00f6d ja tegelevad tervisespordiga. Samuti on toode soovitatav taimetoitlastele, et t\u00e4iendada nende men\u00fc\u00fcd L-karnitiiniga. Eriti sobilik inimestele, kes ei saa v\u00f5i ei taha v\u00f5tta palju tablette v\u00f5i kapsleid.<\/p>\n<h3>Pakend: <span style=\"font-size:14px;\"><span style=\"font-family: arial,helvetica,sans-serif;\">500ml, &nbsp;50 portsjonit<\/span><\/span><\/h3>\n<h3>Maitse: <span style=\"font-size:14px;\"><font face=\"arial, helvetica, sans-serif\">apesini<\/font><\/span><\/h3>\n<table border=\"1\" cellpadding=\"1\" cellspacing=\"1\" style=\"height:100px;width:600px;\">\n<tbody>\n<tr>\n<td><strong>L-Carnitine liquide 100 000<\/strong><\/td>\n<td><strong>mg\/10ml (p\u00e4evane annus)<\/strong><\/td>\n<td><strong>mg\/100ml<\/strong><\/td>\n<\/tr>\n<tr>\n<td>L-karnitiin<\/td>\n<td>1000mg<\/td>\n<td>10 000mg<\/td>\n<\/tr>\n<tr>\n<td colspan=\"2\" rowspan=\"1\">Energiat<\/td>\n<td>0kcal\/0kJ<\/td>\n<\/tr>\n<tr>\n<td colspan=\"2\">Valke<\/td>\n<td>0g<\/td>\n<\/tr>\n<tr>\n<td colspan=\"2\">S\u00fcsivesikuid<\/td>\n<td>0g<\/td>\n<\/tr>\n<tr>\n<td colspan=\"2\">Rasvu<\/td>\n<td>0g<\/td>\n<\/tr>\n<tr>\n<td colspan=\"3\">\n<p><span style=\"font-size:10px;\"><span id=\"result_box\" lang=\"et\"><span class=\"hps\">Koostis: vesi,<\/span> <span class=\"hps\">L<\/span><span class=\"atn\">&#8211;<\/span>karnitiin, <span class=\"hps\">happesuse<\/span> <span class=\"hps\">regulaator: sidrunhape<\/span>,&nbsp;<\/span><span lang=\"et\"><span class=\"hps\">s\u00e4ilitusaine(e200, E121)<\/span><\/span><span lang=\"et\"><span>,<\/span> <span class=\"hps\">magusained<\/span>: sukraloos&nbsp;<\/span><\/span><\/p>\n<\/td>\n<\/tr>\n<\/tbody>\n<\/table>\n<p>Konsultatsioon<\/p>\n<ul>\n<li>Oled oodatud tasuta konsultatsioonile MYBODY Audentese kauplusesse,<\/li>\n<li>Asukoht: Audentese Spordikeskus, Tondi 84.<\/li>\n<li>Telefon EST\/RUS\/ENG +372&nbsp;523 1960<\/li>\n<li>Telefon EST\/ENG +372 56&nbsp;458&nbsp;688<\/li>\n<li><a href=\"mailto:info@mybody.ee\">info@mybody.ee<\/a><\/li>\n<li><a href=\"http:\/\/www.facebook.com\/mybody.ee\">www.facebook.com\/mybody.ee<\/a><\/li>\n<\/ul>\n<p>&nbsp;<\/p>\n","protected":false},"excerpt":{"rendered":"<p>Vedelal kujul t\u00f5us rasvap\u00f5letaja L-Carnitine 100 000 SELF on toidulisand, mis sisaldab endas L-karnitiini. Toode sisaldab suurt annust L-karnitiini \u00fche annuse kohta kohta ning lisaks on kasutatud uuenduslikku vedelat meetodit, et maksimeerida preparaadis sisalduvate toimeainete omastamise kiirust ja efektiivsust. SELF&nbsp;L-Carnitine 100 000&nbsp;\u00fcllatab mitte ainult oma t\u00f5hususega, vaid ka erakordse maitsega. &nbsp; Kuidas t\u00f6\u00f6tab vedelal kujul [&hellip;]<\/p>\n","protected":false},"featured_media":683,"comment_status":"open","ping_status":"closed","template":"","meta":{"inline_featured_image":false},"product_cat":[28],"product_tag":[415,397,411,414,413,416,359,412,410],"class_list":{"0":"post-684","1":"product","2":"type-product","3":"status-publish","4":"has-post-thumbnail","6":"product_cat-rasvapoletajad","7":"product_tag-415","8":"product_tag-397","9":"product_tag-kujul","10":"product_tag-l-carnitine","11":"product_tag-rasvapoletaj","12":"product_tag-rasvapoletajad","13":"product_tag-self","14":"product_tag-tohus","15":"product_tag-vedelal","16":"pa_kunakasutada-uldiselttugevdavennetrenni","17":"pa_vorm-vedelik","19":"first","20":"instock","21":"shipping-taxable","22":"purchasable","23":"product-type-simple"},"yoast_head":"<!-- This site is optimized with the Yoast SEO plugin v27.3 - https:\/\/yoast.com\/product\/yoast-seo-wordpress\/ -->\n<title>Vedelal kujul t\u00f5hus rasvap\u00f5letaj - SELF L-Carnitine 100 000 - MyBody.ee - Toidulisandid ja sporditarvikud<\/title>\n<meta name=\"description\" content=\"Vedelal kujul t\u00f5us rasvap\u00f5letaja L-Carnitine 100 000 SELF\" \/>\n<meta name=\"robots\" content=\"index, follow, max-snippet:-1, max-image-preview:large, max-video-preview:-1\" \/>\n<link rel=\"canonical\" href=\"https:\/\/mybody5.ee.mybody.ee\/proov\/product\/vedelal-kujul-tohus-rasvapoletaj-self-l-carnitine-100-000\/\" \/>\n<meta property=\"og:locale\" content=\"et_EE\" \/>\n<meta property=\"og:type\" content=\"article\" \/>\n<meta property=\"og:title\" content=\"Vedelal kujul t\u00f5hus rasvap\u00f5letaj - SELF L-Carnitine 100 000 - MyBody.ee - Toidulisandid ja sporditarvikud\" \/>\n<meta property=\"og:description\" content=\"Vedelal kujul t\u00f5us rasvap\u00f5letaja L-Carnitine 100 000 SELF\" \/>\n<meta property=\"og:url\" content=\"https:\/\/mybody5.ee.mybody.ee\/proov\/product\/vedelal-kujul-tohus-rasvapoletaj-self-l-carnitine-100-000\/\" \/>\n<meta property=\"og:site_name\" content=\"supplero\" \/>\n<meta property=\"article:publisher\" content=\"https:\/\/facebook.com\/MyBody.ee\/\" \/>\n<meta property=\"og:image\" content=\"https:\/\/mybody5.ee.mybody.ee\/proov\/wp-content\/uploads\/2019\/12\/Carnitine-100-000.png\" \/>\n\t<meta property=\"og:image:width\" content=\"319\" \/>\n\t<meta property=\"og:image:height\" content=\"626\" \/>\n\t<meta property=\"og:image:type\" content=\"image\/png\" \/>\n<meta name=\"twitter:card\" content=\"summary_large_image\" \/>\n<meta name=\"twitter:label1\" content=\"Est. reading time\" \/>\n\t<meta name=\"twitter:data1\" content=\"1 minut\" \/>\n<script type=\"application\/ld+json\" class=\"yoast-schema-graph\">{\"@context\":\"https:\\\/\\\/schema.org\",\"@graph\":[{\"@type\":\"WebPage\",\"@id\":\"https:\\\/\\\/mybody5.ee.mybody.ee\\\/proov\\\/product\\\/vedelal-kujul-tohus-rasvapoletaj-self-l-carnitine-100-000\\\/\",\"url\":\"https:\\\/\\\/mybody5.ee.mybody.ee\\\/proov\\\/product\\\/vedelal-kujul-tohus-rasvapoletaj-self-l-carnitine-100-000\\\/\",\"name\":\"Vedelal kujul t\u00f5hus rasvap\u00f5letaj - SELF L-Carnitine 100 000 - MyBody.ee - Toidulisandid ja sporditarvikud\",\"isPartOf\":{\"@id\":\"https:\\\/\\\/mybody5.ee.mybody.ee\\\/proov\\\/#website\"},\"primaryImageOfPage\":{\"@id\":\"https:\\\/\\\/mybody5.ee.mybody.ee\\\/proov\\\/product\\\/vedelal-kujul-tohus-rasvapoletaj-self-l-carnitine-100-000\\\/#primaryimage\"},\"image\":{\"@id\":\"https:\\\/\\\/mybody5.ee.mybody.ee\\\/proov\\\/product\\\/vedelal-kujul-tohus-rasvapoletaj-self-l-carnitine-100-000\\\/#primaryimage\"},\"thumbnailUrl\":\"https:\\\/\\\/mybody5.ee.mybody.ee\\\/proov\\\/wp-content\\\/uploads\\\/2019\\\/12\\\/Carnitine-100-000.png\",\"datePublished\":\"2019-12-09T22:25:44+00:00\",\"description\":\"Vedelal kujul t\u00f5us rasvap\u00f5letaja L-Carnitine 100 000 SELF\",\"breadcrumb\":{\"@id\":\"https:\\\/\\\/mybody5.ee.mybody.ee\\\/proov\\\/product\\\/vedelal-kujul-tohus-rasvapoletaj-self-l-carnitine-100-000\\\/#breadcrumb\"},\"inLanguage\":\"et\",\"potentialAction\":[{\"@type\":\"ReadAction\",\"target\":[\"https:\\\/\\\/mybody5.ee.mybody.ee\\\/proov\\\/product\\\/vedelal-kujul-tohus-rasvapoletaj-self-l-carnitine-100-000\\\/\"]}]},{\"@type\":\"ImageObject\",\"inLanguage\":\"et\",\"@id\":\"https:\\\/\\\/mybody5.ee.mybody.ee\\\/proov\\\/product\\\/vedelal-kujul-tohus-rasvapoletaj-self-l-carnitine-100-000\\\/#primaryimage\",\"url\":\"https:\\\/\\\/mybody5.ee.mybody.ee\\\/proov\\\/wp-content\\\/uploads\\\/2019\\\/12\\\/Carnitine-100-000.png\",\"contentUrl\":\"https:\\\/\\\/mybody5.ee.mybody.ee\\\/proov\\\/wp-content\\\/uploads\\\/2019\\\/12\\\/Carnitine-100-000.png\",\"width\":319,\"height\":626,\"caption\":\"Vedelal kujul t\u00f5hus rasvap\u00f5letaja - SELF L-Carnitine 100 000\"},{\"@type\":\"BreadcrumbList\",\"@id\":\"https:\\\/\\\/mybody5.ee.mybody.ee\\\/proov\\\/product\\\/vedelal-kujul-tohus-rasvapoletaj-self-l-carnitine-100-000\\\/#breadcrumb\",\"itemListElement\":[{\"@type\":\"ListItem\",\"position\":1,\"name\":\"Home\",\"item\":\"https:\\\/\\\/mybody5.ee.mybody.ee\\\/proov\\\/\"},{\"@type\":\"ListItem\",\"position\":2,\"name\":\"Shop\",\"item\":\"https:\\\/\\\/mybody5.ee.mybody.ee\\\/proov\\\/shop\\\/\"},{\"@type\":\"ListItem\",\"position\":3,\"name\":\"Vedelal kujul t\u00f5hus rasvap\u00f5letaja &#8211; SELF L-Carnitine 100 000\"}]},{\"@type\":\"WebSite\",\"@id\":\"https:\\\/\\\/mybody5.ee.mybody.ee\\\/proov\\\/#website\",\"url\":\"https:\\\/\\\/mybody5.ee.mybody.ee\\\/proov\\\/\",\"name\":\"MyBody.ee - Toidulisandid ja sporditarvikud\",\"description\":\"Just another WordPress site\",\"publisher\":{\"@id\":\"https:\\\/\\\/mybody5.ee.mybody.ee\\\/proov\\\/#organization\"},\"potentialAction\":[{\"@type\":\"SearchAction\",\"target\":{\"@type\":\"EntryPoint\",\"urlTemplate\":\"https:\\\/\\\/mybody5.ee.mybody.ee\\\/proov\\\/?s={search_term_string}\"},\"query-input\":{\"@type\":\"PropertyValueSpecification\",\"valueRequired\":true,\"valueName\":\"search_term_string\"}}],\"inLanguage\":\"et\"},{\"@type\":\"Organization\",\"@id\":\"https:\\\/\\\/mybody5.ee.mybody.ee\\\/proov\\\/#organization\",\"name\":\"MyBody.ee\",\"url\":\"https:\\\/\\\/mybody5.ee.mybody.ee\\\/proov\\\/\",\"logo\":{\"@type\":\"ImageObject\",\"inLanguage\":\"et\",\"@id\":\"https:\\\/\\\/mybody5.ee.mybody.ee\\\/proov\\\/#\\\/schema\\\/logo\\\/image\\\/\",\"url\":\"https:\\\/\\\/mybody5.ee.mybody.ee\\\/proov\\\/wp-content\\\/uploads\\\/2023\\\/11\\\/mybody_logo_h65-2.png\",\"contentUrl\":\"https:\\\/\\\/mybody5.ee.mybody.ee\\\/proov\\\/wp-content\\\/uploads\\\/2023\\\/11\\\/mybody_logo_h65-2.png\",\"width\":229,\"height\":65,\"caption\":\"MyBody.ee\"},\"image\":{\"@id\":\"https:\\\/\\\/mybody5.ee.mybody.ee\\\/proov\\\/#\\\/schema\\\/logo\\\/image\\\/\"},\"sameAs\":[\"https:\\\/\\\/facebook.com\\\/MyBody.ee\\\/\"]}]}<\/script>\n<!-- \/ Yoast SEO plugin. -->","yoast_head_json":{"title":"Vedelal kujul t\u00f5hus rasvap\u00f5letaj - SELF L-Carnitine 100 000 - MyBody.ee - Toidulisandid ja sporditarvikud","description":"Vedelal kujul t\u00f5us rasvap\u00f5letaja L-Carnitine 100 000 SELF","robots":{"index":"index","follow":"follow","max-snippet":"max-snippet:-1","max-image-preview":"max-image-preview:large","max-video-preview":"max-video-preview:-1"},"canonical":"https:\/\/mybody5.ee.mybody.ee\/proov\/product\/vedelal-kujul-tohus-rasvapoletaj-self-l-carnitine-100-000\/","og_locale":"et_EE","og_type":"article","og_title":"Vedelal kujul t\u00f5hus rasvap\u00f5letaj - SELF L-Carnitine 100 000 - MyBody.ee - Toidulisandid ja sporditarvikud","og_description":"Vedelal kujul t\u00f5us rasvap\u00f5letaja L-Carnitine 100 000 SELF","og_url":"https:\/\/mybody5.ee.mybody.ee\/proov\/product\/vedelal-kujul-tohus-rasvapoletaj-self-l-carnitine-100-000\/","og_site_name":"supplero","article_publisher":"https:\/\/facebook.com\/MyBody.ee\/","og_image":[{"width":319,"height":626,"url":"https:\/\/mybody5.ee.mybody.ee\/proov\/wp-content\/uploads\/2019\/12\/Carnitine-100-000.png","type":"image\/png"}],"twitter_card":"summary_large_image","twitter_misc":{"Est. reading time":"1 minut"},"schema":{"@context":"https:\/\/schema.org","@graph":[{"@type":"WebPage","@id":"https:\/\/mybody5.ee.mybody.ee\/proov\/product\/vedelal-kujul-tohus-rasvapoletaj-self-l-carnitine-100-000\/","url":"https:\/\/mybody5.ee.mybody.ee\/proov\/product\/vedelal-kujul-tohus-rasvapoletaj-self-l-carnitine-100-000\/","name":"Vedelal kujul t\u00f5hus rasvap\u00f5letaj - SELF L-Carnitine 100 000 - MyBody.ee - Toidulisandid ja sporditarvikud","isPartOf":{"@id":"https:\/\/mybody5.ee.mybody.ee\/proov\/#website"},"primaryImageOfPage":{"@id":"https:\/\/mybody5.ee.mybody.ee\/proov\/product\/vedelal-kujul-tohus-rasvapoletaj-self-l-carnitine-100-000\/#primaryimage"},"image":{"@id":"https:\/\/mybody5.ee.mybody.ee\/proov\/product\/vedelal-kujul-tohus-rasvapoletaj-self-l-carnitine-100-000\/#primaryimage"},"thumbnailUrl":"https:\/\/mybody5.ee.mybody.ee\/proov\/wp-content\/uploads\/2019\/12\/Carnitine-100-000.png","datePublished":"2019-12-09T22:25:44+00:00","description":"Vedelal kujul t\u00f5us rasvap\u00f5letaja L-Carnitine 100 000 SELF","breadcrumb":{"@id":"https:\/\/mybody5.ee.mybody.ee\/proov\/product\/vedelal-kujul-tohus-rasvapoletaj-self-l-carnitine-100-000\/#breadcrumb"},"inLanguage":"et","potentialAction":[{"@type":"ReadAction","target":["https:\/\/mybody5.ee.mybody.ee\/proov\/product\/vedelal-kujul-tohus-rasvapoletaj-self-l-carnitine-100-000\/"]}]},{"@type":"ImageObject","inLanguage":"et","@id":"https:\/\/mybody5.ee.mybody.ee\/proov\/product\/vedelal-kujul-tohus-rasvapoletaj-self-l-carnitine-100-000\/#primaryimage","url":"https:\/\/mybody5.ee.mybody.ee\/proov\/wp-content\/uploads\/2019\/12\/Carnitine-100-000.png","contentUrl":"https:\/\/mybody5.ee.mybody.ee\/proov\/wp-content\/uploads\/2019\/12\/Carnitine-100-000.png","width":319,"height":626,"caption":"Vedelal kujul t\u00f5hus rasvap\u00f5letaja - SELF L-Carnitine 100 000"},{"@type":"BreadcrumbList","@id":"https:\/\/mybody5.ee.mybody.ee\/proov\/product\/vedelal-kujul-tohus-rasvapoletaj-self-l-carnitine-100-000\/#breadcrumb","itemListElement":[{"@type":"ListItem","position":1,"name":"Home","item":"https:\/\/mybody5.ee.mybody.ee\/proov\/"},{"@type":"ListItem","position":2,"name":"Shop","item":"https:\/\/mybody5.ee.mybody.ee\/proov\/shop\/"},{"@type":"ListItem","position":3,"name":"Vedelal kujul t\u00f5hus rasvap\u00f5letaja &#8211; SELF L-Carnitine 100 000"}]},{"@type":"WebSite","@id":"https:\/\/mybody5.ee.mybody.ee\/proov\/#website","url":"https:\/\/mybody5.ee.mybody.ee\/proov\/","name":"MyBody.ee - Toidulisandid ja sporditarvikud","description":"Just another WordPress site","publisher":{"@id":"https:\/\/mybody5.ee.mybody.ee\/proov\/#organization"},"potentialAction":[{"@type":"SearchAction","target":{"@type":"EntryPoint","urlTemplate":"https:\/\/mybody5.ee.mybody.ee\/proov\/?s={search_term_string}"},"query-input":{"@type":"PropertyValueSpecification","valueRequired":true,"valueName":"search_term_string"}}],"inLanguage":"et"},{"@type":"Organization","@id":"https:\/\/mybody5.ee.mybody.ee\/proov\/#organization","name":"MyBody.ee","url":"https:\/\/mybody5.ee.mybody.ee\/proov\/","logo":{"@type":"ImageObject","inLanguage":"et","@id":"https:\/\/mybody5.ee.mybody.ee\/proov\/#\/schema\/logo\/image\/","url":"https:\/\/mybody5.ee.mybody.ee\/proov\/wp-content\/uploads\/2023\/11\/mybody_logo_h65-2.png","contentUrl":"https:\/\/mybody5.ee.mybody.ee\/proov\/wp-content\/uploads\/2023\/11\/mybody_logo_h65-2.png","width":229,"height":65,"caption":"MyBody.ee"},"image":{"@id":"https:\/\/mybody5.ee.mybody.ee\/proov\/#\/schema\/logo\/image\/"},"sameAs":["https:\/\/facebook.com\/MyBody.ee\/"]}]}},"_links":{"self":[{"href":"https:\/\/mybody5.ee.mybody.ee\/proov\/wp-json\/wp\/v2\/product\/684","targetHints":{"allow":["GET"]}}],"collection":[{"href":"https:\/\/mybody5.ee.mybody.ee\/proov\/wp-json\/wp\/v2\/product"}],"about":[{"href":"https:\/\/mybody5.ee.mybody.ee\/proov\/wp-json\/wp\/v2\/types\/product"}],"replies":[{"embeddable":true,"href":"https:\/\/mybody5.ee.mybody.ee\/proov\/wp-json\/wp\/v2\/comments?post=684"}],"wp:featuredmedia":[{"embeddable":true,"href":"https:\/\/mybody5.ee.mybody.ee\/proov\/wp-json\/wp\/v2\/media\/683"}],"wp:attachment":[{"href":"https:\/\/mybody5.ee.mybody.ee\/proov\/wp-json\/wp\/v2\/media?parent=684"}],"wp:term":[{"taxonomy":"product_cat","embeddable":true,"href":"https:\/\/mybody5.ee.mybody.ee\/proov\/wp-json\/wp\/v2\/product_cat?post=684"},{"taxonomy":"product_tag","embeddable":true,"href":"https:\/\/mybody5.ee.mybody.ee\/proov\/wp-json\/wp\/v2\/product_tag?post=684"}],"curies":[{"name":"wp","href":"https:\/\/api.w.org\/{rel}","templated":true}]}}