{"id":73,"date":"2019-12-09T22:25:36","date_gmt":"2019-12-09T22:25:36","guid":{"rendered":"https:\/\/mybody5.ee.mybody.ee\/proov\/product\/ainevahetust-kiirendav-ning-verevarustust-taastav-self-arginine\/"},"modified":"2023-11-06T15:02:32","modified_gmt":"2023-11-06T15:02:32","slug":"ainevahetust-kiirendav-ning-verevarustust-taastav-self-arginine","status":"publish","type":"product","link":"https:\/\/mybody5.ee.mybody.ee\/proov\/product\/ainevahetust-kiirendav-ning-verevarustust-taastav-self-arginine\/","title":{"rendered":"Ainevahetust kiirendav ning verevarustust taastav &#8211; SELF Arginine"},"content":{"rendered":"<p style=\"text-align: justify;\">Aminohappeid kasutatakse kehas proteiinide tootmiseks, mis on h\u00e4davajalikud rakkude moodustumiseks. Lisaks sisalduvad need hormoonide, ens\u00fc\u00fcmide, neurotransmitterite ning antikehade biokeemilises struktuuris.&nbsp;<\/p>\n<p style=\"text-align: justify;\">Keha kasutab arginiini l\u00e4mmastikoksiidi tootmiseks. L\u00e4mmastikoksiid l\u00f5\u00f5gastab veresooni, on oluline keha vereringe s\u00e4ilitamiseks ning seega omab olulist rolli kogu s\u00fcdame-veresoonkonna toimimises.<\/p>\n<p style=\"text-align: justify;\">Arginiini on vaja paljude hormoonide vabastamiseks, millest n\u00e4iteks gl\u00fckagoon ja insuliin on vajalik lihaste optimaalseks kasvamiseks, osaledes ka kasvuhormoonide vabastamisel.&nbsp;Arginiin aitab kaasa haavade paranemisele ja on seotud ammoniaagi eemaldamisega kehast.<\/p>\n<p style=\"text-align: justify;\"><strong>SELF&nbsp;<\/strong><strong>Arginine<\/strong> on puhas, vabas vormis aminohape, mis imendub kehas ilma lagundamiseta seedeend\u00fc\u00fcmide poolt.<\/p>\n<h3>Toime<\/h3>\n<ul>\n<li>Kiirendab taastumist, v\u00f5imaldab sagedamini intensiivset treeningut<\/li>\n<li>Aitab s\u00e4ilitada \u00f5iget verer\u00f5hku ja tervet s\u00fcdameveresoonkonda<\/li>\n<li>Parandab insuliini toimet, t\u00e4nu millele aitab vere gl\u00fckoosihulka \u00f5igel tasemel hoida<\/li>\n<li>Suurendab lihaste massi ja j\u00f5udu, v\u00e4heneb rasvkude<\/li>\n<li>Stimuleerib luude ja kudede kasvu ning taastumist, mist\u00f5ttu sobib eriti h\u00e4sti p\u00e4rast luumurde ja pehmete kudede vigastusi<\/li>\n<li>L\u00e4mmastikoksiid suurendab veresoonte l\u00e4bilaskev\u00f5imet ja v\u00f5ib parandada seksuaalfunktsiooni<\/li>\n<\/ul>\n<h3>Kasutamine<\/h3>\n<p>J\u00f5ualadega tegelejail on soovituslik v\u00f5tta&nbsp;3-5 g enne treeningut ja 3-5 g enne magamaminekut. Sega pulber meelep\u00e4rase joogiga, et v\u00e4ltida aminohapetele omast j\u00e4relmaiku. Aminohappeid on t\u00e4htis kasutada j\u00e4rjepidevalt, et hoida keha l\u00e4mmastikutaset stabiilselt k\u00f5rgel. Parima tulemuse saavutamiseks kombineerida kreatiiniga.<\/p>\n<h3>Kellele sobib?<\/h3>\n<p>Arginiin on eriti vajalik suurte&nbsp;treeningkoormuste korral. Arginiiniga varustamine v\u00f5ib tugevdada immuuns\u00fcsteemi, v\u00f5imaldades seega hoida p\u00fcsivalt suuremat treeningkoormust&nbsp;&nbsp;ja v\u00e4hendada&nbsp;\u00fcletreeninguga seotud v\u00e4iksemate terviseprobleemide ohtu. Ka toetab arginiin seksuaaltervist, laiendades veresooni.<\/p>\n<h3>Spordialad:<span style=\"font-size: 12px; font-family: arial, helvetica, sans-serif;\"> <\/span><span style=\"font-size: 14px;\">Kestvus- ja vastupidavusalad, raskej\u00f5ustik<\/span><\/h3>\n<h3>Pakend: <span style=\"font-size:12px;\"><span style=\"font-family: arial, helvetica, sans-serif; font-size: 14px;\">200g<\/span><\/span><\/h3>\n<h3>Koostis: <span style=\"font-family:arial,helvetica,sans-serif;\"><span style=\"font-size: 14px;\">100% arginiinipulber<\/span><\/span><\/h3>\n<p>SELF Arginine kg hind on 99,5\u20ac<\/p>\n<p>Konsultatsioon<\/p>\n<ul>\n<li>Oled oodatud tasuta konsultatsioonile MYBODY Audentese kauplusesse,<\/li>\n<li>Asukoht: Audentese Spordikeskus, Tondi 84.<\/li>\n<li>Telefon EST\/RUS\/ENG +372&nbsp;523 1960<\/li>\n<li>Telefon EST\/ENG +372 56&nbsp;458&nbsp;688<\/li>\n<li><a href=\"mailto:info@mybody.ee\">info@mybody.ee<\/a><\/li>\n<li><a href=\"http:\/\/www.facebook.com\/mybody.ee\">www.facebook.com\/mybody.ee<\/a><\/li>\n<\/ul>\n","protected":false},"excerpt":{"rendered":"<p>Aminohappeid kasutatakse kehas proteiinide tootmiseks, mis on h\u00e4davajalikud rakkude moodustumiseks. Lisaks sisalduvad need hormoonide, ens\u00fc\u00fcmide, neurotransmitterite ning antikehade biokeemilises struktuuris.&nbsp; Keha kasutab arginiini l\u00e4mmastikoksiidi tootmiseks. L\u00e4mmastikoksiid l\u00f5\u00f5gastab veresooni, on oluline keha vereringe s\u00e4ilitamiseks ning seega omab olulist rolli kogu s\u00fcdame-veresoonkonna toimimises. Arginiini on vaja paljude hormoonide vabastamiseks, millest n\u00e4iteks gl\u00fckagoon ja insuliin on vajalik lihaste [&hellip;]<\/p>\n","protected":false},"featured_media":71,"comment_status":"open","ping_status":"closed","template":"","meta":{"inline_featured_image":false},"product_cat":[17,25,49,53],"product_tag":[],"class_list":{"0":"post-73","1":"product","2":"type-product","3":"status-publish","4":"has-post-thumbnail","6":"product_cat-aminohapped","7":"product_cat-naturaalsed-toidulisandid","8":"product_cat-puhtad-aminohapped","9":"product_cat-pump-efekt","10":"pa_kogusg-200g","11":"pa_kunakasutada-ennetrenni","12":"pa_vorm-pulber","14":"first","15":"instock","16":"shipping-taxable","17":"purchasable","18":"product-type-simple"},"yoast_head":"<!-- This site is optimized with the Yoast SEO plugin v27.3 - https:\/\/yoast.com\/product\/yoast-seo-wordpress\/ -->\n<title>Ainevahetust kiirendav ning verevarustust taastav - SELF Arginine - MyBody.ee - Toidulisandid ja sporditarvikud<\/title>\n<meta name=\"description\" content=\"Aminohappeid kasutatakse kehas proteiinide tootmiseks, mis on h\u00e4davajalikud rakkude moodustumiseks\" \/>\n<meta name=\"robots\" content=\"index, follow, max-snippet:-1, max-image-preview:large, max-video-preview:-1\" \/>\n<link rel=\"canonical\" href=\"https:\/\/mybody5.ee.mybody.ee\/proov\/product\/ainevahetust-kiirendav-ning-verevarustust-taastav-self-arginine\/\" \/>\n<meta property=\"og:locale\" content=\"et_EE\" \/>\n<meta property=\"og:type\" content=\"article\" \/>\n<meta property=\"og:title\" content=\"Ainevahetust kiirendav ning verevarustust taastav - SELF Arginine - MyBody.ee - Toidulisandid ja sporditarvikud\" \/>\n<meta property=\"og:description\" content=\"Aminohappeid kasutatakse kehas proteiinide tootmiseks, mis on h\u00e4davajalikud rakkude moodustumiseks\" \/>\n<meta property=\"og:url\" content=\"https:\/\/mybody5.ee.mybody.ee\/proov\/product\/ainevahetust-kiirendav-ning-verevarustust-taastav-self-arginine\/\" \/>\n<meta property=\"og:site_name\" content=\"supplero\" \/>\n<meta property=\"article:publisher\" content=\"https:\/\/facebook.com\/MyBody.ee\/\" \/>\n<meta property=\"article:modified_time\" content=\"2023-11-06T15:02:32+00:00\" \/>\n<meta property=\"og:image\" content=\"https:\/\/mybody5.ee.mybody.ee\/proov\/wp-content\/uploads\/2019\/12\/selg-arginine.png\" \/>\n\t<meta property=\"og:image:width\" content=\"246\" \/>\n\t<meta property=\"og:image:height\" content=\"276\" \/>\n\t<meta property=\"og:image:type\" content=\"image\/png\" \/>\n<meta name=\"twitter:card\" content=\"summary_large_image\" \/>\n<meta name=\"twitter:label1\" content=\"Est. reading time\" \/>\n\t<meta name=\"twitter:data1\" content=\"2 minutit\" \/>\n<script type=\"application\/ld+json\" class=\"yoast-schema-graph\">{\"@context\":\"https:\\\/\\\/schema.org\",\"@graph\":[{\"@type\":\"WebPage\",\"@id\":\"https:\\\/\\\/mybody5.ee.mybody.ee\\\/proov\\\/product\\\/ainevahetust-kiirendav-ning-verevarustust-taastav-self-arginine\\\/\",\"url\":\"https:\\\/\\\/mybody5.ee.mybody.ee\\\/proov\\\/product\\\/ainevahetust-kiirendav-ning-verevarustust-taastav-self-arginine\\\/\",\"name\":\"Ainevahetust kiirendav ning verevarustust taastav - SELF Arginine - MyBody.ee - Toidulisandid ja sporditarvikud\",\"isPartOf\":{\"@id\":\"https:\\\/\\\/mybody5.ee.mybody.ee\\\/proov\\\/#website\"},\"primaryImageOfPage\":{\"@id\":\"https:\\\/\\\/mybody5.ee.mybody.ee\\\/proov\\\/product\\\/ainevahetust-kiirendav-ning-verevarustust-taastav-self-arginine\\\/#primaryimage\"},\"image\":{\"@id\":\"https:\\\/\\\/mybody5.ee.mybody.ee\\\/proov\\\/product\\\/ainevahetust-kiirendav-ning-verevarustust-taastav-self-arginine\\\/#primaryimage\"},\"thumbnailUrl\":\"https:\\\/\\\/mybody5.ee.mybody.ee\\\/proov\\\/wp-content\\\/uploads\\\/2019\\\/12\\\/selg-arginine.png\",\"datePublished\":\"2019-12-09T22:25:36+00:00\",\"dateModified\":\"2023-11-06T15:02:32+00:00\",\"description\":\"Aminohappeid kasutatakse kehas proteiinide tootmiseks, mis on h\u00e4davajalikud rakkude moodustumiseks\",\"breadcrumb\":{\"@id\":\"https:\\\/\\\/mybody5.ee.mybody.ee\\\/proov\\\/product\\\/ainevahetust-kiirendav-ning-verevarustust-taastav-self-arginine\\\/#breadcrumb\"},\"inLanguage\":\"et\",\"potentialAction\":[{\"@type\":\"ReadAction\",\"target\":[\"https:\\\/\\\/mybody5.ee.mybody.ee\\\/proov\\\/product\\\/ainevahetust-kiirendav-ning-verevarustust-taastav-self-arginine\\\/\"]}]},{\"@type\":\"ImageObject\",\"inLanguage\":\"et\",\"@id\":\"https:\\\/\\\/mybody5.ee.mybody.ee\\\/proov\\\/product\\\/ainevahetust-kiirendav-ning-verevarustust-taastav-self-arginine\\\/#primaryimage\",\"url\":\"https:\\\/\\\/mybody5.ee.mybody.ee\\\/proov\\\/wp-content\\\/uploads\\\/2019\\\/12\\\/selg-arginine.png\",\"contentUrl\":\"https:\\\/\\\/mybody5.ee.mybody.ee\\\/proov\\\/wp-content\\\/uploads\\\/2019\\\/12\\\/selg-arginine.png\",\"width\":246,\"height\":276,\"caption\":\"Ainevahetust kiirendav ning verevarustust taastav - SELF Arginine\"},{\"@type\":\"BreadcrumbList\",\"@id\":\"https:\\\/\\\/mybody5.ee.mybody.ee\\\/proov\\\/product\\\/ainevahetust-kiirendav-ning-verevarustust-taastav-self-arginine\\\/#breadcrumb\",\"itemListElement\":[{\"@type\":\"ListItem\",\"position\":1,\"name\":\"Home\",\"item\":\"https:\\\/\\\/mybody5.ee.mybody.ee\\\/proov\\\/\"},{\"@type\":\"ListItem\",\"position\":2,\"name\":\"Shop\",\"item\":\"https:\\\/\\\/mybody5.ee.mybody.ee\\\/proov\\\/shop\\\/\"},{\"@type\":\"ListItem\",\"position\":3,\"name\":\"Ainevahetust kiirendav ning verevarustust taastav &#8211; SELF Arginine\"}]},{\"@type\":\"WebSite\",\"@id\":\"https:\\\/\\\/mybody5.ee.mybody.ee\\\/proov\\\/#website\",\"url\":\"https:\\\/\\\/mybody5.ee.mybody.ee\\\/proov\\\/\",\"name\":\"MyBody.ee - Toidulisandid ja sporditarvikud\",\"description\":\"Just another WordPress site\",\"publisher\":{\"@id\":\"https:\\\/\\\/mybody5.ee.mybody.ee\\\/proov\\\/#organization\"},\"potentialAction\":[{\"@type\":\"SearchAction\",\"target\":{\"@type\":\"EntryPoint\",\"urlTemplate\":\"https:\\\/\\\/mybody5.ee.mybody.ee\\\/proov\\\/?s={search_term_string}\"},\"query-input\":{\"@type\":\"PropertyValueSpecification\",\"valueRequired\":true,\"valueName\":\"search_term_string\"}}],\"inLanguage\":\"et\"},{\"@type\":\"Organization\",\"@id\":\"https:\\\/\\\/mybody5.ee.mybody.ee\\\/proov\\\/#organization\",\"name\":\"MyBody.ee\",\"url\":\"https:\\\/\\\/mybody5.ee.mybody.ee\\\/proov\\\/\",\"logo\":{\"@type\":\"ImageObject\",\"inLanguage\":\"et\",\"@id\":\"https:\\\/\\\/mybody5.ee.mybody.ee\\\/proov\\\/#\\\/schema\\\/logo\\\/image\\\/\",\"url\":\"https:\\\/\\\/mybody5.ee.mybody.ee\\\/proov\\\/wp-content\\\/uploads\\\/2023\\\/11\\\/mybody_logo_h65-2.png\",\"contentUrl\":\"https:\\\/\\\/mybody5.ee.mybody.ee\\\/proov\\\/wp-content\\\/uploads\\\/2023\\\/11\\\/mybody_logo_h65-2.png\",\"width\":229,\"height\":65,\"caption\":\"MyBody.ee\"},\"image\":{\"@id\":\"https:\\\/\\\/mybody5.ee.mybody.ee\\\/proov\\\/#\\\/schema\\\/logo\\\/image\\\/\"},\"sameAs\":[\"https:\\\/\\\/facebook.com\\\/MyBody.ee\\\/\"]}]}<\/script>\n<!-- \/ Yoast SEO plugin. -->","yoast_head_json":{"title":"Ainevahetust kiirendav ning verevarustust taastav - SELF Arginine - MyBody.ee - Toidulisandid ja sporditarvikud","description":"Aminohappeid kasutatakse kehas proteiinide tootmiseks, mis on h\u00e4davajalikud rakkude moodustumiseks","robots":{"index":"index","follow":"follow","max-snippet":"max-snippet:-1","max-image-preview":"max-image-preview:large","max-video-preview":"max-video-preview:-1"},"canonical":"https:\/\/mybody5.ee.mybody.ee\/proov\/product\/ainevahetust-kiirendav-ning-verevarustust-taastav-self-arginine\/","og_locale":"et_EE","og_type":"article","og_title":"Ainevahetust kiirendav ning verevarustust taastav - SELF Arginine - MyBody.ee - Toidulisandid ja sporditarvikud","og_description":"Aminohappeid kasutatakse kehas proteiinide tootmiseks, mis on h\u00e4davajalikud rakkude moodustumiseks","og_url":"https:\/\/mybody5.ee.mybody.ee\/proov\/product\/ainevahetust-kiirendav-ning-verevarustust-taastav-self-arginine\/","og_site_name":"supplero","article_publisher":"https:\/\/facebook.com\/MyBody.ee\/","article_modified_time":"2023-11-06T15:02:32+00:00","og_image":[{"width":246,"height":276,"url":"https:\/\/mybody5.ee.mybody.ee\/proov\/wp-content\/uploads\/2019\/12\/selg-arginine.png","type":"image\/png"}],"twitter_card":"summary_large_image","twitter_misc":{"Est. reading time":"2 minutit"},"schema":{"@context":"https:\/\/schema.org","@graph":[{"@type":"WebPage","@id":"https:\/\/mybody5.ee.mybody.ee\/proov\/product\/ainevahetust-kiirendav-ning-verevarustust-taastav-self-arginine\/","url":"https:\/\/mybody5.ee.mybody.ee\/proov\/product\/ainevahetust-kiirendav-ning-verevarustust-taastav-self-arginine\/","name":"Ainevahetust kiirendav ning verevarustust taastav - SELF Arginine - MyBody.ee - Toidulisandid ja sporditarvikud","isPartOf":{"@id":"https:\/\/mybody5.ee.mybody.ee\/proov\/#website"},"primaryImageOfPage":{"@id":"https:\/\/mybody5.ee.mybody.ee\/proov\/product\/ainevahetust-kiirendav-ning-verevarustust-taastav-self-arginine\/#primaryimage"},"image":{"@id":"https:\/\/mybody5.ee.mybody.ee\/proov\/product\/ainevahetust-kiirendav-ning-verevarustust-taastav-self-arginine\/#primaryimage"},"thumbnailUrl":"https:\/\/mybody5.ee.mybody.ee\/proov\/wp-content\/uploads\/2019\/12\/selg-arginine.png","datePublished":"2019-12-09T22:25:36+00:00","dateModified":"2023-11-06T15:02:32+00:00","description":"Aminohappeid kasutatakse kehas proteiinide tootmiseks, mis on h\u00e4davajalikud rakkude moodustumiseks","breadcrumb":{"@id":"https:\/\/mybody5.ee.mybody.ee\/proov\/product\/ainevahetust-kiirendav-ning-verevarustust-taastav-self-arginine\/#breadcrumb"},"inLanguage":"et","potentialAction":[{"@type":"ReadAction","target":["https:\/\/mybody5.ee.mybody.ee\/proov\/product\/ainevahetust-kiirendav-ning-verevarustust-taastav-self-arginine\/"]}]},{"@type":"ImageObject","inLanguage":"et","@id":"https:\/\/mybody5.ee.mybody.ee\/proov\/product\/ainevahetust-kiirendav-ning-verevarustust-taastav-self-arginine\/#primaryimage","url":"https:\/\/mybody5.ee.mybody.ee\/proov\/wp-content\/uploads\/2019\/12\/selg-arginine.png","contentUrl":"https:\/\/mybody5.ee.mybody.ee\/proov\/wp-content\/uploads\/2019\/12\/selg-arginine.png","width":246,"height":276,"caption":"Ainevahetust kiirendav ning verevarustust taastav - SELF Arginine"},{"@type":"BreadcrumbList","@id":"https:\/\/mybody5.ee.mybody.ee\/proov\/product\/ainevahetust-kiirendav-ning-verevarustust-taastav-self-arginine\/#breadcrumb","itemListElement":[{"@type":"ListItem","position":1,"name":"Home","item":"https:\/\/mybody5.ee.mybody.ee\/proov\/"},{"@type":"ListItem","position":2,"name":"Shop","item":"https:\/\/mybody5.ee.mybody.ee\/proov\/shop\/"},{"@type":"ListItem","position":3,"name":"Ainevahetust kiirendav ning verevarustust taastav &#8211; SELF Arginine"}]},{"@type":"WebSite","@id":"https:\/\/mybody5.ee.mybody.ee\/proov\/#website","url":"https:\/\/mybody5.ee.mybody.ee\/proov\/","name":"MyBody.ee - Toidulisandid ja sporditarvikud","description":"Just another WordPress site","publisher":{"@id":"https:\/\/mybody5.ee.mybody.ee\/proov\/#organization"},"potentialAction":[{"@type":"SearchAction","target":{"@type":"EntryPoint","urlTemplate":"https:\/\/mybody5.ee.mybody.ee\/proov\/?s={search_term_string}"},"query-input":{"@type":"PropertyValueSpecification","valueRequired":true,"valueName":"search_term_string"}}],"inLanguage":"et"},{"@type":"Organization","@id":"https:\/\/mybody5.ee.mybody.ee\/proov\/#organization","name":"MyBody.ee","url":"https:\/\/mybody5.ee.mybody.ee\/proov\/","logo":{"@type":"ImageObject","inLanguage":"et","@id":"https:\/\/mybody5.ee.mybody.ee\/proov\/#\/schema\/logo\/image\/","url":"https:\/\/mybody5.ee.mybody.ee\/proov\/wp-content\/uploads\/2023\/11\/mybody_logo_h65-2.png","contentUrl":"https:\/\/mybody5.ee.mybody.ee\/proov\/wp-content\/uploads\/2023\/11\/mybody_logo_h65-2.png","width":229,"height":65,"caption":"MyBody.ee"},"image":{"@id":"https:\/\/mybody5.ee.mybody.ee\/proov\/#\/schema\/logo\/image\/"},"sameAs":["https:\/\/facebook.com\/MyBody.ee\/"]}]}},"_links":{"self":[{"href":"https:\/\/mybody5.ee.mybody.ee\/proov\/wp-json\/wp\/v2\/product\/73","targetHints":{"allow":["GET"]}}],"collection":[{"href":"https:\/\/mybody5.ee.mybody.ee\/proov\/wp-json\/wp\/v2\/product"}],"about":[{"href":"https:\/\/mybody5.ee.mybody.ee\/proov\/wp-json\/wp\/v2\/types\/product"}],"replies":[{"embeddable":true,"href":"https:\/\/mybody5.ee.mybody.ee\/proov\/wp-json\/wp\/v2\/comments?post=73"}],"wp:featuredmedia":[{"embeddable":true,"href":"https:\/\/mybody5.ee.mybody.ee\/proov\/wp-json\/wp\/v2\/media\/71"}],"wp:attachment":[{"href":"https:\/\/mybody5.ee.mybody.ee\/proov\/wp-json\/wp\/v2\/media?parent=73"}],"wp:term":[{"taxonomy":"product_cat","embeddable":true,"href":"https:\/\/mybody5.ee.mybody.ee\/proov\/wp-json\/wp\/v2\/product_cat?post=73"},{"taxonomy":"product_tag","embeddable":true,"href":"https:\/\/mybody5.ee.mybody.ee\/proov\/wp-json\/wp\/v2\/product_tag?post=73"}],"curies":[{"name":"wp","href":"https:\/\/api.w.org\/{rel}","templated":true}]}}