{"id":732,"date":"2019-12-09T22:25:44","date_gmt":"2019-12-09T22:25:44","guid":{"rendered":"https:\/\/mybody5.ee.mybody.ee\/proov\/product\/laktoosivaba-proteiin-self-lactose-free-whey-protein-premium\/"},"modified":"2019-12-09T22:25:44","modified_gmt":"2019-12-09T22:25:44","slug":"laktoosivaba-proteiin-self-lactose-free-whey-protein-premium","status":"publish","type":"product","link":"https:\/\/mybody5.ee.mybody.ee\/proov\/product\/laktoosivaba-proteiin-self-lactose-free-whey-protein-premium\/","title":{"rendered":"Laktoosivaba proteiin &#8211; SELF Lactose Free Whey Protein Premium"},"content":{"rendered":"<p><strong>SELF Lactose Free Whey Protein Premium<\/strong><strong>&nbsp;<\/strong>on magusainetega&nbsp;toidulisand, mis sisaldab v\u00e4ga suurel hulgal aminohappeid ja valkude fraktsioone, mis on kasulikud k\u00f5igile olenemata vanusest ja soost. Toode on laktoosi-ja gluteenivaba&nbsp;ning sisaldab vaid 0,9 g s\u00fcsivesikuid serveeringu kohta. Laktoosivaba&nbsp;Micro Whey Active aitab taastuda treeningutest n\u00e4iteks nagu: j\u00f5usaal, pallim\u00e4ngud, kontakt spordialad, kergej\u00f5ustik v\u00f5i ujumine.<\/p>\n<h3><span style=\"line-height: 1.2em;\">Toime<\/span><\/h3>\n<ul>\n<li>Laktoosivaba ja gluteenivaba!<\/li>\n<li>Kiirelt imenduvad mikrofiltreeritud ja h\u00fcdrol\u00fc\u00fcsitud vadakuvalgu isolaat<\/li>\n<li>K\u00f5rgeim bioloogiline v\u00e4\u00e4rtus, imendub t\u00e4ielikult<\/li>\n<li>Palju glutamiini ja hargnenud ahelaga aminohappeid<\/li>\n<li>Kiirendab taastumist rasketest treeningutest<\/li>\n<\/ul>\n<h3>Kasutamine<\/h3>\n<p>Segada 30 g (1 m\u00f5\u00f5dulusikas) pulbrit 3-4 dl vee, mahla v\u00f5i piimaga 1-3 korda p\u00e4evas. See toode ei asenda mitmek\u00fclgset ja tasakaalustatud toitumist ning tervislikku eluviisi.<\/p>\n<h3>Kellele sobib?<\/h3>\n<p>K\u00f5igile kes hoolivad maitsest ja kvaliteedist. Sobib inimestele, kellel on laktoosi- ja\/v\u00f5i gluteenitalumatus.&nbsp;Sobib k\u00f5ikide spordialade harrastajatele lisavalguna enne ja p\u00e4rast trenni ning valguvajaduse katmiseks p\u00e4eva jooksul. Aitab taastuda rasketest treeningutest.<\/p>\n<h3>Pakend: <span style=\"font-size:14px;\"><span style=\"font-family: arial,helvetica,sans-serif;\">1000g<\/span><\/span><\/h3>\n<h3>Maitsed: <span style=\"font-size:14px;\"><span style=\"font-family: arial,helvetica,sans-serif;\">Maasikas, \u0161okolaad, kreemik\u00fcpsis.<\/span><\/span><\/h3>\n<table border=\"1\" cellpadding=\"1\" cellspacing=\"1\" style=\"width:500px\">\n<tbody>\n<tr>\n<td><strong>Toitev\u00e4\u00e4rtus:<\/strong><\/td>\n<td><strong>100g<\/strong><\/td>\n<td><strong>30g<\/strong><\/td>\n<\/tr>\n<tr>\n<td>Energiat<\/td>\n<td>380kcal\/1590KJ<\/td>\n<td>114kcal\/480KJ<\/td>\n<\/tr>\n<tr>\n<td>Valk<\/td>\n<td>84g<\/td>\n<td>25,6g<\/td>\n<\/tr>\n<tr>\n<td>S\u00fcsivesikud<\/td>\n<td>4g<\/td>\n<td>1,2g<\/td>\n<\/tr>\n<tr>\n<td>Rasv<\/td>\n<td>3g<\/td>\n<td>0,9g<\/td>\n<\/tr>\n<tr>\n<td colspan=\"3\"><span style=\"font-size:9px;\">Koostis: vadakuvalgu isolaat piimast, GlyciPEP (Gl\u00fcsiin, L-alaniin, L-l\u00fcsiin), l\u00f5hna- ja maitseained,emulgaator (E322-p\u00e4evalille letsitiin),v\u00e4rvaine maasikamaitselisel(E162), \u0161okolaadimaitselisel(E155a),magustaja (sukraloos, E950).<\/span><\/td>\n<\/tr>\n<\/tbody>\n<\/table>\n<p>Konsultatsioon<\/p>\n<ul>\n<li>Oled oodatud Tasuta konsultatsioonile MYBODY Audentesesse,<\/li>\n<li>Asukoht: Audentese Spordikeskus, Tondi 84.<\/li>\n<li>Telefon EST\/RUS\/ENG +372&nbsp;523 1960<\/li>\n<li>Telefon EST\/ENG +372 56&nbsp;458&nbsp;688<\/li>\n<li><a href=\"mailto:info@mybody.ee\">info@mybody.ee<\/a><\/li>\n<li><a href=\"http:\/\/www.facebook.com\/mybody.ee\">www.facebook.com\/mybody.ee<\/a><\/li>\n<\/ul>\n","protected":false},"excerpt":{"rendered":"<p>SELF Lactose Free Whey Protein Premium&nbsp;on magusainetega&nbsp;toidulisand, mis sisaldab v\u00e4ga suurel hulgal aminohappeid ja valkude fraktsioone, mis on kasulikud k\u00f5igile olenemata vanusest ja soost. Toode on laktoosi-ja gluteenivaba&nbsp;ning sisaldab vaid 0,9 g s\u00fcsivesikuid serveeringu kohta. Laktoosivaba&nbsp;Micro Whey Active aitab taastuda treeningutest n\u00e4iteks nagu: j\u00f5usaal, pallim\u00e4ngud, kontakt spordialad, kergej\u00f5ustik v\u00f5i ujumine. Toime Laktoosivaba ja gluteenivaba! Kiirelt [&hellip;]<\/p>\n","protected":false},"featured_media":731,"comment_status":"open","ping_status":"closed","template":"","meta":{"inline_featured_image":false},"product_cat":[27,29,46],"product_tag":[],"class_list":{"0":"post-732","1":"product","2":"type-product","3":"status-publish","4":"has-post-thumbnail","6":"product_cat-proteiinid","7":"product_cat-sooduspakkumised","8":"product_cat-vadakuvalk","9":"pa_energia-400kcal","10":"pa_kogusg-1000g","11":"pa_kunakasutada-uldiselttugevdavparasttrenni","12":"pa_maitse-maasikas","13":"pa_maitse-sokolaad","14":"pa_maitse-soolakaramell","15":"pa_rasvad-3g","16":"pa_susivesikud-4g","17":"pa_valgud-84g","18":"pa_vorm-pulber","20":"first","21":"instock","22":"shipping-taxable","23":"purchasable","24":"product-type-variable"},"yoast_head":"<!-- This site is optimized with the Yoast SEO plugin v27.3 - https:\/\/yoast.com\/product\/yoast-seo-wordpress\/ -->\n<title>Laktoosivaba proteiin - SELF Lactose Free Whey Protein Premium - MyBody.ee - Toidulisandid ja sporditarvikud<\/title>\n<meta name=\"description\" content=\"SELF Lactose Free Whey Protein Premium\u00a0on magusainetega\u00a0toidulisand, mis\" \/>\n<meta name=\"robots\" content=\"index, follow, max-snippet:-1, max-image-preview:large, max-video-preview:-1\" \/>\n<link rel=\"canonical\" href=\"https:\/\/mybody5.ee.mybody.ee\/proov\/product\/laktoosivaba-proteiin-self-lactose-free-whey-protein-premium\/\" \/>\n<meta property=\"og:locale\" content=\"et_EE\" \/>\n<meta property=\"og:type\" content=\"article\" \/>\n<meta property=\"og:title\" content=\"Laktoosivaba proteiin - SELF Lactose Free Whey Protein Premium - MyBody.ee - Toidulisandid ja sporditarvikud\" \/>\n<meta property=\"og:description\" content=\"SELF Lactose Free Whey Protein Premium\u00a0on magusainetega\u00a0toidulisand, mis\" \/>\n<meta property=\"og:url\" content=\"https:\/\/mybody5.ee.mybody.ee\/proov\/product\/laktoosivaba-proteiin-self-lactose-free-whey-protein-premium\/\" \/>\n<meta property=\"og:site_name\" content=\"supplero\" \/>\n<meta property=\"article:publisher\" content=\"https:\/\/facebook.com\/MyBody.ee\/\" \/>\n<meta property=\"og:image\" content=\"https:\/\/mybody5.ee.mybody.ee\/proov\/wp-content\/uploads\/2019\/12\/Iso-Whey-Lactose-free.png\" \/>\n\t<meta property=\"og:image:width\" content=\"623\" \/>\n\t<meta property=\"og:image:height\" content=\"629\" \/>\n\t<meta property=\"og:image:type\" content=\"image\/png\" \/>\n<meta name=\"twitter:card\" content=\"summary_large_image\" \/>\n<meta name=\"twitter:label1\" content=\"Est. reading time\" \/>\n\t<meta name=\"twitter:data1\" content=\"1 minut\" \/>\n<script type=\"application\/ld+json\" class=\"yoast-schema-graph\">{\"@context\":\"https:\\\/\\\/schema.org\",\"@graph\":[{\"@type\":\"WebPage\",\"@id\":\"https:\\\/\\\/mybody5.ee.mybody.ee\\\/proov\\\/product\\\/laktoosivaba-proteiin-self-lactose-free-whey-protein-premium\\\/\",\"url\":\"https:\\\/\\\/mybody5.ee.mybody.ee\\\/proov\\\/product\\\/laktoosivaba-proteiin-self-lactose-free-whey-protein-premium\\\/\",\"name\":\"Laktoosivaba proteiin - SELF Lactose Free Whey Protein Premium - MyBody.ee - Toidulisandid ja sporditarvikud\",\"isPartOf\":{\"@id\":\"https:\\\/\\\/mybody5.ee.mybody.ee\\\/proov\\\/#website\"},\"primaryImageOfPage\":{\"@id\":\"https:\\\/\\\/mybody5.ee.mybody.ee\\\/proov\\\/product\\\/laktoosivaba-proteiin-self-lactose-free-whey-protein-premium\\\/#primaryimage\"},\"image\":{\"@id\":\"https:\\\/\\\/mybody5.ee.mybody.ee\\\/proov\\\/product\\\/laktoosivaba-proteiin-self-lactose-free-whey-protein-premium\\\/#primaryimage\"},\"thumbnailUrl\":\"https:\\\/\\\/mybody5.ee.mybody.ee\\\/proov\\\/wp-content\\\/uploads\\\/2019\\\/12\\\/Iso-Whey-Lactose-free.png\",\"datePublished\":\"2019-12-09T22:25:44+00:00\",\"description\":\"SELF Lactose Free Whey Protein Premium\u00a0on magusainetega\u00a0toidulisand, mis\",\"breadcrumb\":{\"@id\":\"https:\\\/\\\/mybody5.ee.mybody.ee\\\/proov\\\/product\\\/laktoosivaba-proteiin-self-lactose-free-whey-protein-premium\\\/#breadcrumb\"},\"inLanguage\":\"et\",\"potentialAction\":[{\"@type\":\"ReadAction\",\"target\":[\"https:\\\/\\\/mybody5.ee.mybody.ee\\\/proov\\\/product\\\/laktoosivaba-proteiin-self-lactose-free-whey-protein-premium\\\/\"]}]},{\"@type\":\"ImageObject\",\"inLanguage\":\"et\",\"@id\":\"https:\\\/\\\/mybody5.ee.mybody.ee\\\/proov\\\/product\\\/laktoosivaba-proteiin-self-lactose-free-whey-protein-premium\\\/#primaryimage\",\"url\":\"https:\\\/\\\/mybody5.ee.mybody.ee\\\/proov\\\/wp-content\\\/uploads\\\/2019\\\/12\\\/Iso-Whey-Lactose-free.png\",\"contentUrl\":\"https:\\\/\\\/mybody5.ee.mybody.ee\\\/proov\\\/wp-content\\\/uploads\\\/2019\\\/12\\\/Iso-Whey-Lactose-free.png\",\"width\":623,\"height\":629,\"caption\":\"Laktoosivaba proteiin - SELF Lactose Free Whey Protein Premium\"},{\"@type\":\"BreadcrumbList\",\"@id\":\"https:\\\/\\\/mybody5.ee.mybody.ee\\\/proov\\\/product\\\/laktoosivaba-proteiin-self-lactose-free-whey-protein-premium\\\/#breadcrumb\",\"itemListElement\":[{\"@type\":\"ListItem\",\"position\":1,\"name\":\"Home\",\"item\":\"https:\\\/\\\/mybody5.ee.mybody.ee\\\/proov\\\/\"},{\"@type\":\"ListItem\",\"position\":2,\"name\":\"Shop\",\"item\":\"https:\\\/\\\/mybody5.ee.mybody.ee\\\/proov\\\/shop\\\/\"},{\"@type\":\"ListItem\",\"position\":3,\"name\":\"Laktoosivaba proteiin &#8211; SELF Lactose Free Whey Protein Premium\"}]},{\"@type\":\"WebSite\",\"@id\":\"https:\\\/\\\/mybody5.ee.mybody.ee\\\/proov\\\/#website\",\"url\":\"https:\\\/\\\/mybody5.ee.mybody.ee\\\/proov\\\/\",\"name\":\"MyBody.ee - Toidulisandid ja sporditarvikud\",\"description\":\"Just another WordPress site\",\"publisher\":{\"@id\":\"https:\\\/\\\/mybody5.ee.mybody.ee\\\/proov\\\/#organization\"},\"potentialAction\":[{\"@type\":\"SearchAction\",\"target\":{\"@type\":\"EntryPoint\",\"urlTemplate\":\"https:\\\/\\\/mybody5.ee.mybody.ee\\\/proov\\\/?s={search_term_string}\"},\"query-input\":{\"@type\":\"PropertyValueSpecification\",\"valueRequired\":true,\"valueName\":\"search_term_string\"}}],\"inLanguage\":\"et\"},{\"@type\":\"Organization\",\"@id\":\"https:\\\/\\\/mybody5.ee.mybody.ee\\\/proov\\\/#organization\",\"name\":\"MyBody.ee\",\"url\":\"https:\\\/\\\/mybody5.ee.mybody.ee\\\/proov\\\/\",\"logo\":{\"@type\":\"ImageObject\",\"inLanguage\":\"et\",\"@id\":\"https:\\\/\\\/mybody5.ee.mybody.ee\\\/proov\\\/#\\\/schema\\\/logo\\\/image\\\/\",\"url\":\"https:\\\/\\\/mybody5.ee.mybody.ee\\\/proov\\\/wp-content\\\/uploads\\\/2023\\\/11\\\/mybody_logo_h65-2.png\",\"contentUrl\":\"https:\\\/\\\/mybody5.ee.mybody.ee\\\/proov\\\/wp-content\\\/uploads\\\/2023\\\/11\\\/mybody_logo_h65-2.png\",\"width\":229,\"height\":65,\"caption\":\"MyBody.ee\"},\"image\":{\"@id\":\"https:\\\/\\\/mybody5.ee.mybody.ee\\\/proov\\\/#\\\/schema\\\/logo\\\/image\\\/\"},\"sameAs\":[\"https:\\\/\\\/facebook.com\\\/MyBody.ee\\\/\"]}]}<\/script>\n<!-- \/ Yoast SEO plugin. -->","yoast_head_json":{"title":"Laktoosivaba proteiin - SELF Lactose Free Whey Protein Premium - MyBody.ee - Toidulisandid ja sporditarvikud","description":"SELF Lactose Free Whey Protein Premium\u00a0on magusainetega\u00a0toidulisand, mis","robots":{"index":"index","follow":"follow","max-snippet":"max-snippet:-1","max-image-preview":"max-image-preview:large","max-video-preview":"max-video-preview:-1"},"canonical":"https:\/\/mybody5.ee.mybody.ee\/proov\/product\/laktoosivaba-proteiin-self-lactose-free-whey-protein-premium\/","og_locale":"et_EE","og_type":"article","og_title":"Laktoosivaba proteiin - SELF Lactose Free Whey Protein Premium - MyBody.ee - Toidulisandid ja sporditarvikud","og_description":"SELF Lactose Free Whey Protein Premium\u00a0on magusainetega\u00a0toidulisand, mis","og_url":"https:\/\/mybody5.ee.mybody.ee\/proov\/product\/laktoosivaba-proteiin-self-lactose-free-whey-protein-premium\/","og_site_name":"supplero","article_publisher":"https:\/\/facebook.com\/MyBody.ee\/","og_image":[{"width":623,"height":629,"url":"https:\/\/mybody5.ee.mybody.ee\/proov\/wp-content\/uploads\/2019\/12\/Iso-Whey-Lactose-free.png","type":"image\/png"}],"twitter_card":"summary_large_image","twitter_misc":{"Est. reading time":"1 minut"},"schema":{"@context":"https:\/\/schema.org","@graph":[{"@type":"WebPage","@id":"https:\/\/mybody5.ee.mybody.ee\/proov\/product\/laktoosivaba-proteiin-self-lactose-free-whey-protein-premium\/","url":"https:\/\/mybody5.ee.mybody.ee\/proov\/product\/laktoosivaba-proteiin-self-lactose-free-whey-protein-premium\/","name":"Laktoosivaba proteiin - SELF Lactose Free Whey Protein Premium - MyBody.ee - Toidulisandid ja sporditarvikud","isPartOf":{"@id":"https:\/\/mybody5.ee.mybody.ee\/proov\/#website"},"primaryImageOfPage":{"@id":"https:\/\/mybody5.ee.mybody.ee\/proov\/product\/laktoosivaba-proteiin-self-lactose-free-whey-protein-premium\/#primaryimage"},"image":{"@id":"https:\/\/mybody5.ee.mybody.ee\/proov\/product\/laktoosivaba-proteiin-self-lactose-free-whey-protein-premium\/#primaryimage"},"thumbnailUrl":"https:\/\/mybody5.ee.mybody.ee\/proov\/wp-content\/uploads\/2019\/12\/Iso-Whey-Lactose-free.png","datePublished":"2019-12-09T22:25:44+00:00","description":"SELF Lactose Free Whey Protein Premium\u00a0on magusainetega\u00a0toidulisand, mis","breadcrumb":{"@id":"https:\/\/mybody5.ee.mybody.ee\/proov\/product\/laktoosivaba-proteiin-self-lactose-free-whey-protein-premium\/#breadcrumb"},"inLanguage":"et","potentialAction":[{"@type":"ReadAction","target":["https:\/\/mybody5.ee.mybody.ee\/proov\/product\/laktoosivaba-proteiin-self-lactose-free-whey-protein-premium\/"]}]},{"@type":"ImageObject","inLanguage":"et","@id":"https:\/\/mybody5.ee.mybody.ee\/proov\/product\/laktoosivaba-proteiin-self-lactose-free-whey-protein-premium\/#primaryimage","url":"https:\/\/mybody5.ee.mybody.ee\/proov\/wp-content\/uploads\/2019\/12\/Iso-Whey-Lactose-free.png","contentUrl":"https:\/\/mybody5.ee.mybody.ee\/proov\/wp-content\/uploads\/2019\/12\/Iso-Whey-Lactose-free.png","width":623,"height":629,"caption":"Laktoosivaba proteiin - SELF Lactose Free Whey Protein Premium"},{"@type":"BreadcrumbList","@id":"https:\/\/mybody5.ee.mybody.ee\/proov\/product\/laktoosivaba-proteiin-self-lactose-free-whey-protein-premium\/#breadcrumb","itemListElement":[{"@type":"ListItem","position":1,"name":"Home","item":"https:\/\/mybody5.ee.mybody.ee\/proov\/"},{"@type":"ListItem","position":2,"name":"Shop","item":"https:\/\/mybody5.ee.mybody.ee\/proov\/shop\/"},{"@type":"ListItem","position":3,"name":"Laktoosivaba proteiin &#8211; SELF Lactose Free Whey Protein Premium"}]},{"@type":"WebSite","@id":"https:\/\/mybody5.ee.mybody.ee\/proov\/#website","url":"https:\/\/mybody5.ee.mybody.ee\/proov\/","name":"MyBody.ee - Toidulisandid ja sporditarvikud","description":"Just another WordPress site","publisher":{"@id":"https:\/\/mybody5.ee.mybody.ee\/proov\/#organization"},"potentialAction":[{"@type":"SearchAction","target":{"@type":"EntryPoint","urlTemplate":"https:\/\/mybody5.ee.mybody.ee\/proov\/?s={search_term_string}"},"query-input":{"@type":"PropertyValueSpecification","valueRequired":true,"valueName":"search_term_string"}}],"inLanguage":"et"},{"@type":"Organization","@id":"https:\/\/mybody5.ee.mybody.ee\/proov\/#organization","name":"MyBody.ee","url":"https:\/\/mybody5.ee.mybody.ee\/proov\/","logo":{"@type":"ImageObject","inLanguage":"et","@id":"https:\/\/mybody5.ee.mybody.ee\/proov\/#\/schema\/logo\/image\/","url":"https:\/\/mybody5.ee.mybody.ee\/proov\/wp-content\/uploads\/2023\/11\/mybody_logo_h65-2.png","contentUrl":"https:\/\/mybody5.ee.mybody.ee\/proov\/wp-content\/uploads\/2023\/11\/mybody_logo_h65-2.png","width":229,"height":65,"caption":"MyBody.ee"},"image":{"@id":"https:\/\/mybody5.ee.mybody.ee\/proov\/#\/schema\/logo\/image\/"},"sameAs":["https:\/\/facebook.com\/MyBody.ee\/"]}]}},"_links":{"self":[{"href":"https:\/\/mybody5.ee.mybody.ee\/proov\/wp-json\/wp\/v2\/product\/732","targetHints":{"allow":["GET"]}}],"collection":[{"href":"https:\/\/mybody5.ee.mybody.ee\/proov\/wp-json\/wp\/v2\/product"}],"about":[{"href":"https:\/\/mybody5.ee.mybody.ee\/proov\/wp-json\/wp\/v2\/types\/product"}],"replies":[{"embeddable":true,"href":"https:\/\/mybody5.ee.mybody.ee\/proov\/wp-json\/wp\/v2\/comments?post=732"}],"wp:featuredmedia":[{"embeddable":true,"href":"https:\/\/mybody5.ee.mybody.ee\/proov\/wp-json\/wp\/v2\/media\/731"}],"wp:attachment":[{"href":"https:\/\/mybody5.ee.mybody.ee\/proov\/wp-json\/wp\/v2\/media?parent=732"}],"wp:term":[{"taxonomy":"product_cat","embeddable":true,"href":"https:\/\/mybody5.ee.mybody.ee\/proov\/wp-json\/wp\/v2\/product_cat?post=732"},{"taxonomy":"product_tag","embeddable":true,"href":"https:\/\/mybody5.ee.mybody.ee\/proov\/wp-json\/wp\/v2\/product_tag?post=732"}],"curies":[{"name":"wp","href":"https:\/\/api.w.org\/{rel}","templated":true}]}}