{"id":79,"date":"2019-12-09T22:25:36","date_gmt":"2019-12-09T22:25:36","guid":{"rendered":"https:\/\/mybody5.ee.mybody.ee\/proov\/product\/asendamatu-aminohape-millel-on-suur-voime-parandada-tervist-ja-sportlikke-tulemusi-self-leucine\/"},"modified":"2019-12-09T22:25:36","modified_gmt":"2019-12-09T22:25:36","slug":"asendamatu-aminohape-millel-on-suur-voime-parandada-tervist-ja-sportlikke-tulemusi-self-leucine","status":"publish","type":"product","link":"https:\/\/mybody5.ee.mybody.ee\/proov\/product\/asendamatu-aminohape-millel-on-suur-voime-parandada-tervist-ja-sportlikke-tulemusi-self-leucine\/","title":{"rendered":"Asendamatu aminohape, millel on suur v\u00f5ime parandada tervist ja sportlikke tulemusi &#8211; SELF Leucine"},"content":{"rendered":"<p style=\"text-align: justify;\"><b>L-leutsiin&nbsp;<\/b>on \u00fcks olulisemaid k\u00f5ikidest aminohapetest. Leutsiin on hargnenud ahelaga aminohape, mida keha ei suuda ise s\u00fcnteesida. On t\u00e4htis, et saaksime seda igap\u00e4evaselt. Leutsiin on oluline \u00fcldse tervisliku seisundi s\u00e4ilitamiseks ning sportlike soorituste parandamiseks.<\/p>\n<p style=\"text-align: justify;\">Leutsiin stimuleerib insuliini eritumist. K\u00f5rgenenud insuliinitase aitab transportida proteiini lihastesse ja kontrollida kortisooli taset. Kortisool on stressihormoon, mis aktiveerib lihast l\u00f5hkuvaid tegureid organismis. Hargnenud ahelaga aminohapetest on siis kahekordne kasu. &nbsp;Kui leutsiini pole, siis ei saa ka s\u00fcnteesiprotsessid efektiivselt (maksimaalse kiirusega) toimuda, seega taastumine ja kasv on leutsiini puudumise korral p\u00e4rsitud.<\/p>\n<p style=\"text-align: justify;\">Kuna leutsiin omab valgus\u00fcnteesile sedav\u00f5rd suurt m\u00f5ju ning sarnaselt glutamiinile h\u00e4vineb lihast\u00f6\u00f6 k\u00e4igus teistest aminohapetest kiiremini, on eriti oluline treeningj\u00e4rgselt seda aminohapet saada.&nbsp;<\/p>\n<h3 style=\"text-align: justify;\">Toime<\/h3>\n<ul>\n<li>Aitab s\u00e4ilitada lihasmassi<\/li>\n<li style=\"text-align: justify;\">Varustab energiaga, kui keha on ekstreemsetes tingimustes<\/li>\n<li style=\"text-align: justify;\">Aitab s\u00e4ilitada lihaste gl\u00fckogeeni taset<\/li>\n<li style=\"text-align: justify;\">S\u00e4ilitab lihaste l\u00e4mmastiku tasakaalu, mis on oluline lihasmassi s\u00e4ilimisel<\/li>\n<li style=\"text-align: justify;\">K\u00e4ivitab valgus\u00fcnteesi ja aitab lihastel taastuda<\/li>\n<\/ul>\n<h3 style=\"text-align: justify;\">Kasutamine<\/h3>\n<p style=\"text-align: justify;\">Leutsiini tuleks kasutada treeningueelselt ja -j\u00e4rgselt 5-10g enne ja 5-10g p\u00e4rast<\/p>\n<h3 style=\"text-align: justify;\">Kellele sobib?<\/h3>\n<p style=\"text-align: justify;\">L-leutsiini tarbimist toidulisandina soovitatakse k\u00f5igile. Olgu eesm\u00e4rgiks keharasvadest vabanemine, lihasmassi kasvatamine, sporditulemuste parandamine v\u00f5i vastupidavuse ja energia suurendamine. L-leutsiin on k\u00f5rgelt hinnatud asendamatu aminohape, millel on suur v\u00f5ime parandada \u00fcldist tervist ja sportlikke tulemusi.&nbsp;<\/p>\n<h3 style=\"text-align: justify;\">Spordialad:&nbsp;<span style=\"font-size: 12px;\"><span style=\"font-family: arial, helvetica, sans-serif;\">Kestvusalad, raskej\u00f5ustik<\/span><\/span><\/h3>\n<h3 style=\"text-align: justify;\">Pakend:&nbsp;<span style=\"font-size: 12px;\"><span style=\"font-family: arial, helvetica, sans-serif;\">200g<\/span><\/span><\/h3>\n<h3 style=\"text-align: justify;\">Koostis:&nbsp;<span style=\"font-size: 12px;\"><span style=\"font-family: arial, helvetica, sans-serif;\">100% L-Leutsiini&nbsp;pulber<\/span><\/span><\/h3>\n<p style=\"text-align: justify;\">Amino Leucine&nbsp;kg hind on 118.75\u20ac<\/p>\n<p style=\"text-align: justify;\">Konsultatsioon<\/p>\n<ul>\n<li style=\"text-align: justify;\">Oled oodatud tasuta konsultatsioonile MYBODY Audentese kauplusesse,<\/li>\n<li style=\"text-align: justify;\">Asukoht: Audentese Spordikeskus, Tondi 84.<\/li>\n<li style=\"text-align: justify;\">Telefon EST\/RUS\/ENG +372&nbsp;523 1960<\/li>\n<li style=\"text-align: justify;\">Telefon EST\/ENG +372 56&nbsp;458&nbsp;688<\/li>\n<li style=\"text-align: justify;\"><a href=\"mailto:info@mybody.ee\">info@mybody.ee<\/a><\/li>\n<li style=\"text-align: justify;\"><a href=\"http:\/\/www.facebook.com\/mybody.ee\">www.facebook.com\/mybody.ee<\/a><\/li>\n<\/ul>\n","protected":false},"excerpt":{"rendered":"<p>L-leutsiin&nbsp;on \u00fcks olulisemaid k\u00f5ikidest aminohapetest. Leutsiin on hargnenud ahelaga aminohape, mida keha ei suuda ise s\u00fcnteesida. On t\u00e4htis, et saaksime seda igap\u00e4evaselt. Leutsiin on oluline \u00fcldse tervisliku seisundi s\u00e4ilitamiseks ning sportlike soorituste parandamiseks. Leutsiin stimuleerib insuliini eritumist. K\u00f5rgenenud insuliinitase aitab transportida proteiini lihastesse ja kontrollida kortisooli taset. Kortisool on stressihormoon, mis aktiveerib lihast l\u00f5hkuvaid tegureid [&hellip;]<\/p>\n","protected":false},"featured_media":78,"comment_status":"open","ping_status":"closed","template":"","meta":{"inline_featured_image":false},"product_cat":[17,25,49,29],"product_tag":[],"class_list":{"0":"post-79","1":"product","2":"type-product","3":"status-publish","4":"has-post-thumbnail","6":"product_cat-aminohapped","7":"product_cat-naturaalsed-toidulisandid","8":"product_cat-puhtad-aminohapped","9":"product_cat-sooduspakkumised","10":"pa_kogusg-200g","11":"pa_kunakasutada-ennetrenniparasttrenni","12":"pa_vorm-pulber","14":"first","15":"instock","16":"shipping-taxable","17":"purchasable","18":"product-type-simple"},"yoast_head":"<!-- This site is optimized with the Yoast SEO plugin v27.3 - https:\/\/yoast.com\/product\/yoast-seo-wordpress\/ -->\n<title>Asendamatu aminohape, millel on suur v\u00f5ime parandada tervist ja sportlikke tulemusi - SELF Leucine - MyBody.ee - Toidulisandid ja sporditarvikud<\/title>\n<meta name=\"description\" content=\"L-leutsiin\u00a0on \u00fcks olulisemaid k\u00f5ikidest aminohapetest. Leutsiin on\" \/>\n<meta name=\"robots\" content=\"index, follow, max-snippet:-1, max-image-preview:large, max-video-preview:-1\" \/>\n<link rel=\"canonical\" href=\"https:\/\/mybody5.ee.mybody.ee\/proov\/product\/asendamatu-aminohape-millel-on-suur-voime-parandada-tervist-ja-sportlikke-tulemusi-self-leucine\/\" \/>\n<meta property=\"og:locale\" content=\"et_EE\" \/>\n<meta property=\"og:type\" content=\"article\" \/>\n<meta property=\"og:title\" content=\"Asendamatu aminohape, millel on suur v\u00f5ime parandada tervist ja sportlikke tulemusi - SELF Leucine - MyBody.ee - Toidulisandid ja sporditarvikud\" \/>\n<meta property=\"og:description\" content=\"L-leutsiin\u00a0on \u00fcks olulisemaid k\u00f5ikidest aminohapetest. Leutsiin on\" \/>\n<meta property=\"og:url\" content=\"https:\/\/mybody5.ee.mybody.ee\/proov\/product\/asendamatu-aminohape-millel-on-suur-voime-parandada-tervist-ja-sportlikke-tulemusi-self-leucine\/\" \/>\n<meta property=\"og:site_name\" content=\"supplero\" \/>\n<meta property=\"article:publisher\" content=\"https:\/\/facebook.com\/MyBody.ee\/\" \/>\n<meta property=\"og:image\" content=\"https:\/\/mybody5.ee.mybody.ee\/proov\/wp-content\/uploads\/2019\/12\/self-leucine.png\" \/>\n\t<meta property=\"og:image:width\" content=\"246\" \/>\n\t<meta property=\"og:image:height\" content=\"277\" \/>\n\t<meta property=\"og:image:type\" content=\"image\/png\" \/>\n<meta name=\"twitter:card\" content=\"summary_large_image\" \/>\n<meta name=\"twitter:label1\" content=\"Est. reading time\" \/>\n\t<meta name=\"twitter:data1\" content=\"1 minut\" \/>\n<script type=\"application\/ld+json\" class=\"yoast-schema-graph\">{\"@context\":\"https:\\\/\\\/schema.org\",\"@graph\":[{\"@type\":\"WebPage\",\"@id\":\"https:\\\/\\\/mybody5.ee.mybody.ee\\\/proov\\\/product\\\/asendamatu-aminohape-millel-on-suur-voime-parandada-tervist-ja-sportlikke-tulemusi-self-leucine\\\/\",\"url\":\"https:\\\/\\\/mybody5.ee.mybody.ee\\\/proov\\\/product\\\/asendamatu-aminohape-millel-on-suur-voime-parandada-tervist-ja-sportlikke-tulemusi-self-leucine\\\/\",\"name\":\"Asendamatu aminohape, millel on suur v\u00f5ime parandada tervist ja sportlikke tulemusi - SELF Leucine - MyBody.ee - Toidulisandid ja sporditarvikud\",\"isPartOf\":{\"@id\":\"https:\\\/\\\/mybody5.ee.mybody.ee\\\/proov\\\/#website\"},\"primaryImageOfPage\":{\"@id\":\"https:\\\/\\\/mybody5.ee.mybody.ee\\\/proov\\\/product\\\/asendamatu-aminohape-millel-on-suur-voime-parandada-tervist-ja-sportlikke-tulemusi-self-leucine\\\/#primaryimage\"},\"image\":{\"@id\":\"https:\\\/\\\/mybody5.ee.mybody.ee\\\/proov\\\/product\\\/asendamatu-aminohape-millel-on-suur-voime-parandada-tervist-ja-sportlikke-tulemusi-self-leucine\\\/#primaryimage\"},\"thumbnailUrl\":\"https:\\\/\\\/mybody5.ee.mybody.ee\\\/proov\\\/wp-content\\\/uploads\\\/2019\\\/12\\\/self-leucine.png\",\"datePublished\":\"2019-12-09T22:25:36+00:00\",\"description\":\"L-leutsiin\u00a0on \u00fcks olulisemaid k\u00f5ikidest aminohapetest. Leutsiin on\",\"breadcrumb\":{\"@id\":\"https:\\\/\\\/mybody5.ee.mybody.ee\\\/proov\\\/product\\\/asendamatu-aminohape-millel-on-suur-voime-parandada-tervist-ja-sportlikke-tulemusi-self-leucine\\\/#breadcrumb\"},\"inLanguage\":\"et\",\"potentialAction\":[{\"@type\":\"ReadAction\",\"target\":[\"https:\\\/\\\/mybody5.ee.mybody.ee\\\/proov\\\/product\\\/asendamatu-aminohape-millel-on-suur-voime-parandada-tervist-ja-sportlikke-tulemusi-self-leucine\\\/\"]}]},{\"@type\":\"ImageObject\",\"inLanguage\":\"et\",\"@id\":\"https:\\\/\\\/mybody5.ee.mybody.ee\\\/proov\\\/product\\\/asendamatu-aminohape-millel-on-suur-voime-parandada-tervist-ja-sportlikke-tulemusi-self-leucine\\\/#primaryimage\",\"url\":\"https:\\\/\\\/mybody5.ee.mybody.ee\\\/proov\\\/wp-content\\\/uploads\\\/2019\\\/12\\\/self-leucine.png\",\"contentUrl\":\"https:\\\/\\\/mybody5.ee.mybody.ee\\\/proov\\\/wp-content\\\/uploads\\\/2019\\\/12\\\/self-leucine.png\",\"width\":246,\"height\":277,\"caption\":\"Asendamatu aminohape, millel on suur v\u00f5ime parandada tervist ja sportlikke tulemusi - SELF Leucine\"},{\"@type\":\"BreadcrumbList\",\"@id\":\"https:\\\/\\\/mybody5.ee.mybody.ee\\\/proov\\\/product\\\/asendamatu-aminohape-millel-on-suur-voime-parandada-tervist-ja-sportlikke-tulemusi-self-leucine\\\/#breadcrumb\",\"itemListElement\":[{\"@type\":\"ListItem\",\"position\":1,\"name\":\"Home\",\"item\":\"https:\\\/\\\/mybody5.ee.mybody.ee\\\/proov\\\/\"},{\"@type\":\"ListItem\",\"position\":2,\"name\":\"Shop\",\"item\":\"https:\\\/\\\/mybody5.ee.mybody.ee\\\/proov\\\/shop\\\/\"},{\"@type\":\"ListItem\",\"position\":3,\"name\":\"Asendamatu aminohape, millel on suur v\u00f5ime parandada tervist ja sportlikke tulemusi &#8211; SELF Leucine\"}]},{\"@type\":\"WebSite\",\"@id\":\"https:\\\/\\\/mybody5.ee.mybody.ee\\\/proov\\\/#website\",\"url\":\"https:\\\/\\\/mybody5.ee.mybody.ee\\\/proov\\\/\",\"name\":\"MyBody.ee - Toidulisandid ja sporditarvikud\",\"description\":\"Just another WordPress site\",\"publisher\":{\"@id\":\"https:\\\/\\\/mybody5.ee.mybody.ee\\\/proov\\\/#organization\"},\"potentialAction\":[{\"@type\":\"SearchAction\",\"target\":{\"@type\":\"EntryPoint\",\"urlTemplate\":\"https:\\\/\\\/mybody5.ee.mybody.ee\\\/proov\\\/?s={search_term_string}\"},\"query-input\":{\"@type\":\"PropertyValueSpecification\",\"valueRequired\":true,\"valueName\":\"search_term_string\"}}],\"inLanguage\":\"et\"},{\"@type\":\"Organization\",\"@id\":\"https:\\\/\\\/mybody5.ee.mybody.ee\\\/proov\\\/#organization\",\"name\":\"MyBody.ee\",\"url\":\"https:\\\/\\\/mybody5.ee.mybody.ee\\\/proov\\\/\",\"logo\":{\"@type\":\"ImageObject\",\"inLanguage\":\"et\",\"@id\":\"https:\\\/\\\/mybody5.ee.mybody.ee\\\/proov\\\/#\\\/schema\\\/logo\\\/image\\\/\",\"url\":\"https:\\\/\\\/mybody5.ee.mybody.ee\\\/proov\\\/wp-content\\\/uploads\\\/2023\\\/11\\\/mybody_logo_h65-2.png\",\"contentUrl\":\"https:\\\/\\\/mybody5.ee.mybody.ee\\\/proov\\\/wp-content\\\/uploads\\\/2023\\\/11\\\/mybody_logo_h65-2.png\",\"width\":229,\"height\":65,\"caption\":\"MyBody.ee\"},\"image\":{\"@id\":\"https:\\\/\\\/mybody5.ee.mybody.ee\\\/proov\\\/#\\\/schema\\\/logo\\\/image\\\/\"},\"sameAs\":[\"https:\\\/\\\/facebook.com\\\/MyBody.ee\\\/\"]}]}<\/script>\n<!-- \/ Yoast SEO plugin. -->","yoast_head_json":{"title":"Asendamatu aminohape, millel on suur v\u00f5ime parandada tervist ja sportlikke tulemusi - SELF Leucine - MyBody.ee - Toidulisandid ja sporditarvikud","description":"L-leutsiin\u00a0on \u00fcks olulisemaid k\u00f5ikidest aminohapetest. Leutsiin on","robots":{"index":"index","follow":"follow","max-snippet":"max-snippet:-1","max-image-preview":"max-image-preview:large","max-video-preview":"max-video-preview:-1"},"canonical":"https:\/\/mybody5.ee.mybody.ee\/proov\/product\/asendamatu-aminohape-millel-on-suur-voime-parandada-tervist-ja-sportlikke-tulemusi-self-leucine\/","og_locale":"et_EE","og_type":"article","og_title":"Asendamatu aminohape, millel on suur v\u00f5ime parandada tervist ja sportlikke tulemusi - SELF Leucine - MyBody.ee - Toidulisandid ja sporditarvikud","og_description":"L-leutsiin\u00a0on \u00fcks olulisemaid k\u00f5ikidest aminohapetest. Leutsiin on","og_url":"https:\/\/mybody5.ee.mybody.ee\/proov\/product\/asendamatu-aminohape-millel-on-suur-voime-parandada-tervist-ja-sportlikke-tulemusi-self-leucine\/","og_site_name":"supplero","article_publisher":"https:\/\/facebook.com\/MyBody.ee\/","og_image":[{"width":246,"height":277,"url":"https:\/\/mybody5.ee.mybody.ee\/proov\/wp-content\/uploads\/2019\/12\/self-leucine.png","type":"image\/png"}],"twitter_card":"summary_large_image","twitter_misc":{"Est. reading time":"1 minut"},"schema":{"@context":"https:\/\/schema.org","@graph":[{"@type":"WebPage","@id":"https:\/\/mybody5.ee.mybody.ee\/proov\/product\/asendamatu-aminohape-millel-on-suur-voime-parandada-tervist-ja-sportlikke-tulemusi-self-leucine\/","url":"https:\/\/mybody5.ee.mybody.ee\/proov\/product\/asendamatu-aminohape-millel-on-suur-voime-parandada-tervist-ja-sportlikke-tulemusi-self-leucine\/","name":"Asendamatu aminohape, millel on suur v\u00f5ime parandada tervist ja sportlikke tulemusi - SELF Leucine - MyBody.ee - Toidulisandid ja sporditarvikud","isPartOf":{"@id":"https:\/\/mybody5.ee.mybody.ee\/proov\/#website"},"primaryImageOfPage":{"@id":"https:\/\/mybody5.ee.mybody.ee\/proov\/product\/asendamatu-aminohape-millel-on-suur-voime-parandada-tervist-ja-sportlikke-tulemusi-self-leucine\/#primaryimage"},"image":{"@id":"https:\/\/mybody5.ee.mybody.ee\/proov\/product\/asendamatu-aminohape-millel-on-suur-voime-parandada-tervist-ja-sportlikke-tulemusi-self-leucine\/#primaryimage"},"thumbnailUrl":"https:\/\/mybody5.ee.mybody.ee\/proov\/wp-content\/uploads\/2019\/12\/self-leucine.png","datePublished":"2019-12-09T22:25:36+00:00","description":"L-leutsiin\u00a0on \u00fcks olulisemaid k\u00f5ikidest aminohapetest. Leutsiin on","breadcrumb":{"@id":"https:\/\/mybody5.ee.mybody.ee\/proov\/product\/asendamatu-aminohape-millel-on-suur-voime-parandada-tervist-ja-sportlikke-tulemusi-self-leucine\/#breadcrumb"},"inLanguage":"et","potentialAction":[{"@type":"ReadAction","target":["https:\/\/mybody5.ee.mybody.ee\/proov\/product\/asendamatu-aminohape-millel-on-suur-voime-parandada-tervist-ja-sportlikke-tulemusi-self-leucine\/"]}]},{"@type":"ImageObject","inLanguage":"et","@id":"https:\/\/mybody5.ee.mybody.ee\/proov\/product\/asendamatu-aminohape-millel-on-suur-voime-parandada-tervist-ja-sportlikke-tulemusi-self-leucine\/#primaryimage","url":"https:\/\/mybody5.ee.mybody.ee\/proov\/wp-content\/uploads\/2019\/12\/self-leucine.png","contentUrl":"https:\/\/mybody5.ee.mybody.ee\/proov\/wp-content\/uploads\/2019\/12\/self-leucine.png","width":246,"height":277,"caption":"Asendamatu aminohape, millel on suur v\u00f5ime parandada tervist ja sportlikke tulemusi - SELF Leucine"},{"@type":"BreadcrumbList","@id":"https:\/\/mybody5.ee.mybody.ee\/proov\/product\/asendamatu-aminohape-millel-on-suur-voime-parandada-tervist-ja-sportlikke-tulemusi-self-leucine\/#breadcrumb","itemListElement":[{"@type":"ListItem","position":1,"name":"Home","item":"https:\/\/mybody5.ee.mybody.ee\/proov\/"},{"@type":"ListItem","position":2,"name":"Shop","item":"https:\/\/mybody5.ee.mybody.ee\/proov\/shop\/"},{"@type":"ListItem","position":3,"name":"Asendamatu aminohape, millel on suur v\u00f5ime parandada tervist ja sportlikke tulemusi &#8211; SELF Leucine"}]},{"@type":"WebSite","@id":"https:\/\/mybody5.ee.mybody.ee\/proov\/#website","url":"https:\/\/mybody5.ee.mybody.ee\/proov\/","name":"MyBody.ee - Toidulisandid ja sporditarvikud","description":"Just another WordPress site","publisher":{"@id":"https:\/\/mybody5.ee.mybody.ee\/proov\/#organization"},"potentialAction":[{"@type":"SearchAction","target":{"@type":"EntryPoint","urlTemplate":"https:\/\/mybody5.ee.mybody.ee\/proov\/?s={search_term_string}"},"query-input":{"@type":"PropertyValueSpecification","valueRequired":true,"valueName":"search_term_string"}}],"inLanguage":"et"},{"@type":"Organization","@id":"https:\/\/mybody5.ee.mybody.ee\/proov\/#organization","name":"MyBody.ee","url":"https:\/\/mybody5.ee.mybody.ee\/proov\/","logo":{"@type":"ImageObject","inLanguage":"et","@id":"https:\/\/mybody5.ee.mybody.ee\/proov\/#\/schema\/logo\/image\/","url":"https:\/\/mybody5.ee.mybody.ee\/proov\/wp-content\/uploads\/2023\/11\/mybody_logo_h65-2.png","contentUrl":"https:\/\/mybody5.ee.mybody.ee\/proov\/wp-content\/uploads\/2023\/11\/mybody_logo_h65-2.png","width":229,"height":65,"caption":"MyBody.ee"},"image":{"@id":"https:\/\/mybody5.ee.mybody.ee\/proov\/#\/schema\/logo\/image\/"},"sameAs":["https:\/\/facebook.com\/MyBody.ee\/"]}]}},"_links":{"self":[{"href":"https:\/\/mybody5.ee.mybody.ee\/proov\/wp-json\/wp\/v2\/product\/79","targetHints":{"allow":["GET"]}}],"collection":[{"href":"https:\/\/mybody5.ee.mybody.ee\/proov\/wp-json\/wp\/v2\/product"}],"about":[{"href":"https:\/\/mybody5.ee.mybody.ee\/proov\/wp-json\/wp\/v2\/types\/product"}],"replies":[{"embeddable":true,"href":"https:\/\/mybody5.ee.mybody.ee\/proov\/wp-json\/wp\/v2\/comments?post=79"}],"wp:featuredmedia":[{"embeddable":true,"href":"https:\/\/mybody5.ee.mybody.ee\/proov\/wp-json\/wp\/v2\/media\/78"}],"wp:attachment":[{"href":"https:\/\/mybody5.ee.mybody.ee\/proov\/wp-json\/wp\/v2\/media?parent=79"}],"wp:term":[{"taxonomy":"product_cat","embeddable":true,"href":"https:\/\/mybody5.ee.mybody.ee\/proov\/wp-json\/wp\/v2\/product_cat?post=79"},{"taxonomy":"product_tag","embeddable":true,"href":"https:\/\/mybody5.ee.mybody.ee\/proov\/wp-json\/wp\/v2\/product_tag?post=79"}],"curies":[{"name":"wp","href":"https:\/\/api.w.org\/{rel}","templated":true}]}}