{"id":832,"date":"2020-01-10T15:24:26","date_gmt":"2020-01-10T15:24:26","guid":{"rendered":"https:\/\/mybody5.ee.mybody.ee\/proov\/product\/365jp-whey-protein-isolate-30g\/"},"modified":"2020-01-10T15:24:26","modified_gmt":"2020-01-10T15:24:26","slug":"365jp-whey-protein-isolate-30g","status":"publish","type":"product","link":"https:\/\/mybody5.ee.mybody.ee\/proov\/product\/365jp-whey-protein-isolate-30g\/","title":{"rendered":"365JP Whey Protein Isolate 30g"},"content":{"rendered":"<p class=\"MsoNormal\">Whey Proteiin isolaat valgupulber 85%-lise valgu (proteiini) sisaldusega joogipulber magusainega on u\u0308lipuhas, t\u00f5eliselt hea maitsega h\u00e4stisegunev valgu (proteiini) pulber. Tegemist on kvaliteetse ning t\u00f5husa lisandiga iga aktiivse inimese toidule.<o:p><\/o:p><\/p>\n<ul>\n<li>Esmaklassiline toitev\u00e4\u00e4rtus: u\u0308limadal su\u0308sivesikute, suhkrute ning rasva sisaldus.<o:p><\/o:p><\/li>\n<li>Suurep\u00e4rane maitse ja maitsete valik (cappuccino, stracciatella, \u0161okolaad, vanilje, pina colada, maasika-vanilje).<o:p><\/o:p><\/li>\n<li>Lahustub v\u00e4ga h\u00e4sti.<o:p><\/o:p><\/li>\n<li>Puhas ning kvaliteetne, 85%-lise valgu (proteiini) sisaldusega toode.<o:p><\/o:p><\/li>\n<li>Sisaldab 6,3 g BCAA (ehk asendamatud hargnenud ahelaga aminohapped).<o:p><\/o:p><\/li>\n<li>M\u00f5istlik hind t\u00f5eliselt kvaliteetsele tootele. Toode on odavam kui analoogse kvaliteediga tooted turul.<o:p><\/o:p><\/li>\n<li>Ei sisalda magustajat aspartaami.<o:p><\/o:p><\/li>\n<\/ul>\n<h3>Kasutamine:<\/h3>\n<p class=\"MsoNormal\"><o:p><\/o:p><\/p>\n<p class=\"MsoNormal\">Lisada 30g paki sisule 250 ml vett v\u00f5i muud meelep\u00e4rast jooki ja loksutada pudelis v\u00f5i \u0161eikeris. Tarvita vastavalt vajadusele treeningu eel, ajal v\u00f5i p\u00e4rast treeningut. Hoida lastele k\u00e4ttesaamatus kohas.<o:p><\/o:p><\/p>\n<p class=\"MsoNormal\">Meie proteiini isolaadi tooted koosnevad:<o:p><\/o:p><\/p>\n<p class=\"MsoNormal\"><b>Cappuccino<\/b><o:p><\/o:p><\/p>\n<p class=\"MsoNormal\"><span style=\"font-size: 10px;\">Koostis:&nbsp;vadakuvalgu&nbsp;isolaat (sisaldab&nbsp;sojaletsitiin), kakaopulber, maitse- ja l\u00f5hnaained, paksendajad (naatriumkarboks\u00fcmet\u00fc\u00fcltselluloos), paakumisvastased ained (kaltsiumfosfaat, amorfne r\u00e4nidioksiid), sool, magusaine (sukraloos).<\/span><o:p><\/o:p><\/p>\n<p class=\"MsoNormal\">Toitumisalane teave (100g):<br \/> \u2013 Energia 1532 kj \/ 361 kcal;<br \/> \u2013 Rasvad 1.3 g (millest k\u00fcllastunud rasvhapped 0.9 g);<br \/> \u2013 S\u00fcsivesikud 1.9 g (millest suhkrud 1.2 g);<br \/> \u2013 Kiudained 1.7 g;<br \/> \u2013 Valgud 84 g;<br \/> \u2013 Sool 0,57 g.<o:p><\/o:p><\/p>\n<p class=\"MsoNormal\"><b>Chocolate<\/b><o:p><\/o:p><\/p>\n<p class=\"MsoNormal\"><span style=\"font-size: 10px;\">Koostis:&nbsp;vadakuvalgu&nbsp;isolaat (sisaldab&nbsp;sojaletsitiin), kakaopulber, maitse- ja l\u00f5hnaained, paksendajad (naatriumkarboks\u00fcmet\u00fc\u00fcltselluloos), sool, magusaine (sukraloos).<\/span><o:p><\/o:p><\/p>\n<p class=\"MsoNormal\">Toitumisalane teave (100g):<br \/> \u2013 Energia 1587 kj \/ 374 kcal;<br \/> \u2013 Rasvad 2.4 g (millest k\u00fcllastunud rasvhapped 0.4 g);<br \/> \u2013 S\u00fcsivesikud 2.5 g (millest suhkrud 0.6 g);<br \/> \u2013 Kiudained 1.3 g;<br \/> \u2013 Valgud 85 g;<br \/> \u2013 Sool 0,65 g.<o:p><\/o:p><\/p>\n<p class=\"MsoNormal\"><b>Pina Colada<\/b><o:p><\/o:p><\/p>\n<p class=\"MsoNormal\"><span style=\"font-size: 9px;\">Koostis:&nbsp;vadakuvalgu&nbsp;isolaat (sisaldab&nbsp;sojaletsitiin), sidrunhape, paksendajad (naatriumkarboks\u00fcmet\u00fc\u00fcltselluloos), maitse- ja l\u00f5hnaained, paakumisvastased ained (kaltsiumfosfaat, amorfne r\u00e4nidioksiid), sool, magusaine (sukraloos), toiduv\u00e4rv (kurkumiin).<\/span><o:p><\/o:p><\/p>\n<p class=\"MsoNormal\">Toitumisalane teave (100g):<br \/> \u2013 Energia 1533 kj \/ 361 kcal;<br \/> \u2013 Rasvad 1 g (millest k\u00fcllastunud rasvhapped 0.7 g);<br \/> \u2013 S\u00fcsivesikud 1.8 g (millest suhkrud 1.2 g);<br \/> \u2013 Kiudained 0.8 g;<br \/> \u2013 Valgud 85 g;<br \/> \u2013 Sool 0,78 g.<o:p><\/o:p><\/p>\n<p class=\"MsoNormal\"><b>Stracciatella<\/b><o:p><\/o:p><\/p>\n<p class=\"MsoNormal\"><span style=\"font-size: 10px;\">Koostis:&nbsp;vadakuvalgu&nbsp;isolaat (sisaldab&nbsp;sojaletsitiin), \u0161okolaadi t\u00fckid (suhkur, kakaomass, kakaov\u00f5i, v\u00e4hendatud rasvasisaldusega kakaopulber, glaseeraine \u2013 talk, emulgaator \u2013 letsitiin, ritsinoolhappe pol\u00fcgl\u00fctseroolestrid), maitse- ja l\u00f5hnaained, paksendajad (naatriumkarboks\u00fcmet\u00fc\u00fcltselluloos), paakumisvastased ained (kaltsiumfosfaat, amorfne r\u00e4nidioksiid), sool, magusaine (sukraloos).<\/span><o:p><\/o:p><\/p>\n<p class=\"MsoNormal\">Toitumisalane teave (100g):<br \/> \u2013 Energia 1550 kj \/ 365 kcal;<br \/> \u2013 Rasvad 1.5 g (millest k\u00fcllastunud rasvhapped 1 g);<br \/> \u2013 S\u00fcsivesikud 3.5 g (millest suhkrud 3.2 g);<br \/> \u2013 Kiudained 0.9 g;<br \/> \u2013 Valgud 84 g;<br \/> \u2013 Sool 0,57 g.<o:p><\/o:p><\/p>\n<p class=\"MsoNormal\"><b>Strawberry-Vanilla<\/b><o:p><\/o:p><\/p>\n<p class=\"MsoNormal\"><span style=\"font-size: 10px;\">Koostis:&nbsp;vadakuvalgu&nbsp;isolaat (sisaldab&nbsp;sojaletsitiin), maitse- ja l\u00f5hnaained (sisaldab&nbsp;piima),&nbsp;vadakupulber, paksendajad (naatriumkarboks\u00fcmet\u00fc\u00fcltselluloos), sidrunhape, sool, magusaine (sukraloos), toiduv\u00e4rv (kurkumiin, karmiin).<\/span><o:p><\/o:p><\/p>\n<p class=\"MsoNormal\">Toitumisalane teave (100g):<br \/> \u2013 Energia 1592 kj \/ 375 kcal;<br \/> \u2013 Rasvad 1.8 g (millest k\u00fcllastunud rasvhapped &lt; 0.1 g);<br \/> \u2013 S\u00fcsivesikud 3.9 g (millest suhkrud 0.9 g);<br \/> \u2013 Kiudained 1 g;<br \/> \u2013 Valgud 85 g;<br \/> \u2013 Sool 0,72 g.<o:p><\/o:p><\/p>\n<p class=\"MsoNormal\"><b>Vanilla<\/b><o:p><\/o:p><\/p>\n<p class=\"MsoNormal\"><span style=\"font-size: 10px;\">Koostis:&nbsp;vadakuvalgu&nbsp;isolaat (sisaldab&nbsp;sojaletsitiin),&nbsp;vadakupulber, maitse- ja l\u00f5hnaained, paksendajad (naatriumkarboks\u00fcmet\u00fc\u00fcltselluloos), sool, magusaine (sukraloos), toiduv\u00e4rv (kurkumiin).<\/span><o:p><\/o:p><\/p>\n<p class=\"MsoNormal\">Toitumisalane teave (100g):<br \/> \u2013 Energia 1594 kj \/ 376 kcal;<br \/> \u2013 Rasvad 1.8 g (millest k\u00fcllastunud rasvhapped &lt; 0.1 g);<br \/> \u2013 S\u00fcsivesikud 4.4 g (millest suhkrud 1.8 g);<br \/> \u2013 Kiudained 1 g;<br \/> \u2013 Valgud 85 g;<br \/> \u2013 Sool 0,55 g.<o:p><\/o:p><\/p>\n<\/p>\n<p class=\"MsoNormal\"><o:p>&nbsp;<\/o:p><\/p>\n","protected":false},"excerpt":{"rendered":"<p>Whey Proteiin isolaat valgupulber 85%-lise valgu (proteiini) sisaldusega joogipulber magusainega on u\u0308lipuhas, t\u00f5eliselt hea maitsega h\u00e4stisegunev valgu (proteiini) pulber. Tegemist on kvaliteetse ning t\u00f5husa lisandiga iga aktiivse inimese toidule. Esmaklassiline toitev\u00e4\u00e4rtus: u\u0308limadal su\u0308sivesikute, suhkrute ning rasva sisaldus. Suurep\u00e4rane maitse ja maitsete valik (cappuccino, stracciatella, \u0161okolaad, vanilje, pina colada, maasika-vanilje). Lahustub v\u00e4ga h\u00e4sti. Puhas ning kvaliteetne, [&hellip;]<\/p>\n","protected":false},"featured_media":825,"comment_status":"open","ping_status":"closed","template":"","meta":{"inline_featured_image":false},"product_cat":[46],"product_tag":[],"class_list":{"0":"post-832","1":"product","2":"type-product","3":"status-publish","4":"has-post-thumbnail","6":"product_cat-vadakuvalk","7":"pa_maitse-cappuccino","8":"pa_maitse-maasikas","9":"pa_maitse-pinacolada","10":"pa_maitse-sokolaad","11":"pa_maitse-stracciatella","12":"pa_maitse-vanilje","14":"first","15":"instock","16":"shipping-taxable","17":"purchasable","18":"product-type-variable"},"yoast_head":"<!-- This site is optimized with the Yoast SEO plugin v27.3 - https:\/\/yoast.com\/product\/yoast-seo-wordpress\/ -->\n<title>365JP Whey Protein Isolate 30g - MyBody.ee - Toidulisandid ja sporditarvikud<\/title>\n<meta name=\"description\" content=\"Whey Proteiin isolaat valgupulber 85%-lise valgu (proteiini) sisaldusega joogipulber magusainega\" \/>\n<meta name=\"robots\" content=\"index, follow, max-snippet:-1, max-image-preview:large, max-video-preview:-1\" \/>\n<link rel=\"canonical\" href=\"https:\/\/mybody5.ee.mybody.ee\/proov\/product\/365jp-whey-protein-isolate-30g\/\" \/>\n<meta property=\"og:locale\" content=\"et_EE\" \/>\n<meta property=\"og:type\" content=\"article\" \/>\n<meta property=\"og:title\" content=\"365JP Whey Protein Isolate 30g - MyBody.ee - Toidulisandid ja sporditarvikud\" \/>\n<meta property=\"og:description\" content=\"Whey Proteiin isolaat valgupulber 85%-lise valgu (proteiini) sisaldusega joogipulber magusainega\" \/>\n<meta property=\"og:url\" content=\"https:\/\/mybody5.ee.mybody.ee\/proov\/product\/365jp-whey-protein-isolate-30g\/\" \/>\n<meta property=\"og:site_name\" content=\"supplero\" \/>\n<meta property=\"article:publisher\" content=\"https:\/\/facebook.com\/MyBody.ee\/\" \/>\n<meta property=\"og:image\" content=\"https:\/\/mybody5.ee.mybody.ee\/proov\/wp-content\/uploads\/2020\/01\/Cappuccino.jpg\" \/>\n\t<meta property=\"og:image:width\" content=\"576\" \/>\n\t<meta property=\"og:image:height\" content=\"787\" \/>\n\t<meta property=\"og:image:type\" content=\"image\/jpeg\" \/>\n<meta name=\"twitter:card\" content=\"summary_large_image\" \/>\n<meta name=\"twitter:label1\" content=\"Est. reading time\" \/>\n\t<meta name=\"twitter:data1\" content=\"2 minutit\" \/>\n<script type=\"application\/ld+json\" class=\"yoast-schema-graph\">{\"@context\":\"https:\\\/\\\/schema.org\",\"@graph\":[{\"@type\":\"WebPage\",\"@id\":\"https:\\\/\\\/mybody5.ee.mybody.ee\\\/proov\\\/product\\\/365jp-whey-protein-isolate-30g\\\/\",\"url\":\"https:\\\/\\\/mybody5.ee.mybody.ee\\\/proov\\\/product\\\/365jp-whey-protein-isolate-30g\\\/\",\"name\":\"365JP Whey Protein Isolate 30g - MyBody.ee - Toidulisandid ja sporditarvikud\",\"isPartOf\":{\"@id\":\"https:\\\/\\\/mybody5.ee.mybody.ee\\\/proov\\\/#website\"},\"primaryImageOfPage\":{\"@id\":\"https:\\\/\\\/mybody5.ee.mybody.ee\\\/proov\\\/product\\\/365jp-whey-protein-isolate-30g\\\/#primaryimage\"},\"image\":{\"@id\":\"https:\\\/\\\/mybody5.ee.mybody.ee\\\/proov\\\/product\\\/365jp-whey-protein-isolate-30g\\\/#primaryimage\"},\"thumbnailUrl\":\"https:\\\/\\\/mybody5.ee.mybody.ee\\\/proov\\\/wp-content\\\/uploads\\\/2020\\\/01\\\/Cappuccino.jpg\",\"datePublished\":\"2020-01-10T15:24:26+00:00\",\"description\":\"Whey Proteiin isolaat valgupulber 85%-lise valgu (proteiini) sisaldusega joogipulber magusainega\",\"breadcrumb\":{\"@id\":\"https:\\\/\\\/mybody5.ee.mybody.ee\\\/proov\\\/product\\\/365jp-whey-protein-isolate-30g\\\/#breadcrumb\"},\"inLanguage\":\"et\",\"potentialAction\":[{\"@type\":\"ReadAction\",\"target\":[\"https:\\\/\\\/mybody5.ee.mybody.ee\\\/proov\\\/product\\\/365jp-whey-protein-isolate-30g\\\/\"]}]},{\"@type\":\"ImageObject\",\"inLanguage\":\"et\",\"@id\":\"https:\\\/\\\/mybody5.ee.mybody.ee\\\/proov\\\/product\\\/365jp-whey-protein-isolate-30g\\\/#primaryimage\",\"url\":\"https:\\\/\\\/mybody5.ee.mybody.ee\\\/proov\\\/wp-content\\\/uploads\\\/2020\\\/01\\\/Cappuccino.jpg\",\"contentUrl\":\"https:\\\/\\\/mybody5.ee.mybody.ee\\\/proov\\\/wp-content\\\/uploads\\\/2020\\\/01\\\/Cappuccino.jpg\",\"width\":576,\"height\":787,\"caption\":\"365JP Whey Protein Isolate 30g\"},{\"@type\":\"BreadcrumbList\",\"@id\":\"https:\\\/\\\/mybody5.ee.mybody.ee\\\/proov\\\/product\\\/365jp-whey-protein-isolate-30g\\\/#breadcrumb\",\"itemListElement\":[{\"@type\":\"ListItem\",\"position\":1,\"name\":\"Home\",\"item\":\"https:\\\/\\\/mybody5.ee.mybody.ee\\\/proov\\\/\"},{\"@type\":\"ListItem\",\"position\":2,\"name\":\"Shop\",\"item\":\"https:\\\/\\\/mybody5.ee.mybody.ee\\\/proov\\\/shop\\\/\"},{\"@type\":\"ListItem\",\"position\":3,\"name\":\"365JP Whey Protein Isolate 30g\"}]},{\"@type\":\"WebSite\",\"@id\":\"https:\\\/\\\/mybody5.ee.mybody.ee\\\/proov\\\/#website\",\"url\":\"https:\\\/\\\/mybody5.ee.mybody.ee\\\/proov\\\/\",\"name\":\"MyBody.ee - Toidulisandid ja sporditarvikud\",\"description\":\"Just another WordPress site\",\"publisher\":{\"@id\":\"https:\\\/\\\/mybody5.ee.mybody.ee\\\/proov\\\/#organization\"},\"potentialAction\":[{\"@type\":\"SearchAction\",\"target\":{\"@type\":\"EntryPoint\",\"urlTemplate\":\"https:\\\/\\\/mybody5.ee.mybody.ee\\\/proov\\\/?s={search_term_string}\"},\"query-input\":{\"@type\":\"PropertyValueSpecification\",\"valueRequired\":true,\"valueName\":\"search_term_string\"}}],\"inLanguage\":\"et\"},{\"@type\":\"Organization\",\"@id\":\"https:\\\/\\\/mybody5.ee.mybody.ee\\\/proov\\\/#organization\",\"name\":\"MyBody.ee\",\"url\":\"https:\\\/\\\/mybody5.ee.mybody.ee\\\/proov\\\/\",\"logo\":{\"@type\":\"ImageObject\",\"inLanguage\":\"et\",\"@id\":\"https:\\\/\\\/mybody5.ee.mybody.ee\\\/proov\\\/#\\\/schema\\\/logo\\\/image\\\/\",\"url\":\"https:\\\/\\\/mybody5.ee.mybody.ee\\\/proov\\\/wp-content\\\/uploads\\\/2023\\\/11\\\/mybody_logo_h65-2.png\",\"contentUrl\":\"https:\\\/\\\/mybody5.ee.mybody.ee\\\/proov\\\/wp-content\\\/uploads\\\/2023\\\/11\\\/mybody_logo_h65-2.png\",\"width\":229,\"height\":65,\"caption\":\"MyBody.ee\"},\"image\":{\"@id\":\"https:\\\/\\\/mybody5.ee.mybody.ee\\\/proov\\\/#\\\/schema\\\/logo\\\/image\\\/\"},\"sameAs\":[\"https:\\\/\\\/facebook.com\\\/MyBody.ee\\\/\"]}]}<\/script>\n<!-- \/ Yoast SEO plugin. -->","yoast_head_json":{"title":"365JP Whey Protein Isolate 30g - MyBody.ee - Toidulisandid ja sporditarvikud","description":"Whey Proteiin isolaat valgupulber 85%-lise valgu (proteiini) sisaldusega joogipulber magusainega","robots":{"index":"index","follow":"follow","max-snippet":"max-snippet:-1","max-image-preview":"max-image-preview:large","max-video-preview":"max-video-preview:-1"},"canonical":"https:\/\/mybody5.ee.mybody.ee\/proov\/product\/365jp-whey-protein-isolate-30g\/","og_locale":"et_EE","og_type":"article","og_title":"365JP Whey Protein Isolate 30g - MyBody.ee - Toidulisandid ja sporditarvikud","og_description":"Whey Proteiin isolaat valgupulber 85%-lise valgu (proteiini) sisaldusega joogipulber magusainega","og_url":"https:\/\/mybody5.ee.mybody.ee\/proov\/product\/365jp-whey-protein-isolate-30g\/","og_site_name":"supplero","article_publisher":"https:\/\/facebook.com\/MyBody.ee\/","og_image":[{"width":576,"height":787,"url":"https:\/\/mybody5.ee.mybody.ee\/proov\/wp-content\/uploads\/2020\/01\/Cappuccino.jpg","type":"image\/jpeg"}],"twitter_card":"summary_large_image","twitter_misc":{"Est. reading time":"2 minutit"},"schema":{"@context":"https:\/\/schema.org","@graph":[{"@type":"WebPage","@id":"https:\/\/mybody5.ee.mybody.ee\/proov\/product\/365jp-whey-protein-isolate-30g\/","url":"https:\/\/mybody5.ee.mybody.ee\/proov\/product\/365jp-whey-protein-isolate-30g\/","name":"365JP Whey Protein Isolate 30g - MyBody.ee - Toidulisandid ja sporditarvikud","isPartOf":{"@id":"https:\/\/mybody5.ee.mybody.ee\/proov\/#website"},"primaryImageOfPage":{"@id":"https:\/\/mybody5.ee.mybody.ee\/proov\/product\/365jp-whey-protein-isolate-30g\/#primaryimage"},"image":{"@id":"https:\/\/mybody5.ee.mybody.ee\/proov\/product\/365jp-whey-protein-isolate-30g\/#primaryimage"},"thumbnailUrl":"https:\/\/mybody5.ee.mybody.ee\/proov\/wp-content\/uploads\/2020\/01\/Cappuccino.jpg","datePublished":"2020-01-10T15:24:26+00:00","description":"Whey Proteiin isolaat valgupulber 85%-lise valgu (proteiini) sisaldusega joogipulber magusainega","breadcrumb":{"@id":"https:\/\/mybody5.ee.mybody.ee\/proov\/product\/365jp-whey-protein-isolate-30g\/#breadcrumb"},"inLanguage":"et","potentialAction":[{"@type":"ReadAction","target":["https:\/\/mybody5.ee.mybody.ee\/proov\/product\/365jp-whey-protein-isolate-30g\/"]}]},{"@type":"ImageObject","inLanguage":"et","@id":"https:\/\/mybody5.ee.mybody.ee\/proov\/product\/365jp-whey-protein-isolate-30g\/#primaryimage","url":"https:\/\/mybody5.ee.mybody.ee\/proov\/wp-content\/uploads\/2020\/01\/Cappuccino.jpg","contentUrl":"https:\/\/mybody5.ee.mybody.ee\/proov\/wp-content\/uploads\/2020\/01\/Cappuccino.jpg","width":576,"height":787,"caption":"365JP Whey Protein Isolate 30g"},{"@type":"BreadcrumbList","@id":"https:\/\/mybody5.ee.mybody.ee\/proov\/product\/365jp-whey-protein-isolate-30g\/#breadcrumb","itemListElement":[{"@type":"ListItem","position":1,"name":"Home","item":"https:\/\/mybody5.ee.mybody.ee\/proov\/"},{"@type":"ListItem","position":2,"name":"Shop","item":"https:\/\/mybody5.ee.mybody.ee\/proov\/shop\/"},{"@type":"ListItem","position":3,"name":"365JP Whey Protein Isolate 30g"}]},{"@type":"WebSite","@id":"https:\/\/mybody5.ee.mybody.ee\/proov\/#website","url":"https:\/\/mybody5.ee.mybody.ee\/proov\/","name":"MyBody.ee - Toidulisandid ja sporditarvikud","description":"Just another WordPress site","publisher":{"@id":"https:\/\/mybody5.ee.mybody.ee\/proov\/#organization"},"potentialAction":[{"@type":"SearchAction","target":{"@type":"EntryPoint","urlTemplate":"https:\/\/mybody5.ee.mybody.ee\/proov\/?s={search_term_string}"},"query-input":{"@type":"PropertyValueSpecification","valueRequired":true,"valueName":"search_term_string"}}],"inLanguage":"et"},{"@type":"Organization","@id":"https:\/\/mybody5.ee.mybody.ee\/proov\/#organization","name":"MyBody.ee","url":"https:\/\/mybody5.ee.mybody.ee\/proov\/","logo":{"@type":"ImageObject","inLanguage":"et","@id":"https:\/\/mybody5.ee.mybody.ee\/proov\/#\/schema\/logo\/image\/","url":"https:\/\/mybody5.ee.mybody.ee\/proov\/wp-content\/uploads\/2023\/11\/mybody_logo_h65-2.png","contentUrl":"https:\/\/mybody5.ee.mybody.ee\/proov\/wp-content\/uploads\/2023\/11\/mybody_logo_h65-2.png","width":229,"height":65,"caption":"MyBody.ee"},"image":{"@id":"https:\/\/mybody5.ee.mybody.ee\/proov\/#\/schema\/logo\/image\/"},"sameAs":["https:\/\/facebook.com\/MyBody.ee\/"]}]}},"_links":{"self":[{"href":"https:\/\/mybody5.ee.mybody.ee\/proov\/wp-json\/wp\/v2\/product\/832","targetHints":{"allow":["GET"]}}],"collection":[{"href":"https:\/\/mybody5.ee.mybody.ee\/proov\/wp-json\/wp\/v2\/product"}],"about":[{"href":"https:\/\/mybody5.ee.mybody.ee\/proov\/wp-json\/wp\/v2\/types\/product"}],"replies":[{"embeddable":true,"href":"https:\/\/mybody5.ee.mybody.ee\/proov\/wp-json\/wp\/v2\/comments?post=832"}],"wp:featuredmedia":[{"embeddable":true,"href":"https:\/\/mybody5.ee.mybody.ee\/proov\/wp-json\/wp\/v2\/media\/825"}],"wp:attachment":[{"href":"https:\/\/mybody5.ee.mybody.ee\/proov\/wp-json\/wp\/v2\/media?parent=832"}],"wp:term":[{"taxonomy":"product_cat","embeddable":true,"href":"https:\/\/mybody5.ee.mybody.ee\/proov\/wp-json\/wp\/v2\/product_cat?post=832"},{"taxonomy":"product_tag","embeddable":true,"href":"https:\/\/mybody5.ee.mybody.ee\/proov\/wp-json\/wp\/v2\/product_tag?post=832"}],"curies":[{"name":"wp","href":"https:\/\/api.w.org\/{rel}","templated":true}]}}