{"id":844,"date":"2020-01-29T12:37:26","date_gmt":"2020-01-29T12:37:26","guid":{"rendered":"https:\/\/mybody5.ee.mybody.ee\/proov\/product\/puhtas-valguisolaadist-valmisjook-all-stars-isowhey\/"},"modified":"2020-01-29T12:37:26","modified_gmt":"2020-01-29T12:37:26","slug":"puhtas-valguisolaadist-valmisjook-all-stars-isowhey","status":"publish","type":"product","link":"https:\/\/mybody5.ee.mybody.ee\/proov\/product\/puhtas-valguisolaadist-valmisjook-all-stars-isowhey\/","title":{"rendered":"Puhtas valguisolaadist valmisjook &#8211; All Stars Isowhey"},"content":{"rendered":"<p style=\"outline: 0px; margin-bottom: 10px;\"><span style=\"outline: 0px;\"><b>All Stars Isowhey<\/b><\/span>&nbsp;valguisolaat&nbsp;on puhtast valguisolaadist valmistatud k\u00f5rge valgusisaldusega jook.&nbsp;\u00dcks annus sisaldab 30g puhast valguisolaati, mis imendub kiiremini ja paremini kui tavaline piimavalk. Jook on m\u00f5nusalt mahlase ja troopilise maitsega, mis on mugavas k\u00e4ep\u00e4rases pakendis. Jook on&nbsp;aktoosi-, gluteeni- ja suhkruvaba ning t\u00e4iesti rasvatu.<\/p>\n<ul>\n<li style=\"outline: 0px; margin-bottom: 10px;\">500ml puhast valgujooki<\/li>\n<li style=\"outline: 0px; margin-bottom: 10px;\">8670mg BCAA&#8217;d<\/li>\n<li style=\"outline: 0px; margin-bottom: 10px;\">laktoosi-, gluteeni- ja suhkruvaba<\/li>\n<li style=\"outline: 0px; margin-bottom: 10px;\">0g s\u00fcsivesikuid ja rasvu<\/li>\n<\/ul>\n<h3 style=\"outline: 0px; margin-bottom: 10px;\">Kasutamine<\/h3>\n<p style=\"outline: 0px; margin-bottom: 10px;\">Sobib h\u00e4sti vahepalaks v\u00f5i enne ja peale treeningut taastumiseks. Hea valik dieettooteks.&nbsp;<\/p>\n<h3 style=\"outline: 0px; margin-bottom: 10px;\">Kellele sobib?<\/h3>\n<p style=\"outline: 0px; margin-bottom: 10px;\"><span style=\"text-align: justify;\">All Stars Isowhey&nbsp;sobib kasutamiseks k\u00f5ikide spordialada harrastajatele, kes peavad lugu mitmek\u00fclgsest k\u00f5rgkvaliteedilisest proteiinitootest. Sobib lisavalguna enne ja p\u00e4rast treeningut ning valguvajaduse katmiseks p\u00e4eva jooksul. Aitab taastuda rasketest treeningutest.<\/span><\/p>\n<p style=\"outline: 0px; margin-bottom: 10px;\">\n<h3><span style=\"text-align: justify;\">Pakend: <span style=\"font-size: 14px;\">500ml<\/span><\/span><\/h3>\n<h3><span style=\"text-align: justify;\">Maitsed: <span style=\"font-size: 14px;\">metsamarja, pinacolada, veriapelsin<\/span><\/span><\/h3>\n<\/p>\n<table class=\"MsoNormalTable\" border=\"1\" cellspacing=\"0\" cellpadding=\"0\" width=\"499\" style=\"width: 374pt;\">\n<tbody>\n<tr style=\"mso-yfti-irow:0;mso-yfti-firstrow:yes;height:10.95pt\">\n<td style=\"padding:0cm 0cm 0cm 0cm;height:10.95pt\">\n<p class=\"MsoNormal\" style=\"margin-bottom:0cm;margin-bottom:.0001pt;line-height:   normal\"><b><span style=\"font-size: 10pt; font-family: Arial, sans-serif;\">Toitev\u00e4\u00e4rtus:<\/span><\/b><span style=\"font-size: 10pt; font-family: Arial, sans-serif;\"><o:p><\/o:p><\/span><\/p>\n<\/td>\n<td style=\"padding:0cm 0cm 0cm 0cm;height:10.95pt\">\n<p class=\"MsoNormal\" style=\"margin-bottom:0cm;margin-bottom:.0001pt;line-height:   normal\"><b><span style=\"font-size: 10pt; font-family: Arial, sans-serif;\">100ml<\/span><\/b><span style=\"font-size: 10pt; font-family: Arial, sans-serif;\"><o:p><\/o:p><\/span><\/p>\n<\/td>\n<td style=\"padding:0cm 0cm 0cm 0cm;height:10.95pt\">\n<p class=\"MsoNormal\" style=\"margin-bottom:0cm;margin-bottom:.0001pt;line-height:   normal\"><b><span style=\"font-size: 10pt; font-family: Arial, sans-serif;\">500ml<\/span><\/b><span style=\"font-size: 10pt; font-family: Arial, sans-serif;\"><o:p><\/o:p><\/span><\/p>\n<\/td>\n<\/tr>\n<tr style=\"mso-yfti-irow:1;height:10.55pt\">\n<td style=\"padding:0cm 0cm 0cm 0cm;height:10.55pt\">\n<p class=\"MsoNormal\" style=\"margin-bottom:0cm;margin-bottom:.0001pt;line-height:   normal\"><span style=\"font-size: 10pt; font-family: Arial, sans-serif;\">Energiat<o:p><\/o:p><\/span><\/p>\n<\/td>\n<td style=\"padding:0cm 0cm 0cm 0cm;height:10.55pt\">\n<p class=\"MsoNormal\" style=\"margin-bottom:0cm;margin-bottom:.0001pt;line-height:   normal\"><span style=\"font-size: 10pt; font-family: Arial, sans-serif;\">24 kcal\/104KJ<o:p><\/o:p><\/span><\/p>\n<\/td>\n<td style=\"padding:0cm 0cm 0cm 0cm;height:10.55pt\">\n<p class=\"MsoNormal\" style=\"margin-bottom:0cm;margin-bottom:.0001pt;line-height:   normal\"><span style=\"font-size: 10pt; font-family: Arial, sans-serif;\">122 kcal\/520KJ<o:p><\/o:p><\/span><\/p>\n<\/td>\n<\/tr>\n<tr style=\"mso-yfti-irow:2;height:10.95pt\">\n<td style=\"padding:0cm 0cm 0cm 0cm;height:10.95pt\">\n<p class=\"MsoNormal\" style=\"margin-bottom:0cm;margin-bottom:.0001pt;line-height:   normal\"><span style=\"font-size: 10pt; font-family: Arial, sans-serif;\">Valk<o:p><\/o:p><\/span><\/p>\n<\/td>\n<td style=\"padding:0cm 0cm 0cm 0cm;height:10.95pt\">\n<p class=\"MsoNormal\" style=\"margin-bottom:0cm;margin-bottom:.0001pt;line-height:   normal\"><span style=\"font-size: 10pt; font-family: Arial, sans-serif;\">6 g<o:p><\/o:p><\/span><\/p>\n<\/td>\n<td style=\"padding:0cm 0cm 0cm 0cm;height:10.95pt\">\n<p class=\"MsoNormal\" style=\"margin-bottom:0cm;margin-bottom:.0001pt;line-height:   normal\"><span style=\"font-size: 10pt; font-family: Arial, sans-serif;\">30 g<o:p><\/o:p><\/span><\/p>\n<\/td>\n<\/tr>\n<tr style=\"mso-yfti-irow:3;height:10.55pt\">\n<td style=\"padding:0cm 0cm 0cm 0cm;height:10.55pt\">\n<p class=\"MsoNormal\" style=\"margin-bottom:0cm;margin-bottom:.0001pt;line-height:   normal\"><span style=\"font-size: 10pt; font-family: Arial, sans-serif;\">S\u00fcsivesikud<o:p><\/o:p><\/span><\/p>\n<\/td>\n<td style=\"padding:0cm 0cm 0cm 0cm;height:10.55pt\">\n<p class=\"MsoNormal\" style=\"margin-bottom:0cm;margin-bottom:.0001pt;line-height:   normal\"><span style=\"font-size: 10pt; font-family: Arial, sans-serif;\">0 g<o:p><\/o:p><\/span><\/p>\n<\/td>\n<td style=\"padding:0cm 0cm 0cm 0cm;height:10.55pt\">\n<p class=\"MsoNormal\" style=\"margin-bottom:0cm;margin-bottom:.0001pt;line-height:   normal\"><span style=\"font-size: 10pt; font-family: Arial, sans-serif;\">0 g<o:p><\/o:p><\/span><\/p>\n<\/td>\n<\/tr>\n<tr style=\"mso-yfti-irow:4;height:10.95pt\">\n<td style=\"padding:0cm 0cm 0cm 0cm;height:10.95pt\">\n<p class=\"MsoNormal\" style=\"margin-bottom:0cm;margin-bottom:.0001pt;line-height:   normal\"><span style=\"font-size: 10pt; font-family: Arial, sans-serif;\">Rasv<o:p><\/o:p><\/span><\/p>\n<\/td>\n<td style=\"padding:0cm 0cm 0cm 0cm;height:10.95pt\">\n<p class=\"MsoNormal\" style=\"margin-bottom:0cm;margin-bottom:.0001pt;line-height:   normal\"><span style=\"font-size: 10pt; font-family: Arial, sans-serif;\">0 g<o:p><\/o:p><\/span><\/p>\n<\/td>\n<td style=\"padding:0cm 0cm 0cm 0cm;height:10.95pt\">\n<p class=\"MsoNormal\" style=\"margin-bottom:0cm;margin-bottom:.0001pt;line-height:   normal\"><span style=\"font-size: 10pt; font-family: Arial, sans-serif;\">0 g<o:p><\/o:p><\/span><\/p>\n<\/td>\n<\/tr>\n<tr style=\"mso-yfti-irow:5;height:10.55pt\">\n<td style=\"padding:0cm 0cm 0cm 0cm;height:10.55pt\">\n<p class=\"MsoNormal\" style=\"margin-bottom:0cm;margin-bottom:.0001pt;line-height:   normal\"><span style=\"font-size: 10pt; font-family: Arial, sans-serif;\">Kiudaineid<o:p><\/o:p><\/span><\/p>\n<\/td>\n<td style=\"padding:0cm 0cm 0cm 0cm;height:10.55pt\">\n<p class=\"MsoNormal\" style=\"margin-bottom:0cm;margin-bottom:.0001pt;line-height:   normal\"><span style=\"font-size: 10pt; font-family: Arial, sans-serif;\">0 g<o:p><\/o:p><\/span><\/p>\n<\/td>\n<td style=\"padding:0cm 0cm 0cm 0cm;height:10.55pt\">\n<p class=\"MsoNormal\" style=\"margin-bottom:0cm;margin-bottom:.0001pt;line-height:   normal\"><span style=\"font-size: 10pt; font-family: Arial, sans-serif;\">0 g<o:p><\/o:p><\/span><\/p>\n<\/td>\n<\/tr>\n<tr style=\"mso-yfti-irow:6;height:10.95pt\">\n<td style=\"padding:0cm 0cm 0cm 0cm;height:10.95pt\">\n<p class=\"MsoNormal\" style=\"margin-bottom:0cm;margin-bottom:.0001pt;line-height:   normal\"><span style=\"font-size: 10pt; font-family: Arial, sans-serif;\">Naatriumit<o:p><\/o:p><\/span><\/p>\n<\/td>\n<td style=\"padding:0cm 0cm 0cm 0cm;height:10.95pt\">\n<p class=\"MsoNormal\" style=\"margin-bottom:0cm;margin-bottom:.0001pt;line-height:   normal\"><span style=\"font-size: 10pt; font-family: Arial, sans-serif;\">0 g<o:p><\/o:p><\/span><\/p>\n<\/td>\n<td style=\"padding:0cm 0cm 0cm 0cm;height:10.95pt\">\n<p class=\"MsoNormal\" style=\"margin-bottom:0cm;margin-bottom:.0001pt;line-height:   normal\"><span style=\"font-size: 10pt; font-family: Arial, sans-serif;\">0 g<o:p><\/o:p><\/span><\/p>\n<\/td>\n<\/tr>\n<tr style=\"mso-yfti-irow:7;height:10.55pt\">\n<td style=\"padding:0cm 0cm 0cm 0cm;height:10.55pt\">\n<p class=\"MsoNormal\" style=\"margin-bottom:0cm;margin-bottom:.0001pt;line-height:   normal\"><span style=\"font-size: 10pt; font-family: Arial, sans-serif;\">Leutsiin<o:p><\/o:p><\/span><\/p>\n<\/td>\n<td style=\"padding:0cm 0cm 0cm 0cm;height:10.55pt\">\n<p class=\"MsoNormal\" style=\"margin-bottom:0cm;margin-bottom:.0001pt;line-height:   normal\"><span style=\"font-size: 10pt; font-family: Arial, sans-serif;\">690 mg<o:p><\/o:p><\/span><\/p>\n<\/td>\n<td style=\"padding:0cm 0cm 0cm 0cm;height:10.55pt\">\n<p class=\"MsoNormal\" style=\"margin-bottom:0cm;margin-bottom:.0001pt;line-height:   normal\"><span style=\"font-size: 10pt; font-family: Arial, sans-serif;\">3450 mg<o:p><\/o:p><\/span><\/p>\n<\/td>\n<\/tr>\n<tr style=\"mso-yfti-irow:8;height:10.95pt\">\n<td style=\"padding:0cm 0cm 0cm 0cm;height:10.95pt\">\n<p class=\"MsoNormal\" style=\"margin-bottom:0cm;margin-bottom:.0001pt;line-height:   normal\"><span style=\"font-size: 10pt; font-family: Arial, sans-serif;\">L\u00fcsiin<o:p><\/o:p><\/span><\/p>\n<\/td>\n<td style=\"padding:0cm 0cm 0cm 0cm;height:10.95pt\">\n<p class=\"MsoNormal\" style=\"margin-bottom:0cm;margin-bottom:.0001pt;line-height:   normal\"><span style=\"font-size: 10pt; font-family: Arial, sans-serif;\">618 mg<o:p><\/o:p><\/span><\/p>\n<\/td>\n<td style=\"padding:0cm 0cm 0cm 0cm;height:10.95pt\">\n<p class=\"MsoNormal\" style=\"margin-bottom:0cm;margin-bottom:.0001pt;line-height:   normal\"><span style=\"font-size: 10pt; font-family: Arial, sans-serif;\">3090 mg<o:p><\/o:p><\/span><\/p>\n<\/td>\n<\/tr>\n<tr style=\"mso-yfti-irow:9;height:10.55pt\">\n<td style=\"padding:0cm 0cm 0cm 0cm;height:10.55pt\">\n<p class=\"MsoNormal\" style=\"margin-bottom:0cm;margin-bottom:.0001pt;line-height:   normal\"><span style=\"font-size: 10pt; font-family: Arial, sans-serif;\">Valiin<o:p><\/o:p><\/span><\/p>\n<\/td>\n<td style=\"padding:0cm 0cm 0cm 0cm;height:10.55pt\">\n<p class=\"MsoNormal\" style=\"margin-bottom:0cm;margin-bottom:.0001pt;line-height:   normal\"><span style=\"font-size: 10pt; font-family: Arial, sans-serif;\">378 mg<o:p><\/o:p><\/span><\/p>\n<\/td>\n<td style=\"padding:0cm 0cm 0cm 0cm;height:10.55pt\">\n<p class=\"MsoNormal\" style=\"margin-bottom:0cm;margin-bottom:.0001pt;line-height:   normal\"><span style=\"font-size: 10pt; font-family: Arial, sans-serif;\">1890 mg<o:p><\/o:p><\/span><\/p>\n<\/td>\n<\/tr>\n<tr style=\"mso-yfti-irow:10;height:10.95pt\">\n<td style=\"padding:0cm 0cm 0cm 0cm;height:10.95pt\">\n<p class=\"MsoNormal\" style=\"margin-bottom:0cm;margin-bottom:.0001pt;line-height:   normal\"><span style=\"font-size: 10pt; font-family: Arial, sans-serif;\">Arginiin<o:p><\/o:p><\/span><\/p>\n<\/td>\n<td style=\"padding:0cm 0cm 0cm 0cm;height:10.95pt\">\n<p class=\"MsoNormal\" style=\"margin-bottom:0cm;margin-bottom:.0001pt;line-height:   normal\"><span style=\"font-size: 10pt; font-family: Arial, sans-serif;\">132 mg<o:p><\/o:p><\/span><\/p>\n<\/td>\n<td style=\"padding:0cm 0cm 0cm 0cm;height:10.95pt\">\n<p class=\"MsoNormal\" style=\"margin-bottom:0cm;margin-bottom:.0001pt;line-height:   normal\"><span style=\"font-size: 10pt; font-family: Arial, sans-serif;\">660 mg<o:p><\/o:p><\/span><\/p>\n<\/td>\n<\/tr>\n<tr style=\"mso-yfti-irow:11;mso-yfti-lastrow:yes;height:64.95pt\">\n<td colspan=\"3\" style=\"padding:0cm 0cm 0cm 0cm;height:64.95pt\">\n<p class=\"MsoNormal\"><span style=\"font-family:&quot;Arial&quot;,&quot;sans-serif&quot;\"><span style=\"font-size: 10px;\"><b>Koostis:<\/b>   vesi, maitseained, vavakuvalgu isolaat 6,9%, s\u00e4ilitusaine kaaliumsorbaat,   happesuseregulaator sidrunhape, happesuseregulaator fosforhape, magusained&nbsp;atsesulfaam-K   ja sukraloos, v\u00e4rvaine (apelsinimaitselisel: oran\u017ekollane S, vahustaja,   alurra punane AC).<\/span><o:p><\/o:p><\/span><\/p>\n<\/td>\n<\/tr>\n<\/tbody>\n<\/table>\n","protected":false},"excerpt":{"rendered":"<p>All Stars Isowhey&nbsp;valguisolaat&nbsp;on puhtast valguisolaadist valmistatud k\u00f5rge valgusisaldusega jook.&nbsp;\u00dcks annus sisaldab 30g puhast valguisolaati, mis imendub kiiremini ja paremini kui tavaline piimavalk. Jook on m\u00f5nusalt mahlase ja troopilise maitsega, mis on mugavas k\u00e4ep\u00e4rases pakendis. Jook on&nbsp;aktoosi-, gluteeni- ja suhkruvaba ning t\u00e4iesti rasvatu. 500ml puhast valgujooki 8670mg BCAA&#8217;d laktoosi-, gluteeni- ja suhkruvaba 0g s\u00fcsivesikuid ja rasvu [&hellip;]<\/p>\n","protected":false},"featured_media":0,"comment_status":"open","ping_status":"closed","template":"","meta":{"inline_featured_image":false},"product_cat":[18,47,27],"product_tag":[],"class_list":{"0":"post-844","1":"product","2":"type-product","3":"status-publish","5":"product_cat-batoonid-vahepalad-ee","6":"product_cat-muud-valgud","7":"product_cat-proteiinid","8":"pa_maitse-apelsin","9":"pa_maitse-metsamarja","10":"pa_maitse-pinacolada","12":"first","13":"instock","14":"shipping-taxable","15":"purchasable","16":"product-type-variable"},"yoast_head":"<!-- This site is optimized with the Yoast SEO plugin v27.3 - https:\/\/yoast.com\/product\/yoast-seo-wordpress\/ -->\n<title>Puhtas valguisolaadist valmisjook - All Stars Isowhey<\/title>\n<meta name=\"robots\" content=\"index, follow, max-snippet:-1, max-image-preview:large, max-video-preview:-1\" \/>\n<link rel=\"canonical\" href=\"https:\/\/mybody5.ee.mybody.ee\/proov\/product\/puhtas-valguisolaadist-valmisjook-all-stars-isowhey\/\" \/>\n<meta property=\"og:locale\" content=\"et_EE\" \/>\n<meta property=\"og:type\" content=\"article\" \/>\n<meta property=\"og:title\" content=\"Puhtas valguisolaadist valmisjook - All Stars Isowhey\" \/>\n<meta property=\"og:description\" content=\"All Stars Isowhey&nbsp;valguisolaat&nbsp;on puhtast valguisolaadist valmistatud k\u00f5rge valgusisaldusega jook.&nbsp;\u00dcks annus sisaldab 30g puhast valguisolaati, mis imendub kiiremini ja paremini kui tavaline piimavalk. Jook on m\u00f5nusalt mahlase ja troopilise maitsega, mis on mugavas k\u00e4ep\u00e4rases pakendis. Jook on&nbsp;aktoosi-, gluteeni- ja suhkruvaba ning t\u00e4iesti rasvatu. 500ml puhast valgujooki 8670mg BCAA&#8217;d laktoosi-, gluteeni- ja suhkruvaba 0g s\u00fcsivesikuid ja rasvu [&hellip;]\" \/>\n<meta property=\"og:url\" content=\"https:\/\/mybody5.ee.mybody.ee\/proov\/product\/puhtas-valguisolaadist-valmisjook-all-stars-isowhey\/\" \/>\n<meta property=\"og:site_name\" content=\"supplero\" \/>\n<meta property=\"article:publisher\" content=\"https:\/\/facebook.com\/MyBody.ee\/\" \/>\n<meta property=\"og:image\" content=\"https:\/\/mybody5.ee.mybody.ee\/proov\/wp-content\/uploads\/2023\/11\/mybody_logo_h65.png\" \/>\n\t<meta property=\"og:image:width\" content=\"229\" \/>\n\t<meta property=\"og:image:height\" content=\"65\" \/>\n\t<meta property=\"og:image:type\" content=\"image\/png\" \/>\n<meta name=\"twitter:card\" content=\"summary_large_image\" \/>\n<meta name=\"twitter:label1\" content=\"Est. reading time\" \/>\n\t<meta name=\"twitter:data1\" content=\"1 minut\" \/>\n<script type=\"application\/ld+json\" class=\"yoast-schema-graph\">{\"@context\":\"https:\\\/\\\/schema.org\",\"@graph\":[{\"@type\":\"WebPage\",\"@id\":\"https:\\\/\\\/mybody5.ee.mybody.ee\\\/proov\\\/product\\\/puhtas-valguisolaadist-valmisjook-all-stars-isowhey\\\/\",\"url\":\"https:\\\/\\\/mybody5.ee.mybody.ee\\\/proov\\\/product\\\/puhtas-valguisolaadist-valmisjook-all-stars-isowhey\\\/\",\"name\":\"Puhtas valguisolaadist valmisjook - All Stars Isowhey\",\"isPartOf\":{\"@id\":\"https:\\\/\\\/mybody5.ee.mybody.ee\\\/proov\\\/#website\"},\"datePublished\":\"2020-01-29T12:37:26+00:00\",\"breadcrumb\":{\"@id\":\"https:\\\/\\\/mybody5.ee.mybody.ee\\\/proov\\\/product\\\/puhtas-valguisolaadist-valmisjook-all-stars-isowhey\\\/#breadcrumb\"},\"inLanguage\":\"et\",\"potentialAction\":[{\"@type\":\"ReadAction\",\"target\":[\"https:\\\/\\\/mybody5.ee.mybody.ee\\\/proov\\\/product\\\/puhtas-valguisolaadist-valmisjook-all-stars-isowhey\\\/\"]}]},{\"@type\":\"BreadcrumbList\",\"@id\":\"https:\\\/\\\/mybody5.ee.mybody.ee\\\/proov\\\/product\\\/puhtas-valguisolaadist-valmisjook-all-stars-isowhey\\\/#breadcrumb\",\"itemListElement\":[{\"@type\":\"ListItem\",\"position\":1,\"name\":\"Home\",\"item\":\"https:\\\/\\\/mybody5.ee.mybody.ee\\\/proov\\\/\"},{\"@type\":\"ListItem\",\"position\":2,\"name\":\"Shop\",\"item\":\"https:\\\/\\\/mybody5.ee.mybody.ee\\\/proov\\\/shop\\\/\"},{\"@type\":\"ListItem\",\"position\":3,\"name\":\"Puhtas valguisolaadist valmisjook &#8211; All Stars Isowhey\"}]},{\"@type\":\"WebSite\",\"@id\":\"https:\\\/\\\/mybody5.ee.mybody.ee\\\/proov\\\/#website\",\"url\":\"https:\\\/\\\/mybody5.ee.mybody.ee\\\/proov\\\/\",\"name\":\"MyBody.ee - Toidulisandid ja sporditarvikud\",\"description\":\"Just another WordPress site\",\"publisher\":{\"@id\":\"https:\\\/\\\/mybody5.ee.mybody.ee\\\/proov\\\/#organization\"},\"potentialAction\":[{\"@type\":\"SearchAction\",\"target\":{\"@type\":\"EntryPoint\",\"urlTemplate\":\"https:\\\/\\\/mybody5.ee.mybody.ee\\\/proov\\\/?s={search_term_string}\"},\"query-input\":{\"@type\":\"PropertyValueSpecification\",\"valueRequired\":true,\"valueName\":\"search_term_string\"}}],\"inLanguage\":\"et\"},{\"@type\":\"Organization\",\"@id\":\"https:\\\/\\\/mybody5.ee.mybody.ee\\\/proov\\\/#organization\",\"name\":\"MyBody.ee\",\"url\":\"https:\\\/\\\/mybody5.ee.mybody.ee\\\/proov\\\/\",\"logo\":{\"@type\":\"ImageObject\",\"inLanguage\":\"et\",\"@id\":\"https:\\\/\\\/mybody5.ee.mybody.ee\\\/proov\\\/#\\\/schema\\\/logo\\\/image\\\/\",\"url\":\"https:\\\/\\\/mybody5.ee.mybody.ee\\\/proov\\\/wp-content\\\/uploads\\\/2023\\\/11\\\/mybody_logo_h65-2.png\",\"contentUrl\":\"https:\\\/\\\/mybody5.ee.mybody.ee\\\/proov\\\/wp-content\\\/uploads\\\/2023\\\/11\\\/mybody_logo_h65-2.png\",\"width\":229,\"height\":65,\"caption\":\"MyBody.ee\"},\"image\":{\"@id\":\"https:\\\/\\\/mybody5.ee.mybody.ee\\\/proov\\\/#\\\/schema\\\/logo\\\/image\\\/\"},\"sameAs\":[\"https:\\\/\\\/facebook.com\\\/MyBody.ee\\\/\"]}]}<\/script>\n<!-- \/ Yoast SEO plugin. -->","yoast_head_json":{"title":"Puhtas valguisolaadist valmisjook - All Stars Isowhey","robots":{"index":"index","follow":"follow","max-snippet":"max-snippet:-1","max-image-preview":"max-image-preview:large","max-video-preview":"max-video-preview:-1"},"canonical":"https:\/\/mybody5.ee.mybody.ee\/proov\/product\/puhtas-valguisolaadist-valmisjook-all-stars-isowhey\/","og_locale":"et_EE","og_type":"article","og_title":"Puhtas valguisolaadist valmisjook - All Stars Isowhey","og_description":"All Stars Isowhey&nbsp;valguisolaat&nbsp;on puhtast valguisolaadist valmistatud k\u00f5rge valgusisaldusega jook.&nbsp;\u00dcks annus sisaldab 30g puhast valguisolaati, mis imendub kiiremini ja paremini kui tavaline piimavalk. Jook on m\u00f5nusalt mahlase ja troopilise maitsega, mis on mugavas k\u00e4ep\u00e4rases pakendis. Jook on&nbsp;aktoosi-, gluteeni- ja suhkruvaba ning t\u00e4iesti rasvatu. 500ml puhast valgujooki 8670mg BCAA&#8217;d laktoosi-, gluteeni- ja suhkruvaba 0g s\u00fcsivesikuid ja rasvu [&hellip;]","og_url":"https:\/\/mybody5.ee.mybody.ee\/proov\/product\/puhtas-valguisolaadist-valmisjook-all-stars-isowhey\/","og_site_name":"supplero","article_publisher":"https:\/\/facebook.com\/MyBody.ee\/","og_image":[{"width":229,"height":65,"url":"https:\/\/mybody5.ee.mybody.ee\/proov\/wp-content\/uploads\/2023\/11\/mybody_logo_h65.png","type":"image\/png"}],"twitter_card":"summary_large_image","twitter_misc":{"Est. reading time":"1 minut"},"schema":{"@context":"https:\/\/schema.org","@graph":[{"@type":"WebPage","@id":"https:\/\/mybody5.ee.mybody.ee\/proov\/product\/puhtas-valguisolaadist-valmisjook-all-stars-isowhey\/","url":"https:\/\/mybody5.ee.mybody.ee\/proov\/product\/puhtas-valguisolaadist-valmisjook-all-stars-isowhey\/","name":"Puhtas valguisolaadist valmisjook - All Stars Isowhey","isPartOf":{"@id":"https:\/\/mybody5.ee.mybody.ee\/proov\/#website"},"datePublished":"2020-01-29T12:37:26+00:00","breadcrumb":{"@id":"https:\/\/mybody5.ee.mybody.ee\/proov\/product\/puhtas-valguisolaadist-valmisjook-all-stars-isowhey\/#breadcrumb"},"inLanguage":"et","potentialAction":[{"@type":"ReadAction","target":["https:\/\/mybody5.ee.mybody.ee\/proov\/product\/puhtas-valguisolaadist-valmisjook-all-stars-isowhey\/"]}]},{"@type":"BreadcrumbList","@id":"https:\/\/mybody5.ee.mybody.ee\/proov\/product\/puhtas-valguisolaadist-valmisjook-all-stars-isowhey\/#breadcrumb","itemListElement":[{"@type":"ListItem","position":1,"name":"Home","item":"https:\/\/mybody5.ee.mybody.ee\/proov\/"},{"@type":"ListItem","position":2,"name":"Shop","item":"https:\/\/mybody5.ee.mybody.ee\/proov\/shop\/"},{"@type":"ListItem","position":3,"name":"Puhtas valguisolaadist valmisjook &#8211; All Stars Isowhey"}]},{"@type":"WebSite","@id":"https:\/\/mybody5.ee.mybody.ee\/proov\/#website","url":"https:\/\/mybody5.ee.mybody.ee\/proov\/","name":"MyBody.ee - Toidulisandid ja sporditarvikud","description":"Just another WordPress site","publisher":{"@id":"https:\/\/mybody5.ee.mybody.ee\/proov\/#organization"},"potentialAction":[{"@type":"SearchAction","target":{"@type":"EntryPoint","urlTemplate":"https:\/\/mybody5.ee.mybody.ee\/proov\/?s={search_term_string}"},"query-input":{"@type":"PropertyValueSpecification","valueRequired":true,"valueName":"search_term_string"}}],"inLanguage":"et"},{"@type":"Organization","@id":"https:\/\/mybody5.ee.mybody.ee\/proov\/#organization","name":"MyBody.ee","url":"https:\/\/mybody5.ee.mybody.ee\/proov\/","logo":{"@type":"ImageObject","inLanguage":"et","@id":"https:\/\/mybody5.ee.mybody.ee\/proov\/#\/schema\/logo\/image\/","url":"https:\/\/mybody5.ee.mybody.ee\/proov\/wp-content\/uploads\/2023\/11\/mybody_logo_h65-2.png","contentUrl":"https:\/\/mybody5.ee.mybody.ee\/proov\/wp-content\/uploads\/2023\/11\/mybody_logo_h65-2.png","width":229,"height":65,"caption":"MyBody.ee"},"image":{"@id":"https:\/\/mybody5.ee.mybody.ee\/proov\/#\/schema\/logo\/image\/"},"sameAs":["https:\/\/facebook.com\/MyBody.ee\/"]}]}},"_links":{"self":[{"href":"https:\/\/mybody5.ee.mybody.ee\/proov\/wp-json\/wp\/v2\/product\/844","targetHints":{"allow":["GET"]}}],"collection":[{"href":"https:\/\/mybody5.ee.mybody.ee\/proov\/wp-json\/wp\/v2\/product"}],"about":[{"href":"https:\/\/mybody5.ee.mybody.ee\/proov\/wp-json\/wp\/v2\/types\/product"}],"replies":[{"embeddable":true,"href":"https:\/\/mybody5.ee.mybody.ee\/proov\/wp-json\/wp\/v2\/comments?post=844"}],"wp:attachment":[{"href":"https:\/\/mybody5.ee.mybody.ee\/proov\/wp-json\/wp\/v2\/media?parent=844"}],"wp:term":[{"taxonomy":"product_cat","embeddable":true,"href":"https:\/\/mybody5.ee.mybody.ee\/proov\/wp-json\/wp\/v2\/product_cat?post=844"},{"taxonomy":"product_tag","embeddable":true,"href":"https:\/\/mybody5.ee.mybody.ee\/proov\/wp-json\/wp\/v2\/product_tag?post=844"}],"curies":[{"name":"wp","href":"https:\/\/api.w.org\/{rel}","templated":true}]}}