{"id":850,"date":"2020-02-18T11:38:52","date_gmt":"2020-02-18T11:38:52","guid":{"rendered":"https:\/\/mybody5.ee.mybody.ee\/proov\/product\/suhkruvaba-valgubatoon-maitsvate-kihtidega-all-stars-protein-bar\/"},"modified":"2020-02-18T11:38:52","modified_gmt":"2020-02-18T11:38:52","slug":"suhkruvaba-valgubatoon-maitsvate-kihtidega-all-stars-protein-bar","status":"publish","type":"product","link":"https:\/\/mybody5.ee.mybody.ee\/proov\/product\/suhkruvaba-valgubatoon-maitsvate-kihtidega-all-stars-protein-bar\/","title":{"rendered":"Suhkruvaba valgubatoon maitsvate kihtidega &#8211; All Stars Protein Bar (18tk)"},"content":{"rendered":"<p class=\"MsoNormal\" style=\"margin-bottom: 6.75pt; line-height: normal;\"><b>All&nbsp;Stars Protein Bar on&nbsp;mitmekihiline proteiinibatoon piima\u0161okolaadist, karmellist ja kr\u00f5bedatest helvestest ning p\u00e4hklitest!<\/b><\/p>\n<p class=\"MsoNormal\" style=\"margin-bottom: 6.75pt; line-height: normal;\"><o:p><\/o:p><\/p>\n<p class=\"MsoNormal\" style=\"margin-bottom: 0.0001pt; line-height: normal;\">See valgubatoon on parim valik kui on soov millegi lihtsa, eheda ja naturaalse j\u00e4rele ning ei sisalda lisatud suhkrut.<o:p><\/o:p><\/p>\n<p class=\"MsoNormal\" style=\"margin-bottom: 6.75pt; line-height: normal;\">Suussulava piima\u0161okolaadi katte all on peidus kr\u00f5bedad helbed mille all omakorda karamellit\u00e4idis koos maap\u00e4hklitega. See on kindlasti p\u00f5nevaks avastuseks nendele, kes on harjunud tavalisi&nbsp;valgubatoone s\u00f6\u00f6ma.&nbsp;All Stars Protein Bar&nbsp;on valgubatoon, mis \u00fcllatab meeldivalt ning v\u00f5ib v\u00e4ga kergesti saada lemmikuks!<o:p><\/o:p><\/p>\n<p class=\"MsoNormal\" style=\"margin-bottom: 6.75pt; line-height: normal;\">All Stars Protein Bar on m\u00f5eldud neile, kes on d\u00fcnaamilised, aktiivsed ja m\u00e4ssumeelsed ning kellele meeldivad seiklused ja sport.<o:p><\/o:p><\/p>\n<p class=\"MsoNormal\" style=\"margin-bottom: 6.75pt; line-height: normal;\"><o:p><\/o:p><\/p>\n<ul type=\"disc\">\n<li class=\"MsoNormal\" style=\"line-height: normal;\">34-35% valku<o:p><\/o:p><\/li>\n<li class=\"MsoNormal\" style=\"line-height: normal;\">GMO vaba<o:p><\/o:p><\/li>\n<li class=\"MsoNormal\" style=\"line-height: normal;\">Pole lisatud suhkrut<o:p><\/o:p><\/li>\n<li class=\"MsoNormal\" style=\"line-height: normal;\">V\u00e4ga pehme sisuga<o:p><\/o:p><\/li>\n<li class=\"MsoNormal\" style=\"line-height: normal;\">Sobib toidukorra asendajaks<o:p><\/o:p><\/li>\n<li class=\"MsoNormal\" style=\"line-height: normal;\">Suussulavad maitsed<o:p><\/o:p><\/li>\n<li class=\"MsoNormal\" style=\"line-height: normal;\">Parem kui tavaline \u0161okolaad<\/li>\n<\/ul>\n<h3 style=\"font-family: &quot;Open Sans&quot;, sans-serif; line-height: normal; color: rgb(0, 0, 0); margin-bottom: 6.75pt;\">Kasutamine<\/h3>\n<p class=\"MsoNormal\" style=\"margin-bottom: 6.75pt; line-height: normal;\"><o:p><\/o:p><\/p>\n<p class=\"MsoNormal\" style=\"margin-bottom: 6.75pt; line-height: normal;\">Sobib k\u00f5igile kergeks vahepalaks toidukordade vahepeal v\u00f5i tervislikuks suupisteks.&nbsp;Vastavalt vajadusele 1-3&nbsp;batooni p\u00e4evas.<o:p><\/o:p><\/p>\n<h3 style=\"font-family: &quot;Open Sans&quot;, sans-serif; line-height: normal; color: rgb(0, 0, 0); margin-bottom: 6.75pt;\">Kellele sobib?<\/h3>\n<p class=\"MsoNormal\" style=\"margin-bottom: 6.75pt; line-height: normal;\"><o:p><\/o:p><\/p>\n<p class=\"MsoNormal\" style=\"margin-bottom: 6.75pt; line-height: normal;\">All Stars&nbsp;Protein Bar&nbsp;valgubatoon on m\u00f5eldud kasutamiseks k\u00f5igile, kes peavad lugu tervislikust toitumisest ning soovivad kiiret ja maitsvat vahepala.&nbsp;All Stars&nbsp;Protein Bar&nbsp;on parem kui \u0161okolaad.<o:p><\/o:p><\/p>\n<h3 style=\"font-family: &quot;Open Sans&quot;, sans-serif; line-height: normal; color: rgb(0, 0, 0); margin-bottom: 6.75pt;\">Maitsed:&nbsp;<span style=\"font-size: 14px;\">maap\u00e4hkel-karamell (peanut-caramel)<\/span><\/h3>\n<h3 style=\"font-family: &quot;Open Sans&quot;, sans-serif; line-height: normal; color: rgb(0, 0, 0); margin-bottom: 6.75pt;\"><span style=\"font-size: 14px;\"><br \/><\/span><img decoding=\"async\" src=\"https:\/\/mybody.ee\/image\/catalog\/All Stars\/IMG_7763.jpg\" style=\"width: 50%;\"><\/h3>\n<p class=\"MsoNormal\" style=\"margin-bottom: 6.75pt; line-height: normal;\"><o:p><\/o:p><\/p>\n<table class=\"MsoNormalTable\" border=\"1\" cellspacing=\"0\" cellpadding=\"0\" width=\"600\" style=\"width: 450pt;\">\n<tbody>\n<tr>\n<td style=\"padding: 0cm;\">\n<p class=\"MsoNormal\" style=\"margin-bottom: 0.0001pt; line-height: 19.2pt;\"><b>Protein Bar maap\u00e4hkel-karamelli maitselise&nbsp;toitev\u00e4\u00e4rtus<o:p><\/o:p><\/b><\/p>\n<\/td>\n<td style=\"padding: 0cm;\">\n<p class=\"MsoNormal\" style=\"margin-bottom: 0.0001pt; line-height: 19.2pt;\"><b>50 g<o:p><\/o:p><\/b><\/p>\n<\/td>\n<td style=\"padding: 0cm;\">\n<p class=\"MsoNormal\" style=\"margin-bottom: 0.0001pt; line-height: 19.2pt;\"><b>100 g<\/b><o:p><\/o:p><\/p>\n<\/td>\n<\/tr>\n<tr>\n<td style=\"padding: 0cm;\">\n<p class=\"MsoNormal\" style=\"margin-bottom: 0.0001pt; line-height: 19.2pt;\">Energiat<o:p><\/o:p><\/p>\n<\/td>\n<td style=\"padding: 0cm;\">\n<p class=\"MsoNormal\" style=\"margin-bottom: 0.0001pt; line-height: 19.2pt;\">200kcal\/835kJ<o:p><\/o:p><\/p>\n<\/td>\n<td style=\"padding: 0cm;\">\n<p class=\"MsoNormal\" style=\"margin-bottom: 0.0001pt; line-height: 19.2pt;\">401kcal\/1671kJ<o:p><\/o:p><\/p>\n<\/td>\n<\/tr>\n<tr>\n<td style=\"padding: 0cm;\">\n<p class=\"MsoNormal\" style=\"margin-bottom: 0.0001pt; line-height: 19.2pt;\">Valke<o:p><\/o:p><\/p>\n<\/td>\n<td style=\"padding: 0cm;\">\n<p class=\"MsoNormal\" style=\"margin-bottom: 0.0001pt; line-height: 19.2pt;\">16,9 g<o:p><\/o:p><\/p>\n<\/td>\n<td style=\"padding: 0cm;\">\n<p class=\"MsoNormal\" style=\"margin-bottom: 0.0001pt; line-height: 19.2pt;\">33,9 g<o:p><\/o:p><\/p>\n<\/td>\n<\/tr>\n<tr>\n<td style=\"padding: 0cm;\">\n<p class=\"MsoNormal\" style=\"margin-bottom: 0.0001pt; line-height: 19.2pt;\">S\u00fcsivesikuid<br \/>milles suhkrud<br \/>millest pol\u00fcoolid<o:p><\/o:p><\/p>\n<\/td>\n<td style=\"padding: 0cm;\">\n<p class=\"MsoNormal\" style=\"margin-bottom: 0.0001pt; line-height: 19.2pt;\">14,3 g<br \/>2,3 g<br \/>11,1 g<o:p><\/o:p><\/p>\n<\/td>\n<td style=\"padding: 0cm;\">\n<p class=\"MsoNormal\" style=\"margin-bottom: 0.0001pt; line-height: 19.2pt;\">28,6 g<br \/>4,6 g<br \/>22,1g<o:p><\/o:p><\/p>\n<\/td>\n<\/tr>\n<tr>\n<td style=\"padding: 0cm;\">\n<p class=\"MsoNormal\" style=\"margin-bottom: 0.0001pt; line-height: 19.2pt;\">Rasvu<br \/>millest k\u00fcllastunud rasvu<o:p><\/o:p><\/p>\n<\/td>\n<td style=\"padding: 0cm;\">\n<p class=\"MsoNormal\" style=\"margin-bottom: 0.0001pt; line-height: 19.2pt;\">9,3 g<br \/>4,3 g<o:p><\/o:p><\/p>\n<\/td>\n<td style=\"padding: 0cm;\">\n<p class=\"MsoNormal\" style=\"margin-bottom: 0.0001pt; line-height: 19.2pt;\">18,6 g<br \/>8,7 g<o:p><\/o:p><\/p>\n<\/td>\n<\/tr>\n<tr>\n<td style=\"padding: 0cm;\">\n<p class=\"MsoNormal\" style=\"margin-bottom: 0.0001pt; line-height: 19.2pt;\">Soola<o:p><\/o:p><\/p>\n<\/td>\n<td style=\"padding: 0cm;\">\n<p class=\"MsoNormal\" style=\"margin-bottom: 0.0001pt; line-height: 19.2pt;\">0,3 g<o:p><\/o:p><\/p>\n<\/td>\n<td style=\"padding: 0cm;\">\n<p class=\"MsoNormal\" style=\"margin-bottom: 0.0001pt; line-height: 19.2pt;\">0,6 g<o:p><\/o:p><\/p>\n<\/td>\n<\/tr>\n<tr>\n<td colspan=\"3\" style=\"padding: 0cm;\">\n<p class=\"MsoNormal\" style=\"margin-bottom: 6.75pt; line-height: 19.2pt;\"><span style=\"font-size: 10px;\">Koostis: piima\u0161okolaad magusainega 32% (magusained maltitool, kakaov\u00f5i, t\u00e4ispiimapulber, kakaomass, emulgaator sojaletsitiin, maitsed), piimavalk, h\u00fcdrol\u00fc\u00fcsitud kollageen, karamellimaitseline kiht (t\u00e4iteaine pol\u00fcdekstroos, soja\u00f5li, piimavalk, v\u00e4herasvane piimapulber, stabilisaator ks\u00fclitool, maitsed, emulgaator sojaletsitiin, sool), niiskuses\u00e4ilitaja gl\u00fctseriin, sojagraanulid, maap\u00e4hklid 6,7%, t\u00e4iteaine pol\u00fcdekstroos, maitsed, sool, maitsed (sisaldab maap\u00e4hkleid ja saasamiseemneid), happesuse regulaator sidrunhape, magusained&nbsp;<\/span><span style=\"background-image: initial; background-position: initial; background-size: initial; background-repeat: initial; background-attachment: initial; background-origin: initial; background-clip: initial; font-size: 10px;\">atsesulfaam K ja sukraloos. V\u00f5ib sisaldada muna, nisu, p\u00e4hklite, maap\u00e4hkli ja seesamiseemnete j\u00e4\u00e4ke. Toote liigne tarbimine v\u00f5ib p\u00f5hjustada k\u00f5hulahtisust.<\/span><o:p><\/o:p><\/p>\n<\/td>\n<\/tr>\n<\/tbody>\n<\/table>\n<p class=\"MsoNormal\" style=\"margin-bottom: 0.0001pt; line-height: normal;\">\n<p class=\"MsoNormal\" style=\"margin-bottom: 0.0001pt; line-height: normal;\">\n<p class=\"MsoNormal\" style=\"margin-bottom: 0.0001pt; line-height: normal;\">\n<p class=\"MsoNormal\" style=\"margin-bottom: 6.75pt; line-height: normal;\"><\/p>\n<p class=\"MsoNormal\" style=\"margin-bottom: 6.75pt; line-height: normal;\">Konsultatsioon<o:p><\/o:p><\/p>\n<ul type=\"disc\">\n<li class=\"MsoNormal\" style=\"line-height: normal;\">Oled oodatud tasuta konsultatsioonile MYBODY Audentese kauplusesse,<o:p><\/o:p><\/li>\n<li class=\"MsoNormal\" style=\"line-height: normal;\">Asukoht: Audentese Spordikeskus, Tondi 84.<o:p><\/o:p><\/li>\n<li class=\"MsoNormal\" style=\"line-height: normal;\">Telefon EST\/RUS\/ENG +372&nbsp;523 1960<o:p><\/o:p><\/li>\n<li class=\"MsoNormal\" style=\"line-height: normal;\">Telefon EST\/ENG +372 56&nbsp;458&nbsp;688<o:p><\/o:p><\/li>\n<li class=\"MsoNormal\" style=\"line-height: normal;\"><a href=\"mailto:info@mybody.ee\">info@mybody.ee<\/a><o:p><\/o:p><\/li>\n<li class=\"MsoNormal\" style=\"line-height: normal;\"><a href=\"http:\/\/www.facebook.com\/mybody.ee\">www.facebook.com\/mybody.ee<\/a><o:p><\/o:p><\/li>\n<\/ul>\n<p class=\"MsoNormal\"><o:p>&nbsp;<\/o:p><\/p>\n","protected":false},"excerpt":{"rendered":"<p>All&nbsp;Stars Protein Bar on&nbsp;mitmekihiline proteiinibatoon piima\u0161okolaadist, karmellist ja kr\u00f5bedatest helvestest ning p\u00e4hklitest! See valgubatoon on parim valik kui on soov millegi lihtsa, eheda ja naturaalse j\u00e4rele ning ei sisalda lisatud suhkrut. Suussulava piima\u0161okolaadi katte all on peidus kr\u00f5bedad helbed mille all omakorda karamellit\u00e4idis koos maap\u00e4hklitega. See on kindlasti p\u00f5nevaks avastuseks nendele, kes on harjunud tavalisi&nbsp;valgubatoone [&hellip;]<\/p>\n","protected":false},"featured_media":0,"comment_status":"open","ping_status":"closed","template":"","meta":{"inline_featured_image":false},"product_cat":[18,29],"product_tag":[433,430,432,431],"class_list":{"0":"post-850","1":"product","2":"type-product","3":"status-publish","5":"product_cat-batoonid-vahepalad-ee","6":"product_cat-sooduspakkumised","7":"product_tag-all-stars","8":"product_tag-maiuspala","9":"product_tag-suuvaba","10":"product_tag-vahepala","11":"pa_maitse-bc-maapahkel_karamellpeanut_c","13":"first","14":"instock","15":"shipping-taxable","16":"purchasable","17":"product-type-variable"},"yoast_head":"<!-- This site is optimized with the Yoast SEO plugin v27.3 - https:\/\/yoast.com\/product\/yoast-seo-wordpress\/ -->\n<title>Suhkruvaba valgubatoon maitsvate kihtidega - All Stars Protein Bar (18tk)<\/title>\n<meta name=\"robots\" content=\"index, follow, max-snippet:-1, max-image-preview:large, max-video-preview:-1\" \/>\n<link rel=\"canonical\" href=\"https:\/\/mybody5.ee.mybody.ee\/proov\/product\/suhkruvaba-valgubatoon-maitsvate-kihtidega-all-stars-protein-bar\/\" \/>\n<meta property=\"og:locale\" content=\"et_EE\" \/>\n<meta property=\"og:type\" content=\"article\" \/>\n<meta property=\"og:title\" content=\"Suhkruvaba valgubatoon maitsvate kihtidega - All Stars Protein Bar (18tk)\" \/>\n<meta property=\"og:description\" content=\"All&nbsp;Stars Protein Bar on&nbsp;mitmekihiline proteiinibatoon piima\u0161okolaadist, karmellist ja kr\u00f5bedatest helvestest ning p\u00e4hklitest! See valgubatoon on parim valik kui on soov millegi lihtsa, eheda ja naturaalse j\u00e4rele ning ei sisalda lisatud suhkrut. Suussulava piima\u0161okolaadi katte all on peidus kr\u00f5bedad helbed mille all omakorda karamellit\u00e4idis koos maap\u00e4hklitega. See on kindlasti p\u00f5nevaks avastuseks nendele, kes on harjunud tavalisi&nbsp;valgubatoone [&hellip;]\" \/>\n<meta property=\"og:url\" content=\"https:\/\/mybody5.ee.mybody.ee\/proov\/product\/suhkruvaba-valgubatoon-maitsvate-kihtidega-all-stars-protein-bar\/\" \/>\n<meta property=\"og:site_name\" content=\"supplero\" \/>\n<meta property=\"article:publisher\" content=\"https:\/\/facebook.com\/MyBody.ee\/\" \/>\n<meta property=\"og:image\" content=\"https:\/\/mybody5.ee.mybody.ee\/proov\/wp-content\/uploads\/2023\/11\/mybody_logo_h65.png\" \/>\n\t<meta property=\"og:image:width\" content=\"229\" \/>\n\t<meta property=\"og:image:height\" content=\"65\" \/>\n\t<meta property=\"og:image:type\" content=\"image\/png\" \/>\n<meta name=\"twitter:card\" content=\"summary_large_image\" \/>\n<meta name=\"twitter:label1\" content=\"Est. reading time\" \/>\n\t<meta name=\"twitter:data1\" content=\"2 minutit\" \/>\n<script type=\"application\/ld+json\" class=\"yoast-schema-graph\">{\"@context\":\"https:\\\/\\\/schema.org\",\"@graph\":[{\"@type\":\"WebPage\",\"@id\":\"https:\\\/\\\/mybody5.ee.mybody.ee\\\/proov\\\/product\\\/suhkruvaba-valgubatoon-maitsvate-kihtidega-all-stars-protein-bar\\\/\",\"url\":\"https:\\\/\\\/mybody5.ee.mybody.ee\\\/proov\\\/product\\\/suhkruvaba-valgubatoon-maitsvate-kihtidega-all-stars-protein-bar\\\/\",\"name\":\"Suhkruvaba valgubatoon maitsvate kihtidega - All Stars Protein Bar (18tk)\",\"isPartOf\":{\"@id\":\"https:\\\/\\\/mybody5.ee.mybody.ee\\\/proov\\\/#website\"},\"datePublished\":\"2020-02-18T11:38:52+00:00\",\"breadcrumb\":{\"@id\":\"https:\\\/\\\/mybody5.ee.mybody.ee\\\/proov\\\/product\\\/suhkruvaba-valgubatoon-maitsvate-kihtidega-all-stars-protein-bar\\\/#breadcrumb\"},\"inLanguage\":\"et\",\"potentialAction\":[{\"@type\":\"ReadAction\",\"target\":[\"https:\\\/\\\/mybody5.ee.mybody.ee\\\/proov\\\/product\\\/suhkruvaba-valgubatoon-maitsvate-kihtidega-all-stars-protein-bar\\\/\"]}]},{\"@type\":\"BreadcrumbList\",\"@id\":\"https:\\\/\\\/mybody5.ee.mybody.ee\\\/proov\\\/product\\\/suhkruvaba-valgubatoon-maitsvate-kihtidega-all-stars-protein-bar\\\/#breadcrumb\",\"itemListElement\":[{\"@type\":\"ListItem\",\"position\":1,\"name\":\"Home\",\"item\":\"https:\\\/\\\/mybody5.ee.mybody.ee\\\/proov\\\/\"},{\"@type\":\"ListItem\",\"position\":2,\"name\":\"Shop\",\"item\":\"https:\\\/\\\/mybody5.ee.mybody.ee\\\/proov\\\/shop\\\/\"},{\"@type\":\"ListItem\",\"position\":3,\"name\":\"Suhkruvaba valgubatoon maitsvate kihtidega &#8211; All Stars Protein Bar (18tk)\"}]},{\"@type\":\"WebSite\",\"@id\":\"https:\\\/\\\/mybody5.ee.mybody.ee\\\/proov\\\/#website\",\"url\":\"https:\\\/\\\/mybody5.ee.mybody.ee\\\/proov\\\/\",\"name\":\"MyBody.ee - Toidulisandid ja sporditarvikud\",\"description\":\"Just another WordPress site\",\"publisher\":{\"@id\":\"https:\\\/\\\/mybody5.ee.mybody.ee\\\/proov\\\/#organization\"},\"potentialAction\":[{\"@type\":\"SearchAction\",\"target\":{\"@type\":\"EntryPoint\",\"urlTemplate\":\"https:\\\/\\\/mybody5.ee.mybody.ee\\\/proov\\\/?s={search_term_string}\"},\"query-input\":{\"@type\":\"PropertyValueSpecification\",\"valueRequired\":true,\"valueName\":\"search_term_string\"}}],\"inLanguage\":\"et\"},{\"@type\":\"Organization\",\"@id\":\"https:\\\/\\\/mybody5.ee.mybody.ee\\\/proov\\\/#organization\",\"name\":\"MyBody.ee\",\"url\":\"https:\\\/\\\/mybody5.ee.mybody.ee\\\/proov\\\/\",\"logo\":{\"@type\":\"ImageObject\",\"inLanguage\":\"et\",\"@id\":\"https:\\\/\\\/mybody5.ee.mybody.ee\\\/proov\\\/#\\\/schema\\\/logo\\\/image\\\/\",\"url\":\"https:\\\/\\\/mybody5.ee.mybody.ee\\\/proov\\\/wp-content\\\/uploads\\\/2023\\\/11\\\/mybody_logo_h65-2.png\",\"contentUrl\":\"https:\\\/\\\/mybody5.ee.mybody.ee\\\/proov\\\/wp-content\\\/uploads\\\/2023\\\/11\\\/mybody_logo_h65-2.png\",\"width\":229,\"height\":65,\"caption\":\"MyBody.ee\"},\"image\":{\"@id\":\"https:\\\/\\\/mybody5.ee.mybody.ee\\\/proov\\\/#\\\/schema\\\/logo\\\/image\\\/\"},\"sameAs\":[\"https:\\\/\\\/facebook.com\\\/MyBody.ee\\\/\"]}]}<\/script>\n<!-- \/ Yoast SEO plugin. -->","yoast_head_json":{"title":"Suhkruvaba valgubatoon maitsvate kihtidega - All Stars Protein Bar (18tk)","robots":{"index":"index","follow":"follow","max-snippet":"max-snippet:-1","max-image-preview":"max-image-preview:large","max-video-preview":"max-video-preview:-1"},"canonical":"https:\/\/mybody5.ee.mybody.ee\/proov\/product\/suhkruvaba-valgubatoon-maitsvate-kihtidega-all-stars-protein-bar\/","og_locale":"et_EE","og_type":"article","og_title":"Suhkruvaba valgubatoon maitsvate kihtidega - All Stars Protein Bar (18tk)","og_description":"All&nbsp;Stars Protein Bar on&nbsp;mitmekihiline proteiinibatoon piima\u0161okolaadist, karmellist ja kr\u00f5bedatest helvestest ning p\u00e4hklitest! See valgubatoon on parim valik kui on soov millegi lihtsa, eheda ja naturaalse j\u00e4rele ning ei sisalda lisatud suhkrut. Suussulava piima\u0161okolaadi katte all on peidus kr\u00f5bedad helbed mille all omakorda karamellit\u00e4idis koos maap\u00e4hklitega. See on kindlasti p\u00f5nevaks avastuseks nendele, kes on harjunud tavalisi&nbsp;valgubatoone [&hellip;]","og_url":"https:\/\/mybody5.ee.mybody.ee\/proov\/product\/suhkruvaba-valgubatoon-maitsvate-kihtidega-all-stars-protein-bar\/","og_site_name":"supplero","article_publisher":"https:\/\/facebook.com\/MyBody.ee\/","og_image":[{"width":229,"height":65,"url":"https:\/\/mybody5.ee.mybody.ee\/proov\/wp-content\/uploads\/2023\/11\/mybody_logo_h65.png","type":"image\/png"}],"twitter_card":"summary_large_image","twitter_misc":{"Est. reading time":"2 minutit"},"schema":{"@context":"https:\/\/schema.org","@graph":[{"@type":"WebPage","@id":"https:\/\/mybody5.ee.mybody.ee\/proov\/product\/suhkruvaba-valgubatoon-maitsvate-kihtidega-all-stars-protein-bar\/","url":"https:\/\/mybody5.ee.mybody.ee\/proov\/product\/suhkruvaba-valgubatoon-maitsvate-kihtidega-all-stars-protein-bar\/","name":"Suhkruvaba valgubatoon maitsvate kihtidega - All Stars Protein Bar (18tk)","isPartOf":{"@id":"https:\/\/mybody5.ee.mybody.ee\/proov\/#website"},"datePublished":"2020-02-18T11:38:52+00:00","breadcrumb":{"@id":"https:\/\/mybody5.ee.mybody.ee\/proov\/product\/suhkruvaba-valgubatoon-maitsvate-kihtidega-all-stars-protein-bar\/#breadcrumb"},"inLanguage":"et","potentialAction":[{"@type":"ReadAction","target":["https:\/\/mybody5.ee.mybody.ee\/proov\/product\/suhkruvaba-valgubatoon-maitsvate-kihtidega-all-stars-protein-bar\/"]}]},{"@type":"BreadcrumbList","@id":"https:\/\/mybody5.ee.mybody.ee\/proov\/product\/suhkruvaba-valgubatoon-maitsvate-kihtidega-all-stars-protein-bar\/#breadcrumb","itemListElement":[{"@type":"ListItem","position":1,"name":"Home","item":"https:\/\/mybody5.ee.mybody.ee\/proov\/"},{"@type":"ListItem","position":2,"name":"Shop","item":"https:\/\/mybody5.ee.mybody.ee\/proov\/shop\/"},{"@type":"ListItem","position":3,"name":"Suhkruvaba valgubatoon maitsvate kihtidega &#8211; All Stars Protein Bar (18tk)"}]},{"@type":"WebSite","@id":"https:\/\/mybody5.ee.mybody.ee\/proov\/#website","url":"https:\/\/mybody5.ee.mybody.ee\/proov\/","name":"MyBody.ee - Toidulisandid ja sporditarvikud","description":"Just another WordPress site","publisher":{"@id":"https:\/\/mybody5.ee.mybody.ee\/proov\/#organization"},"potentialAction":[{"@type":"SearchAction","target":{"@type":"EntryPoint","urlTemplate":"https:\/\/mybody5.ee.mybody.ee\/proov\/?s={search_term_string}"},"query-input":{"@type":"PropertyValueSpecification","valueRequired":true,"valueName":"search_term_string"}}],"inLanguage":"et"},{"@type":"Organization","@id":"https:\/\/mybody5.ee.mybody.ee\/proov\/#organization","name":"MyBody.ee","url":"https:\/\/mybody5.ee.mybody.ee\/proov\/","logo":{"@type":"ImageObject","inLanguage":"et","@id":"https:\/\/mybody5.ee.mybody.ee\/proov\/#\/schema\/logo\/image\/","url":"https:\/\/mybody5.ee.mybody.ee\/proov\/wp-content\/uploads\/2023\/11\/mybody_logo_h65-2.png","contentUrl":"https:\/\/mybody5.ee.mybody.ee\/proov\/wp-content\/uploads\/2023\/11\/mybody_logo_h65-2.png","width":229,"height":65,"caption":"MyBody.ee"},"image":{"@id":"https:\/\/mybody5.ee.mybody.ee\/proov\/#\/schema\/logo\/image\/"},"sameAs":["https:\/\/facebook.com\/MyBody.ee\/"]}]}},"_links":{"self":[{"href":"https:\/\/mybody5.ee.mybody.ee\/proov\/wp-json\/wp\/v2\/product\/850","targetHints":{"allow":["GET"]}}],"collection":[{"href":"https:\/\/mybody5.ee.mybody.ee\/proov\/wp-json\/wp\/v2\/product"}],"about":[{"href":"https:\/\/mybody5.ee.mybody.ee\/proov\/wp-json\/wp\/v2\/types\/product"}],"replies":[{"embeddable":true,"href":"https:\/\/mybody5.ee.mybody.ee\/proov\/wp-json\/wp\/v2\/comments?post=850"}],"wp:attachment":[{"href":"https:\/\/mybody5.ee.mybody.ee\/proov\/wp-json\/wp\/v2\/media?parent=850"}],"wp:term":[{"taxonomy":"product_cat","embeddable":true,"href":"https:\/\/mybody5.ee.mybody.ee\/proov\/wp-json\/wp\/v2\/product_cat?post=850"},{"taxonomy":"product_tag","embeddable":true,"href":"https:\/\/mybody5.ee.mybody.ee\/proov\/wp-json\/wp\/v2\/product_tag?post=850"}],"curies":[{"name":"wp","href":"https:\/\/api.w.org\/{rel}","templated":true}]}}